{"id":9073,"date":"2018-01-18T07:42:36","date_gmt":"2018-01-18T07:42:36","guid":{"rendered":"https:\/\/www.feurich.com\/%ec%88%98%ec%83%81-%ea%b2%bd%eb%a0%a5\/"},"modified":"2018-02-04T13:57:38","modified_gmt":"2018-02-04T13:57:38","slug":"%ec%88%98%ec%83%81-%ea%b2%bd%eb%a0%a5","status":"publish","type":"page","link":"https:\/\/feurich.com\/ko\/%eb%b3%b4%ea%b3%a0%ec%84%9c\/%ec%88%98%ec%83%81-%ea%b2%bd%eb%a0%a5\/","title":{"rendered":"\uc218\uc0c1 \uacbd\ub825"},"content":{"rendered":"<div class=\"wpb-content-wrapper\"><p>[vc_row 0=&#8221;&#8221;][vc_column 0=&#8221;&#8221;][vc_empty_space 0=&#8221;&#8221; height=&#8221;52px&#8221;][\/vc_column][\/vc_row][vc_row 0=&#8221;&#8221;][vc_column width=&#8221;1\/3&#8243;][vc_empty_space 0=&#8221;&#8221; height=&#8221;10px&#8221;][vc_single_image image=&#8221;1385&#8243; img_size=&#8221;220&#215;220&#8243; alignment=&#8221;center&#8221;][\/vc_column][vc_column width=&#8221;2\/3&#8243;][vc_column_text el_class=&#8221;big-title&#8221;]<br \/>\n\ub2e4\uc774\uc544\ud398\uc774\uc190 \ub3c4\uc5b4(DIAPASON D\u2019OR)<br \/>\n[\/vc_column_text][vc_column_text 0=&#8221;&#8221;]Das renommierte franz\u00f6sische Fachmagazin <a href=\"https:\/\/www.diapasonmag.fr\">Diapason<\/a>\u00a0vergibt neben einem monatlichen Schallplattenpreis f\u00fcr klassische Musik auch j\u00e4hrlich eine Auszeichnung f\u00fcr Pianos und Klaviere. Der Diapason D\u2019OR gilt neben dem \u201ePreis der deutschen Schallplattenkritik\u201c und dem britischen \u201eGramophone Award\u201c als einer der bedeutendsten Schallplattenpreise f\u00fcr klassische Musik.<\/p>\n<p>Mehrere Pianisten testen die Klaviere in einem objektiven Blindtest zu identischen akustischen Bedingungen.<\/p>\n<h3>FEURICH Pianos und Fl\u00fcgel wurden bereits drei Mal<br \/>\nmit dem Diapason D\u2019OR ausgezeichnet:<\/h3>\n<p><strong><span style=\"font-size: 14pt\">2007 &amp; 2011: FEURICH Mod. 122 \u2013 Universal<\/span><br \/>\n<\/strong>Ein PDF mit dem Originalartikel von 2011 und einer \u00dcbersetzung gibt es <a href=\"\/wp-content\/uploads\/DIAPASON-2011-fu\u0308r-FEURICH-122-Deutsch.pdf\" target=\"_blank\" rel=\"noopener\">HIER<\/a>.<\/p>\n<p><span style=\"font-size: 14pt\"><strong>2008: Mod. 178\u00a0<\/strong><\/span> (Vorg\u00e4ngermodell des FEURICH Mod. 179 \u2013 Dynamic II)<br \/>\nDer DIAPASON d\u2019or wurde uns f\u00fcr den Fl\u00fcgel FEURICH Mod. 178 \u2013 Professional II verliehen. Das war f\u00fcr uns nicht nur eine Best\u00e4tigung unserer Arbeit, sondern zugleich Ansporn, dieses Piano noch weiter zu perfektionieren. F\u00fcr das Nachfolger-Modell FEURICH Mod. 179 \u2013 Dynamic II haben wir eine F\u00fclle weiterer Verbesserungen und Innovationen integriert.<br \/>\nEin PDF mit dem Originalartikel und einer \u00dcbersetzung gibt es <a href=\"\/wp-content\/uploads\/DIAPASON-2008-fu\u0308r-FEURICH-178-Deutsch.pdf\" target=\"_blank\" rel=\"noopener\">HIER<\/a>.[\/vc_column_text][\/vc_column][\/vc_row][vc_row 0=&#8221;&#8221;][vc_column 0=&#8221;&#8221; width=&#8221;1\/3&#8243;][vc_empty_space 0=&#8221;&#8221; height=&#8221;42px&#8221;][vc_single_image image=&#8221;1636&#8243; img_size=&#8221;medium&#8221; alignment=&#8221;center&#8221;][\/vc_column][vc_column width=&#8221;2\/3&#8243;][vc_empty_space 0=&#8221;&#8221;][vc_column_text el_class=&#8221;big-title&#8221;]<br \/>\n\ud53c\uc544\ub2c8\uc2a4\ud2b8 \ub9c8\uc5d0\uc2a4\ud2b8\ub85c(PIANISTE MAESTRO)<br \/>\n[\/vc_column_text][vc_column_text]\uad6d\uc81c\uc801\uc73c\ub85c \uc778\uc815\ubc1b\ub294 \ud504\ub791\uc2a4 \uc7a1\uc9c0 <a href=\"http:\/\/www.pianiste.fr\/\">Pianiste<\/a>\ub294 \uc815\uae30\uc801\uc73c\ub85c \uc0c8\ub85c\uc6b4 \ud53c\uc544\ub178\ub97c \ud14c\uc2a4\ud2b8 \ud569\ub2c8\ub2e4. \uc18c\uc704 \uc720\uba85 \uc81c\uc870\uc5c5\uccb4\ub4e4\uc758 \uc0c1\uc704 \uac00\uaca9\ub300 \uc545\uae30\uc870\ucc28\ub3c4 \uc57d\uc810\ub4e4\uc774 \ub178\ucd9c \ub429\ub2c8\ub2e4.<\/p>\n<p><strong>\uc6b0\ub9ac\uc758 \uc0c8\ub86d\uace0 \ud601\uc2e0\uc801\uc778 &#8220;Wien-Klavier&#8221; FEURICH Mod. 123 &#8211; Vienna\ub294 \ubaa8\ub4e0\uba74\uc5d0\uc11c \ud488\uc9c8\uc774 \uc99d\uba85 \ub418\uc5c8\uc73c\uba70 &#8220;PIANISTE MAESTRO&#8221;\ub77c\ub294 \uce6d\ud638\ub97c \ubc1b\uc558\uc2b5\ub2c8\ub2e4.<\/strong>[\/vc_column_text][\/vc_column][\/vc_row][vc_row 0=&#8221;&#8221;][vc_column 0=&#8221;&#8221;][vc_empty_space 0=&#8221;&#8221; height=&#8221;26px&#8221;][\/vc_column][\/vc_row]<\/p>\n<\/div>","protected":false},"excerpt":{"rendered":"<p>[vc_row 0=&#8221;&#8221;][vc_column 0=&#8221;&#8221;][vc_empty_space 0=&#8221;&#8221; height=&#8221;52px&#8221;][\/vc_column][\/vc_row][vc_row 0=&#8221;&#8221;][vc_column width=&#8221;1\/3&#8243;][vc_empty_space 0=&#8221;&#8221; height=&#8221;10px&#8221;][vc_single_image image=&#8221;1385&#8243; img_size=&#8221;220&#215;220&#8243; alignment=&#8221;center&#8221;][\/vc_column][vc_column width=&#8221;2\/3&#8243;][vc_column_text el_class=&#8221;big-title&#8221;] \ub2e4\uc774\uc544\ud398\uc774\uc190 \ub3c4\uc5b4(DIAPASON D\u2019OR) [\/vc_column_text][vc_column_text 0=&#8221;&#8221;]Das renommierte franz\u00f6sische Fachmagazin Diapason\u00a0vergibt neben einem monatlichen Schallplattenpreis f\u00fcr klassische Musik &#8230;<\/p>\n","protected":false},"author":4,"featured_media":0,"parent":9087,"menu_order":0,"comment_status":"closed","ping_status":"closed","template":"template-fullwidth.php","meta":{"inline_featured_image":false,"footnotes":""},"class_list":["post-9073","page","type-page","status-publish","hentry"],"acf":[],"yoast_head":"<!-- This site is optimized with the Yoast SEO plugin v24.4 - https:\/\/yoast.com\/wordpress\/plugins\/seo\/ -->\n<title>\uc218\uc0c1 \uacbd\ub825 - FEURICH<\/title>\n<meta name=\"robots\" content=\"index, follow, max-snippet:-1, max-image-preview:large, max-video-preview:-1\" \/>\n<link rel=\"canonical\" href=\"https:\/\/feurich.com\/ko\/\ubcf4\uace0\uc11c\/\uc218\uc0c1-\uacbd\ub825\/\" \/>\n<meta property=\"og:locale\" content=\"ko_KR\" \/>\n<meta property=\"og:type\" content=\"article\" \/>\n<meta property=\"og:title\" content=\"\uc218\uc0c1 \uacbd\ub825 - FEURICH\" \/>\n<meta property=\"og:description\" content=\"[vc_row 0=&#8221;&#8221;][vc_column 0=&#8221;&#8221;][vc_empty_space 0=&#8221;&#8221; height=&#8221;52px&#8221;][\/vc_column][\/vc_row][vc_row 0=&#8221;&#8221;][vc_column width=&#8221;1\/3&#8243;][vc_empty_space 0=&#8221;&#8221; height=&#8221;10px&#8221;][vc_single_image image=&#8221;1385&#8243; img_size=&#8221;220&#215;220&#8243; alignment=&#8221;center&#8221;][\/vc_column][vc_column width=&#8221;2\/3&#8243;][vc_column_text el_class=&#8221;big-title&#8221;] \ub2e4\uc774\uc544\ud398\uc774\uc190 \ub3c4\uc5b4(DIAPASON D\u2019OR) [\/vc_column_text][vc_column_text 0=&#8221;&#8221;]Das renommierte franz\u00f6sische Fachmagazin Diapason\u00a0vergibt neben einem monatlichen Schallplattenpreis f\u00fcr klassische Musik ...\" \/>\n<meta property=\"og:url\" content=\"https:\/\/feurich.com\/ko\/\ubcf4\uace0\uc11c\/\uc218\uc0c1-\uacbd\ub825\/\" \/>\n<meta property=\"og:site_name\" content=\"FEURICH\" \/>\n<meta property=\"article:publisher\" content=\"https:\/\/www.facebook.com\/feurichvienna\/\" \/>\n<meta property=\"article:modified_time\" content=\"2018-02-04T13:57:38+00:00\" \/>\n<meta name=\"twitter:card\" content=\"summary_large_image\" \/>\n<meta name=\"twitter:label1\" content=\"\uc608\uc0c1 \ub418\ub294 \ud310\ub3c5 \uc2dc\uac04\" \/>\n\t<meta name=\"twitter:data1\" content=\"1\ubd84\" \/>\n<script type=\"application\/ld+json\" class=\"yoast-schema-graph\">{\"@context\":\"https:\/\/schema.org\",\"@graph\":[{\"@type\":\"WebPage\",\"@id\":\"https:\/\/feurich.com\/ko\/%eb%b3%b4%ea%b3%a0%ec%84%9c\/%ec%88%98%ec%83%81-%ea%b2%bd%eb%a0%a5\/\",\"url\":\"https:\/\/feurich.com\/ko\/%eb%b3%b4%ea%b3%a0%ec%84%9c\/%ec%88%98%ec%83%81-%ea%b2%bd%eb%a0%a5\/\",\"name\":\"\uc218\uc0c1 \uacbd\ub825 - FEURICH\",\"isPartOf\":{\"@id\":\"https:\/\/feurich.com\/en\/#website\"},\"datePublished\":\"2018-01-18T07:42:36+00:00\",\"dateModified\":\"2018-02-04T13:57:38+00:00\",\"breadcrumb\":{\"@id\":\"https:\/\/feurich.com\/ko\/%eb%b3%b4%ea%b3%a0%ec%84%9c\/%ec%88%98%ec%83%81-%ea%b2%bd%eb%a0%a5\/#breadcrumb\"},\"inLanguage\":\"ko-KR\",\"potentialAction\":[{\"@type\":\"ReadAction\",\"target\":[\"https:\/\/feurich.com\/ko\/%eb%b3%b4%ea%b3%a0%ec%84%9c\/%ec%88%98%ec%83%81-%ea%b2%bd%eb%a0%a5\/\"]}]},{\"@type\":\"BreadcrumbList\",\"@id\":\"https:\/\/feurich.com\/ko\/%eb%b3%b4%ea%b3%a0%ec%84%9c\/%ec%88%98%ec%83%81-%ea%b2%bd%eb%a0%a5\/#breadcrumb\",\"itemListElement\":[{\"@type\":\"ListItem\",\"position\":1,\"name\":\"Home\",\"item\":\"https:\/\/feurich.com\/ko\/\"},{\"@type\":\"ListItem\",\"position\":2,\"name\":\"\ubcf4\uace0\uc11c\",\"item\":\"https:\/\/feurich.com\/ko\/%eb%b3%b4%ea%b3%a0%ec%84%9c\/\"},{\"@type\":\"ListItem\",\"position\":3,\"name\":\"\uc218\uc0c1 \uacbd\ub825\"}]},{\"@type\":\"WebSite\",\"@id\":\"https:\/\/feurich.com\/en\/#website\",\"url\":\"https:\/\/feurich.com\/en\/\",\"name\":\"FEURICH\",\"description\":\"A sound that connects\",\"publisher\":{\"@id\":\"https:\/\/feurich.com\/en\/#organization\"},\"potentialAction\":[{\"@type\":\"SearchAction\",\"target\":{\"@type\":\"EntryPoint\",\"urlTemplate\":\"https:\/\/feurich.com\/en\/?s={search_term_string}\"},\"query-input\":{\"@type\":\"PropertyValueSpecification\",\"valueRequired\":true,\"valueName\":\"search_term_string\"}}],\"inLanguage\":\"ko-KR\"},{\"@type\":\"Organization\",\"@id\":\"https:\/\/feurich.com\/en\/#organization\",\"name\":\"FEURICH\",\"url\":\"https:\/\/feurich.com\/en\/\",\"logo\":{\"@type\":\"ImageObject\",\"inLanguage\":\"ko-KR\",\"@id\":\"https:\/\/feurich.com\/en\/#\/schema\/logo\/image\/\",\"url\":\"https:\/\/feurich.com\/wp-content\/uploads\/logo.png\",\"contentUrl\":\"https:\/\/feurich.com\/wp-content\/uploads\/logo.png\",\"width\":354,\"height\":151,\"caption\":\"FEURICH\"},\"image\":{\"@id\":\"https:\/\/feurich.com\/en\/#\/schema\/logo\/image\/\"},\"sameAs\":[\"https:\/\/www.facebook.com\/feurichvienna\/\"]}]}<\/script>\n<!-- \/ Yoast SEO plugin. -->","yoast_head_json":{"title":"\uc218\uc0c1 \uacbd\ub825 - FEURICH","robots":{"index":"index","follow":"follow","max-snippet":"max-snippet:-1","max-image-preview":"max-image-preview:large","max-video-preview":"max-video-preview:-1"},"canonical":"https:\/\/feurich.com\/ko\/\ubcf4\uace0\uc11c\/\uc218\uc0c1-\uacbd\ub825\/","og_locale":"ko_KR","og_type":"article","og_title":"\uc218\uc0c1 \uacbd\ub825 - FEURICH","og_description":"[vc_row 0=&#8221;&#8221;][vc_column 0=&#8221;&#8221;][vc_empty_space 0=&#8221;&#8221; height=&#8221;52px&#8221;][\/vc_column][\/vc_row][vc_row 0=&#8221;&#8221;][vc_column width=&#8221;1\/3&#8243;][vc_empty_space 0=&#8221;&#8221; height=&#8221;10px&#8221;][vc_single_image image=&#8221;1385&#8243; img_size=&#8221;220&#215;220&#8243; alignment=&#8221;center&#8221;][\/vc_column][vc_column width=&#8221;2\/3&#8243;][vc_column_text el_class=&#8221;big-title&#8221;] \ub2e4\uc774\uc544\ud398\uc774\uc190 \ub3c4\uc5b4(DIAPASON D\u2019OR) [\/vc_column_text][vc_column_text 0=&#8221;&#8221;]Das renommierte franz\u00f6sische Fachmagazin Diapason\u00a0vergibt neben einem monatlichen Schallplattenpreis f\u00fcr klassische Musik ...","og_url":"https:\/\/feurich.com\/ko\/\ubcf4\uace0\uc11c\/\uc218\uc0c1-\uacbd\ub825\/","og_site_name":"FEURICH","article_publisher":"https:\/\/www.facebook.com\/feurichvienna\/","article_modified_time":"2018-02-04T13:57:38+00:00","twitter_card":"summary_large_image","twitter_misc":{"\uc608\uc0c1 \ub418\ub294 \ud310\ub3c5 \uc2dc\uac04":"1\ubd84"},"schema":{"@context":"https:\/\/schema.org","@graph":[{"@type":"WebPage","@id":"https:\/\/feurich.com\/ko\/%eb%b3%b4%ea%b3%a0%ec%84%9c\/%ec%88%98%ec%83%81-%ea%b2%bd%eb%a0%a5\/","url":"https:\/\/feurich.com\/ko\/%eb%b3%b4%ea%b3%a0%ec%84%9c\/%ec%88%98%ec%83%81-%ea%b2%bd%eb%a0%a5\/","name":"\uc218\uc0c1 \uacbd\ub825 - FEURICH","isPartOf":{"@id":"https:\/\/feurich.com\/en\/#website"},"datePublished":"2018-01-18T07:42:36+00:00","dateModified":"2018-02-04T13:57:38+00:00","breadcrumb":{"@id":"https:\/\/feurich.com\/ko\/%eb%b3%b4%ea%b3%a0%ec%84%9c\/%ec%88%98%ec%83%81-%ea%b2%bd%eb%a0%a5\/#breadcrumb"},"inLanguage":"ko-KR","potentialAction":[{"@type":"ReadAction","target":["https:\/\/feurich.com\/ko\/%eb%b3%b4%ea%b3%a0%ec%84%9c\/%ec%88%98%ec%83%81-%ea%b2%bd%eb%a0%a5\/"]}]},{"@type":"BreadcrumbList","@id":"https:\/\/feurich.com\/ko\/%eb%b3%b4%ea%b3%a0%ec%84%9c\/%ec%88%98%ec%83%81-%ea%b2%bd%eb%a0%a5\/#breadcrumb","itemListElement":[{"@type":"ListItem","position":1,"name":"Home","item":"https:\/\/feurich.com\/ko\/"},{"@type":"ListItem","position":2,"name":"\ubcf4\uace0\uc11c","item":"https:\/\/feurich.com\/ko\/%eb%b3%b4%ea%b3%a0%ec%84%9c\/"},{"@type":"ListItem","position":3,"name":"\uc218\uc0c1 \uacbd\ub825"}]},{"@type":"WebSite","@id":"https:\/\/feurich.com\/en\/#website","url":"https:\/\/feurich.com\/en\/","name":"FEURICH","description":"A sound that connects","publisher":{"@id":"https:\/\/feurich.com\/en\/#organization"},"potentialAction":[{"@type":"SearchAction","target":{"@type":"EntryPoint","urlTemplate":"https:\/\/feurich.com\/en\/?s={search_term_string}"},"query-input":{"@type":"PropertyValueSpecification","valueRequired":true,"valueName":"search_term_string"}}],"inLanguage":"ko-KR"},{"@type":"Organization","@id":"https:\/\/feurich.com\/en\/#organization","name":"FEURICH","url":"https:\/\/feurich.com\/en\/","logo":{"@type":"ImageObject","inLanguage":"ko-KR","@id":"https:\/\/feurich.com\/en\/#\/schema\/logo\/image\/","url":"https:\/\/feurich.com\/wp-content\/uploads\/logo.png","contentUrl":"https:\/\/feurich.com\/wp-content\/uploads\/logo.png","width":354,"height":151,"caption":"FEURICH"},"image":{"@id":"https:\/\/feurich.com\/en\/#\/schema\/logo\/image\/"},"sameAs":["https:\/\/www.facebook.com\/feurichvienna\/"]}]}},"_links":{"self":[{"href":"https:\/\/feurich.com\/ko\/wp-json\/wp\/v2\/pages\/9073","targetHints":{"allow":["GET"]}}],"collection":[{"href":"https:\/\/feurich.com\/ko\/wp-json\/wp\/v2\/pages"}],"about":[{"href":"https:\/\/feurich.com\/ko\/wp-json\/wp\/v2\/types\/page"}],"author":[{"embeddable":true,"href":"https:\/\/feurich.com\/ko\/wp-json\/wp\/v2\/users\/4"}],"replies":[{"embeddable":true,"href":"https:\/\/feurich.com\/ko\/wp-json\/wp\/v2\/comments?post=9073"}],"version-history":[{"count":18,"href":"https:\/\/feurich.com\/ko\/wp-json\/wp\/v2\/pages\/9073\/revisions"}],"predecessor-version":[{"id":10752,"href":"https:\/\/feurich.com\/ko\/wp-json\/wp\/v2\/pages\/9073\/revisions\/10752"}],"up":[{"embeddable":true,"href":"https:\/\/feurich.com\/ko\/wp-json\/wp\/v2\/pages\/9087"}],"wp:attachment":[{"href":"https:\/\/feurich.com\/ko\/wp-json\/wp\/v2\/media?parent=9073"}],"curies":[{"name":"wp","href":"https:\/\/api.w.org\/{rel}","templated":true}]}}