{"id":8671,"date":"2018-01-15T13:39:06","date_gmt":"2018-01-15T13:39:06","guid":{"rendered":"https:\/\/www.feurich.com\/mod-133-concert-details\/"},"modified":"2019-02-06T12:45:15","modified_gmt":"2019-02-06T12:45:15","slug":"mod-133-concert-details","status":"publish","type":"page","link":"https:\/\/feurich.com\/ko\/%ec%a0%9c%ed%92%88\/%ed%81%b4%eb%9e%98%ec%8b%9d-%ed%94%bc%ec%95%84%eb%85%b8\/piano-mod-133-concert\/mod-133-concert-details\/","title":{"rendered":"Mod. 133 &#8211; Concert: \uc138\ubd80 \uc815\ubcf4"},"content":{"rendered":"<div class=\"wpb-content-wrapper\"><p>[vc_row][vc_column][vc_column_text]<ul class=\"piano-menu\" page-id=\"9250\"><li class=\"piano-menu-item\"><a class=\"piano-menu-link \" href=\"https:\/\/feurich.com\/ko\/%ec%a0%9c%ed%92%88\/%ed%81%b4%eb%9e%98%ec%8b%9d-%ed%94%bc%ec%95%84%eb%85%b8\/piano-mod-115-premiere\/\">115 \u2013 Premiere<\/a><\/li><li class=\"piano-menu-item\"><a class=\"piano-menu-link \" href=\"https:\/\/feurich.com\/ko\/%ec%a0%9c%ed%92%88\/%ed%81%b4%eb%9e%98%ec%8b%9d-%ed%94%bc%ec%95%84%eb%85%b8\/piano-mod-122-universal\/\">122 \u2013 Universal<\/a><\/li><li class=\"piano-menu-item\"><a class=\"piano-menu-link \" href=\"https:\/\/feurich.com\/ko\/%ec%a0%9c%ed%92%88\/%ed%81%b4%eb%9e%98%ec%8b%9d-%ed%94%bc%ec%95%84%eb%85%b8\/piano-mod-125-design\/\">125 \u2013 Design<\/a><\/li><li class=\"piano-menu-item\"><a class=\"piano-menu-link piano-menu-link-active\" href=\"https:\/\/feurich.com\/ko\/%ec%a0%9c%ed%92%88\/%ed%81%b4%eb%9e%98%ec%8b%9d-%ed%94%bc%ec%95%84%eb%85%b8\/piano-mod-133-concert\/\">133 \u2013 Concert<\/a><\/li><li class=\"piano-menu-item\"><a class=\"piano-menu-link \" href=\"https:\/\/feurich.com\/ko\/%ec%a0%9c%ed%92%88\/%ed%81%b4%eb%9e%98%ec%8b%9d-%ed%94%bc%ec%95%84%eb%85%b8\/%ea%b7%b8%eb%9e%9c%eb%93%9c-%ed%94%bc%ec%95%84%eb%85%b8-mod-162-dynamic-i\/\">162 \u2013 Dynamic I<\/a><\/li><li class=\"piano-menu-item\"><a class=\"piano-menu-link \" href=\"https:\/\/feurich.com\/ko\/%ec%a0%9c%ed%92%88\/%ed%81%b4%eb%9e%98%ec%8b%9d-%ed%94%bc%ec%95%84%eb%85%b8\/%ea%b7%b8%eb%9e%9c%eb%93%9c-%ed%94%bc%ec%95%84%eb%85%b8-mod-179-dynamic-ii\/\">179 \u2013 Dynamic II<\/a><\/li><li class=\"piano-menu-item\"><a class=\"piano-menu-link \" href=\"https:\/\/feurich.com\/ko\/%ec%a0%9c%ed%92%88\/%ed%81%b4%eb%9e%98%ec%8b%9d-%ed%94%bc%ec%95%84%eb%85%b8\/%ea%b7%b8%eb%9e%9c%eb%93%9c-%ed%94%bc%ec%95%84%eb%85%b8-mod-218-concert-i\/\">218 \u2013 Concert I<\/a><\/li><\/ul>[\/vc_column_text][vc_column_text el_class=&#8221;big-title&#8221;]<\/p>\n<p style=\"text-align: center;\">FEURICH Mod. 133 \u2013 Concert<\/p>\n<p>[\/vc_column_text][\/vc_column][\/vc_row][vc_row][vc_column width=&#8221;1\/2&#8243;][vc_column_text]<div class=\"wonderplugingallery-container\" id=\"wonderplugingallery-container-4\" style=\"max-width:550px;margin:0 auto;\"><div class=\"wonderplugingallery\" id=\"wonderplugingallery-4\" data-galleryid=\"4\" data-width=\"550\" data-height=\"400\" data-skin=\"gallerywithtext\" data-random=\"false\" data-autoslide=\"false\" data-autoplayvideo=\"false\" data-schemamarkup=\"false\" data-stopallplaying=\"false\" data-hidetitlewhenvideoisplaying=\"false\" data-disablehovereventontouch=\"false\" data-autoslideandplayafterfirstplayed=\"false\" data-html5player=\"true\" data-responsive=\"true\" data-fullwidth=\"false\" data-showtitle=\"true\" data-showdescription=\"true\" data-showplaybutton=\"false\" data-showfullscreenbutton=\"true\" data-showtimer=\"false\" data-showcarousel=\"true\" data-galleryshadow=\"false\" data-slideshadow=\"false\" data-thumbshowtitle=\"false\" data-thumbshadow=\"false\" data-lightboxshowtitle=\"true\" data-lightboxshowdescription=\"true\" data-specifyid=\"true\" data-donotinit=\"false\" data-addinitscript=\"true\" data-triggerresize=\"false\" data-thumbcolumnsresponsive=\"false\" data-showimgtitle=\"false\" data-titlesmallscreen=\"false\" data-initsocial=\"true\" data-showsocial=\"false\" data-showemail=\"false\" data-showfacebook=\"true\" data-showtwitter=\"true\" data-showpinterest=\"true\" data-socialrotateeffect=\"true\" data-doshortcodeontext=\"false\" data-duration=\"1500\" data-slideduration=\"1000\" data-slideshowinterval=\"6000\" data-googleanalyticsaccount=\"\" data-resizemode=\"fill\" data-imagetoolboxmode=\"hide\" data-effect=\"fadeinout\" data-padding=\"12\" data-bgcolor=\"\" data-bgimage=\"\" data-thumbwidth=\"54\" data-thumbheight=\"42\" data-thumbgap=\"8\" data-thumbrowgap=\"16\" data-lightboxtextheight=\"72\" data-lightboxtitlecss=\"{color:#333333; font:bold 12px Arial,Helvetica,sans-serif; overflow:hidden; white-space:normal; line-height:18px;}\" data-lightboxdescriptioncss=\"{color:#333333; font:normal 12px Arial,Helvetica,sans-serif; overflow:hidden; white-space:normal; line-height:14px;}\" data-titlecss=\"{color:#333;font-size:14px;font-family:Armata,sans-serif,Arial;overflow:hidden;text-align:center;padding:16px 8px 4px 8px;display:none}\" data-descriptioncss=\"{color:#333;font-size:14px;font-family:Arial,Helvetica,sans-serif;overflow:hidden;text-align:center;padding:4px 8px; padding-top: 15px;}\" data-titleheight=\"35\" data-titlesmallscreenwidth=\"640\" data-titleheightsmallscreen=\"148\" data-socialmode=\"mouseover\" data-socialposition=\"position:absolute;top:8px;right:8px;\" data-socialpositionlightbox=\"position:absolute;top:8px;right:8px;\" data-socialdirection=\"horizontal\" data-socialbuttonsize=\"32\" data-socialbuttonfontsize=\"18\" data-triggerresizedelay=\"100\" data-thumbmediumsize=\"800\" data-thumbsmallsize=\"480\" data-thumbmediumwidth=\"64\" data-thumbmediumheight=\"64\" data-thumbsmallwidth=\"48\" data-thumbsmallheight=\"48\" data-imgtitle=\"title\" data-jsfolder=\"https:\/\/feurich.com\/wp-content\/plugins\/wonderplugin-gallery\/engine\/\" style=\"display:none;\" ><a href=\"https:\/\/www.feurich.com\/wp-content\/uploads\/Mod._133_-_Concert_10CHblack_chrome_LED-1.png\" data-mediatype=1><img decoding=\"async\" class=\"html5galleryimg\" src=\"https:\/\/www.feurich.com\/wp-content\/uploads\/Mod._133_-_Concert_10CHblack_chrome_LED-1-1024x768.png\" alt=\"Mod._133_-_Concert_#10CHblack_chrome_LED\" data-description=\"\uac80\uc740 \uad11\ud0dd -  \ud06c\ub86c\"><\/a><a href=\"https:\/\/www.feurich.com\/wp-content\/uploads\/Mod._133_-_Concert_10black_brass.png\" data-mediatype=1><img decoding=\"async\" class=\"html5galleryimg\" src=\"https:\/\/www.feurich.com\/wp-content\/uploads\/Mod._133_-_Concert_10black_brass-1024x768.png\" alt=\"Mod._133_-_Concert_#10black_brass\" data-description=\"\uac80\uc740 \uad11\ud0dd - \ud669\ub3d9\"><\/a><div class=\"wonderplugin-engine\"><a href=\"http:\/\/www.wonderplugin.com\/wordpress-gallery\/\" title=\"WordPress YouTube Gallery Plugin\">WordPress YouTube Gallery Plugin<\/a><\/div><\/div><\/div><script>jQuery(document).ready(function(){jQuery(\".wonderplugin-engine\").css({display:\"none\"});jQuery(\".wonderplugingallery\").wonderplugingallery({forceinit:true});});<\/script>[\/vc_column_text][\/vc_column][vc_column width=&#8221;1\/2&#8243;][vc_column_text]<\/p>\n<div id=\"gt-langs\">\n<div id=\"gt-lang-right\" class=\"goog-inline-block\">\n<div id=\"gt-lang-submit\"><span title=\"Unser Topmodell ist ein Konzert-Piano mit besonders reichem Basston und pr\u00e4zise ansprechendem Spielwerk, das mit seiner Klangf\u00fclle die meisten Stutzfl\u00fcgel \u00fcbertrifft.\">\uc6b0\ub9ac\uc758 \ucd5c\uace0 \ubaa8\ub378\uc740 \ud2b9\ubcc4\ud788 \ud48d\ubd80\ud55c \uc800\uc74c\uacfc \ubca0\uc774\ube44 \uadf8\ub79c\ub4dc \ud53c\uc544\ub178\ub97c \ub2a5\uac00\ud558\ub294 \uc74c\ud5a5\uc744 \uc81c\uacf5\ud558\ub294 \ucf58\uc11c\ud2b8 \ud53c\uc544\ub178\uc785\ub2c8\ub2e4.\u00a0<\/span><span title=\"Dadurch eignet es sich besonders f\u00fcr Schulen und Konservatorien sowie f\u00fcr Konzert-Locations und Tonstudios, wo kein Fl\u00fcgel platziert werden kann. \">\ub530\ub77c\uc11c \uadf8\ub79c\ub4dc \ud53c\uc544\ub178\ub97c \ub193\uc744 \uc218\uc5c6\ub294 \ucf58\uc11c\ud2b8 \uc7a5\uc774\ub098 \ub179\uc74c \uc2a4\ud29c\ub514\uc624\ub294 \ubb3c\ub860 \ud559\uad50 \ubc0f \uc74c\uc545\uc6d0\uc5d0 \ud2b9\ud788 \uc801\ud569\ud569\ub2c8\ub2e4.<\/span><\/div>\n<\/div>\n<\/div>\n<div id=\"gt-text-top\">\n<div id=\"gt-res-c\" class=\"g-unit\">\n<div id=\"gt-res-p\">\n<div id=\"gt-res-data\">\n<div id=\"gt-res-wrap\">\n<div id=\"gt-res-content\">\n<div id=\"gt-res-dir-ctr\" class=\"trans-verified-button-small\" dir=\"ltr\"><span id=\"result_box\" class=\"\" lang=\"ko\"><span title=\"Dadurch eignet es sich besonders f\u00fcr Schulen und Konservatorien sowie f\u00fcr Konzert-Locations und Tonstudios, wo kein Fl\u00fcgel platziert werden kann. \"><br \/>\n<\/span><span title=\"Ein optimales Klaviatur- und Spielwerk-Design und viele versteckte technische Features zeichnen dieses Modell aus.\"><strong>\ucd5c\uc801\uc758 \uac74\ubc18<\/strong> \ubc0f <strong>\uc561\uc158 \ub514\uc790\uc778<\/strong> \uadf8\ub9ac\uace0 <strong>\uacf3\uacf3\uc5d0 \uc228\uaca8\uc838 \uc788\ub294 \uae30\uc220 \uae30\ub2a5<\/strong>\uc774 \uc774 \ubaa8\ub378\uc758 \ud2b9\uc9d5\uc785\ub2c8\ub2e4.\u00a0<\/span><span title=\"Eine gro\u00dfe Resonanzbodenfl\u00e4che integriert in ein pr\u00e4zise verleimtes Rastensystem sorgt f\u00fcr den vollen Bass eines Salonfl\u00fcgels und einen lang anhaltenden Klang im Diskant.\">\uc815\ubc00\ud558\uac8c \uc811\ucc29\ub41c \ub798\uce58 \uc2dc\uc2a4\ud15c\uc5d0 \ud1b5\ud569 \ub41c \ub300\ud615 \uc0ac\uc6b4\ub4dc\ubcf4\ub4dc \ud45c\uba74\uc740 \uc0b4\ub871 \uadf8\ub79c\ub4dc \ud53c\uc544\ub178\uc758 \ud48d\ubd80\ud55c \uc800\uc74c\uacfc \uc624\ub798 \uc9c0\uc18d\ub418\ub294 \uace0\uc74c\uc744<\/span><\/span><span title=\"Eine gro\u00dfe Resonanzbodenfl\u00e4che integriert in ein pr\u00e4zise verleimtes Rastensystem sorgt f\u00fcr den vollen Bass eines Salonfl\u00fcgels und einen lang anhaltenden Klang im Diskant.\">\u00a0\uc81c\uacf5\ud569\ub2c8\ub2e4.\u00a0<\/span><span title=\"Der rostfreie Paulello-Saitendraht bringt eine weitere innovative Klangverbesserung. \">\ub85c\uc2a4\ud2b8 \ud504\ub9ac\uc758 \ud30c\uc6b8\ub810\ub85c (Paulello) \uc2a4\ud2b8\ub9c1 \uc640\uc774\uc5b4\ub294 \ub610 \ud558\ub098\uc758 \ud601\uc2e0\uc801\uc778 \uc0ac\uc6b4\ub4dc \ud5a5\uc0c1\uc744 \uac00\uc838\uc635\ub2c8\ub2e4.<\/span><\/div>\n<div id=\"gt-res-dir-ctr\" class=\"trans-verified-button-small\" dir=\"ltr\"><span class=\"\" lang=\"ko\"><span title=\"Der rostfreie Paulello-Saitendraht bringt eine weitere innovative Klangverbesserung. \"><br \/>\n<\/span><span title=\"\u2022 Extra gro\u00dfe Konstruktion f\u00fcr au\u00dfergew\u00f6hnlich gro\u00dfen Klang \">\u2022 \ub9e4\uc6b0 \ud070 \uc0ac\uc6b4\ub4dc\ub97c\uc704\ud55c \ucd08\ub300\ud615 \uad6c\uc870<br \/>\n<\/span><span title=\"\u2022 Duplex-Skalierung f\u00fcr eine einmalige Brillanz im Diskant \"><span title=\"\u2022 Extra gro\u00dfe Konstruktion f\u00fcr au\u00dfergew\u00f6hnlich gro\u00dfen Klang \">\u2022\u00a0<\/span>\uace0\uc74c\ubd80\uc758 \ud0c1\uc6d4\ud55c \ubc1d\uae30\ub97c\uc704\ud55c \uc774\uc911 \uc2a4\ucf00\uc77c\ub9c1<br \/>\n<\/span><span title=\"\u2022 CNC-gefr\u00e4ste Silienagraffen f\u00fcr besondere Reinheit im Basssegment \">\u2022 \ubca0\uc774\uc2a4 \uc138\uadf8\uba3c\ud2b8\uc758 \uccad\uacb0 \ud568\uc744 \uc704\ud574 CNC \uac00\uacf5 \ub41c \uc2e4\ub9ac\uc548 \uc544\uadf8\ub77c\ud504<br \/>\n<\/span><span title=\"\u2022 rostfreier Paulello-Saitendraht \">\u2022 \ub85c\uc2a4\ud2b8 \ud504\ub9ac\uc758 <a href=\"https:\/\/www.feurich.com\/ko\/%ed%9a%8c%ec%82%ac-%ec%86%8c%ea%b0%9c\/%ec%a0%84%eb%ac%b8%ea%b0%80-%ed%8c%80\/%ec%8a%a4%ed%85%8c%ed%8c%90-%ed%8c%8c%ec%9a%b8%eb%a0%90%eb%a1%9cstephen-paulello\/\">Paulello<\/a>\u00a0&#8211; \uc2a4\ud2b8\ub9c1 \uc640\uc774\uc5b4<br \/>\n<\/span><span title=\"\u2022 pr\u00e4zises FEURICH-Spielwerk ohne Kunststoffkomponenten \">\u2022 \ud50c\ub77c\uc2a4\ud2f1 \ubd80\ud488\uc744 \uc0ac\uc6a9\ud558\uc9c0 \uc54a\ub294 \uc815\ud655\ud55c \ud3ec\uc774\ub9ac\ud788(FEURICH) &#8211; \uc561\uc120<br \/>\n<\/span><span title=\"\u2022 Wurzen AA Qualit\u00e4t Hammerkopffilze \">\u2022 <a href=\"http:\/\/filzfabrik-wurzen.de\/produkte\/filze-fuer-musikinstrumente\/\">Wurzen AA \ud488\uc9c8\uc758 \ud574\uba38 \ud5e4\ub4dc \ud3a0\ud2b8<\/a><br \/>\n<\/span><span title=\"\u2022 schwarzer Tastenbelag aus Holz f\u00fcr ein besonders authentisches Spielgef\u00fchl \"><span title=\"\u2022 Wurzen AA Qualit\u00e4t Hammerkopffilze \">\u2022\u00a0<\/span>\ud2b9\ud788 \uac10\uac01\uc801\uc778 \uc5f0\uc8fc \ub290\ub08c\uc744\uc8fc\ub294 \uac80\uc740\uc0c9 \ubaa9\uc7ac \ud0a4\ud328\ub4dc<br \/>\n<\/span><span title=\"\u2022 integrierte Blendschutz-LED-Lampe und Tastenklappenbremse \">\u2022\u00a0 \ub208\ubd80\uc2ec \ubc29\uc9c0\uac00\u00a0<\/span><\/span>\ud1b5\ud569\ub41c LED \ub7a8\ud504 \ubc0f \uac74\ubc18 \ub69c\uaed1 \ube0c\ub808\uc774\ud06c<\/div>\n<div id=\"gt-res-dir-ctr\" class=\"trans-verified-button-small\" dir=\"ltr\"><span class=\"\" lang=\"ko\"><span title=\"\u2022 FEURICH Moderator-Pedal f\u00fcr ruhigen Spielmodus \u2013 bei sensiblen Nachbarn! \">\u2022\u00a0 \ubbfc\uac10\ud55c \uc774\uc6c3\uc744 \uc704\ud574\u00a0<\/span><\/span>\uc870\uc6a9\ud55c \uc5f0\uc8fc \ubaa8\ub4dc\uc758\u00a0<span class=\"\" lang=\"ko\"><span title=\"\u2022 FEURICH Moderator-Pedal f\u00fcr ruhigen Spielmodus \u2013 bei sensiblen Nachbarn! \">\ud3ec\uc774\ub9ac\ud788(<\/span><\/span>FEURICH) \ubaa8\ub370\ub77c\ud1a0- \ud398\ub2ec !<\/div>\n<div id=\"gt-res-dir-ctr\" class=\"trans-verified-button-small\" dir=\"ltr\"><span class=\"\" lang=\"ko\"><span title=\"\u2022 FEURICH Moderator-Pedal f\u00fcr ruhigen Spielmodus \u2013 bei sensiblen Nachbarn! \"><br \/>\n<\/span><span title=\"Das Piano Mod. 133 \u2013 Concert ist in Schwarz mit Messingbeschl\u00e4gen und bordeauxfarbenen Filzen oder mit Chrombeschl\u00e4gen und schwarzen Filzen erh\u00e4ltlich und kann zus\u00e4tzlich mit dem FEURICH Silencer System ausgestattet werden.\">Piano Mod. 133 &#8211; Concert \ub294 \uac80\uc740\uc0c9\uc5d0 \ud669\ub3d9 \ud53c\ud305 \ubc0f \ubcf4\ub974\ub3c4 \uc0c9\uc0c1\uc758 \ud3a0\ud2b8 \ub610\ub294 \ud06c\ub86c \ud53c\ud305\uacfc \uac80\uc740\uc0c9 \ud3a0\ud2b8\ub97c \uc81c\uacf5\ud558\uba70 \uc0ac\uc77c\ub7f0\ud2b8 \uc2dc\uc2a4\ud15c\u00a0<a href=\"https:\/\/www.feurich.com\/ko\/%ed%98%81%ec%8b%a0\/%ec%86%8c%ec%9d%8c%ea%b8%b0\/\">FEURICH Silencer System<\/a><span style=\"color: #00ccff;\">\u00a0<\/span>\uc744 \uc7a5\ucc29 \ud560\uc218 \uc788\uc2b5\ub2c8\ub2e4.\u00a0<\/span><span title=\"Sie wollen mehr erfahren?\">\ub354 \uc54c\uace0 \uc2f6\uc73c\uc2ed\ub2c8\uae4c?\u00a0<\/span><span title=\"Wir freuen uns auf Ihre Kontaktaufnahme!\">\uc6b0\ub9ac\ub294 \ub2f9\uc2e0\uc758 <a href=\"https:\/\/www.feurich.com\/?page_id=448\">\uc5f0\ub77d<\/a>\uc744 \uae30\ub2e4\ub9ac\uace0 \uc788\uc2b5\ub2c8\ub2e4!<\/span><\/span><\/div>\n<\/div>\n<\/div>\n<\/div>\n<\/div>\n<\/div>\n<\/div>\n<p>[\/vc_column_text][\/vc_column][\/vc_row][vc_row][vc_column][vc_masonry_media_grid element_width=&#8221;2&#8243; item=&#8221;mediaGrid_Default&#8221; grid_id=&#8221;vc_gid:1549457024439-1976de9397750bbc9e3c974b47efc998-3&#8243; include=&#8221;2110,2114,2111,2113,2115,2112&#8243;][\/vc_column][\/vc_row][vc_row][vc_column width=&#8221;1\/3&#8243;][vc_column_text]<\/p>\n<h3><a href=\"\/wp-content\/uploads\/Infosheet-FEURICH-133-Concert.pdf\" target=\"_blank\" rel=\"noopener\">\uc548\ub0b4\ubb38 \ub2e4\uc6b4\ub85c\ub4dc<\/a><\/h3>\n<p>[\/vc_column_text][vc_single_image image=&#8221;2473&#8243; onclick=&#8221;custom_link&#8221; img_link_target=&#8221;_blank&#8221; link=&#8221;\/wp-content\/uploads\/Infosheet-FEURICH-133-Concert.pdf&#8221;][\/vc_column][vc_column width=&#8221;1\/3&#8243;][vc_column_text]<\/p>\n<h3>\uc81c\ud488 \ube44\ub514\uc624<\/h3>\n<p>[\/vc_column_text][vc_column_text]<div class=\"wpb_video_widget wpb_content_element product-video vc_clearfix vc_video-aspect-ratio-43 vc_video-el-width-100 vc_video-align-left\"><div class=\"wpb_wrapper\"><div class=\"wpb_video_wrapper\"><div class=\"fluid-width-video-wrapper\"><iframe src=\"https:\/\/www.youtube.com\/embed\/PmQxiJ5z3_A?feature=oembed\" frameborder=\"0\" gesture=\"media\" allow=\"encrypted-media\" allowfullscreen=\"\" class=\"vid-youtube\"><\/iframe><\/div><\/div><\/div><\/div>[\/vc_column_text][\/vc_column][vc_column width=&#8221;1\/3&#8243;][vc_column_text]<\/p>\n<h3>\uce58\uc218\uc7ac\uae30<\/h3>\n<p>[\/vc_column_text][vc_single_image image=&#8221;1374&#8243; img_size=&#8221;360&#215;260&#8243;][\/vc_column][\/vc_row][vc_row][vc_column][\/vc_column][\/vc_row]<\/p>\n<\/div>","protected":false},"excerpt":{"rendered":"<p>\ucd5c\uc0c1\uc758 \uac74\ubc18 \ubc0f \uc561\uc158 \ub514\uc790\uc778 \uadf8\ub9ac\uace0 \uacf3\uacf3\uc5d0 \uc228\uaca8\uc838 \uc788\ub294 \uae30\ub2a5\uc774 \ud2b9\uc9d5\uc778 \ud3ec\uc774\ub9ac\ud788(FEURICH) Mod 133. <\/p>\n","protected":false},"author":7,"featured_media":0,"parent":8777,"menu_order":0,"comment_status":"closed","ping_status":"closed","template":"","meta":{"inline_featured_image":false,"footnotes":""},"class_list":["post-8671","page","type-page","status-publish","hentry"],"acf":[],"yoast_head":"<!-- This site is optimized with the Yoast SEO plugin v24.4 - https:\/\/yoast.com\/wordpress\/plugins\/seo\/ -->\n<title>Mod. 133 - Concert: \uc138\ubd80 \uc815\ubcf4 - FEURICH<\/title>\n<meta name=\"robots\" content=\"index, follow, max-snippet:-1, max-image-preview:large, max-video-preview:-1\" \/>\n<link rel=\"canonical\" href=\"https:\/\/feurich.com\/ko\/\uc81c\ud488\/\ud074\ub798\uc2dd-\ud53c\uc544\ub178\/piano-mod-133-concert\/mod-133-concert-details\/\" \/>\n<meta property=\"og:locale\" content=\"ko_KR\" \/>\n<meta property=\"og:type\" content=\"article\" \/>\n<meta property=\"og:title\" content=\"Mod. 133 - Concert: \uc138\ubd80 \uc815\ubcf4 - FEURICH\" \/>\n<meta property=\"og:description\" content=\"\ucd5c\uc0c1\uc758 \uac74\ubc18 \ubc0f \uc561\uc158 \ub514\uc790\uc778 \uadf8\ub9ac\uace0 \uacf3\uacf3\uc5d0 \uc228\uaca8\uc838 \uc788\ub294 \uae30\ub2a5\uc774 \ud2b9\uc9d5\uc778 \ud3ec\uc774\ub9ac\ud788(FEURICH) Mod 133.\" \/>\n<meta property=\"og:url\" content=\"https:\/\/feurich.com\/ko\/\uc81c\ud488\/\ud074\ub798\uc2dd-\ud53c\uc544\ub178\/piano-mod-133-concert\/mod-133-concert-details\/\" \/>\n<meta property=\"og:site_name\" content=\"FEURICH\" \/>\n<meta property=\"article:publisher\" content=\"https:\/\/www.facebook.com\/feurichvienna\/\" \/>\n<meta property=\"article:modified_time\" content=\"2019-02-06T12:45:15+00:00\" \/>\n<meta name=\"twitter:card\" content=\"summary_large_image\" \/>\n<meta name=\"twitter:label1\" content=\"\uc608\uc0c1 \ub418\ub294 \ud310\ub3c5 \uc2dc\uac04\" \/>\n\t<meta name=\"twitter:data1\" content=\"1\ubd84\" \/>\n<script type=\"application\/ld+json\" class=\"yoast-schema-graph\">{\"@context\":\"https:\/\/schema.org\",\"@graph\":[{\"@type\":\"WebPage\",\"@id\":\"https:\/\/feurich.com\/ko\/%ec%a0%9c%ed%92%88\/%ed%81%b4%eb%9e%98%ec%8b%9d-%ed%94%bc%ec%95%84%eb%85%b8\/piano-mod-133-concert\/mod-133-concert-details\/\",\"url\":\"https:\/\/feurich.com\/ko\/%ec%a0%9c%ed%92%88\/%ed%81%b4%eb%9e%98%ec%8b%9d-%ed%94%bc%ec%95%84%eb%85%b8\/piano-mod-133-concert\/mod-133-concert-details\/\",\"name\":\"Mod. 133 - Concert: \uc138\ubd80 \uc815\ubcf4 - FEURICH\",\"isPartOf\":{\"@id\":\"https:\/\/feurich.com\/en\/#website\"},\"datePublished\":\"2018-01-15T13:39:06+00:00\",\"dateModified\":\"2019-02-06T12:45:15+00:00\",\"breadcrumb\":{\"@id\":\"https:\/\/feurich.com\/ko\/%ec%a0%9c%ed%92%88\/%ed%81%b4%eb%9e%98%ec%8b%9d-%ed%94%bc%ec%95%84%eb%85%b8\/piano-mod-133-concert\/mod-133-concert-details\/#breadcrumb\"},\"inLanguage\":\"ko-KR\",\"potentialAction\":[{\"@type\":\"ReadAction\",\"target\":[\"https:\/\/feurich.com\/ko\/%ec%a0%9c%ed%92%88\/%ed%81%b4%eb%9e%98%ec%8b%9d-%ed%94%bc%ec%95%84%eb%85%b8\/piano-mod-133-concert\/mod-133-concert-details\/\"]}]},{\"@type\":\"BreadcrumbList\",\"@id\":\"https:\/\/feurich.com\/ko\/%ec%a0%9c%ed%92%88\/%ed%81%b4%eb%9e%98%ec%8b%9d-%ed%94%bc%ec%95%84%eb%85%b8\/piano-mod-133-concert\/mod-133-concert-details\/#breadcrumb\",\"itemListElement\":[{\"@type\":\"ListItem\",\"position\":1,\"name\":\"Home\",\"item\":\"https:\/\/feurich.com\/ko\/\"},{\"@type\":\"ListItem\",\"position\":2,\"name\":\"\uc81c\ud488\",\"item\":\"https:\/\/feurich.com\/ko\/%ec%a0%9c%ed%92%88\/\"},{\"@type\":\"ListItem\",\"position\":3,\"name\":\"\ud074\ub798\uc2dd \ud53c\uc544\ub178\",\"item\":\"https:\/\/feurich.com\/ko\/%ec%a0%9c%ed%92%88\/%ed%81%b4%eb%9e%98%ec%8b%9d-%ed%94%bc%ec%95%84%eb%85%b8\/\"},{\"@type\":\"ListItem\",\"position\":4,\"name\":\"Piano Mod. 133 \u2013 Concert\",\"item\":\"https:\/\/feurich.com\/ko\/%ec%a0%9c%ed%92%88\/%ed%81%b4%eb%9e%98%ec%8b%9d-%ed%94%bc%ec%95%84%eb%85%b8\/piano-mod-133-concert\/\"},{\"@type\":\"ListItem\",\"position\":5,\"name\":\"Mod. 133 &#8211; Concert: \uc138\ubd80 \uc815\ubcf4\"}]},{\"@type\":\"WebSite\",\"@id\":\"https:\/\/feurich.com\/en\/#website\",\"url\":\"https:\/\/feurich.com\/en\/\",\"name\":\"FEURICH\",\"description\":\"A sound that connects\",\"publisher\":{\"@id\":\"https:\/\/feurich.com\/en\/#organization\"},\"potentialAction\":[{\"@type\":\"SearchAction\",\"target\":{\"@type\":\"EntryPoint\",\"urlTemplate\":\"https:\/\/feurich.com\/en\/?s={search_term_string}\"},\"query-input\":{\"@type\":\"PropertyValueSpecification\",\"valueRequired\":true,\"valueName\":\"search_term_string\"}}],\"inLanguage\":\"ko-KR\"},{\"@type\":\"Organization\",\"@id\":\"https:\/\/feurich.com\/en\/#organization\",\"name\":\"FEURICH\",\"url\":\"https:\/\/feurich.com\/en\/\",\"logo\":{\"@type\":\"ImageObject\",\"inLanguage\":\"ko-KR\",\"@id\":\"https:\/\/feurich.com\/en\/#\/schema\/logo\/image\/\",\"url\":\"https:\/\/feurich.com\/wp-content\/uploads\/logo.png\",\"contentUrl\":\"https:\/\/feurich.com\/wp-content\/uploads\/logo.png\",\"width\":354,\"height\":151,\"caption\":\"FEURICH\"},\"image\":{\"@id\":\"https:\/\/feurich.com\/en\/#\/schema\/logo\/image\/\"},\"sameAs\":[\"https:\/\/www.facebook.com\/feurichvienna\/\"]}]}<\/script>\n<!-- \/ Yoast SEO plugin. -->","yoast_head_json":{"title":"Mod. 133 - Concert: \uc138\ubd80 \uc815\ubcf4 - FEURICH","robots":{"index":"index","follow":"follow","max-snippet":"max-snippet:-1","max-image-preview":"max-image-preview:large","max-video-preview":"max-video-preview:-1"},"canonical":"https:\/\/feurich.com\/ko\/\uc81c\ud488\/\ud074\ub798\uc2dd-\ud53c\uc544\ub178\/piano-mod-133-concert\/mod-133-concert-details\/","og_locale":"ko_KR","og_type":"article","og_title":"Mod. 133 - Concert: \uc138\ubd80 \uc815\ubcf4 - FEURICH","og_description":"\ucd5c\uc0c1\uc758 \uac74\ubc18 \ubc0f \uc561\uc158 \ub514\uc790\uc778 \uadf8\ub9ac\uace0 \uacf3\uacf3\uc5d0 \uc228\uaca8\uc838 \uc788\ub294 \uae30\ub2a5\uc774 \ud2b9\uc9d5\uc778 \ud3ec\uc774\ub9ac\ud788(FEURICH) Mod 133.","og_url":"https:\/\/feurich.com\/ko\/\uc81c\ud488\/\ud074\ub798\uc2dd-\ud53c\uc544\ub178\/piano-mod-133-concert\/mod-133-concert-details\/","og_site_name":"FEURICH","article_publisher":"https:\/\/www.facebook.com\/feurichvienna\/","article_modified_time":"2019-02-06T12:45:15+00:00","twitter_card":"summary_large_image","twitter_misc":{"\uc608\uc0c1 \ub418\ub294 \ud310\ub3c5 \uc2dc\uac04":"1\ubd84"},"schema":{"@context":"https:\/\/schema.org","@graph":[{"@type":"WebPage","@id":"https:\/\/feurich.com\/ko\/%ec%a0%9c%ed%92%88\/%ed%81%b4%eb%9e%98%ec%8b%9d-%ed%94%bc%ec%95%84%eb%85%b8\/piano-mod-133-concert\/mod-133-concert-details\/","url":"https:\/\/feurich.com\/ko\/%ec%a0%9c%ed%92%88\/%ed%81%b4%eb%9e%98%ec%8b%9d-%ed%94%bc%ec%95%84%eb%85%b8\/piano-mod-133-concert\/mod-133-concert-details\/","name":"Mod. 133 - Concert: \uc138\ubd80 \uc815\ubcf4 - FEURICH","isPartOf":{"@id":"https:\/\/feurich.com\/en\/#website"},"datePublished":"2018-01-15T13:39:06+00:00","dateModified":"2019-02-06T12:45:15+00:00","breadcrumb":{"@id":"https:\/\/feurich.com\/ko\/%ec%a0%9c%ed%92%88\/%ed%81%b4%eb%9e%98%ec%8b%9d-%ed%94%bc%ec%95%84%eb%85%b8\/piano-mod-133-concert\/mod-133-concert-details\/#breadcrumb"},"inLanguage":"ko-KR","potentialAction":[{"@type":"ReadAction","target":["https:\/\/feurich.com\/ko\/%ec%a0%9c%ed%92%88\/%ed%81%b4%eb%9e%98%ec%8b%9d-%ed%94%bc%ec%95%84%eb%85%b8\/piano-mod-133-concert\/mod-133-concert-details\/"]}]},{"@type":"BreadcrumbList","@id":"https:\/\/feurich.com\/ko\/%ec%a0%9c%ed%92%88\/%ed%81%b4%eb%9e%98%ec%8b%9d-%ed%94%bc%ec%95%84%eb%85%b8\/piano-mod-133-concert\/mod-133-concert-details\/#breadcrumb","itemListElement":[{"@type":"ListItem","position":1,"name":"Home","item":"https:\/\/feurich.com\/ko\/"},{"@type":"ListItem","position":2,"name":"\uc81c\ud488","item":"https:\/\/feurich.com\/ko\/%ec%a0%9c%ed%92%88\/"},{"@type":"ListItem","position":3,"name":"\ud074\ub798\uc2dd \ud53c\uc544\ub178","item":"https:\/\/feurich.com\/ko\/%ec%a0%9c%ed%92%88\/%ed%81%b4%eb%9e%98%ec%8b%9d-%ed%94%bc%ec%95%84%eb%85%b8\/"},{"@type":"ListItem","position":4,"name":"Piano Mod. 133 \u2013 Concert","item":"https:\/\/feurich.com\/ko\/%ec%a0%9c%ed%92%88\/%ed%81%b4%eb%9e%98%ec%8b%9d-%ed%94%bc%ec%95%84%eb%85%b8\/piano-mod-133-concert\/"},{"@type":"ListItem","position":5,"name":"Mod. 133 &#8211; Concert: \uc138\ubd80 \uc815\ubcf4"}]},{"@type":"WebSite","@id":"https:\/\/feurich.com\/en\/#website","url":"https:\/\/feurich.com\/en\/","name":"FEURICH","description":"A sound that connects","publisher":{"@id":"https:\/\/feurich.com\/en\/#organization"},"potentialAction":[{"@type":"SearchAction","target":{"@type":"EntryPoint","urlTemplate":"https:\/\/feurich.com\/en\/?s={search_term_string}"},"query-input":{"@type":"PropertyValueSpecification","valueRequired":true,"valueName":"search_term_string"}}],"inLanguage":"ko-KR"},{"@type":"Organization","@id":"https:\/\/feurich.com\/en\/#organization","name":"FEURICH","url":"https:\/\/feurich.com\/en\/","logo":{"@type":"ImageObject","inLanguage":"ko-KR","@id":"https:\/\/feurich.com\/en\/#\/schema\/logo\/image\/","url":"https:\/\/feurich.com\/wp-content\/uploads\/logo.png","contentUrl":"https:\/\/feurich.com\/wp-content\/uploads\/logo.png","width":354,"height":151,"caption":"FEURICH"},"image":{"@id":"https:\/\/feurich.com\/en\/#\/schema\/logo\/image\/"},"sameAs":["https:\/\/www.facebook.com\/feurichvienna\/"]}]}},"_links":{"self":[{"href":"https:\/\/feurich.com\/ko\/wp-json\/wp\/v2\/pages\/8671","targetHints":{"allow":["GET"]}}],"collection":[{"href":"https:\/\/feurich.com\/ko\/wp-json\/wp\/v2\/pages"}],"about":[{"href":"https:\/\/feurich.com\/ko\/wp-json\/wp\/v2\/types\/page"}],"author":[{"embeddable":true,"href":"https:\/\/feurich.com\/ko\/wp-json\/wp\/v2\/users\/7"}],"replies":[{"embeddable":true,"href":"https:\/\/feurich.com\/ko\/wp-json\/wp\/v2\/comments?post=8671"}],"version-history":[{"count":48,"href":"https:\/\/feurich.com\/ko\/wp-json\/wp\/v2\/pages\/8671\/revisions"}],"predecessor-version":[{"id":22245,"href":"https:\/\/feurich.com\/ko\/wp-json\/wp\/v2\/pages\/8671\/revisions\/22245"}],"up":[{"embeddable":true,"href":"https:\/\/feurich.com\/ko\/wp-json\/wp\/v2\/pages\/8777"}],"wp:attachment":[{"href":"https:\/\/feurich.com\/ko\/wp-json\/wp\/v2\/media?parent=8671"}],"curies":[{"name":"wp","href":"https:\/\/api.w.org\/{rel}","templated":true}]}}