{"id":80589,"date":"2024-05-27T01:46:02","date_gmt":"2024-05-27T01:46:02","guid":{"rendered":"https:\/\/feurich.com\/%d5%ac%d6%80%d5%a1%d5%bf%d5%be%d5%a1%d5%af%d5%a1%d5%b6-%d5%af%d5%a5%d5%b6%d5%bf%d6%80%d5%b8%d5%b6\/"},"modified":"2024-05-27T01:46:08","modified_gmt":"2024-05-27T01:46:08","slug":"%d5%ac%d6%80%d5%a1%d5%bf%d5%be%d5%a1%d5%af%d5%a1%d5%b6-%d5%af%d5%a5%d5%b6%d5%bf%d6%80%d5%b8%d5%b6","status":"publish","type":"page","link":"https:\/\/feurich.com\/hy\/%d5%ac%d6%80%d5%a1%d5%bf%d5%be%d5%a1%d5%af%d5%a1%d5%b6-%d5%af%d5%a5%d5%b6%d5%bf%d6%80%d5%b8%d5%b6\/","title":{"rendered":"\u053c\u0580\u0561\u057f\u057e\u0561\u056f\u0561\u0576 \u056f\u0565\u0576\u057f\u0580\u0578\u0576"},"content":{"rendered":"<div class=\"wpb-content-wrapper\"><p>[vc_row][vc_column width=&#8221;1\/6&#8243;][\/vc_column][vc_column width=&#8221;2\/3&#8243;][vc_empty_space height=&#8221;36px&#8221;][vc_column_text el_class=&#8221;big-title&#8221;]<br \/>\n<P style=\"text-align: Center;\">x\u012bnw\u00e9n zh\u014dngx\u012bn <\/p>\n<p style=\"text-align: center;\">\u053c\u0580\u0561\u057f\u057e\u0561\u056f\u0561\u0576 \u056f\u0565\u0576\u057f\u0580\u0578\u0576<\/p>\n<p>[\/vc_column_text][vc_empty_space height=&#8221;24px&#8221;][\/vc_column][vc_column width=&#8221;1\/6&#8243;][\/vc_column][\/vc_row][vc_row][vc_column][vc_masonry_grid post_type=&#8221;post&#8221; max_items=&#8221;99&#8243; style=&#8221;load-more&#8221; items_per_page=&#8221;9&#8243; gap=&#8221;35&#8243; item=&#8221;8028&#8243; grid_id=&#8221;vc_gid:1544133298958-148f0595-25e9-8&#8243; taxonomies=&#8221;815&#8243;][\/vc_column][\/vc_row][vc_row][vc_column][vc_empty_space height=&#8221;52px&#8221;][\/vc_column][\/vc_row]<\/p>\n<\/div>","protected":false},"excerpt":{"rendered":"<p>[vc_row][vc_column width=&#8221;1\/6&#8243;][\/vc_column][vc_column width=&#8221;2\/3&#8243;][vc_empty_space height=&#8221;36px&#8221;][vc_column_text el_class=&#8221;big-title&#8221;] x\u012bnw\u00e9n zh\u014dngx\u012bn \u053c\u0580\u0561\u057f\u057e\u0561\u056f\u0561\u0576 \u056f\u0565\u0576\u057f\u0580\u0578\u0576 [\/vc_column_text][vc_empty_space height=&#8221;24px&#8221;][\/vc_column][vc_column width=&#8221;1\/6&#8243;][\/vc_column][\/vc_row][vc_row][vc_column][vc_masonry_grid post_type=&#8221;post&#8221; max_items=&#8221;99&#8243; style=&#8221;load-more&#8221; items_per_page=&#8221;9&#8243; gap=&#8221;35&#8243; item=&#8221;8028&#8243; grid_id=&#8221;vc_gid:1544133298958-148f0595-25e9-8&#8243; taxonomies=&#8221;815&#8243;][\/vc_column][\/vc_row][vc_row][vc_column][vc_empty_space height=&#8221;52px&#8221;][\/vc_column][\/vc_row]<\/p>\n","protected":false},"author":4,"featured_media":0,"parent":0,"menu_order":0,"comment_status":"closed","ping_status":"closed","template":"","meta":{"inline_featured_image":false,"footnotes":""},"class_list":["post-80589","page","type-page","status-publish","hentry"],"acf":[],"yoast_head":"<!-- This site is optimized with the Yoast SEO plugin v24.4 - https:\/\/yoast.com\/wordpress\/plugins\/seo\/ -->\n<title>\u053c\u0580\u0561\u057f\u057e\u0561\u056f\u0561\u0576 \u056f\u0565\u0576\u057f\u0580\u0578\u0576 - FEURICH<\/title>\n<meta name=\"robots\" content=\"index, follow, max-snippet:-1, max-image-preview:large, max-video-preview:-1\" \/>\n<link rel=\"canonical\" href=\"https:\/\/feurich.com\/en\/\u65b0\u95fb\u4e2d\u5fc3\/\" \/>\n<meta property=\"og:locale\" content=\"en_US\" \/>\n<meta property=\"og:type\" content=\"article\" \/>\n<meta property=\"og:title\" content=\"\u053c\u0580\u0561\u057f\u057e\u0561\u056f\u0561\u0576 \u056f\u0565\u0576\u057f\u0580\u0578\u0576 - FEURICH\" \/>\n<meta property=\"og:description\" content=\"[vc_row][vc_column width=&#8221;1\/6&#8243;][\/vc_column][vc_column width=&#8221;2\/3&#8243;][vc_empty_space height=&#8221;36px&#8221;][vc_column_text el_class=&#8221;big-title&#8221;] x\u012bnw\u00e9n zh\u014dngx\u012bn \u053c\u0580\u0561\u057f\u057e\u0561\u056f\u0561\u0576 \u056f\u0565\u0576\u057f\u0580\u0578\u0576 [\/vc_column_text][vc_empty_space height=&#8221;24px&#8221;][\/vc_column][vc_column width=&#8221;1\/6&#8243;][\/vc_column][\/vc_row][vc_row][vc_column][vc_masonry_grid post_type=&#8221;post&#8221; max_items=&#8221;99&#8243; style=&#8221;load-more&#8221; items_per_page=&#8221;9&#8243; gap=&#8221;35&#8243; item=&#8221;8028&#8243; grid_id=&#8221;vc_gid:1544133298958-148f0595-25e9-8&#8243; taxonomies=&#8221;815&#8243;][\/vc_column][\/vc_row][vc_row][vc_column][vc_empty_space height=&#8221;52px&#8221;][\/vc_column][\/vc_row]\" \/>\n<meta property=\"og:url\" content=\"https:\/\/feurich.com\/en\/\u65b0\u95fb\u4e2d\u5fc3\/\" \/>\n<meta property=\"og:site_name\" content=\"FEURICH\" \/>\n<meta property=\"article:publisher\" content=\"https:\/\/www.facebook.com\/feurichvienna\/\" \/>\n<meta property=\"article:modified_time\" content=\"2024-05-27T01:46:08+00:00\" \/>\n<meta name=\"twitter:card\" content=\"summary_large_image\" \/>\n<script type=\"application\/ld+json\" class=\"yoast-schema-graph\">{\"@context\":\"https:\/\/schema.org\",\"@graph\":[{\"@type\":\"WebPage\",\"@id\":\"https:\/\/feurich.com\/en\/%e6%96%b0%e9%97%bb%e4%b8%ad%e5%bf%83\/\",\"url\":\"https:\/\/feurich.com\/en\/%e6%96%b0%e9%97%bb%e4%b8%ad%e5%bf%83\/\",\"name\":\"\u053c\u0580\u0561\u057f\u057e\u0561\u056f\u0561\u0576 \u056f\u0565\u0576\u057f\u0580\u0578\u0576 - FEURICH\",\"isPartOf\":{\"@id\":\"https:\/\/feurich.com\/en\/#website\"},\"datePublished\":\"2024-05-27T01:46:02+00:00\",\"dateModified\":\"2024-05-27T01:46:08+00:00\",\"breadcrumb\":{\"@id\":\"https:\/\/feurich.com\/en\/%e6%96%b0%e9%97%bb%e4%b8%ad%e5%bf%83\/#breadcrumb\"},\"inLanguage\":\"am-AM\",\"potentialAction\":[{\"@type\":\"ReadAction\",\"target\":[\"https:\/\/feurich.com\/en\/%e6%96%b0%e9%97%bb%e4%b8%ad%e5%bf%83\/\"]}]},{\"@type\":\"BreadcrumbList\",\"@id\":\"https:\/\/feurich.com\/en\/%e6%96%b0%e9%97%bb%e4%b8%ad%e5%bf%83\/#breadcrumb\",\"itemListElement\":[{\"@type\":\"ListItem\",\"position\":1,\"name\":\"Home\",\"item\":\"https:\/\/feurich.com\/en\/\"},{\"@type\":\"ListItem\",\"position\":2,\"name\":\"\u053c\u0580\u0561\u057f\u057e\u0561\u056f\u0561\u0576 \u056f\u0565\u0576\u057f\u0580\u0578\u0576\"}]},{\"@type\":\"WebSite\",\"@id\":\"https:\/\/feurich.com\/en\/#website\",\"url\":\"https:\/\/feurich.com\/en\/\",\"name\":\"FEURICH\",\"description\":\"A sound that connects\",\"publisher\":{\"@id\":\"https:\/\/feurich.com\/en\/#organization\"},\"potentialAction\":[{\"@type\":\"SearchAction\",\"target\":{\"@type\":\"EntryPoint\",\"urlTemplate\":\"https:\/\/feurich.com\/en\/?s={search_term_string}\"},\"query-input\":{\"@type\":\"PropertyValueSpecification\",\"valueRequired\":true,\"valueName\":\"search_term_string\"}}],\"inLanguage\":\"am-AM\"},{\"@type\":\"Organization\",\"@id\":\"https:\/\/feurich.com\/en\/#organization\",\"name\":\"FEURICH\",\"url\":\"https:\/\/feurich.com\/en\/\",\"logo\":{\"@type\":\"ImageObject\",\"inLanguage\":\"am-AM\",\"@id\":\"https:\/\/feurich.com\/en\/#\/schema\/logo\/image\/\",\"url\":\"https:\/\/feurich.com\/wp-content\/uploads\/logo.png\",\"contentUrl\":\"https:\/\/feurich.com\/wp-content\/uploads\/logo.png\",\"width\":354,\"height\":151,\"caption\":\"FEURICH\"},\"image\":{\"@id\":\"https:\/\/feurich.com\/en\/#\/schema\/logo\/image\/\"},\"sameAs\":[\"https:\/\/www.facebook.com\/feurichvienna\/\"]}]}<\/script>\n<!-- \/ Yoast SEO plugin. -->","yoast_head_json":{"title":"\u053c\u0580\u0561\u057f\u057e\u0561\u056f\u0561\u0576 \u056f\u0565\u0576\u057f\u0580\u0578\u0576 - FEURICH","robots":{"index":"index","follow":"follow","max-snippet":"max-snippet:-1","max-image-preview":"max-image-preview:large","max-video-preview":"max-video-preview:-1"},"canonical":"https:\/\/feurich.com\/en\/\u65b0\u95fb\u4e2d\u5fc3\/","og_locale":"en_US","og_type":"article","og_title":"\u053c\u0580\u0561\u057f\u057e\u0561\u056f\u0561\u0576 \u056f\u0565\u0576\u057f\u0580\u0578\u0576 - FEURICH","og_description":"[vc_row][vc_column width=&#8221;1\/6&#8243;][\/vc_column][vc_column width=&#8221;2\/3&#8243;][vc_empty_space height=&#8221;36px&#8221;][vc_column_text el_class=&#8221;big-title&#8221;] x\u012bnw\u00e9n zh\u014dngx\u012bn \u053c\u0580\u0561\u057f\u057e\u0561\u056f\u0561\u0576 \u056f\u0565\u0576\u057f\u0580\u0578\u0576 [\/vc_column_text][vc_empty_space height=&#8221;24px&#8221;][\/vc_column][vc_column width=&#8221;1\/6&#8243;][\/vc_column][\/vc_row][vc_row][vc_column][vc_masonry_grid post_type=&#8221;post&#8221; max_items=&#8221;99&#8243; style=&#8221;load-more&#8221; items_per_page=&#8221;9&#8243; gap=&#8221;35&#8243; item=&#8221;8028&#8243; grid_id=&#8221;vc_gid:1544133298958-148f0595-25e9-8&#8243; taxonomies=&#8221;815&#8243;][\/vc_column][\/vc_row][vc_row][vc_column][vc_empty_space height=&#8221;52px&#8221;][\/vc_column][\/vc_row]","og_url":"https:\/\/feurich.com\/en\/\u65b0\u95fb\u4e2d\u5fc3\/","og_site_name":"FEURICH","article_publisher":"https:\/\/www.facebook.com\/feurichvienna\/","article_modified_time":"2024-05-27T01:46:08+00:00","twitter_card":"summary_large_image","schema":{"@context":"https:\/\/schema.org","@graph":[{"@type":"WebPage","@id":"https:\/\/feurich.com\/en\/%e6%96%b0%e9%97%bb%e4%b8%ad%e5%bf%83\/","url":"https:\/\/feurich.com\/en\/%e6%96%b0%e9%97%bb%e4%b8%ad%e5%bf%83\/","name":"\u053c\u0580\u0561\u057f\u057e\u0561\u056f\u0561\u0576 \u056f\u0565\u0576\u057f\u0580\u0578\u0576 - FEURICH","isPartOf":{"@id":"https:\/\/feurich.com\/en\/#website"},"datePublished":"2024-05-27T01:46:02+00:00","dateModified":"2024-05-27T01:46:08+00:00","breadcrumb":{"@id":"https:\/\/feurich.com\/en\/%e6%96%b0%e9%97%bb%e4%b8%ad%e5%bf%83\/#breadcrumb"},"inLanguage":"am-AM","potentialAction":[{"@type":"ReadAction","target":["https:\/\/feurich.com\/en\/%e6%96%b0%e9%97%bb%e4%b8%ad%e5%bf%83\/"]}]},{"@type":"BreadcrumbList","@id":"https:\/\/feurich.com\/en\/%e6%96%b0%e9%97%bb%e4%b8%ad%e5%bf%83\/#breadcrumb","itemListElement":[{"@type":"ListItem","position":1,"name":"Home","item":"https:\/\/feurich.com\/en\/"},{"@type":"ListItem","position":2,"name":"\u053c\u0580\u0561\u057f\u057e\u0561\u056f\u0561\u0576 \u056f\u0565\u0576\u057f\u0580\u0578\u0576"}]},{"@type":"WebSite","@id":"https:\/\/feurich.com\/en\/#website","url":"https:\/\/feurich.com\/en\/","name":"FEURICH","description":"A sound that connects","publisher":{"@id":"https:\/\/feurich.com\/en\/#organization"},"potentialAction":[{"@type":"SearchAction","target":{"@type":"EntryPoint","urlTemplate":"https:\/\/feurich.com\/en\/?s={search_term_string}"},"query-input":{"@type":"PropertyValueSpecification","valueRequired":true,"valueName":"search_term_string"}}],"inLanguage":"am-AM"},{"@type":"Organization","@id":"https:\/\/feurich.com\/en\/#organization","name":"FEURICH","url":"https:\/\/feurich.com\/en\/","logo":{"@type":"ImageObject","inLanguage":"am-AM","@id":"https:\/\/feurich.com\/en\/#\/schema\/logo\/image\/","url":"https:\/\/feurich.com\/wp-content\/uploads\/logo.png","contentUrl":"https:\/\/feurich.com\/wp-content\/uploads\/logo.png","width":354,"height":151,"caption":"FEURICH"},"image":{"@id":"https:\/\/feurich.com\/en\/#\/schema\/logo\/image\/"},"sameAs":["https:\/\/www.facebook.com\/feurichvienna\/"]}]}},"_links":{"self":[{"href":"https:\/\/feurich.com\/hy\/wp-json\/wp\/v2\/pages\/80589","targetHints":{"allow":["GET"]}}],"collection":[{"href":"https:\/\/feurich.com\/hy\/wp-json\/wp\/v2\/pages"}],"about":[{"href":"https:\/\/feurich.com\/hy\/wp-json\/wp\/v2\/types\/page"}],"author":[{"embeddable":true,"href":"https:\/\/feurich.com\/hy\/wp-json\/wp\/v2\/users\/4"}],"replies":[{"embeddable":true,"href":"https:\/\/feurich.com\/hy\/wp-json\/wp\/v2\/comments?post=80589"}],"version-history":[{"count":8,"href":"https:\/\/feurich.com\/hy\/wp-json\/wp\/v2\/pages\/80589\/revisions"}],"predecessor-version":[{"id":80597,"href":"https:\/\/feurich.com\/hy\/wp-json\/wp\/v2\/pages\/80589\/revisions\/80597"}],"wp:attachment":[{"href":"https:\/\/feurich.com\/hy\/wp-json\/wp\/v2\/media?parent=80589"}],"curies":[{"name":"wp","href":"https:\/\/api.w.org\/{rel}","templated":true}]}}