{"id":72230,"date":"2023-11-21T22:39:56","date_gmt":"2023-11-21T22:39:56","guid":{"rendered":"https:\/\/feurich.com\/assistance\/"},"modified":"2025-03-25T16:22:03","modified_gmt":"2025-03-25T16:22:03","slug":"support","status":"publish","type":"page","link":"https:\/\/feurich.com\/fr\/produits\/olya\/support\/","title":{"rendered":"Support"},"content":{"rendered":"<div class=\"wpb-content-wrapper\"><p>[vc_row css=\u00a0\u00bb.vc_custom_1698844716201{padding-right: 15px !important;padding-left: 15px !important;}\u00a0\u00bb][vc_column css=\u00a0\u00bb.vc_custom_1701283837575{margin-top: 50px !important;background-image: url(https:\/\/feurich.com\/wp-content\/uploads\/5_Olya_Startseite_support.jpg?id=72894) !important;background-position: center !important;background-repeat: no-repeat !important;background-size: cover !important;}\u00a0\u00bb][vc_row_inner][vc_column_inner css=\u00a0\u00bb.vc_custom_1699527897862{background-position: center !important;background-repeat: no-repeat !important;background-size: cover !important;}\u00a0\u00bb][vc_empty_space height=\u00a0\u00bb600px\u00a0\u00bb css=\u00a0\u00bb.vc_custom_1701283848302{margin-right: 15px !important;margin-left: 15px !important;}\u00a0\u00bb][\/vc_column_inner][\/vc_row_inner][\/vc_column][\/vc_row][vc_row][vc_column width=\u00a0\u00bb1\/4&Prime;][\/vc_column][vc_column width=\u00a0\u00bb1\/2&Prime; css=\u00a0\u00bb.vc_custom_1699540657063{margin-top: 50px !important;margin-bottom: 100px !important;}\u00a0\u00bb][vc_column_text css=\u00a0\u00bb\u00a0\u00bb]<\/p>\n<p style=\"text-align: left;\"><span style=\"color: #000000;\">FAQ :<br \/>\n<\/span><strong>Quel est le code Bluetooth ?<\/strong> Pour connecter un appareil externe aux enceintes du piano, utilisez le code 8888.<br \/>\n<strong>Le piano ne s&rsquo;allume plus<\/strong> : V\u00e9rifiez si la lumi\u00e8re bleue est allum\u00e9e sur le bo\u00eetier d&rsquo;alimentation externe.<br \/>\n<strong>Le piano est allum\u00e9, mais aucun son ne sort des haut-parleurs<\/strong> : V\u00e9rifiez de ne pas avoir laiss\u00e9 un adaptateur jack 6,35\/3,5 dans l&rsquo;une des trois prises casque (1 derri\u00e8re et 2 sous le clavier \u00e0 gauche).<br \/>\n<strong>Quelle est la dur\u00e9e de la garantie du piano ?<\/strong> La garantie est valable pendant deux ans \u00e0 partir de la date d&rsquo;achat.<br \/>\n<strong>O\u00f9 se trouve le num\u00e9ro de s\u00e9rie n\u00e9cessaire \u00e0 l&rsquo;inscription aux cours de piano ?<\/strong> Le num\u00e9ro de s\u00e9rie se trouve sur la plaque signal\u00e9tique au dos du piano.<br \/>\n<strong>Comment puis-je avoir acc\u00e8s aux cours de piano si j&rsquo;ai achet\u00e9 un piano d\u00e9j\u00e0 utilis\u00e9 ? <\/strong>Envoyez un e-mail avec le num\u00e9ro de s\u00e9rie \u00e0 &#111;&#x6c;&#121;&#x61;&#64;&#x66;e&#117;&#x72;&#105;&#x63;h&#x2e;c&#111;&#x6d; pour recevoir vos identifiants d&rsquo;acc\u00e8s.<br \/>\n<strong>Comment puis-je r\u00e9gler le volume de la lecture MP3 lorsque je joue du piano en m\u00eame temps ?<\/strong> Appuyez et maintenez \u00ab\u00a0PREVIOUS\u00a0\u00bb pour baisser le son ou \u00ab\u00a0NEXT\u00a0\u00bb pour l&rsquo;augmenter.<\/p>\n<p style=\"text-align: left;\"><span style=\"color: #000000;\">SAV :<\/span><br \/>\n<a href=\"https:\/\/feurich.com\/fr\/produits\/olya\/olya-e-piano-pdf-download\/\"><strong>La vid\u00e9o de montage<\/strong><\/a> montre \u00e0 quel point l&rsquo;assemblage du piano num\u00e9rique FEURICH OLYA est simple. Si vous avez toutefois des questions, n&rsquo;h\u00e9sitez pas \u00e0 nous contacter par e-mail ou via le formulaire de contact &#8211; nous vous rappellerons volontiers!<\/p>\n<p style=\"text-align: center;\"><a href=\"\/fr\/information-contact\/contact\/\"><strong> FORMULAIRE DE CONTACT<\/strong><\/a><\/p>\n<p style=\"text-align: center;\"><strong>NUM\u00c9RO DE T\u00c9L\u00c9PHONE<\/strong><br \/>\n<strong>+43 1 523 37 88 99<\/strong><\/p>\n<p>[\/vc_column_text][\/vc_column][vc_column width=\u00a0\u00bb1\/4&Prime;][\/vc_column][\/vc_row]<\/p>\n<\/div>","protected":false},"excerpt":{"rendered":"<p>[vc_row css=\u00a0\u00bb.vc_custom_1698844716201{padding-right: 15px !important;padding-left: 15px !important;}\u00a0\u00bb][vc_column css=\u00a0\u00bb.vc_custom_1701283837575{margin-top: 50px !important;background-image: url(https:\/\/feurich.com\/wp-content\/uploads\/5_Olya_Startseite_support.jpg?id=72894) !important;background-position: center !important;background-repeat: no-repeat !important;background-size: cover !important;}\u00a0\u00bb][vc_row_inner][vc_column_inner css=\u00a0\u00bb.vc_custom_1699527897862{background-position: center !important;background-repeat: no-repeat !important;background-size: cover !important;}\u00a0\u00bb][vc_empty_space height=\u00a0\u00bb600px\u00a0\u00bb css=\u00a0\u00bb.vc_custom_1701283848302{margin-right: 15px !important;margin-left: 15px !important;}\u00a0\u00bb][\/vc_column_inner][\/vc_row_inner][\/vc_column][\/vc_row][vc_row][vc_column &#8230;<\/p>\n","protected":false},"author":41,"featured_media":0,"parent":72211,"menu_order":0,"comment_status":"closed","ping_status":"closed","template":"","meta":{"inline_featured_image":false,"footnotes":""},"class_list":["post-72230","page","type-page","status-publish","hentry"],"acf":[],"yoast_head":"<!-- This site is optimized with the Yoast SEO plugin v24.4 - https:\/\/yoast.com\/wordpress\/plugins\/seo\/ -->\n<title>Support - FEURICH<\/title>\n<meta name=\"robots\" content=\"index, follow, max-snippet:-1, max-image-preview:large, max-video-preview:-1\" \/>\n<link rel=\"canonical\" href=\"https:\/\/feurich.com\/fr\/produits\/olya\/support\/\" \/>\n<meta property=\"og:locale\" content=\"fr_FR\" \/>\n<meta property=\"og:type\" content=\"article\" \/>\n<meta property=\"og:title\" content=\"Support - FEURICH\" \/>\n<meta property=\"og:description\" content=\"[vc_row css=\u00a0\u00bb.vc_custom_1698844716201{padding-right: 15px !important;padding-left: 15px !important;}\u00a0\u00bb][vc_column css=\u00a0\u00bb.vc_custom_1701283837575{margin-top: 50px !important;background-image: url(https:\/\/feurich.com\/wp-content\/uploads\/5_Olya_Startseite_support.jpg?id=72894) !important;background-position: center !important;background-repeat: no-repeat !important;background-size: cover !important;}\u00a0\u00bb][vc_row_inner][vc_column_inner css=\u00a0\u00bb.vc_custom_1699527897862{background-position: center !important;background-repeat: no-repeat !important;background-size: cover !important;}\u00a0\u00bb][vc_empty_space height=\u00a0\u00bb600px\u00a0\u00bb css=\u00a0\u00bb.vc_custom_1701283848302{margin-right: 15px !important;margin-left: 15px !important;}\u00a0\u00bb][\/vc_column_inner][\/vc_row_inner][\/vc_column][\/vc_row][vc_row][vc_column ...\" \/>\n<meta property=\"og:url\" content=\"https:\/\/feurich.com\/fr\/produits\/olya\/support\/\" \/>\n<meta property=\"og:site_name\" content=\"FEURICH\" \/>\n<meta property=\"article:publisher\" content=\"https:\/\/www.facebook.com\/feurichvienna\/\" \/>\n<meta property=\"article:modified_time\" content=\"2025-03-25T16:22:03+00:00\" \/>\n<meta name=\"twitter:card\" content=\"summary_large_image\" \/>\n<meta name=\"twitter:label1\" content=\"Dur\u00e9e de lecture estim\u00e9e\" \/>\n\t<meta name=\"twitter:data1\" content=\"2 minutes\" \/>\n<script type=\"application\/ld+json\" class=\"yoast-schema-graph\">{\"@context\":\"https:\/\/schema.org\",\"@graph\":[{\"@type\":\"WebPage\",\"@id\":\"https:\/\/feurich.com\/fr\/produits\/olya\/support\/\",\"url\":\"https:\/\/feurich.com\/fr\/produits\/olya\/support\/\",\"name\":\"Support - FEURICH\",\"isPartOf\":{\"@id\":\"https:\/\/feurich.com\/en\/#website\"},\"datePublished\":\"2023-11-21T22:39:56+00:00\",\"dateModified\":\"2025-03-25T16:22:03+00:00\",\"breadcrumb\":{\"@id\":\"https:\/\/feurich.com\/fr\/produits\/olya\/support\/#breadcrumb\"},\"inLanguage\":\"fr-FR\",\"potentialAction\":[{\"@type\":\"ReadAction\",\"target\":[\"https:\/\/feurich.com\/fr\/produits\/olya\/support\/\"]}]},{\"@type\":\"BreadcrumbList\",\"@id\":\"https:\/\/feurich.com\/fr\/produits\/olya\/support\/#breadcrumb\",\"itemListElement\":[{\"@type\":\"ListItem\",\"position\":1,\"name\":\"Home\",\"item\":\"https:\/\/feurich.com\/fr\/\"},{\"@type\":\"ListItem\",\"position\":2,\"name\":\"Produits\",\"item\":\"https:\/\/feurich.com\/fr\/produits\/\"},{\"@type\":\"ListItem\",\"position\":3,\"name\":\"OLYA EVO E-PIANO\",\"item\":\"https:\/\/feurich.com\/en\/products\/olya\/\"},{\"@type\":\"ListItem\",\"position\":4,\"name\":\"Support\"}]},{\"@type\":\"WebSite\",\"@id\":\"https:\/\/feurich.com\/en\/#website\",\"url\":\"https:\/\/feurich.com\/en\/\",\"name\":\"FEURICH\",\"description\":\"A sound that connects\",\"publisher\":{\"@id\":\"https:\/\/feurich.com\/en\/#organization\"},\"potentialAction\":[{\"@type\":\"SearchAction\",\"target\":{\"@type\":\"EntryPoint\",\"urlTemplate\":\"https:\/\/feurich.com\/en\/?s={search_term_string}\"},\"query-input\":{\"@type\":\"PropertyValueSpecification\",\"valueRequired\":true,\"valueName\":\"search_term_string\"}}],\"inLanguage\":\"fr-FR\"},{\"@type\":\"Organization\",\"@id\":\"https:\/\/feurich.com\/en\/#organization\",\"name\":\"FEURICH\",\"url\":\"https:\/\/feurich.com\/en\/\",\"logo\":{\"@type\":\"ImageObject\",\"inLanguage\":\"fr-FR\",\"@id\":\"https:\/\/feurich.com\/en\/#\/schema\/logo\/image\/\",\"url\":\"https:\/\/feurich.com\/wp-content\/uploads\/logo.png\",\"contentUrl\":\"https:\/\/feurich.com\/wp-content\/uploads\/logo.png\",\"width\":354,\"height\":151,\"caption\":\"FEURICH\"},\"image\":{\"@id\":\"https:\/\/feurich.com\/en\/#\/schema\/logo\/image\/\"},\"sameAs\":[\"https:\/\/www.facebook.com\/feurichvienna\/\"]}]}<\/script>\n<!-- \/ Yoast SEO plugin. -->","yoast_head_json":{"title":"Support - FEURICH","robots":{"index":"index","follow":"follow","max-snippet":"max-snippet:-1","max-image-preview":"max-image-preview:large","max-video-preview":"max-video-preview:-1"},"canonical":"https:\/\/feurich.com\/fr\/produits\/olya\/support\/","og_locale":"fr_FR","og_type":"article","og_title":"Support - FEURICH","og_description":"[vc_row css=\u00a0\u00bb.vc_custom_1698844716201{padding-right: 15px !important;padding-left: 15px !important;}\u00a0\u00bb][vc_column css=\u00a0\u00bb.vc_custom_1701283837575{margin-top: 50px !important;background-image: url(https:\/\/feurich.com\/wp-content\/uploads\/5_Olya_Startseite_support.jpg?id=72894) !important;background-position: center !important;background-repeat: no-repeat !important;background-size: cover !important;}\u00a0\u00bb][vc_row_inner][vc_column_inner css=\u00a0\u00bb.vc_custom_1699527897862{background-position: center !important;background-repeat: no-repeat !important;background-size: cover !important;}\u00a0\u00bb][vc_empty_space height=\u00a0\u00bb600px\u00a0\u00bb css=\u00a0\u00bb.vc_custom_1701283848302{margin-right: 15px !important;margin-left: 15px !important;}\u00a0\u00bb][\/vc_column_inner][\/vc_row_inner][\/vc_column][\/vc_row][vc_row][vc_column ...","og_url":"https:\/\/feurich.com\/fr\/produits\/olya\/support\/","og_site_name":"FEURICH","article_publisher":"https:\/\/www.facebook.com\/feurichvienna\/","article_modified_time":"2025-03-25T16:22:03+00:00","twitter_card":"summary_large_image","twitter_misc":{"Dur\u00e9e de lecture estim\u00e9e":"2 minutes"},"schema":{"@context":"https:\/\/schema.org","@graph":[{"@type":"WebPage","@id":"https:\/\/feurich.com\/fr\/produits\/olya\/support\/","url":"https:\/\/feurich.com\/fr\/produits\/olya\/support\/","name":"Support - FEURICH","isPartOf":{"@id":"https:\/\/feurich.com\/en\/#website"},"datePublished":"2023-11-21T22:39:56+00:00","dateModified":"2025-03-25T16:22:03+00:00","breadcrumb":{"@id":"https:\/\/feurich.com\/fr\/produits\/olya\/support\/#breadcrumb"},"inLanguage":"fr-FR","potentialAction":[{"@type":"ReadAction","target":["https:\/\/feurich.com\/fr\/produits\/olya\/support\/"]}]},{"@type":"BreadcrumbList","@id":"https:\/\/feurich.com\/fr\/produits\/olya\/support\/#breadcrumb","itemListElement":[{"@type":"ListItem","position":1,"name":"Home","item":"https:\/\/feurich.com\/fr\/"},{"@type":"ListItem","position":2,"name":"Produits","item":"https:\/\/feurich.com\/fr\/produits\/"},{"@type":"ListItem","position":3,"name":"OLYA EVO E-PIANO","item":"https:\/\/feurich.com\/en\/products\/olya\/"},{"@type":"ListItem","position":4,"name":"Support"}]},{"@type":"WebSite","@id":"https:\/\/feurich.com\/en\/#website","url":"https:\/\/feurich.com\/en\/","name":"FEURICH","description":"A sound that connects","publisher":{"@id":"https:\/\/feurich.com\/en\/#organization"},"potentialAction":[{"@type":"SearchAction","target":{"@type":"EntryPoint","urlTemplate":"https:\/\/feurich.com\/en\/?s={search_term_string}"},"query-input":{"@type":"PropertyValueSpecification","valueRequired":true,"valueName":"search_term_string"}}],"inLanguage":"fr-FR"},{"@type":"Organization","@id":"https:\/\/feurich.com\/en\/#organization","name":"FEURICH","url":"https:\/\/feurich.com\/en\/","logo":{"@type":"ImageObject","inLanguage":"fr-FR","@id":"https:\/\/feurich.com\/en\/#\/schema\/logo\/image\/","url":"https:\/\/feurich.com\/wp-content\/uploads\/logo.png","contentUrl":"https:\/\/feurich.com\/wp-content\/uploads\/logo.png","width":354,"height":151,"caption":"FEURICH"},"image":{"@id":"https:\/\/feurich.com\/en\/#\/schema\/logo\/image\/"},"sameAs":["https:\/\/www.facebook.com\/feurichvienna\/"]}]}},"_links":{"self":[{"href":"https:\/\/feurich.com\/fr\/wp-json\/wp\/v2\/pages\/72230","targetHints":{"allow":["GET"]}}],"collection":[{"href":"https:\/\/feurich.com\/fr\/wp-json\/wp\/v2\/pages"}],"about":[{"href":"https:\/\/feurich.com\/fr\/wp-json\/wp\/v2\/types\/page"}],"author":[{"embeddable":true,"href":"https:\/\/feurich.com\/fr\/wp-json\/wp\/v2\/users\/41"}],"replies":[{"embeddable":true,"href":"https:\/\/feurich.com\/fr\/wp-json\/wp\/v2\/comments?post=72230"}],"version-history":[{"count":27,"href":"https:\/\/feurich.com\/fr\/wp-json\/wp\/v2\/pages\/72230\/revisions"}],"predecessor-version":[{"id":83634,"href":"https:\/\/feurich.com\/fr\/wp-json\/wp\/v2\/pages\/72230\/revisions\/83634"}],"up":[{"embeddable":true,"href":"https:\/\/feurich.com\/fr\/wp-json\/wp\/v2\/pages\/72211"}],"wp:attachment":[{"href":"https:\/\/feurich.com\/fr\/wp-json\/wp\/v2\/media?parent=72230"}],"curies":[{"name":"wp","href":"https:\/\/api.w.org\/{rel}","templated":true}]}}