{"id":72221,"date":"2023-11-21T22:49:51","date_gmt":"2023-11-21T22:49:51","guid":{"rendered":"https:\/\/feurich.com\/olya-evo-e-piano\/upgrade-guarantee\/"},"modified":"2023-12-05T14:58:45","modified_gmt":"2023-12-05T14:58:45","slug":"upgrade","status":"publish","type":"page","link":"https:\/\/feurich.com\/fr\/produits\/olya\/upgrade\/","title":{"rendered":"GARANTIE D&rsquo;\u00c9CHANGE"},"content":{"rendered":"<div class=\"wpb-content-wrapper\"><p>[vc_row css=\u00a0\u00bb.vc_custom_1698844716201{padding-right: 15px !important;padding-left: 15px !important;}\u00a0\u00bb][vc_column css=\u00a0\u00bb.vc_custom_1700821711969{margin-top: 50px !important;background-image: url(https:\/\/feurich.com\/wp-content\/uploads\/6_Olya-Webpage-Header-Unterseiten-1200x400px-3.jpg?id=72523) !important;background-position: center !important;background-repeat: no-repeat !important;background-size: cover !important;}\u00a0\u00bb][vc_row_inner][vc_column_inner css=\u00a0\u00bb.vc_custom_1699527897862{background-position: center !important;background-repeat: no-repeat !important;background-size: cover !important;}\u00a0\u00bb][vc_empty_space height=\u00a0\u00bb120px\u00a0\u00bb css=\u00a0\u00bb.vc_custom_1700821732626{margin-right: 15px !important;margin-left: 15px !important;}\u00a0\u00bb][vc_column_text]<\/p>\n<h2 style=\"text-align: center;\"><span style=\"color: #ffffff;\">GARANTIE DE MISE \u00c0 JOUR<\/span><\/h2>\n<p>[\/vc_column_text][vc_empty_space height=\u00a0\u00bb80px\u00a0\u00bb css=\u00a0\u00bb.vc_custom_1700821726274{margin-right: 15px !important;margin-left: 15px !important;}\u00a0\u00bb][\/vc_column_inner][\/vc_row_inner][\/vc_column][\/vc_row][vc_row][vc_column width=\u00a0\u00bb1\/4&Prime;][\/vc_column][vc_column width=\u00a0\u00bb1\/2&Prime; css=\u00a0\u00bb.vc_custom_1699536182853{margin-top: 50px !important;}\u00a0\u00bb][vc_column_text]<\/p>\n<p align=\"center\"><strong>QU\u2019EST-CE QUE LA GARANTIE DE MISE \u00c0 JOUR ET<\/strong><br \/>\n<strong>COMMENT PUIS-JE LA R\u00c9CLAMER ?<\/strong><strong><br \/>\n<\/strong><br \/>\nEn tant que propri\u00e9taire d\u2019un piano num\u00e9rique FEURICH OLYA, vous pouvez b\u00e9n\u00e9ficier de la garantie de mise \u00e0 jour vers un\u00a0<strong>piano acoustique FEURICH<\/strong>\u00a0dans les deux ans suivant la date d\u2019achat. Nous vous prenons en compte, en coop\u00e9ration avec notre\u00a0<strong>partenaire FEURICH<\/strong>\u00a0de votre r\u00e9gion,<br \/>\n<strong>100 % du PRIX D\u2019ACHAT<\/strong>\u00a0du FEURICH OLYA.<\/p>\n<p align=\"center\">Pour\u00a0<strong>obtenir un<\/strong>\u00a0<strong>devis<\/strong>\u00a0pour le piano acoustique FEURICH de votre choix, y compris la\u00a0<strong>LIVRAISON<\/strong>\u00a0et la\u00a0<strong>L\u2019ACCORDAGE DU PIANO<\/strong>\u00a0apr\u00e8s la livraison, veuillez remplir le formulaire ci-dessous.<\/p>\n<p>[\/vc_column_text][\/vc_column][vc_column width=\u00a0\u00bb1\/4&Prime;][\/vc_column][\/vc_row][vc_row][vc_column css=\u00a0\u00bb.vc_custom_1701788322620{margin-bottom: 50px !important;}\u00a0\u00bb][vc_column_text]<\/p>\n<div>\n<div><h3 class=\"text-center\">Vous devez <a class=\"orange-link\" href=\"https:\/\/feurich.com\/fr\/customer-login\/\">\u00eatre connect\u00e9<\/a> pour soumettre une demande de mise \u00e0 niveau.<\/h3><\/div>\n<\/div>\n<p>[\/vc_column_text][\/vc_column][\/vc_row]<\/p>\n<\/div>","protected":false},"excerpt":{"rendered":"<p>[vc_row css=\u00a0\u00bb.vc_custom_1698844716201{padding-right: 15px !important;padding-left: 15px !important;}\u00a0\u00bb][vc_column css=\u00a0\u00bb.vc_custom_1700821711969{margin-top: 50px !important;background-image: url(https:\/\/feurich.com\/wp-content\/uploads\/6_Olya-Webpage-Header-Unterseiten-1200x400px-3.jpg?id=72523) !important;background-position: center !important;background-repeat: no-repeat !important;background-size: cover !important;}\u00a0\u00bb][vc_row_inner][vc_column_inner css=\u00a0\u00bb.vc_custom_1699527897862{background-position: center !important;background-repeat: no-repeat !important;background-size: cover !important;}\u00a0\u00bb][vc_empty_space height=\u00a0\u00bb120px\u00a0\u00bb css=\u00a0\u00bb.vc_custom_1700821732626{margin-right: 15px !important;margin-left: 15px !important;}\u00a0\u00bb][vc_column_text] &#8230;<\/p>\n","protected":false},"author":41,"featured_media":0,"parent":72211,"menu_order":0,"comment_status":"closed","ping_status":"closed","template":"","meta":{"inline_featured_image":false,"footnotes":""},"class_list":["post-72221","page","type-page","status-publish","hentry"],"acf":[],"yoast_head":"<!-- This site is optimized with the Yoast SEO plugin v24.4 - https:\/\/yoast.com\/wordpress\/plugins\/seo\/ -->\n<title>GARANTIE D&#039;\u00c9CHANGE - FEURICH<\/title>\n<meta name=\"robots\" content=\"index, follow, max-snippet:-1, max-image-preview:large, max-video-preview:-1\" \/>\n<link rel=\"canonical\" href=\"https:\/\/feurich.com\/en\/products\/olya\/upgrade\/\" \/>\n<meta property=\"og:locale\" content=\"fr_FR\" \/>\n<meta property=\"og:type\" content=\"article\" \/>\n<meta property=\"og:title\" content=\"GARANTIE D&#039;\u00c9CHANGE - FEURICH\" \/>\n<meta property=\"og:description\" content=\"[vc_row css=\u00a0\u00bb.vc_custom_1698844716201{padding-right: 15px !important;padding-left: 15px !important;}\u00a0\u00bb][vc_column css=\u00a0\u00bb.vc_custom_1700821711969{margin-top: 50px !important;background-image: url(https:\/\/feurich.com\/wp-content\/uploads\/6_Olya-Webpage-Header-Unterseiten-1200x400px-3.jpg?id=72523) !important;background-position: center !important;background-repeat: no-repeat !important;background-size: cover !important;}\u00a0\u00bb][vc_row_inner][vc_column_inner css=\u00a0\u00bb.vc_custom_1699527897862{background-position: center !important;background-repeat: no-repeat !important;background-size: cover !important;}\u00a0\u00bb][vc_empty_space height=\u00a0\u00bb120px\u00a0\u00bb css=\u00a0\u00bb.vc_custom_1700821732626{margin-right: 15px !important;margin-left: 15px !important;}\u00a0\u00bb][vc_column_text] ...\" \/>\n<meta property=\"og:url\" content=\"https:\/\/feurich.com\/en\/products\/olya\/upgrade\/\" \/>\n<meta property=\"og:site_name\" content=\"FEURICH\" \/>\n<meta property=\"article:publisher\" content=\"https:\/\/www.facebook.com\/feurichvienna\/\" \/>\n<meta property=\"article:modified_time\" content=\"2023-12-05T14:58:45+00:00\" \/>\n<meta name=\"twitter:card\" content=\"summary_large_image\" \/>\n<script type=\"application\/ld+json\" class=\"yoast-schema-graph\">{\"@context\":\"https:\/\/schema.org\",\"@graph\":[{\"@type\":\"WebPage\",\"@id\":\"https:\/\/feurich.com\/en\/products\/olya\/upgrade\/\",\"url\":\"https:\/\/feurich.com\/en\/products\/olya\/upgrade\/\",\"name\":\"GARANTIE D'\u00c9CHANGE - FEURICH\",\"isPartOf\":{\"@id\":\"https:\/\/feurich.com\/en\/#website\"},\"datePublished\":\"2023-11-21T22:49:51+00:00\",\"dateModified\":\"2023-12-05T14:58:45+00:00\",\"breadcrumb\":{\"@id\":\"https:\/\/feurich.com\/en\/products\/olya\/upgrade\/#breadcrumb\"},\"inLanguage\":\"fr-FR\",\"potentialAction\":[{\"@type\":\"ReadAction\",\"target\":[\"https:\/\/feurich.com\/en\/products\/olya\/upgrade\/\"]}]},{\"@type\":\"BreadcrumbList\",\"@id\":\"https:\/\/feurich.com\/en\/products\/olya\/upgrade\/#breadcrumb\",\"itemListElement\":[{\"@type\":\"ListItem\",\"position\":1,\"name\":\"Home\",\"item\":\"https:\/\/feurich.com\/fr\/\"},{\"@type\":\"ListItem\",\"position\":2,\"name\":\"Produits\",\"item\":\"https:\/\/feurich.com\/fr\/produits\/\"},{\"@type\":\"ListItem\",\"position\":3,\"name\":\"OLYA EVO E-PIANO\",\"item\":\"https:\/\/feurich.com\/en\/products\/olya\/\"},{\"@type\":\"ListItem\",\"position\":4,\"name\":\"GARANTIE D&#8217;\u00c9CHANGE\"}]},{\"@type\":\"WebSite\",\"@id\":\"https:\/\/feurich.com\/en\/#website\",\"url\":\"https:\/\/feurich.com\/en\/\",\"name\":\"FEURICH\",\"description\":\"A sound that connects\",\"publisher\":{\"@id\":\"https:\/\/feurich.com\/en\/#organization\"},\"potentialAction\":[{\"@type\":\"SearchAction\",\"target\":{\"@type\":\"EntryPoint\",\"urlTemplate\":\"https:\/\/feurich.com\/en\/?s={search_term_string}\"},\"query-input\":{\"@type\":\"PropertyValueSpecification\",\"valueRequired\":true,\"valueName\":\"search_term_string\"}}],\"inLanguage\":\"fr-FR\"},{\"@type\":\"Organization\",\"@id\":\"https:\/\/feurich.com\/en\/#organization\",\"name\":\"FEURICH\",\"url\":\"https:\/\/feurich.com\/en\/\",\"logo\":{\"@type\":\"ImageObject\",\"inLanguage\":\"fr-FR\",\"@id\":\"https:\/\/feurich.com\/en\/#\/schema\/logo\/image\/\",\"url\":\"https:\/\/feurich.com\/wp-content\/uploads\/logo.png\",\"contentUrl\":\"https:\/\/feurich.com\/wp-content\/uploads\/logo.png\",\"width\":354,\"height\":151,\"caption\":\"FEURICH\"},\"image\":{\"@id\":\"https:\/\/feurich.com\/en\/#\/schema\/logo\/image\/\"},\"sameAs\":[\"https:\/\/www.facebook.com\/feurichvienna\/\"]}]}<\/script>\n<!-- \/ Yoast SEO plugin. -->","yoast_head_json":{"title":"GARANTIE D'\u00c9CHANGE - FEURICH","robots":{"index":"index","follow":"follow","max-snippet":"max-snippet:-1","max-image-preview":"max-image-preview:large","max-video-preview":"max-video-preview:-1"},"canonical":"https:\/\/feurich.com\/en\/products\/olya\/upgrade\/","og_locale":"fr_FR","og_type":"article","og_title":"GARANTIE D'\u00c9CHANGE - FEURICH","og_description":"[vc_row css=\u00a0\u00bb.vc_custom_1698844716201{padding-right: 15px !important;padding-left: 15px !important;}\u00a0\u00bb][vc_column css=\u00a0\u00bb.vc_custom_1700821711969{margin-top: 50px !important;background-image: url(https:\/\/feurich.com\/wp-content\/uploads\/6_Olya-Webpage-Header-Unterseiten-1200x400px-3.jpg?id=72523) !important;background-position: center !important;background-repeat: no-repeat !important;background-size: cover !important;}\u00a0\u00bb][vc_row_inner][vc_column_inner css=\u00a0\u00bb.vc_custom_1699527897862{background-position: center !important;background-repeat: no-repeat !important;background-size: cover !important;}\u00a0\u00bb][vc_empty_space height=\u00a0\u00bb120px\u00a0\u00bb css=\u00a0\u00bb.vc_custom_1700821732626{margin-right: 15px !important;margin-left: 15px !important;}\u00a0\u00bb][vc_column_text] ...","og_url":"https:\/\/feurich.com\/en\/products\/olya\/upgrade\/","og_site_name":"FEURICH","article_publisher":"https:\/\/www.facebook.com\/feurichvienna\/","article_modified_time":"2023-12-05T14:58:45+00:00","twitter_card":"summary_large_image","schema":{"@context":"https:\/\/schema.org","@graph":[{"@type":"WebPage","@id":"https:\/\/feurich.com\/en\/products\/olya\/upgrade\/","url":"https:\/\/feurich.com\/en\/products\/olya\/upgrade\/","name":"GARANTIE D'\u00c9CHANGE - FEURICH","isPartOf":{"@id":"https:\/\/feurich.com\/en\/#website"},"datePublished":"2023-11-21T22:49:51+00:00","dateModified":"2023-12-05T14:58:45+00:00","breadcrumb":{"@id":"https:\/\/feurich.com\/en\/products\/olya\/upgrade\/#breadcrumb"},"inLanguage":"fr-FR","potentialAction":[{"@type":"ReadAction","target":["https:\/\/feurich.com\/en\/products\/olya\/upgrade\/"]}]},{"@type":"BreadcrumbList","@id":"https:\/\/feurich.com\/en\/products\/olya\/upgrade\/#breadcrumb","itemListElement":[{"@type":"ListItem","position":1,"name":"Home","item":"https:\/\/feurich.com\/fr\/"},{"@type":"ListItem","position":2,"name":"Produits","item":"https:\/\/feurich.com\/fr\/produits\/"},{"@type":"ListItem","position":3,"name":"OLYA EVO E-PIANO","item":"https:\/\/feurich.com\/en\/products\/olya\/"},{"@type":"ListItem","position":4,"name":"GARANTIE D&#8217;\u00c9CHANGE"}]},{"@type":"WebSite","@id":"https:\/\/feurich.com\/en\/#website","url":"https:\/\/feurich.com\/en\/","name":"FEURICH","description":"A sound that connects","publisher":{"@id":"https:\/\/feurich.com\/en\/#organization"},"potentialAction":[{"@type":"SearchAction","target":{"@type":"EntryPoint","urlTemplate":"https:\/\/feurich.com\/en\/?s={search_term_string}"},"query-input":{"@type":"PropertyValueSpecification","valueRequired":true,"valueName":"search_term_string"}}],"inLanguage":"fr-FR"},{"@type":"Organization","@id":"https:\/\/feurich.com\/en\/#organization","name":"FEURICH","url":"https:\/\/feurich.com\/en\/","logo":{"@type":"ImageObject","inLanguage":"fr-FR","@id":"https:\/\/feurich.com\/en\/#\/schema\/logo\/image\/","url":"https:\/\/feurich.com\/wp-content\/uploads\/logo.png","contentUrl":"https:\/\/feurich.com\/wp-content\/uploads\/logo.png","width":354,"height":151,"caption":"FEURICH"},"image":{"@id":"https:\/\/feurich.com\/en\/#\/schema\/logo\/image\/"},"sameAs":["https:\/\/www.facebook.com\/feurichvienna\/"]}]}},"_links":{"self":[{"href":"https:\/\/feurich.com\/fr\/wp-json\/wp\/v2\/pages\/72221","targetHints":{"allow":["GET"]}}],"collection":[{"href":"https:\/\/feurich.com\/fr\/wp-json\/wp\/v2\/pages"}],"about":[{"href":"https:\/\/feurich.com\/fr\/wp-json\/wp\/v2\/types\/page"}],"author":[{"embeddable":true,"href":"https:\/\/feurich.com\/fr\/wp-json\/wp\/v2\/users\/41"}],"replies":[{"embeddable":true,"href":"https:\/\/feurich.com\/fr\/wp-json\/wp\/v2\/comments?post=72221"}],"version-history":[{"count":31,"href":"https:\/\/feurich.com\/fr\/wp-json\/wp\/v2\/pages\/72221\/revisions"}],"predecessor-version":[{"id":73086,"href":"https:\/\/feurich.com\/fr\/wp-json\/wp\/v2\/pages\/72221\/revisions\/73086"}],"up":[{"embeddable":true,"href":"https:\/\/feurich.com\/fr\/wp-json\/wp\/v2\/pages\/72211"}],"wp:attachment":[{"href":"https:\/\/feurich.com\/fr\/wp-json\/wp\/v2\/media?parent=72221"}],"curies":[{"name":"wp","href":"https:\/\/api.w.org\/{rel}","templated":true}]}}