{"id":72213,"date":"2023-11-22T01:51:38","date_gmt":"2023-11-22T01:51:38","guid":{"rendered":"https:\/\/feurich.com\/inscrivez-vous\/"},"modified":"2023-11-26T20:07:26","modified_gmt":"2023-11-26T20:07:26","slug":"customer-register","status":"publish","type":"page","link":"https:\/\/feurich.com\/fr\/customer-register\/","title":{"rendered":"Inscrivez-vous"},"content":{"rendered":"<div class=\"wpb-content-wrapper\"><p>[vc_row][vc_column width=\u00a0\u00bb1\/4&Prime;][\/vc_column][vc_column width=\u00a0\u00bb1\/2&Prime;][vc_column_text css=\u00a0\u00bb.vc_custom_1701029159450{margin-bottom: 50px !important;}\u00a0\u00bb]<\/p>\n<h3>Bienvenue dans la famille FEURICH\u00a0!<\/h3>\n<p>Nous sommes heureux que vous rejoigniez notre famille d\u2019amateurs passionn\u00e9s de piano. Veuillez saisir vos coordonn\u00e9es ci-dessous pour acc\u00e9der \u00e0 notre espace membre. N&rsquo;oubliez pas de pr\u00e9parer le num\u00e9ro de s\u00e9rie de votre FEURICH OLYA.[\/vc_column_text][vc_column_text]<div id=\"register-form\" class=\"widecolumn\">\n\t\n\t\n\t<form id=\"signupform\" action=\"https:\/\/feurich.com\/wp-login.php?action=register\" method=\"post\">\n\t\t<p class=\"form-row\">\n\t\t\t<label for=\"email\">Courrier \u00e9lectronique <strong>*<\/strong><\/label>\n\t\t\t<input type=\"email\" name=\"email\" id=\"email\" required>\n\t\t\t<span class=\"error-message\" style=\"display: none;\">Veuillez saisir une adresse de messagerie valide.<\/span>\n\t\t<\/p>\n\n\t\t<p class=\"form-row\">\n\t\t\t<label for=\"first_name\">Pr\u00e9nom <strong>*<\/strong><\/label>\n\t\t\t<input type=\"text\" name=\"first_name\" id=\"first-name\" required>\n\t\t<\/p>\n\n\t\t<p class=\"form-row\">\n\t\t\t<label for=\"last_name\">Nom<\/label>\n\t\t\t<input type=\"text\" name=\"last_name\" id=\"last-name\">\n\t\t<\/p>\n\n\n\t\t<p class=\"form-row\">\n\t\t\t<label for=\"serial_number\">Num\u00e9ro de s\u00e9rie de l'instrument <strong>*<\/strong><\/label>\n\t\t\t<input type=\"text\" name=\"serial_number\" id=\"serial_number\" required>\n\t\t<\/p>\n\n\t\t<p class=\"form-row\">\n\t\t\tRemarque : Le lien pour configurer le mot de passe sera envoy\u00e9 par e-mail \u00e0 l'adresse que vous avez sp\u00e9cifi\u00e9e ci-dessus.\t\t<\/p>\n\n\t\t<p class=\"signup-submit\">\n\t\t\t<input type=\"submit\" name=\"submit\" class=\"register-button\" value=\"S'inscrire\"\/>\n\t\t<\/p>\n\t<\/form>\n\t\n\t<p>Vous avez d\u00e9j\u00e0 un compte ?&nbsp;\n\t\t<a class=\"register-customer\" href=\"https:\/\/feurich.com\/wp-login.php\">\n\t\t\tConnectez-vous ici\t\t<\/a>\n\t<\/p>\n<\/div>[\/vc_column_text][\/vc_column][vc_column width=\u00a0\u00bb1\/4&Prime;][\/vc_column][\/vc_row]<\/p>\n<\/div>","protected":false},"excerpt":{"rendered":"<p>[vc_row][vc_column width=\u00a0\u00bb1\/4&Prime;][\/vc_column][vc_column width=\u00a0\u00bb1\/2&Prime;][vc_column_text css=\u00a0\u00bb.vc_custom_1701029159450{margin-bottom: 50px !important;}\u00a0\u00bb] Bienvenue dans la famille FEURICH\u00a0! Nous sommes heureux que vous rejoigniez notre famille d\u2019amateurs passionn\u00e9s de piano. Veuillez saisir vos coordonn\u00e9es ci-dessous pour acc\u00e9der &#8230;<\/p>\n","protected":false},"author":41,"featured_media":0,"parent":0,"menu_order":0,"comment_status":"closed","ping_status":"closed","template":"","meta":{"inline_featured_image":false,"footnotes":""},"class_list":["post-72213","page","type-page","status-publish","hentry"],"acf":[],"yoast_head":"<!-- This site is optimized with the Yoast SEO plugin v24.4 - https:\/\/yoast.com\/wordpress\/plugins\/seo\/ -->\n<title>Inscrivez-vous - FEURICH<\/title>\n<meta name=\"robots\" content=\"index, follow, max-snippet:-1, max-image-preview:large, max-video-preview:-1\" \/>\n<link rel=\"canonical\" href=\"https:\/\/feurich.com\/en\/customer-register\/\" \/>\n<meta property=\"og:locale\" content=\"fr_FR\" \/>\n<meta property=\"og:type\" content=\"article\" \/>\n<meta property=\"og:title\" content=\"Inscrivez-vous - FEURICH\" \/>\n<meta property=\"og:description\" content=\"[vc_row][vc_column width=\u00a0\u00bb1\/4&Prime;][\/vc_column][vc_column width=\u00a0\u00bb1\/2&Prime;][vc_column_text css=\u00a0\u00bb.vc_custom_1701029159450{margin-bottom: 50px !important;}\u00a0\u00bb] Bienvenue dans la famille FEURICH\u00a0! Nous sommes heureux que vous rejoigniez notre famille d\u2019amateurs passionn\u00e9s de piano. Veuillez saisir vos coordonn\u00e9es ci-dessous pour acc\u00e9der ...\" \/>\n<meta property=\"og:url\" content=\"https:\/\/feurich.com\/en\/customer-register\/\" \/>\n<meta property=\"og:site_name\" content=\"FEURICH\" \/>\n<meta property=\"article:publisher\" content=\"https:\/\/www.facebook.com\/feurichvienna\/\" \/>\n<meta property=\"article:modified_time\" content=\"2023-11-26T20:07:26+00:00\" \/>\n<meta name=\"twitter:card\" content=\"summary_large_image\" \/>\n<script type=\"application\/ld+json\" class=\"yoast-schema-graph\">{\"@context\":\"https:\/\/schema.org\",\"@graph\":[{\"@type\":\"WebPage\",\"@id\":\"https:\/\/feurich.com\/en\/customer-register\/\",\"url\":\"https:\/\/feurich.com\/en\/customer-register\/\",\"name\":\"Inscrivez-vous - FEURICH\",\"isPartOf\":{\"@id\":\"https:\/\/feurich.com\/en\/#website\"},\"datePublished\":\"2023-11-22T01:51:38+00:00\",\"dateModified\":\"2023-11-26T20:07:26+00:00\",\"breadcrumb\":{\"@id\":\"https:\/\/feurich.com\/en\/customer-register\/#breadcrumb\"},\"inLanguage\":\"fr-FR\",\"potentialAction\":[{\"@type\":\"ReadAction\",\"target\":[\"https:\/\/feurich.com\/en\/customer-register\/\"]}]},{\"@type\":\"BreadcrumbList\",\"@id\":\"https:\/\/feurich.com\/en\/customer-register\/#breadcrumb\",\"itemListElement\":[{\"@type\":\"ListItem\",\"position\":1,\"name\":\"Home\",\"item\":\"https:\/\/feurich.com\/fr\/\"},{\"@type\":\"ListItem\",\"position\":2,\"name\":\"Inscrivez-vous\"}]},{\"@type\":\"WebSite\",\"@id\":\"https:\/\/feurich.com\/en\/#website\",\"url\":\"https:\/\/feurich.com\/en\/\",\"name\":\"FEURICH\",\"description\":\"A sound that connects\",\"publisher\":{\"@id\":\"https:\/\/feurich.com\/en\/#organization\"},\"potentialAction\":[{\"@type\":\"SearchAction\",\"target\":{\"@type\":\"EntryPoint\",\"urlTemplate\":\"https:\/\/feurich.com\/en\/?s={search_term_string}\"},\"query-input\":{\"@type\":\"PropertyValueSpecification\",\"valueRequired\":true,\"valueName\":\"search_term_string\"}}],\"inLanguage\":\"fr-FR\"},{\"@type\":\"Organization\",\"@id\":\"https:\/\/feurich.com\/en\/#organization\",\"name\":\"FEURICH\",\"url\":\"https:\/\/feurich.com\/en\/\",\"logo\":{\"@type\":\"ImageObject\",\"inLanguage\":\"fr-FR\",\"@id\":\"https:\/\/feurich.com\/en\/#\/schema\/logo\/image\/\",\"url\":\"https:\/\/feurich.com\/wp-content\/uploads\/logo.png\",\"contentUrl\":\"https:\/\/feurich.com\/wp-content\/uploads\/logo.png\",\"width\":354,\"height\":151,\"caption\":\"FEURICH\"},\"image\":{\"@id\":\"https:\/\/feurich.com\/en\/#\/schema\/logo\/image\/\"},\"sameAs\":[\"https:\/\/www.facebook.com\/feurichvienna\/\"]}]}<\/script>\n<!-- \/ Yoast SEO plugin. -->","yoast_head_json":{"title":"Inscrivez-vous - FEURICH","robots":{"index":"index","follow":"follow","max-snippet":"max-snippet:-1","max-image-preview":"max-image-preview:large","max-video-preview":"max-video-preview:-1"},"canonical":"https:\/\/feurich.com\/en\/customer-register\/","og_locale":"fr_FR","og_type":"article","og_title":"Inscrivez-vous - FEURICH","og_description":"[vc_row][vc_column width=\u00a0\u00bb1\/4&Prime;][\/vc_column][vc_column width=\u00a0\u00bb1\/2&Prime;][vc_column_text css=\u00a0\u00bb.vc_custom_1701029159450{margin-bottom: 50px !important;}\u00a0\u00bb] Bienvenue dans la famille FEURICH\u00a0! Nous sommes heureux que vous rejoigniez notre famille d\u2019amateurs passionn\u00e9s de piano. Veuillez saisir vos coordonn\u00e9es ci-dessous pour acc\u00e9der ...","og_url":"https:\/\/feurich.com\/en\/customer-register\/","og_site_name":"FEURICH","article_publisher":"https:\/\/www.facebook.com\/feurichvienna\/","article_modified_time":"2023-11-26T20:07:26+00:00","twitter_card":"summary_large_image","schema":{"@context":"https:\/\/schema.org","@graph":[{"@type":"WebPage","@id":"https:\/\/feurich.com\/en\/customer-register\/","url":"https:\/\/feurich.com\/en\/customer-register\/","name":"Inscrivez-vous - FEURICH","isPartOf":{"@id":"https:\/\/feurich.com\/en\/#website"},"datePublished":"2023-11-22T01:51:38+00:00","dateModified":"2023-11-26T20:07:26+00:00","breadcrumb":{"@id":"https:\/\/feurich.com\/en\/customer-register\/#breadcrumb"},"inLanguage":"fr-FR","potentialAction":[{"@type":"ReadAction","target":["https:\/\/feurich.com\/en\/customer-register\/"]}]},{"@type":"BreadcrumbList","@id":"https:\/\/feurich.com\/en\/customer-register\/#breadcrumb","itemListElement":[{"@type":"ListItem","position":1,"name":"Home","item":"https:\/\/feurich.com\/fr\/"},{"@type":"ListItem","position":2,"name":"Inscrivez-vous"}]},{"@type":"WebSite","@id":"https:\/\/feurich.com\/en\/#website","url":"https:\/\/feurich.com\/en\/","name":"FEURICH","description":"A sound that connects","publisher":{"@id":"https:\/\/feurich.com\/en\/#organization"},"potentialAction":[{"@type":"SearchAction","target":{"@type":"EntryPoint","urlTemplate":"https:\/\/feurich.com\/en\/?s={search_term_string}"},"query-input":{"@type":"PropertyValueSpecification","valueRequired":true,"valueName":"search_term_string"}}],"inLanguage":"fr-FR"},{"@type":"Organization","@id":"https:\/\/feurich.com\/en\/#organization","name":"FEURICH","url":"https:\/\/feurich.com\/en\/","logo":{"@type":"ImageObject","inLanguage":"fr-FR","@id":"https:\/\/feurich.com\/en\/#\/schema\/logo\/image\/","url":"https:\/\/feurich.com\/wp-content\/uploads\/logo.png","contentUrl":"https:\/\/feurich.com\/wp-content\/uploads\/logo.png","width":354,"height":151,"caption":"FEURICH"},"image":{"@id":"https:\/\/feurich.com\/en\/#\/schema\/logo\/image\/"},"sameAs":["https:\/\/www.facebook.com\/feurichvienna\/"]}]}},"_links":{"self":[{"href":"https:\/\/feurich.com\/fr\/wp-json\/wp\/v2\/pages\/72213","targetHints":{"allow":["GET"]}}],"collection":[{"href":"https:\/\/feurich.com\/fr\/wp-json\/wp\/v2\/pages"}],"about":[{"href":"https:\/\/feurich.com\/fr\/wp-json\/wp\/v2\/types\/page"}],"author":[{"embeddable":true,"href":"https:\/\/feurich.com\/fr\/wp-json\/wp\/v2\/users\/41"}],"replies":[{"embeddable":true,"href":"https:\/\/feurich.com\/fr\/wp-json\/wp\/v2\/comments?post=72213"}],"version-history":[{"count":6,"href":"https:\/\/feurich.com\/fr\/wp-json\/wp\/v2\/pages\/72213\/revisions"}],"predecessor-version":[{"id":72816,"href":"https:\/\/feurich.com\/fr\/wp-json\/wp\/v2\/pages\/72213\/revisions\/72816"}],"wp:attachment":[{"href":"https:\/\/feurich.com\/fr\/wp-json\/wp\/v2\/media?parent=72213"}],"curies":[{"name":"wp","href":"https:\/\/api.w.org\/{rel}","templated":true}]}}