{"id":25754,"date":"2019-08-05T15:11:48","date_gmt":"2019-08-05T15:11:48","guid":{"rendered":"https:\/\/www.feurich.com\/?page_id=25754"},"modified":"2019-08-05T15:17:50","modified_gmt":"2019-08-05T15:17:50","slug":"guarantee","status":"publish","type":"page","link":"https:\/\/feurich.com\/fr\/guarantee\/","title":{"rendered":"Garantie"},"content":{"rendered":"<div class=\"wpb-content-wrapper\"><p>[vc_row][vc_column width=\u00a0\u00bb1\/4&Prime;][\/vc_column][vc_column width=\u00a0\u00bb1\/2&Prime;][vc_column_text el_class=\u00a0\u00bbbig-title\u00a0\u00bb]<\/p>\n<p style=\"text-align: center;\">GARANTIE<\/p>\n<p>[\/vc_column_text][vc_column_text]<form action=\"https:\/\/garantie.feurich.com\/\" method=\"POST\">\n<label for=\"serialno\">Num\u00e9ro de S\u00e9rie\n<\/label><br\/>\n<input id=\"serialno\" name=\"serialno\" type=\"text\" placeholder=\"Num\u00e9ro de S\u00e9rie\"\/>\n<br\/><br\/>\n<label for=\"name\">Pr\u00e9nom\n<\/label><br\/>\n<input id=\"name\" name=\"name\" type=\"text\" placeholder=\"Pr\u00e9nom\" \/>\n<br\/><br\/>\n<label for=\"nachname\">Nom de famille\n<\/label><br\/>\n<input id=\"nachname\" name=\"nachname\" type=\"text\" placeholder=\"Nom de famille\"\/>\n<br\/><br\/>\n<label for=\"tel\">Num\u00e9ro de t\u00e9l\u00e9phone\n<\/label><br\/>\n<input id=\"tel\" name=\"tel\" type=\"text\" placeholder=\"Num\u00e9ro de t\u00e9l\u00e9phone\" \/>\n<br\/><br\/>\n<label for=\"street\">Adresse\n<\/label><br\/>\n<input id=\"street\" name=\"street\" type=\"text\" placeholder=\"Adresse\" \/>\n<br\/><br\/>\n<label for=\"plz\">Code postal\n<\/label><br\/>\n<input id=\"plz\" name=\"plz\" type=\"text\" placeholder=\"Code postal\" \/>\n<br\/><br\/>\n<label for=\"stadt\">Ville\n<\/label><br\/>\n<input id=\"stadt\" name=\"stadt\" type=\"text\" placeholder=\"Ville\" \/>\n<br\/><br\/>\n<label for=\"land\">Pays\n<\/label><br\/>\n<input id=\"land\" name=\"land\" type=\"text\" placeholder=\"Pays\"\/>\n<br\/><br\/>\n<label for=\"modell\">Mod\u00e8le\n<\/label><br\/>\n<select id=\"modell\" name=\"modell\" style=\"width:100%;\">\n<option title=\"115 \u2013 Premiere\" value=\"115\">115 \u2013 Premiere<\/option>\n<option title=\"122 \u2013 Universal\"  value=\"122\">122 \u2013 Universal<\/option>\n<option title=\"123 - Vienna\" value=\"123\">123 - Vienna<\/option>\n<option title=\"125 \u2013 Design\"  value=\"125\">125 \u2013 Design<\/option>\n<option title=\"133 \u2013 Concert\"  value=\"133\">133 \u2013 Concert<\/option>\n<option title=\"152 \u2013 Sound\"  value=\"152\">152 \u2013 Sound<\/option>\n<option title=\"162 \u2013 Dynamic I\"  value=\"162\">162 \u2013 Dynamic I<\/option>\n<option title=\"179 \u2013 Dynamic II\"  value=\"179\">179 \u2013 Dynamic II<\/option>\n<option title=\"218 \u2013 Concert I\"  value=\"218\">218 \u2013 Concert I<\/option>\n<\/select><br\/><br\/>\n<label for=\"date\">Date d\u2019achat\n<\/label><br\/>\n<input id=\"date\" name=\"date\" type=\"date\" placeholder=\"Date d\u2019achat\" \/>\n<br\/><br\/>\n<label for=\"mail\">E-mail\n<\/label><br\/>\n<input id=\"mail\" name=\"mail\" type=\"text\" placeholder=\"E-mail\" \/>\n<br\/><br\/>\n<label for=\"handel\">Nom du revendeur chez qui le piano a \u00e9t\u00e9 achet\u00e9\n<\/label><br\/>\n<input id=\"handel\" name=\"handel\" type=\"text\" placeholder=\"Revendeur\" \/>\n<br\/><br\/>\n<label for=\"text\">Commentaire\n<\/label><br\/>\n<textarea name=\"text\" cols=\"40\" rows=\"20\"><\/textarea>\n<br\/><br\/>\n<input id=\"submit-button\" type=\"submit\" value=\"Envoyer\"\/>\n<input id=\"curr_lang\" name=\"lang\" type=\"hidden\" value=\"fr\"\/><\/form>[\/vc_column_text][\/vc_column][vc_column width=\u00a0\u00bb1\/4&Prime;][\/vc_column][\/vc_row]<\/p>\n<\/div>","protected":false},"excerpt":{"rendered":"<p>[vc_row][vc_column width=\u00a0\u00bb1\/4&Prime;][\/vc_column][vc_column width=\u00a0\u00bb1\/2&Prime;][vc_column_text el_class=\u00a0\u00bbbig-title\u00a0\u00bb] GARANTIE [\/vc_column_text][vc_column_text][\/vc_column_text][\/vc_column][vc_column width=\u00a0\u00bb1\/4&Prime;][\/vc_column][\/vc_row]<\/p>\n","protected":false},"author":39,"featured_media":0,"parent":0,"menu_order":0,"comment_status":"closed","ping_status":"closed","template":"","meta":{"inline_featured_image":false,"footnotes":""},"class_list":["post-25754","page","type-page","status-publish","hentry"],"acf":[],"yoast_head":"<!-- This site is optimized with the Yoast SEO plugin v24.4 - https:\/\/yoast.com\/wordpress\/plugins\/seo\/ -->\n<title>Garantie - FEURICH<\/title>\n<meta name=\"robots\" content=\"index, follow, max-snippet:-1, max-image-preview:large, max-video-preview:-1\" \/>\n<link rel=\"canonical\" href=\"https:\/\/feurich.com\/fr\/guarantee\/\" \/>\n<meta property=\"og:locale\" content=\"fr_FR\" \/>\n<meta property=\"og:type\" content=\"article\" \/>\n<meta property=\"og:title\" content=\"Garantie - FEURICH\" \/>\n<meta property=\"og:description\" content=\"[vc_row][vc_column width=\u00a0\u00bb1\/4&Prime;][\/vc_column][vc_column width=\u00a0\u00bb1\/2&Prime;][vc_column_text el_class=\u00a0\u00bbbig-title\u00a0\u00bb] GARANTIE [\/vc_column_text][vc_column_text][\/vc_column_text][\/vc_column][vc_column width=\u00a0\u00bb1\/4&Prime;][\/vc_column][\/vc_row]\" \/>\n<meta property=\"og:url\" content=\"https:\/\/feurich.com\/fr\/guarantee\/\" \/>\n<meta property=\"og:site_name\" content=\"FEURICH\" \/>\n<meta property=\"article:publisher\" content=\"https:\/\/www.facebook.com\/feurichvienna\/\" \/>\n<meta property=\"article:modified_time\" content=\"2019-08-05T15:17:50+00:00\" \/>\n<meta name=\"twitter:card\" content=\"summary_large_image\" \/>\n<script type=\"application\/ld+json\" class=\"yoast-schema-graph\">{\"@context\":\"https:\/\/schema.org\",\"@graph\":[{\"@type\":\"WebPage\",\"@id\":\"https:\/\/feurich.com\/fr\/guarantee\/\",\"url\":\"https:\/\/feurich.com\/fr\/guarantee\/\",\"name\":\"Garantie - FEURICH\",\"isPartOf\":{\"@id\":\"https:\/\/feurich.com\/en\/#website\"},\"datePublished\":\"2019-08-05T15:11:48+00:00\",\"dateModified\":\"2019-08-05T15:17:50+00:00\",\"breadcrumb\":{\"@id\":\"https:\/\/feurich.com\/fr\/guarantee\/#breadcrumb\"},\"inLanguage\":\"fr-FR\",\"potentialAction\":[{\"@type\":\"ReadAction\",\"target\":[\"https:\/\/feurich.com\/fr\/guarantee\/\"]}]},{\"@type\":\"BreadcrumbList\",\"@id\":\"https:\/\/feurich.com\/fr\/guarantee\/#breadcrumb\",\"itemListElement\":[{\"@type\":\"ListItem\",\"position\":1,\"name\":\"Home\",\"item\":\"https:\/\/feurich.com\/fr\/\"},{\"@type\":\"ListItem\",\"position\":2,\"name\":\"Garantie\"}]},{\"@type\":\"WebSite\",\"@id\":\"https:\/\/feurich.com\/en\/#website\",\"url\":\"https:\/\/feurich.com\/en\/\",\"name\":\"FEURICH\",\"description\":\"A sound that connects\",\"publisher\":{\"@id\":\"https:\/\/feurich.com\/en\/#organization\"},\"potentialAction\":[{\"@type\":\"SearchAction\",\"target\":{\"@type\":\"EntryPoint\",\"urlTemplate\":\"https:\/\/feurich.com\/en\/?s={search_term_string}\"},\"query-input\":{\"@type\":\"PropertyValueSpecification\",\"valueRequired\":true,\"valueName\":\"search_term_string\"}}],\"inLanguage\":\"fr-FR\"},{\"@type\":\"Organization\",\"@id\":\"https:\/\/feurich.com\/en\/#organization\",\"name\":\"FEURICH\",\"url\":\"https:\/\/feurich.com\/en\/\",\"logo\":{\"@type\":\"ImageObject\",\"inLanguage\":\"fr-FR\",\"@id\":\"https:\/\/feurich.com\/en\/#\/schema\/logo\/image\/\",\"url\":\"https:\/\/feurich.com\/wp-content\/uploads\/logo.png\",\"contentUrl\":\"https:\/\/feurich.com\/wp-content\/uploads\/logo.png\",\"width\":354,\"height\":151,\"caption\":\"FEURICH\"},\"image\":{\"@id\":\"https:\/\/feurich.com\/en\/#\/schema\/logo\/image\/\"},\"sameAs\":[\"https:\/\/www.facebook.com\/feurichvienna\/\"]}]}<\/script>\n<!-- \/ Yoast SEO plugin. -->","yoast_head_json":{"title":"Garantie - FEURICH","robots":{"index":"index","follow":"follow","max-snippet":"max-snippet:-1","max-image-preview":"max-image-preview:large","max-video-preview":"max-video-preview:-1"},"canonical":"https:\/\/feurich.com\/fr\/guarantee\/","og_locale":"fr_FR","og_type":"article","og_title":"Garantie - FEURICH","og_description":"[vc_row][vc_column width=\u00a0\u00bb1\/4&Prime;][\/vc_column][vc_column width=\u00a0\u00bb1\/2&Prime;][vc_column_text el_class=\u00a0\u00bbbig-title\u00a0\u00bb] GARANTIE [\/vc_column_text][vc_column_text][\/vc_column_text][\/vc_column][vc_column width=\u00a0\u00bb1\/4&Prime;][\/vc_column][\/vc_row]","og_url":"https:\/\/feurich.com\/fr\/guarantee\/","og_site_name":"FEURICH","article_publisher":"https:\/\/www.facebook.com\/feurichvienna\/","article_modified_time":"2019-08-05T15:17:50+00:00","twitter_card":"summary_large_image","schema":{"@context":"https:\/\/schema.org","@graph":[{"@type":"WebPage","@id":"https:\/\/feurich.com\/fr\/guarantee\/","url":"https:\/\/feurich.com\/fr\/guarantee\/","name":"Garantie - FEURICH","isPartOf":{"@id":"https:\/\/feurich.com\/en\/#website"},"datePublished":"2019-08-05T15:11:48+00:00","dateModified":"2019-08-05T15:17:50+00:00","breadcrumb":{"@id":"https:\/\/feurich.com\/fr\/guarantee\/#breadcrumb"},"inLanguage":"fr-FR","potentialAction":[{"@type":"ReadAction","target":["https:\/\/feurich.com\/fr\/guarantee\/"]}]},{"@type":"BreadcrumbList","@id":"https:\/\/feurich.com\/fr\/guarantee\/#breadcrumb","itemListElement":[{"@type":"ListItem","position":1,"name":"Home","item":"https:\/\/feurich.com\/fr\/"},{"@type":"ListItem","position":2,"name":"Garantie"}]},{"@type":"WebSite","@id":"https:\/\/feurich.com\/en\/#website","url":"https:\/\/feurich.com\/en\/","name":"FEURICH","description":"A sound that connects","publisher":{"@id":"https:\/\/feurich.com\/en\/#organization"},"potentialAction":[{"@type":"SearchAction","target":{"@type":"EntryPoint","urlTemplate":"https:\/\/feurich.com\/en\/?s={search_term_string}"},"query-input":{"@type":"PropertyValueSpecification","valueRequired":true,"valueName":"search_term_string"}}],"inLanguage":"fr-FR"},{"@type":"Organization","@id":"https:\/\/feurich.com\/en\/#organization","name":"FEURICH","url":"https:\/\/feurich.com\/en\/","logo":{"@type":"ImageObject","inLanguage":"fr-FR","@id":"https:\/\/feurich.com\/en\/#\/schema\/logo\/image\/","url":"https:\/\/feurich.com\/wp-content\/uploads\/logo.png","contentUrl":"https:\/\/feurich.com\/wp-content\/uploads\/logo.png","width":354,"height":151,"caption":"FEURICH"},"image":{"@id":"https:\/\/feurich.com\/en\/#\/schema\/logo\/image\/"},"sameAs":["https:\/\/www.facebook.com\/feurichvienna\/"]}]}},"_links":{"self":[{"href":"https:\/\/feurich.com\/fr\/wp-json\/wp\/v2\/pages\/25754","targetHints":{"allow":["GET"]}}],"collection":[{"href":"https:\/\/feurich.com\/fr\/wp-json\/wp\/v2\/pages"}],"about":[{"href":"https:\/\/feurich.com\/fr\/wp-json\/wp\/v2\/types\/page"}],"author":[{"embeddable":true,"href":"https:\/\/feurich.com\/fr\/wp-json\/wp\/v2\/users\/39"}],"replies":[{"embeddable":true,"href":"https:\/\/feurich.com\/fr\/wp-json\/wp\/v2\/comments?post=25754"}],"version-history":[{"count":6,"href":"https:\/\/feurich.com\/fr\/wp-json\/wp\/v2\/pages\/25754\/revisions"}],"predecessor-version":[{"id":25764,"href":"https:\/\/feurich.com\/fr\/wp-json\/wp\/v2\/pages\/25754\/revisions\/25764"}],"wp:attachment":[{"href":"https:\/\/feurich.com\/fr\/wp-json\/wp\/v2\/media?parent=25754"}],"curies":[{"name":"wp","href":"https:\/\/api.w.org\/{rel}","templated":true}]}}