{"id":20152,"date":"2018-09-09T09:46:16","date_gmt":"2018-09-09T09:46:16","guid":{"rendered":"https:\/\/www.feurich.com\/?page_id=20152"},"modified":"2018-09-09T09:49:45","modified_gmt":"2018-09-09T09:49:45","slug":"vladislav-oleg-mikucionok-2","status":"publish","type":"page","link":"https:\/\/feurich.com\/fr\/a-propos-de-nous\/une-equipe-dexperts\/vladislav-oleg-mikucionok-2\/","title":{"rendered":"Vladislav &#038; Oleg Mikucionok"},"content":{"rendered":"<div class=\"wpb-content-wrapper\"><p>[vc_row 0=\u00a0\u00bb\u00a0\u00bb][vc_column 0=\u00a0\u00bb\u00a0\u00bb][vc_empty_space 0=\u00a0\u00bb\u00a0\u00bb][\/vc_column][\/vc_row][vc_row 0=\u00a0\u00bb\u00a0\u00bb][vc_column width=\u00a0\u00bb1\/3&Prime;][vc_single_image image=\u00a0\u00bb19571&Prime; img_size=\u00a0\u00bblarge\u00a0\u00bb alignment=\u00a0\u00bbcenter\u00a0\u00bb][\/vc_column][vc_column width=\u00a0\u00bb2\/3&Prime;][vc_column_text el_class=\u00a0\u00bbbig-title\u00a0\u00bb]Vladislav &amp; Oleg Mikucionok[\/vc_column_text][vc_column_text 0=\u00a0\u00bb\u00a0\u00bb]<strong>Ma\u00eetre facteur de pianos, Technicien Piano et Directeur du centre de production FEURICH Vienne<\/strong><\/p>\n<p>Vladislav Mikucionok grandit dans l&rsquo;atelier de pianos dirig\u00e9 par son p\u00e8re \u00e0 Pilsen, en R\u00e9publique tch\u00e8que. Apr\u00e8s ses \u00e9tudes secondaires, il cr\u00e9e son propre<br \/>\natelier de restauration \u00e0 Pilsen. En 2002, il s&rsquo;installe \u00e0 Prague o\u00f9 il ouvre un magasin de pianos, en exporte dans divers pays, et fournit des services complets \u00e0 de nombreuses institutions musicales et pianistes. En 2008, l&rsquo;atelier s&rsquo;est install\u00e9 \u00e0 Vienne, en Autriche. Vladislav a \u00e9t\u00e9 un membre cl\u00e9 de l&rsquo;\u00e9quipe de la<br \/>\nKLAVIERgalerie, \u00e0 Vienne, en tant que technicien et accordeur de piano. Depuis le d\u00e9but de l\u2019ann\u00e9e 2018, il est charg\u00e9 de la direction de la KLAVIERmanufaktur,<br \/>\no\u00f9 est produit notre piano-phare, le FEURICH 123 &#8211; Vienna.<\/p>\n<p>Son p\u00e8re, Oleg Mikucionok, apprend aussi les ficelles du m\u00e9tier avec son p\u00e8re. Apr\u00e8s avoir obtenu son dipl\u00f4me de ma\u00eetre facteur de piano en 1975, il travaille<br \/>\ndans diverses institutions musicales et ateliers de restauration \u00e0 Saint-P\u00e9tersbourg, en Russie. Il se cr\u00e9e rapidement une solide r\u00e9putation pour son travail de ma\u00eetre facteur de piano et d&rsquo;accordeur de piano. En 1990, il d\u00e9m\u00e9nage en R\u00e9publique tch\u00e8que, o\u00f9 il dirige de l&rsquo;atelier de piano d\u00e9tenu par l&rsquo;\u00c9tat. En 1992, il d\u00e9cide de devenir ind\u00e9pendant et de travailler \u00e0 Pilsen avec son fils Vladislav. Apr\u00e8s avoir d\u00e9m\u00e9nag\u00e9 en Autriche, son titre de ma\u00eetre-facteur de pianos est officiellement reconnu en 2009. Depuis le d\u00e9but de l\u2019ann\u00e9e 2018, Oleg Mikucionok est le ma\u00eetre facteur de piano de notre production de Vienne,<br \/>\nla KLAVIERmanufaktur.<br \/>\n<a href=\"https:\/\/www.feurich.com\/?page_id=406\">&gt;&gt; retour<\/a>[\/vc_column_text][\/vc_column][\/vc_row][vc_row][vc_column][vc_column_text]<\/p>\n<p>[\/vc_column_text][\/vc_column][\/vc_row]<\/p>\n<\/div>","protected":false},"excerpt":{"rendered":"<p>[vc_row 0=\u00a0\u00bb\u00a0\u00bb][vc_column 0=\u00a0\u00bb\u00a0\u00bb][vc_empty_space 0=\u00a0\u00bb\u00a0\u00bb][\/vc_column][\/vc_row][vc_row 0=\u00a0\u00bb\u00a0\u00bb][vc_column width=\u00a0\u00bb1\/3&Prime;][vc_single_image image=\u00a0\u00bb19571&Prime; img_size=\u00a0\u00bblarge\u00a0\u00bb alignment=\u00a0\u00bbcenter\u00a0\u00bb][\/vc_column][vc_column width=\u00a0\u00bb2\/3&Prime;][vc_column_text el_class=\u00a0\u00bbbig-title\u00a0\u00bb]Vladislav &amp; Oleg Mikucionok[\/vc_column_text][vc_column_text 0=\u00a0\u00bb\u00a0\u00bb]Ma\u00eetre facteur de pianos, Technicien Piano et Directeur du centre de production FEURICH Vienne Vladislav Mikucionok &#8230;<\/p>\n","protected":false},"author":30,"featured_media":0,"parent":13705,"menu_order":0,"comment_status":"closed","ping_status":"closed","template":"","meta":{"inline_featured_image":false,"footnotes":""},"class_list":["post-20152","page","type-page","status-publish","hentry"],"acf":[],"yoast_head":"<!-- This site is optimized with the Yoast SEO plugin v24.4 - https:\/\/yoast.com\/wordpress\/plugins\/seo\/ -->\n<title>Vladislav &amp; Oleg Mikucionok - FEURICH<\/title>\n<meta name=\"robots\" content=\"index, follow, max-snippet:-1, max-image-preview:large, max-video-preview:-1\" \/>\n<link rel=\"canonical\" href=\"https:\/\/feurich.com\/fr\/a-propos-de-nous\/une-equipe-dexperts\/vladislav-oleg-mikucionok-2\/\" \/>\n<meta property=\"og:locale\" content=\"fr_FR\" \/>\n<meta property=\"og:type\" content=\"article\" \/>\n<meta property=\"og:title\" content=\"Vladislav &amp; Oleg Mikucionok - FEURICH\" \/>\n<meta property=\"og:description\" content=\"[vc_row 0=\u00a0\u00bb\u00a0\u00bb][vc_column 0=\u00a0\u00bb\u00a0\u00bb][vc_empty_space 0=\u00a0\u00bb\u00a0\u00bb][\/vc_column][\/vc_row][vc_row 0=\u00a0\u00bb\u00a0\u00bb][vc_column width=\u00a0\u00bb1\/3&Prime;][vc_single_image image=\u00a0\u00bb19571&Prime; img_size=\u00a0\u00bblarge\u00a0\u00bb alignment=\u00a0\u00bbcenter\u00a0\u00bb][\/vc_column][vc_column width=\u00a0\u00bb2\/3&Prime;][vc_column_text el_class=\u00a0\u00bbbig-title\u00a0\u00bb]Vladislav &amp; Oleg Mikucionok[\/vc_column_text][vc_column_text 0=\u00a0\u00bb\u00a0\u00bb]Ma\u00eetre facteur de pianos, Technicien Piano et Directeur du centre de production FEURICH Vienne Vladislav Mikucionok ...\" \/>\n<meta property=\"og:url\" content=\"https:\/\/feurich.com\/fr\/a-propos-de-nous\/une-equipe-dexperts\/vladislav-oleg-mikucionok-2\/\" \/>\n<meta property=\"og:site_name\" content=\"FEURICH\" \/>\n<meta property=\"article:publisher\" content=\"https:\/\/www.facebook.com\/feurichvienna\/\" \/>\n<meta property=\"article:modified_time\" content=\"2018-09-09T09:49:45+00:00\" \/>\n<meta name=\"twitter:card\" content=\"summary_large_image\" \/>\n<meta name=\"twitter:label1\" content=\"Dur\u00e9e de lecture estim\u00e9e\" \/>\n\t<meta name=\"twitter:data1\" content=\"2 minutes\" \/>\n<script type=\"application\/ld+json\" class=\"yoast-schema-graph\">{\"@context\":\"https:\/\/schema.org\",\"@graph\":[{\"@type\":\"WebPage\",\"@id\":\"https:\/\/feurich.com\/fr\/a-propos-de-nous\/une-equipe-dexperts\/vladislav-oleg-mikucionok-2\/\",\"url\":\"https:\/\/feurich.com\/fr\/a-propos-de-nous\/une-equipe-dexperts\/vladislav-oleg-mikucionok-2\/\",\"name\":\"Vladislav & Oleg Mikucionok - FEURICH\",\"isPartOf\":{\"@id\":\"https:\/\/feurich.com\/en\/#website\"},\"datePublished\":\"2018-09-09T09:46:16+00:00\",\"dateModified\":\"2018-09-09T09:49:45+00:00\",\"breadcrumb\":{\"@id\":\"https:\/\/feurich.com\/fr\/a-propos-de-nous\/une-equipe-dexperts\/vladislav-oleg-mikucionok-2\/#breadcrumb\"},\"inLanguage\":\"fr-FR\",\"potentialAction\":[{\"@type\":\"ReadAction\",\"target\":[\"https:\/\/feurich.com\/fr\/a-propos-de-nous\/une-equipe-dexperts\/vladislav-oleg-mikucionok-2\/\"]}]},{\"@type\":\"BreadcrumbList\",\"@id\":\"https:\/\/feurich.com\/fr\/a-propos-de-nous\/une-equipe-dexperts\/vladislav-oleg-mikucionok-2\/#breadcrumb\",\"itemListElement\":[{\"@type\":\"ListItem\",\"position\":1,\"name\":\"Home\",\"item\":\"https:\/\/feurich.com\/fr\/\"},{\"@type\":\"ListItem\",\"position\":2,\"name\":\"Notre \u00e9quipe\",\"item\":\"https:\/\/feurich.com\/fr\/a-propos-de-nous\/\"},{\"@type\":\"ListItem\",\"position\":3,\"name\":\"Une \u00e9quipe d&rsquo;experts\",\"item\":\"https:\/\/feurich.com\/fr\/a-propos-de-nous\/une-equipe-dexperts\/\"},{\"@type\":\"ListItem\",\"position\":4,\"name\":\"Vladislav &#038; Oleg Mikucionok\"}]},{\"@type\":\"WebSite\",\"@id\":\"https:\/\/feurich.com\/en\/#website\",\"url\":\"https:\/\/feurich.com\/en\/\",\"name\":\"FEURICH\",\"description\":\"A sound that connects\",\"publisher\":{\"@id\":\"https:\/\/feurich.com\/en\/#organization\"},\"potentialAction\":[{\"@type\":\"SearchAction\",\"target\":{\"@type\":\"EntryPoint\",\"urlTemplate\":\"https:\/\/feurich.com\/en\/?s={search_term_string}\"},\"query-input\":{\"@type\":\"PropertyValueSpecification\",\"valueRequired\":true,\"valueName\":\"search_term_string\"}}],\"inLanguage\":\"fr-FR\"},{\"@type\":\"Organization\",\"@id\":\"https:\/\/feurich.com\/en\/#organization\",\"name\":\"FEURICH\",\"url\":\"https:\/\/feurich.com\/en\/\",\"logo\":{\"@type\":\"ImageObject\",\"inLanguage\":\"fr-FR\",\"@id\":\"https:\/\/feurich.com\/en\/#\/schema\/logo\/image\/\",\"url\":\"https:\/\/feurich.com\/wp-content\/uploads\/logo.png\",\"contentUrl\":\"https:\/\/feurich.com\/wp-content\/uploads\/logo.png\",\"width\":354,\"height\":151,\"caption\":\"FEURICH\"},\"image\":{\"@id\":\"https:\/\/feurich.com\/en\/#\/schema\/logo\/image\/\"},\"sameAs\":[\"https:\/\/www.facebook.com\/feurichvienna\/\"]}]}<\/script>\n<!-- \/ Yoast SEO plugin. -->","yoast_head_json":{"title":"Vladislav & Oleg Mikucionok - FEURICH","robots":{"index":"index","follow":"follow","max-snippet":"max-snippet:-1","max-image-preview":"max-image-preview:large","max-video-preview":"max-video-preview:-1"},"canonical":"https:\/\/feurich.com\/fr\/a-propos-de-nous\/une-equipe-dexperts\/vladislav-oleg-mikucionok-2\/","og_locale":"fr_FR","og_type":"article","og_title":"Vladislav & Oleg Mikucionok - FEURICH","og_description":"[vc_row 0=\u00a0\u00bb\u00a0\u00bb][vc_column 0=\u00a0\u00bb\u00a0\u00bb][vc_empty_space 0=\u00a0\u00bb\u00a0\u00bb][\/vc_column][\/vc_row][vc_row 0=\u00a0\u00bb\u00a0\u00bb][vc_column width=\u00a0\u00bb1\/3&Prime;][vc_single_image image=\u00a0\u00bb19571&Prime; img_size=\u00a0\u00bblarge\u00a0\u00bb alignment=\u00a0\u00bbcenter\u00a0\u00bb][\/vc_column][vc_column width=\u00a0\u00bb2\/3&Prime;][vc_column_text el_class=\u00a0\u00bbbig-title\u00a0\u00bb]Vladislav &amp; Oleg Mikucionok[\/vc_column_text][vc_column_text 0=\u00a0\u00bb\u00a0\u00bb]Ma\u00eetre facteur de pianos, Technicien Piano et Directeur du centre de production FEURICH Vienne Vladislav Mikucionok ...","og_url":"https:\/\/feurich.com\/fr\/a-propos-de-nous\/une-equipe-dexperts\/vladislav-oleg-mikucionok-2\/","og_site_name":"FEURICH","article_publisher":"https:\/\/www.facebook.com\/feurichvienna\/","article_modified_time":"2018-09-09T09:49:45+00:00","twitter_card":"summary_large_image","twitter_misc":{"Dur\u00e9e de lecture estim\u00e9e":"2 minutes"},"schema":{"@context":"https:\/\/schema.org","@graph":[{"@type":"WebPage","@id":"https:\/\/feurich.com\/fr\/a-propos-de-nous\/une-equipe-dexperts\/vladislav-oleg-mikucionok-2\/","url":"https:\/\/feurich.com\/fr\/a-propos-de-nous\/une-equipe-dexperts\/vladislav-oleg-mikucionok-2\/","name":"Vladislav & Oleg Mikucionok - FEURICH","isPartOf":{"@id":"https:\/\/feurich.com\/en\/#website"},"datePublished":"2018-09-09T09:46:16+00:00","dateModified":"2018-09-09T09:49:45+00:00","breadcrumb":{"@id":"https:\/\/feurich.com\/fr\/a-propos-de-nous\/une-equipe-dexperts\/vladislav-oleg-mikucionok-2\/#breadcrumb"},"inLanguage":"fr-FR","potentialAction":[{"@type":"ReadAction","target":["https:\/\/feurich.com\/fr\/a-propos-de-nous\/une-equipe-dexperts\/vladislav-oleg-mikucionok-2\/"]}]},{"@type":"BreadcrumbList","@id":"https:\/\/feurich.com\/fr\/a-propos-de-nous\/une-equipe-dexperts\/vladislav-oleg-mikucionok-2\/#breadcrumb","itemListElement":[{"@type":"ListItem","position":1,"name":"Home","item":"https:\/\/feurich.com\/fr\/"},{"@type":"ListItem","position":2,"name":"Notre \u00e9quipe","item":"https:\/\/feurich.com\/fr\/a-propos-de-nous\/"},{"@type":"ListItem","position":3,"name":"Une \u00e9quipe d&rsquo;experts","item":"https:\/\/feurich.com\/fr\/a-propos-de-nous\/une-equipe-dexperts\/"},{"@type":"ListItem","position":4,"name":"Vladislav &#038; Oleg Mikucionok"}]},{"@type":"WebSite","@id":"https:\/\/feurich.com\/en\/#website","url":"https:\/\/feurich.com\/en\/","name":"FEURICH","description":"A sound that connects","publisher":{"@id":"https:\/\/feurich.com\/en\/#organization"},"potentialAction":[{"@type":"SearchAction","target":{"@type":"EntryPoint","urlTemplate":"https:\/\/feurich.com\/en\/?s={search_term_string}"},"query-input":{"@type":"PropertyValueSpecification","valueRequired":true,"valueName":"search_term_string"}}],"inLanguage":"fr-FR"},{"@type":"Organization","@id":"https:\/\/feurich.com\/en\/#organization","name":"FEURICH","url":"https:\/\/feurich.com\/en\/","logo":{"@type":"ImageObject","inLanguage":"fr-FR","@id":"https:\/\/feurich.com\/en\/#\/schema\/logo\/image\/","url":"https:\/\/feurich.com\/wp-content\/uploads\/logo.png","contentUrl":"https:\/\/feurich.com\/wp-content\/uploads\/logo.png","width":354,"height":151,"caption":"FEURICH"},"image":{"@id":"https:\/\/feurich.com\/en\/#\/schema\/logo\/image\/"},"sameAs":["https:\/\/www.facebook.com\/feurichvienna\/"]}]}},"_links":{"self":[{"href":"https:\/\/feurich.com\/fr\/wp-json\/wp\/v2\/pages\/20152","targetHints":{"allow":["GET"]}}],"collection":[{"href":"https:\/\/feurich.com\/fr\/wp-json\/wp\/v2\/pages"}],"about":[{"href":"https:\/\/feurich.com\/fr\/wp-json\/wp\/v2\/types\/page"}],"author":[{"embeddable":true,"href":"https:\/\/feurich.com\/fr\/wp-json\/wp\/v2\/users\/30"}],"replies":[{"embeddable":true,"href":"https:\/\/feurich.com\/fr\/wp-json\/wp\/v2\/comments?post=20152"}],"version-history":[{"count":4,"href":"https:\/\/feurich.com\/fr\/wp-json\/wp\/v2\/pages\/20152\/revisions"}],"predecessor-version":[{"id":20157,"href":"https:\/\/feurich.com\/fr\/wp-json\/wp\/v2\/pages\/20152\/revisions\/20157"}],"up":[{"embeddable":true,"href":"https:\/\/feurich.com\/fr\/wp-json\/wp\/v2\/pages\/13705"}],"wp:attachment":[{"href":"https:\/\/feurich.com\/fr\/wp-json\/wp\/v2\/media?parent=20152"}],"curies":[{"name":"wp","href":"https:\/\/api.w.org\/{rel}","templated":true}]}}