{"id":15611,"date":"2018-05-24T10:37:56","date_gmt":"2018-05-24T10:37:56","guid":{"rendered":"https:\/\/www.feurich.com\/a-propos-de-nous\/histoire\/"},"modified":"2018-09-18T23:42:53","modified_gmt":"2018-09-18T23:42:53","slug":"histoire","status":"publish","type":"page","link":"https:\/\/feurich.com\/fr\/a-propos-de-nous\/histoire\/","title":{"rendered":"Histoire"},"content":{"rendered":"<div class=\"wpb-content-wrapper\"><p>[vc_row][vc_column][vc_column_text]<\/p>\n<h4><\/h4>\n<p>&nbsp;<\/p>\n<h2>FEURICH \u2013 UNE MARQUE INNOVANTE<\/h2>\n<p><strong>Depuis plus de 165 ans, FEURICH se sp\u00e9cialise dans la facture traditionnelle de pianos et dans des innovations remarquables qui inspirent les passionn\u00e9s de piano du monde entier.<\/strong>[\/vc_column_text][\/vc_column][\/vc_row][vc_row][vc_column width=\u00a0\u00bb1\/3&Prime;][vc_empty_space height=\u00a0\u00bb20px\u00a0\u00bb][vc_single_image image=\u00a0\u00bb2611&Prime; img_size=\u00a0\u00bb357&#215;238&Prime;][\/vc_column][vc_column width=\u00a0\u00bb1\/3&Prime;][vc_empty_space height=\u00a0\u00bb20px\u00a0\u00bb][vc_single_image image=\u00a0\u00bb2607&Prime; img_size=\u00a0\u00bb357&#215;238&Prime;][\/vc_column][vc_column width=\u00a0\u00bb1\/3&Prime;][vc_empty_space height=\u00a0\u00bb20px\u00a0\u00bb][vc_single_image image=\u00a0\u00bb2606&Prime; img_size=\u00a0\u00bb357&#215;238&Prime;][\/vc_column][\/vc_row][vc_row][vc_column][vc_empty_space height=\u00a0\u00bb20px\u00a0\u00bb][vc_column_text]<strong>2016<\/strong><\/p>\n<p>Le 21 juin 2016 est n\u00e9e la pi\u00e8ce ma\u00eetresse de l&rsquo;histoire moderne de FEURICH : le Vienna Piano Production Centre, au centre de Vienne. Le premier piano FEURICH \u00ab\u00a0Made in Austria\u00a0\u00bb a \u00e9t\u00e9 produit. Le <strong>FEURICH Mod. 123 &#8211; Vienna<\/strong> (<a href=\"https:\/\/www.feurich.com\/fr\/innovation\/model-123-vienne\/\">Lien vers le produit<\/a>) \u00e9tablit une nouvelle r\u00e9f\u00e9rence dans la fabrication de pianos et pr\u00e9sente une nouvelle action extraordinaire, ainsi que de nombreux brevets et innovations techniques r\u00e9volutionnaires jamais vus auparavant sur les pianos droits acoustiques.<\/p>\n<p><strong>2015<\/strong><\/p>\n<p>FEURICH r\u00e9vise et met \u00e0 jour ses proc\u00e9dures de production utilis\u00e9es dans nos installations de Ningbo. Le r\u00e9sultat est un m\u00e9canisme de piano am\u00e9lior\u00e9, permettant un pianissimo tr\u00e8s sensible au toucher, une attaque plus contr\u00f4l\u00e9e et une r\u00e9p\u00e9tition plus rapide. Les processus d&rsquo;assemblage sont rationalis\u00e9s, les mat\u00e9riaux optimis\u00e9s et les nouveaux grands mod\u00e8les <strong>162 &#8211; Dynamic I<\/strong> et <strong>179 &#8211; Dynamic II<\/strong> sont introduits.<\/p>\n<p><strong>2010-2012<\/strong><\/p>\n<p>Les droits mondiaux de la marque FEURICH sont repris par la soci\u00e9t\u00e9 \u00e0 Vienne. La mise en \u0153uvre et le d\u00e9veloppement des id\u00e9es pr\u00e9sent\u00e9es dans les m\u00e9thodes traditionnelles de construction de pianos europ\u00e9ens sont d&rsquo;une grande importance pour la nouvelle \u00e9quipe de FEURICH. D\u00e9but de la planification du nouveau centre de production de Vienne. En avril 2010, l&rsquo;\u00e9quipe de Vienne est restructur\u00e9e et le si\u00e8ge est agrandi. Sous le nom de KLAVIERgalerie, il est simultan\u00e9ment transform\u00e9 en un centre de musique renomm\u00e9, o\u00f9 tous les aspects du piano peuvent \u00eatre test\u00e9s et exp\u00e9riment\u00e9s. Ici, tous les d\u00e9veloppements techniques dans les pianos sont test\u00e9s et mis en \u0153uvre avant d&rsquo;\u00eatre introduits dans les processus de production de FEURICH. De nombreuses am\u00e9liorations ont \u00e9t\u00e9 apport\u00e9es aux mod\u00e8les existants, afin de garantir les standards de qualit\u00e9 \u00e9lev\u00e9s associ\u00e9s \u00e0 la marque FEURICH et d&rsquo;am\u00e9liorer encore le rapport qualit\u00e9-prix exceptionnel.[\/vc_column_text][\/vc_column][\/vc_row][vc_row][vc_column width=\u00a0\u00bb1\/3&Prime;][vc_empty_space height=\u00a0\u00bb20px\u00a0\u00bb][vc_single_image image=\u00a0\u00bb2624&Prime; img_size=\u00a0\u00bb357&#215;238&Prime;][\/vc_column][vc_column width=\u00a0\u00bb1\/3&Prime;][vc_empty_space height=\u00a0\u00bb20px\u00a0\u00bb][vc_single_image image=\u00a0\u00bb6342&Prime; img_size=\u00a0\u00bb357&#215;238&Prime;][\/vc_column][vc_column width=\u00a0\u00bb1\/3&Prime;][vc_empty_space height=\u00a0\u00bb20px\u00a0\u00bb][vc_single_image image=\u00a0\u00bb6318&Prime; img_size=\u00a0\u00bb357&#215;238&Prime;][\/vc_column][\/vc_row][vc_row][vc_column][vc_column_text]<\/p>\n<h4><\/h4>\n<p><strong>2003-2010<\/strong><\/p>\n<p>En 2003, notre soci\u00e9t\u00e9 \u00e0 Vienne a commenc\u00e9 la production de pianos avec comme partenaire de production HAILUN PIANO CO. LTD. \u00e0 Ningbo, en Chine. L&rsquo;usine de Hailun est consid\u00e9r\u00e9e comme l&rsquo;installation de production de piano la plus raffin\u00e9e et la plus sophistiqu\u00e9e de Chine. Gr\u00e2ce \u00e0 leur \u00e9quipement haut de gamme, ils sont en mesure de produire toute la gamme de produits n\u00e9cessaires \u00e0 la construction de pianos et sont tr\u00e8s demand\u00e9s en tant que fournisseur de nombreuses marques de pianos parmi les plus connues au monde. Le <strong>mod\u00e8le 122 &#8211; Universal<\/strong> a \u00e9t\u00e9 le premier piano \u00e0 \u00eatre produit enti\u00e8rement \u00e0 l&rsquo;usine de HAILUN \u00e0 Ningbo. A partir d&rsquo;ao\u00fbt 2003, le mod\u00e8le est vendu dans le monde entier et en 2007, il re\u00e7oit le prestigieux prix Diapason d&rsquo;or \u00e0 Paris.<\/p>\n<p>Il est \u00e0 noter que beaucoup de nos excellents pianos \u00e0 queue d\u00e9velopp\u00e9s au cours des derni\u00e8res ann\u00e9es ont d\u00e9j\u00e0 re\u00e7u plusieurs prix pour leur qualit\u00e9 exceptionnelle, et gr\u00e2ce \u00e0 la pr\u00e9paration minutieuse et aux nombreuses innovations derri\u00e8re chaque piano, ils surpassent facilement de nombreux pianos vendus \u00e0 des prix bien plus \u00e9lev\u00e9s.[\/vc_column_text][\/vc_column][\/vc_row][vc_row][vc_column][vc_empty_space height=\u00a0\u00bb20px\u00a0\u00bb][vc_column_text]<\/p>\n<h4><\/h4>\n<h2>FEURICH \u2013 UNE marque traditionnelle<\/h2>\n<p><strong>FEURICH fournit au monde des pianos de premi\u00e8re classe depuis plus de 165 ans.<\/strong><\/p>\n<p><strong>\u00a0<\/strong>[\/vc_column_text][\/vc_column][\/vc_row][vc_row][vc_column width=\u00a0\u00bb1\/3&Prime;][vc_empty_space height=\u00a0\u00bb4px\u00a0\u00bb][vc_empty_space height=\u00a0\u00bb20px\u00a0\u00bb][vc_single_image image=\u00a0\u00bb2604&Prime; alignment=\u00a0\u00bbcenter\u00a0\u00bb][\/vc_column][vc_column width=\u00a0\u00bb2\/3&Prime;][vc_empty_space height=\u00a0\u00bb20px\u00a0\u00bb][vc_column_text]<strong>1994<\/strong><br \/>\nLa soci\u00e9t\u00e9 Euterpe a \u00e9t\u00e9 vendue et c&rsquo;est pour cette raison qu&rsquo;une partie de FEURICH a \u00e9t\u00e9 vendue \u00e0 Bechstein. En 1993, ces actions ont \u00e9t\u00e9 rachet\u00e9es. En 1994, la nouvelle production de FEURICH a commenc\u00e9, en coop\u00e9ration avec R\u00f6nisch et Fritz Steinbauer. En 1999, toute la production de FEURICH est transf\u00e9r\u00e9e dans de nouveaux locaux \u00e0 Gunzenhausen en Allemagne. L&rsquo;\u00e9quipe hautement qualifi\u00e9e de FEURICH a toujours garanti des produits de qualit\u00e9 constante. Le caract\u00e8re sonore typique de FEURICH reste le m\u00eame aujourd&rsquo;hui que par le pass\u00e9.<\/p>\n<p><strong>1959<\/strong><br \/>\nSuite \u00e0 l&rsquo;expropriation forc\u00e9e des actifs de l&rsquo;entreprise par la RDA, il n&rsquo;y avait qu&rsquo;une seule possibilit\u00e9: s&rsquo;installer en Allemagne de l&rsquo;Ouest. A Mittelfranken, une nouvelle maison et un futur pour l&rsquo;entreprise ont \u00e9t\u00e9 trouv\u00e9s. Une p\u00e9riode tr\u00e8s r\u00e9ussie a commenc\u00e9. En collaborant avec Euterpe \u00e0 Langlau, la soci\u00e9t\u00e9 FEURICH a pu atteindre de nouveaux sommets. \u00c0 la fin des ann\u00e9es 1970, l&rsquo;usine employait jusqu&rsquo;\u00e0 276 employ\u00e9s, produisant environ 2000 pianos droits et 300 pianos \u00e0 queue par an.<\/p>\n<p><strong>1911<br \/>\n<\/strong>La deuxi\u00e8me usine de Leipzig-Leutzsch a \u00e9t\u00e9 fond\u00e9e en 1911. L\u00e0, 360 personnes fabriquaient 1 000 pianos droits par an et 600 pianos \u00e0 queue, destin\u00e9s \u00e0 \u00eatre vendus dans le monde entier. A cette \u00e9poque, outre l&rsquo;Europe, FEURICH avait \u00e9tabli un march\u00e9 particuli\u00e8rement fort en Australie, au Chili et au Br\u00e9sil. FEURICH \u00e9tait \u00e0 l&rsquo;\u00e9poque \u00e9tait du d\u00e9nomm\u00e9 Groupe des Cinq. Les cinq principaux fabricants allemands se sont associ\u00e9s pour proposer \u00e0 des pianistes tri\u00e9s sur le volet des pianos \u00e0 queue de concert dans le monde entier. FEURICH comptait \u00e0 cette \u00e9poque 60 grands pianos de concert appartenant \u00e0 l&rsquo;entreprise sur les sc\u00e8nes du monde entier. Ce n&rsquo;est qu&rsquo;apr\u00e8s la Seconde Guerre mondiale que cette \u00e8re influente a pris fin, car presque aucun fabricant allemand ne pouvait produire un piano \u00e0 queue de concert pendant ces temps difficiles.<\/p>\n<p><strong>1851<\/strong><br \/>\nEn 1851, \u00e0 Leipzig,<strong> Julius Gustav Feurich<\/strong> fonda l&rsquo;entreprise de fabrication de pianos FEURICH au prix de 1 mark d&rsquo;or. Son p\u00e8re et son grand-p\u00e8re avant lui avaient appris \u00e0 construire des pianos sp\u00e9cialis\u00e9s et des clavecins. La tradition du piano dans la famille remonte au 18\u00e8me si\u00e8cle. Julius Gustav Feurich fut le premier fabricant de pianos en Allemagne \u00e0 construire un piano droit avec une action sous-amortisseur, prenant ainsi des ann\u00e9es d&rsquo;avance sur ses concurrents[\/vc_column_text][\/vc_column][\/vc_row][vc_row][vc_column width=\u00a0\u00bb1\/3&Prime;][vc_empty_space height=\u00a0\u00bb20px\u00a0\u00bb][vc_single_image image=\u00a0\u00bb2642&Prime; img_size=\u00a0\u00bb357&#215;238&Prime;][\/vc_column][vc_column width=\u00a0\u00bb1\/3&Prime;][vc_empty_space height=\u00a0\u00bb20px\u00a0\u00bb][vc_single_image image=\u00a0\u00bb2603&Prime; img_size=\u00a0\u00bb357&#215;238&Prime;][\/vc_column][vc_column width=\u00a0\u00bb1\/3&Prime;][vc_empty_space height=\u00a0\u00bb20px\u00a0\u00bb][vc_single_image image=\u00a0\u00bb2605&Prime; img_size=\u00a0\u00bb357&#215;238&Prime;][\/vc_column][\/vc_row][vc_row][vc_column][vc_empty_space height=\u00a0\u00bb42px\u00a0\u00bb][\/vc_column][\/vc_row]<\/p>\n<\/div>","protected":false},"excerpt":{"rendered":"<p>Depuis plus de 165 ans, FEURICH se sp\u00e9cialise dans la construction traditionnelle de pianos et dans des innovations remarquables qui suscitent l&rsquo;enthousiasme des passionn\u00e9s de piano du monde entier.<\/p>\n","protected":false},"author":4,"featured_media":0,"parent":11860,"menu_order":0,"comment_status":"closed","ping_status":"closed","template":"template-fullwidth.php","meta":{"inline_featured_image":false,"footnotes":""},"class_list":["post-15611","page","type-page","status-publish","hentry"],"acf":[],"yoast_head":"<!-- This site is optimized with the Yoast SEO plugin v24.4 - https:\/\/yoast.com\/wordpress\/plugins\/seo\/ -->\n<title>Histoire - FEURICH<\/title>\n<meta name=\"description\" content=\"Depuis plus de 165 ans, FEURICH se sp\u00e9cialise dans la construction traditionnelle de pianos et dans des innovations remarquables qui suscitent l&#039;enthousiasme des passionn\u00e9s de piano du monde entier.\" \/>\n<meta name=\"robots\" content=\"index, follow, max-snippet:-1, max-image-preview:large, max-video-preview:-1\" \/>\n<link rel=\"canonical\" href=\"https:\/\/feurich.com\/fr\/a-propos-de-nous\/histoire\/\" \/>\n<meta property=\"og:locale\" content=\"fr_FR\" \/>\n<meta property=\"og:type\" content=\"article\" \/>\n<meta property=\"og:title\" content=\"Histoire - FEURICH\" \/>\n<meta property=\"og:description\" content=\"Depuis plus de 165 ans, FEURICH se sp\u00e9cialise dans la construction traditionnelle de pianos et dans des innovations remarquables qui suscitent l&#039;enthousiasme des passionn\u00e9s de piano du monde entier.\" \/>\n<meta property=\"og:url\" content=\"https:\/\/feurich.com\/fr\/a-propos-de-nous\/histoire\/\" \/>\n<meta property=\"og:site_name\" content=\"FEURICH\" \/>\n<meta property=\"article:publisher\" content=\"https:\/\/www.facebook.com\/feurichvienna\/\" \/>\n<meta property=\"article:modified_time\" content=\"2018-09-18T23:42:53+00:00\" \/>\n<meta name=\"twitter:card\" content=\"summary_large_image\" \/>\n<meta name=\"twitter:label1\" content=\"Dur\u00e9e de lecture estim\u00e9e\" \/>\n\t<meta name=\"twitter:data1\" content=\"6 minutes\" \/>\n<script type=\"application\/ld+json\" class=\"yoast-schema-graph\">{\"@context\":\"https:\/\/schema.org\",\"@graph\":[{\"@type\":\"WebPage\",\"@id\":\"https:\/\/feurich.com\/fr\/a-propos-de-nous\/histoire\/\",\"url\":\"https:\/\/feurich.com\/fr\/a-propos-de-nous\/histoire\/\",\"name\":\"Histoire - FEURICH\",\"isPartOf\":{\"@id\":\"https:\/\/feurich.com\/en\/#website\"},\"datePublished\":\"2018-05-24T10:37:56+00:00\",\"dateModified\":\"2018-09-18T23:42:53+00:00\",\"description\":\"Depuis plus de 165 ans, FEURICH se sp\u00e9cialise dans la construction traditionnelle de pianos et dans des innovations remarquables qui suscitent l'enthousiasme des passionn\u00e9s de piano du monde entier.\",\"breadcrumb\":{\"@id\":\"https:\/\/feurich.com\/fr\/a-propos-de-nous\/histoire\/#breadcrumb\"},\"inLanguage\":\"fr-FR\",\"potentialAction\":[{\"@type\":\"ReadAction\",\"target\":[\"https:\/\/feurich.com\/fr\/a-propos-de-nous\/histoire\/\"]}]},{\"@type\":\"BreadcrumbList\",\"@id\":\"https:\/\/feurich.com\/fr\/a-propos-de-nous\/histoire\/#breadcrumb\",\"itemListElement\":[{\"@type\":\"ListItem\",\"position\":1,\"name\":\"Home\",\"item\":\"https:\/\/feurich.com\/fr\/\"},{\"@type\":\"ListItem\",\"position\":2,\"name\":\"Notre \u00e9quipe\",\"item\":\"https:\/\/feurich.com\/fr\/a-propos-de-nous\/\"},{\"@type\":\"ListItem\",\"position\":3,\"name\":\"Histoire\"}]},{\"@type\":\"WebSite\",\"@id\":\"https:\/\/feurich.com\/en\/#website\",\"url\":\"https:\/\/feurich.com\/en\/\",\"name\":\"FEURICH\",\"description\":\"A sound that connects\",\"publisher\":{\"@id\":\"https:\/\/feurich.com\/en\/#organization\"},\"potentialAction\":[{\"@type\":\"SearchAction\",\"target\":{\"@type\":\"EntryPoint\",\"urlTemplate\":\"https:\/\/feurich.com\/en\/?s={search_term_string}\"},\"query-input\":{\"@type\":\"PropertyValueSpecification\",\"valueRequired\":true,\"valueName\":\"search_term_string\"}}],\"inLanguage\":\"fr-FR\"},{\"@type\":\"Organization\",\"@id\":\"https:\/\/feurich.com\/en\/#organization\",\"name\":\"FEURICH\",\"url\":\"https:\/\/feurich.com\/en\/\",\"logo\":{\"@type\":\"ImageObject\",\"inLanguage\":\"fr-FR\",\"@id\":\"https:\/\/feurich.com\/en\/#\/schema\/logo\/image\/\",\"url\":\"https:\/\/feurich.com\/wp-content\/uploads\/logo.png\",\"contentUrl\":\"https:\/\/feurich.com\/wp-content\/uploads\/logo.png\",\"width\":354,\"height\":151,\"caption\":\"FEURICH\"},\"image\":{\"@id\":\"https:\/\/feurich.com\/en\/#\/schema\/logo\/image\/\"},\"sameAs\":[\"https:\/\/www.facebook.com\/feurichvienna\/\"]}]}<\/script>\n<!-- \/ Yoast SEO plugin. -->","yoast_head_json":{"title":"Histoire - FEURICH","description":"Depuis plus de 165 ans, FEURICH se sp\u00e9cialise dans la construction traditionnelle de pianos et dans des innovations remarquables qui suscitent l'enthousiasme des passionn\u00e9s de piano du monde entier.","robots":{"index":"index","follow":"follow","max-snippet":"max-snippet:-1","max-image-preview":"max-image-preview:large","max-video-preview":"max-video-preview:-1"},"canonical":"https:\/\/feurich.com\/fr\/a-propos-de-nous\/histoire\/","og_locale":"fr_FR","og_type":"article","og_title":"Histoire - FEURICH","og_description":"Depuis plus de 165 ans, FEURICH se sp\u00e9cialise dans la construction traditionnelle de pianos et dans des innovations remarquables qui suscitent l'enthousiasme des passionn\u00e9s de piano du monde entier.","og_url":"https:\/\/feurich.com\/fr\/a-propos-de-nous\/histoire\/","og_site_name":"FEURICH","article_publisher":"https:\/\/www.facebook.com\/feurichvienna\/","article_modified_time":"2018-09-18T23:42:53+00:00","twitter_card":"summary_large_image","twitter_misc":{"Dur\u00e9e de lecture estim\u00e9e":"6 minutes"},"schema":{"@context":"https:\/\/schema.org","@graph":[{"@type":"WebPage","@id":"https:\/\/feurich.com\/fr\/a-propos-de-nous\/histoire\/","url":"https:\/\/feurich.com\/fr\/a-propos-de-nous\/histoire\/","name":"Histoire - FEURICH","isPartOf":{"@id":"https:\/\/feurich.com\/en\/#website"},"datePublished":"2018-05-24T10:37:56+00:00","dateModified":"2018-09-18T23:42:53+00:00","description":"Depuis plus de 165 ans, FEURICH se sp\u00e9cialise dans la construction traditionnelle de pianos et dans des innovations remarquables qui suscitent l'enthousiasme des passionn\u00e9s de piano du monde entier.","breadcrumb":{"@id":"https:\/\/feurich.com\/fr\/a-propos-de-nous\/histoire\/#breadcrumb"},"inLanguage":"fr-FR","potentialAction":[{"@type":"ReadAction","target":["https:\/\/feurich.com\/fr\/a-propos-de-nous\/histoire\/"]}]},{"@type":"BreadcrumbList","@id":"https:\/\/feurich.com\/fr\/a-propos-de-nous\/histoire\/#breadcrumb","itemListElement":[{"@type":"ListItem","position":1,"name":"Home","item":"https:\/\/feurich.com\/fr\/"},{"@type":"ListItem","position":2,"name":"Notre \u00e9quipe","item":"https:\/\/feurich.com\/fr\/a-propos-de-nous\/"},{"@type":"ListItem","position":3,"name":"Histoire"}]},{"@type":"WebSite","@id":"https:\/\/feurich.com\/en\/#website","url":"https:\/\/feurich.com\/en\/","name":"FEURICH","description":"A sound that connects","publisher":{"@id":"https:\/\/feurich.com\/en\/#organization"},"potentialAction":[{"@type":"SearchAction","target":{"@type":"EntryPoint","urlTemplate":"https:\/\/feurich.com\/en\/?s={search_term_string}"},"query-input":{"@type":"PropertyValueSpecification","valueRequired":true,"valueName":"search_term_string"}}],"inLanguage":"fr-FR"},{"@type":"Organization","@id":"https:\/\/feurich.com\/en\/#organization","name":"FEURICH","url":"https:\/\/feurich.com\/en\/","logo":{"@type":"ImageObject","inLanguage":"fr-FR","@id":"https:\/\/feurich.com\/en\/#\/schema\/logo\/image\/","url":"https:\/\/feurich.com\/wp-content\/uploads\/logo.png","contentUrl":"https:\/\/feurich.com\/wp-content\/uploads\/logo.png","width":354,"height":151,"caption":"FEURICH"},"image":{"@id":"https:\/\/feurich.com\/en\/#\/schema\/logo\/image\/"},"sameAs":["https:\/\/www.facebook.com\/feurichvienna\/"]}]}},"_links":{"self":[{"href":"https:\/\/feurich.com\/fr\/wp-json\/wp\/v2\/pages\/15611","targetHints":{"allow":["GET"]}}],"collection":[{"href":"https:\/\/feurich.com\/fr\/wp-json\/wp\/v2\/pages"}],"about":[{"href":"https:\/\/feurich.com\/fr\/wp-json\/wp\/v2\/types\/page"}],"author":[{"embeddable":true,"href":"https:\/\/feurich.com\/fr\/wp-json\/wp\/v2\/users\/4"}],"replies":[{"embeddable":true,"href":"https:\/\/feurich.com\/fr\/wp-json\/wp\/v2\/comments?post=15611"}],"version-history":[{"count":7,"href":"https:\/\/feurich.com\/fr\/wp-json\/wp\/v2\/pages\/15611\/revisions"}],"predecessor-version":[{"id":20270,"href":"https:\/\/feurich.com\/fr\/wp-json\/wp\/v2\/pages\/15611\/revisions\/20270"}],"up":[{"embeddable":true,"href":"https:\/\/feurich.com\/fr\/wp-json\/wp\/v2\/pages\/11860"}],"wp:attachment":[{"href":"https:\/\/feurich.com\/fr\/wp-json\/wp\/v2\/media?parent=15611"}],"curies":[{"name":"wp","href":"https:\/\/api.w.org\/{rel}","templated":true}]}}