{"id":15608,"date":"2017-12-05T16:20:12","date_gmt":"2017-12-05T16:20:12","guid":{"rendered":"https:\/\/www.feurich.com\/innovation\/kamm-mecanisme-haute-vitesse\/"},"modified":"2025-02-25T08:04:51","modified_gmt":"2025-02-25T08:04:51","slug":"high-speed-kamm-action","status":"publish","type":"page","link":"https:\/\/feurich.com\/fr\/innovation\/high-speed-kamm-action\/","title":{"rendered":"Action de peigne \u00e0 grande vitesse"},"content":{"rendered":"<div class=\"wpb-content-wrapper\"><p>[vc_row 0=\u00a0\u00bb\u00a0\u00bb][vc_column 0=\u00a0\u00bb\u00a0\u00bb][vc_empty_space 0=\u00a0\u00bb\u00a0\u00bb][vc_column_text el_class=\u00a0\u00bbbig-title\u00a0\u00bb]<\/p>\n<p style=\"text-align: center;\">Action de peigne \u00e0 grande vitesse<\/p>\n<p>[\/vc_column_text][vc_empty_space 0=\u00a0\u00bb\u00a0\u00bb height=\u00a0\u00bb20px\u00a0\u00bb][vc_column_text]<\/p>\n<p style=\"text-align: center;\">Bienvenue dans l&rsquo;avenir du jeu de piano &#8211; avec l&rsquo;action KAMM \u00e0 grande vitesse de FEURICH !<br \/>\nVotre piano FEURICH est \u00e9quip\u00e9 de notre syst\u00e8me innovant High-Speed KAMM Action &#8211; pour une jouabilit\u00e9 encore plus pr\u00e9cise et une r\u00e9p\u00e9titivit\u00e9 incomparable.<\/p>\n<p style=\"text-align: left;\"><strong>Pour les pianistes :<\/strong> profitez du toucher exceptionnel et de la perfection technique de cette nouvelle m\u00e9canique.<\/p>\n<p style=\"text-align: left;\"><strong>Pour les accordeurs et les facteurs de pianos :<\/strong> vous trouverez ici la <a href=\"https:\/\/feurich.com\/wp-content\/uploads\/High-Speed-KAMM-Action-Installation-Manual.pdf\"><strong>instructions de r\u00e9glage d\u00e9taill\u00e9es en PDF<\/strong><\/a>. Vous trouverez ici les instructions pour r\u00e9gler la m\u00e9canique de mani\u00e8re optimale et tirer le meilleur parti de chaque instrument.<\/p>\n<p style=\"text-align: center;\">Merci d&rsquo;avoir choisi FEURICH &#8211; l&rsquo;innovation rencontre la tradition !<\/p>\n<p>[\/vc_column_text][vc_empty_space 0=\u00a0\u00bb\u00a0\u00bb height=\u00a0\u00bb20px\u00a0\u00bb][\/vc_column][\/vc_row][vc_row][vc_column width=\u00a0\u00bb1\/2&Prime;][vc_column_text]<div class=\"wpb_video_widget wpb_content_element  vc_clearfix vc_video-aspect-ratio-43 vc_video-el-width-100 vc_video-align-left\"><div class=\"wpb_wrapper\"><div class=\"wpb_video_wrapper\"><div class=\"fluid-width-video-wrapper\"><iframe src=\"https:\/\/www.youtube.com\/embed\/roAPxagOb-4?feature=oembed\" frameborder=\"0\" gesture=\"media\" allow=\"encrypted-media\" allowfullscreen=\"\" class=\"vid-youtube\"><\/iframe><\/div><\/div><\/div><\/div>[\/vc_column_text][\/vc_column][vc_column width=\u00a0\u00bb1\/2&Prime;][vc_column_text 0=\u00a0\u00bb\u00a0\u00bb]Les pianistes professionnels ont toujours pr\u00e9f\u00e9r\u00e9 les pianos \u00e0 queue aux pianos droits. Les r\u00e9p\u00e9titions d\u00e9licates sont justement trop difficiles \u00e0 reproduire sur un piano &#8211; du moins jusqu&rsquo;\u00e0 pr\u00e9sent. Le facteur de pianos allemand Udo Kamm a d\u00e9velopp\u00e9, en collaboration avec FEURICH, une pi\u00e8ce de montage pour la m\u00e9canique du piano qui am\u00e9liore consid\u00e9rablement les caract\u00e9ristiques de jeu du piano.<\/p>\n<p>Des \u00e9tudes scientifiques men\u00e9es \u00e0 l&rsquo;Institut d&rsquo;acoustique musicale de l&rsquo;Universit\u00e9 de musique et des arts du spectacle de Vienne ont confirm\u00e9 l&rsquo;efficacit\u00e9 de l&rsquo;action KAMM \u00e0 grande vitesse : le brevet entra\u00eene une am\u00e9lioration mesurable des propri\u00e9t\u00e9s de r\u00e9p\u00e9tition, m\u00eame lorsque la touche n&rsquo;est pas compl\u00e8tement rel\u00e2ch\u00e9e. R\u00e9sultat : les r\u00e9p\u00e9titions rapides sont plus faciles \u00e0 jouer, et ce \u00e0 tous les niveaux dynamiques.[\/vc_column_text][vc_column_text 0=\u00a0\u00bb\u00a0\u00bb]<strong>Le meilleur<\/strong>: vous pouvez faire installer le \u00a9 FEURICH &#8211; High Speed KAMM Action par votre technicien sur<strong> n&rsquo;importe quel piano de n&rsquo;importe quel fabricant<\/strong> &#8211; et ce pour seulement <strong>599 \u20ac<\/strong>!<\/p>\n<p>Pour plus d&rsquo;informations et pour passer commande, veuillez utiliser notre formulaire de contact :[\/vc_column_text][vc_btn title=\u00a0\u00bbCommandez High Speed KAMM Action\u00a0\u00bb style=\u00a0\u00bbclassic\u00a0\u00bb link=\u00a0\u00bburl:https%3A%2F%2Fwww.feurich.com%2Fde%2Finformation-kontakt%2Fkontakt%2F|\u00a0\u00bb][\/vc_column][\/vc_row][vc_row 0=\u00a0\u00bb\u00a0\u00bb][vc_column 0=\u00a0\u00bb\u00a0\u00bb][vc_empty_space 0=\u00a0\u00bb\u00a0\u00bb][vc_media_grid grid_id=\u00a0\u00bbvc_gid:1740470502378-c43d4112-75c2-6&Prime; include=\u00a0\u00bb50264,83078,50274&Prime;][vc_empty_space 0=\u00a0\u00bb\u00a0\u00bb][\/vc_column][\/vc_row]<\/p>\n<\/div>","protected":false},"excerpt":{"rendered":"<p>Les pianos \u00e0 queue sont merveilleux, mais si vous n&rsquo;en avez pas chez vous, il existe d\u00e9sormais un moyen d&rsquo;am\u00e9liorer consid\u00e9rablement votre piano &#8211; le High Speed KAMM Action.<\/p>\n","protected":false},"author":4,"featured_media":0,"parent":13731,"menu_order":0,"comment_status":"closed","ping_status":"closed","template":"template-fullwidth.php","meta":{"inline_featured_image":false,"footnotes":""},"class_list":["post-15608","page","type-page","status-publish","hentry"],"acf":[],"yoast_head":"<!-- This site is optimized with the Yoast SEO plugin v24.4 - https:\/\/yoast.com\/wordpress\/plugins\/seo\/ -->\n<title>Action de peigne \u00e0 grande vitesse - FEURICH<\/title>\n<meta name=\"description\" content=\"Les pianos \u00e0 queue sont merveilleux, mais si vous n&#039;en avez pas chez vous, il existe d\u00e9sormais un moyen d&#039;am\u00e9liorer consid\u00e9rablement votre piano ...\" \/>\n<meta name=\"robots\" content=\"index, follow, max-snippet:-1, max-image-preview:large, max-video-preview:-1\" \/>\n<link rel=\"canonical\" href=\"https:\/\/feurich.com\/fr\/innovation\/high-speed-kamm-action\/\" \/>\n<meta property=\"og:locale\" content=\"fr_FR\" \/>\n<meta property=\"og:type\" content=\"article\" \/>\n<meta property=\"og:title\" content=\"Action de peigne \u00e0 grande vitesse - FEURICH\" \/>\n<meta property=\"og:description\" content=\"Les pianos \u00e0 queue sont merveilleux, mais si vous n&#039;en avez pas chez vous, il existe d\u00e9sormais un moyen d&#039;am\u00e9liorer consid\u00e9rablement votre piano ...\" \/>\n<meta property=\"og:url\" content=\"https:\/\/feurich.com\/fr\/innovation\/high-speed-kamm-action\/\" \/>\n<meta property=\"og:site_name\" content=\"FEURICH\" \/>\n<meta property=\"article:publisher\" content=\"https:\/\/www.facebook.com\/feurichvienna\/\" \/>\n<meta property=\"article:modified_time\" content=\"2025-02-25T08:04:51+00:00\" \/>\n<meta name=\"twitter:card\" content=\"summary_large_image\" \/>\n<meta name=\"twitter:label1\" content=\"Dur\u00e9e de lecture estim\u00e9e\" \/>\n\t<meta name=\"twitter:data1\" content=\"2 minutes\" \/>\n<script type=\"application\/ld+json\" class=\"yoast-schema-graph\">{\"@context\":\"https:\/\/schema.org\",\"@graph\":[{\"@type\":\"WebPage\",\"@id\":\"https:\/\/feurich.com\/fr\/innovation\/high-speed-kamm-action\/\",\"url\":\"https:\/\/feurich.com\/fr\/innovation\/high-speed-kamm-action\/\",\"name\":\"Action de peigne \u00e0 grande vitesse - FEURICH\",\"isPartOf\":{\"@id\":\"https:\/\/feurich.com\/en\/#website\"},\"datePublished\":\"2017-12-05T16:20:12+00:00\",\"dateModified\":\"2025-02-25T08:04:51+00:00\",\"description\":\"Les pianos \u00e0 queue sont merveilleux, mais si vous n'en avez pas chez vous, il existe d\u00e9sormais un moyen d'am\u00e9liorer consid\u00e9rablement votre piano ...\",\"breadcrumb\":{\"@id\":\"https:\/\/feurich.com\/fr\/innovation\/high-speed-kamm-action\/#breadcrumb\"},\"inLanguage\":\"fr-FR\",\"potentialAction\":[{\"@type\":\"ReadAction\",\"target\":[\"https:\/\/feurich.com\/fr\/innovation\/high-speed-kamm-action\/\"]}]},{\"@type\":\"BreadcrumbList\",\"@id\":\"https:\/\/feurich.com\/fr\/innovation\/high-speed-kamm-action\/#breadcrumb\",\"itemListElement\":[{\"@type\":\"ListItem\",\"position\":1,\"name\":\"Home\",\"item\":\"https:\/\/feurich.com\/fr\/\"},{\"@type\":\"ListItem\",\"position\":2,\"name\":\"Innovation\",\"item\":\"https:\/\/feurich.com\/fr\/innovation\/\"},{\"@type\":\"ListItem\",\"position\":3,\"name\":\"Action de peigne \u00e0 grande vitesse\"}]},{\"@type\":\"WebSite\",\"@id\":\"https:\/\/feurich.com\/en\/#website\",\"url\":\"https:\/\/feurich.com\/en\/\",\"name\":\"FEURICH\",\"description\":\"A sound that connects\",\"publisher\":{\"@id\":\"https:\/\/feurich.com\/en\/#organization\"},\"potentialAction\":[{\"@type\":\"SearchAction\",\"target\":{\"@type\":\"EntryPoint\",\"urlTemplate\":\"https:\/\/feurich.com\/en\/?s={search_term_string}\"},\"query-input\":{\"@type\":\"PropertyValueSpecification\",\"valueRequired\":true,\"valueName\":\"search_term_string\"}}],\"inLanguage\":\"fr-FR\"},{\"@type\":\"Organization\",\"@id\":\"https:\/\/feurich.com\/en\/#organization\",\"name\":\"FEURICH\",\"url\":\"https:\/\/feurich.com\/en\/\",\"logo\":{\"@type\":\"ImageObject\",\"inLanguage\":\"fr-FR\",\"@id\":\"https:\/\/feurich.com\/en\/#\/schema\/logo\/image\/\",\"url\":\"https:\/\/feurich.com\/wp-content\/uploads\/logo.png\",\"contentUrl\":\"https:\/\/feurich.com\/wp-content\/uploads\/logo.png\",\"width\":354,\"height\":151,\"caption\":\"FEURICH\"},\"image\":{\"@id\":\"https:\/\/feurich.com\/en\/#\/schema\/logo\/image\/\"},\"sameAs\":[\"https:\/\/www.facebook.com\/feurichvienna\/\"]}]}<\/script>\n<!-- \/ Yoast SEO plugin. -->","yoast_head_json":{"title":"Action de peigne \u00e0 grande vitesse - FEURICH","description":"Les pianos \u00e0 queue sont merveilleux, mais si vous n'en avez pas chez vous, il existe d\u00e9sormais un moyen d'am\u00e9liorer consid\u00e9rablement votre piano ...","robots":{"index":"index","follow":"follow","max-snippet":"max-snippet:-1","max-image-preview":"max-image-preview:large","max-video-preview":"max-video-preview:-1"},"canonical":"https:\/\/feurich.com\/fr\/innovation\/high-speed-kamm-action\/","og_locale":"fr_FR","og_type":"article","og_title":"Action de peigne \u00e0 grande vitesse - FEURICH","og_description":"Les pianos \u00e0 queue sont merveilleux, mais si vous n'en avez pas chez vous, il existe d\u00e9sormais un moyen d'am\u00e9liorer consid\u00e9rablement votre piano ...","og_url":"https:\/\/feurich.com\/fr\/innovation\/high-speed-kamm-action\/","og_site_name":"FEURICH","article_publisher":"https:\/\/www.facebook.com\/feurichvienna\/","article_modified_time":"2025-02-25T08:04:51+00:00","twitter_card":"summary_large_image","twitter_misc":{"Dur\u00e9e de lecture estim\u00e9e":"2 minutes"},"schema":{"@context":"https:\/\/schema.org","@graph":[{"@type":"WebPage","@id":"https:\/\/feurich.com\/fr\/innovation\/high-speed-kamm-action\/","url":"https:\/\/feurich.com\/fr\/innovation\/high-speed-kamm-action\/","name":"Action de peigne \u00e0 grande vitesse - FEURICH","isPartOf":{"@id":"https:\/\/feurich.com\/en\/#website"},"datePublished":"2017-12-05T16:20:12+00:00","dateModified":"2025-02-25T08:04:51+00:00","description":"Les pianos \u00e0 queue sont merveilleux, mais si vous n'en avez pas chez vous, il existe d\u00e9sormais un moyen d'am\u00e9liorer consid\u00e9rablement votre piano ...","breadcrumb":{"@id":"https:\/\/feurich.com\/fr\/innovation\/high-speed-kamm-action\/#breadcrumb"},"inLanguage":"fr-FR","potentialAction":[{"@type":"ReadAction","target":["https:\/\/feurich.com\/fr\/innovation\/high-speed-kamm-action\/"]}]},{"@type":"BreadcrumbList","@id":"https:\/\/feurich.com\/fr\/innovation\/high-speed-kamm-action\/#breadcrumb","itemListElement":[{"@type":"ListItem","position":1,"name":"Home","item":"https:\/\/feurich.com\/fr\/"},{"@type":"ListItem","position":2,"name":"Innovation","item":"https:\/\/feurich.com\/fr\/innovation\/"},{"@type":"ListItem","position":3,"name":"Action de peigne \u00e0 grande vitesse"}]},{"@type":"WebSite","@id":"https:\/\/feurich.com\/en\/#website","url":"https:\/\/feurich.com\/en\/","name":"FEURICH","description":"A sound that connects","publisher":{"@id":"https:\/\/feurich.com\/en\/#organization"},"potentialAction":[{"@type":"SearchAction","target":{"@type":"EntryPoint","urlTemplate":"https:\/\/feurich.com\/en\/?s={search_term_string}"},"query-input":{"@type":"PropertyValueSpecification","valueRequired":true,"valueName":"search_term_string"}}],"inLanguage":"fr-FR"},{"@type":"Organization","@id":"https:\/\/feurich.com\/en\/#organization","name":"FEURICH","url":"https:\/\/feurich.com\/en\/","logo":{"@type":"ImageObject","inLanguage":"fr-FR","@id":"https:\/\/feurich.com\/en\/#\/schema\/logo\/image\/","url":"https:\/\/feurich.com\/wp-content\/uploads\/logo.png","contentUrl":"https:\/\/feurich.com\/wp-content\/uploads\/logo.png","width":354,"height":151,"caption":"FEURICH"},"image":{"@id":"https:\/\/feurich.com\/en\/#\/schema\/logo\/image\/"},"sameAs":["https:\/\/www.facebook.com\/feurichvienna\/"]}]}},"_links":{"self":[{"href":"https:\/\/feurich.com\/fr\/wp-json\/wp\/v2\/pages\/15608","targetHints":{"allow":["GET"]}}],"collection":[{"href":"https:\/\/feurich.com\/fr\/wp-json\/wp\/v2\/pages"}],"about":[{"href":"https:\/\/feurich.com\/fr\/wp-json\/wp\/v2\/types\/page"}],"author":[{"embeddable":true,"href":"https:\/\/feurich.com\/fr\/wp-json\/wp\/v2\/users\/4"}],"replies":[{"embeddable":true,"href":"https:\/\/feurich.com\/fr\/wp-json\/wp\/v2\/comments?post=15608"}],"version-history":[{"count":16,"href":"https:\/\/feurich.com\/fr\/wp-json\/wp\/v2\/pages\/15608\/revisions"}],"predecessor-version":[{"id":83217,"href":"https:\/\/feurich.com\/fr\/wp-json\/wp\/v2\/pages\/15608\/revisions\/83217"}],"up":[{"embeddable":true,"href":"https:\/\/feurich.com\/fr\/wp-json\/wp\/v2\/pages\/13731"}],"wp:attachment":[{"href":"https:\/\/feurich.com\/fr\/wp-json\/wp\/v2\/media?parent=15608"}],"curies":[{"name":"wp","href":"https:\/\/api.w.org\/{rel}","templated":true}]}}