{"id":15605,"date":"2018-05-24T09:53:47","date_gmt":"2018-05-24T09:53:47","guid":{"rendered":"https:\/\/www.feurich.com\/innovation\/systemes-silencieux\/"},"modified":"2021-11-23T10:56:10","modified_gmt":"2021-11-23T10:56:10","slug":"systemes-silencieux","status":"publish","type":"page","link":"https:\/\/feurich.com\/fr\/innovation\/systemes-silencieux\/","title":{"rendered":"Syst\u00e8mes silencieux"},"content":{"rendered":"<div class=\"wpb-content-wrapper\"><p>[vc_row][vc_column width=\u00a0\u00bb1\/3&Prime;][vc_empty_space][\/vc_column][vc_column width=\u00a0\u00bb2\/3&Prime;][vc_empty_space][vc_column_text el_class=\u00a0\u00bbbig-title\u00a0\u00bb]<br \/>\nSyst\u00e8mes silencieux<br \/>\n[\/vc_column_text][vc_empty_space height=\u00a0\u00bb20px\u00a0\u00bb][\/vc_column][\/vc_row][vc_row][vc_column width=\u00a0\u00bb1\/3&Prime;][vc_single_image image=\u00a0\u00bb3115&Prime; img_size=\u00a0\u00bblarge\u00a0\u00bb][\/vc_column][vc_column width=\u00a0\u00bb2\/3&Prime;][vc_column_text]Plus de voisins en col\u00e8re quand vous essayez de vous entra\u00eener! Avec notre syst\u00e8me de silencieux Real Touch, les pianistes peuvent facilement exercer leurs doigts, m\u00eame pendant la nuit. L&rsquo;instrument peut d&rsquo;un simple geste \u00eatre mis en \u00ab\u00a0mode silencieux\u00a0\u00bb, et le son passe alors uniquement dans le casque ou les \u00e9couteurs.<\/p>\n<h5>Pour les Pianos droits<\/h5>\n<p>Le silencieux peut \u00eatre int\u00e9gr\u00e9 dans n&rsquo;importe lequel de nos pianos droits, ainsi que dans des mod\u00e8les cr\u00e9\u00e9s par d&rsquo;autres fabricants de pianos. Cependant, il arrive que le piano soit trop petit : une solution diff\u00e9rente peut \u00eatre n\u00e9cessaire s&rsquo;il n&rsquo;y a pas suffisamment d&rsquo;espace pour installer un silencieux.<\/p>\n<h5>POUR LES PIANOS A QUEUE<\/h5>\n<p>Le syst\u00e8me de silencieux avec un rail d&rsquo;arr\u00eat compatible avec presque n&rsquo;importe quelle marque de piano \u00e0 queue. Le l\u00e2cher est plac\u00e9 \u00e0 environ 6-8 mm des cordes.<\/p>\n<p><em>Pour plus d&rsquo;informations, veuillez nous envoyer un message.<\/em><\/p>\n<p><a href=\"https:\/\/feurich.com\/en\/information-contact\/\">&gt;&gt; Contact<\/a>[\/vc_column_text][\/vc_column][\/vc_row]<\/p>\n<\/div>","protected":false},"excerpt":{"rendered":"<p>Finis les querelles de voisinages! Avec notre propre syst\u00e8me de silencieux Real Touch, vous pouvez facilement couper le son de votre piano et jouer en mode casque.<\/p>\n","protected":false},"author":4,"featured_media":3115,"parent":13731,"menu_order":0,"comment_status":"closed","ping_status":"closed","template":"template-fullwidth.php","meta":{"inline_featured_image":false,"footnotes":""},"class_list":["post-15605","page","type-page","status-publish","has-post-thumbnail","hentry"],"acf":[],"yoast_head":"<!-- This site is optimized with the Yoast SEO plugin v24.4 - https:\/\/yoast.com\/wordpress\/plugins\/seo\/ -->\n<title>Syst\u00e8mes silencieux - FEURICH<\/title>\n<meta name=\"robots\" content=\"index, follow, max-snippet:-1, max-image-preview:large, max-video-preview:-1\" \/>\n<link rel=\"canonical\" href=\"https:\/\/feurich.com\/fr\/innovation\/systemes-silencieux\/\" \/>\n<meta property=\"og:locale\" content=\"fr_FR\" \/>\n<meta property=\"og:type\" content=\"article\" \/>\n<meta property=\"og:title\" content=\"Syst\u00e8mes silencieux - FEURICH\" \/>\n<meta property=\"og:description\" content=\"Finis les querelles de voisinages! Avec notre propre syst\u00e8me de silencieux Real Touch, vous pouvez facilement couper le son de votre piano et jouer en mode casque.\" \/>\n<meta property=\"og:url\" content=\"https:\/\/feurich.com\/fr\/innovation\/systemes-silencieux\/\" \/>\n<meta property=\"og:site_name\" content=\"FEURICH\" \/>\n<meta property=\"article:publisher\" content=\"https:\/\/www.facebook.com\/feurichvienna\/\" \/>\n<meta property=\"article:modified_time\" content=\"2021-11-23T10:56:10+00:00\" \/>\n<meta property=\"og:image\" content=\"https:\/\/feurich.com\/wp-content\/uploads\/FEURICH_Silencer_on_1_web.jpg\" \/>\n\t<meta property=\"og:image:width\" content=\"1024\" \/>\n\t<meta property=\"og:image:height\" content=\"683\" \/>\n\t<meta property=\"og:image:type\" content=\"image\/jpeg\" \/>\n<meta name=\"twitter:card\" content=\"summary_large_image\" \/>\n<meta name=\"twitter:label1\" content=\"Dur\u00e9e de lecture estim\u00e9e\" \/>\n\t<meta name=\"twitter:data1\" content=\"1 minute\" \/>\n<script type=\"application\/ld+json\" class=\"yoast-schema-graph\">{\"@context\":\"https:\/\/schema.org\",\"@graph\":[{\"@type\":\"WebPage\",\"@id\":\"https:\/\/feurich.com\/fr\/innovation\/systemes-silencieux\/\",\"url\":\"https:\/\/feurich.com\/fr\/innovation\/systemes-silencieux\/\",\"name\":\"Syst\u00e8mes silencieux - FEURICH\",\"isPartOf\":{\"@id\":\"https:\/\/feurich.com\/en\/#website\"},\"primaryImageOfPage\":{\"@id\":\"https:\/\/feurich.com\/fr\/innovation\/systemes-silencieux\/#primaryimage\"},\"image\":{\"@id\":\"https:\/\/feurich.com\/fr\/innovation\/systemes-silencieux\/#primaryimage\"},\"thumbnailUrl\":\"https:\/\/feurich.com\/wp-content\/uploads\/FEURICH_Silencer_on_1_web.jpg\",\"datePublished\":\"2018-05-24T09:53:47+00:00\",\"dateModified\":\"2021-11-23T10:56:10+00:00\",\"breadcrumb\":{\"@id\":\"https:\/\/feurich.com\/fr\/innovation\/systemes-silencieux\/#breadcrumb\"},\"inLanguage\":\"fr-FR\",\"potentialAction\":[{\"@type\":\"ReadAction\",\"target\":[\"https:\/\/feurich.com\/fr\/innovation\/systemes-silencieux\/\"]}]},{\"@type\":\"ImageObject\",\"inLanguage\":\"fr-FR\",\"@id\":\"https:\/\/feurich.com\/fr\/innovation\/systemes-silencieux\/#primaryimage\",\"url\":\"https:\/\/feurich.com\/wp-content\/uploads\/FEURICH_Silencer_on_1_web.jpg\",\"contentUrl\":\"https:\/\/feurich.com\/wp-content\/uploads\/FEURICH_Silencer_on_1_web.jpg\",\"width\":1024,\"height\":683,\"caption\":\"FEURICH_Silencer\"},{\"@type\":\"BreadcrumbList\",\"@id\":\"https:\/\/feurich.com\/fr\/innovation\/systemes-silencieux\/#breadcrumb\",\"itemListElement\":[{\"@type\":\"ListItem\",\"position\":1,\"name\":\"Home\",\"item\":\"https:\/\/feurich.com\/fr\/\"},{\"@type\":\"ListItem\",\"position\":2,\"name\":\"Innovation\",\"item\":\"https:\/\/feurich.com\/fr\/innovation\/\"},{\"@type\":\"ListItem\",\"position\":3,\"name\":\"Syst\u00e8mes silencieux\"}]},{\"@type\":\"WebSite\",\"@id\":\"https:\/\/feurich.com\/en\/#website\",\"url\":\"https:\/\/feurich.com\/en\/\",\"name\":\"FEURICH\",\"description\":\"A sound that connects\",\"publisher\":{\"@id\":\"https:\/\/feurich.com\/en\/#organization\"},\"potentialAction\":[{\"@type\":\"SearchAction\",\"target\":{\"@type\":\"EntryPoint\",\"urlTemplate\":\"https:\/\/feurich.com\/en\/?s={search_term_string}\"},\"query-input\":{\"@type\":\"PropertyValueSpecification\",\"valueRequired\":true,\"valueName\":\"search_term_string\"}}],\"inLanguage\":\"fr-FR\"},{\"@type\":\"Organization\",\"@id\":\"https:\/\/feurich.com\/en\/#organization\",\"name\":\"FEURICH\",\"url\":\"https:\/\/feurich.com\/en\/\",\"logo\":{\"@type\":\"ImageObject\",\"inLanguage\":\"fr-FR\",\"@id\":\"https:\/\/feurich.com\/en\/#\/schema\/logo\/image\/\",\"url\":\"https:\/\/feurich.com\/wp-content\/uploads\/logo.png\",\"contentUrl\":\"https:\/\/feurich.com\/wp-content\/uploads\/logo.png\",\"width\":354,\"height\":151,\"caption\":\"FEURICH\"},\"image\":{\"@id\":\"https:\/\/feurich.com\/en\/#\/schema\/logo\/image\/\"},\"sameAs\":[\"https:\/\/www.facebook.com\/feurichvienna\/\"]}]}<\/script>\n<!-- \/ Yoast SEO plugin. -->","yoast_head_json":{"title":"Syst\u00e8mes silencieux - FEURICH","robots":{"index":"index","follow":"follow","max-snippet":"max-snippet:-1","max-image-preview":"max-image-preview:large","max-video-preview":"max-video-preview:-1"},"canonical":"https:\/\/feurich.com\/fr\/innovation\/systemes-silencieux\/","og_locale":"fr_FR","og_type":"article","og_title":"Syst\u00e8mes silencieux - FEURICH","og_description":"Finis les querelles de voisinages! Avec notre propre syst\u00e8me de silencieux Real Touch, vous pouvez facilement couper le son de votre piano et jouer en mode casque.","og_url":"https:\/\/feurich.com\/fr\/innovation\/systemes-silencieux\/","og_site_name":"FEURICH","article_publisher":"https:\/\/www.facebook.com\/feurichvienna\/","article_modified_time":"2021-11-23T10:56:10+00:00","og_image":[{"width":1024,"height":683,"url":"https:\/\/feurich.com\/wp-content\/uploads\/FEURICH_Silencer_on_1_web.jpg","type":"image\/jpeg"}],"twitter_card":"summary_large_image","twitter_misc":{"Dur\u00e9e de lecture estim\u00e9e":"1 minute"},"schema":{"@context":"https:\/\/schema.org","@graph":[{"@type":"WebPage","@id":"https:\/\/feurich.com\/fr\/innovation\/systemes-silencieux\/","url":"https:\/\/feurich.com\/fr\/innovation\/systemes-silencieux\/","name":"Syst\u00e8mes silencieux - FEURICH","isPartOf":{"@id":"https:\/\/feurich.com\/en\/#website"},"primaryImageOfPage":{"@id":"https:\/\/feurich.com\/fr\/innovation\/systemes-silencieux\/#primaryimage"},"image":{"@id":"https:\/\/feurich.com\/fr\/innovation\/systemes-silencieux\/#primaryimage"},"thumbnailUrl":"https:\/\/feurich.com\/wp-content\/uploads\/FEURICH_Silencer_on_1_web.jpg","datePublished":"2018-05-24T09:53:47+00:00","dateModified":"2021-11-23T10:56:10+00:00","breadcrumb":{"@id":"https:\/\/feurich.com\/fr\/innovation\/systemes-silencieux\/#breadcrumb"},"inLanguage":"fr-FR","potentialAction":[{"@type":"ReadAction","target":["https:\/\/feurich.com\/fr\/innovation\/systemes-silencieux\/"]}]},{"@type":"ImageObject","inLanguage":"fr-FR","@id":"https:\/\/feurich.com\/fr\/innovation\/systemes-silencieux\/#primaryimage","url":"https:\/\/feurich.com\/wp-content\/uploads\/FEURICH_Silencer_on_1_web.jpg","contentUrl":"https:\/\/feurich.com\/wp-content\/uploads\/FEURICH_Silencer_on_1_web.jpg","width":1024,"height":683,"caption":"FEURICH_Silencer"},{"@type":"BreadcrumbList","@id":"https:\/\/feurich.com\/fr\/innovation\/systemes-silencieux\/#breadcrumb","itemListElement":[{"@type":"ListItem","position":1,"name":"Home","item":"https:\/\/feurich.com\/fr\/"},{"@type":"ListItem","position":2,"name":"Innovation","item":"https:\/\/feurich.com\/fr\/innovation\/"},{"@type":"ListItem","position":3,"name":"Syst\u00e8mes silencieux"}]},{"@type":"WebSite","@id":"https:\/\/feurich.com\/en\/#website","url":"https:\/\/feurich.com\/en\/","name":"FEURICH","description":"A sound that connects","publisher":{"@id":"https:\/\/feurich.com\/en\/#organization"},"potentialAction":[{"@type":"SearchAction","target":{"@type":"EntryPoint","urlTemplate":"https:\/\/feurich.com\/en\/?s={search_term_string}"},"query-input":{"@type":"PropertyValueSpecification","valueRequired":true,"valueName":"search_term_string"}}],"inLanguage":"fr-FR"},{"@type":"Organization","@id":"https:\/\/feurich.com\/en\/#organization","name":"FEURICH","url":"https:\/\/feurich.com\/en\/","logo":{"@type":"ImageObject","inLanguage":"fr-FR","@id":"https:\/\/feurich.com\/en\/#\/schema\/logo\/image\/","url":"https:\/\/feurich.com\/wp-content\/uploads\/logo.png","contentUrl":"https:\/\/feurich.com\/wp-content\/uploads\/logo.png","width":354,"height":151,"caption":"FEURICH"},"image":{"@id":"https:\/\/feurich.com\/en\/#\/schema\/logo\/image\/"},"sameAs":["https:\/\/www.facebook.com\/feurichvienna\/"]}]}},"_links":{"self":[{"href":"https:\/\/feurich.com\/fr\/wp-json\/wp\/v2\/pages\/15605","targetHints":{"allow":["GET"]}}],"collection":[{"href":"https:\/\/feurich.com\/fr\/wp-json\/wp\/v2\/pages"}],"about":[{"href":"https:\/\/feurich.com\/fr\/wp-json\/wp\/v2\/types\/page"}],"author":[{"embeddable":true,"href":"https:\/\/feurich.com\/fr\/wp-json\/wp\/v2\/users\/4"}],"replies":[{"embeddable":true,"href":"https:\/\/feurich.com\/fr\/wp-json\/wp\/v2\/comments?post=15605"}],"version-history":[{"count":7,"href":"https:\/\/feurich.com\/fr\/wp-json\/wp\/v2\/pages\/15605\/revisions"}],"predecessor-version":[{"id":55711,"href":"https:\/\/feurich.com\/fr\/wp-json\/wp\/v2\/pages\/15605\/revisions\/55711"}],"up":[{"embeddable":true,"href":"https:\/\/feurich.com\/fr\/wp-json\/wp\/v2\/pages\/13731"}],"wp:featuredmedia":[{"embeddable":true,"href":"https:\/\/feurich.com\/fr\/wp-json\/wp\/v2\/media\/3115"}],"wp:attachment":[{"href":"https:\/\/feurich.com\/fr\/wp-json\/wp\/v2\/media?parent=15605"}],"curies":[{"name":"wp","href":"https:\/\/api.w.org\/{rel}","templated":true}]}}