{"id":13755,"date":"2018-03-28T22:42:46","date_gmt":"2018-03-28T22:42:46","guid":{"rendered":"https:\/\/www.feurich.com\/a-propos-de-nous\/une-equipe-dexperts\/jorg-wachler\/"},"modified":"2018-03-28T22:42:47","modified_gmt":"2018-03-28T22:42:47","slug":"jorg-wachler","status":"publish","type":"page","link":"https:\/\/feurich.com\/fr\/a-propos-de-nous\/une-equipe-dexperts\/jorg-wachler\/","title":{"rendered":"J\u00f6rg Wachler"},"content":{"rendered":"<div class=\"wpb-content-wrapper\"><p>[vc_row 0=\u00a0\u00bb\u00a0\u00bb][vc_column 0=\u00a0\u00bb\u00a0\u00bb][vc_empty_space 0=\u00a0\u00bb\u00a0\u00bb][\/vc_column][\/vc_row][vc_row 0=\u00a0\u00bb\u00a0\u00bb][vc_column width=\u00a0\u00bb1\/3&Prime;][vc_single_image image=\u00a0\u00bb930&Prime; img_size=\u00a0\u00bblarge\u00a0\u00bb][\/vc_column][vc_column width=\u00a0\u00bb2\/3&Prime;][vc_column_text el_class=\u00a0\u00bbbig-title\u00a0\u00bb]<br \/>\nJ\u00f6rg Wachler<br \/>\n[\/vc_column_text][vc_column_text 0=\u00a0\u00bb\u00a0\u00bb]<br \/>\n<strong>Harmoniste &amp; Accordeur de pianos de concert en chef<\/strong><\/p>\n<p>J\u00f6rg Wachler est responsable de la pr\u00e9paration finale des pianos sur les sites de production de FEURICH \u00e0 Vienne. Il est continuellement impliqu\u00e9 dans le d\u00e9veloppement de nouvelles techniques dans le monde du son et de l&rsquo;harmonisation de pianos, et dialogue constamment avec notre \u00e9quipe et les nombreux partenaires de FEURICH dans le monde, afin de partager et d\u00e9velopper ces connaissances.<\/p>\n<p>Apr\u00e8s des \u00e9tudes de piano, d&rsquo;orgue et de trompette, J\u00f6rg entreprend son apprentissage de piano en 1981 \u00e0 Eisenberg \/ Th\u00fcringen, en Allemagne. Ayant pass\u00e9 son apprentissage avec distinction, il a d\u00e9cid\u00e9 de se plonger dans le monde de la construction d&rsquo;orgues, en \u00e9tudiant pendant 3 ans avec Schuster &amp; Sohn \u00e0 Zittau en Allemagne.<\/p>\n<p>Il a acquis une exp\u00e9rience consid\u00e9rable dans le travail du piano avec le Deutschen Piano Union de Leipzig, a travaill\u00e9 comme musicien d&rsquo;\u00e9glise et dirig\u00e9 de nombreux ensembles d&rsquo;\u00e9glises au fil des ans.<\/p>\n<p>En 1998, J\u00f6rg a \u00e9t\u00e9 sollicit\u00e9 par le prestigieux fabricant de pianos C.Bechstein pour travailler sur le processus critique d&rsquo;accordage et d&rsquo;intonation comme derni\u00e8re \u00e9tape de la production du piano. J\u00f6rg a \u00e9t\u00e9 mandat\u00e9 pour travailler avec des experts renomm\u00e9s dans ce domaine, notamment Naoki Yamauchi (Bechstein-Berlin), Ewald V\u00f6gele (T\u00fcbingen), Gert G\u00e4bler (Steinway-Dresden) et August F\u00f6rster.<\/p>\n<p>Avec plus de 30 ans d&rsquo;exp\u00e9rience, nous sommes fiers d&rsquo;avoir J\u00f6rg en tant que chef de la voix chez FEURICH, et en tant que chef de la pr\u00e9paration du piano dans nos installations de production \u00e0 Vienne.<\/p>\n<p><a href=\"https:\/\/www.feurich.com\/fr\/a-propos-de-nous\/une-equipe-dexperts\/\">&gt;&gt; retour<\/a><br \/>\n[\/vc_column_text][\/vc_column][\/vc_row]<\/p>\n<\/div>","protected":false},"excerpt":{"rendered":"<p>[vc_row 0=\u00a0\u00bb\u00a0\u00bb][vc_column 0=\u00a0\u00bb\u00a0\u00bb][vc_empty_space 0=\u00a0\u00bb\u00a0\u00bb][\/vc_column][\/vc_row][vc_row 0=\u00a0\u00bb\u00a0\u00bb][vc_column width=\u00a0\u00bb1\/3&Prime;][vc_single_image image=\u00a0\u00bb930&Prime; img_size=\u00a0\u00bblarge\u00a0\u00bb][\/vc_column][vc_column width=\u00a0\u00bb2\/3&Prime;][vc_column_text el_class=\u00a0\u00bbbig-title\u00a0\u00bb] J\u00f6rg Wachler [\/vc_column_text][vc_column_text 0=\u00a0\u00bb\u00a0\u00bb] Harmoniste &amp; Accordeur de pianos de concert en chef J\u00f6rg Wachler est responsable de la pr\u00e9paration &#8230;<\/p>\n","protected":false},"author":4,"featured_media":0,"parent":13705,"menu_order":0,"comment_status":"closed","ping_status":"closed","template":"","meta":{"inline_featured_image":false,"footnotes":""},"class_list":["post-13755","page","type-page","status-publish","hentry"],"acf":[],"yoast_head":"<!-- This site is optimized with the Yoast SEO plugin v24.4 - https:\/\/yoast.com\/wordpress\/plugins\/seo\/ -->\n<title>J\u00f6rg Wachler - FEURICH<\/title>\n<meta name=\"robots\" content=\"index, follow, max-snippet:-1, max-image-preview:large, max-video-preview:-1\" \/>\n<link rel=\"canonical\" href=\"https:\/\/feurich.com\/fr\/a-propos-de-nous\/une-equipe-dexperts\/jorg-wachler\/\" \/>\n<meta property=\"og:locale\" content=\"fr_FR\" \/>\n<meta property=\"og:type\" content=\"article\" \/>\n<meta property=\"og:title\" content=\"J\u00f6rg Wachler - FEURICH\" \/>\n<meta property=\"og:description\" content=\"[vc_row 0=\u00a0\u00bb\u00a0\u00bb][vc_column 0=\u00a0\u00bb\u00a0\u00bb][vc_empty_space 0=\u00a0\u00bb\u00a0\u00bb][\/vc_column][\/vc_row][vc_row 0=\u00a0\u00bb\u00a0\u00bb][vc_column width=\u00a0\u00bb1\/3&Prime;][vc_single_image image=\u00a0\u00bb930&Prime; img_size=\u00a0\u00bblarge\u00a0\u00bb][\/vc_column][vc_column width=\u00a0\u00bb2\/3&Prime;][vc_column_text el_class=\u00a0\u00bbbig-title\u00a0\u00bb] J\u00f6rg Wachler [\/vc_column_text][vc_column_text 0=\u00a0\u00bb\u00a0\u00bb] Harmoniste &amp; Accordeur de pianos de concert en chef J\u00f6rg Wachler est responsable de la pr\u00e9paration ...\" \/>\n<meta property=\"og:url\" content=\"https:\/\/feurich.com\/fr\/a-propos-de-nous\/une-equipe-dexperts\/jorg-wachler\/\" \/>\n<meta property=\"og:site_name\" content=\"FEURICH\" \/>\n<meta property=\"article:publisher\" content=\"https:\/\/www.facebook.com\/feurichvienna\/\" \/>\n<meta property=\"article:modified_time\" content=\"2018-03-28T22:42:47+00:00\" \/>\n<meta name=\"twitter:card\" content=\"summary_large_image\" \/>\n<meta name=\"twitter:label1\" content=\"Dur\u00e9e de lecture estim\u00e9e\" \/>\n\t<meta name=\"twitter:data1\" content=\"2 minutes\" \/>\n<script type=\"application\/ld+json\" class=\"yoast-schema-graph\">{\"@context\":\"https:\/\/schema.org\",\"@graph\":[{\"@type\":\"WebPage\",\"@id\":\"https:\/\/feurich.com\/fr\/a-propos-de-nous\/une-equipe-dexperts\/jorg-wachler\/\",\"url\":\"https:\/\/feurich.com\/fr\/a-propos-de-nous\/une-equipe-dexperts\/jorg-wachler\/\",\"name\":\"J\u00f6rg Wachler - FEURICH\",\"isPartOf\":{\"@id\":\"https:\/\/feurich.com\/en\/#website\"},\"datePublished\":\"2018-03-28T22:42:46+00:00\",\"dateModified\":\"2018-03-28T22:42:47+00:00\",\"breadcrumb\":{\"@id\":\"https:\/\/feurich.com\/fr\/a-propos-de-nous\/une-equipe-dexperts\/jorg-wachler\/#breadcrumb\"},\"inLanguage\":\"fr-FR\",\"potentialAction\":[{\"@type\":\"ReadAction\",\"target\":[\"https:\/\/feurich.com\/fr\/a-propos-de-nous\/une-equipe-dexperts\/jorg-wachler\/\"]}]},{\"@type\":\"BreadcrumbList\",\"@id\":\"https:\/\/feurich.com\/fr\/a-propos-de-nous\/une-equipe-dexperts\/jorg-wachler\/#breadcrumb\",\"itemListElement\":[{\"@type\":\"ListItem\",\"position\":1,\"name\":\"Home\",\"item\":\"https:\/\/feurich.com\/fr\/\"},{\"@type\":\"ListItem\",\"position\":2,\"name\":\"Notre \u00e9quipe\",\"item\":\"https:\/\/feurich.com\/fr\/a-propos-de-nous\/\"},{\"@type\":\"ListItem\",\"position\":3,\"name\":\"Une \u00e9quipe d&rsquo;experts\",\"item\":\"https:\/\/feurich.com\/fr\/a-propos-de-nous\/une-equipe-dexperts\/\"},{\"@type\":\"ListItem\",\"position\":4,\"name\":\"J\u00f6rg Wachler\"}]},{\"@type\":\"WebSite\",\"@id\":\"https:\/\/feurich.com\/en\/#website\",\"url\":\"https:\/\/feurich.com\/en\/\",\"name\":\"FEURICH\",\"description\":\"A sound that connects\",\"publisher\":{\"@id\":\"https:\/\/feurich.com\/en\/#organization\"},\"potentialAction\":[{\"@type\":\"SearchAction\",\"target\":{\"@type\":\"EntryPoint\",\"urlTemplate\":\"https:\/\/feurich.com\/en\/?s={search_term_string}\"},\"query-input\":{\"@type\":\"PropertyValueSpecification\",\"valueRequired\":true,\"valueName\":\"search_term_string\"}}],\"inLanguage\":\"fr-FR\"},{\"@type\":\"Organization\",\"@id\":\"https:\/\/feurich.com\/en\/#organization\",\"name\":\"FEURICH\",\"url\":\"https:\/\/feurich.com\/en\/\",\"logo\":{\"@type\":\"ImageObject\",\"inLanguage\":\"fr-FR\",\"@id\":\"https:\/\/feurich.com\/en\/#\/schema\/logo\/image\/\",\"url\":\"https:\/\/feurich.com\/wp-content\/uploads\/logo.png\",\"contentUrl\":\"https:\/\/feurich.com\/wp-content\/uploads\/logo.png\",\"width\":354,\"height\":151,\"caption\":\"FEURICH\"},\"image\":{\"@id\":\"https:\/\/feurich.com\/en\/#\/schema\/logo\/image\/\"},\"sameAs\":[\"https:\/\/www.facebook.com\/feurichvienna\/\"]}]}<\/script>\n<!-- \/ Yoast SEO plugin. -->","yoast_head_json":{"title":"J\u00f6rg Wachler - FEURICH","robots":{"index":"index","follow":"follow","max-snippet":"max-snippet:-1","max-image-preview":"max-image-preview:large","max-video-preview":"max-video-preview:-1"},"canonical":"https:\/\/feurich.com\/fr\/a-propos-de-nous\/une-equipe-dexperts\/jorg-wachler\/","og_locale":"fr_FR","og_type":"article","og_title":"J\u00f6rg Wachler - FEURICH","og_description":"[vc_row 0=\u00a0\u00bb\u00a0\u00bb][vc_column 0=\u00a0\u00bb\u00a0\u00bb][vc_empty_space 0=\u00a0\u00bb\u00a0\u00bb][\/vc_column][\/vc_row][vc_row 0=\u00a0\u00bb\u00a0\u00bb][vc_column width=\u00a0\u00bb1\/3&Prime;][vc_single_image image=\u00a0\u00bb930&Prime; img_size=\u00a0\u00bblarge\u00a0\u00bb][\/vc_column][vc_column width=\u00a0\u00bb2\/3&Prime;][vc_column_text el_class=\u00a0\u00bbbig-title\u00a0\u00bb] J\u00f6rg Wachler [\/vc_column_text][vc_column_text 0=\u00a0\u00bb\u00a0\u00bb] Harmoniste &amp; Accordeur de pianos de concert en chef J\u00f6rg Wachler est responsable de la pr\u00e9paration ...","og_url":"https:\/\/feurich.com\/fr\/a-propos-de-nous\/une-equipe-dexperts\/jorg-wachler\/","og_site_name":"FEURICH","article_publisher":"https:\/\/www.facebook.com\/feurichvienna\/","article_modified_time":"2018-03-28T22:42:47+00:00","twitter_card":"summary_large_image","twitter_misc":{"Dur\u00e9e de lecture estim\u00e9e":"2 minutes"},"schema":{"@context":"https:\/\/schema.org","@graph":[{"@type":"WebPage","@id":"https:\/\/feurich.com\/fr\/a-propos-de-nous\/une-equipe-dexperts\/jorg-wachler\/","url":"https:\/\/feurich.com\/fr\/a-propos-de-nous\/une-equipe-dexperts\/jorg-wachler\/","name":"J\u00f6rg Wachler - FEURICH","isPartOf":{"@id":"https:\/\/feurich.com\/en\/#website"},"datePublished":"2018-03-28T22:42:46+00:00","dateModified":"2018-03-28T22:42:47+00:00","breadcrumb":{"@id":"https:\/\/feurich.com\/fr\/a-propos-de-nous\/une-equipe-dexperts\/jorg-wachler\/#breadcrumb"},"inLanguage":"fr-FR","potentialAction":[{"@type":"ReadAction","target":["https:\/\/feurich.com\/fr\/a-propos-de-nous\/une-equipe-dexperts\/jorg-wachler\/"]}]},{"@type":"BreadcrumbList","@id":"https:\/\/feurich.com\/fr\/a-propos-de-nous\/une-equipe-dexperts\/jorg-wachler\/#breadcrumb","itemListElement":[{"@type":"ListItem","position":1,"name":"Home","item":"https:\/\/feurich.com\/fr\/"},{"@type":"ListItem","position":2,"name":"Notre \u00e9quipe","item":"https:\/\/feurich.com\/fr\/a-propos-de-nous\/"},{"@type":"ListItem","position":3,"name":"Une \u00e9quipe d&rsquo;experts","item":"https:\/\/feurich.com\/fr\/a-propos-de-nous\/une-equipe-dexperts\/"},{"@type":"ListItem","position":4,"name":"J\u00f6rg Wachler"}]},{"@type":"WebSite","@id":"https:\/\/feurich.com\/en\/#website","url":"https:\/\/feurich.com\/en\/","name":"FEURICH","description":"A sound that connects","publisher":{"@id":"https:\/\/feurich.com\/en\/#organization"},"potentialAction":[{"@type":"SearchAction","target":{"@type":"EntryPoint","urlTemplate":"https:\/\/feurich.com\/en\/?s={search_term_string}"},"query-input":{"@type":"PropertyValueSpecification","valueRequired":true,"valueName":"search_term_string"}}],"inLanguage":"fr-FR"},{"@type":"Organization","@id":"https:\/\/feurich.com\/en\/#organization","name":"FEURICH","url":"https:\/\/feurich.com\/en\/","logo":{"@type":"ImageObject","inLanguage":"fr-FR","@id":"https:\/\/feurich.com\/en\/#\/schema\/logo\/image\/","url":"https:\/\/feurich.com\/wp-content\/uploads\/logo.png","contentUrl":"https:\/\/feurich.com\/wp-content\/uploads\/logo.png","width":354,"height":151,"caption":"FEURICH"},"image":{"@id":"https:\/\/feurich.com\/en\/#\/schema\/logo\/image\/"},"sameAs":["https:\/\/www.facebook.com\/feurichvienna\/"]}]}},"_links":{"self":[{"href":"https:\/\/feurich.com\/fr\/wp-json\/wp\/v2\/pages\/13755","targetHints":{"allow":["GET"]}}],"collection":[{"href":"https:\/\/feurich.com\/fr\/wp-json\/wp\/v2\/pages"}],"about":[{"href":"https:\/\/feurich.com\/fr\/wp-json\/wp\/v2\/types\/page"}],"author":[{"embeddable":true,"href":"https:\/\/feurich.com\/fr\/wp-json\/wp\/v2\/users\/4"}],"replies":[{"embeddable":true,"href":"https:\/\/feurich.com\/fr\/wp-json\/wp\/v2\/comments?post=13755"}],"version-history":[{"count":2,"href":"https:\/\/feurich.com\/fr\/wp-json\/wp\/v2\/pages\/13755\/revisions"}],"predecessor-version":[{"id":13758,"href":"https:\/\/feurich.com\/fr\/wp-json\/wp\/v2\/pages\/13755\/revisions\/13758"}],"up":[{"embeddable":true,"href":"https:\/\/feurich.com\/fr\/wp-json\/wp\/v2\/pages\/13705"}],"wp:attachment":[{"href":"https:\/\/feurich.com\/fr\/wp-json\/wp\/v2\/media?parent=13755"}],"curies":[{"name":"wp","href":"https:\/\/api.w.org\/{rel}","templated":true}]}}