{"id":13751,"date":"2018-03-28T22:31:43","date_gmt":"2018-03-28T22:31:43","guid":{"rendered":"https:\/\/www.feurich.com\/a-propos-de-nous\/une-equipe-dexperts\/stephane-boussouge\/"},"modified":"2019-06-25T14:39:40","modified_gmt":"2019-06-25T14:39:40","slug":"stephane-boussouge","status":"publish","type":"page","link":"https:\/\/feurich.com\/fr\/a-propos-de-nous\/une-equipe-dexperts\/stephane-boussouge\/","title":{"rendered":"St\u00e9phane Boussouge"},"content":{"rendered":"<div class=\"wpb-content-wrapper\"><p>[vc_row 0=\u00a0\u00bb\u00a0\u00bb][vc_column 0=\u00a0\u00bb\u00a0\u00bb][vc_empty_space 0=\u00a0\u00bb\u00a0\u00bb][\/vc_column][\/vc_row][vc_row 0=\u00a0\u00bb\u00a0\u00bb][vc_column width=\u00a0\u00bb1\/3&Prime;][vc_empty_space height=\u00a0\u00bb10px\u00a0\u00bb][vc_single_image image=\u00a0\u00bb24775&Prime; img_size=\u00a0\u00bblarge\u00a0\u00bb alignment=\u00a0\u00bbcenter\u00a0\u00bb][\/vc_column][vc_column width=\u00a0\u00bb2\/3&Prime;][vc_column_text el_class=\u00a0\u00bbbig-title\u00a0\u00bb]St\u00e9phane Boussuge[\/vc_column_text][vc_column_text 0=\u00a0\u00bb\u00a0\u00bb]<br \/>\n<span style=\"font-size: 12pt;\"><strong>Harmonisateur de piano &amp; Accordeur de pianos de concert en chef<\/strong><\/span><\/p>\n<p>St\u00e9phane Boussuge poss\u00e8de une vaste connaissance et expertise dans l&rsquo;harmonisation du piano, le r\u00e9glage et l&rsquo;accord, et est responsable de la pr\u00e9paration des instruments FEURICH \u00e0 Vienne. Son travail \u00e9tonne \u00e0 la fois les pianistes et les techniciens du piano dans le monde entier.<\/p>\n<p>Apr\u00e8s ses \u00e9tudes de musique \u00e0 l&rsquo;Institut ITEMM en France, St\u00e9phane Boussuge a travaill\u00e9 \u00e0 la Salle Pleyel \u00e0 Paris pendant sept ans. Form\u00e9 chez Kawai au Japon, il a travaill\u00e9 pendant des d\u00e9cennies avec l&rsquo;importateur fran\u00e7ais d&rsquo;instruments Kawai. Il a poursuivi sa formation au Laboratoire de recherche de Kawai et a re\u00e7u le titre de Ma\u00eetre artisan de piano, qui souligne ses comp\u00e9tences exceptionnelles dans la pr\u00e9paration et l&rsquo;expression de grands pianos de concert.<\/p>\n<p>St\u00e9phane est \u00e9galement tr\u00e8s impliqu\u00e9 dans l\u2019enseignement car il a form\u00e9 un grand nombre de techniciens en France et dans de nombreux pays au travers de stages et MasterClass portant sur la pr\u00e9paration, l&rsquo;harmonisation et l\u2019optimisation des pianos \u00e0 queues. Il est \u00e9galement intervenant \u00e0 l\u2019ITEMM (Institut Europ\u00e9en des M\u00e9tier de la Musique) en France pour l&rsquo;enseignement de l\u2019harmonisation et du r\u00e9glage de pianos \u00e0 Queues.<\/p>\n<p>De plus, St\u00e9phane est un expert dans le domaine de la composition assist\u00e9e par ordinateur. Il a travaill\u00e9 sur le d\u00e9veloppement du logiciel de composition <a href=\"https:\/\/opusmodus.com\/\">Opusmodus<\/a>, a cr\u00e9\u00e9 une version fran\u00e7aise du programme, et compose et enseigne en utilisant le logiciel.<\/p>\n<p><a href=\"https:\/\/www.feurich.com\/fr\/a-propos-de-nous\/une-equipe-dexperts\/\">&gt;&gt; retour<\/a><br \/>\n[\/vc_column_text][\/vc_column][\/vc_row]<\/p>\n<\/div>","protected":false},"excerpt":{"rendered":"<p>[vc_row 0=\u00a0\u00bb\u00a0\u00bb][vc_column 0=\u00a0\u00bb\u00a0\u00bb][vc_empty_space 0=\u00a0\u00bb\u00a0\u00bb][\/vc_column][\/vc_row][vc_row 0=\u00a0\u00bb\u00a0\u00bb][vc_column width=\u00a0\u00bb1\/3&Prime;][vc_empty_space height=\u00a0\u00bb10px\u00a0\u00bb][vc_single_image image=\u00a0\u00bb24775&Prime; img_size=\u00a0\u00bblarge\u00a0\u00bb alignment=\u00a0\u00bbcenter\u00a0\u00bb][\/vc_column][vc_column width=\u00a0\u00bb2\/3&Prime;][vc_column_text el_class=\u00a0\u00bbbig-title\u00a0\u00bb]St\u00e9phane Boussuge[\/vc_column_text][vc_column_text 0=\u00a0\u00bb\u00a0\u00bb] Harmonisateur de piano &amp; Accordeur de pianos de concert en chef St\u00e9phane Boussuge poss\u00e8de une vaste &#8230;<\/p>\n","protected":false},"author":7,"featured_media":0,"parent":13705,"menu_order":0,"comment_status":"closed","ping_status":"closed","template":"","meta":{"inline_featured_image":false,"footnotes":""},"class_list":["post-13751","page","type-page","status-publish","hentry"],"acf":[],"yoast_head":"<!-- This site is optimized with the Yoast SEO plugin v24.4 - https:\/\/yoast.com\/wordpress\/plugins\/seo\/ -->\n<title>St\u00e9phane Boussouge - FEURICH<\/title>\n<meta name=\"robots\" content=\"index, follow, max-snippet:-1, max-image-preview:large, max-video-preview:-1\" \/>\n<link rel=\"canonical\" href=\"https:\/\/feurich.com\/fr\/a-propos-de-nous\/une-equipe-dexperts\/stephane-boussouge\/\" \/>\n<meta property=\"og:locale\" content=\"fr_FR\" \/>\n<meta property=\"og:type\" content=\"article\" \/>\n<meta property=\"og:title\" content=\"St\u00e9phane Boussouge - FEURICH\" \/>\n<meta property=\"og:description\" content=\"[vc_row 0=\u00a0\u00bb\u00a0\u00bb][vc_column 0=\u00a0\u00bb\u00a0\u00bb][vc_empty_space 0=\u00a0\u00bb\u00a0\u00bb][\/vc_column][\/vc_row][vc_row 0=\u00a0\u00bb\u00a0\u00bb][vc_column width=\u00a0\u00bb1\/3&Prime;][vc_empty_space height=\u00a0\u00bb10px\u00a0\u00bb][vc_single_image image=\u00a0\u00bb24775&Prime; img_size=\u00a0\u00bblarge\u00a0\u00bb alignment=\u00a0\u00bbcenter\u00a0\u00bb][\/vc_column][vc_column width=\u00a0\u00bb2\/3&Prime;][vc_column_text el_class=\u00a0\u00bbbig-title\u00a0\u00bb]St\u00e9phane Boussuge[\/vc_column_text][vc_column_text 0=\u00a0\u00bb\u00a0\u00bb] Harmonisateur de piano &amp; Accordeur de pianos de concert en chef St\u00e9phane Boussuge poss\u00e8de une vaste ...\" \/>\n<meta property=\"og:url\" content=\"https:\/\/feurich.com\/fr\/a-propos-de-nous\/une-equipe-dexperts\/stephane-boussouge\/\" \/>\n<meta property=\"og:site_name\" content=\"FEURICH\" \/>\n<meta property=\"article:publisher\" content=\"https:\/\/www.facebook.com\/feurichvienna\/\" \/>\n<meta property=\"article:modified_time\" content=\"2019-06-25T14:39:40+00:00\" \/>\n<meta name=\"twitter:card\" content=\"summary_large_image\" \/>\n<meta name=\"twitter:label1\" content=\"Dur\u00e9e de lecture estim\u00e9e\" \/>\n\t<meta name=\"twitter:data1\" content=\"2 minutes\" \/>\n<script type=\"application\/ld+json\" class=\"yoast-schema-graph\">{\"@context\":\"https:\/\/schema.org\",\"@graph\":[{\"@type\":\"WebPage\",\"@id\":\"https:\/\/feurich.com\/fr\/a-propos-de-nous\/une-equipe-dexperts\/stephane-boussouge\/\",\"url\":\"https:\/\/feurich.com\/fr\/a-propos-de-nous\/une-equipe-dexperts\/stephane-boussouge\/\",\"name\":\"St\u00e9phane Boussouge - FEURICH\",\"isPartOf\":{\"@id\":\"https:\/\/feurich.com\/en\/#website\"},\"datePublished\":\"2018-03-28T22:31:43+00:00\",\"dateModified\":\"2019-06-25T14:39:40+00:00\",\"breadcrumb\":{\"@id\":\"https:\/\/feurich.com\/fr\/a-propos-de-nous\/une-equipe-dexperts\/stephane-boussouge\/#breadcrumb\"},\"inLanguage\":\"fr-FR\",\"potentialAction\":[{\"@type\":\"ReadAction\",\"target\":[\"https:\/\/feurich.com\/fr\/a-propos-de-nous\/une-equipe-dexperts\/stephane-boussouge\/\"]}]},{\"@type\":\"BreadcrumbList\",\"@id\":\"https:\/\/feurich.com\/fr\/a-propos-de-nous\/une-equipe-dexperts\/stephane-boussouge\/#breadcrumb\",\"itemListElement\":[{\"@type\":\"ListItem\",\"position\":1,\"name\":\"Home\",\"item\":\"https:\/\/feurich.com\/fr\/\"},{\"@type\":\"ListItem\",\"position\":2,\"name\":\"Notre \u00e9quipe\",\"item\":\"https:\/\/feurich.com\/fr\/a-propos-de-nous\/\"},{\"@type\":\"ListItem\",\"position\":3,\"name\":\"Une \u00e9quipe d&rsquo;experts\",\"item\":\"https:\/\/feurich.com\/fr\/a-propos-de-nous\/une-equipe-dexperts\/\"},{\"@type\":\"ListItem\",\"position\":4,\"name\":\"St\u00e9phane Boussouge\"}]},{\"@type\":\"WebSite\",\"@id\":\"https:\/\/feurich.com\/en\/#website\",\"url\":\"https:\/\/feurich.com\/en\/\",\"name\":\"FEURICH\",\"description\":\"A sound that connects\",\"publisher\":{\"@id\":\"https:\/\/feurich.com\/en\/#organization\"},\"potentialAction\":[{\"@type\":\"SearchAction\",\"target\":{\"@type\":\"EntryPoint\",\"urlTemplate\":\"https:\/\/feurich.com\/en\/?s={search_term_string}\"},\"query-input\":{\"@type\":\"PropertyValueSpecification\",\"valueRequired\":true,\"valueName\":\"search_term_string\"}}],\"inLanguage\":\"fr-FR\"},{\"@type\":\"Organization\",\"@id\":\"https:\/\/feurich.com\/en\/#organization\",\"name\":\"FEURICH\",\"url\":\"https:\/\/feurich.com\/en\/\",\"logo\":{\"@type\":\"ImageObject\",\"inLanguage\":\"fr-FR\",\"@id\":\"https:\/\/feurich.com\/en\/#\/schema\/logo\/image\/\",\"url\":\"https:\/\/feurich.com\/wp-content\/uploads\/logo.png\",\"contentUrl\":\"https:\/\/feurich.com\/wp-content\/uploads\/logo.png\",\"width\":354,\"height\":151,\"caption\":\"FEURICH\"},\"image\":{\"@id\":\"https:\/\/feurich.com\/en\/#\/schema\/logo\/image\/\"},\"sameAs\":[\"https:\/\/www.facebook.com\/feurichvienna\/\"]}]}<\/script>\n<!-- \/ Yoast SEO plugin. -->","yoast_head_json":{"title":"St\u00e9phane Boussouge - FEURICH","robots":{"index":"index","follow":"follow","max-snippet":"max-snippet:-1","max-image-preview":"max-image-preview:large","max-video-preview":"max-video-preview:-1"},"canonical":"https:\/\/feurich.com\/fr\/a-propos-de-nous\/une-equipe-dexperts\/stephane-boussouge\/","og_locale":"fr_FR","og_type":"article","og_title":"St\u00e9phane Boussouge - FEURICH","og_description":"[vc_row 0=\u00a0\u00bb\u00a0\u00bb][vc_column 0=\u00a0\u00bb\u00a0\u00bb][vc_empty_space 0=\u00a0\u00bb\u00a0\u00bb][\/vc_column][\/vc_row][vc_row 0=\u00a0\u00bb\u00a0\u00bb][vc_column width=\u00a0\u00bb1\/3&Prime;][vc_empty_space height=\u00a0\u00bb10px\u00a0\u00bb][vc_single_image image=\u00a0\u00bb24775&Prime; img_size=\u00a0\u00bblarge\u00a0\u00bb alignment=\u00a0\u00bbcenter\u00a0\u00bb][\/vc_column][vc_column width=\u00a0\u00bb2\/3&Prime;][vc_column_text el_class=\u00a0\u00bbbig-title\u00a0\u00bb]St\u00e9phane Boussuge[\/vc_column_text][vc_column_text 0=\u00a0\u00bb\u00a0\u00bb] Harmonisateur de piano &amp; Accordeur de pianos de concert en chef St\u00e9phane Boussuge poss\u00e8de une vaste ...","og_url":"https:\/\/feurich.com\/fr\/a-propos-de-nous\/une-equipe-dexperts\/stephane-boussouge\/","og_site_name":"FEURICH","article_publisher":"https:\/\/www.facebook.com\/feurichvienna\/","article_modified_time":"2019-06-25T14:39:40+00:00","twitter_card":"summary_large_image","twitter_misc":{"Dur\u00e9e de lecture estim\u00e9e":"2 minutes"},"schema":{"@context":"https:\/\/schema.org","@graph":[{"@type":"WebPage","@id":"https:\/\/feurich.com\/fr\/a-propos-de-nous\/une-equipe-dexperts\/stephane-boussouge\/","url":"https:\/\/feurich.com\/fr\/a-propos-de-nous\/une-equipe-dexperts\/stephane-boussouge\/","name":"St\u00e9phane Boussouge - FEURICH","isPartOf":{"@id":"https:\/\/feurich.com\/en\/#website"},"datePublished":"2018-03-28T22:31:43+00:00","dateModified":"2019-06-25T14:39:40+00:00","breadcrumb":{"@id":"https:\/\/feurich.com\/fr\/a-propos-de-nous\/une-equipe-dexperts\/stephane-boussouge\/#breadcrumb"},"inLanguage":"fr-FR","potentialAction":[{"@type":"ReadAction","target":["https:\/\/feurich.com\/fr\/a-propos-de-nous\/une-equipe-dexperts\/stephane-boussouge\/"]}]},{"@type":"BreadcrumbList","@id":"https:\/\/feurich.com\/fr\/a-propos-de-nous\/une-equipe-dexperts\/stephane-boussouge\/#breadcrumb","itemListElement":[{"@type":"ListItem","position":1,"name":"Home","item":"https:\/\/feurich.com\/fr\/"},{"@type":"ListItem","position":2,"name":"Notre \u00e9quipe","item":"https:\/\/feurich.com\/fr\/a-propos-de-nous\/"},{"@type":"ListItem","position":3,"name":"Une \u00e9quipe d&rsquo;experts","item":"https:\/\/feurich.com\/fr\/a-propos-de-nous\/une-equipe-dexperts\/"},{"@type":"ListItem","position":4,"name":"St\u00e9phane Boussouge"}]},{"@type":"WebSite","@id":"https:\/\/feurich.com\/en\/#website","url":"https:\/\/feurich.com\/en\/","name":"FEURICH","description":"A sound that connects","publisher":{"@id":"https:\/\/feurich.com\/en\/#organization"},"potentialAction":[{"@type":"SearchAction","target":{"@type":"EntryPoint","urlTemplate":"https:\/\/feurich.com\/en\/?s={search_term_string}"},"query-input":{"@type":"PropertyValueSpecification","valueRequired":true,"valueName":"search_term_string"}}],"inLanguage":"fr-FR"},{"@type":"Organization","@id":"https:\/\/feurich.com\/en\/#organization","name":"FEURICH","url":"https:\/\/feurich.com\/en\/","logo":{"@type":"ImageObject","inLanguage":"fr-FR","@id":"https:\/\/feurich.com\/en\/#\/schema\/logo\/image\/","url":"https:\/\/feurich.com\/wp-content\/uploads\/logo.png","contentUrl":"https:\/\/feurich.com\/wp-content\/uploads\/logo.png","width":354,"height":151,"caption":"FEURICH"},"image":{"@id":"https:\/\/feurich.com\/en\/#\/schema\/logo\/image\/"},"sameAs":["https:\/\/www.facebook.com\/feurichvienna\/"]}]}},"_links":{"self":[{"href":"https:\/\/feurich.com\/fr\/wp-json\/wp\/v2\/pages\/13751","targetHints":{"allow":["GET"]}}],"collection":[{"href":"https:\/\/feurich.com\/fr\/wp-json\/wp\/v2\/pages"}],"about":[{"href":"https:\/\/feurich.com\/fr\/wp-json\/wp\/v2\/types\/page"}],"author":[{"embeddable":true,"href":"https:\/\/feurich.com\/fr\/wp-json\/wp\/v2\/users\/7"}],"replies":[{"embeddable":true,"href":"https:\/\/feurich.com\/fr\/wp-json\/wp\/v2\/comments?post=13751"}],"version-history":[{"count":4,"href":"https:\/\/feurich.com\/fr\/wp-json\/wp\/v2\/pages\/13751\/revisions"}],"predecessor-version":[{"id":24806,"href":"https:\/\/feurich.com\/fr\/wp-json\/wp\/v2\/pages\/13751\/revisions\/24806"}],"up":[{"embeddable":true,"href":"https:\/\/feurich.com\/fr\/wp-json\/wp\/v2\/pages\/13705"}],"wp:attachment":[{"href":"https:\/\/feurich.com\/fr\/wp-json\/wp\/v2\/media?parent=13751"}],"curies":[{"name":"wp","href":"https:\/\/api.w.org\/{rel}","templated":true}]}}