{"id":13731,"date":"2018-03-28T22:10:35","date_gmt":"2018-03-28T22:10:35","guid":{"rendered":"https:\/\/www.feurich.com\/innovation\/"},"modified":"2022-02-24T10:42:12","modified_gmt":"2022-02-24T10:42:12","slug":"innovation","status":"publish","type":"page","link":"https:\/\/feurich.com\/fr\/innovation\/","title":{"rendered":"Innovation"},"content":{"rendered":"<div class=\"wpb-content-wrapper\"><p>[vc_row][vc_column][rev_slider_vc alias=\u00a0\u00bbinnovations\u00a0\u00bb][\/vc_column][\/vc_row][vc_row][vc_column width=\u00a0\u00bb1\/6&Prime;][\/vc_column][vc_column width=\u00a0\u00bb2\/3&Prime;][vc_empty_space height=\u00a0\u00bb24px\u00a0\u00bb][vc_column_text el_class=\u00a0\u00bbbig-title\u00a0\u00bb]<\/p>\n<p style=\"text-align: center;\">INNOVATIONS<\/p>\n<p>[\/vc_column_text][vc_empty_space height=\u00a0\u00bb24px\u00a0\u00bb][vc_column_text]Fid\u00e8le \u00e0 la devise \u00abTradition &amp; Innovation\u00bb, FEURICH est reconnu comme l&rsquo;un des fabricants de pianos les plus innovants au monde. M\u00eame les plus petits d\u00e9tails sont r\u00e9vis\u00e9s et souvent une approche compl\u00e8tement nouvelle est mise en \u0153uvre. Les r\u00e9sultats ouvrent de nouvelles portes aux pianistes du monde entier. Vous pouvez trouver ici les d\u00e9tails des innovations les plus importantes \u00e0 ce jour. Beaucoup d&rsquo;autres sont en route &#8230;[\/vc_column_text][vc_empty_space height=\u00a0\u00bb24px\u00a0\u00bb][\/vc_column][vc_column width=\u00a0\u00bb1\/6&Prime;][\/vc_column][\/vc_row][vc_row][vc_column width=\u00a0\u00bb1\/3&Prime;][vc_single_image image=\u00a0\u00bb7432&Prime; img_size=\u00a0\u00bblarge\u00a0\u00bb alignment=\u00a0\u00bbcenter\u00a0\u00bb onclick=\u00a0\u00bbcustom_link\u00a0\u00bb link=\u00a0\u00bb?page_id=15608&Prime;][vc_column_text el_class=\u00a0\u00bbproducts-title\u00a0\u00bb]<a class=\"mega-menu-link\" href=\"?page_id=15608\">FEURICH \u2013 HIGH SPEED KAMM ACTION<\/a>[\/vc_column_text][vc_column_text]Pour le FEURICH 123 &#8211; Vienna, nous avons d\u00e9velopp\u00e9 un tout nouveau concept pour l&rsquo;action du piano droit. Produit par Renner, et mis en \u0153uvre dans un syst\u00e8me nouvellement brevet\u00e9, ce concept permet une vitesse de r\u00e9p\u00e9tition in\u00e9dite dans un piano droit acoustique.[\/vc_column_text][\/vc_column][vc_column width=\u00a0\u00bb1\/3&Prime;][vc_single_image image=\u00a0\u00bb2890&Prime; img_size=\u00a0\u00bb350&#215;240&Prime; alignment=\u00a0\u00bbcenter\u00a0\u00bb onclick=\u00a0\u00bbcustom_link\u00a0\u00bb link=\u00a0\u00bb?page_id=15605&Prime;][vc_column_text el_class=\u00a0\u00bbproducts-title\u00a0\u00bb]<a href=\"?page_id=15605\">SILENCIEUX<\/a>[\/vc_column_text][vc_column_text] Avec notre propre syst\u00e8me de silencieux Real Touch, vous pouvez facilement couper le son de votre piano et jouer en mode casque. Gr\u00e2ce \u00e0 cette innovation, ce n&rsquo;est d\u00e9sormais plus un probl\u00e8me de jouer de votre instrument \u00e0 tout moment, de jour comme de nuit.[\/vc_column_text][\/vc_column][vc_column width=\u00a0\u00bb1\/3&Prime;][vc_single_image image=\u00a0\u00bb2885&Prime; img_size=\u00a0\u00bb350&#215;240&Prime; alignment=\u00a0\u00bbcenter\u00a0\u00bb onclick=\u00a0\u00bbcustom_link\u00a0\u00bb link=\u00a0\u00bb?page_id=13728&Prime;][vc_column_text el_class=\u00a0\u00bbproducts-title\u00a0\u00bb]<a class=\"mega-menu-link\" href=\"?page_id=13728\">MODELE 123 \u2013 \u201cVIENNA\u201c<\/a>[\/vc_column_text][vc_column_text]La nouvelle innovation de FEURICH est le nouveau piano droit, le FEURICH 123 &#8211; Vienne. Ce piano droit pr\u00e9sente de nombreuses innovations in\u00e9dites dans la conception de sa m\u00e9canique, de son meuble et de son p\u00e9dalier, et peut m\u00eame \u00eatre jou\u00e9 sans aucun meuble.[\/vc_column_text][\/vc_column][\/vc_row][vc_row][vc_column][vc_empty_space height=\u00a0\u00bb52px\u00a0\u00bb][\/vc_column][\/vc_row]<\/p>\n<\/div>","protected":false},"excerpt":{"rendered":"<p>Fid\u00e8le \u00e0 la devise \u00abTradition &#038; Innovation\u00bb, FEURICH est reconnu comme l&rsquo;un des fabricants de pianos les plus innovants au monde.<\/p>\n","protected":false},"author":4,"featured_media":0,"parent":0,"menu_order":0,"comment_status":"closed","ping_status":"closed","template":"template-fullwidth.php","meta":{"inline_featured_image":false,"footnotes":""},"class_list":["post-13731","page","type-page","status-publish","hentry"],"acf":[],"yoast_head":"<!-- This site is optimized with the Yoast SEO plugin v24.4 - https:\/\/yoast.com\/wordpress\/plugins\/seo\/ -->\n<title>Innovation - FEURICH<\/title>\n<meta name=\"robots\" content=\"index, follow, max-snippet:-1, max-image-preview:large, max-video-preview:-1\" \/>\n<link rel=\"canonical\" href=\"https:\/\/feurich.com\/fr\/innovation\/\" \/>\n<meta property=\"og:locale\" content=\"fr_FR\" \/>\n<meta property=\"og:type\" content=\"article\" \/>\n<meta property=\"og:title\" content=\"Innovation - FEURICH\" \/>\n<meta property=\"og:description\" content=\"Fid\u00e8le \u00e0 la devise \u00abTradition &amp; Innovation\u00bb, FEURICH est reconnu comme l&#039;un des fabricants de pianos les plus innovants au monde.\" \/>\n<meta property=\"og:url\" content=\"https:\/\/feurich.com\/fr\/innovation\/\" \/>\n<meta property=\"og:site_name\" content=\"FEURICH\" \/>\n<meta property=\"article:publisher\" content=\"https:\/\/www.facebook.com\/feurichvienna\/\" \/>\n<meta property=\"article:modified_time\" content=\"2022-02-24T10:42:12+00:00\" \/>\n<meta name=\"twitter:card\" content=\"summary_large_image\" \/>\n<meta name=\"twitter:label1\" content=\"Dur\u00e9e de lecture estim\u00e9e\" \/>\n\t<meta name=\"twitter:data1\" content=\"2 minutes\" \/>\n<script type=\"application\/ld+json\" class=\"yoast-schema-graph\">{\"@context\":\"https:\/\/schema.org\",\"@graph\":[{\"@type\":\"WebPage\",\"@id\":\"https:\/\/feurich.com\/fr\/innovation\/\",\"url\":\"https:\/\/feurich.com\/fr\/innovation\/\",\"name\":\"Innovation - FEURICH\",\"isPartOf\":{\"@id\":\"https:\/\/feurich.com\/en\/#website\"},\"datePublished\":\"2018-03-28T22:10:35+00:00\",\"dateModified\":\"2022-02-24T10:42:12+00:00\",\"breadcrumb\":{\"@id\":\"https:\/\/feurich.com\/fr\/innovation\/#breadcrumb\"},\"inLanguage\":\"fr-FR\",\"potentialAction\":[{\"@type\":\"ReadAction\",\"target\":[\"https:\/\/feurich.com\/fr\/innovation\/\"]}]},{\"@type\":\"BreadcrumbList\",\"@id\":\"https:\/\/feurich.com\/fr\/innovation\/#breadcrumb\",\"itemListElement\":[{\"@type\":\"ListItem\",\"position\":1,\"name\":\"Home\",\"item\":\"https:\/\/feurich.com\/fr\/\"},{\"@type\":\"ListItem\",\"position\":2,\"name\":\"Innovation\"}]},{\"@type\":\"WebSite\",\"@id\":\"https:\/\/feurich.com\/en\/#website\",\"url\":\"https:\/\/feurich.com\/en\/\",\"name\":\"FEURICH\",\"description\":\"A sound that connects\",\"publisher\":{\"@id\":\"https:\/\/feurich.com\/en\/#organization\"},\"potentialAction\":[{\"@type\":\"SearchAction\",\"target\":{\"@type\":\"EntryPoint\",\"urlTemplate\":\"https:\/\/feurich.com\/en\/?s={search_term_string}\"},\"query-input\":{\"@type\":\"PropertyValueSpecification\",\"valueRequired\":true,\"valueName\":\"search_term_string\"}}],\"inLanguage\":\"fr-FR\"},{\"@type\":\"Organization\",\"@id\":\"https:\/\/feurich.com\/en\/#organization\",\"name\":\"FEURICH\",\"url\":\"https:\/\/feurich.com\/en\/\",\"logo\":{\"@type\":\"ImageObject\",\"inLanguage\":\"fr-FR\",\"@id\":\"https:\/\/feurich.com\/en\/#\/schema\/logo\/image\/\",\"url\":\"https:\/\/feurich.com\/wp-content\/uploads\/logo.png\",\"contentUrl\":\"https:\/\/feurich.com\/wp-content\/uploads\/logo.png\",\"width\":354,\"height\":151,\"caption\":\"FEURICH\"},\"image\":{\"@id\":\"https:\/\/feurich.com\/en\/#\/schema\/logo\/image\/\"},\"sameAs\":[\"https:\/\/www.facebook.com\/feurichvienna\/\"]}]}<\/script>\n<!-- \/ Yoast SEO plugin. -->","yoast_head_json":{"title":"Innovation - FEURICH","robots":{"index":"index","follow":"follow","max-snippet":"max-snippet:-1","max-image-preview":"max-image-preview:large","max-video-preview":"max-video-preview:-1"},"canonical":"https:\/\/feurich.com\/fr\/innovation\/","og_locale":"fr_FR","og_type":"article","og_title":"Innovation - FEURICH","og_description":"Fid\u00e8le \u00e0 la devise \u00abTradition & Innovation\u00bb, FEURICH est reconnu comme l'un des fabricants de pianos les plus innovants au monde.","og_url":"https:\/\/feurich.com\/fr\/innovation\/","og_site_name":"FEURICH","article_publisher":"https:\/\/www.facebook.com\/feurichvienna\/","article_modified_time":"2022-02-24T10:42:12+00:00","twitter_card":"summary_large_image","twitter_misc":{"Dur\u00e9e de lecture estim\u00e9e":"2 minutes"},"schema":{"@context":"https:\/\/schema.org","@graph":[{"@type":"WebPage","@id":"https:\/\/feurich.com\/fr\/innovation\/","url":"https:\/\/feurich.com\/fr\/innovation\/","name":"Innovation - FEURICH","isPartOf":{"@id":"https:\/\/feurich.com\/en\/#website"},"datePublished":"2018-03-28T22:10:35+00:00","dateModified":"2022-02-24T10:42:12+00:00","breadcrumb":{"@id":"https:\/\/feurich.com\/fr\/innovation\/#breadcrumb"},"inLanguage":"fr-FR","potentialAction":[{"@type":"ReadAction","target":["https:\/\/feurich.com\/fr\/innovation\/"]}]},{"@type":"BreadcrumbList","@id":"https:\/\/feurich.com\/fr\/innovation\/#breadcrumb","itemListElement":[{"@type":"ListItem","position":1,"name":"Home","item":"https:\/\/feurich.com\/fr\/"},{"@type":"ListItem","position":2,"name":"Innovation"}]},{"@type":"WebSite","@id":"https:\/\/feurich.com\/en\/#website","url":"https:\/\/feurich.com\/en\/","name":"FEURICH","description":"A sound that connects","publisher":{"@id":"https:\/\/feurich.com\/en\/#organization"},"potentialAction":[{"@type":"SearchAction","target":{"@type":"EntryPoint","urlTemplate":"https:\/\/feurich.com\/en\/?s={search_term_string}"},"query-input":{"@type":"PropertyValueSpecification","valueRequired":true,"valueName":"search_term_string"}}],"inLanguage":"fr-FR"},{"@type":"Organization","@id":"https:\/\/feurich.com\/en\/#organization","name":"FEURICH","url":"https:\/\/feurich.com\/en\/","logo":{"@type":"ImageObject","inLanguage":"fr-FR","@id":"https:\/\/feurich.com\/en\/#\/schema\/logo\/image\/","url":"https:\/\/feurich.com\/wp-content\/uploads\/logo.png","contentUrl":"https:\/\/feurich.com\/wp-content\/uploads\/logo.png","width":354,"height":151,"caption":"FEURICH"},"image":{"@id":"https:\/\/feurich.com\/en\/#\/schema\/logo\/image\/"},"sameAs":["https:\/\/www.facebook.com\/feurichvienna\/"]}]}},"_links":{"self":[{"href":"https:\/\/feurich.com\/fr\/wp-json\/wp\/v2\/pages\/13731","targetHints":{"allow":["GET"]}}],"collection":[{"href":"https:\/\/feurich.com\/fr\/wp-json\/wp\/v2\/pages"}],"about":[{"href":"https:\/\/feurich.com\/fr\/wp-json\/wp\/v2\/types\/page"}],"author":[{"embeddable":true,"href":"https:\/\/feurich.com\/fr\/wp-json\/wp\/v2\/users\/4"}],"replies":[{"embeddable":true,"href":"https:\/\/feurich.com\/fr\/wp-json\/wp\/v2\/comments?post=13731"}],"version-history":[{"count":19,"href":"https:\/\/feurich.com\/fr\/wp-json\/wp\/v2\/pages\/13731\/revisions"}],"predecessor-version":[{"id":57690,"href":"https:\/\/feurich.com\/fr\/wp-json\/wp\/v2\/pages\/13731\/revisions\/57690"}],"wp:attachment":[{"href":"https:\/\/feurich.com\/fr\/wp-json\/wp\/v2\/media?parent=13731"}],"curies":[{"name":"wp","href":"https:\/\/api.w.org\/{rel}","templated":true}]}}