{"id":13728,"date":"2018-03-28T22:03:42","date_gmt":"2018-03-28T22:03:42","guid":{"rendered":"https:\/\/www.feurich.com\/model-123-vienne\/"},"modified":"2019-08-19T09:48:17","modified_gmt":"2019-08-19T09:48:17","slug":"model-123-vienne","status":"publish","type":"page","link":"https:\/\/feurich.com\/fr\/innovation\/model-123-vienne\/","title":{"rendered":"Model 123 &#8211; Vienne"},"content":{"rendered":"<div class=\"wpb-content-wrapper\"><p>[vc_row][vc_column][vc_empty_space][vc_column_text el_class=\u00a0\u00bbbig-title\u00a0\u00bb]<\/p>\n<p style=\"text-align: center;\">Mod. 123 \u2013 Vienna \u201cMade in Austria\u201c<\/p>\n<p>[\/vc_column_text][vc_empty_space height=\u00a0\u00bb20px\u00a0\u00bb][\/vc_column][\/vc_row][vc_row][vc_column width=\u00a0\u00bb1\/3&Prime;][vc_single_image image=\u00a0\u00bb964&Prime; img_size=\u00a0\u00bblarge\u00a0\u00bb][\/vc_column][vc_column width=\u00a0\u00bb2\/3&Prime;][vc_column_text]La nouvelle innovation de FEURICH est un piano droit, le FEURICH 123 &#8211; Vienne. Cet instrument pr\u00e9sente de nombreuses innovations in\u00e9dites dans la conception de son action, de son meuble et de son p\u00e9dalier. Le piano de Vienne est \u00e9galement ax\u00e9 sur l&rsquo;environnement avec un clavier sans plomb et une finition en gomme de laque pour le meuble. De plus, il s&rsquo;agit du premier piano de s\u00e9rie \u00e0 pouvoir \u00eatre jou\u00e9 enti\u00e8rement sans bo\u00eetier, extr\u00eamement utile pour l&rsquo;enregistrement, les concerts et les situations de transport difficiles.<a href=\"https:\/\/www.feurich.com\/fr\/produits\/pianos-viennois\/\"> &gt;&gt; D\u00e9tails<\/a><\/p>\n<p>Le FEURICH 123 &#8211; Vienna fait \u00e9galement appel \u00e0 l&rsquo;action innovante KAMM High Speed, permettant une r\u00e9p\u00e9tition extr\u00eamement rapide, habituellement r\u00e9serv\u00e9e aux meilleurs grands concerts. Gr\u00e2ce \u00e0 l&rsquo;action High Speed Kamm, le FEURICH 123- Vienna a un toucher plus l\u00e9ger et plus pr\u00e9cis que tout autre piano droit sur le march\u00e9.[\/vc_column_text][\/vc_column][\/vc_row]<\/p>\n<\/div>","protected":false},"excerpt":{"rendered":"<p>L&rsquo;innovation la plus r\u00e9cente de FEURICH pr\u00e9sente de nombreuses innovations sans pr\u00e9c\u00e9dent dans la conception de son syst\u00e8me d&rsquo;action, de bo\u00eetier et de p\u00e9dale.<\/p>\n","protected":false},"author":4,"featured_media":0,"parent":13731,"menu_order":1,"comment_status":"closed","ping_status":"closed","template":"template-fullwidth.php","meta":{"inline_featured_image":false,"footnotes":""},"class_list":["post-13728","page","type-page","status-publish","hentry"],"acf":[],"yoast_head":"<!-- This site is optimized with the Yoast SEO plugin v24.4 - https:\/\/yoast.com\/wordpress\/plugins\/seo\/ -->\n<title>Model 123 - Vienne - FEURICH<\/title>\n<meta name=\"robots\" content=\"index, follow, max-snippet:-1, max-image-preview:large, max-video-preview:-1\" \/>\n<link rel=\"canonical\" href=\"https:\/\/feurich.com\/fr\/innovation\/model-123-vienne\/\" \/>\n<meta property=\"og:locale\" content=\"fr_FR\" \/>\n<meta property=\"og:type\" content=\"article\" \/>\n<meta property=\"og:title\" content=\"Model 123 - Vienne - FEURICH\" \/>\n<meta property=\"og:description\" content=\"L&#039;innovation la plus r\u00e9cente de FEURICH pr\u00e9sente de nombreuses innovations sans pr\u00e9c\u00e9dent dans la conception de son syst\u00e8me d&#039;action, de bo\u00eetier et de p\u00e9dale.\" \/>\n<meta property=\"og:url\" content=\"https:\/\/feurich.com\/fr\/innovation\/model-123-vienne\/\" \/>\n<meta property=\"og:site_name\" content=\"FEURICH\" \/>\n<meta property=\"article:publisher\" content=\"https:\/\/www.facebook.com\/feurichvienna\/\" \/>\n<meta property=\"article:modified_time\" content=\"2019-08-19T09:48:17+00:00\" \/>\n<meta name=\"twitter:card\" content=\"summary_large_image\" \/>\n<meta name=\"twitter:label1\" content=\"Dur\u00e9e de lecture estim\u00e9e\" \/>\n\t<meta name=\"twitter:data1\" content=\"1 minute\" \/>\n<script type=\"application\/ld+json\" class=\"yoast-schema-graph\">{\"@context\":\"https:\/\/schema.org\",\"@graph\":[{\"@type\":\"WebPage\",\"@id\":\"https:\/\/feurich.com\/fr\/innovation\/model-123-vienne\/\",\"url\":\"https:\/\/feurich.com\/fr\/innovation\/model-123-vienne\/\",\"name\":\"Model 123 - Vienne - FEURICH\",\"isPartOf\":{\"@id\":\"https:\/\/feurich.com\/en\/#website\"},\"datePublished\":\"2018-03-28T22:03:42+00:00\",\"dateModified\":\"2019-08-19T09:48:17+00:00\",\"breadcrumb\":{\"@id\":\"https:\/\/feurich.com\/fr\/innovation\/model-123-vienne\/#breadcrumb\"},\"inLanguage\":\"fr-FR\",\"potentialAction\":[{\"@type\":\"ReadAction\",\"target\":[\"https:\/\/feurich.com\/fr\/innovation\/model-123-vienne\/\"]}]},{\"@type\":\"BreadcrumbList\",\"@id\":\"https:\/\/feurich.com\/fr\/innovation\/model-123-vienne\/#breadcrumb\",\"itemListElement\":[{\"@type\":\"ListItem\",\"position\":1,\"name\":\"Home\",\"item\":\"https:\/\/feurich.com\/fr\/\"},{\"@type\":\"ListItem\",\"position\":2,\"name\":\"Innovation\",\"item\":\"https:\/\/feurich.com\/fr\/innovation\/\"},{\"@type\":\"ListItem\",\"position\":3,\"name\":\"Model 123 &#8211; Vienne\"}]},{\"@type\":\"WebSite\",\"@id\":\"https:\/\/feurich.com\/en\/#website\",\"url\":\"https:\/\/feurich.com\/en\/\",\"name\":\"FEURICH\",\"description\":\"A sound that connects\",\"publisher\":{\"@id\":\"https:\/\/feurich.com\/en\/#organization\"},\"potentialAction\":[{\"@type\":\"SearchAction\",\"target\":{\"@type\":\"EntryPoint\",\"urlTemplate\":\"https:\/\/feurich.com\/en\/?s={search_term_string}\"},\"query-input\":{\"@type\":\"PropertyValueSpecification\",\"valueRequired\":true,\"valueName\":\"search_term_string\"}}],\"inLanguage\":\"fr-FR\"},{\"@type\":\"Organization\",\"@id\":\"https:\/\/feurich.com\/en\/#organization\",\"name\":\"FEURICH\",\"url\":\"https:\/\/feurich.com\/en\/\",\"logo\":{\"@type\":\"ImageObject\",\"inLanguage\":\"fr-FR\",\"@id\":\"https:\/\/feurich.com\/en\/#\/schema\/logo\/image\/\",\"url\":\"https:\/\/feurich.com\/wp-content\/uploads\/logo.png\",\"contentUrl\":\"https:\/\/feurich.com\/wp-content\/uploads\/logo.png\",\"width\":354,\"height\":151,\"caption\":\"FEURICH\"},\"image\":{\"@id\":\"https:\/\/feurich.com\/en\/#\/schema\/logo\/image\/\"},\"sameAs\":[\"https:\/\/www.facebook.com\/feurichvienna\/\"]}]}<\/script>\n<!-- \/ Yoast SEO plugin. -->","yoast_head_json":{"title":"Model 123 - Vienne - FEURICH","robots":{"index":"index","follow":"follow","max-snippet":"max-snippet:-1","max-image-preview":"max-image-preview:large","max-video-preview":"max-video-preview:-1"},"canonical":"https:\/\/feurich.com\/fr\/innovation\/model-123-vienne\/","og_locale":"fr_FR","og_type":"article","og_title":"Model 123 - Vienne - FEURICH","og_description":"L'innovation la plus r\u00e9cente de FEURICH pr\u00e9sente de nombreuses innovations sans pr\u00e9c\u00e9dent dans la conception de son syst\u00e8me d'action, de bo\u00eetier et de p\u00e9dale.","og_url":"https:\/\/feurich.com\/fr\/innovation\/model-123-vienne\/","og_site_name":"FEURICH","article_publisher":"https:\/\/www.facebook.com\/feurichvienna\/","article_modified_time":"2019-08-19T09:48:17+00:00","twitter_card":"summary_large_image","twitter_misc":{"Dur\u00e9e de lecture estim\u00e9e":"1 minute"},"schema":{"@context":"https:\/\/schema.org","@graph":[{"@type":"WebPage","@id":"https:\/\/feurich.com\/fr\/innovation\/model-123-vienne\/","url":"https:\/\/feurich.com\/fr\/innovation\/model-123-vienne\/","name":"Model 123 - Vienne - FEURICH","isPartOf":{"@id":"https:\/\/feurich.com\/en\/#website"},"datePublished":"2018-03-28T22:03:42+00:00","dateModified":"2019-08-19T09:48:17+00:00","breadcrumb":{"@id":"https:\/\/feurich.com\/fr\/innovation\/model-123-vienne\/#breadcrumb"},"inLanguage":"fr-FR","potentialAction":[{"@type":"ReadAction","target":["https:\/\/feurich.com\/fr\/innovation\/model-123-vienne\/"]}]},{"@type":"BreadcrumbList","@id":"https:\/\/feurich.com\/fr\/innovation\/model-123-vienne\/#breadcrumb","itemListElement":[{"@type":"ListItem","position":1,"name":"Home","item":"https:\/\/feurich.com\/fr\/"},{"@type":"ListItem","position":2,"name":"Innovation","item":"https:\/\/feurich.com\/fr\/innovation\/"},{"@type":"ListItem","position":3,"name":"Model 123 &#8211; Vienne"}]},{"@type":"WebSite","@id":"https:\/\/feurich.com\/en\/#website","url":"https:\/\/feurich.com\/en\/","name":"FEURICH","description":"A sound that connects","publisher":{"@id":"https:\/\/feurich.com\/en\/#organization"},"potentialAction":[{"@type":"SearchAction","target":{"@type":"EntryPoint","urlTemplate":"https:\/\/feurich.com\/en\/?s={search_term_string}"},"query-input":{"@type":"PropertyValueSpecification","valueRequired":true,"valueName":"search_term_string"}}],"inLanguage":"fr-FR"},{"@type":"Organization","@id":"https:\/\/feurich.com\/en\/#organization","name":"FEURICH","url":"https:\/\/feurich.com\/en\/","logo":{"@type":"ImageObject","inLanguage":"fr-FR","@id":"https:\/\/feurich.com\/en\/#\/schema\/logo\/image\/","url":"https:\/\/feurich.com\/wp-content\/uploads\/logo.png","contentUrl":"https:\/\/feurich.com\/wp-content\/uploads\/logo.png","width":354,"height":151,"caption":"FEURICH"},"image":{"@id":"https:\/\/feurich.com\/en\/#\/schema\/logo\/image\/"},"sameAs":["https:\/\/www.facebook.com\/feurichvienna\/"]}]}},"_links":{"self":[{"href":"https:\/\/feurich.com\/fr\/wp-json\/wp\/v2\/pages\/13728","targetHints":{"allow":["GET"]}}],"collection":[{"href":"https:\/\/feurich.com\/fr\/wp-json\/wp\/v2\/pages"}],"about":[{"href":"https:\/\/feurich.com\/fr\/wp-json\/wp\/v2\/types\/page"}],"author":[{"embeddable":true,"href":"https:\/\/feurich.com\/fr\/wp-json\/wp\/v2\/users\/4"}],"replies":[{"embeddable":true,"href":"https:\/\/feurich.com\/fr\/wp-json\/wp\/v2\/comments?post=13728"}],"version-history":[{"count":6,"href":"https:\/\/feurich.com\/fr\/wp-json\/wp\/v2\/pages\/13728\/revisions"}],"predecessor-version":[{"id":25886,"href":"https:\/\/feurich.com\/fr\/wp-json\/wp\/v2\/pages\/13728\/revisions\/25886"}],"up":[{"embeddable":true,"href":"https:\/\/feurich.com\/fr\/wp-json\/wp\/v2\/pages\/13731"}],"wp:attachment":[{"href":"https:\/\/feurich.com\/fr\/wp-json\/wp\/v2\/media?parent=13728"}],"curies":[{"name":"wp","href":"https:\/\/api.w.org\/{rel}","templated":true}]}}