{"id":13705,"date":"2018-03-28T21:29:23","date_gmt":"2018-03-28T21:29:23","guid":{"rendered":"https:\/\/www.feurich.com\/a-propos-de-nous\/une-equipe-dexperts\/"},"modified":"2019-08-08T11:18:27","modified_gmt":"2019-08-08T11:18:27","slug":"une-equipe-dexperts","status":"publish","type":"page","link":"https:\/\/feurich.com\/fr\/a-propos-de-nous\/une-equipe-dexperts\/","title":{"rendered":"Une \u00e9quipe d&rsquo;experts"},"content":{"rendered":"<div class=\"wpb-content-wrapper\"><p>[vc_row][vc_column width=\u00a0\u00bb1\/6&Prime;][\/vc_column][vc_column width=\u00a0\u00bb2\/3&Prime;][vc_empty_space height=\u00a0\u00bb44px\u00a0\u00bb][vc_column_text el_class=\u00a0\u00bbbig-title\u00a0\u00bb]<\/p>\n<p style=\"text-align: center;\">FEURICH Team of Experts<\/p>\n<p>[\/vc_column_text][vc_empty_space height=\u00a0\u00bb24px\u00a0\u00bb][vc_column_text]<span style=\"font-size: 14pt;\">Pour combiner l&rsquo;innovation \u00e0 la vie au quotidien, il faut des gens avec de grandes visions, et une total ma\u00eetrise de leur m\u00e9tier dans les moindre d\u00e9tails. Nous sommes fiers de vous pr\u00e9senter notre \u00e9quipe internationale d&rsquo;experts, compos\u00e9e de v\u00e9ritables ma\u00eetres dans leur domaine, et qui travaillent sans rel\u00e2che pour trouver de nouvelles solutions et d\u00e9couvrir des zones encore inexplor\u00e9es de leur art.<\/span><\/p>\n<p><span style=\"font-size: 14pt;\">Accompagner cette \u00e9quipe d&rsquo;experts, c&rsquo;est le soutien permanent et la passion pour le piano de toute l&rsquo;\u00e9quipe de FEURICH.<\/span>[\/vc_column_text][vc_empty_space height=\u00a0\u00bb24px\u00a0\u00bb][\/vc_column][vc_column width=\u00a0\u00bb1\/6&Prime;][\/vc_column][\/vc_row][vc_row][vc_column width=\u00a0\u00bb1\/3&Prime;][vc_single_image image=\u00a0\u00bb1722&Prime; img_size=\u00a0\u00bb360&#215;260&Prime; alignment=\u00a0\u00bbcenter\u00a0\u00bb onclick=\u00a0\u00bbcustom_link\u00a0\u00bb link=\u00a0\u00bb?page_id=13755&Prime;][vc_column_text el_class=\u00a0\u00bbproducts-title\u00a0\u00bb]<a href=\"?page_id=13755\">J\u00f6rg Wachler<\/a>[\/vc_column_text][vc_column_text]<strong>Harmonisateur de piano en chef de FEURICH Vienne &amp; Accordeur de pianos de concert<\/strong><\/p>\n<p>J\u00f6rg Wachler est responsable de la pr\u00e9paration finale des pianos sur les sites de production de FEURICH \u00e0 Vienne. Il est continuellement impliqu\u00e9 dans le d\u00e9veloppement de nouvelles techniques dans le monde du son et de l&rsquo;harmonisation du piano, et dialogue constamment avec notre \u00e9quipe et les nombreux partenaires de FEURICH dans le monde, afin de partager et d\u00e9velopper ces connaissances. <a href=\"https:\/\/www.feurich.com\/fr\/a-propos-de-nous\/une-equipe-dexperts\/jorg-wachler\/\">En savoir plus sur J\u00f6rg Wachler<\/a>[\/vc_column_text][\/vc_column][vc_column width=\u00a0\u00bb1\/3&Prime;][vc_single_image image=\u00a0\u00bb1721&Prime; img_size=\u00a0\u00bb360&#215;260&Prime; alignment=\u00a0\u00bbcenter\u00a0\u00bb onclick=\u00a0\u00bbcustom_link\u00a0\u00bb link=\u00a0\u00bb?page_id=13753&Prime;][vc_column_text el_class=\u00a0\u00bbproducts-title\u00a0\u00bb]<a class=\"mega-menu-link\" href=\"https:\/\/www.feurich.com\/fr\/a-propos-de-nous\/une-equipe-dexperts\/sibin-zlatkovic\/\">Sibin Zlatkovic<\/a>[\/vc_column_text][vc_column_text]<strong>Harmonisateur de piano en chef &amp; Accordeur de pianos de concert<\/strong><\/p>\n<p>Sibin Zlatkovic est responsable de la formation et du perfectionnement de nos techniciens de piano, ainsi que de tous les partenaires de FEURICH dans le monde. Avec J\u00f6rg Wachler et St\u00e9phane Boussuge, il dirige notre \u00e9quipe technique en termes d&rsquo;expertise sonore et de pr\u00e9paration au piano. Il travaille pour atteindre la meilleure gamme dynamique possible, un ton long et chaud, et une riche vari\u00e9t\u00e9 de couleurs de nos pianos &#8211; le son typiquement viennois. <a href=\"https:\/\/www.feurich.com\/fr\/a-propos-de-nous\/une-equipe-dexperts\/sibin-zlatkovic\/\">En savoir plus sur Sibin Zlatkovic<\/a>[\/vc_column_text][\/vc_column][vc_column width=\u00a0\u00bb1\/3&Prime;][vc_single_image image=\u00a0\u00bb24785&Prime; img_size=\u00a0\u00bb360&#215;260&Prime; alignment=\u00a0\u00bbcenter\u00a0\u00bb onclick=\u00a0\u00bbcustom_link\u00a0\u00bb link=\u00a0\u00bb?page_id=13751&Prime; el_class=\u00a0\u00bbinfo-img\u00a0\u00bb][vc_column_text el_class=\u00a0\u00bbproducts-title\u00a0\u00bb]<a href=\"https:\/\/www.feurich.com\/fr\/a-propos-de-nous\/une-equipe-dexperts\/stephane-boussouge\/\">St\u00e9phane Boussuge<\/a>[\/vc_column_text][vc_column_text]<strong>Harmonisateur de piano en chef &amp; Accordeur de pianos de concert<\/strong><\/p>\n<p>St\u00e9phane Boussuge poss\u00e8de une vaste connaissance et expertise dans l&rsquo;harmonisation du piano, le r\u00e9glage et l&rsquo;accord, et est responsable de la pr\u00e9paration des instruments FEURICH \u00e0 Vienne. Son travail \u00e9tonne \u00e0 la fois les pianistes et les techniciens du piano dans le monde entier. <a href=\"https:\/\/www.feurich.com\/fr\/a-propos-de-nous\/une-equipe-dexperts\/stephane-boussouge\/\">En savoir plus sur St\u00e9phane Boussuge<\/a>[\/vc_column_text][\/vc_column][\/vc_row][vc_row][vc_column width=\u00a0\u00bb1\/3&Prime;][vc_single_image image=\u00a0\u00bb19574&Prime; img_size=\u00a0\u00bb360&#215;260&Prime; alignment=\u00a0\u00bbcenter\u00a0\u00bb onclick=\u00a0\u00bbcustom_link\u00a0\u00bb link=\u00a0\u00bb?page_id=20152&Prime;][vc_column_text el_class=\u00a0\u00bbproducts-title\u00a0\u00bb]<a href=\"?page_id=20152\">Vladislav &amp; Oleg Mikucionok<\/a>[\/vc_column_text][vc_column_text]<strong>Technicien de piano et ma\u00eetre facteur de pianos, FEURICH Vienne<\/strong><\/p>\n<p>Vladislav Mikucionok est un technicien de piano et le directeur de notre centre de production \u00e0 Vienne. Son p\u00e8re, le ma\u00eetre facteur de piano Oleg Mikucionok,<br \/>\ntransmet son savoir-faire aux nouvelles g\u00e9n\u00e9rations et forme nos apprentis dans l\u2019usine de Vienne. <a href=\"?page_id=20152\">En savoir plus sur Vladislav et Oleg Mikucionok<\/a>[\/vc_column_text][\/vc_column][vc_column width=\u00a0\u00bb1\/3&Prime;][vc_single_image image=\u00a0\u00bb1719&Prime; img_size=\u00a0\u00bb360&#215;260&Prime; alignment=\u00a0\u00bbcenter\u00a0\u00bb onclick=\u00a0\u00bbcustom_link\u00a0\u00bb link=\u00a0\u00bb?page_id=13742&Prime;][vc_column_text el_class=\u00a0\u00bbproducts-title\u00a0\u00bb]<a href=\"?page_id=13742\">Mag. Wang Jing<\/a>[\/vc_column_text][vc_column_text]<strong>Direction &amp; Communication de la production FEURICH \u00e0 Vienne<\/strong><\/p>\n<p>Wang Jing est le directeur administratif et op\u00e9rationnel des installations de production de FEURICH \u00e0 Vienne. <a href=\"https:\/\/www.feurich.com\/fr\/a-propos-de-nous\/une-equipe-dexperts\/wang-jing\/\">En savoir plus sur Wang Jing<\/a>[\/vc_column_text][\/vc_column][vc_column width=\u00a0\u00bb1\/3&Prime;][vc_single_image image=\u00a0\u00bb1057&Prime; img_size=\u00a0\u00bb360&#215;260&Prime; alignment=\u00a0\u00bbcenter\u00a0\u00bb onclick=\u00a0\u00bbcustom_link\u00a0\u00bb link=\u00a0\u00bb?page_id=13745&Prime;][vc_column_text el_class=\u00a0\u00bbproducts-title\u00a0\u00bb]<a class=\"mega-menu-link\" href=\"?page_id=13745\">Udo Kamm<\/a>[\/vc_column_text][vc_column_text]<strong>Ma\u00eetre constructeur de pianos et Artisan \u00e0 Kirchhain en Allemagne<\/strong><\/p>\n<p>Udo Kamm est un inventeur brillant et le cerveau derri\u00e8re de nombreuses innovations dans le monde des pianos acoustiques. <a href=\"https:\/\/www.feurich.com\/fr\/a-propos-de-nous\/une-equipe-dexperts\/udo-kamm\/\">En savoir plus sur Udo Kamm<\/a>[\/vc_column_text][\/vc_column][\/vc_row][vc_row][vc_column width=\u00a0\u00bb1\/3&Prime;][vc_single_image image=\u00a0\u00bb2010&Prime; img_size=\u00a0\u00bb360&#215;260&Prime; alignment=\u00a0\u00bbcenter\u00a0\u00bb onclick=\u00a0\u00bbcustom_link\u00a0\u00bb][vc_column_text el_class=\u00a0\u00bbproducts-title\u00a0\u00bb]<a class=\"mega-menu-link\">Claire Paulello<\/a>[\/vc_column_text][vc_column_text]<br \/>\n<strong>Piano Designer, Villethierry, France.<\/strong><\/p>\n<p>Claire Paulello est un constructeur de caissons qualifi\u00e9s et poss\u00e8de une vaste exp\u00e9rience dans le dessin technique. Gr\u00e2ce \u00e0 son exp\u00e9rience pratique de la restauration de nombreux instruments, elle a acquis une profonde compr\u00e9hension de la relation entre la forme et le mat\u00e9riau. Elle est sp\u00e9cialiste des dessins informatiques 2D et 3D en design de piano.<\/p>\n<p>[\/vc_column_text][\/vc_column][vc_column width=\u00a0\u00bb1\/3&Prime;][vc_single_image image=\u00a0\u00bb1717&Prime; img_size=\u00a0\u00bb360&#215;260&Prime; alignment=\u00a0\u00bbcenter\u00a0\u00bb onclick=\u00a0\u00bbcustom_link\u00a0\u00bb link=\u00a0\u00bb?page_id=13748&Prime;][vc_column_text el_class=\u00a0\u00bbproducts-title\u00a0\u00bb]<a class=\"mega-menu-link\" href=\"?page_id=13748\">Stephen Paulello<\/a>[\/vc_column_text][vc_column_text]<strong>Pianiste de concert et constructeur de pianos \u00e0 Villethierry en France<\/strong><\/p>\n<p>Depuis 2006, Stephen Paulello soutient FEURICH dans le domaine de la conception de pianos et peut \u00eatre consid\u00e9r\u00e9 comme l&rsquo;innovateur par excellence dans la construction de pianos classiques. Le FEURICH 218 &#8211; Concert I a \u00e9t\u00e9 construit par lui et son \u00e9pouse Claire Paulello. La 4\u00e8me p\u00e9dale innovante, la \u00abp\u00e9dale harmonique\u00bb ainsi que de nombreux autres \u00e9l\u00e9ments cl\u00e9s des instruments FEURICH ont \u00e9t\u00e9 con\u00e7us par lui. <a href=\"https:\/\/www.feurich.com\/fr\/a-propos-de-nous\/une-equipe-dexperts\/stephen-paulello\/\">En savoir plus sur Stephen Paulello<\/a>[\/vc_column_text][\/vc_column][vc_column width=\u00a0\u00bb1\/3&Prime;][vc_single_image image=\u00a0\u00bb1052&Prime; img_size=\u00a0\u00bb360&#215;260&Prime; alignment=\u00a0\u00bbcenter\u00a0\u00bb onclick=\u00a0\u00bbcustom_link\u00a0\u00bb link=\u00a0\u00bb?page_id=12121&Prime;][vc_column_text el_class=\u00a0\u00bbproducts-title\u00a0\u00bb]<a class=\"mega-menu-link\" href=\"?page_id=12121\">J\u00f6rg Hauser<\/a>[\/vc_column_text][vc_column_text]<strong>Ma\u00eetre constructeur de pianos et de clavecins \u00e0 Aldingen en Allemagne<\/strong><\/p>\n<p>J\u00f6rg Hauser fait partie de l&rsquo;\u00e9quipe de d\u00e9veloppement technique de FEURICH et est responsable de nombreuses innovations des nouveaux pianos FEURICH. Par exemple, le syst\u00e8me de p\u00e9dale et le simple d\u00e9montage de l&rsquo;enveloppe de piano sont parmi ses grandes contributions \u00e0 la conception de piano moderne. <a href=\"https:\/\/www.feurich.com\/fr\/a-propos-de-nous\/une-equipe-dexperts\/jorg-hauser\/\">En savoir plus sur J\u00f6rg Hauser<\/a>[\/vc_column_text][\/vc_column][\/vc_row][vc_row][vc_column][vc_empty_space height=\u00a0\u00bb52px\u00a0\u00bb][\/vc_column][\/vc_row]<\/p>\n<\/div>","protected":false},"excerpt":{"rendered":"<p>Seuls ceux qui ont une vision \u00e9largie des choses et poss\u00e8dent une expertise d\u00e9taill\u00e9e dans leur m\u00e9tier, sont capables de poursuivre des innovations : voici l&rsquo;\u00e9quipe internationale d&rsquo;experts de chez FEURICH.<\/p>\n","protected":false},"author":4,"featured_media":0,"parent":11860,"menu_order":0,"comment_status":"closed","ping_status":"closed","template":"template-fullwidth.php","meta":{"inline_featured_image":false,"footnotes":""},"class_list":["post-13705","page","type-page","status-publish","hentry"],"acf":[],"yoast_head":"<!-- This site is optimized with the Yoast SEO plugin v24.4 - https:\/\/yoast.com\/wordpress\/plugins\/seo\/ -->\n<title>Une \u00e9quipe d&#039;experts - FEURICH<\/title>\n<meta name=\"description\" content=\"Seuls ceux qui ont une vision \u00e9largie des choses et poss\u00e8dent une expertise d\u00e9taill\u00e9e dans leur m\u00e9tier, sont capables de poursuivre des innovations : voici l&#039;\u00e9quipe internationale d&#039;experts de chez FEURICH.\" \/>\n<meta name=\"robots\" content=\"index, follow, max-snippet:-1, max-image-preview:large, max-video-preview:-1\" \/>\n<link rel=\"canonical\" href=\"https:\/\/feurich.com\/fr\/a-propos-de-nous\/une-equipe-dexperts\/\" \/>\n<meta property=\"og:locale\" content=\"fr_FR\" \/>\n<meta property=\"og:type\" content=\"article\" \/>\n<meta property=\"og:title\" content=\"Une \u00e9quipe d&#039;experts - FEURICH\" \/>\n<meta property=\"og:description\" content=\"Seuls ceux qui ont une vision \u00e9largie des choses et poss\u00e8dent une expertise d\u00e9taill\u00e9e dans leur m\u00e9tier, sont capables de poursuivre des innovations : voici l&#039;\u00e9quipe internationale d&#039;experts de chez FEURICH.\" \/>\n<meta property=\"og:url\" content=\"https:\/\/feurich.com\/fr\/a-propos-de-nous\/une-equipe-dexperts\/\" \/>\n<meta property=\"og:site_name\" content=\"FEURICH\" \/>\n<meta property=\"article:publisher\" content=\"https:\/\/www.facebook.com\/feurichvienna\/\" \/>\n<meta property=\"article:modified_time\" content=\"2019-08-08T11:18:27+00:00\" \/>\n<meta name=\"twitter:card\" content=\"summary_large_image\" \/>\n<meta name=\"twitter:label1\" content=\"Dur\u00e9e de lecture estim\u00e9e\" \/>\n\t<meta name=\"twitter:data1\" content=\"6 minutes\" \/>\n<script type=\"application\/ld+json\" class=\"yoast-schema-graph\">{\"@context\":\"https:\/\/schema.org\",\"@graph\":[{\"@type\":\"WebPage\",\"@id\":\"https:\/\/feurich.com\/fr\/a-propos-de-nous\/une-equipe-dexperts\/\",\"url\":\"https:\/\/feurich.com\/fr\/a-propos-de-nous\/une-equipe-dexperts\/\",\"name\":\"Une \u00e9quipe d'experts - FEURICH\",\"isPartOf\":{\"@id\":\"https:\/\/feurich.com\/en\/#website\"},\"datePublished\":\"2018-03-28T21:29:23+00:00\",\"dateModified\":\"2019-08-08T11:18:27+00:00\",\"description\":\"Seuls ceux qui ont une vision \u00e9largie des choses et poss\u00e8dent une expertise d\u00e9taill\u00e9e dans leur m\u00e9tier, sont capables de poursuivre des innovations : voici l'\u00e9quipe internationale d'experts de chez FEURICH.\",\"breadcrumb\":{\"@id\":\"https:\/\/feurich.com\/fr\/a-propos-de-nous\/une-equipe-dexperts\/#breadcrumb\"},\"inLanguage\":\"fr-FR\",\"potentialAction\":[{\"@type\":\"ReadAction\",\"target\":[\"https:\/\/feurich.com\/fr\/a-propos-de-nous\/une-equipe-dexperts\/\"]}]},{\"@type\":\"BreadcrumbList\",\"@id\":\"https:\/\/feurich.com\/fr\/a-propos-de-nous\/une-equipe-dexperts\/#breadcrumb\",\"itemListElement\":[{\"@type\":\"ListItem\",\"position\":1,\"name\":\"Home\",\"item\":\"https:\/\/feurich.com\/fr\/\"},{\"@type\":\"ListItem\",\"position\":2,\"name\":\"Notre \u00e9quipe\",\"item\":\"https:\/\/feurich.com\/fr\/a-propos-de-nous\/\"},{\"@type\":\"ListItem\",\"position\":3,\"name\":\"Une \u00e9quipe d&rsquo;experts\"}]},{\"@type\":\"WebSite\",\"@id\":\"https:\/\/feurich.com\/en\/#website\",\"url\":\"https:\/\/feurich.com\/en\/\",\"name\":\"FEURICH\",\"description\":\"A sound that connects\",\"publisher\":{\"@id\":\"https:\/\/feurich.com\/en\/#organization\"},\"potentialAction\":[{\"@type\":\"SearchAction\",\"target\":{\"@type\":\"EntryPoint\",\"urlTemplate\":\"https:\/\/feurich.com\/en\/?s={search_term_string}\"},\"query-input\":{\"@type\":\"PropertyValueSpecification\",\"valueRequired\":true,\"valueName\":\"search_term_string\"}}],\"inLanguage\":\"fr-FR\"},{\"@type\":\"Organization\",\"@id\":\"https:\/\/feurich.com\/en\/#organization\",\"name\":\"FEURICH\",\"url\":\"https:\/\/feurich.com\/en\/\",\"logo\":{\"@type\":\"ImageObject\",\"inLanguage\":\"fr-FR\",\"@id\":\"https:\/\/feurich.com\/en\/#\/schema\/logo\/image\/\",\"url\":\"https:\/\/feurich.com\/wp-content\/uploads\/logo.png\",\"contentUrl\":\"https:\/\/feurich.com\/wp-content\/uploads\/logo.png\",\"width\":354,\"height\":151,\"caption\":\"FEURICH\"},\"image\":{\"@id\":\"https:\/\/feurich.com\/en\/#\/schema\/logo\/image\/\"},\"sameAs\":[\"https:\/\/www.facebook.com\/feurichvienna\/\"]}]}<\/script>\n<!-- \/ Yoast SEO plugin. -->","yoast_head_json":{"title":"Une \u00e9quipe d'experts - FEURICH","description":"Seuls ceux qui ont une vision \u00e9largie des choses et poss\u00e8dent une expertise d\u00e9taill\u00e9e dans leur m\u00e9tier, sont capables de poursuivre des innovations : voici l'\u00e9quipe internationale d'experts de chez FEURICH.","robots":{"index":"index","follow":"follow","max-snippet":"max-snippet:-1","max-image-preview":"max-image-preview:large","max-video-preview":"max-video-preview:-1"},"canonical":"https:\/\/feurich.com\/fr\/a-propos-de-nous\/une-equipe-dexperts\/","og_locale":"fr_FR","og_type":"article","og_title":"Une \u00e9quipe d'experts - FEURICH","og_description":"Seuls ceux qui ont une vision \u00e9largie des choses et poss\u00e8dent une expertise d\u00e9taill\u00e9e dans leur m\u00e9tier, sont capables de poursuivre des innovations : voici l'\u00e9quipe internationale d'experts de chez FEURICH.","og_url":"https:\/\/feurich.com\/fr\/a-propos-de-nous\/une-equipe-dexperts\/","og_site_name":"FEURICH","article_publisher":"https:\/\/www.facebook.com\/feurichvienna\/","article_modified_time":"2019-08-08T11:18:27+00:00","twitter_card":"summary_large_image","twitter_misc":{"Dur\u00e9e de lecture estim\u00e9e":"6 minutes"},"schema":{"@context":"https:\/\/schema.org","@graph":[{"@type":"WebPage","@id":"https:\/\/feurich.com\/fr\/a-propos-de-nous\/une-equipe-dexperts\/","url":"https:\/\/feurich.com\/fr\/a-propos-de-nous\/une-equipe-dexperts\/","name":"Une \u00e9quipe d'experts - FEURICH","isPartOf":{"@id":"https:\/\/feurich.com\/en\/#website"},"datePublished":"2018-03-28T21:29:23+00:00","dateModified":"2019-08-08T11:18:27+00:00","description":"Seuls ceux qui ont une vision \u00e9largie des choses et poss\u00e8dent une expertise d\u00e9taill\u00e9e dans leur m\u00e9tier, sont capables de poursuivre des innovations : voici l'\u00e9quipe internationale d'experts de chez FEURICH.","breadcrumb":{"@id":"https:\/\/feurich.com\/fr\/a-propos-de-nous\/une-equipe-dexperts\/#breadcrumb"},"inLanguage":"fr-FR","potentialAction":[{"@type":"ReadAction","target":["https:\/\/feurich.com\/fr\/a-propos-de-nous\/une-equipe-dexperts\/"]}]},{"@type":"BreadcrumbList","@id":"https:\/\/feurich.com\/fr\/a-propos-de-nous\/une-equipe-dexperts\/#breadcrumb","itemListElement":[{"@type":"ListItem","position":1,"name":"Home","item":"https:\/\/feurich.com\/fr\/"},{"@type":"ListItem","position":2,"name":"Notre \u00e9quipe","item":"https:\/\/feurich.com\/fr\/a-propos-de-nous\/"},{"@type":"ListItem","position":3,"name":"Une \u00e9quipe d&rsquo;experts"}]},{"@type":"WebSite","@id":"https:\/\/feurich.com\/en\/#website","url":"https:\/\/feurich.com\/en\/","name":"FEURICH","description":"A sound that connects","publisher":{"@id":"https:\/\/feurich.com\/en\/#organization"},"potentialAction":[{"@type":"SearchAction","target":{"@type":"EntryPoint","urlTemplate":"https:\/\/feurich.com\/en\/?s={search_term_string}"},"query-input":{"@type":"PropertyValueSpecification","valueRequired":true,"valueName":"search_term_string"}}],"inLanguage":"fr-FR"},{"@type":"Organization","@id":"https:\/\/feurich.com\/en\/#organization","name":"FEURICH","url":"https:\/\/feurich.com\/en\/","logo":{"@type":"ImageObject","inLanguage":"fr-FR","@id":"https:\/\/feurich.com\/en\/#\/schema\/logo\/image\/","url":"https:\/\/feurich.com\/wp-content\/uploads\/logo.png","contentUrl":"https:\/\/feurich.com\/wp-content\/uploads\/logo.png","width":354,"height":151,"caption":"FEURICH"},"image":{"@id":"https:\/\/feurich.com\/en\/#\/schema\/logo\/image\/"},"sameAs":["https:\/\/www.facebook.com\/feurichvienna\/"]}]}},"_links":{"self":[{"href":"https:\/\/feurich.com\/fr\/wp-json\/wp\/v2\/pages\/13705","targetHints":{"allow":["GET"]}}],"collection":[{"href":"https:\/\/feurich.com\/fr\/wp-json\/wp\/v2\/pages"}],"about":[{"href":"https:\/\/feurich.com\/fr\/wp-json\/wp\/v2\/types\/page"}],"author":[{"embeddable":true,"href":"https:\/\/feurich.com\/fr\/wp-json\/wp\/v2\/users\/4"}],"replies":[{"embeddable":true,"href":"https:\/\/feurich.com\/fr\/wp-json\/wp\/v2\/comments?post=13705"}],"version-history":[{"count":50,"href":"https:\/\/feurich.com\/fr\/wp-json\/wp\/v2\/pages\/13705\/revisions"}],"predecessor-version":[{"id":25792,"href":"https:\/\/feurich.com\/fr\/wp-json\/wp\/v2\/pages\/13705\/revisions\/25792"}],"up":[{"embeddable":true,"href":"https:\/\/feurich.com\/fr\/wp-json\/wp\/v2\/pages\/11860"}],"wp:attachment":[{"href":"https:\/\/feurich.com\/fr\/wp-json\/wp\/v2\/media?parent=13705"}],"curies":[{"name":"wp","href":"https:\/\/api.w.org\/{rel}","templated":true}]}}