{"id":13699,"date":"2018-03-28T21:26:17","date_gmt":"2018-03-28T21:26:17","guid":{"rendered":"https:\/\/www.feurich.com\/produits\/pianos-classiques\/piano-133-concert\/133-concert-details\/"},"modified":"2019-02-06T12:25:42","modified_gmt":"2019-02-06T12:25:42","slug":"133-concert-details","status":"publish","type":"page","link":"https:\/\/feurich.com\/fr\/produits\/pianos-classiques\/piano-133-concert\/133-concert-details\/","title":{"rendered":"133 &#8211; Concert: D\u00e9tails"},"content":{"rendered":"<div class=\"wpb-content-wrapper\"><p>[vc_row][vc_column][vc_column_text]<ul class=\"piano-menu\" page-id=\"11854\"><li class=\"piano-menu-item\"><a class=\"piano-menu-link \" href=\"https:\/\/feurich.com\/fr\/produits\/pianos-classiques\/piano-mod-115-premiere\/\">115 \u2013 Premiere<\/a><\/li><li class=\"piano-menu-item\"><a class=\"piano-menu-link \" href=\"https:\/\/feurich.com\/fr\/produits\/pianos-classiques\/piano-mod-122-universal\/\">122 \u2013 Universal<\/a><\/li><li class=\"piano-menu-item\"><a class=\"piano-menu-link \" href=\"https:\/\/feurich.com\/fr\/produits\/pianos-classiques\/piano-modele-125-design\/\">125 - Design<\/a><\/li><li class=\"piano-menu-item\"><a class=\"piano-menu-link piano-menu-link-active\" href=\"https:\/\/feurich.com\/fr\/produits\/pianos-classiques\/piano-133-concert\/\">133 \u2013 Concert<\/a><\/li><li class=\"piano-menu-item\"><a class=\"piano-menu-link \" href=\"https:\/\/feurich.com\/fr\/produits\/pianos-classiques\/piano-a-queue-modele-162-dynamic-i\/\">162 \u2013 Dynamic I<\/a><\/li><li class=\"piano-menu-item\"><a class=\"piano-menu-link \" href=\"https:\/\/feurich.com\/fr\/produits\/pianos-classiques\/piano-a-queue-modele-179-dynamic-ii\/\">179 \u2013 Dynamic II<\/a><\/li><li class=\"piano-menu-item\"><a class=\"piano-menu-link \" href=\"https:\/\/feurich.com\/fr\/produits\/pianos-classiques\/piano-a-queue-modele-218-concert-i\/\">218 - Concert I<\/a><\/li><\/ul>[\/vc_column_text][vc_column_text el_class=\u00a0\u00bbbig-title\u00a0\u00bb]<\/p>\n<p style=\"text-align: center;\">FEURICH 133 \u2013 Concert<\/p>\n<p>[\/vc_column_text][\/vc_column][\/vc_row][vc_row][vc_column width=\u00a0\u00bb1\/2&Prime;][vc_column_text]<div class=\"wonderplugingallery-container\" id=\"wonderplugingallery-container-4\" style=\"max-width:550px;margin:0 auto;\"><div class=\"wonderplugingallery\" id=\"wonderplugingallery-4\" data-galleryid=\"4\" data-width=\"550\" data-height=\"400\" data-skin=\"gallerywithtext\" data-random=\"false\" data-autoslide=\"false\" data-autoplayvideo=\"false\" data-schemamarkup=\"false\" data-stopallplaying=\"false\" data-hidetitlewhenvideoisplaying=\"false\" data-disablehovereventontouch=\"false\" data-autoslideandplayafterfirstplayed=\"false\" data-html5player=\"true\" data-responsive=\"true\" data-fullwidth=\"false\" data-showtitle=\"true\" data-showdescription=\"true\" data-showplaybutton=\"false\" data-showfullscreenbutton=\"true\" data-showtimer=\"false\" data-showcarousel=\"true\" data-galleryshadow=\"false\" data-slideshadow=\"false\" data-thumbshowtitle=\"false\" data-thumbshadow=\"false\" data-lightboxshowtitle=\"true\" data-lightboxshowdescription=\"true\" data-specifyid=\"true\" data-donotinit=\"false\" data-addinitscript=\"true\" data-triggerresize=\"false\" data-thumbcolumnsresponsive=\"false\" data-showimgtitle=\"false\" data-titlesmallscreen=\"false\" data-initsocial=\"true\" data-showsocial=\"false\" data-showemail=\"false\" data-showfacebook=\"true\" data-showtwitter=\"true\" data-showpinterest=\"true\" data-socialrotateeffect=\"true\" data-doshortcodeontext=\"false\" data-duration=\"1500\" data-slideduration=\"1000\" data-slideshowinterval=\"6000\" data-googleanalyticsaccount=\"\" data-resizemode=\"fill\" data-imagetoolboxmode=\"hide\" data-effect=\"fadeinout\" data-padding=\"12\" data-bgcolor=\"\" data-bgimage=\"\" data-thumbwidth=\"54\" data-thumbheight=\"42\" data-thumbgap=\"8\" data-thumbrowgap=\"16\" data-lightboxtextheight=\"72\" data-lightboxtitlecss=\"{color:#333333; font:bold 12px Arial,Helvetica,sans-serif; overflow:hidden; white-space:normal; line-height:18px;}\" data-lightboxdescriptioncss=\"{color:#333333; font:normal 12px Arial,Helvetica,sans-serif; overflow:hidden; white-space:normal; line-height:14px;}\" data-titlecss=\"{color:#333;font-size:14px;font-family:Armata,sans-serif,Arial;overflow:hidden;text-align:center;padding:16px 8px 4px 8px;display:none}\" data-descriptioncss=\"{color:#333;font-size:14px;font-family:Arial,Helvetica,sans-serif;overflow:hidden;text-align:center;padding:4px 8px; padding-top: 15px;}\" data-titleheight=\"35\" data-titlesmallscreenwidth=\"640\" data-titleheightsmallscreen=\"148\" data-socialmode=\"mouseover\" data-socialposition=\"position:absolute;top:8px;right:8px;\" data-socialpositionlightbox=\"position:absolute;top:8px;right:8px;\" data-socialdirection=\"horizontal\" data-socialbuttonsize=\"32\" data-socialbuttonfontsize=\"18\" data-triggerresizedelay=\"100\" data-thumbmediumsize=\"800\" data-thumbsmallsize=\"480\" data-thumbmediumwidth=\"64\" data-thumbmediumheight=\"64\" data-thumbsmallwidth=\"48\" data-thumbsmallheight=\"48\" data-imgtitle=\"title\" data-jsfolder=\"https:\/\/feurich.com\/wp-content\/plugins\/wonderplugin-gallery\/engine\/\" style=\"display:none;\" ><a href=\"https:\/\/www.feurich.com\/wp-content\/uploads\/Mod._133_-_Concert_10CHblack_chrome_LED-1.png\" data-mediatype=1><img decoding=\"async\" class=\"html5galleryimg\" src=\"https:\/\/www.feurich.com\/wp-content\/uploads\/Mod._133_-_Concert_10CHblack_chrome_LED-1-1024x768.png\" alt=\"Mod._133_-_Concert_#10CHblack_chrome_LED\" data-description=\"Noir verni - Chrom\"><\/a><a href=\"https:\/\/www.feurich.com\/wp-content\/uploads\/Mod._133_-_Concert_10black_brass.png\" data-mediatype=1><img decoding=\"async\" class=\"html5galleryimg\" src=\"https:\/\/www.feurich.com\/wp-content\/uploads\/Mod._133_-_Concert_10black_brass-1024x768.png\" alt=\"Mod._133_-_Concert_#10black_brass\" data-description=\"Noir verni - Laiton\"><\/a><div class=\"wonderplugin-engine\"><a href=\"http:\/\/www.wonderplugin.com\/wordpress-gallery\/\" title=\"WordPress YouTube Gallery Plugin\">WordPress YouTube Gallery Plugin<\/a><\/div><\/div><\/div><script>jQuery(document).ready(function(){jQuery(\".wonderplugin-engine\").css({display:\"none\"});jQuery(\".wonderplugingallery\").wonderplugingallery({forceinit:true});});<\/script>[\/vc_column_text][\/vc_column][vc_column width=\u00a0\u00bb1\/2&Prime;][vc_column_text]Notre plus grand piano droit, le FEURICH 133 &#8211; Concert, poss\u00e8de des basses exceptionnelles et un son large qui rivalise avec de nombreux petits pianos \u00e0 queue. Des techniques de fraisage CNC sophistiqu\u00e9es sur le cadre de fer ont pour r\u00e9sultat une puret\u00e9 de tonalit\u00e9 dans les basses que l&rsquo;on ne trouve pas sur les autres pianos droits. L&rsquo;utilisation de cordes sp\u00e9ciales immunis\u00e9es \u00e0 la rouille, ainsi que diverses autres innovations techniques distinguent cet instrument de la concurrence.[\/vc_column_text][\/vc_column][\/vc_row][vc_row][vc_column][vc_masonry_media_grid element_width=\u00a0\u00bb2&Prime; item=\u00a0\u00bbmediaGrid_Default\u00a0\u00bb grid_id=\u00a0\u00bbvc_gid:1549455789406-8017c9951297f0cfedd0edf406551f7c-9&Prime; include=\u00a0\u00bb2110,2114,2111,2113,2115,2112&Prime;][\/vc_column][\/vc_row][vc_row][vc_column width=\u00a0\u00bb1\/3&Prime;][vc_column_text]<\/p>\n<h3>T\u00c9L\u00c9CHARGER LA FICHE D&rsquo;INFOS<\/h3>\n<p>[\/vc_column_text][vc_single_image image=\u00a0\u00bb2473&Prime; onclick=\u00a0\u00bbcustom_link\u00a0\u00bb img_link_target=\u00a0\u00bb_blank\u00a0\u00bb link=\u00a0\u00bb\/wp-content\/uploads\/Page_dinformation_133_web.pdf\u00a0\u00bb][\/vc_column][vc_column width=\u00a0\u00bb1\/3&Prime;][vc_column_text]<\/p>\n<h3>Vid\u00e9o de produit<\/h3>\n<p>[\/vc_column_text][vc_column_text]<div class=\"wpb_video_widget wpb_content_element product-video vc_clearfix vc_video-aspect-ratio-43 vc_video-el-width-100 vc_video-align-left\"><div class=\"wpb_wrapper\"><div class=\"wpb_video_wrapper\"><div class=\"fluid-width-video-wrapper\"><iframe src=\"https:\/\/www.youtube.com\/embed\/PmQxiJ5z3_A?feature=oembed\" frameborder=\"0\" gesture=\"media\" allow=\"encrypted-media\" allowfullscreen=\"\" class=\"vid-youtube\"><\/iframe><\/div><\/div><\/div><\/div>[\/vc_column_text][\/vc_column][vc_column width=\u00a0\u00bb1\/3&Prime;][vc_column_text]<\/p>\n<h3>DIMENSIONS<\/h3>\n<p>[\/vc_column_text][vc_single_image image=\u00a0\u00bb1374&Prime; img_size=\u00a0\u00bb360&#215;260&Prime;][\/vc_column][\/vc_row][vc_row][vc_column][\/vc_column][\/vc_row]<\/p>\n<\/div>","protected":false},"excerpt":{"rendered":"<p>Le FEURICH 133 &#8211; Concert combine le meilleur : un clavier optimis\u00e9 et un design d&rsquo;action ainsi que de nombreuses caract\u00e9ristiques techniques cach\u00e9es.<\/p>\n","protected":false},"author":7,"featured_media":0,"parent":13691,"menu_order":0,"comment_status":"closed","ping_status":"closed","template":"","meta":{"inline_featured_image":false,"footnotes":""},"class_list":["post-13699","page","type-page","status-publish","hentry"],"acf":[],"yoast_head":"<!-- This site is optimized with the Yoast SEO plugin v24.4 - https:\/\/yoast.com\/wordpress\/plugins\/seo\/ -->\n<title>133 - Concert: D\u00e9tails - FEURICH<\/title>\n<meta name=\"robots\" content=\"index, follow, max-snippet:-1, max-image-preview:large, max-video-preview:-1\" \/>\n<link rel=\"canonical\" href=\"https:\/\/feurich.com\/fr\/produits\/pianos-classiques\/piano-133-concert\/133-concert-details\/\" \/>\n<meta property=\"og:locale\" content=\"fr_FR\" \/>\n<meta property=\"og:type\" content=\"article\" \/>\n<meta property=\"og:title\" content=\"133 - Concert: D\u00e9tails - FEURICH\" \/>\n<meta property=\"og:description\" content=\"Le FEURICH 133 - Concert combine le meilleur : un clavier optimis\u00e9 et un design d&#039;action ainsi que de nombreuses caract\u00e9ristiques techniques cach\u00e9es.\" \/>\n<meta property=\"og:url\" content=\"https:\/\/feurich.com\/fr\/produits\/pianos-classiques\/piano-133-concert\/133-concert-details\/\" \/>\n<meta property=\"og:site_name\" content=\"FEURICH\" \/>\n<meta property=\"article:publisher\" content=\"https:\/\/www.facebook.com\/feurichvienna\/\" \/>\n<meta property=\"article:modified_time\" content=\"2019-02-06T12:25:42+00:00\" \/>\n<meta name=\"twitter:card\" content=\"summary_large_image\" \/>\n<meta name=\"twitter:label1\" content=\"Dur\u00e9e de lecture estim\u00e9e\" \/>\n\t<meta name=\"twitter:data1\" content=\"1 minute\" \/>\n<script type=\"application\/ld+json\" class=\"yoast-schema-graph\">{\"@context\":\"https:\/\/schema.org\",\"@graph\":[{\"@type\":\"WebPage\",\"@id\":\"https:\/\/feurich.com\/fr\/produits\/pianos-classiques\/piano-133-concert\/133-concert-details\/\",\"url\":\"https:\/\/feurich.com\/fr\/produits\/pianos-classiques\/piano-133-concert\/133-concert-details\/\",\"name\":\"133 - Concert: D\u00e9tails - FEURICH\",\"isPartOf\":{\"@id\":\"https:\/\/feurich.com\/en\/#website\"},\"datePublished\":\"2018-03-28T21:26:17+00:00\",\"dateModified\":\"2019-02-06T12:25:42+00:00\",\"breadcrumb\":{\"@id\":\"https:\/\/feurich.com\/fr\/produits\/pianos-classiques\/piano-133-concert\/133-concert-details\/#breadcrumb\"},\"inLanguage\":\"fr-FR\",\"potentialAction\":[{\"@type\":\"ReadAction\",\"target\":[\"https:\/\/feurich.com\/fr\/produits\/pianos-classiques\/piano-133-concert\/133-concert-details\/\"]}]},{\"@type\":\"BreadcrumbList\",\"@id\":\"https:\/\/feurich.com\/fr\/produits\/pianos-classiques\/piano-133-concert\/133-concert-details\/#breadcrumb\",\"itemListElement\":[{\"@type\":\"ListItem\",\"position\":1,\"name\":\"Home\",\"item\":\"https:\/\/feurich.com\/fr\/\"},{\"@type\":\"ListItem\",\"position\":2,\"name\":\"Produits\",\"item\":\"https:\/\/feurich.com\/fr\/produits\/\"},{\"@type\":\"ListItem\",\"position\":3,\"name\":\"Pianos classiques\",\"item\":\"https:\/\/feurich.com\/fr\/produits\/pianos-classiques\/\"},{\"@type\":\"ListItem\",\"position\":4,\"name\":\"Piano 133 &#8211; Concert\",\"item\":\"https:\/\/feurich.com\/fr\/produits\/pianos-classiques\/piano-133-concert\/\"},{\"@type\":\"ListItem\",\"position\":5,\"name\":\"133 &#8211; Concert: D\u00e9tails\"}]},{\"@type\":\"WebSite\",\"@id\":\"https:\/\/feurich.com\/en\/#website\",\"url\":\"https:\/\/feurich.com\/en\/\",\"name\":\"FEURICH\",\"description\":\"A sound that connects\",\"publisher\":{\"@id\":\"https:\/\/feurich.com\/en\/#organization\"},\"potentialAction\":[{\"@type\":\"SearchAction\",\"target\":{\"@type\":\"EntryPoint\",\"urlTemplate\":\"https:\/\/feurich.com\/en\/?s={search_term_string}\"},\"query-input\":{\"@type\":\"PropertyValueSpecification\",\"valueRequired\":true,\"valueName\":\"search_term_string\"}}],\"inLanguage\":\"fr-FR\"},{\"@type\":\"Organization\",\"@id\":\"https:\/\/feurich.com\/en\/#organization\",\"name\":\"FEURICH\",\"url\":\"https:\/\/feurich.com\/en\/\",\"logo\":{\"@type\":\"ImageObject\",\"inLanguage\":\"fr-FR\",\"@id\":\"https:\/\/feurich.com\/en\/#\/schema\/logo\/image\/\",\"url\":\"https:\/\/feurich.com\/wp-content\/uploads\/logo.png\",\"contentUrl\":\"https:\/\/feurich.com\/wp-content\/uploads\/logo.png\",\"width\":354,\"height\":151,\"caption\":\"FEURICH\"},\"image\":{\"@id\":\"https:\/\/feurich.com\/en\/#\/schema\/logo\/image\/\"},\"sameAs\":[\"https:\/\/www.facebook.com\/feurichvienna\/\"]}]}<\/script>\n<!-- \/ Yoast SEO plugin. -->","yoast_head_json":{"title":"133 - Concert: D\u00e9tails - FEURICH","robots":{"index":"index","follow":"follow","max-snippet":"max-snippet:-1","max-image-preview":"max-image-preview:large","max-video-preview":"max-video-preview:-1"},"canonical":"https:\/\/feurich.com\/fr\/produits\/pianos-classiques\/piano-133-concert\/133-concert-details\/","og_locale":"fr_FR","og_type":"article","og_title":"133 - Concert: D\u00e9tails - FEURICH","og_description":"Le FEURICH 133 - Concert combine le meilleur : un clavier optimis\u00e9 et un design d'action ainsi que de nombreuses caract\u00e9ristiques techniques cach\u00e9es.","og_url":"https:\/\/feurich.com\/fr\/produits\/pianos-classiques\/piano-133-concert\/133-concert-details\/","og_site_name":"FEURICH","article_publisher":"https:\/\/www.facebook.com\/feurichvienna\/","article_modified_time":"2019-02-06T12:25:42+00:00","twitter_card":"summary_large_image","twitter_misc":{"Dur\u00e9e de lecture estim\u00e9e":"1 minute"},"schema":{"@context":"https:\/\/schema.org","@graph":[{"@type":"WebPage","@id":"https:\/\/feurich.com\/fr\/produits\/pianos-classiques\/piano-133-concert\/133-concert-details\/","url":"https:\/\/feurich.com\/fr\/produits\/pianos-classiques\/piano-133-concert\/133-concert-details\/","name":"133 - Concert: D\u00e9tails - FEURICH","isPartOf":{"@id":"https:\/\/feurich.com\/en\/#website"},"datePublished":"2018-03-28T21:26:17+00:00","dateModified":"2019-02-06T12:25:42+00:00","breadcrumb":{"@id":"https:\/\/feurich.com\/fr\/produits\/pianos-classiques\/piano-133-concert\/133-concert-details\/#breadcrumb"},"inLanguage":"fr-FR","potentialAction":[{"@type":"ReadAction","target":["https:\/\/feurich.com\/fr\/produits\/pianos-classiques\/piano-133-concert\/133-concert-details\/"]}]},{"@type":"BreadcrumbList","@id":"https:\/\/feurich.com\/fr\/produits\/pianos-classiques\/piano-133-concert\/133-concert-details\/#breadcrumb","itemListElement":[{"@type":"ListItem","position":1,"name":"Home","item":"https:\/\/feurich.com\/fr\/"},{"@type":"ListItem","position":2,"name":"Produits","item":"https:\/\/feurich.com\/fr\/produits\/"},{"@type":"ListItem","position":3,"name":"Pianos classiques","item":"https:\/\/feurich.com\/fr\/produits\/pianos-classiques\/"},{"@type":"ListItem","position":4,"name":"Piano 133 &#8211; Concert","item":"https:\/\/feurich.com\/fr\/produits\/pianos-classiques\/piano-133-concert\/"},{"@type":"ListItem","position":5,"name":"133 &#8211; Concert: D\u00e9tails"}]},{"@type":"WebSite","@id":"https:\/\/feurich.com\/en\/#website","url":"https:\/\/feurich.com\/en\/","name":"FEURICH","description":"A sound that connects","publisher":{"@id":"https:\/\/feurich.com\/en\/#organization"},"potentialAction":[{"@type":"SearchAction","target":{"@type":"EntryPoint","urlTemplate":"https:\/\/feurich.com\/en\/?s={search_term_string}"},"query-input":{"@type":"PropertyValueSpecification","valueRequired":true,"valueName":"search_term_string"}}],"inLanguage":"fr-FR"},{"@type":"Organization","@id":"https:\/\/feurich.com\/en\/#organization","name":"FEURICH","url":"https:\/\/feurich.com\/en\/","logo":{"@type":"ImageObject","inLanguage":"fr-FR","@id":"https:\/\/feurich.com\/en\/#\/schema\/logo\/image\/","url":"https:\/\/feurich.com\/wp-content\/uploads\/logo.png","contentUrl":"https:\/\/feurich.com\/wp-content\/uploads\/logo.png","width":354,"height":151,"caption":"FEURICH"},"image":{"@id":"https:\/\/feurich.com\/en\/#\/schema\/logo\/image\/"},"sameAs":["https:\/\/www.facebook.com\/feurichvienna\/"]}]}},"_links":{"self":[{"href":"https:\/\/feurich.com\/fr\/wp-json\/wp\/v2\/pages\/13699","targetHints":{"allow":["GET"]}}],"collection":[{"href":"https:\/\/feurich.com\/fr\/wp-json\/wp\/v2\/pages"}],"about":[{"href":"https:\/\/feurich.com\/fr\/wp-json\/wp\/v2\/types\/page"}],"author":[{"embeddable":true,"href":"https:\/\/feurich.com\/fr\/wp-json\/wp\/v2\/users\/7"}],"replies":[{"embeddable":true,"href":"https:\/\/feurich.com\/fr\/wp-json\/wp\/v2\/comments?post=13699"}],"version-history":[{"count":10,"href":"https:\/\/feurich.com\/fr\/wp-json\/wp\/v2\/pages\/13699\/revisions"}],"predecessor-version":[{"id":22201,"href":"https:\/\/feurich.com\/fr\/wp-json\/wp\/v2\/pages\/13699\/revisions\/22201"}],"up":[{"embeddable":true,"href":"https:\/\/feurich.com\/fr\/wp-json\/wp\/v2\/pages\/13691"}],"wp:attachment":[{"href":"https:\/\/feurich.com\/fr\/wp-json\/wp\/v2\/media?parent=13699"}],"curies":[{"name":"wp","href":"https:\/\/api.w.org\/{rel}","templated":true}]}}