{"id":13294,"date":"2018-03-17T03:31:41","date_gmt":"2018-03-17T03:31:41","guid":{"rendered":"https:\/\/www.feurich.com\/produits\/"},"modified":"2023-11-25T15:17:53","modified_gmt":"2023-11-25T15:17:53","slug":"produits","status":"publish","type":"page","link":"https:\/\/feurich.com\/fr\/produits\/","title":{"rendered":"PIANOS &#038; PLUS"},"content":{"rendered":"<div class=\"wpb-content-wrapper\"><p>[vc_row][vc_column][rev_slider_vc alias=\u00a0\u00bbproducts-sl\u00a0\u00bb][\/vc_column][\/vc_row][vc_row][vc_column width=\u00a0\u00bb1\/6&Prime;][\/vc_column][vc_column width=\u00a0\u00bb2\/3&Prime;][vc_empty_space height=\u00a0\u00bb12px\u00a0\u00bb][vc_column_text el_class=\u00a0\u00bbbig-title\u00a0\u00bb]<\/p>\n<p style=\"text-align: center;\">PIANOS &amp; PIANOS \u00c0 QUEUE<\/p>\n<p>[\/vc_column_text][vc_empty_space height=\u00a0\u00bb15px\u00a0\u00bb][vc_column_text]Un design raffin\u00e9 ainsi que des innovations nombreuses font des pianos FEURICH des instruments uniques. Des mati\u00e8res premi\u00e8res ainsi que des mat\u00e9riaux de haute qualit\u00e9 tri\u00e9s sur le volet, une coupe et un assemblage parfaitement \u00e9tablis avec les meilleures machines de pr\u00e9cision high-tech appel\u00e9es \u00ab\u00a0CNC\u00a0\u00bb, ainsi qu&rsquo;un contr\u00f4le de qualit\u00e9 strict caract\u00e9risent toute la production de FEURICH.<\/p>\n<p>Plus de 400 partenaires dans le monde entier offrent un service parfait pour votre piano FEURICH.[\/vc_column_text][vc_empty_space height=\u00a0\u00bb20px\u00a0\u00bb][\/vc_column][vc_column width=\u00a0\u00bb1\/6&Prime;][\/vc_column][\/vc_row][vc_row][vc_column width=\u00a0\u00bb1\/3&Prime;][vc_single_image image=\u00a0\u00bb689&Prime; img_size=\u00a0\u00bb350&#215;240&Prime; alignment=\u00a0\u00bbcenter\u00a0\u00bb onclick=\u00a0\u00bbcustom_link\u00a0\u00bb link=\u00a0\u00bb?page_id=11869&Prime;][vc_column_text el_class=\u00a0\u00bbproducts-title\u00a0\u00bb]<a class=\"mega-menu-link\" href=\"?page_id=11869\">VIENNA PIANOS<\/a>[\/vc_column_text][vc_column_text]La derni\u00e8re innovation de FEURICH est le Piano Mod\u00e8le 123 &#8211; Vienne. Ce piano est fait de concepts enti\u00e8rement nouveaux dans les zones centrales du piano tels que la m\u00e9canique, la caisse et le syst\u00e8me de p\u00e9dale.[\/vc_column_text][\/vc_column][vc_column width=\u00a0\u00bb1\/3&Prime;][vc_single_image image=\u00a0\u00bb2394&Prime; img_size=\u00a0\u00bb350&#215;240&Prime; alignment=\u00a0\u00bbcenter\u00a0\u00bb onclick=\u00a0\u00bbcustom_link\u00a0\u00bb link=\u00a0\u00bb?page_id=11854&Prime;][vc_column_text el_class=\u00a0\u00bbproducts-title\u00a0\u00bb]<a class=\"mega-menu-link\" href=\"?page_id=11854\">CLASSIC PIANOS<\/a>[\/vc_column_text][vc_column_text]Un design raffin\u00e9 et de nombreuses innovations font des pianos FEURICH des instruments uniques. Notre revendication : des mati\u00e8res premi\u00e8res et des mat\u00e9riaux de haute qualit\u00e9, une coupe et un assemblage parfaits, ainsi qu&rsquo;un contr\u00f4le de qualit\u00e9 le plus strict qui soit.<\/p>\n<p><a href=\"https:\/\/www.feurich.com\/fr\/produits\/pianos-classiques\/\">&gt;&gt; continuer<\/a>[\/vc_column_text][\/vc_column][vc_column width=\u00a0\u00bb1\/3&Prime;][vc_single_image image=\u00a0\u00bb2398&Prime; img_size=\u00a0\u00bb350&#215;240&Prime; alignment=\u00a0\u00bbcenter\u00a0\u00bb onclick=\u00a0\u00bbcustom_link\u00a0\u00bb link=\u00a0\u00bb\/?page_id=11952&Prime;][vc_column_text el_class=\u00a0\u00bbproducts-title\u00a0\u00bb]<a class=\"mega-menu-link\" href=\"https:\/\/feurich.com\/fr\/produits\/accessoires\/\">ACCESSOIRES<\/a>[\/vc_column_text][vc_column_text]Du silencieux \u00e0 la banquette en passant par les couvre-clavier dans le design de FEURICH : Ici vous trouverez des produits de haute qualit\u00e9 qui concernent le piano.[\/vc_column_text][\/vc_column][\/vc_row][vc_row][vc_column][vc_empty_space height=\u00a0\u00bb52px\u00a0\u00bb][\/vc_column][\/vc_row]<\/p>\n<\/div>","protected":false},"excerpt":{"rendered":"<p>[vc_row][vc_column][rev_slider_vc alias=\u00a0\u00bbproducts-sl\u00a0\u00bb][\/vc_column][\/vc_row][vc_row][vc_column width=\u00a0\u00bb1\/6&Prime;][\/vc_column][vc_column width=\u00a0\u00bb2\/3&Prime;][vc_empty_space height=\u00a0\u00bb12px\u00a0\u00bb][vc_column_text el_class=\u00a0\u00bbbig-title\u00a0\u00bb] PIANOS &amp; PIANOS \u00c0 QUEUE [\/vc_column_text][vc_empty_space height=\u00a0\u00bb15px\u00a0\u00bb][vc_column_text]Un design raffin\u00e9 ainsi que des innovations nombreuses font des pianos FEURICH des instruments uniques. Des mati\u00e8res premi\u00e8res &#8230;<\/p>\n","protected":false},"author":4,"featured_media":0,"parent":0,"menu_order":0,"comment_status":"closed","ping_status":"closed","template":"template-fullwidth.php","meta":{"inline_featured_image":false,"footnotes":""},"class_list":["post-13294","page","type-page","status-publish","hentry"],"acf":[],"yoast_head":"<!-- This site is optimized with the Yoast SEO plugin v24.4 - https:\/\/yoast.com\/wordpress\/plugins\/seo\/ -->\n<title>PIANOS &amp; PLUS - FEURICH<\/title>\n<meta name=\"description\" content=\"Un design sophistiqu\u00e9 ainsi que de nombreuses innovations font des pianos FEURICH des instruments uniques qui convainquent aussi les pianistes les plus exigeants.\" \/>\n<meta name=\"robots\" content=\"index, follow, max-snippet:-1, max-image-preview:large, max-video-preview:-1\" \/>\n<link rel=\"canonical\" href=\"https:\/\/feurich.com\/fr\/produits\/\" \/>\n<meta property=\"og:locale\" content=\"fr_FR\" \/>\n<meta property=\"og:type\" content=\"article\" \/>\n<meta property=\"og:title\" content=\"PIANOS &amp; PLUS - FEURICH\" \/>\n<meta property=\"og:description\" content=\"Un design sophistiqu\u00e9 ainsi que de nombreuses innovations font des pianos FEURICH des instruments uniques qui convainquent aussi les pianistes les plus exigeants.\" \/>\n<meta property=\"og:url\" content=\"https:\/\/feurich.com\/fr\/produits\/\" \/>\n<meta property=\"og:site_name\" content=\"FEURICH\" \/>\n<meta property=\"article:publisher\" content=\"https:\/\/www.facebook.com\/feurichvienna\/\" \/>\n<meta property=\"article:modified_time\" content=\"2023-11-25T15:17:53+00:00\" \/>\n<meta name=\"twitter:card\" content=\"summary_large_image\" \/>\n<meta name=\"twitter:label1\" content=\"Dur\u00e9e de lecture estim\u00e9e\" \/>\n\t<meta name=\"twitter:data1\" content=\"2 minutes\" \/>\n<script type=\"application\/ld+json\" class=\"yoast-schema-graph\">{\"@context\":\"https:\/\/schema.org\",\"@graph\":[{\"@type\":\"WebPage\",\"@id\":\"https:\/\/feurich.com\/fr\/produits\/\",\"url\":\"https:\/\/feurich.com\/fr\/produits\/\",\"name\":\"PIANOS & PLUS - FEURICH\",\"isPartOf\":{\"@id\":\"https:\/\/feurich.com\/en\/#website\"},\"datePublished\":\"2018-03-17T03:31:41+00:00\",\"dateModified\":\"2023-11-25T15:17:53+00:00\",\"description\":\"Un design sophistiqu\u00e9 ainsi que de nombreuses innovations font des pianos FEURICH des instruments uniques qui convainquent aussi les pianistes les plus exigeants.\",\"breadcrumb\":{\"@id\":\"https:\/\/feurich.com\/fr\/produits\/#breadcrumb\"},\"inLanguage\":\"fr-FR\",\"potentialAction\":[{\"@type\":\"ReadAction\",\"target\":[\"https:\/\/feurich.com\/fr\/produits\/\"]}]},{\"@type\":\"BreadcrumbList\",\"@id\":\"https:\/\/feurich.com\/fr\/produits\/#breadcrumb\",\"itemListElement\":[{\"@type\":\"ListItem\",\"position\":1,\"name\":\"Home\",\"item\":\"https:\/\/feurich.com\/fr\/\"},{\"@type\":\"ListItem\",\"position\":2,\"name\":\"Produits\"}]},{\"@type\":\"WebSite\",\"@id\":\"https:\/\/feurich.com\/en\/#website\",\"url\":\"https:\/\/feurich.com\/en\/\",\"name\":\"FEURICH\",\"description\":\"A sound that connects\",\"publisher\":{\"@id\":\"https:\/\/feurich.com\/en\/#organization\"},\"potentialAction\":[{\"@type\":\"SearchAction\",\"target\":{\"@type\":\"EntryPoint\",\"urlTemplate\":\"https:\/\/feurich.com\/en\/?s={search_term_string}\"},\"query-input\":{\"@type\":\"PropertyValueSpecification\",\"valueRequired\":true,\"valueName\":\"search_term_string\"}}],\"inLanguage\":\"fr-FR\"},{\"@type\":\"Organization\",\"@id\":\"https:\/\/feurich.com\/en\/#organization\",\"name\":\"FEURICH\",\"url\":\"https:\/\/feurich.com\/en\/\",\"logo\":{\"@type\":\"ImageObject\",\"inLanguage\":\"fr-FR\",\"@id\":\"https:\/\/feurich.com\/en\/#\/schema\/logo\/image\/\",\"url\":\"https:\/\/feurich.com\/wp-content\/uploads\/logo.png\",\"contentUrl\":\"https:\/\/feurich.com\/wp-content\/uploads\/logo.png\",\"width\":354,\"height\":151,\"caption\":\"FEURICH\"},\"image\":{\"@id\":\"https:\/\/feurich.com\/en\/#\/schema\/logo\/image\/\"},\"sameAs\":[\"https:\/\/www.facebook.com\/feurichvienna\/\"]}]}<\/script>\n<!-- \/ Yoast SEO plugin. -->","yoast_head_json":{"title":"PIANOS & PLUS - FEURICH","description":"Un design sophistiqu\u00e9 ainsi que de nombreuses innovations font des pianos FEURICH des instruments uniques qui convainquent aussi les pianistes les plus exigeants.","robots":{"index":"index","follow":"follow","max-snippet":"max-snippet:-1","max-image-preview":"max-image-preview:large","max-video-preview":"max-video-preview:-1"},"canonical":"https:\/\/feurich.com\/fr\/produits\/","og_locale":"fr_FR","og_type":"article","og_title":"PIANOS & PLUS - FEURICH","og_description":"Un design sophistiqu\u00e9 ainsi que de nombreuses innovations font des pianos FEURICH des instruments uniques qui convainquent aussi les pianistes les plus exigeants.","og_url":"https:\/\/feurich.com\/fr\/produits\/","og_site_name":"FEURICH","article_publisher":"https:\/\/www.facebook.com\/feurichvienna\/","article_modified_time":"2023-11-25T15:17:53+00:00","twitter_card":"summary_large_image","twitter_misc":{"Dur\u00e9e de lecture estim\u00e9e":"2 minutes"},"schema":{"@context":"https:\/\/schema.org","@graph":[{"@type":"WebPage","@id":"https:\/\/feurich.com\/fr\/produits\/","url":"https:\/\/feurich.com\/fr\/produits\/","name":"PIANOS & PLUS - FEURICH","isPartOf":{"@id":"https:\/\/feurich.com\/en\/#website"},"datePublished":"2018-03-17T03:31:41+00:00","dateModified":"2023-11-25T15:17:53+00:00","description":"Un design sophistiqu\u00e9 ainsi que de nombreuses innovations font des pianos FEURICH des instruments uniques qui convainquent aussi les pianistes les plus exigeants.","breadcrumb":{"@id":"https:\/\/feurich.com\/fr\/produits\/#breadcrumb"},"inLanguage":"fr-FR","potentialAction":[{"@type":"ReadAction","target":["https:\/\/feurich.com\/fr\/produits\/"]}]},{"@type":"BreadcrumbList","@id":"https:\/\/feurich.com\/fr\/produits\/#breadcrumb","itemListElement":[{"@type":"ListItem","position":1,"name":"Home","item":"https:\/\/feurich.com\/fr\/"},{"@type":"ListItem","position":2,"name":"Produits"}]},{"@type":"WebSite","@id":"https:\/\/feurich.com\/en\/#website","url":"https:\/\/feurich.com\/en\/","name":"FEURICH","description":"A sound that connects","publisher":{"@id":"https:\/\/feurich.com\/en\/#organization"},"potentialAction":[{"@type":"SearchAction","target":{"@type":"EntryPoint","urlTemplate":"https:\/\/feurich.com\/en\/?s={search_term_string}"},"query-input":{"@type":"PropertyValueSpecification","valueRequired":true,"valueName":"search_term_string"}}],"inLanguage":"fr-FR"},{"@type":"Organization","@id":"https:\/\/feurich.com\/en\/#organization","name":"FEURICH","url":"https:\/\/feurich.com\/en\/","logo":{"@type":"ImageObject","inLanguage":"fr-FR","@id":"https:\/\/feurich.com\/en\/#\/schema\/logo\/image\/","url":"https:\/\/feurich.com\/wp-content\/uploads\/logo.png","contentUrl":"https:\/\/feurich.com\/wp-content\/uploads\/logo.png","width":354,"height":151,"caption":"FEURICH"},"image":{"@id":"https:\/\/feurich.com\/en\/#\/schema\/logo\/image\/"},"sameAs":["https:\/\/www.facebook.com\/feurichvienna\/"]}]}},"_links":{"self":[{"href":"https:\/\/feurich.com\/fr\/wp-json\/wp\/v2\/pages\/13294","targetHints":{"allow":["GET"]}}],"collection":[{"href":"https:\/\/feurich.com\/fr\/wp-json\/wp\/v2\/pages"}],"about":[{"href":"https:\/\/feurich.com\/fr\/wp-json\/wp\/v2\/types\/page"}],"author":[{"embeddable":true,"href":"https:\/\/feurich.com\/fr\/wp-json\/wp\/v2\/users\/4"}],"replies":[{"embeddable":true,"href":"https:\/\/feurich.com\/fr\/wp-json\/wp\/v2\/comments?post=13294"}],"version-history":[{"count":21,"href":"https:\/\/feurich.com\/fr\/wp-json\/wp\/v2\/pages\/13294\/revisions"}],"predecessor-version":[{"id":72706,"href":"https:\/\/feurich.com\/fr\/wp-json\/wp\/v2\/pages\/13294\/revisions\/72706"}],"wp:attachment":[{"href":"https:\/\/feurich.com\/fr\/wp-json\/wp\/v2\/media?parent=13294"}],"curies":[{"name":"wp","href":"https:\/\/api.w.org\/{rel}","templated":true}]}}