{"id":13287,"date":"2018-03-17T03:19:34","date_gmt":"2018-03-17T03:19:34","guid":{"rendered":"https:\/\/www.feurich.com\/modele-122-universal\/"},"modified":"2020-01-03T14:16:07","modified_gmt":"2020-01-03T14:16:07","slug":"modele-122-universal","status":"publish","type":"page","link":"https:\/\/feurich.com\/fr\/produits\/pianos-classiques\/piano-mod-122-universal\/modele-122-universal\/","title":{"rendered":"Mod\u00e8le 122 &#8211; Universal"},"content":{"rendered":"<div class=\"wpb-content-wrapper\"><p>[vc_row full_width=\u00a0\u00bbstretch_row_content\u00a0\u00bb][vc_column][vc_column_text]<ul class=\"piano-menu\" page-id=\"11854\"><li class=\"piano-menu-item\"><a class=\"piano-menu-link \" href=\"https:\/\/feurich.com\/fr\/produits\/pianos-classiques\/piano-mod-115-premiere\/\">115 \u2013 Premiere<\/a><\/li><li class=\"piano-menu-item\"><a class=\"piano-menu-link piano-menu-link-active\" href=\"https:\/\/feurich.com\/fr\/produits\/pianos-classiques\/piano-mod-122-universal\/\">122 \u2013 Universal<\/a><\/li><li class=\"piano-menu-item\"><a class=\"piano-menu-link \" href=\"https:\/\/feurich.com\/fr\/produits\/pianos-classiques\/piano-modele-125-design\/\">125 - Design<\/a><\/li><li class=\"piano-menu-item\"><a class=\"piano-menu-link \" href=\"https:\/\/feurich.com\/fr\/produits\/pianos-classiques\/piano-133-concert\/\">133 \u2013 Concert<\/a><\/li><li class=\"piano-menu-item\"><a class=\"piano-menu-link \" href=\"https:\/\/feurich.com\/fr\/produits\/pianos-classiques\/piano-a-queue-modele-162-dynamic-i\/\">162 \u2013 Dynamic I<\/a><\/li><li class=\"piano-menu-item\"><a class=\"piano-menu-link \" href=\"https:\/\/feurich.com\/fr\/produits\/pianos-classiques\/piano-a-queue-modele-179-dynamic-ii\/\">179 \u2013 Dynamic II<\/a><\/li><li class=\"piano-menu-item\"><a class=\"piano-menu-link \" href=\"https:\/\/feurich.com\/fr\/produits\/pianos-classiques\/piano-a-queue-modele-218-concert-i\/\">218 - Concert I<\/a><\/li><\/ul>[\/vc_column_text][vc_column_text el_class=\u00a0\u00bbbig-title\u00a0\u00bb]<\/p>\n<p style=\"text-align: center;\">Mod\u00e8le 122 \u2013 Universal<\/p>\n<p>[\/vc_column_text][\/vc_column][\/vc_row][vc_row][vc_column width=\u00a0\u00bb1\/2&Prime;][vc_column_text]<div class=\"wonderplugingallery-container\" id=\"wonderplugingallery-container-2\" style=\"max-width:550px;margin:0 auto;\"><div class=\"wonderplugingallery\" id=\"wonderplugingallery-2\" data-galleryid=\"2\" data-width=\"550\" data-height=\"400\" data-skin=\"gallerywithtext\" data-random=\"false\" data-autoslide=\"false\" data-autoplayvideo=\"false\" data-schemamarkup=\"false\" data-stopallplaying=\"false\" data-hidetitlewhenvideoisplaying=\"false\" data-disablehovereventontouch=\"false\" data-autoslideandplayafterfirstplayed=\"false\" data-html5player=\"true\" data-responsive=\"true\" data-fullwidth=\"false\" data-showtitle=\"true\" data-showdescription=\"true\" data-showplaybutton=\"false\" data-showfullscreenbutton=\"true\" data-showtimer=\"false\" data-showcarousel=\"true\" data-galleryshadow=\"false\" data-slideshadow=\"false\" data-thumbshowtitle=\"false\" data-thumbshadow=\"false\" data-lightboxshowtitle=\"true\" data-lightboxshowdescription=\"true\" data-specifyid=\"true\" data-donotinit=\"false\" data-addinitscript=\"true\" data-triggerresize=\"false\" data-thumbcolumnsresponsive=\"false\" data-showimgtitle=\"false\" data-titlesmallscreen=\"false\" data-initsocial=\"true\" data-showsocial=\"false\" data-showemail=\"false\" data-showfacebook=\"true\" data-showtwitter=\"true\" data-showpinterest=\"true\" data-socialrotateeffect=\"true\" data-doshortcodeontext=\"false\" data-duration=\"1500\" data-slideduration=\"1000\" data-slideshowinterval=\"6000\" data-googleanalyticsaccount=\"\" data-resizemode=\"fill\" data-imagetoolboxmode=\"hide\" data-effect=\"fadeinout\" data-padding=\"12\" data-bgcolor=\"\" data-bgimage=\"\" data-thumbwidth=\"54\" data-thumbheight=\"42\" data-thumbgap=\"8\" data-thumbrowgap=\"16\" data-lightboxtextheight=\"72\" data-lightboxtitlecss=\"{color:#333333; font:bold 12px Arial,Helvetica,sans-serif; overflow:hidden; white-space:normal; line-height:18px;}\" data-lightboxdescriptioncss=\"{color:#333333; font:normal 12px Arial,Helvetica,sans-serif; overflow:hidden; white-space:normal; line-height:14px;}\" data-titlecss=\"{color:#333;font-size:14px;font-family:Armata,sans-serif,Arial;overflow:hidden;text-align:center;padding:16px 8px 4px 8px;display:none}\" data-descriptioncss=\"{color:#333;font-size:14px;font-family:Arial,Helvetica,sans-serif;overflow:hidden;text-align:center;padding:4px 8px; padding-top: 15px;}\" data-titleheight=\"35\" data-titlesmallscreenwidth=\"640\" data-titleheightsmallscreen=\"148\" data-socialmode=\"mouseover\" data-socialposition=\"position:absolute;top:8px;right:8px;\" data-socialpositionlightbox=\"position:absolute;top:8px;right:8px;\" data-socialdirection=\"horizontal\" data-socialbuttonsize=\"32\" data-socialbuttonfontsize=\"18\" data-triggerresizedelay=\"100\" data-thumbmediumsize=\"800\" data-thumbsmallsize=\"480\" data-thumbmediumwidth=\"64\" data-thumbmediumheight=\"64\" data-thumbsmallwidth=\"48\" data-thumbsmallheight=\"48\" data-imgtitle=\"title\" data-jsfolder=\"https:\/\/feurich.com\/wp-content\/plugins\/wonderplugin-gallery\/engine\/\" style=\"display:none;\" ><a href=\"https:\/\/www.feurich.com\/wp-content\/uploads\/Mod._122_-_Universal_10black_chrome.png\" data-mediatype=1><img decoding=\"async\" class=\"html5galleryimg\" src=\"https:\/\/www.feurich.com\/wp-content\/uploads\/Mod._122_-_Universal_10black_chrome.png\" alt=\"Mod._122_-_Universal_#10black_chrome\" data-description=\"Noir verni - Chrom\"><\/a><a href=\"https:\/\/www.feurich.com\/wp-content\/uploads\/Mod._122_-_Universal_10black_brass.png\" data-mediatype=1><img decoding=\"async\" class=\"html5galleryimg\" src=\"https:\/\/www.feurich.com\/wp-content\/uploads\/Mod._122_-_Universal_10black_brass.png\" alt=\"Mod._122_-_Universal_#10black_brass\" data-description=\"Noir verni - Laiton\"><\/a><a href=\"https:\/\/www.feurich.com\/wp-content\/uploads\/Mod._122_-_Universal_11white_chrome.png\" data-mediatype=1><img decoding=\"async\" class=\"html5galleryimg\" src=\"https:\/\/www.feurich.com\/wp-content\/uploads\/Mod._122_-_Universal_11white_chrome.png\" alt=\"Mod._122_-_Universal_#11white_chrome\" data-description=\"Wei\u00df poliert \u2013 Chrom\"><\/a><a href=\"https:\/\/www.feurich.com\/wp-content\/uploads\/Mod._122_-_Universal_11white_brass.png\" data-mediatype=1><img decoding=\"async\" class=\"html5galleryimg\" src=\"https:\/\/www.feurich.com\/wp-content\/uploads\/Mod._122_-_Universal_11white_brass.png\" alt=\"Mod._122_-_Universal_#11white_brass\" data-description=\"Wei\u00df poliert \u2013 Messing\"><\/a><a href=\"https:\/\/www.feurich.com\/wp-content\/uploads\/Mod._122_-_Universal_13walnut_pol.png\" data-mediatype=1><img decoding=\"async\" class=\"html5galleryimg\" src=\"https:\/\/www.feurich.com\/wp-content\/uploads\/Mod._122_-_Universal_13walnut_pol.png\" alt=\"Mod._122_-_Universal_#13walnut_pol\" data-description=\"Nuss poliert\"><\/a><a href=\"https:\/\/www.feurich.com\/wp-content\/uploads\/Mod._122_-_Universal_14bordeaux_pol.png\" data-mediatype=1><img decoding=\"async\" class=\"html5galleryimg\" src=\"https:\/\/www.feurich.com\/wp-content\/uploads\/Mod._122_-_Universal_14bordeaux_pol.png\" alt=\"Mod._122_-_Universal_#14bordeaux_pol\" data-description=\"Bordeaux poliert\"><\/a><a href=\"https:\/\/www.feurich.com\/wp-content\/uploads\/Mod.-122-Universal-15black-satin_web.jpg\" data-mediatype=1><img decoding=\"async\" class=\"html5galleryimg\" src=\"https:\/\/www.feurich.com\/wp-content\/uploads\/Mod.-122-Universal-15black-satin_web-1024x864.jpg\" alt=\"Mod. 122 - Universal #15black satin_web\" data-description=\"Black oak satin\"><\/a><a href=\"https:\/\/www.feurich.com\/wp-content\/uploads\/Mod._122_-_Universal_17bordeaux_sat.png\" data-mediatype=1><img decoding=\"async\" class=\"html5galleryimg\" src=\"https:\/\/www.feurich.com\/wp-content\/uploads\/Mod._122_-_Universal_17bordeaux_sat.png\" alt=\"Mod._122_-_Universal_#17bordeaux_sat\" data-description=\"Bordeaux satiniert\"><\/a><a href=\"https:\/\/www.feurich.com\/wp-content\/uploads\/Mod.-122-Universal-walnut-satin.png\" data-mediatype=1><img decoding=\"async\" class=\"html5galleryimg\" src=\"https:\/\/www.feurich.com\/wp-content\/uploads\/Mod.-122-Universal-walnut-satin-1024x768.png\" alt=\"Mod. 122 - Universal, walnut satin\" data-description=\"Nuss satiniert\"><\/a><a href=\"https:\/\/www.feurich.com\/wp-content\/uploads\/Mod._122_-_Universal_19beech_sat.png\" data-mediatype=1><img decoding=\"async\" class=\"html5galleryimg\" src=\"https:\/\/www.feurich.com\/wp-content\/uploads\/Mod._122_-_Universal_19beech_sat.png\" alt=\"Mod._122_-_Universal_#19beech_sat\" data-description=\"Buche satiniert\"><\/a><div class=\"wonderplugin-engine\"><a href=\"http:\/\/www.wonderplugin.com\/wordpress-gallery\/\" title=\"WordPress YouTube Gallery Plugin\">WordPress YouTube Gallery Plugin<\/a><\/div><\/div><\/div><script>jQuery(document).ready(function(){jQuery(\".wonderplugin-engine\").css({display:\"none\"});jQuery(\".wonderplugingallery\").wonderplugingallery({forceinit:true});});<\/script>[\/vc_column_text][\/vc_column][vc_column width=\u00a0\u00bb1\/2&Prime;][vc_column_text]Notre best-seller prim\u00e9 impressionne toujours autant, avec une technologie sophistiqu\u00e9e et des d\u00e9tails ex\u00e9cut\u00e9s avec le plus grand soin, ainsi qu&rsquo;un son aussi puissant que vivant. La m\u00e9canique\u00a0 FEURICH innovante permet un pianissimo d\u00e9licat ainsi qu&rsquo;un impressionnant fortissimo. Il surpasse de nombreux pianos \u00e0 queue de petite taille.<\/p>\n<p>D\u00e9j\u00e0 par deux fois, notre Piano Mod\u00e8le 122 &#8211; Universal a re\u00e7u le prix\u00a0 du magazine Diapason pour \u00ab\u00a0le meilleur piano de sa cat\u00e9gorie\u00a0\u00bb. De plus en plus d&rsquo;\u00e9coles et d&rsquo;institutions l&rsquo;utilisent pour les r\u00e9p\u00e9titions ainsi que l&rsquo;ensenseignement.<\/p>\n<p>\u2022 timbres incroyables sur toute l&rsquo;\u00e9tendue du clavier<\/p>\n<p>\u2022 une construction robuste et durable<br \/>\n\u2022 table d&rsquo;harmonie en \u00e9pic\u00e9a de grande qualit\u00e9, avec une stratification sp\u00e9ciale suppl\u00e9mentaire pour un son et une stabilit\u00e9 hygrom\u00e9trique excellents<br \/>\n\u2022 M\u00e9canique FEURICH pr\u00e9cise et sans composants en plastique<br \/>\n\u2022 T\u00eates de marteaux garnies par la meilleure laine vierge australienne<br \/>\n\u2022 plage dynamique exceptionnelle<br \/>\n\u2022 P\u00e9dale de nuances FEURICH pour un mode de jeu silencieux &#8211; pour les voisins sensibles!<\/p>\n<p>Le mod\u00e8le est constamment d\u00e9velopp\u00e9 par notre \u00e9quipe d&rsquo;experts afin d&rsquo;am\u00e9liorer en permanence l&rsquo;avantage de qualit\u00e9 par rapport aux autres pianos de marque, et d&rsquo;optimiser la stabilit\u00e9 du climat.<\/p>\n<p>Comme tous les pianos FEURICH, il est disponible en diff\u00e9rentes couleurs, et peut \u00e9galement \u00eatre \u00e9quip\u00e9 du syst\u00e8me FEURICH Silencer. Vous souhaitez en savoir plus sur cet instrument? <a href=\"https:\/\/www.feurich.com\/fr\/information-contact\/contact\/\">Nous attendons de vos nouvelles!<\/a>[\/vc_column_text][\/vc_column][\/vc_row][vc_row][vc_column][vc_masonry_media_grid element_width=\u00a0\u00bb2&Prime; item=\u00a0\u00bbmediaGrid_Default\u00a0\u00bb grid_id=\u00a0\u00bbvc_gid:1578060814329-4ef39059-0563-1&Prime; include=\u00a0\u00bb2037,2038,2039,2036,2035,2034&Prime;][\/vc_column][\/vc_row][vc_row][vc_column width=\u00a0\u00bb1\/3&Prime;][vc_column_text]<\/p>\n<h3>TELECHARGER LA FICHE TECHNIQUE<\/h3>\n<p>[\/vc_column_text][vc_single_image image=\u00a0\u00bb2471&Prime; onclick=\u00a0\u00bbcustom_link\u00a0\u00bb img_link_target=\u00a0\u00bb_blank\u00a0\u00bb link=\u00a0\u00bb\/wp-content\/uploads\/Page_dinformation_122_web.pdf\u00a0\u00bb][\/vc_column][vc_column width=\u00a0\u00bb1\/3&Prime;][vc_column_text]<\/p>\n<h3>VIDEO PRODUIT<\/h3>\n<p>[\/vc_column_text][vc_column_text]<div class=\"wpb_video_widget wpb_content_element  vc_clearfix vc_video-aspect-ratio-43 vc_video-el-width-100 vc_video-align-left\"><div class=\"wpb_wrapper\"><div class=\"wpb_video_wrapper\"><div class=\"fluid-width-video-wrapper\"><iframe src=\"https:\/\/www.youtube.com\/embed\/RtsdOJTtJsw?feature=oembed\" frameborder=\"0\" gesture=\"media\" allow=\"encrypted-media\" allowfullscreen=\"\" class=\"vid-youtube\"><\/iframe><\/div><\/div><\/div><\/div>[\/vc_column_text][\/vc_column][vc_column width=\u00a0\u00bb1\/3&Prime;][vc_column_text]<\/p>\n<h3>DIMENSIONS<\/h3>\n<p>[\/vc_column_text][vc_single_image image=\u00a0\u00bb39977&Prime; img_size=\u00a0\u00bb360&#215;260&Prime;][\/vc_column][\/vc_row]<\/p>\n<\/div>","protected":false},"excerpt":{"rendered":"<p>Notre best-seller prim\u00e9 impressionne toujours autant, avec une technologie sophistiqu\u00e9e et des d\u00e9tails ex\u00e9cut\u00e9s avec le plus grand soin, ainsi qu&rsquo;un son aussi puissant que vivant.<\/p>\n","protected":false},"author":7,"featured_media":0,"parent":15599,"menu_order":0,"comment_status":"closed","ping_status":"closed","template":"","meta":{"inline_featured_image":false,"footnotes":""},"class_list":["post-13287","page","type-page","status-publish","hentry"],"acf":[],"yoast_head":"<!-- This site is optimized with the Yoast SEO plugin v24.4 - https:\/\/yoast.com\/wordpress\/plugins\/seo\/ -->\n<title>Mod\u00e8le 122 - Universal - FEURICH<\/title>\n<meta name=\"robots\" content=\"index, follow, max-snippet:-1, max-image-preview:large, max-video-preview:-1\" \/>\n<link rel=\"canonical\" href=\"https:\/\/feurich.com\/fr\/produits\/pianos-classiques\/piano-mod-122-universal\/modele-122-universal\/\" \/>\n<meta property=\"og:locale\" content=\"fr_FR\" \/>\n<meta property=\"og:type\" content=\"article\" \/>\n<meta property=\"og:title\" content=\"Mod\u00e8le 122 - Universal - FEURICH\" \/>\n<meta property=\"og:description\" content=\"Notre best-seller prim\u00e9 impressionne toujours autant, avec une technologie sophistiqu\u00e9e et des d\u00e9tails ex\u00e9cut\u00e9s avec le plus grand soin, ainsi qu&#039;un son aussi puissant que vivant.\" \/>\n<meta property=\"og:url\" content=\"https:\/\/feurich.com\/fr\/produits\/pianos-classiques\/piano-mod-122-universal\/modele-122-universal\/\" \/>\n<meta property=\"og:site_name\" content=\"FEURICH\" \/>\n<meta property=\"article:publisher\" content=\"https:\/\/www.facebook.com\/feurichvienna\/\" \/>\n<meta property=\"article:modified_time\" content=\"2020-01-03T14:16:07+00:00\" \/>\n<meta name=\"twitter:card\" content=\"summary_large_image\" \/>\n<meta name=\"twitter:label1\" content=\"Dur\u00e9e de lecture estim\u00e9e\" \/>\n\t<meta name=\"twitter:data1\" content=\"2 minutes\" \/>\n<script type=\"application\/ld+json\" class=\"yoast-schema-graph\">{\"@context\":\"https:\/\/schema.org\",\"@graph\":[{\"@type\":\"WebPage\",\"@id\":\"https:\/\/feurich.com\/fr\/produits\/pianos-classiques\/piano-mod-122-universal\/modele-122-universal\/\",\"url\":\"https:\/\/feurich.com\/fr\/produits\/pianos-classiques\/piano-mod-122-universal\/modele-122-universal\/\",\"name\":\"Mod\u00e8le 122 - Universal - FEURICH\",\"isPartOf\":{\"@id\":\"https:\/\/feurich.com\/en\/#website\"},\"datePublished\":\"2018-03-17T03:19:34+00:00\",\"dateModified\":\"2020-01-03T14:16:07+00:00\",\"breadcrumb\":{\"@id\":\"https:\/\/feurich.com\/fr\/produits\/pianos-classiques\/piano-mod-122-universal\/modele-122-universal\/#breadcrumb\"},\"inLanguage\":\"fr-FR\",\"potentialAction\":[{\"@type\":\"ReadAction\",\"target\":[\"https:\/\/feurich.com\/fr\/produits\/pianos-classiques\/piano-mod-122-universal\/modele-122-universal\/\"]}]},{\"@type\":\"BreadcrumbList\",\"@id\":\"https:\/\/feurich.com\/fr\/produits\/pianos-classiques\/piano-mod-122-universal\/modele-122-universal\/#breadcrumb\",\"itemListElement\":[{\"@type\":\"ListItem\",\"position\":1,\"name\":\"Home\",\"item\":\"https:\/\/feurich.com\/fr\/\"},{\"@type\":\"ListItem\",\"position\":2,\"name\":\"Produits\",\"item\":\"https:\/\/feurich.com\/fr\/produits\/\"},{\"@type\":\"ListItem\",\"position\":3,\"name\":\"Pianos classiques\",\"item\":\"https:\/\/feurich.com\/fr\/produits\/pianos-classiques\/\"},{\"@type\":\"ListItem\",\"position\":4,\"name\":\"Piano Mod. 122 \u2013 Universal\",\"item\":\"https:\/\/feurich.com\/fr\/produits\/pianos-classiques\/piano-mod-122-universal\/\"},{\"@type\":\"ListItem\",\"position\":5,\"name\":\"Mod\u00e8le 122 &#8211; Universal\"}]},{\"@type\":\"WebSite\",\"@id\":\"https:\/\/feurich.com\/en\/#website\",\"url\":\"https:\/\/feurich.com\/en\/\",\"name\":\"FEURICH\",\"description\":\"A sound that connects\",\"publisher\":{\"@id\":\"https:\/\/feurich.com\/en\/#organization\"},\"potentialAction\":[{\"@type\":\"SearchAction\",\"target\":{\"@type\":\"EntryPoint\",\"urlTemplate\":\"https:\/\/feurich.com\/en\/?s={search_term_string}\"},\"query-input\":{\"@type\":\"PropertyValueSpecification\",\"valueRequired\":true,\"valueName\":\"search_term_string\"}}],\"inLanguage\":\"fr-FR\"},{\"@type\":\"Organization\",\"@id\":\"https:\/\/feurich.com\/en\/#organization\",\"name\":\"FEURICH\",\"url\":\"https:\/\/feurich.com\/en\/\",\"logo\":{\"@type\":\"ImageObject\",\"inLanguage\":\"fr-FR\",\"@id\":\"https:\/\/feurich.com\/en\/#\/schema\/logo\/image\/\",\"url\":\"https:\/\/feurich.com\/wp-content\/uploads\/logo.png\",\"contentUrl\":\"https:\/\/feurich.com\/wp-content\/uploads\/logo.png\",\"width\":354,\"height\":151,\"caption\":\"FEURICH\"},\"image\":{\"@id\":\"https:\/\/feurich.com\/en\/#\/schema\/logo\/image\/\"},\"sameAs\":[\"https:\/\/www.facebook.com\/feurichvienna\/\"]}]}<\/script>\n<!-- \/ Yoast SEO plugin. -->","yoast_head_json":{"title":"Mod\u00e8le 122 - Universal - FEURICH","robots":{"index":"index","follow":"follow","max-snippet":"max-snippet:-1","max-image-preview":"max-image-preview:large","max-video-preview":"max-video-preview:-1"},"canonical":"https:\/\/feurich.com\/fr\/produits\/pianos-classiques\/piano-mod-122-universal\/modele-122-universal\/","og_locale":"fr_FR","og_type":"article","og_title":"Mod\u00e8le 122 - Universal - FEURICH","og_description":"Notre best-seller prim\u00e9 impressionne toujours autant, avec une technologie sophistiqu\u00e9e et des d\u00e9tails ex\u00e9cut\u00e9s avec le plus grand soin, ainsi qu'un son aussi puissant que vivant.","og_url":"https:\/\/feurich.com\/fr\/produits\/pianos-classiques\/piano-mod-122-universal\/modele-122-universal\/","og_site_name":"FEURICH","article_publisher":"https:\/\/www.facebook.com\/feurichvienna\/","article_modified_time":"2020-01-03T14:16:07+00:00","twitter_card":"summary_large_image","twitter_misc":{"Dur\u00e9e de lecture estim\u00e9e":"2 minutes"},"schema":{"@context":"https:\/\/schema.org","@graph":[{"@type":"WebPage","@id":"https:\/\/feurich.com\/fr\/produits\/pianos-classiques\/piano-mod-122-universal\/modele-122-universal\/","url":"https:\/\/feurich.com\/fr\/produits\/pianos-classiques\/piano-mod-122-universal\/modele-122-universal\/","name":"Mod\u00e8le 122 - Universal - FEURICH","isPartOf":{"@id":"https:\/\/feurich.com\/en\/#website"},"datePublished":"2018-03-17T03:19:34+00:00","dateModified":"2020-01-03T14:16:07+00:00","breadcrumb":{"@id":"https:\/\/feurich.com\/fr\/produits\/pianos-classiques\/piano-mod-122-universal\/modele-122-universal\/#breadcrumb"},"inLanguage":"fr-FR","potentialAction":[{"@type":"ReadAction","target":["https:\/\/feurich.com\/fr\/produits\/pianos-classiques\/piano-mod-122-universal\/modele-122-universal\/"]}]},{"@type":"BreadcrumbList","@id":"https:\/\/feurich.com\/fr\/produits\/pianos-classiques\/piano-mod-122-universal\/modele-122-universal\/#breadcrumb","itemListElement":[{"@type":"ListItem","position":1,"name":"Home","item":"https:\/\/feurich.com\/fr\/"},{"@type":"ListItem","position":2,"name":"Produits","item":"https:\/\/feurich.com\/fr\/produits\/"},{"@type":"ListItem","position":3,"name":"Pianos classiques","item":"https:\/\/feurich.com\/fr\/produits\/pianos-classiques\/"},{"@type":"ListItem","position":4,"name":"Piano Mod. 122 \u2013 Universal","item":"https:\/\/feurich.com\/fr\/produits\/pianos-classiques\/piano-mod-122-universal\/"},{"@type":"ListItem","position":5,"name":"Mod\u00e8le 122 &#8211; Universal"}]},{"@type":"WebSite","@id":"https:\/\/feurich.com\/en\/#website","url":"https:\/\/feurich.com\/en\/","name":"FEURICH","description":"A sound that connects","publisher":{"@id":"https:\/\/feurich.com\/en\/#organization"},"potentialAction":[{"@type":"SearchAction","target":{"@type":"EntryPoint","urlTemplate":"https:\/\/feurich.com\/en\/?s={search_term_string}"},"query-input":{"@type":"PropertyValueSpecification","valueRequired":true,"valueName":"search_term_string"}}],"inLanguage":"fr-FR"},{"@type":"Organization","@id":"https:\/\/feurich.com\/en\/#organization","name":"FEURICH","url":"https:\/\/feurich.com\/en\/","logo":{"@type":"ImageObject","inLanguage":"fr-FR","@id":"https:\/\/feurich.com\/en\/#\/schema\/logo\/image\/","url":"https:\/\/feurich.com\/wp-content\/uploads\/logo.png","contentUrl":"https:\/\/feurich.com\/wp-content\/uploads\/logo.png","width":354,"height":151,"caption":"FEURICH"},"image":{"@id":"https:\/\/feurich.com\/en\/#\/schema\/logo\/image\/"},"sameAs":["https:\/\/www.facebook.com\/feurichvienna\/"]}]}},"_links":{"self":[{"href":"https:\/\/feurich.com\/fr\/wp-json\/wp\/v2\/pages\/13287","targetHints":{"allow":["GET"]}}],"collection":[{"href":"https:\/\/feurich.com\/fr\/wp-json\/wp\/v2\/pages"}],"about":[{"href":"https:\/\/feurich.com\/fr\/wp-json\/wp\/v2\/types\/page"}],"author":[{"embeddable":true,"href":"https:\/\/feurich.com\/fr\/wp-json\/wp\/v2\/users\/7"}],"replies":[{"embeddable":true,"href":"https:\/\/feurich.com\/fr\/wp-json\/wp\/v2\/comments?post=13287"}],"version-history":[{"count":22,"href":"https:\/\/feurich.com\/fr\/wp-json\/wp\/v2\/pages\/13287\/revisions"}],"predecessor-version":[{"id":39987,"href":"https:\/\/feurich.com\/fr\/wp-json\/wp\/v2\/pages\/13287\/revisions\/39987"}],"up":[{"embeddable":true,"href":"https:\/\/feurich.com\/fr\/wp-json\/wp\/v2\/pages\/15599"}],"wp:attachment":[{"href":"https:\/\/feurich.com\/fr\/wp-json\/wp\/v2\/media?parent=13287"}],"curies":[{"name":"wp","href":"https:\/\/api.w.org\/{rel}","templated":true}]}}