{"id":13272,"date":"2018-03-17T02:26:14","date_gmt":"2018-03-17T02:26:14","guid":{"rendered":"https:\/\/www.feurich.com\/a-propos-de-nous\/bailin-ernest-bittner\/"},"modified":"2019-09-05T15:14:05","modified_gmt":"2019-09-05T15:14:05","slug":"bailin-ernest-bittner","status":"publish","type":"page","link":"https:\/\/feurich.com\/fr\/a-propos-de-nous\/bailin-ernest-bittner\/","title":{"rendered":"Bailin et Ernest Bittner"},"content":{"rendered":"<div class=\"wpb-content-wrapper\"><p>[vc_row 0=\u00a0\u00bb\u00a0\u00bb][vc_column 0=\u00a0\u00bb\u00a0\u00bb][vc_empty_space 0=\u00a0\u00bb\u00a0\u00bb][vc_column_text el_class=\u00a0\u00bbbig-title\u00a0\u00bb]<\/p>\n<p style=\"text-align: center;\">BAILIN et ERNEST BITTNER<\/p>\n<p>[\/vc_column_text][vc_empty_space 0=\u00a0\u00bb\u00a0\u00bb height=\u00a0\u00bb24px\u00a0\u00bb][\/vc_column][\/vc_row][vc_row 0=\u00a0\u00bb\u00a0\u00bb][vc_column width=\u00a0\u00bb1\/3&Prime;][vc_single_image image=\u00a0\u00bb2646&Prime; img_size=\u00a0\u00bblarge\u00a0\u00bb][vc_empty_space][vc_column_text]<div class=\"wpb_video_widget wpb_content_element  vc_clearfix vc_video-aspect-ratio-43 vc_video-el-width-100 vc_video-align-left\"><div class=\"wpb_wrapper\"><div class=\"wpb_video_wrapper\"><div class=\"fluid-width-video-wrapper\"><iframe src=\"https:\/\/www.youtube.com\/embed\/3SvQuuv7lCc?feature=oembed\" frameborder=\"0\" gesture=\"media\" allow=\"encrypted-media\" allowfullscreen=\"\" class=\"vid-youtube\"><\/iframe><\/div><\/div><\/div><\/div>[\/vc_column_text][vc_empty_space][\/vc_column][vc_column width=\u00a0\u00bb2\/3&Prime;][vc_column_text 0=\u00a0\u00bb\u00a0\u00bb]<\/p>\n<h4>BUSINESS FAMILIAL &amp; PASSION POUR LA MUSIQUE \u2026<\/h4>\n<p>Bailin et Ernest se connaissent depuis leurs ann\u00e9es d\u2019\u00e9cole, alors qu\u2019ils se disputaient la meilleure salle de piano du BRG Boerhaavegasse \u00e0 Vienne. Ernest a ensuite \u00e9tudi\u00e9 la composition et le saxophone \u00e0 l\u2019Universit\u00e9 de musique et des Arts du Spectacle. Bailin s\u2019est quant \u00e0 elle inscrite \u00e0 l\u2019Universit\u00e9 de m\u00e9decine de Vienne. Pendant leurs \u00e9tudes, en 1997, ils fondent le centre de r\u00e9p\u00e9tition et d\u2019enregistrement de musique \u00ab\u00a0t-on\u00a0\u00bb au Naschmarkt de Vienne avec des amis. En parall\u00e8le, Ernest accorde r\u00e9guli\u00e8rement des pianos. Il a alors pu constater \u00e0 quel point les instruments neufs sont inabordables pour de nombreuses familles, et que ces derni\u00e8res ne peuvent reconna\u00eetre les caract\u00e9ristiques d\u2019un bon piano sur un march\u00e9 d\u2019occasion. L\u2019argent durement \u00e9conomis\u00e9 dispara\u00eet et le r\u00eave d\u2019un bon piano aussi. Une telle situation dans cette ville de la musique a d\u00e9cid\u00e9 Ernest et Bailin de cr\u00e9er quelque chose pour am\u00e9liorer la situation.<\/p>\n<h4>TOUT POUR LE PIANO PARFAIT \u2026<\/h4>\n<p>C\u2019est en 1998, que Bailin et Ernest ont ouvert leur premi\u00e8re KLAVIERgalerie \u00e0 l\u2019Andreasgasse de Vienne, pr\u00e8s de la Mariahilfer Strasse. Sur 120 m\u00b2, ils vendaient des pianos d\u2019occasion soigneusement s\u00e9lectionn\u00e9s et peu co\u00fbteux. Apr\u00e8s leur lune de miel en 1999 en Asie, ils ont finalement r\u00e9alis\u00e9 qu\u2019ils voulaient \u00eatre \u00ab\u00a0inspir\u00e9s\u00a0\u00bb. Au cours de leur voyage, ils ont visit\u00e9 sept usines de pianos ainsi que de nombreux magasins. Ils ont reconnu le grand potentiel des productions de pianos en Chine (malgr\u00e9 d\u2019importants \u00e9carts de qualit\u00e9 \u00e0 cause d\u2019un manque de normes). Ils \u00e9taient enthousiastes \u00e0 l\u2019id\u00e9e d\u2019apporter un savoir-faire europ\u00e9en \u00e0 la Chine pour cr\u00e9er une symbiose parfaite entre les connaissances techniques traditionnelles, sp\u00e9cialis\u00e9es et la production moderne.<\/p>\n<h4>L\u2019AIGUILLE DE HEUHAUFEN \u2026<\/h4>\n<p>La premi\u00e8re coop\u00e9ration avec une production de piano chinoise appartenant \u00e0 l\u2019\u00c9tat a \u00e9t\u00e9 lanc\u00e9e. En raison d\u2019un bureaucratie complexe et de changements fr\u00e9quents de directeurs, des am\u00e9liorations significatives n\u2019ont pas pu \u00eatre effectu\u00e9es pendant de nombreuses ann\u00e9es. C\u2019est la recommandation d\u2019un ami chinois de la famille qui engagea le tournant d\u00e9cisif. Bailin et Ernest fait la connaissance d\u2019un fabricant priv\u00e9 de pi\u00e8ces de piano \u00e0 Ningbo\u00a0: c\u2019est le d\u00e9but d\u2019une coop\u00e9ration durable, fructueuse et intensive. Les normes de qualit\u00e9 \u00e9lev\u00e9es en Europe et les machines de pr\u00e9cision de haute technologie de l\u2019usine chinoise constituent un tandem parfait pour d\u00e9velopper et construire des pianos de haute qualit\u00e9 au un rapport qualit\u00e9 \/ prix incroyable.<\/p>\n<h4>LA FACTURE DE PIANO EST DE RETOUR \u00c0 VIENNE<\/h4>\n<p>Ces derni\u00e8res ann\u00e9es, Bailin et Ernest ont favoris\u00e9 le d\u00e9veloppement d\u2019une \u00e9quipe technique internationale, et n\u2019ont pas m\u00e9nag\u00e9 leurs efforts pour mettre en \u0153uvre des innovations complexes en mati\u00e8re de piano. Avec l\u2019ouverture de la KLAVIERmanufaktur \u00e0 Vienne en 2016, Bailin et Ernest ont r\u00e9alis\u00e9 leur r\u00eave. D\u2019une part, parce que l\u2019un des pianos les plus innovants et les plus modernes du monde voyait le jour et, d\u2019autre part, parce que la renaissance de cette tradition historique dans la ville de la musique est aussi pour ces passionn\u00e9s une histoire de c\u0153ur. Les deux enfants Ennio et Loreen sont aussi li\u00e9s \u00e0 la musique que leurs parents et peuvent \u00eatre souvent trouv\u00e9s \u00e0 la KLAVIERgalerie ou dans les ateliers de FEURICH.<\/p>\n<p>\u00ab\u00a0Notre vision est la suivante : nous voulons cr\u00e9er des pianos avec des innovations significatives, et faire en sorte que le plus grand nombre possible de personnes qui aiment la musique dans ce monde soient satisfaits de leur propre piano!\u00a0\u00bb (Bailin &amp; Ernest)[\/vc_column_text][\/vc_column][\/vc_row]<\/p>\n<\/div>","protected":false},"excerpt":{"rendered":"<p>Notre vision est la suivante : nous cherchons \u00e0 cr\u00e9er des pianos aux innovations significatives, et faire en sorte que le plus grand nombre possible de personnes aimant la musique dans le monde se r\u00e9jouissent de leur propre piano!<\/p>\n","protected":false},"author":4,"featured_media":0,"parent":11860,"menu_order":0,"comment_status":"closed","ping_status":"closed","template":"template-fullwidth.php","meta":{"inline_featured_image":false,"footnotes":""},"class_list":["post-13272","page","type-page","status-publish","hentry"],"acf":[],"yoast_head":"<!-- This site is optimized with the Yoast SEO plugin v24.4 - https:\/\/yoast.com\/wordpress\/plugins\/seo\/ -->\n<title>Bailin et Ernest Bittner - FEURICH<\/title>\n<meta name=\"description\" content=\"Notre vision est la suivante : nous cherchons \u00e0 cr\u00e9er des pianos aux innovations significatives, et faire en sorte que le plus grand nombre possible de personnes aimant la musique dans le monde se r\u00e9jouissent de leur propre piano!\" \/>\n<meta name=\"robots\" content=\"index, follow, max-snippet:-1, max-image-preview:large, max-video-preview:-1\" \/>\n<link rel=\"canonical\" href=\"https:\/\/feurich.com\/fr\/a-propos-de-nous\/bailin-ernest-bittner\/\" \/>\n<meta property=\"og:locale\" content=\"fr_FR\" \/>\n<meta property=\"og:type\" content=\"article\" \/>\n<meta property=\"og:title\" content=\"Bailin et Ernest Bittner - FEURICH\" \/>\n<meta property=\"og:description\" content=\"Notre vision est la suivante : nous cherchons \u00e0 cr\u00e9er des pianos aux innovations significatives, et faire en sorte que le plus grand nombre possible de personnes aimant la musique dans le monde se r\u00e9jouissent de leur propre piano!\" \/>\n<meta property=\"og:url\" content=\"https:\/\/feurich.com\/fr\/a-propos-de-nous\/bailin-ernest-bittner\/\" \/>\n<meta property=\"og:site_name\" content=\"FEURICH\" \/>\n<meta property=\"article:publisher\" content=\"https:\/\/www.facebook.com\/feurichvienna\/\" \/>\n<meta property=\"article:modified_time\" content=\"2019-09-05T15:14:05+00:00\" \/>\n<meta name=\"twitter:card\" content=\"summary_large_image\" \/>\n<meta name=\"twitter:label1\" content=\"Dur\u00e9e de lecture estim\u00e9e\" \/>\n\t<meta name=\"twitter:data1\" content=\"4 minutes\" \/>\n<script type=\"application\/ld+json\" class=\"yoast-schema-graph\">{\"@context\":\"https:\/\/schema.org\",\"@graph\":[{\"@type\":\"WebPage\",\"@id\":\"https:\/\/feurich.com\/fr\/a-propos-de-nous\/bailin-ernest-bittner\/\",\"url\":\"https:\/\/feurich.com\/fr\/a-propos-de-nous\/bailin-ernest-bittner\/\",\"name\":\"Bailin et Ernest Bittner - FEURICH\",\"isPartOf\":{\"@id\":\"https:\/\/feurich.com\/en\/#website\"},\"datePublished\":\"2018-03-17T02:26:14+00:00\",\"dateModified\":\"2019-09-05T15:14:05+00:00\",\"description\":\"Notre vision est la suivante : nous cherchons \u00e0 cr\u00e9er des pianos aux innovations significatives, et faire en sorte que le plus grand nombre possible de personnes aimant la musique dans le monde se r\u00e9jouissent de leur propre piano!\",\"breadcrumb\":{\"@id\":\"https:\/\/feurich.com\/fr\/a-propos-de-nous\/bailin-ernest-bittner\/#breadcrumb\"},\"inLanguage\":\"fr-FR\",\"potentialAction\":[{\"@type\":\"ReadAction\",\"target\":[\"https:\/\/feurich.com\/fr\/a-propos-de-nous\/bailin-ernest-bittner\/\"]}]},{\"@type\":\"BreadcrumbList\",\"@id\":\"https:\/\/feurich.com\/fr\/a-propos-de-nous\/bailin-ernest-bittner\/#breadcrumb\",\"itemListElement\":[{\"@type\":\"ListItem\",\"position\":1,\"name\":\"Home\",\"item\":\"https:\/\/feurich.com\/fr\/\"},{\"@type\":\"ListItem\",\"position\":2,\"name\":\"Notre \u00e9quipe\",\"item\":\"https:\/\/feurich.com\/fr\/a-propos-de-nous\/\"},{\"@type\":\"ListItem\",\"position\":3,\"name\":\"Bailin et Ernest Bittner\"}]},{\"@type\":\"WebSite\",\"@id\":\"https:\/\/feurich.com\/en\/#website\",\"url\":\"https:\/\/feurich.com\/en\/\",\"name\":\"FEURICH\",\"description\":\"A sound that connects\",\"publisher\":{\"@id\":\"https:\/\/feurich.com\/en\/#organization\"},\"potentialAction\":[{\"@type\":\"SearchAction\",\"target\":{\"@type\":\"EntryPoint\",\"urlTemplate\":\"https:\/\/feurich.com\/en\/?s={search_term_string}\"},\"query-input\":{\"@type\":\"PropertyValueSpecification\",\"valueRequired\":true,\"valueName\":\"search_term_string\"}}],\"inLanguage\":\"fr-FR\"},{\"@type\":\"Organization\",\"@id\":\"https:\/\/feurich.com\/en\/#organization\",\"name\":\"FEURICH\",\"url\":\"https:\/\/feurich.com\/en\/\",\"logo\":{\"@type\":\"ImageObject\",\"inLanguage\":\"fr-FR\",\"@id\":\"https:\/\/feurich.com\/en\/#\/schema\/logo\/image\/\",\"url\":\"https:\/\/feurich.com\/wp-content\/uploads\/logo.png\",\"contentUrl\":\"https:\/\/feurich.com\/wp-content\/uploads\/logo.png\",\"width\":354,\"height\":151,\"caption\":\"FEURICH\"},\"image\":{\"@id\":\"https:\/\/feurich.com\/en\/#\/schema\/logo\/image\/\"},\"sameAs\":[\"https:\/\/www.facebook.com\/feurichvienna\/\"]}]}<\/script>\n<!-- \/ Yoast SEO plugin. -->","yoast_head_json":{"title":"Bailin et Ernest Bittner - FEURICH","description":"Notre vision est la suivante : nous cherchons \u00e0 cr\u00e9er des pianos aux innovations significatives, et faire en sorte que le plus grand nombre possible de personnes aimant la musique dans le monde se r\u00e9jouissent de leur propre piano!","robots":{"index":"index","follow":"follow","max-snippet":"max-snippet:-1","max-image-preview":"max-image-preview:large","max-video-preview":"max-video-preview:-1"},"canonical":"https:\/\/feurich.com\/fr\/a-propos-de-nous\/bailin-ernest-bittner\/","og_locale":"fr_FR","og_type":"article","og_title":"Bailin et Ernest Bittner - FEURICH","og_description":"Notre vision est la suivante : nous cherchons \u00e0 cr\u00e9er des pianos aux innovations significatives, et faire en sorte que le plus grand nombre possible de personnes aimant la musique dans le monde se r\u00e9jouissent de leur propre piano!","og_url":"https:\/\/feurich.com\/fr\/a-propos-de-nous\/bailin-ernest-bittner\/","og_site_name":"FEURICH","article_publisher":"https:\/\/www.facebook.com\/feurichvienna\/","article_modified_time":"2019-09-05T15:14:05+00:00","twitter_card":"summary_large_image","twitter_misc":{"Dur\u00e9e de lecture estim\u00e9e":"4 minutes"},"schema":{"@context":"https:\/\/schema.org","@graph":[{"@type":"WebPage","@id":"https:\/\/feurich.com\/fr\/a-propos-de-nous\/bailin-ernest-bittner\/","url":"https:\/\/feurich.com\/fr\/a-propos-de-nous\/bailin-ernest-bittner\/","name":"Bailin et Ernest Bittner - FEURICH","isPartOf":{"@id":"https:\/\/feurich.com\/en\/#website"},"datePublished":"2018-03-17T02:26:14+00:00","dateModified":"2019-09-05T15:14:05+00:00","description":"Notre vision est la suivante : nous cherchons \u00e0 cr\u00e9er des pianos aux innovations significatives, et faire en sorte que le plus grand nombre possible de personnes aimant la musique dans le monde se r\u00e9jouissent de leur propre piano!","breadcrumb":{"@id":"https:\/\/feurich.com\/fr\/a-propos-de-nous\/bailin-ernest-bittner\/#breadcrumb"},"inLanguage":"fr-FR","potentialAction":[{"@type":"ReadAction","target":["https:\/\/feurich.com\/fr\/a-propos-de-nous\/bailin-ernest-bittner\/"]}]},{"@type":"BreadcrumbList","@id":"https:\/\/feurich.com\/fr\/a-propos-de-nous\/bailin-ernest-bittner\/#breadcrumb","itemListElement":[{"@type":"ListItem","position":1,"name":"Home","item":"https:\/\/feurich.com\/fr\/"},{"@type":"ListItem","position":2,"name":"Notre \u00e9quipe","item":"https:\/\/feurich.com\/fr\/a-propos-de-nous\/"},{"@type":"ListItem","position":3,"name":"Bailin et Ernest Bittner"}]},{"@type":"WebSite","@id":"https:\/\/feurich.com\/en\/#website","url":"https:\/\/feurich.com\/en\/","name":"FEURICH","description":"A sound that connects","publisher":{"@id":"https:\/\/feurich.com\/en\/#organization"},"potentialAction":[{"@type":"SearchAction","target":{"@type":"EntryPoint","urlTemplate":"https:\/\/feurich.com\/en\/?s={search_term_string}"},"query-input":{"@type":"PropertyValueSpecification","valueRequired":true,"valueName":"search_term_string"}}],"inLanguage":"fr-FR"},{"@type":"Organization","@id":"https:\/\/feurich.com\/en\/#organization","name":"FEURICH","url":"https:\/\/feurich.com\/en\/","logo":{"@type":"ImageObject","inLanguage":"fr-FR","@id":"https:\/\/feurich.com\/en\/#\/schema\/logo\/image\/","url":"https:\/\/feurich.com\/wp-content\/uploads\/logo.png","contentUrl":"https:\/\/feurich.com\/wp-content\/uploads\/logo.png","width":354,"height":151,"caption":"FEURICH"},"image":{"@id":"https:\/\/feurich.com\/en\/#\/schema\/logo\/image\/"},"sameAs":["https:\/\/www.facebook.com\/feurichvienna\/"]}]}},"_links":{"self":[{"href":"https:\/\/feurich.com\/fr\/wp-json\/wp\/v2\/pages\/13272","targetHints":{"allow":["GET"]}}],"collection":[{"href":"https:\/\/feurich.com\/fr\/wp-json\/wp\/v2\/pages"}],"about":[{"href":"https:\/\/feurich.com\/fr\/wp-json\/wp\/v2\/types\/page"}],"author":[{"embeddable":true,"href":"https:\/\/feurich.com\/fr\/wp-json\/wp\/v2\/users\/4"}],"replies":[{"embeddable":true,"href":"https:\/\/feurich.com\/fr\/wp-json\/wp\/v2\/comments?post=13272"}],"version-history":[{"count":9,"href":"https:\/\/feurich.com\/fr\/wp-json\/wp\/v2\/pages\/13272\/revisions"}],"predecessor-version":[{"id":26148,"href":"https:\/\/feurich.com\/fr\/wp-json\/wp\/v2\/pages\/13272\/revisions\/26148"}],"up":[{"embeddable":true,"href":"https:\/\/feurich.com\/fr\/wp-json\/wp\/v2\/pages\/11860"}],"wp:attachment":[{"href":"https:\/\/feurich.com\/fr\/wp-json\/wp\/v2\/media?parent=13272"}],"curies":[{"name":"wp","href":"https:\/\/api.w.org\/{rel}","templated":true}]}}