{"id":13267,"date":"2018-03-17T02:23:28","date_gmt":"2018-03-17T02:23:28","guid":{"rendered":"https:\/\/www.feurich.com\/accessoires\/systeme-silencieux\/"},"modified":"2021-12-06T16:30:46","modified_gmt":"2021-12-06T16:30:46","slug":"systeme-silencieux","status":"publish","type":"page","link":"https:\/\/feurich.com\/fr\/produits\/accessoires\/systeme-silencieux\/","title":{"rendered":"Syst\u00e8me silencieux"},"content":{"rendered":"<div class=\"wpb-content-wrapper\"><p>[vc_row bg_type=\u00a0\u00bbimage\u00a0\u00bb parallax_style=\u00a0\u00bbvcpb-default\u00a0\u00bb bg_image_new=\u00a0\u00bbid^521|url^\/wp-content\/uploads\/2017\/08\/home-fon-bl3.jpg|caption^null|alt^null|title^home-fon-bl3|description^null\u00a0\u00bb bg_image_repeat=\u00a0\u00bbno-repeat\u00a0\u00bb bg_override=\u00a0\u00bbfull\u00a0\u00bb][vc_column 0=\u00a0\u00bb\u00a0\u00bb][vc_empty_space height=\u00a0\u00bb5px\u00a0\u00bb][vc_row_inner 0=\u00a0\u00bb\u00a0\u00bb][vc_column_inner width=\u00a0\u00bb1\/6&Prime;][\/vc_column_inner][vc_column_inner width=\u00a0\u00bb4\/6&Prime;][vc_column_text el_class=\u00a0\u00bbbig-title\u00a0\u00bb css=\u00a0\u00bb.vc_custom_1510697432437{margin-bottom: 15px !important;}\u00a0\u00bb]<\/p>\n<p>[\/vc_column_text][vc_column_text 0=\u00a0\u00bb\u00a0\u00bb][\/vc_column_text][\/vc_column_inner][vc_column_inner width=\u00a0\u00bb1\/6&Prime;][\/vc_column_inner][\/vc_row_inner][vc_empty_space 0=\u00a0\u00bb\u00a0\u00bb][\/vc_column][\/vc_row][vc_row 0=\u00a0\u00bb\u00a0\u00bb][vc_column width=\u00a0\u00bb1\/3&Prime;][vc_single_image image=\u00a0\u00bb3115&Prime; img_size=\u00a0\u00bb360&#215;260&Prime; alignment=\u00a0\u00bbcenter\u00a0\u00bb css=\u00a0\u00bb.vc_custom_1510697163610{margin-bottom: 10px !important;}\u00a0\u00bb][\/vc_column][vc_column width=\u00a0\u00bb2\/3&Prime;][vc_column_text]<br \/>\n<strong>VOS VOISINS NE SE SENTIRONT PLUS DERANGES<\/strong><br \/>\n[\/vc_column_text][vc_empty_space height=\u00a0\u00bb24px\u00a0\u00bb][vc_column_text 0=\u00a0\u00bb\u00a0\u00bb]Avec le \u00ab\u00a0Real Touch Silencer System\u00a0\u00bb d\u00e9velopp\u00e9 par nos soins, vous pouvez couper compl\u00e8tement votre instrument et entendre le son via un casque. Cela devient un divertissement discret!<\/p>\n<p>Le syst\u00e8me Silencer s&rsquo;adapte \u00e0 tous les mod\u00e8les FEURICH. Il peut \u00e9galement \u00eatre install\u00e9 sur la plupart des mod\u00e8les d&rsquo;autres fabricants.[\/vc_column_text][\/vc_column][\/vc_row][vc_row][vc_column width=\u00a0\u00bb1\/3&Prime;][\/vc_column][vc_column width=\u00a0\u00bb2\/3&Prime;][vc_column_text]Fini le son ind\u00e9sirable pour votre entourage pendant vos heures d&rsquo;entra\u00eenement! Gr\u00e2ce \u00e0 notre \u00ab\u00a0Real Touch Silencer System\u00a0\u00bb sp\u00e9cialement d\u00e9velopp\u00e9, les pianistes peuvent d\u00e9sormais s&rsquo;entrainer sans probl\u00e8me pendant la nuit. Le mode Mute vous permet d&rsquo;\u00e9teindre compl\u00e8tement votre instrument et d&rsquo;entendre le son \u00e0 travers les \u00e9couteurs. Le piano peut \u00eatre facilement d\u00e9sactiv\u00e9 sans avoir \u00e0 le verrouiller. Les petits ne sont donc pas tent\u00e9s de marteler fort sur le piano.<\/p>\n<p>POUR PIANOS<br \/>\nLe syst\u00e8me Silencer peut \u00eatre install\u00e9 dans tous nos mod\u00e8les de piano. Il peut \u00e9galement \u00eatre adapt\u00e9 aux mod\u00e8les d&rsquo;autres fabricants. Ce n&rsquo;est qu&rsquo;avec des pianinos extr\u00eamement petits que des solutions individuelles deviennent parfois n\u00e9cessaires pour des raisons d&rsquo;espace.<\/p>\n<p>POUR PIANOS A QUEUE<br \/>\nSyst\u00e8me Silencer avec barre d&rsquo;arr\u00eat pour presque toutes les ailes de tous les fabricants. Le d\u00e9clenchement est r\u00e9gl\u00e9 \u00e0 6-8 mm des cordes.<\/p>\n<p>Nous serions heureux de vous conseiller personnellement sur notre offre vari\u00e9e. &gt;&gt; contact[\/vc_column_text][\/vc_column][\/vc_row]<\/p>\n<\/div>","protected":false},"excerpt":{"rendered":"<p>Jouez en mode silencieux gr\u00e2ce \u00e0 un casque &#8211; sans perte de qualit\u00e9.<\/p>\n","protected":false},"author":7,"featured_media":3115,"parent":11952,"menu_order":0,"comment_status":"closed","ping_status":"closed","template":"template-fullwidth.php","meta":{"inline_featured_image":false,"footnotes":""},"class_list":["post-13267","page","type-page","status-publish","has-post-thumbnail","hentry"],"acf":[],"yoast_head":"<!-- This site is optimized with the Yoast SEO plugin v24.4 - https:\/\/yoast.com\/wordpress\/plugins\/seo\/ -->\n<title>Syst\u00e8me silencieux - FEURICH<\/title>\n<meta name=\"description\" content=\"Vos voisins (qui ne sont pas m\u00e9lomanes) ne se sentiront plus d\u00e9rang\u00e9s gr\u00e2ce \u00e0 notre syst\u00e8me Real Touch Silencer: jouez en mode silencieux avec vos \u00e9couteurs - sans perte de qualit\u00e9!\" \/>\n<meta name=\"robots\" content=\"index, follow, max-snippet:-1, max-image-preview:large, max-video-preview:-1\" \/>\n<link rel=\"canonical\" href=\"https:\/\/feurich.com\/fr\/produits\/accessoires\/systeme-silencieux\/\" \/>\n<meta property=\"og:locale\" content=\"fr_FR\" \/>\n<meta property=\"og:type\" content=\"article\" \/>\n<meta property=\"og:title\" content=\"Syst\u00e8me silencieux - FEURICH\" \/>\n<meta property=\"og:description\" content=\"Vos voisins (qui ne sont pas m\u00e9lomanes) ne se sentiront plus d\u00e9rang\u00e9s gr\u00e2ce \u00e0 notre syst\u00e8me Real Touch Silencer: jouez en mode silencieux avec vos \u00e9couteurs - sans perte de qualit\u00e9!\" \/>\n<meta property=\"og:url\" content=\"https:\/\/feurich.com\/fr\/produits\/accessoires\/systeme-silencieux\/\" \/>\n<meta property=\"og:site_name\" content=\"FEURICH\" \/>\n<meta property=\"article:publisher\" content=\"https:\/\/www.facebook.com\/feurichvienna\/\" \/>\n<meta property=\"article:modified_time\" content=\"2021-12-06T16:30:46+00:00\" \/>\n<meta property=\"og:image\" content=\"https:\/\/feurich.com\/wp-content\/uploads\/FEURICH_Silencer_on_1_web.jpg\" \/>\n\t<meta property=\"og:image:width\" content=\"1024\" \/>\n\t<meta property=\"og:image:height\" content=\"683\" \/>\n\t<meta property=\"og:image:type\" content=\"image\/jpeg\" \/>\n<meta name=\"twitter:card\" content=\"summary_large_image\" \/>\n<meta name=\"twitter:label1\" content=\"Dur\u00e9e de lecture estim\u00e9e\" \/>\n\t<meta name=\"twitter:data1\" content=\"2 minutes\" \/>\n<script type=\"application\/ld+json\" class=\"yoast-schema-graph\">{\"@context\":\"https:\/\/schema.org\",\"@graph\":[{\"@type\":\"WebPage\",\"@id\":\"https:\/\/feurich.com\/fr\/produits\/accessoires\/systeme-silencieux\/\",\"url\":\"https:\/\/feurich.com\/fr\/produits\/accessoires\/systeme-silencieux\/\",\"name\":\"Syst\u00e8me silencieux - FEURICH\",\"isPartOf\":{\"@id\":\"https:\/\/feurich.com\/en\/#website\"},\"primaryImageOfPage\":{\"@id\":\"https:\/\/feurich.com\/fr\/produits\/accessoires\/systeme-silencieux\/#primaryimage\"},\"image\":{\"@id\":\"https:\/\/feurich.com\/fr\/produits\/accessoires\/systeme-silencieux\/#primaryimage\"},\"thumbnailUrl\":\"https:\/\/feurich.com\/wp-content\/uploads\/FEURICH_Silencer_on_1_web.jpg\",\"datePublished\":\"2018-03-17T02:23:28+00:00\",\"dateModified\":\"2021-12-06T16:30:46+00:00\",\"description\":\"Vos voisins (qui ne sont pas m\u00e9lomanes) ne se sentiront plus d\u00e9rang\u00e9s gr\u00e2ce \u00e0 notre syst\u00e8me Real Touch Silencer: jouez en mode silencieux avec vos \u00e9couteurs - sans perte de qualit\u00e9!\",\"breadcrumb\":{\"@id\":\"https:\/\/feurich.com\/fr\/produits\/accessoires\/systeme-silencieux\/#breadcrumb\"},\"inLanguage\":\"fr-FR\",\"potentialAction\":[{\"@type\":\"ReadAction\",\"target\":[\"https:\/\/feurich.com\/fr\/produits\/accessoires\/systeme-silencieux\/\"]}]},{\"@type\":\"ImageObject\",\"inLanguage\":\"fr-FR\",\"@id\":\"https:\/\/feurich.com\/fr\/produits\/accessoires\/systeme-silencieux\/#primaryimage\",\"url\":\"https:\/\/feurich.com\/wp-content\/uploads\/FEURICH_Silencer_on_1_web.jpg\",\"contentUrl\":\"https:\/\/feurich.com\/wp-content\/uploads\/FEURICH_Silencer_on_1_web.jpg\",\"width\":1024,\"height\":683,\"caption\":\"FEURICH_Silencer\"},{\"@type\":\"BreadcrumbList\",\"@id\":\"https:\/\/feurich.com\/fr\/produits\/accessoires\/systeme-silencieux\/#breadcrumb\",\"itemListElement\":[{\"@type\":\"ListItem\",\"position\":1,\"name\":\"Home\",\"item\":\"https:\/\/feurich.com\/fr\/\"},{\"@type\":\"ListItem\",\"position\":2,\"name\":\"Produits\",\"item\":\"https:\/\/feurich.com\/fr\/produits\/\"},{\"@type\":\"ListItem\",\"position\":3,\"name\":\"Accessoires\",\"item\":\"https:\/\/feurich.com\/fr\/produits\/accessoires\/\"},{\"@type\":\"ListItem\",\"position\":4,\"name\":\"Syst\u00e8me silencieux\"}]},{\"@type\":\"WebSite\",\"@id\":\"https:\/\/feurich.com\/en\/#website\",\"url\":\"https:\/\/feurich.com\/en\/\",\"name\":\"FEURICH\",\"description\":\"A sound that connects\",\"publisher\":{\"@id\":\"https:\/\/feurich.com\/en\/#organization\"},\"potentialAction\":[{\"@type\":\"SearchAction\",\"target\":{\"@type\":\"EntryPoint\",\"urlTemplate\":\"https:\/\/feurich.com\/en\/?s={search_term_string}\"},\"query-input\":{\"@type\":\"PropertyValueSpecification\",\"valueRequired\":true,\"valueName\":\"search_term_string\"}}],\"inLanguage\":\"fr-FR\"},{\"@type\":\"Organization\",\"@id\":\"https:\/\/feurich.com\/en\/#organization\",\"name\":\"FEURICH\",\"url\":\"https:\/\/feurich.com\/en\/\",\"logo\":{\"@type\":\"ImageObject\",\"inLanguage\":\"fr-FR\",\"@id\":\"https:\/\/feurich.com\/en\/#\/schema\/logo\/image\/\",\"url\":\"https:\/\/feurich.com\/wp-content\/uploads\/logo.png\",\"contentUrl\":\"https:\/\/feurich.com\/wp-content\/uploads\/logo.png\",\"width\":354,\"height\":151,\"caption\":\"FEURICH\"},\"image\":{\"@id\":\"https:\/\/feurich.com\/en\/#\/schema\/logo\/image\/\"},\"sameAs\":[\"https:\/\/www.facebook.com\/feurichvienna\/\"]}]}<\/script>\n<!-- \/ Yoast SEO plugin. -->","yoast_head_json":{"title":"Syst\u00e8me silencieux - FEURICH","description":"Vos voisins (qui ne sont pas m\u00e9lomanes) ne se sentiront plus d\u00e9rang\u00e9s gr\u00e2ce \u00e0 notre syst\u00e8me Real Touch Silencer: jouez en mode silencieux avec vos \u00e9couteurs - sans perte de qualit\u00e9!","robots":{"index":"index","follow":"follow","max-snippet":"max-snippet:-1","max-image-preview":"max-image-preview:large","max-video-preview":"max-video-preview:-1"},"canonical":"https:\/\/feurich.com\/fr\/produits\/accessoires\/systeme-silencieux\/","og_locale":"fr_FR","og_type":"article","og_title":"Syst\u00e8me silencieux - FEURICH","og_description":"Vos voisins (qui ne sont pas m\u00e9lomanes) ne se sentiront plus d\u00e9rang\u00e9s gr\u00e2ce \u00e0 notre syst\u00e8me Real Touch Silencer: jouez en mode silencieux avec vos \u00e9couteurs - sans perte de qualit\u00e9!","og_url":"https:\/\/feurich.com\/fr\/produits\/accessoires\/systeme-silencieux\/","og_site_name":"FEURICH","article_publisher":"https:\/\/www.facebook.com\/feurichvienna\/","article_modified_time":"2021-12-06T16:30:46+00:00","og_image":[{"width":1024,"height":683,"url":"https:\/\/feurich.com\/wp-content\/uploads\/FEURICH_Silencer_on_1_web.jpg","type":"image\/jpeg"}],"twitter_card":"summary_large_image","twitter_misc":{"Dur\u00e9e de lecture estim\u00e9e":"2 minutes"},"schema":{"@context":"https:\/\/schema.org","@graph":[{"@type":"WebPage","@id":"https:\/\/feurich.com\/fr\/produits\/accessoires\/systeme-silencieux\/","url":"https:\/\/feurich.com\/fr\/produits\/accessoires\/systeme-silencieux\/","name":"Syst\u00e8me silencieux - FEURICH","isPartOf":{"@id":"https:\/\/feurich.com\/en\/#website"},"primaryImageOfPage":{"@id":"https:\/\/feurich.com\/fr\/produits\/accessoires\/systeme-silencieux\/#primaryimage"},"image":{"@id":"https:\/\/feurich.com\/fr\/produits\/accessoires\/systeme-silencieux\/#primaryimage"},"thumbnailUrl":"https:\/\/feurich.com\/wp-content\/uploads\/FEURICH_Silencer_on_1_web.jpg","datePublished":"2018-03-17T02:23:28+00:00","dateModified":"2021-12-06T16:30:46+00:00","description":"Vos voisins (qui ne sont pas m\u00e9lomanes) ne se sentiront plus d\u00e9rang\u00e9s gr\u00e2ce \u00e0 notre syst\u00e8me Real Touch Silencer: jouez en mode silencieux avec vos \u00e9couteurs - sans perte de qualit\u00e9!","breadcrumb":{"@id":"https:\/\/feurich.com\/fr\/produits\/accessoires\/systeme-silencieux\/#breadcrumb"},"inLanguage":"fr-FR","potentialAction":[{"@type":"ReadAction","target":["https:\/\/feurich.com\/fr\/produits\/accessoires\/systeme-silencieux\/"]}]},{"@type":"ImageObject","inLanguage":"fr-FR","@id":"https:\/\/feurich.com\/fr\/produits\/accessoires\/systeme-silencieux\/#primaryimage","url":"https:\/\/feurich.com\/wp-content\/uploads\/FEURICH_Silencer_on_1_web.jpg","contentUrl":"https:\/\/feurich.com\/wp-content\/uploads\/FEURICH_Silencer_on_1_web.jpg","width":1024,"height":683,"caption":"FEURICH_Silencer"},{"@type":"BreadcrumbList","@id":"https:\/\/feurich.com\/fr\/produits\/accessoires\/systeme-silencieux\/#breadcrumb","itemListElement":[{"@type":"ListItem","position":1,"name":"Home","item":"https:\/\/feurich.com\/fr\/"},{"@type":"ListItem","position":2,"name":"Produits","item":"https:\/\/feurich.com\/fr\/produits\/"},{"@type":"ListItem","position":3,"name":"Accessoires","item":"https:\/\/feurich.com\/fr\/produits\/accessoires\/"},{"@type":"ListItem","position":4,"name":"Syst\u00e8me silencieux"}]},{"@type":"WebSite","@id":"https:\/\/feurich.com\/en\/#website","url":"https:\/\/feurich.com\/en\/","name":"FEURICH","description":"A sound that connects","publisher":{"@id":"https:\/\/feurich.com\/en\/#organization"},"potentialAction":[{"@type":"SearchAction","target":{"@type":"EntryPoint","urlTemplate":"https:\/\/feurich.com\/en\/?s={search_term_string}"},"query-input":{"@type":"PropertyValueSpecification","valueRequired":true,"valueName":"search_term_string"}}],"inLanguage":"fr-FR"},{"@type":"Organization","@id":"https:\/\/feurich.com\/en\/#organization","name":"FEURICH","url":"https:\/\/feurich.com\/en\/","logo":{"@type":"ImageObject","inLanguage":"fr-FR","@id":"https:\/\/feurich.com\/en\/#\/schema\/logo\/image\/","url":"https:\/\/feurich.com\/wp-content\/uploads\/logo.png","contentUrl":"https:\/\/feurich.com\/wp-content\/uploads\/logo.png","width":354,"height":151,"caption":"FEURICH"},"image":{"@id":"https:\/\/feurich.com\/en\/#\/schema\/logo\/image\/"},"sameAs":["https:\/\/www.facebook.com\/feurichvienna\/"]}]}},"_links":{"self":[{"href":"https:\/\/feurich.com\/fr\/wp-json\/wp\/v2\/pages\/13267","targetHints":{"allow":["GET"]}}],"collection":[{"href":"https:\/\/feurich.com\/fr\/wp-json\/wp\/v2\/pages"}],"about":[{"href":"https:\/\/feurich.com\/fr\/wp-json\/wp\/v2\/types\/page"}],"author":[{"embeddable":true,"href":"https:\/\/feurich.com\/fr\/wp-json\/wp\/v2\/users\/7"}],"replies":[{"embeddable":true,"href":"https:\/\/feurich.com\/fr\/wp-json\/wp\/v2\/comments?post=13267"}],"version-history":[{"count":6,"href":"https:\/\/feurich.com\/fr\/wp-json\/wp\/v2\/pages\/13267\/revisions"}],"predecessor-version":[{"id":56067,"href":"https:\/\/feurich.com\/fr\/wp-json\/wp\/v2\/pages\/13267\/revisions\/56067"}],"up":[{"embeddable":true,"href":"https:\/\/feurich.com\/fr\/wp-json\/wp\/v2\/pages\/11952"}],"wp:featuredmedia":[{"embeddable":true,"href":"https:\/\/feurich.com\/fr\/wp-json\/wp\/v2\/media\/3115"}],"wp:attachment":[{"href":"https:\/\/feurich.com\/fr\/wp-json\/wp\/v2\/media?parent=13267"}],"curies":[{"name":"wp","href":"https:\/\/api.w.org\/{rel}","templated":true}]}}