{"id":13124,"date":"2017-12-06T09:25:23","date_gmt":"2017-12-06T09:25:23","guid":{"rendered":"https:\/\/www.feurich.com\/questions-sur-le-numero-de-serie\/"},"modified":"2023-12-25T16:47:52","modified_gmt":"2023-12-25T16:47:52","slug":"questions-sur-le-numero-de-serie","status":"publish","type":"page","link":"https:\/\/feurich.com\/fr\/information-contact\/questions-sur-le-numero-de-serie\/","title":{"rendered":"DEMANDE DU NUMERO DE SERIE"},"content":{"rendered":"<div class=\"wpb-content-wrapper\"><p>[vc_row][vc_column][vc_empty_space][vc_column_text el_class=\u00a0\u00bbbig-title\u00a0\u00bb]<\/p>\n<p style=\"text-align: center;\">Demande du num\u00e9ro de s\u00e9rie<\/p>\n<p>[\/vc_column_text][vc_empty_space][\/vc_column][\/vc_row][vc_row 0=\u00a0\u00bb\u00a0\u00bb][vc_column width=\u00a0\u00bb1\/4&Prime;][vc_column_text]<\/p>\n<div id=\"brand-details\"><\/div>\n<p>[\/vc_column_text][\/vc_column][vc_column 0=\u00a0\u00bb\u00a0\u00bb width=\u00a0\u00bb1\/2&Prime;][vc_column_text]<\/p>\n<h4><strong>Quel \u00e2ge \u00e0 mon piano ?<\/strong><\/h4>\n<p>Ici, vous pouvez facilement retrouver l\u2019ann\u00e9e de production de votre piano gr\u00e2ce au num\u00e9ro de s\u00e9rie. Indiquez la marque et saisissez ce num\u00e9ro\u00a0 !<\/p>\n<p>(Le tra\u00e7age du num\u00e9ro de s\u00e9rie ne fonctionne que pour les pianos acoustiques)[\/vc_column_text][vc_empty_space][vc_column_text]<label for=\"brands-list\">Marque\n<\/label><br\/>\n\n<select id=\"brands-list\" name=\"brands-list\" style=\"width:100%;\">\n<option title=\"Chargement des marques ...\" value=\"-1\">Chargement des marques ...<\/option>\n<\/select><br\/><br\/>\n\n<label for=\"serial-number\">Num\u00e9ro de s\u00e9rie<\/label><br\/>\n<input id=\"serial-number\" name=\"serial-niumber\" type=\"text\" placeholder=\"Saisissez le num\u00e9ro de s\u00e9rie\" style=\"width:100%;\"\/><br\/><br\/>\n\n<input id=\"submit-button\" type=\"submit\" value=\"Rechercher\"\/>\n<div id=\"sn-details\"\/><script>\n\nfunction scrollToDetails() {\n  var target = jQuery(\"#sn-details\");\n  \/\/ Does a scroll target exist?\n  if (target.length) {\n    \/\/ Only prevent default if animation is actually gonna happen\n    event.preventDefault();\n    jQuery(\"html, body\").animate({\n      scrollTop: target.offset().top\n    }, 1000, function() {\n      \/\/ Callback after animation\n      \/\/ Must change focus!\n      var $target = jQuery(target);\n      $target.focus();\n      if ($target.is(\":focus\")) { \/\/ Checking if the target was focused\n        return false;\n      } else {\n        $target.attr(\"tabindex\", \"-1\"); \/\/ Adding tabindex for elements not focusable\n        $target.focus(); \/\/ Set focus again\n      };\n    });\n  }\n}\n\njQuery(\"#submit-button\").click(function () {\njQuery(\"#sn-details\").html(\"\");\nvar xhr = jQuery.ajax({\n\turl: \"https:\/\/api.feurich.com\/index.php\/brands\/\" + jQuery(\"#brands-list\").val() + \"\/\" + jQuery(\"#serial-number\").val(),\n\t}).done(function( data, textStatus, jqXHR ) {\n                var info = JSON.parse(data);\n                var infostr = \"<strong>Produktionsjahr: <\/strong>\" + info.yearofproduction;\n                if (info.details)\n                {\n                   if (info.details.productname)\n                      infostr += \"<br\/><strong>Produkt: <\/strong>\" + info.details.productname;\n                   if (info.details.color)\n                      infostr += \"<br\/><strong>Farbe: <\/strong>\" + info.details.color;\n                   if (info.details.description)\n                      infostr += \"<br\/><strong>Beschreibung: <\/strong>\" + info.details.description;\n                }\n                jQuery(\"#sn-details\").html(infostr);\n                 scrollToDetails();\n\n\t})\n\t.fail(function( jqXHR, textStatus, errorThrown ) {\nif (jqXHR.status == \"404\")\n   jQuery(\"#sn-details\").html(\"Keine Daten gefunden\");\nelse\n\t\tjQuery(\"#sn-details\").html(\"Erreur: \" + jqXHR.responseText);\n                scrollToDetails();\n\t});\n});\n\nvar xhr = jQuery.ajax({\n\turl: \"https:\/\/api.feurich.com\/index.php\/brands\",\n\t}).done(function( data, textStatus, jqXHR ) {\njQuery(\"#brands-list option[value='-1']\").remove();\n                var brands = JSON.parse(data);\n\n                for (var i = 0; i < brands.length; i++)\n\t\t     jQuery(\"#brands-list\")\n                        .append(jQuery(\"<option><\/option>\")\n                          .attr(\"value\",brands[i].id)\n                          .text(brands[i].brandname));\n\njQuery(\"#brands-list option\").each(function() {\n  if(jQuery(this).text() == \"FEURICH\") {\n    jQuery(this).attr(\"selected\", \"selected\");            \n  }                        \n});\n\n\t})\n\t.fail(function( jqXHR, textStatus, errorThrown ) {\njQuery(\"#brands-list option[value='-1']\").remove();\n jQuery(\"#brands-list\")\n                        .append(jQuery(\"<option><\/option>\")\n                          .attr(\"value\", \"\")\n                          .text(\"---  \u00e9chec ---\"));\n\t\tjQuery(\"#sn-details\").html(\"Erreur: \" + errorThrown);\n                scrollToDetails();\n\t});\n\n<\/script>[\/vc_column_text][vc_empty_space][vc_column_text css_animation=\u00a0\u00bbnone\u00a0\u00bb]<\/p>\n<h4 style=\"text-align: center;\"><span style=\"font-size: 18pt;\"><strong>NOUVEAU !<\/strong><\/span><\/h4>\n<p>Nous avons d\u00e9velopp\u00e9 notre propre application, pour que vous puissiez retrouver les num\u00e9ros de s\u00e9rie sur vos appareils.<\/p>\n<p>Vous pouvez t\u00e9l\u00e9charger l\u2019App pour <a href=\"https:\/\/itunes.apple.com\/at\/app\/piano-seriennummern\/id1460126874\" target=\"_blank\" rel=\"noopener\">iOS <\/a>ou <a href=\"https:\/\/play.google.com\/store\/apps\/details?id=com.riecken.feurichserialnumber\" target=\"_blank\" rel=\"noopener\">Android.<\/a>[\/vc_column_text][vc_empty_space][vc_single_image image=\u00a0\u00bb24437&Prime; onclick=\u00a0\u00bbcustom_link\u00a0\u00bb img_link_target=\u00a0\u00bb_blank\u00a0\u00bb][\/vc_column][vc_column width=\u00a0\u00bb1\/4&Prime;][\/vc_column][\/vc_row]<\/p>\n<\/div>","protected":false},"excerpt":{"rendered":"<p>Vous pouvez facilement retrouver l\u2019ann\u00e9e de production de votre piano gr\u00e2ce au num\u00e9ro de s\u00e9rie &#8211; t\u00e9l\u00e9charger l\u2019App pour IOS ou Android!<\/p>\n","protected":false},"author":4,"featured_media":0,"parent":13323,"menu_order":0,"comment_status":"closed","ping_status":"closed","template":"template-fullwidth.php","meta":{"inline_featured_image":false,"footnotes":""},"class_list":["post-13124","page","type-page","status-publish","hentry"],"acf":[],"yoast_head":"<!-- This site is optimized with the Yoast SEO plugin v24.4 - https:\/\/yoast.com\/wordpress\/plugins\/seo\/ -->\n<title>DEMANDE DU NUMERO DE SERIE - FEURICH<\/title>\n<meta name=\"description\" content=\"Vous pouvez facilement retrouver l\u2019ann\u00e9e de production de votre piano gr\u00e2ce au num\u00e9ro de s\u00e9rie - t\u00e9l\u00e9charger l\u2019App pour IOS ou Android!\" \/>\n<meta name=\"robots\" content=\"index, follow, max-snippet:-1, max-image-preview:large, max-video-preview:-1\" \/>\n<link rel=\"canonical\" href=\"https:\/\/feurich.com\/fr\/information-contact\/questions-sur-le-numero-de-serie\/\" \/>\n<meta property=\"og:locale\" content=\"fr_FR\" \/>\n<meta property=\"og:type\" content=\"article\" \/>\n<meta property=\"og:title\" content=\"DEMANDE DU NUMERO DE SERIE - FEURICH\" \/>\n<meta property=\"og:description\" content=\"Vous pouvez facilement retrouver l\u2019ann\u00e9e de production de votre piano gr\u00e2ce au num\u00e9ro de s\u00e9rie - t\u00e9l\u00e9charger l\u2019App pour IOS ou Android!\" \/>\n<meta property=\"og:url\" content=\"https:\/\/feurich.com\/fr\/information-contact\/questions-sur-le-numero-de-serie\/\" \/>\n<meta property=\"og:site_name\" content=\"FEURICH\" \/>\n<meta property=\"article:publisher\" content=\"https:\/\/www.facebook.com\/feurichvienna\/\" \/>\n<meta property=\"article:modified_time\" content=\"2023-12-25T16:47:52+00:00\" \/>\n<meta name=\"twitter:card\" content=\"summary_large_image\" \/>\n<meta name=\"twitter:label1\" content=\"Dur\u00e9e de lecture estim\u00e9e\" \/>\n\t<meta name=\"twitter:data1\" content=\"1 minute\" \/>\n<script type=\"application\/ld+json\" class=\"yoast-schema-graph\">{\"@context\":\"https:\/\/schema.org\",\"@graph\":[{\"@type\":\"WebPage\",\"@id\":\"https:\/\/feurich.com\/fr\/information-contact\/questions-sur-le-numero-de-serie\/\",\"url\":\"https:\/\/feurich.com\/fr\/information-contact\/questions-sur-le-numero-de-serie\/\",\"name\":\"DEMANDE DU NUMERO DE SERIE - FEURICH\",\"isPartOf\":{\"@id\":\"https:\/\/feurich.com\/en\/#website\"},\"datePublished\":\"2017-12-06T09:25:23+00:00\",\"dateModified\":\"2023-12-25T16:47:52+00:00\",\"description\":\"Vous pouvez facilement retrouver l\u2019ann\u00e9e de production de votre piano gr\u00e2ce au num\u00e9ro de s\u00e9rie - t\u00e9l\u00e9charger l\u2019App pour IOS ou Android!\",\"breadcrumb\":{\"@id\":\"https:\/\/feurich.com\/fr\/information-contact\/questions-sur-le-numero-de-serie\/#breadcrumb\"},\"inLanguage\":\"fr-FR\",\"potentialAction\":[{\"@type\":\"ReadAction\",\"target\":[\"https:\/\/feurich.com\/fr\/information-contact\/questions-sur-le-numero-de-serie\/\"]}]},{\"@type\":\"BreadcrumbList\",\"@id\":\"https:\/\/feurich.com\/fr\/information-contact\/questions-sur-le-numero-de-serie\/#breadcrumb\",\"itemListElement\":[{\"@type\":\"ListItem\",\"position\":1,\"name\":\"Home\",\"item\":\"https:\/\/feurich.com\/fr\/\"},{\"@type\":\"ListItem\",\"position\":2,\"name\":\"Contact\",\"item\":\"https:\/\/feurich.com\/fr\/information-contact\/\"},{\"@type\":\"ListItem\",\"position\":3,\"name\":\"DEMANDE DU NUMERO DE SERIE\"}]},{\"@type\":\"WebSite\",\"@id\":\"https:\/\/feurich.com\/en\/#website\",\"url\":\"https:\/\/feurich.com\/en\/\",\"name\":\"FEURICH\",\"description\":\"A sound that connects\",\"publisher\":{\"@id\":\"https:\/\/feurich.com\/en\/#organization\"},\"potentialAction\":[{\"@type\":\"SearchAction\",\"target\":{\"@type\":\"EntryPoint\",\"urlTemplate\":\"https:\/\/feurich.com\/en\/?s={search_term_string}\"},\"query-input\":{\"@type\":\"PropertyValueSpecification\",\"valueRequired\":true,\"valueName\":\"search_term_string\"}}],\"inLanguage\":\"fr-FR\"},{\"@type\":\"Organization\",\"@id\":\"https:\/\/feurich.com\/en\/#organization\",\"name\":\"FEURICH\",\"url\":\"https:\/\/feurich.com\/en\/\",\"logo\":{\"@type\":\"ImageObject\",\"inLanguage\":\"fr-FR\",\"@id\":\"https:\/\/feurich.com\/en\/#\/schema\/logo\/image\/\",\"url\":\"https:\/\/feurich.com\/wp-content\/uploads\/logo.png\",\"contentUrl\":\"https:\/\/feurich.com\/wp-content\/uploads\/logo.png\",\"width\":354,\"height\":151,\"caption\":\"FEURICH\"},\"image\":{\"@id\":\"https:\/\/feurich.com\/en\/#\/schema\/logo\/image\/\"},\"sameAs\":[\"https:\/\/www.facebook.com\/feurichvienna\/\"]}]}<\/script>\n<!-- \/ Yoast SEO plugin. -->","yoast_head_json":{"title":"DEMANDE DU NUMERO DE SERIE - FEURICH","description":"Vous pouvez facilement retrouver l\u2019ann\u00e9e de production de votre piano gr\u00e2ce au num\u00e9ro de s\u00e9rie - t\u00e9l\u00e9charger l\u2019App pour IOS ou Android!","robots":{"index":"index","follow":"follow","max-snippet":"max-snippet:-1","max-image-preview":"max-image-preview:large","max-video-preview":"max-video-preview:-1"},"canonical":"https:\/\/feurich.com\/fr\/information-contact\/questions-sur-le-numero-de-serie\/","og_locale":"fr_FR","og_type":"article","og_title":"DEMANDE DU NUMERO DE SERIE - FEURICH","og_description":"Vous pouvez facilement retrouver l\u2019ann\u00e9e de production de votre piano gr\u00e2ce au num\u00e9ro de s\u00e9rie - t\u00e9l\u00e9charger l\u2019App pour IOS ou Android!","og_url":"https:\/\/feurich.com\/fr\/information-contact\/questions-sur-le-numero-de-serie\/","og_site_name":"FEURICH","article_publisher":"https:\/\/www.facebook.com\/feurichvienna\/","article_modified_time":"2023-12-25T16:47:52+00:00","twitter_card":"summary_large_image","twitter_misc":{"Dur\u00e9e de lecture estim\u00e9e":"1 minute"},"schema":{"@context":"https:\/\/schema.org","@graph":[{"@type":"WebPage","@id":"https:\/\/feurich.com\/fr\/information-contact\/questions-sur-le-numero-de-serie\/","url":"https:\/\/feurich.com\/fr\/information-contact\/questions-sur-le-numero-de-serie\/","name":"DEMANDE DU NUMERO DE SERIE - FEURICH","isPartOf":{"@id":"https:\/\/feurich.com\/en\/#website"},"datePublished":"2017-12-06T09:25:23+00:00","dateModified":"2023-12-25T16:47:52+00:00","description":"Vous pouvez facilement retrouver l\u2019ann\u00e9e de production de votre piano gr\u00e2ce au num\u00e9ro de s\u00e9rie - t\u00e9l\u00e9charger l\u2019App pour IOS ou Android!","breadcrumb":{"@id":"https:\/\/feurich.com\/fr\/information-contact\/questions-sur-le-numero-de-serie\/#breadcrumb"},"inLanguage":"fr-FR","potentialAction":[{"@type":"ReadAction","target":["https:\/\/feurich.com\/fr\/information-contact\/questions-sur-le-numero-de-serie\/"]}]},{"@type":"BreadcrumbList","@id":"https:\/\/feurich.com\/fr\/information-contact\/questions-sur-le-numero-de-serie\/#breadcrumb","itemListElement":[{"@type":"ListItem","position":1,"name":"Home","item":"https:\/\/feurich.com\/fr\/"},{"@type":"ListItem","position":2,"name":"Contact","item":"https:\/\/feurich.com\/fr\/information-contact\/"},{"@type":"ListItem","position":3,"name":"DEMANDE DU NUMERO DE SERIE"}]},{"@type":"WebSite","@id":"https:\/\/feurich.com\/en\/#website","url":"https:\/\/feurich.com\/en\/","name":"FEURICH","description":"A sound that connects","publisher":{"@id":"https:\/\/feurich.com\/en\/#organization"},"potentialAction":[{"@type":"SearchAction","target":{"@type":"EntryPoint","urlTemplate":"https:\/\/feurich.com\/en\/?s={search_term_string}"},"query-input":{"@type":"PropertyValueSpecification","valueRequired":true,"valueName":"search_term_string"}}],"inLanguage":"fr-FR"},{"@type":"Organization","@id":"https:\/\/feurich.com\/en\/#organization","name":"FEURICH","url":"https:\/\/feurich.com\/en\/","logo":{"@type":"ImageObject","inLanguage":"fr-FR","@id":"https:\/\/feurich.com\/en\/#\/schema\/logo\/image\/","url":"https:\/\/feurich.com\/wp-content\/uploads\/logo.png","contentUrl":"https:\/\/feurich.com\/wp-content\/uploads\/logo.png","width":354,"height":151,"caption":"FEURICH"},"image":{"@id":"https:\/\/feurich.com\/en\/#\/schema\/logo\/image\/"},"sameAs":["https:\/\/www.facebook.com\/feurichvienna\/"]}]}},"_links":{"self":[{"href":"https:\/\/feurich.com\/fr\/wp-json\/wp\/v2\/pages\/13124","targetHints":{"allow":["GET"]}}],"collection":[{"href":"https:\/\/feurich.com\/fr\/wp-json\/wp\/v2\/pages"}],"about":[{"href":"https:\/\/feurich.com\/fr\/wp-json\/wp\/v2\/types\/page"}],"author":[{"embeddable":true,"href":"https:\/\/feurich.com\/fr\/wp-json\/wp\/v2\/users\/4"}],"replies":[{"embeddable":true,"href":"https:\/\/feurich.com\/fr\/wp-json\/wp\/v2\/comments?post=13124"}],"version-history":[{"count":12,"href":"https:\/\/feurich.com\/fr\/wp-json\/wp\/v2\/pages\/13124\/revisions"}],"predecessor-version":[{"id":73600,"href":"https:\/\/feurich.com\/fr\/wp-json\/wp\/v2\/pages\/13124\/revisions\/73600"}],"up":[{"embeddable":true,"href":"https:\/\/feurich.com\/fr\/wp-json\/wp\/v2\/pages\/13323"}],"wp:attachment":[{"href":"https:\/\/feurich.com\/fr\/wp-json\/wp\/v2\/media?parent=13124"}],"curies":[{"name":"wp","href":"https:\/\/api.w.org\/{rel}","templated":true}]}}