{"id":12121,"date":"2018-02-24T08:32:48","date_gmt":"2018-02-24T08:32:48","guid":{"rendered":"https:\/\/www.feurich.com\/jorg-hauser\/"},"modified":"2018-09-18T23:50:30","modified_gmt":"2018-09-18T23:50:30","slug":"jorg-hauser","status":"publish","type":"page","link":"https:\/\/feurich.com\/fr\/a-propos-de-nous\/une-equipe-dexperts\/jorg-hauser\/","title":{"rendered":"J\u00f6rg Hauser"},"content":{"rendered":"<div class=\"wpb-content-wrapper\"><p>[vc_row 0=\u00a0\u00bb\u00a0\u00bb][vc_column 0=\u00a0\u00bb\u00a0\u00bb][vc_empty_space 0=\u00a0\u00bb\u00a0\u00bb][\/vc_column][\/vc_row][vc_row 0=\u00a0\u00bb\u00a0\u00bb][vc_column width=\u00a0\u00bb1\/3&Prime;][vc_single_image image=\u00a0\u00bb1052&Prime; img_size=\u00a0\u00bblarge\u00a0\u00bb][\/vc_column][vc_column width=\u00a0\u00bb2\/3&Prime;][vc_column_text el_class=\u00a0\u00bbbig-title\u00a0\u00bb]<br \/>\nJ\u00f6rg Hauser<br \/>\n[\/vc_column_text][vc_column_text 0=\u00a0\u00bb\u00a0\u00bb]<br \/>\nFacteur de pianos et de clavecins, Aldingen, Allemagne<\/p>\n<p>J\u00f6rg Hauser fait partie de l&rsquo;\u00e9quipe de d\u00e9veloppement technique de FEURICH et est \u00e0 l&rsquo;origine de nombreuses innovations sur les pianos FEURICH. Par exemple, le syst\u00e8me de p\u00e9dale innovant et le syst\u00e8me simplifi\u00e9 de\u00a0 d\u00e9montage du panneau du haut sont parmi ses grandes contributions \u00e0 la conception de nos piano modernes.<\/p>\n<p>J\u00f6rg Hauser est une rare technicienne pianiste qui non seulement fournit une exp\u00e9rience inestimable dans la production de piano moderne, mais qui dirige \u00e9galement un atelier de r\u00e9paration en plus de travailler comme un accordeur de concert recherch\u00e9 pour les conservatoires et les pianistes de renom. En outre, J\u00f6rg a d\u00e9velopp\u00e9 des m\u00e9thodes d&rsquo;harmonisation qui servent de norme pour beaucoup d&rsquo;autres techniciens de piano.<\/p>\n<p>Il a coordonn\u00e9 d&rsquo;importants projets techniques pour la production de FEURICH \u00e0 Ningbo et a \u00e9t\u00e9 impliqu\u00e9 dans de nombreuses modifications et am\u00e9liorations des pianos et des processus d&rsquo;assemblage.<br \/>\n[\/vc_column_text][\/vc_column][\/vc_row]<\/p>\n<\/div>","protected":false},"excerpt":{"rendered":"<p>[vc_row 0=\u00a0\u00bb\u00a0\u00bb][vc_column 0=\u00a0\u00bb\u00a0\u00bb][vc_empty_space 0=\u00a0\u00bb\u00a0\u00bb][\/vc_column][\/vc_row][vc_row 0=\u00a0\u00bb\u00a0\u00bb][vc_column width=\u00a0\u00bb1\/3&Prime;][vc_single_image image=\u00a0\u00bb1052&Prime; img_size=\u00a0\u00bblarge\u00a0\u00bb][\/vc_column][vc_column width=\u00a0\u00bb2\/3&Prime;][vc_column_text el_class=\u00a0\u00bbbig-title\u00a0\u00bb] J\u00f6rg Hauser [\/vc_column_text][vc_column_text 0=\u00a0\u00bb\u00a0\u00bb] Facteur de pianos et de clavecins, Aldingen, Allemagne J\u00f6rg Hauser fait partie de l&rsquo;\u00e9quipe de d\u00e9veloppement &#8230;<\/p>\n","protected":false},"author":7,"featured_media":0,"parent":13705,"menu_order":0,"comment_status":"closed","ping_status":"closed","template":"","meta":{"inline_featured_image":false,"footnotes":""},"class_list":["post-12121","page","type-page","status-publish","hentry"],"acf":[],"yoast_head":"<!-- This site is optimized with the Yoast SEO plugin v24.4 - https:\/\/yoast.com\/wordpress\/plugins\/seo\/ -->\n<title>J\u00f6rg Hauser - FEURICH<\/title>\n<meta name=\"robots\" content=\"index, follow, max-snippet:-1, max-image-preview:large, max-video-preview:-1\" \/>\n<link rel=\"canonical\" href=\"https:\/\/feurich.com\/fr\/a-propos-de-nous\/une-equipe-dexperts\/jorg-hauser\/\" \/>\n<meta property=\"og:locale\" content=\"fr_FR\" \/>\n<meta property=\"og:type\" content=\"article\" \/>\n<meta property=\"og:title\" content=\"J\u00f6rg Hauser - FEURICH\" \/>\n<meta property=\"og:description\" content=\"[vc_row 0=\u00a0\u00bb\u00a0\u00bb][vc_column 0=\u00a0\u00bb\u00a0\u00bb][vc_empty_space 0=\u00a0\u00bb\u00a0\u00bb][\/vc_column][\/vc_row][vc_row 0=\u00a0\u00bb\u00a0\u00bb][vc_column width=\u00a0\u00bb1\/3&Prime;][vc_single_image image=\u00a0\u00bb1052&Prime; img_size=\u00a0\u00bblarge\u00a0\u00bb][\/vc_column][vc_column width=\u00a0\u00bb2\/3&Prime;][vc_column_text el_class=\u00a0\u00bbbig-title\u00a0\u00bb] J\u00f6rg Hauser [\/vc_column_text][vc_column_text 0=\u00a0\u00bb\u00a0\u00bb] Facteur de pianos et de clavecins, Aldingen, Allemagne J\u00f6rg Hauser fait partie de l&rsquo;\u00e9quipe de d\u00e9veloppement ...\" \/>\n<meta property=\"og:url\" content=\"https:\/\/feurich.com\/fr\/a-propos-de-nous\/une-equipe-dexperts\/jorg-hauser\/\" \/>\n<meta property=\"og:site_name\" content=\"FEURICH\" \/>\n<meta property=\"article:publisher\" content=\"https:\/\/www.facebook.com\/feurichvienna\/\" \/>\n<meta property=\"article:modified_time\" content=\"2018-09-18T23:50:30+00:00\" \/>\n<meta name=\"twitter:card\" content=\"summary_large_image\" \/>\n<meta name=\"twitter:label1\" content=\"Dur\u00e9e de lecture estim\u00e9e\" \/>\n\t<meta name=\"twitter:data1\" content=\"1 minute\" \/>\n<script type=\"application\/ld+json\" class=\"yoast-schema-graph\">{\"@context\":\"https:\/\/schema.org\",\"@graph\":[{\"@type\":\"WebPage\",\"@id\":\"https:\/\/feurich.com\/fr\/a-propos-de-nous\/une-equipe-dexperts\/jorg-hauser\/\",\"url\":\"https:\/\/feurich.com\/fr\/a-propos-de-nous\/une-equipe-dexperts\/jorg-hauser\/\",\"name\":\"J\u00f6rg Hauser - FEURICH\",\"isPartOf\":{\"@id\":\"https:\/\/feurich.com\/en\/#website\"},\"datePublished\":\"2018-02-24T08:32:48+00:00\",\"dateModified\":\"2018-09-18T23:50:30+00:00\",\"breadcrumb\":{\"@id\":\"https:\/\/feurich.com\/fr\/a-propos-de-nous\/une-equipe-dexperts\/jorg-hauser\/#breadcrumb\"},\"inLanguage\":\"fr-FR\",\"potentialAction\":[{\"@type\":\"ReadAction\",\"target\":[\"https:\/\/feurich.com\/fr\/a-propos-de-nous\/une-equipe-dexperts\/jorg-hauser\/\"]}]},{\"@type\":\"BreadcrumbList\",\"@id\":\"https:\/\/feurich.com\/fr\/a-propos-de-nous\/une-equipe-dexperts\/jorg-hauser\/#breadcrumb\",\"itemListElement\":[{\"@type\":\"ListItem\",\"position\":1,\"name\":\"Home\",\"item\":\"https:\/\/feurich.com\/fr\/\"},{\"@type\":\"ListItem\",\"position\":2,\"name\":\"Notre \u00e9quipe\",\"item\":\"https:\/\/feurich.com\/fr\/a-propos-de-nous\/\"},{\"@type\":\"ListItem\",\"position\":3,\"name\":\"Une \u00e9quipe d&rsquo;experts\",\"item\":\"https:\/\/feurich.com\/fr\/a-propos-de-nous\/une-equipe-dexperts\/\"},{\"@type\":\"ListItem\",\"position\":4,\"name\":\"J\u00f6rg Hauser\"}]},{\"@type\":\"WebSite\",\"@id\":\"https:\/\/feurich.com\/en\/#website\",\"url\":\"https:\/\/feurich.com\/en\/\",\"name\":\"FEURICH\",\"description\":\"A sound that connects\",\"publisher\":{\"@id\":\"https:\/\/feurich.com\/en\/#organization\"},\"potentialAction\":[{\"@type\":\"SearchAction\",\"target\":{\"@type\":\"EntryPoint\",\"urlTemplate\":\"https:\/\/feurich.com\/en\/?s={search_term_string}\"},\"query-input\":{\"@type\":\"PropertyValueSpecification\",\"valueRequired\":true,\"valueName\":\"search_term_string\"}}],\"inLanguage\":\"fr-FR\"},{\"@type\":\"Organization\",\"@id\":\"https:\/\/feurich.com\/en\/#organization\",\"name\":\"FEURICH\",\"url\":\"https:\/\/feurich.com\/en\/\",\"logo\":{\"@type\":\"ImageObject\",\"inLanguage\":\"fr-FR\",\"@id\":\"https:\/\/feurich.com\/en\/#\/schema\/logo\/image\/\",\"url\":\"https:\/\/feurich.com\/wp-content\/uploads\/logo.png\",\"contentUrl\":\"https:\/\/feurich.com\/wp-content\/uploads\/logo.png\",\"width\":354,\"height\":151,\"caption\":\"FEURICH\"},\"image\":{\"@id\":\"https:\/\/feurich.com\/en\/#\/schema\/logo\/image\/\"},\"sameAs\":[\"https:\/\/www.facebook.com\/feurichvienna\/\"]}]}<\/script>\n<!-- \/ Yoast SEO plugin. -->","yoast_head_json":{"title":"J\u00f6rg Hauser - FEURICH","robots":{"index":"index","follow":"follow","max-snippet":"max-snippet:-1","max-image-preview":"max-image-preview:large","max-video-preview":"max-video-preview:-1"},"canonical":"https:\/\/feurich.com\/fr\/a-propos-de-nous\/une-equipe-dexperts\/jorg-hauser\/","og_locale":"fr_FR","og_type":"article","og_title":"J\u00f6rg Hauser - FEURICH","og_description":"[vc_row 0=\u00a0\u00bb\u00a0\u00bb][vc_column 0=\u00a0\u00bb\u00a0\u00bb][vc_empty_space 0=\u00a0\u00bb\u00a0\u00bb][\/vc_column][\/vc_row][vc_row 0=\u00a0\u00bb\u00a0\u00bb][vc_column width=\u00a0\u00bb1\/3&Prime;][vc_single_image image=\u00a0\u00bb1052&Prime; img_size=\u00a0\u00bblarge\u00a0\u00bb][\/vc_column][vc_column width=\u00a0\u00bb2\/3&Prime;][vc_column_text el_class=\u00a0\u00bbbig-title\u00a0\u00bb] J\u00f6rg Hauser [\/vc_column_text][vc_column_text 0=\u00a0\u00bb\u00a0\u00bb] Facteur de pianos et de clavecins, Aldingen, Allemagne J\u00f6rg Hauser fait partie de l&rsquo;\u00e9quipe de d\u00e9veloppement ...","og_url":"https:\/\/feurich.com\/fr\/a-propos-de-nous\/une-equipe-dexperts\/jorg-hauser\/","og_site_name":"FEURICH","article_publisher":"https:\/\/www.facebook.com\/feurichvienna\/","article_modified_time":"2018-09-18T23:50:30+00:00","twitter_card":"summary_large_image","twitter_misc":{"Dur\u00e9e de lecture estim\u00e9e":"1 minute"},"schema":{"@context":"https:\/\/schema.org","@graph":[{"@type":"WebPage","@id":"https:\/\/feurich.com\/fr\/a-propos-de-nous\/une-equipe-dexperts\/jorg-hauser\/","url":"https:\/\/feurich.com\/fr\/a-propos-de-nous\/une-equipe-dexperts\/jorg-hauser\/","name":"J\u00f6rg Hauser - FEURICH","isPartOf":{"@id":"https:\/\/feurich.com\/en\/#website"},"datePublished":"2018-02-24T08:32:48+00:00","dateModified":"2018-09-18T23:50:30+00:00","breadcrumb":{"@id":"https:\/\/feurich.com\/fr\/a-propos-de-nous\/une-equipe-dexperts\/jorg-hauser\/#breadcrumb"},"inLanguage":"fr-FR","potentialAction":[{"@type":"ReadAction","target":["https:\/\/feurich.com\/fr\/a-propos-de-nous\/une-equipe-dexperts\/jorg-hauser\/"]}]},{"@type":"BreadcrumbList","@id":"https:\/\/feurich.com\/fr\/a-propos-de-nous\/une-equipe-dexperts\/jorg-hauser\/#breadcrumb","itemListElement":[{"@type":"ListItem","position":1,"name":"Home","item":"https:\/\/feurich.com\/fr\/"},{"@type":"ListItem","position":2,"name":"Notre \u00e9quipe","item":"https:\/\/feurich.com\/fr\/a-propos-de-nous\/"},{"@type":"ListItem","position":3,"name":"Une \u00e9quipe d&rsquo;experts","item":"https:\/\/feurich.com\/fr\/a-propos-de-nous\/une-equipe-dexperts\/"},{"@type":"ListItem","position":4,"name":"J\u00f6rg Hauser"}]},{"@type":"WebSite","@id":"https:\/\/feurich.com\/en\/#website","url":"https:\/\/feurich.com\/en\/","name":"FEURICH","description":"A sound that connects","publisher":{"@id":"https:\/\/feurich.com\/en\/#organization"},"potentialAction":[{"@type":"SearchAction","target":{"@type":"EntryPoint","urlTemplate":"https:\/\/feurich.com\/en\/?s={search_term_string}"},"query-input":{"@type":"PropertyValueSpecification","valueRequired":true,"valueName":"search_term_string"}}],"inLanguage":"fr-FR"},{"@type":"Organization","@id":"https:\/\/feurich.com\/en\/#organization","name":"FEURICH","url":"https:\/\/feurich.com\/en\/","logo":{"@type":"ImageObject","inLanguage":"fr-FR","@id":"https:\/\/feurich.com\/en\/#\/schema\/logo\/image\/","url":"https:\/\/feurich.com\/wp-content\/uploads\/logo.png","contentUrl":"https:\/\/feurich.com\/wp-content\/uploads\/logo.png","width":354,"height":151,"caption":"FEURICH"},"image":{"@id":"https:\/\/feurich.com\/en\/#\/schema\/logo\/image\/"},"sameAs":["https:\/\/www.facebook.com\/feurichvienna\/"]}]}},"_links":{"self":[{"href":"https:\/\/feurich.com\/fr\/wp-json\/wp\/v2\/pages\/12121","targetHints":{"allow":["GET"]}}],"collection":[{"href":"https:\/\/feurich.com\/fr\/wp-json\/wp\/v2\/pages"}],"about":[{"href":"https:\/\/feurich.com\/fr\/wp-json\/wp\/v2\/types\/page"}],"author":[{"embeddable":true,"href":"https:\/\/feurich.com\/fr\/wp-json\/wp\/v2\/users\/7"}],"replies":[{"embeddable":true,"href":"https:\/\/feurich.com\/fr\/wp-json\/wp\/v2\/comments?post=12121"}],"version-history":[{"count":5,"href":"https:\/\/feurich.com\/fr\/wp-json\/wp\/v2\/pages\/12121\/revisions"}],"predecessor-version":[{"id":20274,"href":"https:\/\/feurich.com\/fr\/wp-json\/wp\/v2\/pages\/12121\/revisions\/20274"}],"up":[{"embeddable":true,"href":"https:\/\/feurich.com\/fr\/wp-json\/wp\/v2\/pages\/13705"}],"wp:attachment":[{"href":"https:\/\/feurich.com\/fr\/wp-json\/wp\/v2\/media?parent=12121"}],"curies":[{"name":"wp","href":"https:\/\/api.w.org\/{rel}","templated":true}]}}