{"id":11988,"date":"2018-02-20T01:37:49","date_gmt":"2018-02-20T01:37:49","guid":{"rendered":"https:\/\/www.feurich.com\/faq\/"},"modified":"2023-11-26T18:20:01","modified_gmt":"2023-11-26T18:20:01","slug":"faq","status":"publish","type":"page","link":"https:\/\/feurich.com\/fr\/information-contact\/faq\/","title":{"rendered":"FAQ"},"content":{"rendered":"<div class=\"wpb-content-wrapper\"><p>[vc_row el_class=\u00a0\u00bbcont-acardion\u00a0\u00bb css=\u00a0\u00bb.vc_custom_1510822707727{margin-bottom: 20px !important;}\u00a0\u00bb][vc_column 0=\u00a0\u00bb\u00a0\u00bb][vc_empty_space 0=\u00a0\u00bb\u00a0\u00bb][vc_column_text el_class=\u00a0\u00bbbig-title\u00a0\u00bb]<\/p>\n<p style=\"text-align: center;\">FOIRE AUX QUESTIONS<\/p>\n<p>[\/vc_column_text][vc_empty_space 0=\u00a0\u00bb\u00a0\u00bb height=\u00a0\u00bb24px\u00a0\u00bb][vc_column_text]<br \/>\nVous trouverez ici des r\u00e9ponses aux questions les plus fr\u00e9quemment pos\u00e9es.<\/p>\n<p>Pour plus d&rsquo;informations d\u00e9taill\u00e9es, contactez-nous directement\u00a0<a href=\"https:\/\/feurich.com\/en\/information-contact\/\">&gt;&gt; Contact<\/a><br \/>\n[\/vc_column_text][\/vc_column][\/vc_row][vc_row full_width=\u00a0\u00bbstretch_row\u00a0\u00bb bg_type=\u00a0\u00bbimage\u00a0\u00bb parallax_style=\u00a0\u00bbvcpb-vz-jquery\u00a0\u00bb bg_image_new=\u00a0\u00bbid^2174|url^\/wp-content\/uploads\/Details.jpg|caption^FEURICH Details|alt^FEURICH Details|title^FEURICH Details|description^FEURICH Details\u00a0\u00bb bg_image_repeat=\u00a0\u00bbno-repeat\u00a0\u00bb fadeout_row=\u00a0\u00bbfadeout_row_value\u00a0\u00bb][vc_column][vc_tta_accordion style=\u00a0\u00bbflat\u00a0\u00bb shape=\u00a0\u00bbsquare\u00a0\u00bb color=\u00a0\u00bbwhite\u00a0\u00bb spacing=\u00a0\u00bb1&Prime; gap=\u00a0\u00bb1&Prime; c_icon=\u00a0\u00bbchevron\u00a0\u00bb active_section=\u00a0\u00bb999&Prime;][vc_tta_section title=\u00a0\u00bbQue dois-je prendre en compte lors de l&rsquo;achat d&rsquo;un piano ?\u00a0\u00bb tab_id=\u00a0\u00bb1505677504022-94aab332-908c\u00a0\u00bb][vc_column_text 0=\u00a0\u00bb\u00a0\u00bb]Le service de qualit\u00e9 et la maintenance sont essentiels. M\u00eame le meilleur instrument peut sonner horriblement mal si il n&rsquo;est pas pr\u00e9par\u00e9 efficacement (r\u00e9gl\u00e9, accord\u00e9 et harmonis\u00e9). Pour cette raison, nous vous recommandons d&rsquo;essayer des pianos seulement dans des conditions de vente respect\u00e9es, o\u00f9 des techniciens qualifi\u00e9s pr\u00e9parent nos instruments et en tirent le meilleur. Dans de telles conditions, vous pouvez tout aussi demander des conseils personnels pour vous renseigner sur quel mod\u00e8le est le mieux adapt\u00e9 \u00e0 votre pi\u00e8ce et lequel correspondrait le plus \u00e0 vos go\u00fbts et styles musicaux.[\/vc_column_text][\/vc_tta_section][vc_tta_section title=\u00a0\u00bbComment entretenir mon piano afin d&rsquo;en profiter pleinement pour les ann\u00e9es \u00e0 venir ?\u00a0\u00bb tab_id=\u00a0\u00bb1505677504024-a9537222-1098&Prime;][vc_column_text 0=\u00a0\u00bb\u00a0\u00bb]Les points importants \u00e0 v\u00e9rifier sont l&rsquo;humidit\u00e9 de l&rsquo;air, l&rsquo;accord r\u00e9gulier et le bon r\u00e9glage de l&rsquo;instrument.<\/p>\n<p>Un humidificateur maintient le niveau d&rsquo;humidit\u00e9 au niveau optimal. Cela peut donc stabiliser le r\u00e9glage, ce qui signifie moins d&rsquo;entretien \u00e0 terme. Cela peut aussi vous faire faire des \u00e9conomies \u00e0 long terme.<\/p>\n<p>\u00c9vitez de placer l&rsquo;instrument \u00e0 proximit\u00e9 d&rsquo;un chauffage central, d&rsquo;une chemin\u00e9e, \u00e0 la lumi\u00e8re directe du soleil, pr\u00e8s de la vapeur ou des parois ext\u00e9rieures froides, des fen\u00eatres (\u00e0 cause du tirage).<\/p>\n<p>Soyez prudent avec les liquides tels que les boissons froides ou chaudes, etc., et les objets tranchants tels que les stylos ou les crayons, les trombones, etc. Lorsque vous nettoyez la surface de votre instrument, veillez \u00e0 ne pas utiliser de chiffons abrasifs. Pour nettoyer les touches, utilisez uniquement un chiffon doux l\u00e9g\u00e8rement humide (en aucun cas, n&rsquo;utilisez de l&rsquo;alcool \u00e9thylique ou des solvants). Dans une pi\u00e8ce bien a\u00e9r\u00e9e, la temp\u00e9rature ambiante est progressivement abaiss\u00e9e.[\/vc_column_text][\/vc_tta_section][vc_tta_section title=\u00a0\u00bb\u00c0 quelle fr\u00e9quence devrais-je faire accorder mon piano ?\u00a0\u00bb tab_id=\u00a0\u00bb1505677504026-1a8277b2-fb9d\u00a0\u00bb][vc_column_text 0=\u00a0\u00bb\u00a0\u00bb]Pour une utilisation priv\u00e9e, un piano devrait \u00eatre accord\u00e9 une ou deux fois par an.<\/p>\n<p>Tous les pianos baissent lentement en diapason au fil du temps. Puisque diff\u00e9rentes longueurs de cordes s&rsquo;\u00e9tendent de diff\u00e9rentes fa\u00e7ons et \u00e0 des vitesses diff\u00e9rentes, le piano va graduellement commencer \u00e0 sonner faux. C&rsquo;est un ph\u00e9nom\u00e8ne que toute personne musicalement \u00e0 l&rsquo;aff\u00fbt reconnaissent aussi, pas seulement les pianos parfaitement accord\u00e9s.<\/p>\n<p>Dans les conservatoires et les acad\u00e9mies, les instruments ont besoin d&rsquo;\u00eatre accord\u00e9s tous les mois. Les studios d&rsquo;enregistrement et les salles de concert font accorder leurs instruments avant les \u00e9v\u00e9nements majeurs.[\/vc_column_text][\/vc_tta_section][vc_tta_section title=\u00a0\u00bbPourquoi devrais-je choisir un piano FEURICH ?\u00a0\u00bb tab_id=\u00a0\u00bb1505677504028-9c8e3873-fa93&Prime;][vc_column_text 0=\u00a0\u00bb\u00a0\u00bb]FEURICH est tr\u00e8s performant et bien \u00e9tabli avec plus de 400 partenaires commerciaux dans le monde entier. Notre r\u00e9putation et notre haut niveau de satisfaction client sont la meilleure garantie.<\/p>\n<p>Notre \u00e9quipe et tous nos partenaires sont pleinement engag\u00e9s dans nos produits.<\/p>\n<p>N&rsquo;h\u00e9sitez pas \u00e0 parler de nous, de notre volont\u00e9 d&rsquo;innover et d&rsquo;offrir un son incomparable.<\/p>\n<p>Essayez nos pianos droits et \u00e0 queue et voyez par vous-m\u00eame.<\/p>\n<p>Comparez par vous-m\u00eame ou appelez un ami jouant du piano pour venir avec vous.<\/p>\n<p>Pour des questions ou des conseils personnalis\u00e9s, contactez-nous directement. LINK[\/vc_column_text][\/vc_tta_section][vc_tta_section title=\u00a0\u00bbLe silencieux peut-il \u00eatre install\u00e9 sur un piano \u00e0 queue?\u00a0\u00bb tab_id=\u00a0\u00bb1505677504032-79233fe6-b2ea\u00a0\u00bb][vc_column_text 0=\u00a0\u00bb\u00a0\u00bb]Oui, le syst\u00e8me silencieux peut \u00eatre install\u00e9 en quelques heures, peu importe le mod\u00e8le. L&rsquo;installation relativement courte rend son prix abordable.[\/vc_column_text][\/vc_tta_section][vc_tta_section title=\u00a0\u00bbPourquoi les pianos FEURICH sont-ils produits en Chine? Quels sont les avantages d&rsquo;une telle production?\u00a0\u00bb tab_id=\u00a0\u00bb1505677504035-a7205398-84d1&Prime;][vc_column_text 0=\u00a0\u00bb\u00a0\u00bb]Nous sommes tr\u00e8s fiers d&rsquo;avoir choisi les meilleures installations de production pour nos instruments, et notre partenaire, Hailun Piano, est l&rsquo;une des usines de production les plus modernes, non seulement en Chine, mais dans le monde entier.<\/p>\n<p>Leur usine de production \u00e0 Ningbo est en croissance constante, mais c&rsquo;est tout sauf une production de masse \u00abbon march\u00e9\u00bb. \u00c9tant donn\u00e9 que seules les machines les plus modernes sont utilis\u00e9es, nous sommes en mesure de produire des pi\u00e8ces de pr\u00e9cision d&rsquo;une qualit\u00e9 exceptionnelle. Les processus de production et le contr\u00f4le de qualit\u00e9 final sont constamment supervis\u00e9s par les techniciens FEURICH, afin de garantir les normes europ\u00e9ennes \u00e9lev\u00e9es que nous exigeons.<\/p>\n<p>Ces conditions de production optimales \u00e0 Ningbo nous permettent d&rsquo;offrir nos produits avec une tr\u00e8s haute qualit\u00e9 et un excellent rapport qualit\u00e9-prix.[\/vc_column_text][\/vc_tta_section][vc_tta_section title=\u00a0\u00bbEst-ce que le juste rapport qualit\u00e9 \/ prix a in\u00e9vitablement des effets n\u00e9gatifs sur les conditions de travail des employ\u00e9s de Ningbo en Chine?\u00a0\u00bb tab_id=\u00a0\u00bb1505677504036-b4fa1ba9-1416&Prime;][vc_column_text 0=\u00a0\u00bb\u00a0\u00bb]<strong>En un mot, non.<\/strong><\/p>\n<p>La production de piano de Ningbo est hautement qualifi\u00e9e et b\u00e9n\u00e9ficie d&rsquo;une formation r\u00e9guli\u00e8re en Europe et dans le monde entier.<\/p>\n<p>L&rsquo;usine de production de Ningbo reconna\u00eet l&rsquo;importance des travailleurs experts et les r\u00e9mun\u00e8re beaucoup plus que pr\u00e9vu. Ningbo Hailun offre aux travailleurs des options de logement \u00e0 distance, des facilit\u00e9s de restauration sur place et la surveillance m\u00e9dicale.<\/p>\n<p>L&rsquo;expertise des travailleurs, ainsi que leur satisfaction au travail, est essentielle pour FEURICH.<\/p>\n<p>Nos processus hautement automatis\u00e9s d\u00e9pendent largement de la qualit\u00e9 des machines CNC. Une grande partie du piano est produite par des machines, ce qui assure la qualit\u00e9 constante de notre production.<\/p>\n<p>L&rsquo;affinement et la mise au point ad\u00e9quate \u00e0 celle-ci sont effectu\u00e9s par nos experts dans les centres logistiques de FEURICH dans le monde entier. Nous sommes convaincus que c&rsquo;est le seul moyen d&rsquo;assurer le haut niveau de qualit\u00e9 des pianos dans cette fourchette de prix.[\/vc_column_text][\/vc_tta_section][vc_tta_section title=\u00a0\u00bbEst-il vrai que des mat\u00e9riaux de moindre qualit\u00e9 voire dangereux sont utilis\u00e9s?\u00a0\u00bb tab_id=\u00a0\u00bb1506086423430-102e62ef-493f\u00a0\u00bb][vc_column_text]Aucun mat\u00e9riau potentiellement dangereux pour la sant\u00e9 de nos clients n&rsquo;a jamais \u00e9t\u00e9 et ne sera jamais utilis\u00e9.<\/p>\n<p>Nos produits sont conformes \u00e0 toutes les r\u00e9glementations europ\u00e9ennes. Il n&rsquo;y a pas de placages toxiques, colles ou autres substances impliqu\u00e9es dans le processus de production.<\/p>\n<p>C&rsquo;est l&rsquo;un des principes fondamentaux de FEURICH de n&rsquo;utiliser que des mat\u00e9riaux traditionnels, robustes mais innovants.<\/p>\n<p>Nous pr\u00e9f\u00e9rerions de loin fixer un prix de production plus \u00e9lev\u00e9 que de r\u00e9duire les co\u00fbts de la qualit\u00e9 de nos mati\u00e8res premi\u00e8res. Sans nos mat\u00e9riaux de haute qualit\u00e9, il n&rsquo;y aurait aucune garantie pour la long\u00e9vit\u00e9, le ton, le toucher fin de l&rsquo;action ou la stabilit\u00e9 d&rsquo;accord durable de nos pianos.[\/vc_column_text][\/vc_tta_section][vc_tta_section title=\u00a0\u00bbDois-je acheter mon piano sur internet ou dans un magasin sp\u00e9cialis\u00e9?\u00a0\u00bb tab_id=\u00a0\u00bb1506086586523-d6f73213-b1d7&Prime;][vc_column_text 0=\u00a0\u00bb\u00a0\u00bb]Nous d\u00e9conseillons les achats sur Internet, notamment pour les pianos acoutiques, car le risque de d\u00e9ception est beaucoup trop grand.<\/p>\n<p>Le choix d&rsquo;un piano est une question tr\u00e8s personnelle, et la d\u00e9cision doit \u00eatre prise sur la base de nombreux facteurs, comme le son, le toucher, le service apr\u00e8s-vente&#8230;<\/p>\n<p>Il n&rsquo;y a pas deux pianos acoustiques, m\u00eame de la m\u00eame marque et du m\u00eame produit, qui aient le m\u00eame son. C&rsquo;est pourquoi un piano doit \u00eatre essay\u00e9 avant d&rsquo;\u00eatre ach\u00e9t\u00e9. C&rsquo;est seulement lorsque vous trouverez l&rsquo;instrument qui vous correspond le mieux que vous pourrez en jouer avec tout le plaisir possible.<\/p>\n<p>Contactez-nous![\/vc_column_text][\/vc_tta_section][\/vc_tta_accordion][\/vc_column][\/vc_row]<\/p>\n<\/div>","protected":false},"excerpt":{"rendered":"<p>Foire Aux Questions (FAQ): Vous trouverez ici les r\u00e9ponses aux questions les plus fr\u00e9quemment pos\u00e9es.<\/p>\n","protected":false},"author":4,"featured_media":0,"parent":13323,"menu_order":0,"comment_status":"closed","ping_status":"closed","template":"template-fullwidth.php","meta":{"inline_featured_image":false,"footnotes":""},"class_list":["post-11988","page","type-page","status-publish","hentry"],"acf":[],"yoast_head":"<!-- This site is optimized with the Yoast SEO plugin v24.4 - https:\/\/yoast.com\/wordpress\/plugins\/seo\/ -->\n<title>FAQ - FEURICH<\/title>\n<meta name=\"robots\" content=\"index, follow, max-snippet:-1, max-image-preview:large, max-video-preview:-1\" \/>\n<link rel=\"canonical\" href=\"https:\/\/feurich.com\/fr\/information-contact\/faq\/\" \/>\n<meta property=\"og:locale\" content=\"fr_FR\" \/>\n<meta property=\"og:type\" content=\"article\" \/>\n<meta property=\"og:title\" content=\"FAQ - FEURICH\" \/>\n<meta property=\"og:description\" content=\"Foire Aux Questions (FAQ): Vous trouverez ici les r\u00e9ponses aux questions les plus fr\u00e9quemment pos\u00e9es.\" \/>\n<meta property=\"og:url\" content=\"https:\/\/feurich.com\/fr\/information-contact\/faq\/\" \/>\n<meta property=\"og:site_name\" content=\"FEURICH\" \/>\n<meta property=\"article:publisher\" content=\"https:\/\/www.facebook.com\/feurichvienna\/\" \/>\n<meta property=\"article:modified_time\" content=\"2023-11-26T18:20:01+00:00\" \/>\n<meta name=\"twitter:card\" content=\"summary_large_image\" \/>\n<meta name=\"twitter:label1\" content=\"Dur\u00e9e de lecture estim\u00e9e\" \/>\n\t<meta name=\"twitter:data1\" content=\"7 minutes\" \/>\n<script type=\"application\/ld+json\" class=\"yoast-schema-graph\">{\"@context\":\"https:\/\/schema.org\",\"@graph\":[{\"@type\":\"WebPage\",\"@id\":\"https:\/\/feurich.com\/fr\/information-contact\/faq\/\",\"url\":\"https:\/\/feurich.com\/fr\/information-contact\/faq\/\",\"name\":\"FAQ - FEURICH\",\"isPartOf\":{\"@id\":\"https:\/\/feurich.com\/en\/#website\"},\"datePublished\":\"2018-02-20T01:37:49+00:00\",\"dateModified\":\"2023-11-26T18:20:01+00:00\",\"breadcrumb\":{\"@id\":\"https:\/\/feurich.com\/fr\/information-contact\/faq\/#breadcrumb\"},\"inLanguage\":\"fr-FR\",\"potentialAction\":[{\"@type\":\"ReadAction\",\"target\":[\"https:\/\/feurich.com\/fr\/information-contact\/faq\/\"]}]},{\"@type\":\"BreadcrumbList\",\"@id\":\"https:\/\/feurich.com\/fr\/information-contact\/faq\/#breadcrumb\",\"itemListElement\":[{\"@type\":\"ListItem\",\"position\":1,\"name\":\"Home\",\"item\":\"https:\/\/feurich.com\/fr\/\"},{\"@type\":\"ListItem\",\"position\":2,\"name\":\"Contact\",\"item\":\"https:\/\/feurich.com\/fr\/information-contact\/\"},{\"@type\":\"ListItem\",\"position\":3,\"name\":\"FAQ\"}]},{\"@type\":\"WebSite\",\"@id\":\"https:\/\/feurich.com\/en\/#website\",\"url\":\"https:\/\/feurich.com\/en\/\",\"name\":\"FEURICH\",\"description\":\"A sound that connects\",\"publisher\":{\"@id\":\"https:\/\/feurich.com\/en\/#organization\"},\"potentialAction\":[{\"@type\":\"SearchAction\",\"target\":{\"@type\":\"EntryPoint\",\"urlTemplate\":\"https:\/\/feurich.com\/en\/?s={search_term_string}\"},\"query-input\":{\"@type\":\"PropertyValueSpecification\",\"valueRequired\":true,\"valueName\":\"search_term_string\"}}],\"inLanguage\":\"fr-FR\"},{\"@type\":\"Organization\",\"@id\":\"https:\/\/feurich.com\/en\/#organization\",\"name\":\"FEURICH\",\"url\":\"https:\/\/feurich.com\/en\/\",\"logo\":{\"@type\":\"ImageObject\",\"inLanguage\":\"fr-FR\",\"@id\":\"https:\/\/feurich.com\/en\/#\/schema\/logo\/image\/\",\"url\":\"https:\/\/feurich.com\/wp-content\/uploads\/logo.png\",\"contentUrl\":\"https:\/\/feurich.com\/wp-content\/uploads\/logo.png\",\"width\":354,\"height\":151,\"caption\":\"FEURICH\"},\"image\":{\"@id\":\"https:\/\/feurich.com\/en\/#\/schema\/logo\/image\/\"},\"sameAs\":[\"https:\/\/www.facebook.com\/feurichvienna\/\"]}]}<\/script>\n<!-- \/ Yoast SEO plugin. -->","yoast_head_json":{"title":"FAQ - FEURICH","robots":{"index":"index","follow":"follow","max-snippet":"max-snippet:-1","max-image-preview":"max-image-preview:large","max-video-preview":"max-video-preview:-1"},"canonical":"https:\/\/feurich.com\/fr\/information-contact\/faq\/","og_locale":"fr_FR","og_type":"article","og_title":"FAQ - FEURICH","og_description":"Foire Aux Questions (FAQ): Vous trouverez ici les r\u00e9ponses aux questions les plus fr\u00e9quemment pos\u00e9es.","og_url":"https:\/\/feurich.com\/fr\/information-contact\/faq\/","og_site_name":"FEURICH","article_publisher":"https:\/\/www.facebook.com\/feurichvienna\/","article_modified_time":"2023-11-26T18:20:01+00:00","twitter_card":"summary_large_image","twitter_misc":{"Dur\u00e9e de lecture estim\u00e9e":"7 minutes"},"schema":{"@context":"https:\/\/schema.org","@graph":[{"@type":"WebPage","@id":"https:\/\/feurich.com\/fr\/information-contact\/faq\/","url":"https:\/\/feurich.com\/fr\/information-contact\/faq\/","name":"FAQ - FEURICH","isPartOf":{"@id":"https:\/\/feurich.com\/en\/#website"},"datePublished":"2018-02-20T01:37:49+00:00","dateModified":"2023-11-26T18:20:01+00:00","breadcrumb":{"@id":"https:\/\/feurich.com\/fr\/information-contact\/faq\/#breadcrumb"},"inLanguage":"fr-FR","potentialAction":[{"@type":"ReadAction","target":["https:\/\/feurich.com\/fr\/information-contact\/faq\/"]}]},{"@type":"BreadcrumbList","@id":"https:\/\/feurich.com\/fr\/information-contact\/faq\/#breadcrumb","itemListElement":[{"@type":"ListItem","position":1,"name":"Home","item":"https:\/\/feurich.com\/fr\/"},{"@type":"ListItem","position":2,"name":"Contact","item":"https:\/\/feurich.com\/fr\/information-contact\/"},{"@type":"ListItem","position":3,"name":"FAQ"}]},{"@type":"WebSite","@id":"https:\/\/feurich.com\/en\/#website","url":"https:\/\/feurich.com\/en\/","name":"FEURICH","description":"A sound that connects","publisher":{"@id":"https:\/\/feurich.com\/en\/#organization"},"potentialAction":[{"@type":"SearchAction","target":{"@type":"EntryPoint","urlTemplate":"https:\/\/feurich.com\/en\/?s={search_term_string}"},"query-input":{"@type":"PropertyValueSpecification","valueRequired":true,"valueName":"search_term_string"}}],"inLanguage":"fr-FR"},{"@type":"Organization","@id":"https:\/\/feurich.com\/en\/#organization","name":"FEURICH","url":"https:\/\/feurich.com\/en\/","logo":{"@type":"ImageObject","inLanguage":"fr-FR","@id":"https:\/\/feurich.com\/en\/#\/schema\/logo\/image\/","url":"https:\/\/feurich.com\/wp-content\/uploads\/logo.png","contentUrl":"https:\/\/feurich.com\/wp-content\/uploads\/logo.png","width":354,"height":151,"caption":"FEURICH"},"image":{"@id":"https:\/\/feurich.com\/en\/#\/schema\/logo\/image\/"},"sameAs":["https:\/\/www.facebook.com\/feurichvienna\/"]}]}},"_links":{"self":[{"href":"https:\/\/feurich.com\/fr\/wp-json\/wp\/v2\/pages\/11988","targetHints":{"allow":["GET"]}}],"collection":[{"href":"https:\/\/feurich.com\/fr\/wp-json\/wp\/v2\/pages"}],"about":[{"href":"https:\/\/feurich.com\/fr\/wp-json\/wp\/v2\/types\/page"}],"author":[{"embeddable":true,"href":"https:\/\/feurich.com\/fr\/wp-json\/wp\/v2\/users\/4"}],"replies":[{"embeddable":true,"href":"https:\/\/feurich.com\/fr\/wp-json\/wp\/v2\/comments?post=11988"}],"version-history":[{"count":38,"href":"https:\/\/feurich.com\/fr\/wp-json\/wp\/v2\/pages\/11988\/revisions"}],"predecessor-version":[{"id":72808,"href":"https:\/\/feurich.com\/fr\/wp-json\/wp\/v2\/pages\/11988\/revisions\/72808"}],"up":[{"embeddable":true,"href":"https:\/\/feurich.com\/fr\/wp-json\/wp\/v2\/pages\/13323"}],"wp:attachment":[{"href":"https:\/\/feurich.com\/fr\/wp-json\/wp\/v2\/media?parent=11988"}],"curies":[{"name":"wp","href":"https:\/\/api.w.org\/{rel}","templated":true}]}}