{"id":11976,"date":"2018-02-20T01:09:08","date_gmt":"2018-02-20T01:09:08","guid":{"rendered":"https:\/\/www.feurich.com\/pianos-classiques\/piano-a-queue-modele-162-dynamic-i\/modele-162-dynamic-i-details\/"},"modified":"2022-02-24T12:38:35","modified_gmt":"2022-02-24T12:38:35","slug":"modele-162-dynamic-i-details","status":"publish","type":"page","link":"https:\/\/feurich.com\/fr\/produits\/pianos-classiques\/piano-a-queue-modele-162-dynamic-i\/modele-162-dynamic-i-details\/","title":{"rendered":"Mod\u00e8le 162 &#8211; Dynamic I : D\u00e9tails"},"content":{"rendered":"<div class=\"wpb-content-wrapper\"><p>[vc_row][vc_column][vc_column_text]<ul class=\"piano-menu\" page-id=\"11854\"><li class=\"piano-menu-item\"><a class=\"piano-menu-link \" href=\"https:\/\/feurich.com\/fr\/produits\/pianos-classiques\/piano-mod-115-premiere\/\">115 \u2013 Premiere<\/a><\/li><li class=\"piano-menu-item\"><a class=\"piano-menu-link \" href=\"https:\/\/feurich.com\/fr\/produits\/pianos-classiques\/piano-mod-122-universal\/\">122 \u2013 Universal<\/a><\/li><li class=\"piano-menu-item\"><a class=\"piano-menu-link \" href=\"https:\/\/feurich.com\/fr\/produits\/pianos-classiques\/piano-modele-125-design\/\">125 - Design<\/a><\/li><li class=\"piano-menu-item\"><a class=\"piano-menu-link \" href=\"https:\/\/feurich.com\/fr\/produits\/pianos-classiques\/piano-133-concert\/\">133 \u2013 Concert<\/a><\/li><li class=\"piano-menu-item\"><a class=\"piano-menu-link piano-menu-link-active\" href=\"https:\/\/feurich.com\/fr\/produits\/pianos-classiques\/piano-a-queue-modele-162-dynamic-i\/\">162 \u2013 Dynamic I<\/a><\/li><li class=\"piano-menu-item\"><a class=\"piano-menu-link \" href=\"https:\/\/feurich.com\/fr\/produits\/pianos-classiques\/piano-a-queue-modele-179-dynamic-ii\/\">179 \u2013 Dynamic II<\/a><\/li><li class=\"piano-menu-item\"><a class=\"piano-menu-link \" href=\"https:\/\/feurich.com\/fr\/produits\/pianos-classiques\/piano-a-queue-modele-218-concert-i\/\">218 - Concert I<\/a><\/li><\/ul>[\/vc_column_text][vc_column_text el_class=\u00a0\u00bbbig-title\u00a0\u00bb]<br \/>\nFEURICH Mod\u00e8le 162 &#8211; Dynamic I<br \/>\n[\/vc_column_text][\/vc_column][\/vc_row][vc_row][vc_column width=\u00a0\u00bb1\/2&Prime;][vc_column_text]<div class=\"wonderplugingallery-container\" id=\"wonderplugingallery-container-5\" style=\"max-width:550px;margin:0 auto;\"><div class=\"wonderplugingallery\" id=\"wonderplugingallery-5\" data-galleryid=\"5\" data-width=\"550\" data-height=\"400\" data-skin=\"gallerywithtext\" data-random=\"false\" data-autoslide=\"false\" data-autoplayvideo=\"false\" data-schemamarkup=\"false\" data-stopallplaying=\"false\" data-hidetitlewhenvideoisplaying=\"false\" data-disablehovereventontouch=\"false\" data-autoslideandplayafterfirstplayed=\"false\" data-html5player=\"true\" data-responsive=\"true\" data-fullwidth=\"false\" data-showtitle=\"true\" data-showdescription=\"true\" data-showplaybutton=\"false\" data-showfullscreenbutton=\"true\" data-showtimer=\"false\" data-showcarousel=\"true\" data-galleryshadow=\"false\" data-slideshadow=\"false\" data-thumbshowtitle=\"false\" data-thumbshadow=\"false\" data-lightboxshowtitle=\"true\" data-lightboxshowdescription=\"true\" data-specifyid=\"true\" data-donotinit=\"false\" data-addinitscript=\"true\" data-triggerresize=\"false\" data-thumbcolumnsresponsive=\"false\" data-showimgtitle=\"false\" data-titlesmallscreen=\"false\" data-initsocial=\"true\" data-showsocial=\"false\" data-showemail=\"false\" data-showfacebook=\"true\" data-showtwitter=\"true\" data-showpinterest=\"true\" data-socialrotateeffect=\"true\" data-doshortcodeontext=\"false\" data-duration=\"1500\" data-slideduration=\"1000\" data-slideshowinterval=\"6000\" data-googleanalyticsaccount=\"\" data-resizemode=\"fill\" data-imagetoolboxmode=\"hide\" data-effect=\"fadeinout\" data-padding=\"12\" data-bgcolor=\"\" data-bgimage=\"\" data-thumbwidth=\"54\" data-thumbheight=\"42\" data-thumbgap=\"8\" data-thumbrowgap=\"16\" data-lightboxtextheight=\"72\" data-lightboxtitlecss=\"{color:#333333; font:bold 12px Arial,Helvetica,sans-serif; overflow:hidden; white-space:normal; line-height:18px;}\" data-lightboxdescriptioncss=\"{color:#333333; font:normal 12px Arial,Helvetica,sans-serif; overflow:hidden; white-space:normal; line-height:14px;}\" data-titlecss=\"{color:#333;font-size:14px;font-family:Armata,sans-serif,Arial;overflow:hidden;text-align:center;padding:16px 8px 4px 8px;display:none}\" data-descriptioncss=\"{color:#333;font-size:14px;font-family:Arial,Helvetica,sans-serif;overflow:hidden;text-align:center;padding:4px 8px; padding-top: 15px;}\" data-titleheight=\"35\" data-titlesmallscreenwidth=\"640\" data-titleheightsmallscreen=\"148\" data-socialmode=\"mouseover\" data-socialposition=\"position:absolute;top:8px;right:8px;\" data-socialpositionlightbox=\"position:absolute;top:8px;right:8px;\" data-socialdirection=\"horizontal\" data-socialbuttonsize=\"32\" data-socialbuttonfontsize=\"18\" data-triggerresizedelay=\"100\" data-thumbmediumsize=\"800\" data-thumbsmallsize=\"480\" data-thumbmediumwidth=\"64\" data-thumbmediumheight=\"64\" data-thumbsmallwidth=\"48\" data-thumbsmallheight=\"48\" data-imgtitle=\"title\" data-jsfolder=\"https:\/\/feurich.com\/wp-content\/plugins\/wonderplugin-gallery\/engine\/\" style=\"display:none;\" ><a href=\"https:\/\/www.feurich.com\/wp-content\/uploads\/Mod._162_-_Dynamic_I_10black_brass.png\" data-mediatype=1><img decoding=\"async\" class=\"html5galleryimg\" src=\"https:\/\/www.feurich.com\/wp-content\/uploads\/Mod._162_-_Dynamic_I_10black_brass-1024x768.png\" alt=\"Mod._162_-_Dynamic_I_#10black_brass\" data-description=\"Noir verni - Laiton\"><\/a><a href=\"https:\/\/www.feurich.com\/wp-content\/uploads\/Mod._162_-_Dynamic_I_10black_chrome.png\" data-mediatype=1><img decoding=\"async\" class=\"html5galleryimg\" src=\"https:\/\/www.feurich.com\/wp-content\/uploads\/Mod._162_-_Dynamic_I_10black_chrome-1024x768.png\" alt=\"Mod._162_-_Dynamic_I_#10black_chrome\" data-description=\"Noir verni - Chrom\"><\/a><a href=\"https:\/\/www.feurich.com\/wp-content\/uploads\/Mod._162_-_Dynamic_I_11white_chrome-1.png\" data-mediatype=1><img decoding=\"async\" class=\"html5galleryimg\" src=\"https:\/\/www.feurich.com\/wp-content\/uploads\/Mod._162_-_Dynamic_I_11white_chrome-1-1024x768.png\" alt=\"Mod._162_-_Dynamic_I_#11white_chrome\" data-description=\"Wei\u00df poliert \u2013 Chrom\"><\/a><a href=\"https:\/\/www.feurich.com\/wp-content\/uploads\/Mod._162_-_Dynamic_I_11white_brass.png\" data-mediatype=1><img decoding=\"async\" class=\"html5galleryimg\" src=\"https:\/\/www.feurich.com\/wp-content\/uploads\/Mod._162_-_Dynamic_I_11white_brass-1024x768.png\" alt=\"Mod._162_-_Dynamic_I_#11white_brass\" data-description=\"Wei\u00df poliert \u2013 Messing\"><\/a><a href=\"https:\/\/www.feurich.com\/wp-content\/uploads\/Mod._162_-_Dynamic_I_bordeaux_polished.png\" data-mediatype=1><img decoding=\"async\" class=\"html5galleryimg\" src=\"https:\/\/www.feurich.com\/wp-content\/uploads\/Mod._162_-_Dynamic_I_bordeaux_polished-1024x768.png\" alt=\"Bordeaux poliert\" data-title=\"Mod._162_-_Dynamic_I_bordeaux_polished\" data-description=\"Bordeaux poliert\"><\/a><a href=\"https:\/\/www.feurich.com\/wp-content\/uploads\/Mod._162_-_Dynamic_I_18walnut_satin.png\" data-mediatype=1><img decoding=\"async\" class=\"html5galleryimg\" src=\"https:\/\/www.feurich.com\/wp-content\/uploads\/Mod._162_-_Dynamic_I_18walnut_satin-1024x768.png\" alt=\"Mod._162_-_Dynamic_I_#18walnut_satin\" data-description=\"Nuss satiniert\"><\/a><div class=\"wonderplugin-engine\"><a href=\"http:\/\/www.wonderplugin.com\/wordpress-gallery\/\" title=\"WordPress YouTube Gallery Plugin\">WordPress YouTube Gallery Plugin<\/a><\/div><\/div><\/div><script>jQuery(document).ready(function(){jQuery(\".wonderplugin-engine\").css({display:\"none\"});jQuery(\".wonderplugingallery\").wonderplugingallery({forceinit:true});});<\/script>[\/vc_column_text][\/vc_column][vc_column width=\u00a0\u00bb1\/2&Prime;][vc_column_text]<strong>Notre mod\u00e8le \u00ab\u00a0162 &#8211; Dynamic I\u00a0\u00bb est un instrument d&rsquo;enseignement et de formation populaire dans le monde entier. <\/strong><\/p>\n<p><strong>Rares sont les pianos \u00e0 queue de sa taille qui offrent une exp\u00e9rience sonore compl\u00e8te jusqu&rsquo;aux basses et peuvent \u00eatre parfaitement accord\u00e9s<\/strong>.<\/p>\n<p>Les cordes Paulello \u00ab\u00a0inoxydables\u00a0\u00bb sont une innovation qui am\u00e9liore consid\u00e9rablement le son et la long\u00e9vit\u00e9 du piano \u00e0 queue.<\/p>\n<p>Le Mod\u00e8le 162 &#8211; Dynamic I offre une palette dynamique ainsi qu&rsquo;une clart\u00e9 exceptionnelles pour un instrument de sa taille.<\/p>\n<p>\u2022 seulement 162 cm de long &#8211; id\u00e9al pour les petits espaces<\/p>\n<p>\u2022 Basse impressionnante pour un piano \u00e0 queue de cette taille<\/p>\n<p>\u2022 son clair et pur dans tout le spectre sonore<\/p>\n<p>\u2022 Mise \u00e0 l&rsquo;\u00e9chelle duplex pour une brillance in\u00e9gal\u00e9e dans les aigus<\/p>\n<p>\u2022 Sommier multicouche r\u00e9sistant au climat<\/p>\n<p>\u2022 Cordes en acier inoxydable Paulello<\/p>\n<p>\u2022 M\u00e9canique FEURICH innovante, pour une attaque rapide et pr\u00e9cise<\/p>\n<p>\u2022 Feutres de marteaux de qualit\u00e9 AA Wurzen<\/p>\n<p>\u2022 Clavier en bois noir pour une sensation particuli\u00e8rement authentique<\/p>\n<p>\u2022 Support de pupitre FEURICH avec lampe LED anti-\u00e9blouissement int\u00e9gr\u00e9e (seulement en mod\u00e8les noirs et blancs)<\/p>\n<p>Notre piano \u00e0 queue Mod\u00e8le 162 &#8211; Dynamic I est disponible en diff\u00e9rentes couleurs et peut \u00eatre aussi\u00a0 \u00e9quip\u00e9 du syst\u00e8me FEURICH Silencer. Vous voulez en savoir plus sur cet instrument? N&rsquo;h\u00e9sitez pas \u00e0 nous \u00e9crire![\/vc_column_text][\/vc_column][\/vc_row][vc_row][vc_column][vc_masonry_media_grid element_width=\u00a0\u00bb2&Prime; item=\u00a0\u00bbmediaGrid_Default\u00a0\u00bb grid_id=\u00a0\u00bbvc_gid:1583415713320-db629328-17f4-1&Prime; include=\u00a0\u00bb6813,6818,6828,6838,6823,6833&Prime;][\/vc_column][\/vc_row][vc_row][vc_column width=\u00a0\u00bb1\/3&Prime;][vc_column_text]<span style=\"font-size: 14pt;\"><strong>TELECHARGER LA FICHE PRODUIT<\/strong><\/span>[\/vc_column_text][vc_single_image image=\u00a0\u00bb7216&Prime; onclick=\u00a0\u00bbcustom_link\u00a0\u00bb img_link_target=\u00a0\u00bb_blank\u00a0\u00bb link=\u00a0\u00bb\/wp-content\/uploads\/Page_dinformation_162_web.pdf\u00a0\u00bb][\/vc_column][vc_column width=\u00a0\u00bb1\/3&Prime;][vc_column_text]<br \/>\n<span style=\"font-size: 14pt;\"><strong>VIDEO PRODUIT<\/strong><\/span><br \/>\n[\/vc_column_text][vc_column_text]<div class=\"wpb_video_widget wpb_content_element product-video vc_clearfix vc_video-aspect-ratio-43 vc_video-el-width-100 vc_video-align-left\"><div class=\"wpb_wrapper\"><div class=\"wpb_video_wrapper\"><div class=\"fluid-width-video-wrapper\"><iframe src=\"https:\/\/www.youtube.com\/embed\/AbJO4AcbbHk?feature=oembed\" frameborder=\"0\" gesture=\"media\" allow=\"encrypted-media\" allowfullscreen=\"\" class=\"vid-youtube\"><\/iframe><\/div><\/div><\/div><\/div>[\/vc_column_text][\/vc_column][vc_column width=\u00a0\u00bb1\/3&Prime;][vc_column_text]<br \/>\n<span style=\"font-size: 14pt;\"><strong>DIMENSIONS<\/strong><\/span><br \/>\n[\/vc_column_text][vc_single_image image=\u00a0\u00bb3000&Prime; img_size=\u00a0\u00bb360&#215;260&Prime;][\/vc_column][\/vc_row]<\/p>\n<\/div>","protected":false},"excerpt":{"rendered":"<p>Le FEURICH Mod.162 &#8211; Dynamic I offre des basses riches, une dynamique exceptionnelle ainsi qu&rsquo;une parfaite nettet\u00e9 du son pour un instrument de cette taille.<\/p>\n","protected":false},"author":7,"featured_media":0,"parent":11917,"menu_order":0,"comment_status":"closed","ping_status":"closed","template":"","meta":{"inline_featured_image":false,"footnotes":""},"class_list":["post-11976","page","type-page","status-publish","hentry"],"acf":[],"yoast_head":"<!-- This site is optimized with the Yoast SEO plugin v24.4 - https:\/\/yoast.com\/wordpress\/plugins\/seo\/ -->\n<title>Mod\u00e8le 162 - Dynamic I : D\u00e9tails - FEURICH<\/title>\n<meta name=\"robots\" content=\"index, follow, max-snippet:-1, max-image-preview:large, max-video-preview:-1\" \/>\n<link rel=\"canonical\" href=\"https:\/\/feurich.com\/fr\/produits\/pianos-classiques\/piano-a-queue-modele-162-dynamic-i\/modele-162-dynamic-i-details\/\" \/>\n<meta property=\"og:locale\" content=\"fr_FR\" \/>\n<meta property=\"og:type\" content=\"article\" \/>\n<meta property=\"og:title\" content=\"Mod\u00e8le 162 - Dynamic I : D\u00e9tails - FEURICH\" \/>\n<meta property=\"og:description\" content=\"Le FEURICH Mod.162 - Dynamic I offre des basses riches, une dynamique exceptionnelle ainsi qu&#039;une parfaite nettet\u00e9 du son pour un instrument de cette taille.\" \/>\n<meta property=\"og:url\" content=\"https:\/\/feurich.com\/fr\/produits\/pianos-classiques\/piano-a-queue-modele-162-dynamic-i\/modele-162-dynamic-i-details\/\" \/>\n<meta property=\"og:site_name\" content=\"FEURICH\" \/>\n<meta property=\"article:publisher\" content=\"https:\/\/www.facebook.com\/feurichvienna\/\" \/>\n<meta property=\"article:modified_time\" content=\"2022-02-24T12:38:35+00:00\" \/>\n<meta name=\"twitter:card\" content=\"summary_large_image\" \/>\n<meta name=\"twitter:label1\" content=\"Dur\u00e9e de lecture estim\u00e9e\" \/>\n\t<meta name=\"twitter:data1\" content=\"2 minutes\" \/>\n<script type=\"application\/ld+json\" class=\"yoast-schema-graph\">{\"@context\":\"https:\/\/schema.org\",\"@graph\":[{\"@type\":\"WebPage\",\"@id\":\"https:\/\/feurich.com\/fr\/produits\/pianos-classiques\/piano-a-queue-modele-162-dynamic-i\/modele-162-dynamic-i-details\/\",\"url\":\"https:\/\/feurich.com\/fr\/produits\/pianos-classiques\/piano-a-queue-modele-162-dynamic-i\/modele-162-dynamic-i-details\/\",\"name\":\"Mod\u00e8le 162 - Dynamic I : D\u00e9tails - FEURICH\",\"isPartOf\":{\"@id\":\"https:\/\/feurich.com\/en\/#website\"},\"datePublished\":\"2018-02-20T01:09:08+00:00\",\"dateModified\":\"2022-02-24T12:38:35+00:00\",\"breadcrumb\":{\"@id\":\"https:\/\/feurich.com\/fr\/produits\/pianos-classiques\/piano-a-queue-modele-162-dynamic-i\/modele-162-dynamic-i-details\/#breadcrumb\"},\"inLanguage\":\"fr-FR\",\"potentialAction\":[{\"@type\":\"ReadAction\",\"target\":[\"https:\/\/feurich.com\/fr\/produits\/pianos-classiques\/piano-a-queue-modele-162-dynamic-i\/modele-162-dynamic-i-details\/\"]}]},{\"@type\":\"BreadcrumbList\",\"@id\":\"https:\/\/feurich.com\/fr\/produits\/pianos-classiques\/piano-a-queue-modele-162-dynamic-i\/modele-162-dynamic-i-details\/#breadcrumb\",\"itemListElement\":[{\"@type\":\"ListItem\",\"position\":1,\"name\":\"Home\",\"item\":\"https:\/\/feurich.com\/fr\/\"},{\"@type\":\"ListItem\",\"position\":2,\"name\":\"Produits\",\"item\":\"https:\/\/feurich.com\/fr\/produits\/\"},{\"@type\":\"ListItem\",\"position\":3,\"name\":\"Pianos classiques\",\"item\":\"https:\/\/feurich.com\/fr\/produits\/pianos-classiques\/\"},{\"@type\":\"ListItem\",\"position\":4,\"name\":\"Piano \u00e0 queue Mod\u00e8le 162 &#8211; Dynamic I\",\"item\":\"https:\/\/feurich.com\/fr\/produits\/pianos-classiques\/piano-a-queue-modele-162-dynamic-i\/\"},{\"@type\":\"ListItem\",\"position\":5,\"name\":\"Mod\u00e8le 162 &#8211; Dynamic I : D\u00e9tails\"}]},{\"@type\":\"WebSite\",\"@id\":\"https:\/\/feurich.com\/en\/#website\",\"url\":\"https:\/\/feurich.com\/en\/\",\"name\":\"FEURICH\",\"description\":\"A sound that connects\",\"publisher\":{\"@id\":\"https:\/\/feurich.com\/en\/#organization\"},\"potentialAction\":[{\"@type\":\"SearchAction\",\"target\":{\"@type\":\"EntryPoint\",\"urlTemplate\":\"https:\/\/feurich.com\/en\/?s={search_term_string}\"},\"query-input\":{\"@type\":\"PropertyValueSpecification\",\"valueRequired\":true,\"valueName\":\"search_term_string\"}}],\"inLanguage\":\"fr-FR\"},{\"@type\":\"Organization\",\"@id\":\"https:\/\/feurich.com\/en\/#organization\",\"name\":\"FEURICH\",\"url\":\"https:\/\/feurich.com\/en\/\",\"logo\":{\"@type\":\"ImageObject\",\"inLanguage\":\"fr-FR\",\"@id\":\"https:\/\/feurich.com\/en\/#\/schema\/logo\/image\/\",\"url\":\"https:\/\/feurich.com\/wp-content\/uploads\/logo.png\",\"contentUrl\":\"https:\/\/feurich.com\/wp-content\/uploads\/logo.png\",\"width\":354,\"height\":151,\"caption\":\"FEURICH\"},\"image\":{\"@id\":\"https:\/\/feurich.com\/en\/#\/schema\/logo\/image\/\"},\"sameAs\":[\"https:\/\/www.facebook.com\/feurichvienna\/\"]}]}<\/script>\n<!-- \/ Yoast SEO plugin. -->","yoast_head_json":{"title":"Mod\u00e8le 162 - Dynamic I : D\u00e9tails - FEURICH","robots":{"index":"index","follow":"follow","max-snippet":"max-snippet:-1","max-image-preview":"max-image-preview:large","max-video-preview":"max-video-preview:-1"},"canonical":"https:\/\/feurich.com\/fr\/produits\/pianos-classiques\/piano-a-queue-modele-162-dynamic-i\/modele-162-dynamic-i-details\/","og_locale":"fr_FR","og_type":"article","og_title":"Mod\u00e8le 162 - Dynamic I : D\u00e9tails - FEURICH","og_description":"Le FEURICH Mod.162 - Dynamic I offre des basses riches, une dynamique exceptionnelle ainsi qu'une parfaite nettet\u00e9 du son pour un instrument de cette taille.","og_url":"https:\/\/feurich.com\/fr\/produits\/pianos-classiques\/piano-a-queue-modele-162-dynamic-i\/modele-162-dynamic-i-details\/","og_site_name":"FEURICH","article_publisher":"https:\/\/www.facebook.com\/feurichvienna\/","article_modified_time":"2022-02-24T12:38:35+00:00","twitter_card":"summary_large_image","twitter_misc":{"Dur\u00e9e de lecture estim\u00e9e":"2 minutes"},"schema":{"@context":"https:\/\/schema.org","@graph":[{"@type":"WebPage","@id":"https:\/\/feurich.com\/fr\/produits\/pianos-classiques\/piano-a-queue-modele-162-dynamic-i\/modele-162-dynamic-i-details\/","url":"https:\/\/feurich.com\/fr\/produits\/pianos-classiques\/piano-a-queue-modele-162-dynamic-i\/modele-162-dynamic-i-details\/","name":"Mod\u00e8le 162 - Dynamic I : D\u00e9tails - FEURICH","isPartOf":{"@id":"https:\/\/feurich.com\/en\/#website"},"datePublished":"2018-02-20T01:09:08+00:00","dateModified":"2022-02-24T12:38:35+00:00","breadcrumb":{"@id":"https:\/\/feurich.com\/fr\/produits\/pianos-classiques\/piano-a-queue-modele-162-dynamic-i\/modele-162-dynamic-i-details\/#breadcrumb"},"inLanguage":"fr-FR","potentialAction":[{"@type":"ReadAction","target":["https:\/\/feurich.com\/fr\/produits\/pianos-classiques\/piano-a-queue-modele-162-dynamic-i\/modele-162-dynamic-i-details\/"]}]},{"@type":"BreadcrumbList","@id":"https:\/\/feurich.com\/fr\/produits\/pianos-classiques\/piano-a-queue-modele-162-dynamic-i\/modele-162-dynamic-i-details\/#breadcrumb","itemListElement":[{"@type":"ListItem","position":1,"name":"Home","item":"https:\/\/feurich.com\/fr\/"},{"@type":"ListItem","position":2,"name":"Produits","item":"https:\/\/feurich.com\/fr\/produits\/"},{"@type":"ListItem","position":3,"name":"Pianos classiques","item":"https:\/\/feurich.com\/fr\/produits\/pianos-classiques\/"},{"@type":"ListItem","position":4,"name":"Piano \u00e0 queue Mod\u00e8le 162 &#8211; Dynamic I","item":"https:\/\/feurich.com\/fr\/produits\/pianos-classiques\/piano-a-queue-modele-162-dynamic-i\/"},{"@type":"ListItem","position":5,"name":"Mod\u00e8le 162 &#8211; Dynamic I : D\u00e9tails"}]},{"@type":"WebSite","@id":"https:\/\/feurich.com\/en\/#website","url":"https:\/\/feurich.com\/en\/","name":"FEURICH","description":"A sound that connects","publisher":{"@id":"https:\/\/feurich.com\/en\/#organization"},"potentialAction":[{"@type":"SearchAction","target":{"@type":"EntryPoint","urlTemplate":"https:\/\/feurich.com\/en\/?s={search_term_string}"},"query-input":{"@type":"PropertyValueSpecification","valueRequired":true,"valueName":"search_term_string"}}],"inLanguage":"fr-FR"},{"@type":"Organization","@id":"https:\/\/feurich.com\/en\/#organization","name":"FEURICH","url":"https:\/\/feurich.com\/en\/","logo":{"@type":"ImageObject","inLanguage":"fr-FR","@id":"https:\/\/feurich.com\/en\/#\/schema\/logo\/image\/","url":"https:\/\/feurich.com\/wp-content\/uploads\/logo.png","contentUrl":"https:\/\/feurich.com\/wp-content\/uploads\/logo.png","width":354,"height":151,"caption":"FEURICH"},"image":{"@id":"https:\/\/feurich.com\/en\/#\/schema\/logo\/image\/"},"sameAs":["https:\/\/www.facebook.com\/feurichvienna\/"]}]}},"_links":{"self":[{"href":"https:\/\/feurich.com\/fr\/wp-json\/wp\/v2\/pages\/11976","targetHints":{"allow":["GET"]}}],"collection":[{"href":"https:\/\/feurich.com\/fr\/wp-json\/wp\/v2\/pages"}],"about":[{"href":"https:\/\/feurich.com\/fr\/wp-json\/wp\/v2\/types\/page"}],"author":[{"embeddable":true,"href":"https:\/\/feurich.com\/fr\/wp-json\/wp\/v2\/users\/7"}],"replies":[{"embeddable":true,"href":"https:\/\/feurich.com\/fr\/wp-json\/wp\/v2\/comments?post=11976"}],"version-history":[{"count":22,"href":"https:\/\/feurich.com\/fr\/wp-json\/wp\/v2\/pages\/11976\/revisions"}],"predecessor-version":[{"id":57720,"href":"https:\/\/feurich.com\/fr\/wp-json\/wp\/v2\/pages\/11976\/revisions\/57720"}],"up":[{"embeddable":true,"href":"https:\/\/feurich.com\/fr\/wp-json\/wp\/v2\/pages\/11917"}],"wp:attachment":[{"href":"https:\/\/feurich.com\/fr\/wp-json\/wp\/v2\/media?parent=11976"}],"curies":[{"name":"wp","href":"https:\/\/api.w.org\/{rel}","templated":true}]}}