{"id":11964,"date":"2018-02-20T00:49:02","date_gmt":"2018-02-20T00:49:02","guid":{"rendered":"https:\/\/www.feurich.com\/accessoires\/rehausseurs-de-pedales\/"},"modified":"2018-09-19T07:09:18","modified_gmt":"2018-09-19T07:09:18","slug":"rehausseurs-de-pedales","status":"publish","type":"page","link":"https:\/\/feurich.com\/fr\/produits\/accessoires\/rehausseurs-de-pedales\/","title":{"rendered":"Rehausseurs de p\u00e9dales"},"content":{"rendered":"<div class=\"wpb-content-wrapper\"><p>[vc_row bg_type=\u00a0\u00bbimage\u00a0\u00bb parallax_style=\u00a0\u00bbvcpb-default\u00a0\u00bb bg_image_new=\u00a0\u00bbid^521|url^\/wp-content\/uploads\/2017\/08\/home-fon-bl3.jpg|caption^null|alt^null|title^home-fon-bl3|description^null\u00a0\u00bb bg_image_repeat=\u00a0\u00bbno-repeat\u00a0\u00bb bg_override=\u00a0\u00bbfull\u00a0\u00bb][vc_column 0=\u00a0\u00bb\u00a0\u00bb][vc_empty_space height=\u00a0\u00bb5px\u00a0\u00bb][vc_row_inner 0=\u00a0\u00bb\u00a0\u00bb][vc_column_inner width=\u00a0\u00bb1\/6&Prime;][\/vc_column_inner][vc_column_inner width=\u00a0\u00bb4\/6&Prime;][vc_column_text el_class=\u00a0\u00bbbig-title\u00a0\u00bb css=\u00a0\u00bb.vc_custom_1507010421196{margin-bottom: 15px !important;}\u00a0\u00bb]<\/p>\n<p style=\"text-align: center;\">Rehausseurs de p\u00e9dales<\/p>\n<p>[\/vc_column_text][vc_column_text 0=\u00a0\u00bb\u00a0\u00bb][\/vc_column_text][\/vc_column_inner][vc_column_inner width=\u00a0\u00bb1\/6&Prime;][\/vc_column_inner][\/vc_row_inner][vc_empty_space 0=\u00a0\u00bb\u00a0\u00bb][\/vc_column][\/vc_row][vc_row 0=\u00a0\u00bb\u00a0\u00bb][vc_column width=\u00a0\u00bb1\/3&Prime;][vc_single_image image=\u00a0\u00bb4242&Prime; img_size=\u00a0\u00bb360&#215;260&Prime; alignment=\u00a0\u00bbcenter\u00a0\u00bb css=\u00a0\u00bb.vc_custom_1511703510292{margin-bottom: 10px !important;}\u00a0\u00bb][\/vc_column][vc_column width=\u00a0\u00bb1\/3&Prime;][vc_column_text el_class=\u00a0\u00bbproducts-title\u00a0\u00bb]Quand les p\u00e9dales de piano grandissent[\/vc_column_text][vc_column_text 0=\u00a0\u00bb\u00a0\u00bb]Lorsque les pieds n&rsquo;atteignent pas les p\u00e9dales, les p\u00e9dales doivent atteindre les pieds. Le rehausseur de p\u00e9dales FEURICH est la solution pour les enfants trop petits pour atteindre les p\u00e9dales.<\/p>\n<p>Le temps est r\u00e9volu o\u00f9 certains morceaux doivent \u00eatre mis de c\u00f4t\u00e9 pendant quelques ann\u00e9es &#8211; d\u00e9sormais, tout morceau est jouable et accessible aux enfants, gr\u00e2ce au rehausseur de p\u00e9dales.[\/vc_column_text][vc_empty_space height=\u00a0\u00bb12px\u00a0\u00bb][vc_column_text el_class=\u00a0\u00bbproducts-title\u00a0\u00bb]Pas seulement pour les pianos FEURICH[\/vc_column_text][vc_column_text 0=\u00a0\u00bb\u00a0\u00bb]Le rehausseur de p\u00e9dales peut \u00eatre utilis\u00e9e avec n&rsquo;importe quel piano FEURICH, ainsi que pour de nombreuses autres marques de piano droit et \u00e0 queue.<\/p>\n<p>Pour plus d&rsquo;information, merci de nous contacter.[\/vc_column_text][\/vc_column][vc_column width=\u00a0\u00bb1\/3&Prime;][vc_single_image image=\u00a0\u00bb4250&Prime; img_size=\u00a0\u00bb360&#215;260&Prime; alignment=\u00a0\u00bbcenter\u00a0\u00bb css=\u00a0\u00bb.vc_custom_1511704144532{margin-bottom: 10px !important;}\u00a0\u00bb][\/vc_column][\/vc_row]<\/p>\n<\/div>","protected":false},"excerpt":{"rendered":"<p>Lorsque les pieds n&rsquo;atteignent pas les p\u00e9dales, les p\u00e9dales doivent atteindre les pieds.<\/p>\n","protected":false},"author":7,"featured_media":4260,"parent":11952,"menu_order":3,"comment_status":"closed","ping_status":"closed","template":"template-fullwidth.php","meta":{"inline_featured_image":false,"footnotes":""},"class_list":["post-11964","page","type-page","status-publish","has-post-thumbnail","hentry"],"acf":[],"yoast_head":"<!-- This site is optimized with the Yoast SEO plugin v24.4 - https:\/\/yoast.com\/wordpress\/plugins\/seo\/ -->\n<title>Rehausseurs de p\u00e9dales - FEURICH<\/title>\n<meta name=\"description\" content=\"Lorsque les pieds n&#039;atteignent pas les p\u00e9dales, les p\u00e9dales doivent atteindre les pieds. Le rehausseur de p\u00e9dales FEURICH est la solution pour les enfants trop petits pour atteindre les p\u00e9dales.\" \/>\n<meta name=\"robots\" content=\"index, follow, max-snippet:-1, max-image-preview:large, max-video-preview:-1\" \/>\n<link rel=\"canonical\" href=\"https:\/\/feurich.com\/fr\/produits\/accessoires\/rehausseurs-de-pedales\/\" \/>\n<meta property=\"og:locale\" content=\"fr_FR\" \/>\n<meta property=\"og:type\" content=\"article\" \/>\n<meta property=\"og:title\" content=\"Rehausseurs de p\u00e9dales - FEURICH\" \/>\n<meta property=\"og:description\" content=\"Lorsque les pieds n&#039;atteignent pas les p\u00e9dales, les p\u00e9dales doivent atteindre les pieds. Le rehausseur de p\u00e9dales FEURICH est la solution pour les enfants trop petits pour atteindre les p\u00e9dales.\" \/>\n<meta property=\"og:url\" content=\"https:\/\/feurich.com\/fr\/produits\/accessoires\/rehausseurs-de-pedales\/\" \/>\n<meta property=\"og:site_name\" content=\"FEURICH\" \/>\n<meta property=\"article:publisher\" content=\"https:\/\/www.facebook.com\/feurichvienna\/\" \/>\n<meta property=\"article:modified_time\" content=\"2018-09-19T07:09:18+00:00\" \/>\n<meta property=\"og:image\" content=\"https:\/\/feurich.com\/wp-content\/uploads\/FEURICH-Pedal-Extension-side.jpg\" \/>\n\t<meta property=\"og:image:width\" content=\"720\" \/>\n\t<meta property=\"og:image:height\" content=\"480\" \/>\n\t<meta property=\"og:image:type\" content=\"image\/jpeg\" \/>\n<meta name=\"twitter:card\" content=\"summary_large_image\" \/>\n<meta name=\"twitter:label1\" content=\"Dur\u00e9e de lecture estim\u00e9e\" \/>\n\t<meta name=\"twitter:data1\" content=\"1 minute\" \/>\n<script type=\"application\/ld+json\" class=\"yoast-schema-graph\">{\"@context\":\"https:\/\/schema.org\",\"@graph\":[{\"@type\":\"WebPage\",\"@id\":\"https:\/\/feurich.com\/fr\/produits\/accessoires\/rehausseurs-de-pedales\/\",\"url\":\"https:\/\/feurich.com\/fr\/produits\/accessoires\/rehausseurs-de-pedales\/\",\"name\":\"Rehausseurs de p\u00e9dales - FEURICH\",\"isPartOf\":{\"@id\":\"https:\/\/feurich.com\/en\/#website\"},\"primaryImageOfPage\":{\"@id\":\"https:\/\/feurich.com\/fr\/produits\/accessoires\/rehausseurs-de-pedales\/#primaryimage\"},\"image\":{\"@id\":\"https:\/\/feurich.com\/fr\/produits\/accessoires\/rehausseurs-de-pedales\/#primaryimage\"},\"thumbnailUrl\":\"https:\/\/feurich.com\/wp-content\/uploads\/FEURICH-Pedal-Extension-side.jpg\",\"datePublished\":\"2018-02-20T00:49:02+00:00\",\"dateModified\":\"2018-09-19T07:09:18+00:00\",\"description\":\"Lorsque les pieds n'atteignent pas les p\u00e9dales, les p\u00e9dales doivent atteindre les pieds. Le rehausseur de p\u00e9dales FEURICH est la solution pour les enfants trop petits pour atteindre les p\u00e9dales.\",\"breadcrumb\":{\"@id\":\"https:\/\/feurich.com\/fr\/produits\/accessoires\/rehausseurs-de-pedales\/#breadcrumb\"},\"inLanguage\":\"fr-FR\",\"potentialAction\":[{\"@type\":\"ReadAction\",\"target\":[\"https:\/\/feurich.com\/fr\/produits\/accessoires\/rehausseurs-de-pedales\/\"]}]},{\"@type\":\"ImageObject\",\"inLanguage\":\"fr-FR\",\"@id\":\"https:\/\/feurich.com\/fr\/produits\/accessoires\/rehausseurs-de-pedales\/#primaryimage\",\"url\":\"https:\/\/feurich.com\/wp-content\/uploads\/FEURICH-Pedal-Extension-side.jpg\",\"contentUrl\":\"https:\/\/feurich.com\/wp-content\/uploads\/FEURICH-Pedal-Extension-side.jpg\",\"width\":720,\"height\":480},{\"@type\":\"BreadcrumbList\",\"@id\":\"https:\/\/feurich.com\/fr\/produits\/accessoires\/rehausseurs-de-pedales\/#breadcrumb\",\"itemListElement\":[{\"@type\":\"ListItem\",\"position\":1,\"name\":\"Home\",\"item\":\"https:\/\/feurich.com\/fr\/\"},{\"@type\":\"ListItem\",\"position\":2,\"name\":\"Produits\",\"item\":\"https:\/\/feurich.com\/fr\/produits\/\"},{\"@type\":\"ListItem\",\"position\":3,\"name\":\"Accessoires\",\"item\":\"https:\/\/feurich.com\/fr\/produits\/accessoires\/\"},{\"@type\":\"ListItem\",\"position\":4,\"name\":\"Rehausseurs de p\u00e9dales\"}]},{\"@type\":\"WebSite\",\"@id\":\"https:\/\/feurich.com\/en\/#website\",\"url\":\"https:\/\/feurich.com\/en\/\",\"name\":\"FEURICH\",\"description\":\"A sound that connects\",\"publisher\":{\"@id\":\"https:\/\/feurich.com\/en\/#organization\"},\"potentialAction\":[{\"@type\":\"SearchAction\",\"target\":{\"@type\":\"EntryPoint\",\"urlTemplate\":\"https:\/\/feurich.com\/en\/?s={search_term_string}\"},\"query-input\":{\"@type\":\"PropertyValueSpecification\",\"valueRequired\":true,\"valueName\":\"search_term_string\"}}],\"inLanguage\":\"fr-FR\"},{\"@type\":\"Organization\",\"@id\":\"https:\/\/feurich.com\/en\/#organization\",\"name\":\"FEURICH\",\"url\":\"https:\/\/feurich.com\/en\/\",\"logo\":{\"@type\":\"ImageObject\",\"inLanguage\":\"fr-FR\",\"@id\":\"https:\/\/feurich.com\/en\/#\/schema\/logo\/image\/\",\"url\":\"https:\/\/feurich.com\/wp-content\/uploads\/logo.png\",\"contentUrl\":\"https:\/\/feurich.com\/wp-content\/uploads\/logo.png\",\"width\":354,\"height\":151,\"caption\":\"FEURICH\"},\"image\":{\"@id\":\"https:\/\/feurich.com\/en\/#\/schema\/logo\/image\/\"},\"sameAs\":[\"https:\/\/www.facebook.com\/feurichvienna\/\"]}]}<\/script>\n<!-- \/ Yoast SEO plugin. -->","yoast_head_json":{"title":"Rehausseurs de p\u00e9dales - FEURICH","description":"Lorsque les pieds n'atteignent pas les p\u00e9dales, les p\u00e9dales doivent atteindre les pieds. Le rehausseur de p\u00e9dales FEURICH est la solution pour les enfants trop petits pour atteindre les p\u00e9dales.","robots":{"index":"index","follow":"follow","max-snippet":"max-snippet:-1","max-image-preview":"max-image-preview:large","max-video-preview":"max-video-preview:-1"},"canonical":"https:\/\/feurich.com\/fr\/produits\/accessoires\/rehausseurs-de-pedales\/","og_locale":"fr_FR","og_type":"article","og_title":"Rehausseurs de p\u00e9dales - FEURICH","og_description":"Lorsque les pieds n'atteignent pas les p\u00e9dales, les p\u00e9dales doivent atteindre les pieds. Le rehausseur de p\u00e9dales FEURICH est la solution pour les enfants trop petits pour atteindre les p\u00e9dales.","og_url":"https:\/\/feurich.com\/fr\/produits\/accessoires\/rehausseurs-de-pedales\/","og_site_name":"FEURICH","article_publisher":"https:\/\/www.facebook.com\/feurichvienna\/","article_modified_time":"2018-09-19T07:09:18+00:00","og_image":[{"width":720,"height":480,"url":"https:\/\/feurich.com\/wp-content\/uploads\/FEURICH-Pedal-Extension-side.jpg","type":"image\/jpeg"}],"twitter_card":"summary_large_image","twitter_misc":{"Dur\u00e9e de lecture estim\u00e9e":"1 minute"},"schema":{"@context":"https:\/\/schema.org","@graph":[{"@type":"WebPage","@id":"https:\/\/feurich.com\/fr\/produits\/accessoires\/rehausseurs-de-pedales\/","url":"https:\/\/feurich.com\/fr\/produits\/accessoires\/rehausseurs-de-pedales\/","name":"Rehausseurs de p\u00e9dales - FEURICH","isPartOf":{"@id":"https:\/\/feurich.com\/en\/#website"},"primaryImageOfPage":{"@id":"https:\/\/feurich.com\/fr\/produits\/accessoires\/rehausseurs-de-pedales\/#primaryimage"},"image":{"@id":"https:\/\/feurich.com\/fr\/produits\/accessoires\/rehausseurs-de-pedales\/#primaryimage"},"thumbnailUrl":"https:\/\/feurich.com\/wp-content\/uploads\/FEURICH-Pedal-Extension-side.jpg","datePublished":"2018-02-20T00:49:02+00:00","dateModified":"2018-09-19T07:09:18+00:00","description":"Lorsque les pieds n'atteignent pas les p\u00e9dales, les p\u00e9dales doivent atteindre les pieds. Le rehausseur de p\u00e9dales FEURICH est la solution pour les enfants trop petits pour atteindre les p\u00e9dales.","breadcrumb":{"@id":"https:\/\/feurich.com\/fr\/produits\/accessoires\/rehausseurs-de-pedales\/#breadcrumb"},"inLanguage":"fr-FR","potentialAction":[{"@type":"ReadAction","target":["https:\/\/feurich.com\/fr\/produits\/accessoires\/rehausseurs-de-pedales\/"]}]},{"@type":"ImageObject","inLanguage":"fr-FR","@id":"https:\/\/feurich.com\/fr\/produits\/accessoires\/rehausseurs-de-pedales\/#primaryimage","url":"https:\/\/feurich.com\/wp-content\/uploads\/FEURICH-Pedal-Extension-side.jpg","contentUrl":"https:\/\/feurich.com\/wp-content\/uploads\/FEURICH-Pedal-Extension-side.jpg","width":720,"height":480},{"@type":"BreadcrumbList","@id":"https:\/\/feurich.com\/fr\/produits\/accessoires\/rehausseurs-de-pedales\/#breadcrumb","itemListElement":[{"@type":"ListItem","position":1,"name":"Home","item":"https:\/\/feurich.com\/fr\/"},{"@type":"ListItem","position":2,"name":"Produits","item":"https:\/\/feurich.com\/fr\/produits\/"},{"@type":"ListItem","position":3,"name":"Accessoires","item":"https:\/\/feurich.com\/fr\/produits\/accessoires\/"},{"@type":"ListItem","position":4,"name":"Rehausseurs de p\u00e9dales"}]},{"@type":"WebSite","@id":"https:\/\/feurich.com\/en\/#website","url":"https:\/\/feurich.com\/en\/","name":"FEURICH","description":"A sound that connects","publisher":{"@id":"https:\/\/feurich.com\/en\/#organization"},"potentialAction":[{"@type":"SearchAction","target":{"@type":"EntryPoint","urlTemplate":"https:\/\/feurich.com\/en\/?s={search_term_string}"},"query-input":{"@type":"PropertyValueSpecification","valueRequired":true,"valueName":"search_term_string"}}],"inLanguage":"fr-FR"},{"@type":"Organization","@id":"https:\/\/feurich.com\/en\/#organization","name":"FEURICH","url":"https:\/\/feurich.com\/en\/","logo":{"@type":"ImageObject","inLanguage":"fr-FR","@id":"https:\/\/feurich.com\/en\/#\/schema\/logo\/image\/","url":"https:\/\/feurich.com\/wp-content\/uploads\/logo.png","contentUrl":"https:\/\/feurich.com\/wp-content\/uploads\/logo.png","width":354,"height":151,"caption":"FEURICH"},"image":{"@id":"https:\/\/feurich.com\/en\/#\/schema\/logo\/image\/"},"sameAs":["https:\/\/www.facebook.com\/feurichvienna\/"]}]}},"_links":{"self":[{"href":"https:\/\/feurich.com\/fr\/wp-json\/wp\/v2\/pages\/11964","targetHints":{"allow":["GET"]}}],"collection":[{"href":"https:\/\/feurich.com\/fr\/wp-json\/wp\/v2\/pages"}],"about":[{"href":"https:\/\/feurich.com\/fr\/wp-json\/wp\/v2\/types\/page"}],"author":[{"embeddable":true,"href":"https:\/\/feurich.com\/fr\/wp-json\/wp\/v2\/users\/7"}],"replies":[{"embeddable":true,"href":"https:\/\/feurich.com\/fr\/wp-json\/wp\/v2\/comments?post=11964"}],"version-history":[{"count":6,"href":"https:\/\/feurich.com\/fr\/wp-json\/wp\/v2\/pages\/11964\/revisions"}],"predecessor-version":[{"id":20284,"href":"https:\/\/feurich.com\/fr\/wp-json\/wp\/v2\/pages\/11964\/revisions\/20284"}],"up":[{"embeddable":true,"href":"https:\/\/feurich.com\/fr\/wp-json\/wp\/v2\/pages\/11952"}],"wp:featuredmedia":[{"embeddable":true,"href":"https:\/\/feurich.com\/fr\/wp-json\/wp\/v2\/media\/4260"}],"wp:attachment":[{"href":"https:\/\/feurich.com\/fr\/wp-json\/wp\/v2\/media?parent=11964"}],"curies":[{"name":"wp","href":"https:\/\/api.w.org\/{rel}","templated":true}]}}