{"id":11957,"date":"2018-02-20T00:43:02","date_gmt":"2018-02-20T00:43:02","guid":{"rendered":"https:\/\/www.feurich.com\/accessoires\/banquettes-de-piano\/"},"modified":"2018-02-20T00:43:03","modified_gmt":"2018-02-20T00:43:03","slug":"banquettes-de-piano","status":"publish","type":"page","link":"https:\/\/feurich.com\/fr\/produits\/accessoires\/banquettes-de-piano\/","title":{"rendered":"Banquettes de piano"},"content":{"rendered":"<div class=\"wpb-content-wrapper\"><p>[vc_row bg_type=\u00a0\u00bbimage\u00a0\u00bb parallax_style=\u00a0\u00bbvcpb-default\u00a0\u00bb bg_image_new=\u00a0\u00bbid^521|url^\/wp-content\/uploads\/2017\/08\/home-fon-bl3.jpg|caption^null|alt^null|title^home-fon-bl3|description^null\u00a0\u00bb bg_image_repeat=\u00a0\u00bbno-repeat\u00a0\u00bb bg_override=\u00a0\u00bbfull\u00a0\u00bb][vc_column 0=\u00a0\u00bb\u00a0\u00bb][vc_empty_space height=\u00a0\u00bb5px\u00a0\u00bb][vc_row_inner 0=\u00a0\u00bb\u00a0\u00bb][vc_column_inner width=\u00a0\u00bb1\/6&Prime;][\/vc_column_inner][vc_column_inner width=\u00a0\u00bb4\/6&Prime;][vc_column_text el_class=\u00a0\u00bbbig-title\u00a0\u00bb css=\u00a0\u00bb.vc_custom_1507013499500{margin-bottom: 15px !important;}\u00a0\u00bb]<\/p>\n<p style=\"text-align: center\">Banquettes de piano<\/p>\n<p>[\/vc_column_text][vc_column_text 0=\u00a0\u00bb\u00a0\u00bb][\/vc_column_text][\/vc_column_inner][vc_column_inner width=\u00a0\u00bb1\/6&Prime;][\/vc_column_inner][\/vc_row_inner][vc_empty_space 0=\u00a0\u00bb\u00a0\u00bb][\/vc_column][\/vc_row][vc_row 0=\u00a0\u00bb\u00a0\u00bb][vc_column width=\u00a0\u00bb1\/3&Prime;][vc_column_text el_class=\u00a0\u00bbproducts-title\u00a0\u00bb]Con\u00e7ues par des pianistes[\/vc_column_text][vc_column_text 0=\u00a0\u00bb\u00a0\u00bb]Qui en sait plus sur les besoins des pianistes que les pianistes eux-m\u00eames ? C&rsquo;est pourquoi nous avons d\u00e9velopp\u00e9 nos bancs de piano exactement en fonction des besoins des pianistes modernes:<\/p>\n<p>hauteur r\u00e9glable pour une posture parfaite<br \/>\nextr\u00eamement confortable<br \/>\ntr\u00e8s robuste et durable<br \/>\n[\/vc_column_text][\/vc_column][vc_column width=\u00a0\u00bb1\/3&Prime;][vc_gallery interval=\u00a0\u00bb5&Prime; images=\u00a0\u00bb4348,4342,4336,4330,4324,4318,4312,4306,4300,4294,4288,4282,4276,4270,4264&Prime;][\/vc_column][vc_column width=\u00a0\u00bb1\/3&Prime;][vc_column_text el_class=\u00a0\u00bbproducts-title\u00a0\u00bb]Pour les professionnels et les particuliers[\/vc_column_text][vc_column_text 0=\u00a0\u00bb\u00a0\u00bb]Les pianistes ont des go\u00fbts tr\u00e8s individuels quand il s&rsquo;agit d&rsquo;apparences. C&rsquo;est pourquoi nous r\u00e9pondons \u00e0 tous les go\u00fbts dans les couleurs et les designs de nos bancs.<\/p>\n<p>Couleurs: Noir (poli ou satin\u00e9), Blanc (poli), Bordeaux (poli ou satin\u00e9), Noyer (poli ou satin\u00e9), Cerisier (satin), H\u00eatre (satin).<\/p>\n<p>Pour plus d&rsquo;informations sur nos bancs de piano, veuillez nous contacter. <a href=\"https:\/\/www.feurich.com\/?page_id=448\">&gt;&gt; Contact<\/a>[\/vc_column_text][\/vc_column][\/vc_row]<\/p>\n<\/div>","protected":false},"excerpt":{"rendered":"<p>Con\u00e7ues par des pianistes, pour un maximum de confort au piano.<\/p>\n","protected":false},"author":7,"featured_media":4644,"parent":11952,"menu_order":1,"comment_status":"closed","ping_status":"closed","template":"template-fullwidth.php","meta":{"inline_featured_image":false,"footnotes":""},"class_list":["post-11957","page","type-page","status-publish","has-post-thumbnail","hentry"],"acf":[],"yoast_head":"<!-- This site is optimized with the Yoast SEO plugin v24.4 - https:\/\/yoast.com\/wordpress\/plugins\/seo\/ -->\n<title>Banquettes de piano - FEURICH<\/title>\n<meta name=\"description\" content=\"Nous avons d\u00e9velopp\u00e9 nos banquettes de piano exactement selon les besoins des pianistes modernes: hauteur r\u00e9glable, tr\u00e8s robuste et durable, dans beaucoup de couleurs et de design.\" \/>\n<meta name=\"robots\" content=\"index, follow, max-snippet:-1, max-image-preview:large, max-video-preview:-1\" \/>\n<link rel=\"canonical\" href=\"https:\/\/feurich.com\/fr\/produits\/accessoires\/banquettes-de-piano\/\" \/>\n<meta property=\"og:locale\" content=\"fr_FR\" \/>\n<meta property=\"og:type\" content=\"article\" \/>\n<meta property=\"og:title\" content=\"Banquettes de piano - FEURICH\" \/>\n<meta property=\"og:description\" content=\"Nous avons d\u00e9velopp\u00e9 nos banquettes de piano exactement selon les besoins des pianistes modernes: hauteur r\u00e9glable, tr\u00e8s robuste et durable, dans beaucoup de couleurs et de design.\" \/>\n<meta property=\"og:url\" content=\"https:\/\/feurich.com\/fr\/produits\/accessoires\/banquettes-de-piano\/\" \/>\n<meta property=\"og:site_name\" content=\"FEURICH\" \/>\n<meta property=\"article:publisher\" content=\"https:\/\/www.facebook.com\/feurichvienna\/\" \/>\n<meta property=\"article:modified_time\" content=\"2018-02-20T00:43:03+00:00\" \/>\n<meta property=\"og:image\" content=\"https:\/\/feurich.com\/wp-content\/uploads\/FEURICH-Concert-Bench.jpg\" \/>\n\t<meta property=\"og:image:width\" content=\"350\" \/>\n\t<meta property=\"og:image:height\" content=\"240\" \/>\n\t<meta property=\"og:image:type\" content=\"image\/jpeg\" \/>\n<meta name=\"twitter:card\" content=\"summary_large_image\" \/>\n<meta name=\"twitter:label1\" content=\"Dur\u00e9e de lecture estim\u00e9e\" \/>\n\t<meta name=\"twitter:data1\" content=\"1 minute\" \/>\n<script type=\"application\/ld+json\" class=\"yoast-schema-graph\">{\"@context\":\"https:\/\/schema.org\",\"@graph\":[{\"@type\":\"WebPage\",\"@id\":\"https:\/\/feurich.com\/fr\/produits\/accessoires\/banquettes-de-piano\/\",\"url\":\"https:\/\/feurich.com\/fr\/produits\/accessoires\/banquettes-de-piano\/\",\"name\":\"Banquettes de piano - FEURICH\",\"isPartOf\":{\"@id\":\"https:\/\/feurich.com\/en\/#website\"},\"primaryImageOfPage\":{\"@id\":\"https:\/\/feurich.com\/fr\/produits\/accessoires\/banquettes-de-piano\/#primaryimage\"},\"image\":{\"@id\":\"https:\/\/feurich.com\/fr\/produits\/accessoires\/banquettes-de-piano\/#primaryimage\"},\"thumbnailUrl\":\"https:\/\/feurich.com\/wp-content\/uploads\/FEURICH-Concert-Bench.jpg\",\"datePublished\":\"2018-02-20T00:43:02+00:00\",\"dateModified\":\"2018-02-20T00:43:03+00:00\",\"description\":\"Nous avons d\u00e9velopp\u00e9 nos banquettes de piano exactement selon les besoins des pianistes modernes: hauteur r\u00e9glable, tr\u00e8s robuste et durable, dans beaucoup de couleurs et de design.\",\"breadcrumb\":{\"@id\":\"https:\/\/feurich.com\/fr\/produits\/accessoires\/banquettes-de-piano\/#breadcrumb\"},\"inLanguage\":\"fr-FR\",\"potentialAction\":[{\"@type\":\"ReadAction\",\"target\":[\"https:\/\/feurich.com\/fr\/produits\/accessoires\/banquettes-de-piano\/\"]}]},{\"@type\":\"ImageObject\",\"inLanguage\":\"fr-FR\",\"@id\":\"https:\/\/feurich.com\/fr\/produits\/accessoires\/banquettes-de-piano\/#primaryimage\",\"url\":\"https:\/\/feurich.com\/wp-content\/uploads\/FEURICH-Concert-Bench.jpg\",\"contentUrl\":\"https:\/\/feurich.com\/wp-content\/uploads\/FEURICH-Concert-Bench.jpg\",\"width\":350,\"height\":240},{\"@type\":\"BreadcrumbList\",\"@id\":\"https:\/\/feurich.com\/fr\/produits\/accessoires\/banquettes-de-piano\/#breadcrumb\",\"itemListElement\":[{\"@type\":\"ListItem\",\"position\":1,\"name\":\"Home\",\"item\":\"https:\/\/feurich.com\/fr\/\"},{\"@type\":\"ListItem\",\"position\":2,\"name\":\"Produits\",\"item\":\"https:\/\/feurich.com\/fr\/produits\/\"},{\"@type\":\"ListItem\",\"position\":3,\"name\":\"Accessoires\",\"item\":\"https:\/\/feurich.com\/fr\/produits\/accessoires\/\"},{\"@type\":\"ListItem\",\"position\":4,\"name\":\"Banquettes de piano\"}]},{\"@type\":\"WebSite\",\"@id\":\"https:\/\/feurich.com\/en\/#website\",\"url\":\"https:\/\/feurich.com\/en\/\",\"name\":\"FEURICH\",\"description\":\"A sound that connects\",\"publisher\":{\"@id\":\"https:\/\/feurich.com\/en\/#organization\"},\"potentialAction\":[{\"@type\":\"SearchAction\",\"target\":{\"@type\":\"EntryPoint\",\"urlTemplate\":\"https:\/\/feurich.com\/en\/?s={search_term_string}\"},\"query-input\":{\"@type\":\"PropertyValueSpecification\",\"valueRequired\":true,\"valueName\":\"search_term_string\"}}],\"inLanguage\":\"fr-FR\"},{\"@type\":\"Organization\",\"@id\":\"https:\/\/feurich.com\/en\/#organization\",\"name\":\"FEURICH\",\"url\":\"https:\/\/feurich.com\/en\/\",\"logo\":{\"@type\":\"ImageObject\",\"inLanguage\":\"fr-FR\",\"@id\":\"https:\/\/feurich.com\/en\/#\/schema\/logo\/image\/\",\"url\":\"https:\/\/feurich.com\/wp-content\/uploads\/logo.png\",\"contentUrl\":\"https:\/\/feurich.com\/wp-content\/uploads\/logo.png\",\"width\":354,\"height\":151,\"caption\":\"FEURICH\"},\"image\":{\"@id\":\"https:\/\/feurich.com\/en\/#\/schema\/logo\/image\/\"},\"sameAs\":[\"https:\/\/www.facebook.com\/feurichvienna\/\"]}]}<\/script>\n<!-- \/ Yoast SEO plugin. -->","yoast_head_json":{"title":"Banquettes de piano - FEURICH","description":"Nous avons d\u00e9velopp\u00e9 nos banquettes de piano exactement selon les besoins des pianistes modernes: hauteur r\u00e9glable, tr\u00e8s robuste et durable, dans beaucoup de couleurs et de design.","robots":{"index":"index","follow":"follow","max-snippet":"max-snippet:-1","max-image-preview":"max-image-preview:large","max-video-preview":"max-video-preview:-1"},"canonical":"https:\/\/feurich.com\/fr\/produits\/accessoires\/banquettes-de-piano\/","og_locale":"fr_FR","og_type":"article","og_title":"Banquettes de piano - FEURICH","og_description":"Nous avons d\u00e9velopp\u00e9 nos banquettes de piano exactement selon les besoins des pianistes modernes: hauteur r\u00e9glable, tr\u00e8s robuste et durable, dans beaucoup de couleurs et de design.","og_url":"https:\/\/feurich.com\/fr\/produits\/accessoires\/banquettes-de-piano\/","og_site_name":"FEURICH","article_publisher":"https:\/\/www.facebook.com\/feurichvienna\/","article_modified_time":"2018-02-20T00:43:03+00:00","og_image":[{"width":350,"height":240,"url":"https:\/\/feurich.com\/wp-content\/uploads\/FEURICH-Concert-Bench.jpg","type":"image\/jpeg"}],"twitter_card":"summary_large_image","twitter_misc":{"Dur\u00e9e de lecture estim\u00e9e":"1 minute"},"schema":{"@context":"https:\/\/schema.org","@graph":[{"@type":"WebPage","@id":"https:\/\/feurich.com\/fr\/produits\/accessoires\/banquettes-de-piano\/","url":"https:\/\/feurich.com\/fr\/produits\/accessoires\/banquettes-de-piano\/","name":"Banquettes de piano - FEURICH","isPartOf":{"@id":"https:\/\/feurich.com\/en\/#website"},"primaryImageOfPage":{"@id":"https:\/\/feurich.com\/fr\/produits\/accessoires\/banquettes-de-piano\/#primaryimage"},"image":{"@id":"https:\/\/feurich.com\/fr\/produits\/accessoires\/banquettes-de-piano\/#primaryimage"},"thumbnailUrl":"https:\/\/feurich.com\/wp-content\/uploads\/FEURICH-Concert-Bench.jpg","datePublished":"2018-02-20T00:43:02+00:00","dateModified":"2018-02-20T00:43:03+00:00","description":"Nous avons d\u00e9velopp\u00e9 nos banquettes de piano exactement selon les besoins des pianistes modernes: hauteur r\u00e9glable, tr\u00e8s robuste et durable, dans beaucoup de couleurs et de design.","breadcrumb":{"@id":"https:\/\/feurich.com\/fr\/produits\/accessoires\/banquettes-de-piano\/#breadcrumb"},"inLanguage":"fr-FR","potentialAction":[{"@type":"ReadAction","target":["https:\/\/feurich.com\/fr\/produits\/accessoires\/banquettes-de-piano\/"]}]},{"@type":"ImageObject","inLanguage":"fr-FR","@id":"https:\/\/feurich.com\/fr\/produits\/accessoires\/banquettes-de-piano\/#primaryimage","url":"https:\/\/feurich.com\/wp-content\/uploads\/FEURICH-Concert-Bench.jpg","contentUrl":"https:\/\/feurich.com\/wp-content\/uploads\/FEURICH-Concert-Bench.jpg","width":350,"height":240},{"@type":"BreadcrumbList","@id":"https:\/\/feurich.com\/fr\/produits\/accessoires\/banquettes-de-piano\/#breadcrumb","itemListElement":[{"@type":"ListItem","position":1,"name":"Home","item":"https:\/\/feurich.com\/fr\/"},{"@type":"ListItem","position":2,"name":"Produits","item":"https:\/\/feurich.com\/fr\/produits\/"},{"@type":"ListItem","position":3,"name":"Accessoires","item":"https:\/\/feurich.com\/fr\/produits\/accessoires\/"},{"@type":"ListItem","position":4,"name":"Banquettes de piano"}]},{"@type":"WebSite","@id":"https:\/\/feurich.com\/en\/#website","url":"https:\/\/feurich.com\/en\/","name":"FEURICH","description":"A sound that connects","publisher":{"@id":"https:\/\/feurich.com\/en\/#organization"},"potentialAction":[{"@type":"SearchAction","target":{"@type":"EntryPoint","urlTemplate":"https:\/\/feurich.com\/en\/?s={search_term_string}"},"query-input":{"@type":"PropertyValueSpecification","valueRequired":true,"valueName":"search_term_string"}}],"inLanguage":"fr-FR"},{"@type":"Organization","@id":"https:\/\/feurich.com\/en\/#organization","name":"FEURICH","url":"https:\/\/feurich.com\/en\/","logo":{"@type":"ImageObject","inLanguage":"fr-FR","@id":"https:\/\/feurich.com\/en\/#\/schema\/logo\/image\/","url":"https:\/\/feurich.com\/wp-content\/uploads\/logo.png","contentUrl":"https:\/\/feurich.com\/wp-content\/uploads\/logo.png","width":354,"height":151,"caption":"FEURICH"},"image":{"@id":"https:\/\/feurich.com\/en\/#\/schema\/logo\/image\/"},"sameAs":["https:\/\/www.facebook.com\/feurichvienna\/"]}]}},"_links":{"self":[{"href":"https:\/\/feurich.com\/fr\/wp-json\/wp\/v2\/pages\/11957","targetHints":{"allow":["GET"]}}],"collection":[{"href":"https:\/\/feurich.com\/fr\/wp-json\/wp\/v2\/pages"}],"about":[{"href":"https:\/\/feurich.com\/fr\/wp-json\/wp\/v2\/types\/page"}],"author":[{"embeddable":true,"href":"https:\/\/feurich.com\/fr\/wp-json\/wp\/v2\/users\/7"}],"replies":[{"embeddable":true,"href":"https:\/\/feurich.com\/fr\/wp-json\/wp\/v2\/comments?post=11957"}],"version-history":[{"count":5,"href":"https:\/\/feurich.com\/fr\/wp-json\/wp\/v2\/pages\/11957\/revisions"}],"predecessor-version":[{"id":11962,"href":"https:\/\/feurich.com\/fr\/wp-json\/wp\/v2\/pages\/11957\/revisions\/11962"}],"up":[{"embeddable":true,"href":"https:\/\/feurich.com\/fr\/wp-json\/wp\/v2\/pages\/11952"}],"wp:featuredmedia":[{"embeddable":true,"href":"https:\/\/feurich.com\/fr\/wp-json\/wp\/v2\/media\/4644"}],"wp:attachment":[{"href":"https:\/\/feurich.com\/fr\/wp-json\/wp\/v2\/media?parent=11957"}],"curies":[{"name":"wp","href":"https:\/\/api.w.org\/{rel}","templated":true}]}}