{"id":11952,"date":"2018-02-20T00:40:44","date_gmt":"2018-02-20T00:40:44","guid":{"rendered":"https:\/\/www.feurich.com\/accessoires\/"},"modified":"2019-03-18T15:18:41","modified_gmt":"2019-03-18T15:18:41","slug":"accessoires","status":"publish","type":"page","link":"https:\/\/feurich.com\/fr\/produits\/accessoires\/","title":{"rendered":"Accessoires"},"content":{"rendered":"<div class=\"wpb-content-wrapper\"><p>[vc_row bg_type=\u00a0\u00bbimage\u00a0\u00bb parallax_style=\u00a0\u00bbvcpb-default\u00a0\u00bb bg_image_new=\u00a0\u00bbid^521|url^\/wp-content\/uploads\/2017\/08\/home-fon-bl3.jpg|caption^null|alt^null|title^home-fon-bl3|description^null\u00a0\u00bb bg_image_repeat=\u00a0\u00bbno-repeat\u00a0\u00bb bg_override=\u00a0\u00bbfull\u00a0\u00bb][vc_column][vc_empty_space height=\u00a0\u00bb5px\u00a0\u00bb][vc_row_inner][vc_column_inner width=\u00a0\u00bb1\/6&Prime;][\/vc_column_inner][vc_column_inner width=\u00a0\u00bb4\/6&Prime;][vc_column_text el_class=\u00a0\u00bbbig-title\u00a0\u00bb css=\u00a0\u00bb.vc_custom_1506940813795{margin-bottom: 15px !important;}\u00a0\u00bb]<\/p>\n<p style=\"text-align: center;\">\n<span style=\"color: #ffffff;\">ACCESSOIRES<\/span><\/p>\n<p>[\/vc_column_text][vc_column_text]<\/p>\n<p style=\"text-align: center;\">\n<span style=\"color: #ffffff;\">Des syst\u00e8mes silencieux aux banquettes disponibles en multiples coloris, en passant par les housses personnalis\u00e9es FEURICH : vous trouverez ici des accessoires de haute qualit\u00e9 pour votre piano.<\/span><\/p>\n<p>[\/vc_column_text][\/vc_column_inner][vc_column_inner width=\u00a0\u00bb1\/6&Prime;][\/vc_column_inner][\/vc_row_inner][vc_empty_space][\/vc_column][\/vc_row][vc_row][vc_column][vc_column_text el_class=\u00a0\u00bbbig-title\u00a0\u00bb]<\/p>\n<p style=\"text-align: center;\">\nAJOUTS<\/p>\n<p>[\/vc_column_text][vc_empty_space height=\u00a0\u00bb20px\u00a0\u00bb][vc_basic_grid post_type=\u00a0\u00bbids\u00a0\u00bb gap=\u00a0\u00bb35&Prime; item=\u00a0\u00bb581&Prime; grid_id=\u00a0\u00bbvc_gid:1511727301296-0e27a0fb-63a1-6&Prime; include=\u00a0\u00bb1325, 1333, 1340&Prime;][vc_empty_space][\/vc_column][\/vc_row][vc_row][vc_column css=\u00a0\u00bb.vc_custom_1502378601289{padding-right: 50px !important;}\u00a0\u00bb][vc_column_text el_class=\u00a0\u00bbbig-title\u00a0\u00bb]<\/p>\n<p style=\"text-align: center;\">\nBONUS UTILES<\/p>\n<p>[\/vc_column_text][vc_empty_space height=\u00a0\u00bb20px\u00a0\u00bb][vc_basic_grid post_type=\u00a0\u00bbids\u00a0\u00bb style=\u00a0\u00bbload-more\u00a0\u00bb items_per_page=\u00a0\u00bb99&Prime; gap=\u00a0\u00bb35&Prime; item=\u00a0\u00bb581&Prime; grid_id=\u00a0\u00bbvc_gid:1511727301302-b6d8362d-7238-6&Prime; include=\u00a0\u00bb1345, 1351, 4403, 1355, 1360, 4370&Prime;][\/vc_column][\/vc_row][vc_row][vc_column][vc_empty_space][\/vc_column][\/vc_row]<\/p>\n<\/div>","protected":false},"excerpt":{"rendered":"<p>Des syst\u00e8mes silencieux aux banquettes disponibles en multiples coloris, en passant par les housses personnalis\u00e9es FEURICH : vous trouverez ici des accessoires de haute qualit\u00e9 pour votre piano. <\/p>\n","protected":false},"author":7,"featured_media":0,"parent":13294,"menu_order":0,"comment_status":"closed","ping_status":"closed","template":"template-fullwidth.php","meta":{"inline_featured_image":false,"footnotes":""},"class_list":["post-11952","page","type-page","status-publish","hentry"],"acf":[],"yoast_head":"<!-- This site is optimized with the Yoast SEO plugin v24.4 - https:\/\/yoast.com\/wordpress\/plugins\/seo\/ -->\n<title>Accessoires - FEURICH<\/title>\n<meta name=\"description\" content=\"Des syst\u00e8mes silencieux aux banquettes disponibles en multiples coloris, en passant par les housses personnalis\u00e9es FEURICH : vous trouverez ici des accessoires de haute qualit\u00e9 pour votre piano.\" \/>\n<meta name=\"robots\" content=\"index, follow, max-snippet:-1, max-image-preview:large, max-video-preview:-1\" \/>\n<link rel=\"canonical\" href=\"https:\/\/feurich.com\/fr\/produits\/accessoires\/\" \/>\n<meta property=\"og:locale\" content=\"fr_FR\" \/>\n<meta property=\"og:type\" content=\"article\" \/>\n<meta property=\"og:title\" content=\"Accessoires - FEURICH\" \/>\n<meta property=\"og:description\" content=\"Des syst\u00e8mes silencieux aux banquettes disponibles en multiples coloris, en passant par les housses personnalis\u00e9es FEURICH : vous trouverez ici des accessoires de haute qualit\u00e9 pour votre piano.\" \/>\n<meta property=\"og:url\" content=\"https:\/\/feurich.com\/fr\/produits\/accessoires\/\" \/>\n<meta property=\"og:site_name\" content=\"FEURICH\" \/>\n<meta property=\"article:publisher\" content=\"https:\/\/www.facebook.com\/feurichvienna\/\" \/>\n<meta property=\"article:modified_time\" content=\"2019-03-18T15:18:41+00:00\" \/>\n<meta name=\"twitter:card\" content=\"summary_large_image\" \/>\n<meta name=\"twitter:label1\" content=\"Dur\u00e9e de lecture estim\u00e9e\" \/>\n\t<meta name=\"twitter:data1\" content=\"1 minute\" \/>\n<script type=\"application\/ld+json\" class=\"yoast-schema-graph\">{\"@context\":\"https:\/\/schema.org\",\"@graph\":[{\"@type\":\"WebPage\",\"@id\":\"https:\/\/feurich.com\/fr\/produits\/accessoires\/\",\"url\":\"https:\/\/feurich.com\/fr\/produits\/accessoires\/\",\"name\":\"Accessoires - FEURICH\",\"isPartOf\":{\"@id\":\"https:\/\/feurich.com\/en\/#website\"},\"datePublished\":\"2018-02-20T00:40:44+00:00\",\"dateModified\":\"2019-03-18T15:18:41+00:00\",\"description\":\"Des syst\u00e8mes silencieux aux banquettes disponibles en multiples coloris, en passant par les housses personnalis\u00e9es FEURICH : vous trouverez ici des accessoires de haute qualit\u00e9 pour votre piano.\",\"breadcrumb\":{\"@id\":\"https:\/\/feurich.com\/fr\/produits\/accessoires\/#breadcrumb\"},\"inLanguage\":\"fr-FR\",\"potentialAction\":[{\"@type\":\"ReadAction\",\"target\":[\"https:\/\/feurich.com\/fr\/produits\/accessoires\/\"]}]},{\"@type\":\"BreadcrumbList\",\"@id\":\"https:\/\/feurich.com\/fr\/produits\/accessoires\/#breadcrumb\",\"itemListElement\":[{\"@type\":\"ListItem\",\"position\":1,\"name\":\"Home\",\"item\":\"https:\/\/feurich.com\/fr\/\"},{\"@type\":\"ListItem\",\"position\":2,\"name\":\"Produits\",\"item\":\"https:\/\/feurich.com\/fr\/produits\/\"},{\"@type\":\"ListItem\",\"position\":3,\"name\":\"Accessoires\"}]},{\"@type\":\"WebSite\",\"@id\":\"https:\/\/feurich.com\/en\/#website\",\"url\":\"https:\/\/feurich.com\/en\/\",\"name\":\"FEURICH\",\"description\":\"A sound that connects\",\"publisher\":{\"@id\":\"https:\/\/feurich.com\/en\/#organization\"},\"potentialAction\":[{\"@type\":\"SearchAction\",\"target\":{\"@type\":\"EntryPoint\",\"urlTemplate\":\"https:\/\/feurich.com\/en\/?s={search_term_string}\"},\"query-input\":{\"@type\":\"PropertyValueSpecification\",\"valueRequired\":true,\"valueName\":\"search_term_string\"}}],\"inLanguage\":\"fr-FR\"},{\"@type\":\"Organization\",\"@id\":\"https:\/\/feurich.com\/en\/#organization\",\"name\":\"FEURICH\",\"url\":\"https:\/\/feurich.com\/en\/\",\"logo\":{\"@type\":\"ImageObject\",\"inLanguage\":\"fr-FR\",\"@id\":\"https:\/\/feurich.com\/en\/#\/schema\/logo\/image\/\",\"url\":\"https:\/\/feurich.com\/wp-content\/uploads\/logo.png\",\"contentUrl\":\"https:\/\/feurich.com\/wp-content\/uploads\/logo.png\",\"width\":354,\"height\":151,\"caption\":\"FEURICH\"},\"image\":{\"@id\":\"https:\/\/feurich.com\/en\/#\/schema\/logo\/image\/\"},\"sameAs\":[\"https:\/\/www.facebook.com\/feurichvienna\/\"]}]}<\/script>\n<!-- \/ Yoast SEO plugin. -->","yoast_head_json":{"title":"Accessoires - FEURICH","description":"Des syst\u00e8mes silencieux aux banquettes disponibles en multiples coloris, en passant par les housses personnalis\u00e9es FEURICH : vous trouverez ici des accessoires de haute qualit\u00e9 pour votre piano.","robots":{"index":"index","follow":"follow","max-snippet":"max-snippet:-1","max-image-preview":"max-image-preview:large","max-video-preview":"max-video-preview:-1"},"canonical":"https:\/\/feurich.com\/fr\/produits\/accessoires\/","og_locale":"fr_FR","og_type":"article","og_title":"Accessoires - FEURICH","og_description":"Des syst\u00e8mes silencieux aux banquettes disponibles en multiples coloris, en passant par les housses personnalis\u00e9es FEURICH : vous trouverez ici des accessoires de haute qualit\u00e9 pour votre piano.","og_url":"https:\/\/feurich.com\/fr\/produits\/accessoires\/","og_site_name":"FEURICH","article_publisher":"https:\/\/www.facebook.com\/feurichvienna\/","article_modified_time":"2019-03-18T15:18:41+00:00","twitter_card":"summary_large_image","twitter_misc":{"Dur\u00e9e de lecture estim\u00e9e":"1 minute"},"schema":{"@context":"https:\/\/schema.org","@graph":[{"@type":"WebPage","@id":"https:\/\/feurich.com\/fr\/produits\/accessoires\/","url":"https:\/\/feurich.com\/fr\/produits\/accessoires\/","name":"Accessoires - FEURICH","isPartOf":{"@id":"https:\/\/feurich.com\/en\/#website"},"datePublished":"2018-02-20T00:40:44+00:00","dateModified":"2019-03-18T15:18:41+00:00","description":"Des syst\u00e8mes silencieux aux banquettes disponibles en multiples coloris, en passant par les housses personnalis\u00e9es FEURICH : vous trouverez ici des accessoires de haute qualit\u00e9 pour votre piano.","breadcrumb":{"@id":"https:\/\/feurich.com\/fr\/produits\/accessoires\/#breadcrumb"},"inLanguage":"fr-FR","potentialAction":[{"@type":"ReadAction","target":["https:\/\/feurich.com\/fr\/produits\/accessoires\/"]}]},{"@type":"BreadcrumbList","@id":"https:\/\/feurich.com\/fr\/produits\/accessoires\/#breadcrumb","itemListElement":[{"@type":"ListItem","position":1,"name":"Home","item":"https:\/\/feurich.com\/fr\/"},{"@type":"ListItem","position":2,"name":"Produits","item":"https:\/\/feurich.com\/fr\/produits\/"},{"@type":"ListItem","position":3,"name":"Accessoires"}]},{"@type":"WebSite","@id":"https:\/\/feurich.com\/en\/#website","url":"https:\/\/feurich.com\/en\/","name":"FEURICH","description":"A sound that connects","publisher":{"@id":"https:\/\/feurich.com\/en\/#organization"},"potentialAction":[{"@type":"SearchAction","target":{"@type":"EntryPoint","urlTemplate":"https:\/\/feurich.com\/en\/?s={search_term_string}"},"query-input":{"@type":"PropertyValueSpecification","valueRequired":true,"valueName":"search_term_string"}}],"inLanguage":"fr-FR"},{"@type":"Organization","@id":"https:\/\/feurich.com\/en\/#organization","name":"FEURICH","url":"https:\/\/feurich.com\/en\/","logo":{"@type":"ImageObject","inLanguage":"fr-FR","@id":"https:\/\/feurich.com\/en\/#\/schema\/logo\/image\/","url":"https:\/\/feurich.com\/wp-content\/uploads\/logo.png","contentUrl":"https:\/\/feurich.com\/wp-content\/uploads\/logo.png","width":354,"height":151,"caption":"FEURICH"},"image":{"@id":"https:\/\/feurich.com\/en\/#\/schema\/logo\/image\/"},"sameAs":["https:\/\/www.facebook.com\/feurichvienna\/"]}]}},"_links":{"self":[{"href":"https:\/\/feurich.com\/fr\/wp-json\/wp\/v2\/pages\/11952","targetHints":{"allow":["GET"]}}],"collection":[{"href":"https:\/\/feurich.com\/fr\/wp-json\/wp\/v2\/pages"}],"about":[{"href":"https:\/\/feurich.com\/fr\/wp-json\/wp\/v2\/types\/page"}],"author":[{"embeddable":true,"href":"https:\/\/feurich.com\/fr\/wp-json\/wp\/v2\/users\/7"}],"replies":[{"embeddable":true,"href":"https:\/\/feurich.com\/fr\/wp-json\/wp\/v2\/comments?post=11952"}],"version-history":[{"count":6,"href":"https:\/\/feurich.com\/fr\/wp-json\/wp\/v2\/pages\/11952\/revisions"}],"predecessor-version":[{"id":22766,"href":"https:\/\/feurich.com\/fr\/wp-json\/wp\/v2\/pages\/11952\/revisions\/22766"}],"up":[{"embeddable":true,"href":"https:\/\/feurich.com\/fr\/wp-json\/wp\/v2\/pages\/13294"}],"wp:attachment":[{"href":"https:\/\/feurich.com\/fr\/wp-json\/wp\/v2\/media?parent=11952"}],"curies":[{"name":"wp","href":"https:\/\/api.w.org\/{rel}","templated":true}]}}