{"id":11946,"date":"2018-02-20T00:39:37","date_gmt":"2018-02-20T00:39:37","guid":{"rendered":"https:\/\/www.feurich.com\/couvertures-de-piano\/"},"modified":"2018-02-20T00:39:38","modified_gmt":"2018-02-20T00:39:38","slug":"couvertures-de-piano","status":"publish","type":"page","link":"https:\/\/feurich.com\/fr\/produits\/accessoires\/couvertures-de-piano\/","title":{"rendered":"Couvertures de piano"},"content":{"rendered":"<div class=\"wpb-content-wrapper\"><p>[vc_row bg_type=\u00a0\u00bbimage\u00a0\u00bb parallax_style=\u00a0\u00bbvcpb-default\u00a0\u00bb bg_image_new=\u00a0\u00bbid^521|url^\/wp-content\/uploads\/2017\/08\/home-fon-bl3.jpg|caption^null|alt^null|title^home-fon-bl3|description^null\u00a0\u00bb bg_image_repeat=\u00a0\u00bbno-repeat\u00a0\u00bb bg_override=\u00a0\u00bbfull\u00a0\u00bb][vc_column 0=\u00a0\u00bb\u00a0\u00bb][vc_empty_space height=\u00a0\u00bb5px\u00a0\u00bb][vc_row_inner 0=\u00a0\u00bb\u00a0\u00bb][vc_column_inner width=\u00a0\u00bb1\/6&Prime;][\/vc_column_inner][vc_column_inner width=\u00a0\u00bb4\/6&Prime;][vc_column_text el_class=\u00a0\u00bbbig-title\u00a0\u00bb css=\u00a0\u00bb.vc_custom_1507013745650{margin-bottom: 15px !important;}\u00a0\u00bb]<\/p>\n<p style=\"text-align: center\">Couvertures de piano<\/p>\n<p>[\/vc_column_text][vc_column_text 0=\u00a0\u00bb\u00a0\u00bb][\/vc_column_text][\/vc_column_inner][vc_column_inner width=\u00a0\u00bb1\/6&Prime;][\/vc_column_inner][\/vc_row_inner][vc_empty_space 0=\u00a0\u00bb\u00a0\u00bb][\/vc_column][\/vc_row][vc_row 0=\u00a0\u00bb\u00a0\u00bb][vc_column width=\u00a0\u00bb1\/3&Prime;][vc_column_text el_class=\u00a0\u00bbproducts-title\u00a0\u00bb]La meilleure protection[\/vc_column_text][vc_column_text 0=\u00a0\u00bb\u00a0\u00bb]Nos couvercles de piano ultra-durables offrent la meilleure protection pour votre piano FEURICH bien-aim\u00e9. Il existe des housses pour chaque piano droit et \u00e0 queue FEURICH, et elles peuvent \u00e9galement \u00eatre fabriqu\u00e9es sur mesure pour convenir \u00e0 n&rsquo;importe quel piano de n&rsquo;importe quelle marque.<\/p>\n<p>L&rsquo;ext\u00e9rieur de la couverture est fait d&rsquo;un simili cuir attrayant, tandis que l&rsquo;int\u00e9rieur est rempli de feutre mou pour prot\u00e9ger la surface de votre piano.[\/vc_column_text][\/vc_column][vc_column width=\u00a0\u00bb1\/3&Prime;][vc_single_image image=\u00a0\u00bb6471&Prime; img_size=\u00a0\u00bblarge\u00a0\u00bb alignment=\u00a0\u00bbcenter\u00a0\u00bb css=\u00a0\u00bb.vc_custom_1512626822914{margin-bottom: 10px !important;}\u00a0\u00bb][\/vc_column][vc_column width=\u00a0\u00bb1\/3&Prime;][vc_column_text el_class=\u00a0\u00bbproducts-title\u00a0\u00bb]Couvertures sur mesure[\/vc_column_text][vc_column_text 0=\u00a0\u00bb\u00a0\u00bb]Les housses de piano FEURICH sont faites \u00e0 la main et soigneusement finies. Ils peuvent \u00e9galement \u00eatre fabriqu\u00e9s sur mesure pour r\u00e9pondre \u00e0 vos besoins.<\/p>\n<p>Si vous souhaitez une couverture de piano sur mesure, veuillez nous contacter pour plus d&rsquo;informations. <a href=\"https:\/\/feurich.com\/fr\/information-contact\/contact\/\">&gt;&gt; Contact<\/a>[\/vc_column_text][\/vc_column][\/vc_row]<\/p>\n<\/div>","protected":false},"excerpt":{"rendered":"<p>La protection parfaite et de bon go\u00fbt pour votre piano bien-aim\u00e9<\/p>\n","protected":false},"author":7,"featured_media":4574,"parent":11952,"menu_order":2,"comment_status":"closed","ping_status":"closed","template":"template-fullwidth.php","meta":{"inline_featured_image":false,"footnotes":""},"class_list":["post-11946","page","type-page","status-publish","has-post-thumbnail","hentry"],"acf":[],"yoast_head":"<!-- This site is optimized with the Yoast SEO plugin v24.4 - https:\/\/yoast.com\/wordpress\/plugins\/seo\/ -->\n<title>Couvertures de piano - FEURICH<\/title>\n<meta name=\"description\" content=\"Nos couvercles de piano ultra-r\u00e9sistants offrent la meilleure protection pour votre piano droit ou \u00e0 queue FEURICH. Ils peuvent \u00e9galement \u00eatre fabriqu\u00e9s sur mesure pour s&#039;adapter \u00e0 n&#039;importe quel piano de n&#039;importe quelle marque.\" \/>\n<meta name=\"robots\" content=\"index, follow, max-snippet:-1, max-image-preview:large, max-video-preview:-1\" \/>\n<link rel=\"canonical\" href=\"https:\/\/feurich.com\/fr\/produits\/accessoires\/couvertures-de-piano\/\" \/>\n<meta property=\"og:locale\" content=\"fr_FR\" \/>\n<meta property=\"og:type\" content=\"article\" \/>\n<meta property=\"og:title\" content=\"Couvertures de piano - FEURICH\" \/>\n<meta property=\"og:description\" content=\"Nos couvercles de piano ultra-r\u00e9sistants offrent la meilleure protection pour votre piano droit ou \u00e0 queue FEURICH. Ils peuvent \u00e9galement \u00eatre fabriqu\u00e9s sur mesure pour s&#039;adapter \u00e0 n&#039;importe quel piano de n&#039;importe quelle marque.\" \/>\n<meta property=\"og:url\" content=\"https:\/\/feurich.com\/fr\/produits\/accessoires\/couvertures-de-piano\/\" \/>\n<meta property=\"og:site_name\" content=\"FEURICH\" \/>\n<meta property=\"article:publisher\" content=\"https:\/\/www.facebook.com\/feurichvienna\/\" \/>\n<meta property=\"article:modified_time\" content=\"2018-02-20T00:39:38+00:00\" \/>\n<meta property=\"og:image\" content=\"https:\/\/feurich.com\/wp-content\/uploads\/Covers-Fine-black-imitation-leather-with-soft-felt-inside-Custom-Made-2.jpg\" \/>\n\t<meta property=\"og:image:width\" content=\"720\" \/>\n\t<meta property=\"og:image:height\" content=\"480\" \/>\n\t<meta property=\"og:image:type\" content=\"image\/jpeg\" \/>\n<meta name=\"twitter:card\" content=\"summary_large_image\" \/>\n<meta name=\"twitter:label1\" content=\"Dur\u00e9e de lecture estim\u00e9e\" \/>\n\t<meta name=\"twitter:data1\" content=\"1 minute\" \/>\n<script type=\"application\/ld+json\" class=\"yoast-schema-graph\">{\"@context\":\"https:\/\/schema.org\",\"@graph\":[{\"@type\":\"WebPage\",\"@id\":\"https:\/\/feurich.com\/fr\/produits\/accessoires\/couvertures-de-piano\/\",\"url\":\"https:\/\/feurich.com\/fr\/produits\/accessoires\/couvertures-de-piano\/\",\"name\":\"Couvertures de piano - FEURICH\",\"isPartOf\":{\"@id\":\"https:\/\/feurich.com\/en\/#website\"},\"primaryImageOfPage\":{\"@id\":\"https:\/\/feurich.com\/fr\/produits\/accessoires\/couvertures-de-piano\/#primaryimage\"},\"image\":{\"@id\":\"https:\/\/feurich.com\/fr\/produits\/accessoires\/couvertures-de-piano\/#primaryimage\"},\"thumbnailUrl\":\"https:\/\/feurich.com\/wp-content\/uploads\/Covers-Fine-black-imitation-leather-with-soft-felt-inside-Custom-Made-2.jpg\",\"datePublished\":\"2018-02-20T00:39:37+00:00\",\"dateModified\":\"2018-02-20T00:39:38+00:00\",\"description\":\"Nos couvercles de piano ultra-r\u00e9sistants offrent la meilleure protection pour votre piano droit ou \u00e0 queue FEURICH. Ils peuvent \u00e9galement \u00eatre fabriqu\u00e9s sur mesure pour s'adapter \u00e0 n'importe quel piano de n'importe quelle marque.\",\"breadcrumb\":{\"@id\":\"https:\/\/feurich.com\/fr\/produits\/accessoires\/couvertures-de-piano\/#breadcrumb\"},\"inLanguage\":\"fr-FR\",\"potentialAction\":[{\"@type\":\"ReadAction\",\"target\":[\"https:\/\/feurich.com\/fr\/produits\/accessoires\/couvertures-de-piano\/\"]}]},{\"@type\":\"ImageObject\",\"inLanguage\":\"fr-FR\",\"@id\":\"https:\/\/feurich.com\/fr\/produits\/accessoires\/couvertures-de-piano\/#primaryimage\",\"url\":\"https:\/\/feurich.com\/wp-content\/uploads\/Covers-Fine-black-imitation-leather-with-soft-felt-inside-Custom-Made-2.jpg\",\"contentUrl\":\"https:\/\/feurich.com\/wp-content\/uploads\/Covers-Fine-black-imitation-leather-with-soft-felt-inside-Custom-Made-2.jpg\",\"width\":720,\"height\":480,\"caption\":\"Covers Fine black imitation leather with soft felt inside (Custom-Made)\"},{\"@type\":\"BreadcrumbList\",\"@id\":\"https:\/\/feurich.com\/fr\/produits\/accessoires\/couvertures-de-piano\/#breadcrumb\",\"itemListElement\":[{\"@type\":\"ListItem\",\"position\":1,\"name\":\"Home\",\"item\":\"https:\/\/feurich.com\/fr\/\"},{\"@type\":\"ListItem\",\"position\":2,\"name\":\"Produits\",\"item\":\"https:\/\/feurich.com\/fr\/produits\/\"},{\"@type\":\"ListItem\",\"position\":3,\"name\":\"Accessoires\",\"item\":\"https:\/\/feurich.com\/fr\/produits\/accessoires\/\"},{\"@type\":\"ListItem\",\"position\":4,\"name\":\"Couvertures de piano\"}]},{\"@type\":\"WebSite\",\"@id\":\"https:\/\/feurich.com\/en\/#website\",\"url\":\"https:\/\/feurich.com\/en\/\",\"name\":\"FEURICH\",\"description\":\"A sound that connects\",\"publisher\":{\"@id\":\"https:\/\/feurich.com\/en\/#organization\"},\"potentialAction\":[{\"@type\":\"SearchAction\",\"target\":{\"@type\":\"EntryPoint\",\"urlTemplate\":\"https:\/\/feurich.com\/en\/?s={search_term_string}\"},\"query-input\":{\"@type\":\"PropertyValueSpecification\",\"valueRequired\":true,\"valueName\":\"search_term_string\"}}],\"inLanguage\":\"fr-FR\"},{\"@type\":\"Organization\",\"@id\":\"https:\/\/feurich.com\/en\/#organization\",\"name\":\"FEURICH\",\"url\":\"https:\/\/feurich.com\/en\/\",\"logo\":{\"@type\":\"ImageObject\",\"inLanguage\":\"fr-FR\",\"@id\":\"https:\/\/feurich.com\/en\/#\/schema\/logo\/image\/\",\"url\":\"https:\/\/feurich.com\/wp-content\/uploads\/logo.png\",\"contentUrl\":\"https:\/\/feurich.com\/wp-content\/uploads\/logo.png\",\"width\":354,\"height\":151,\"caption\":\"FEURICH\"},\"image\":{\"@id\":\"https:\/\/feurich.com\/en\/#\/schema\/logo\/image\/\"},\"sameAs\":[\"https:\/\/www.facebook.com\/feurichvienna\/\"]}]}<\/script>\n<!-- \/ Yoast SEO plugin. -->","yoast_head_json":{"title":"Couvertures de piano - FEURICH","description":"Nos couvercles de piano ultra-r\u00e9sistants offrent la meilleure protection pour votre piano droit ou \u00e0 queue FEURICH. Ils peuvent \u00e9galement \u00eatre fabriqu\u00e9s sur mesure pour s'adapter \u00e0 n'importe quel piano de n'importe quelle marque.","robots":{"index":"index","follow":"follow","max-snippet":"max-snippet:-1","max-image-preview":"max-image-preview:large","max-video-preview":"max-video-preview:-1"},"canonical":"https:\/\/feurich.com\/fr\/produits\/accessoires\/couvertures-de-piano\/","og_locale":"fr_FR","og_type":"article","og_title":"Couvertures de piano - FEURICH","og_description":"Nos couvercles de piano ultra-r\u00e9sistants offrent la meilleure protection pour votre piano droit ou \u00e0 queue FEURICH. Ils peuvent \u00e9galement \u00eatre fabriqu\u00e9s sur mesure pour s'adapter \u00e0 n'importe quel piano de n'importe quelle marque.","og_url":"https:\/\/feurich.com\/fr\/produits\/accessoires\/couvertures-de-piano\/","og_site_name":"FEURICH","article_publisher":"https:\/\/www.facebook.com\/feurichvienna\/","article_modified_time":"2018-02-20T00:39:38+00:00","og_image":[{"width":720,"height":480,"url":"https:\/\/feurich.com\/wp-content\/uploads\/Covers-Fine-black-imitation-leather-with-soft-felt-inside-Custom-Made-2.jpg","type":"image\/jpeg"}],"twitter_card":"summary_large_image","twitter_misc":{"Dur\u00e9e de lecture estim\u00e9e":"1 minute"},"schema":{"@context":"https:\/\/schema.org","@graph":[{"@type":"WebPage","@id":"https:\/\/feurich.com\/fr\/produits\/accessoires\/couvertures-de-piano\/","url":"https:\/\/feurich.com\/fr\/produits\/accessoires\/couvertures-de-piano\/","name":"Couvertures de piano - FEURICH","isPartOf":{"@id":"https:\/\/feurich.com\/en\/#website"},"primaryImageOfPage":{"@id":"https:\/\/feurich.com\/fr\/produits\/accessoires\/couvertures-de-piano\/#primaryimage"},"image":{"@id":"https:\/\/feurich.com\/fr\/produits\/accessoires\/couvertures-de-piano\/#primaryimage"},"thumbnailUrl":"https:\/\/feurich.com\/wp-content\/uploads\/Covers-Fine-black-imitation-leather-with-soft-felt-inside-Custom-Made-2.jpg","datePublished":"2018-02-20T00:39:37+00:00","dateModified":"2018-02-20T00:39:38+00:00","description":"Nos couvercles de piano ultra-r\u00e9sistants offrent la meilleure protection pour votre piano droit ou \u00e0 queue FEURICH. Ils peuvent \u00e9galement \u00eatre fabriqu\u00e9s sur mesure pour s'adapter \u00e0 n'importe quel piano de n'importe quelle marque.","breadcrumb":{"@id":"https:\/\/feurich.com\/fr\/produits\/accessoires\/couvertures-de-piano\/#breadcrumb"},"inLanguage":"fr-FR","potentialAction":[{"@type":"ReadAction","target":["https:\/\/feurich.com\/fr\/produits\/accessoires\/couvertures-de-piano\/"]}]},{"@type":"ImageObject","inLanguage":"fr-FR","@id":"https:\/\/feurich.com\/fr\/produits\/accessoires\/couvertures-de-piano\/#primaryimage","url":"https:\/\/feurich.com\/wp-content\/uploads\/Covers-Fine-black-imitation-leather-with-soft-felt-inside-Custom-Made-2.jpg","contentUrl":"https:\/\/feurich.com\/wp-content\/uploads\/Covers-Fine-black-imitation-leather-with-soft-felt-inside-Custom-Made-2.jpg","width":720,"height":480,"caption":"Covers Fine black imitation leather with soft felt inside (Custom-Made)"},{"@type":"BreadcrumbList","@id":"https:\/\/feurich.com\/fr\/produits\/accessoires\/couvertures-de-piano\/#breadcrumb","itemListElement":[{"@type":"ListItem","position":1,"name":"Home","item":"https:\/\/feurich.com\/fr\/"},{"@type":"ListItem","position":2,"name":"Produits","item":"https:\/\/feurich.com\/fr\/produits\/"},{"@type":"ListItem","position":3,"name":"Accessoires","item":"https:\/\/feurich.com\/fr\/produits\/accessoires\/"},{"@type":"ListItem","position":4,"name":"Couvertures de piano"}]},{"@type":"WebSite","@id":"https:\/\/feurich.com\/en\/#website","url":"https:\/\/feurich.com\/en\/","name":"FEURICH","description":"A sound that connects","publisher":{"@id":"https:\/\/feurich.com\/en\/#organization"},"potentialAction":[{"@type":"SearchAction","target":{"@type":"EntryPoint","urlTemplate":"https:\/\/feurich.com\/en\/?s={search_term_string}"},"query-input":{"@type":"PropertyValueSpecification","valueRequired":true,"valueName":"search_term_string"}}],"inLanguage":"fr-FR"},{"@type":"Organization","@id":"https:\/\/feurich.com\/en\/#organization","name":"FEURICH","url":"https:\/\/feurich.com\/en\/","logo":{"@type":"ImageObject","inLanguage":"fr-FR","@id":"https:\/\/feurich.com\/en\/#\/schema\/logo\/image\/","url":"https:\/\/feurich.com\/wp-content\/uploads\/logo.png","contentUrl":"https:\/\/feurich.com\/wp-content\/uploads\/logo.png","width":354,"height":151,"caption":"FEURICH"},"image":{"@id":"https:\/\/feurich.com\/en\/#\/schema\/logo\/image\/"},"sameAs":["https:\/\/www.facebook.com\/feurichvienna\/"]}]}},"_links":{"self":[{"href":"https:\/\/feurich.com\/fr\/wp-json\/wp\/v2\/pages\/11946","targetHints":{"allow":["GET"]}}],"collection":[{"href":"https:\/\/feurich.com\/fr\/wp-json\/wp\/v2\/pages"}],"about":[{"href":"https:\/\/feurich.com\/fr\/wp-json\/wp\/v2\/types\/page"}],"author":[{"embeddable":true,"href":"https:\/\/feurich.com\/fr\/wp-json\/wp\/v2\/users\/7"}],"replies":[{"embeddable":true,"href":"https:\/\/feurich.com\/fr\/wp-json\/wp\/v2\/comments?post=11946"}],"version-history":[{"count":6,"href":"https:\/\/feurich.com\/fr\/wp-json\/wp\/v2\/pages\/11946\/revisions"}],"predecessor-version":[{"id":20281,"href":"https:\/\/feurich.com\/fr\/wp-json\/wp\/v2\/pages\/11946\/revisions\/20281"}],"up":[{"embeddable":true,"href":"https:\/\/feurich.com\/fr\/wp-json\/wp\/v2\/pages\/11952"}],"wp:featuredmedia":[{"embeddable":true,"href":"https:\/\/feurich.com\/fr\/wp-json\/wp\/v2\/media\/4574"}],"wp:attachment":[{"href":"https:\/\/feurich.com\/fr\/wp-json\/wp\/v2\/media?parent=11946"}],"curies":[{"name":"wp","href":"https:\/\/api.w.org\/{rel}","templated":true}]}}