{"id":11937,"date":"2018-02-20T00:36:19","date_gmt":"2018-02-20T00:36:19","guid":{"rendered":"https:\/\/www.feurich.com\/pianos-classiques\/piano-a-queue-modele-179-dynamic-ii\/"},"modified":"2025-05-19T17:24:34","modified_gmt":"2025-05-19T17:24:34","slug":"piano-a-queue-modele-179-dynamic-ii","status":"publish","type":"page","link":"https:\/\/feurich.com\/fr\/produits\/pianos-classiques\/piano-a-queue-modele-179-dynamic-ii\/","title":{"rendered":"Piano \u00e0 queue Mod\u00e8le 179 &#8211; Dynamic II"},"content":{"rendered":"<div class=\"wpb-content-wrapper\"><p>[vc_row full_width=\u00a0\u00bbstretch_row_content_no_spaces\u00a0\u00bb][vc_column][vc_column_text el_class=\u00a0\u00bbno-bottom-margin\u00a0\u00bb]<ul class=\"piano-menu\" page-id=\"11854\"><li class=\"piano-menu-item\"><a class=\"piano-menu-link \" href=\"https:\/\/feurich.com\/fr\/produits\/pianos-classiques\/piano-mod-115-premiere\/\">115 \u2013 Premiere<\/a><\/li><li class=\"piano-menu-item\"><a class=\"piano-menu-link \" href=\"https:\/\/feurich.com\/fr\/produits\/pianos-classiques\/piano-mod-122-universal\/\">122 \u2013 Universal<\/a><\/li><li class=\"piano-menu-item\"><a class=\"piano-menu-link \" href=\"https:\/\/feurich.com\/fr\/produits\/pianos-classiques\/piano-modele-125-design\/\">125 - Design<\/a><\/li><li class=\"piano-menu-item\"><a class=\"piano-menu-link \" href=\"https:\/\/feurich.com\/fr\/produits\/pianos-classiques\/piano-133-concert\/\">133 \u2013 Concert<\/a><\/li><li class=\"piano-menu-item\"><a class=\"piano-menu-link \" href=\"https:\/\/feurich.com\/fr\/produits\/pianos-classiques\/piano-a-queue-modele-162-dynamic-i\/\">162 \u2013 Dynamic I<\/a><\/li><li class=\"piano-menu-item\"><a class=\"piano-menu-link piano-menu-link-active\" href=\"https:\/\/feurich.com\/fr\/produits\/pianos-classiques\/piano-a-queue-modele-179-dynamic-ii\/\">179 \u2013 Dynamic II<\/a><\/li><li class=\"piano-menu-item\"><a class=\"piano-menu-link \" href=\"https:\/\/feurich.com\/fr\/produits\/pianos-classiques\/piano-a-queue-modele-218-concert-i\/\">218 - Concert I<\/a><\/li><\/ul>[\/vc_column_text][vc_column_text]<div class=\"as-styles-warning\" style=\"width: 450px; background-color: #FFF; color: #F00; border: 1px solid #F00; padding: 10px; font-size: 14px;\">\n\t\t\t<span style=\"font-weight: bold;\">Warning: The stylesheets were not loaded!<\/span> \n\t\t\tYou will need to change the <i>Load stylesheets<\/i> setting from <i>Automatically<\/i> to <i>On homepage<\/i> or <i>On all pages<\/i>. \n\t\t\tYou can set that <a style=\"text-decoration: underline; color: #F00;\" href=\"https:\/\/feurich.com\/wp-admin\/admin.php?page=accordion-slider-lite-settings\">here<\/a>.\n\t\t\t<\/div>\r\n<div id=\"accordion-slider-14\" class=\"accordion-slider as-no-js\" style=\"width: 100%px; height: 440px;\">\r\n\t<div class=\"as-panels\">\r\n\t\t\r\n\t\t<div class=\"as-panel\">\r\n\t\t\t<img loading=\"lazy\" decoding=\"async\" class=\"as-background\" src=\"\/wp-content\/uploads\/FEURICH-Mod.-179-Dynamic-II-on-the-beach.jpg\" alt=\"FEURICH Mod. 179 - Dynamic II, on the beach\" title=\"FEURICH Mod. 179 - Dynamic II, on the beach\" width=\"660\" height=\"440\" \/>\r\n\t\t<\/div>\r\n\t\t<div class=\"as-panel\">\r\n\t\t\t<img loading=\"lazy\" decoding=\"async\" class=\"as-background\" src=\"\/wp-content\/uploads\/FEURICH-Mod.-179-Dynamic-II-Museumsquartier-Vienna.jpg\" alt=\"FEURICH Mod. 179 Dynamic II, Museumsquartier Vienna\" title=\"FEURICH Mod. 179 Dynamic II, Museumsquartier Vienna\" width=\"660\" height=\"440\" \/>\r\n\t\t<\/div>\r\n\t\t<div class=\"as-panel\">\r\n\t\t\t<img loading=\"lazy\" decoding=\"async\" class=\"as-background\" src=\"https:\/\/feurich.com\/wp-content\/uploads\/FEURICH-Mod.-179-Dynamic-II-Billrothsaal-1-e1741818008639.jpg\" title=\"FEURICH Mod. 179 Dynamic II, Loreen Marie Felicia 2\" width=\"293\" height=\"331\" \/>\r\n\t\t<\/div>\r\n\t\t<div class=\"as-panel\">\r\n\t\t\t<img loading=\"lazy\" decoding=\"async\" class=\"as-background\" src=\"https:\/\/feurich.com\/wp-content\/uploads\/FEURICH-179-Dynamic-II-Udo-Platz-der-Menschenrechte-scaled.jpg\" title=\"FEURICH 179 - Dynamic II Udo Platz der Menschenrechte\" width=\"2560\" height=\"1440\" \/>\r\n\t\t<\/div>\r\n\t\t<div class=\"as-panel\">\r\n\t\t\t<img loading=\"lazy\" decoding=\"async\" class=\"as-background\" src=\"https:\/\/feurich.com\/wp-content\/uploads\/FEURICH-Mod.-179-Dynamic-II-Maria-Theresia-Platz-e1741818107469.jpg\" title=\"FEURICH Mod. 179 - Dynamic II, Maria Theresia Platz\" width=\"302\" height=\"388\" \/>\r\n\t\t<\/div>\r\n\t\t<div class=\"as-panel\">\r\n\t\t\t<img loading=\"lazy\" decoding=\"async\" class=\"as-background\" src=\"\/wp-content\/uploads\/FEURICH-Mod.-179-Dynamic-II-on-the-beach-2-2.jpg\" alt=\"FEURICH Mod. 179 - Dynamic II, on the beach 2-2\" title=\"FEURICH Mod. 179 - Dynamic II, on the beach 2-2\" width=\"669\" height=\"440\" \/>\r\n\t\t<\/div>\r\n\t<\/div>\r\n<\/div>[\/vc_column_text][\/vc_column][\/vc_row][vc_row][vc_column width=\u00a0\u00bb1\/3&Prime;][vc_column_text el_class=\u00a0\u00bbpiano-title\u00a0\u00bb]Mod\u00e8le 179 &#8211; Dynamic II[\/vc_column_text][vc_single_image image=\u00a0\u00bb7135&Prime; img_size=\u00a0\u00bb357&#215;258&Prime; alignment=\u00a0\u00bbcenter\u00a0\u00bb onclick=\u00a0\u00bbcustom_link\u00a0\u00bb css=\u00a0\u00bb.vc_custom_1747675463556{margin-bottom: 10px !important;}\u00a0\u00bb link=\u00a0\u00bbhttps:\/\/feurich.com\/fr\/produits\/pianos-classiques\/piano-a-queue-modele-179-dynamic-ii\/modele-179-dynamic-ii-details\/\u00a0\u00bb][vc_column_text]La construction inhabituelle et tr\u00e8s large permet un son magnifique et durable avec des basses pures et riches.\u00a0<a href=\"https:\/\/feurich.com\/fr\/produits\/pianos-classiques\/piano-a-queue-modele-179-dynamic-ii\/modele-179-dynamic-ii-details\/\">&gt;&gt; Details<\/a>[\/vc_column_text][\/vc_column][vc_column width=\u00a0\u00bb1\/3&Prime;][vc_column_text el_class=\u00a0\u00bbpiano-title\u00a0\u00bb]D\u00e9tails techniques[\/vc_column_text][vc_single_image image=\u00a0\u00bb3250&Prime; img_size=\u00a0\u00bb360&#215;260&Prime; alignment=\u00a0\u00bbcenter\u00a0\u00bb onclick=\u00a0\u00bbcustom_link\u00a0\u00bb css=\u00a0\u00bb.vc_custom_1747675470751{margin-bottom: 10px !important;}\u00a0\u00bb link=\u00a0\u00bbhttps:\/\/feurich.com\/fr\/produits\/pianos-classiques\/piano-a-queue-modele-179-dynamic-ii\/modele-179-dynamic-ii-details\/\u00a0\u00bb][vc_column_text]Le cadre en fonte redessin\u00e9 et le jeu am\u00e9lior\u00e9 rendent ce piano \u00e0 queue encore meilleur que son pr\u00e9d\u00e9cesseur, le\u00a0 mod\u00e8le 179. <a href=\"https:\/\/feurich.com\/fr\/produits\/pianos-classiques\/piano-a-queue-modele-179-dynamic-ii\/modele-179-dynamic-ii-details\/\">&gt;&gt; Details<\/a>[\/vc_column_text][\/vc_column][vc_column width=\u00a0\u00bb1\/3&Prime;][vc_column_text el_class=\u00a0\u00bbpiano-title\u00a0\u00bb]Vid\u00e9o[\/vc_column_text][vc_column_text]<div class=\"wpb_video_widget wpb_content_element  vc_clearfix vc_video-aspect-ratio-43 vc_video-el-width-100 vc_video-align-left\"><div class=\"wpb_wrapper\"><div class=\"wpb_video_wrapper\"><div class=\"fluid-width-video-wrapper\"><iframe src=\"https:\/\/www.youtube.com\/embed\/J82GBNBBAZc?feature=oembed\" frameborder=\"0\" gesture=\"media\" allow=\"encrypted-media\" allowfullscreen=\"\" class=\"vid-youtube\"><\/iframe><\/div><\/div><\/div><\/div>[\/vc_column_text][vc_column_text]Le son est activ\u00e9, la vid\u00e9o est d\u00e9sactiv\u00e9e: nous vous pr\u00e9sentons le son, les d\u00e9tails et les caract\u00e9ristiques sp\u00e9ciales du <a href=\"https:\/\/www.youtube.com\/watch?v=jGNT742QsDQ\" target=\"_blank\" rel=\"noopener\"> FEURICH Mod.179 &#8211; Dynamic II <\/a>.[\/vc_column_text][\/vc_column][\/vc_row][vc_row][vc_column][vc_column_text][\/vc_column_text][\/vc_column][\/vc_row][vc_row][vc_column width=\u00a0\u00bb1\/3&Prime;][vc_empty_space][vc_column_text]<div class=\"wpb_video_widget wpb_content_element product-video vc_clearfix vc_video-aspect-ratio-43 vc_video-el-width-100 vc_video-align-left\"><div class=\"wpb_wrapper\"><div class=\"wpb_video_wrapper\"><div class=\"fluid-width-video-wrapper\"><iframe src=\"https:\/\/www.youtube.com\/embed\/n6cBdk02wCQ?feature=oembed\" frameborder=\"0\" gesture=\"media\" allow=\"encrypted-media\" allowfullscreen=\"\" class=\"vid-youtube\"><\/iframe><\/div><\/div><\/div><\/div>[\/vc_column_text][\/vc_column][vc_column width=\u00a0\u00bb1\/3&Prime;][vc_empty_space][vc_column_text]<div class=\"wpb_video_widget wpb_content_element product-video vc_clearfix vc_video-aspect-ratio-43 vc_video-el-width-100 vc_video-align-left\"><div class=\"wpb_wrapper\"><div class=\"wpb_video_wrapper\"><div class=\"fluid-width-video-wrapper\"><iframe src=\"https:\/\/www.youtube.com\/embed\/yy-dEHPyqro?feature=oembed\" frameborder=\"0\" gesture=\"media\" allow=\"encrypted-media\" allowfullscreen=\"\" class=\"vid-youtube\"><\/iframe><\/div><\/div><\/div><\/div>[\/vc_column_text][\/vc_column][vc_column width=\u00a0\u00bb1\/3&Prime;][vc_empty_space][vc_column_text]<div class=\"wpb_video_widget wpb_content_element product-video vc_clearfix vc_video-aspect-ratio-43 vc_video-el-width-100 vc_video-align-left\"><div class=\"wpb_wrapper\"><div class=\"wpb_video_wrapper\"><div class=\"fluid-width-video-wrapper\"><iframe src=\"https:\/\/www.youtube.com\/embed\/VxneFyWEVdQ?feature=oembed\" frameborder=\"0\" gesture=\"media\" allow=\"encrypted-media\" allowfullscreen=\"\" class=\"vid-youtube\"><\/iframe><\/div><\/div><\/div><\/div>[\/vc_column_text][\/vc_column][\/vc_row]<\/p>\n<\/div>","protected":false},"excerpt":{"rendered":"<p>La facture tr\u00e8s large permet un beau son durable, avec des basses pures et riches. Des atouts en plus du pr\u00e9c\u00e9dent mod\u00e8le !<\/p>\n","protected":false},"author":4,"featured_media":6986,"parent":11854,"menu_order":5,"comment_status":"closed","ping_status":"closed","template":"template-fullwidth.php","meta":{"inline_featured_image":false,"footnotes":""},"class_list":["post-11937","page","type-page","status-publish","has-post-thumbnail","hentry"],"acf":[],"yoast_head":"<!-- This site is optimized with the Yoast SEO plugin v24.4 - https:\/\/yoast.com\/wordpress\/plugins\/seo\/ -->\n<title>Piano \u00e0 queue Mod\u00e8le 179 - Dynamic II - FEURICH<\/title>\n<meta name=\"robots\" content=\"index, follow, max-snippet:-1, max-image-preview:large, max-video-preview:-1\" \/>\n<link rel=\"canonical\" href=\"https:\/\/feurich.com\/fr\/produits\/pianos-classiques\/piano-a-queue-modele-179-dynamic-ii\/\" \/>\n<meta property=\"og:locale\" content=\"fr_FR\" \/>\n<meta property=\"og:type\" content=\"article\" \/>\n<meta property=\"og:title\" content=\"Piano \u00e0 queue Mod\u00e8le 179 - Dynamic II - FEURICH\" \/>\n<meta property=\"og:description\" content=\"La facture tr\u00e8s large permet un beau son durable, avec des basses pures et riches. Des atouts en plus du pr\u00e9c\u00e9dent mod\u00e8le !\" \/>\n<meta property=\"og:url\" content=\"https:\/\/feurich.com\/fr\/produits\/pianos-classiques\/piano-a-queue-modele-179-dynamic-ii\/\" \/>\n<meta property=\"og:site_name\" content=\"FEURICH\" \/>\n<meta property=\"article:publisher\" content=\"https:\/\/www.facebook.com\/feurichvienna\/\" \/>\n<meta property=\"article:modified_time\" content=\"2025-05-19T17:24:34+00:00\" \/>\n<meta property=\"og:image\" content=\"https:\/\/feurich.com\/wp-content\/uploads\/Mod.-179-Dynamic-II-10CHblack_chrome-1.png\" \/>\n\t<meta property=\"og:image:width\" content=\"345\" \/>\n\t<meta property=\"og:image:height\" content=\"335\" \/>\n\t<meta property=\"og:image:type\" content=\"image\/png\" \/>\n<meta name=\"twitter:card\" content=\"summary_large_image\" \/>\n<meta name=\"twitter:label1\" content=\"Dur\u00e9e de lecture estim\u00e9e\" \/>\n\t<meta name=\"twitter:data1\" content=\"2 minutes\" \/>\n<script type=\"application\/ld+json\" class=\"yoast-schema-graph\">{\"@context\":\"https:\/\/schema.org\",\"@graph\":[{\"@type\":\"WebPage\",\"@id\":\"https:\/\/feurich.com\/fr\/produits\/pianos-classiques\/piano-a-queue-modele-179-dynamic-ii\/\",\"url\":\"https:\/\/feurich.com\/fr\/produits\/pianos-classiques\/piano-a-queue-modele-179-dynamic-ii\/\",\"name\":\"Piano \u00e0 queue Mod\u00e8le 179 - Dynamic II - FEURICH\",\"isPartOf\":{\"@id\":\"https:\/\/feurich.com\/en\/#website\"},\"primaryImageOfPage\":{\"@id\":\"https:\/\/feurich.com\/fr\/produits\/pianos-classiques\/piano-a-queue-modele-179-dynamic-ii\/#primaryimage\"},\"image\":{\"@id\":\"https:\/\/feurich.com\/fr\/produits\/pianos-classiques\/piano-a-queue-modele-179-dynamic-ii\/#primaryimage\"},\"thumbnailUrl\":\"https:\/\/feurich.com\/wp-content\/uploads\/Mod.-179-Dynamic-II-10CHblack_chrome-1.png\",\"datePublished\":\"2018-02-20T00:36:19+00:00\",\"dateModified\":\"2025-05-19T17:24:34+00:00\",\"breadcrumb\":{\"@id\":\"https:\/\/feurich.com\/fr\/produits\/pianos-classiques\/piano-a-queue-modele-179-dynamic-ii\/#breadcrumb\"},\"inLanguage\":\"fr-FR\",\"potentialAction\":[{\"@type\":\"ReadAction\",\"target\":[\"https:\/\/feurich.com\/fr\/produits\/pianos-classiques\/piano-a-queue-modele-179-dynamic-ii\/\"]}]},{\"@type\":\"ImageObject\",\"inLanguage\":\"fr-FR\",\"@id\":\"https:\/\/feurich.com\/fr\/produits\/pianos-classiques\/piano-a-queue-modele-179-dynamic-ii\/#primaryimage\",\"url\":\"https:\/\/feurich.com\/wp-content\/uploads\/Mod.-179-Dynamic-II-10CHblack_chrome-1.png\",\"contentUrl\":\"https:\/\/feurich.com\/wp-content\/uploads\/Mod.-179-Dynamic-II-10CHblack_chrome-1.png\",\"width\":345,\"height\":335},{\"@type\":\"BreadcrumbList\",\"@id\":\"https:\/\/feurich.com\/fr\/produits\/pianos-classiques\/piano-a-queue-modele-179-dynamic-ii\/#breadcrumb\",\"itemListElement\":[{\"@type\":\"ListItem\",\"position\":1,\"name\":\"Home\",\"item\":\"https:\/\/feurich.com\/fr\/\"},{\"@type\":\"ListItem\",\"position\":2,\"name\":\"Produits\",\"item\":\"https:\/\/feurich.com\/fr\/produits\/\"},{\"@type\":\"ListItem\",\"position\":3,\"name\":\"Pianos classiques\",\"item\":\"https:\/\/feurich.com\/fr\/produits\/pianos-classiques\/\"},{\"@type\":\"ListItem\",\"position\":4,\"name\":\"Piano \u00e0 queue Mod\u00e8le 179 &#8211; Dynamic II\"}]},{\"@type\":\"WebSite\",\"@id\":\"https:\/\/feurich.com\/en\/#website\",\"url\":\"https:\/\/feurich.com\/en\/\",\"name\":\"FEURICH\",\"description\":\"A sound that connects\",\"publisher\":{\"@id\":\"https:\/\/feurich.com\/en\/#organization\"},\"potentialAction\":[{\"@type\":\"SearchAction\",\"target\":{\"@type\":\"EntryPoint\",\"urlTemplate\":\"https:\/\/feurich.com\/en\/?s={search_term_string}\"},\"query-input\":{\"@type\":\"PropertyValueSpecification\",\"valueRequired\":true,\"valueName\":\"search_term_string\"}}],\"inLanguage\":\"fr-FR\"},{\"@type\":\"Organization\",\"@id\":\"https:\/\/feurich.com\/en\/#organization\",\"name\":\"FEURICH\",\"url\":\"https:\/\/feurich.com\/en\/\",\"logo\":{\"@type\":\"ImageObject\",\"inLanguage\":\"fr-FR\",\"@id\":\"https:\/\/feurich.com\/en\/#\/schema\/logo\/image\/\",\"url\":\"https:\/\/feurich.com\/wp-content\/uploads\/logo.png\",\"contentUrl\":\"https:\/\/feurich.com\/wp-content\/uploads\/logo.png\",\"width\":354,\"height\":151,\"caption\":\"FEURICH\"},\"image\":{\"@id\":\"https:\/\/feurich.com\/en\/#\/schema\/logo\/image\/\"},\"sameAs\":[\"https:\/\/www.facebook.com\/feurichvienna\/\"]}]}<\/script>\n<!-- \/ Yoast SEO plugin. -->","yoast_head_json":{"title":"Piano \u00e0 queue Mod\u00e8le 179 - Dynamic II - FEURICH","robots":{"index":"index","follow":"follow","max-snippet":"max-snippet:-1","max-image-preview":"max-image-preview:large","max-video-preview":"max-video-preview:-1"},"canonical":"https:\/\/feurich.com\/fr\/produits\/pianos-classiques\/piano-a-queue-modele-179-dynamic-ii\/","og_locale":"fr_FR","og_type":"article","og_title":"Piano \u00e0 queue Mod\u00e8le 179 - Dynamic II - FEURICH","og_description":"La facture tr\u00e8s large permet un beau son durable, avec des basses pures et riches. Des atouts en plus du pr\u00e9c\u00e9dent mod\u00e8le !","og_url":"https:\/\/feurich.com\/fr\/produits\/pianos-classiques\/piano-a-queue-modele-179-dynamic-ii\/","og_site_name":"FEURICH","article_publisher":"https:\/\/www.facebook.com\/feurichvienna\/","article_modified_time":"2025-05-19T17:24:34+00:00","og_image":[{"width":345,"height":335,"url":"https:\/\/feurich.com\/wp-content\/uploads\/Mod.-179-Dynamic-II-10CHblack_chrome-1.png","type":"image\/png"}],"twitter_card":"summary_large_image","twitter_misc":{"Dur\u00e9e de lecture estim\u00e9e":"2 minutes"},"schema":{"@context":"https:\/\/schema.org","@graph":[{"@type":"WebPage","@id":"https:\/\/feurich.com\/fr\/produits\/pianos-classiques\/piano-a-queue-modele-179-dynamic-ii\/","url":"https:\/\/feurich.com\/fr\/produits\/pianos-classiques\/piano-a-queue-modele-179-dynamic-ii\/","name":"Piano \u00e0 queue Mod\u00e8le 179 - Dynamic II - FEURICH","isPartOf":{"@id":"https:\/\/feurich.com\/en\/#website"},"primaryImageOfPage":{"@id":"https:\/\/feurich.com\/fr\/produits\/pianos-classiques\/piano-a-queue-modele-179-dynamic-ii\/#primaryimage"},"image":{"@id":"https:\/\/feurich.com\/fr\/produits\/pianos-classiques\/piano-a-queue-modele-179-dynamic-ii\/#primaryimage"},"thumbnailUrl":"https:\/\/feurich.com\/wp-content\/uploads\/Mod.-179-Dynamic-II-10CHblack_chrome-1.png","datePublished":"2018-02-20T00:36:19+00:00","dateModified":"2025-05-19T17:24:34+00:00","breadcrumb":{"@id":"https:\/\/feurich.com\/fr\/produits\/pianos-classiques\/piano-a-queue-modele-179-dynamic-ii\/#breadcrumb"},"inLanguage":"fr-FR","potentialAction":[{"@type":"ReadAction","target":["https:\/\/feurich.com\/fr\/produits\/pianos-classiques\/piano-a-queue-modele-179-dynamic-ii\/"]}]},{"@type":"ImageObject","inLanguage":"fr-FR","@id":"https:\/\/feurich.com\/fr\/produits\/pianos-classiques\/piano-a-queue-modele-179-dynamic-ii\/#primaryimage","url":"https:\/\/feurich.com\/wp-content\/uploads\/Mod.-179-Dynamic-II-10CHblack_chrome-1.png","contentUrl":"https:\/\/feurich.com\/wp-content\/uploads\/Mod.-179-Dynamic-II-10CHblack_chrome-1.png","width":345,"height":335},{"@type":"BreadcrumbList","@id":"https:\/\/feurich.com\/fr\/produits\/pianos-classiques\/piano-a-queue-modele-179-dynamic-ii\/#breadcrumb","itemListElement":[{"@type":"ListItem","position":1,"name":"Home","item":"https:\/\/feurich.com\/fr\/"},{"@type":"ListItem","position":2,"name":"Produits","item":"https:\/\/feurich.com\/fr\/produits\/"},{"@type":"ListItem","position":3,"name":"Pianos classiques","item":"https:\/\/feurich.com\/fr\/produits\/pianos-classiques\/"},{"@type":"ListItem","position":4,"name":"Piano \u00e0 queue Mod\u00e8le 179 &#8211; Dynamic II"}]},{"@type":"WebSite","@id":"https:\/\/feurich.com\/en\/#website","url":"https:\/\/feurich.com\/en\/","name":"FEURICH","description":"A sound that connects","publisher":{"@id":"https:\/\/feurich.com\/en\/#organization"},"potentialAction":[{"@type":"SearchAction","target":{"@type":"EntryPoint","urlTemplate":"https:\/\/feurich.com\/en\/?s={search_term_string}"},"query-input":{"@type":"PropertyValueSpecification","valueRequired":true,"valueName":"search_term_string"}}],"inLanguage":"fr-FR"},{"@type":"Organization","@id":"https:\/\/feurich.com\/en\/#organization","name":"FEURICH","url":"https:\/\/feurich.com\/en\/","logo":{"@type":"ImageObject","inLanguage":"fr-FR","@id":"https:\/\/feurich.com\/en\/#\/schema\/logo\/image\/","url":"https:\/\/feurich.com\/wp-content\/uploads\/logo.png","contentUrl":"https:\/\/feurich.com\/wp-content\/uploads\/logo.png","width":354,"height":151,"caption":"FEURICH"},"image":{"@id":"https:\/\/feurich.com\/en\/#\/schema\/logo\/image\/"},"sameAs":["https:\/\/www.facebook.com\/feurichvienna\/"]}]}},"_links":{"self":[{"href":"https:\/\/feurich.com\/fr\/wp-json\/wp\/v2\/pages\/11937","targetHints":{"allow":["GET"]}}],"collection":[{"href":"https:\/\/feurich.com\/fr\/wp-json\/wp\/v2\/pages"}],"about":[{"href":"https:\/\/feurich.com\/fr\/wp-json\/wp\/v2\/types\/page"}],"author":[{"embeddable":true,"href":"https:\/\/feurich.com\/fr\/wp-json\/wp\/v2\/users\/4"}],"replies":[{"embeddable":true,"href":"https:\/\/feurich.com\/fr\/wp-json\/wp\/v2\/comments?post=11937"}],"version-history":[{"count":4,"href":"https:\/\/feurich.com\/fr\/wp-json\/wp\/v2\/pages\/11937\/revisions"}],"predecessor-version":[{"id":85101,"href":"https:\/\/feurich.com\/fr\/wp-json\/wp\/v2\/pages\/11937\/revisions\/85101"}],"up":[{"embeddable":true,"href":"https:\/\/feurich.com\/fr\/wp-json\/wp\/v2\/pages\/11854"}],"wp:featuredmedia":[{"embeddable":true,"href":"https:\/\/feurich.com\/fr\/wp-json\/wp\/v2\/media\/6986"}],"wp:attachment":[{"href":"https:\/\/feurich.com\/fr\/wp-json\/wp\/v2\/media?parent=11937"}],"curies":[{"name":"wp","href":"https:\/\/api.w.org\/{rel}","templated":true}]}}