{"id":11927,"date":"2018-02-20T00:30:20","date_gmt":"2018-02-20T00:30:20","guid":{"rendered":"https:\/\/www.feurich.com\/sous-verres-pour-piano\/"},"modified":"2018-09-19T07:10:45","modified_gmt":"2018-09-19T07:10:45","slug":"sous-verres-pour-piano","status":"publish","type":"page","link":"https:\/\/feurich.com\/fr\/produits\/accessoires\/sous-verres-pour-piano\/","title":{"rendered":"Sous-verres pour piano"},"content":{"rendered":"<div class=\"wpb-content-wrapper\"><p>[vc_row bg_type=\u00a0\u00bbimage\u00a0\u00bb parallax_style=\u00a0\u00bbvcpb-default\u00a0\u00bb bg_image_new=\u00a0\u00bbid^521|url^\/wp-content\/uploads\/2017\/08\/home-fon-bl3.jpg|caption^null|alt^null|title^home-fon-bl3|description^null\u00a0\u00bb bg_image_repeat=\u00a0\u00bbno-repeat\u00a0\u00bb bg_override=\u00a0\u00bbfull\u00a0\u00bb][vc_column 0=\u00a0\u00bb\u00a0\u00bb][vc_empty_space height=\u00a0\u00bb5px\u00a0\u00bb][vc_row_inner 0=\u00a0\u00bb\u00a0\u00bb][vc_column_inner width=\u00a0\u00bb1\/6&Prime;][\/vc_column_inner][vc_column_inner width=\u00a0\u00bb4\/6&Prime;][vc_column_text el_class=\u00a0\u00bbbig-title\u00a0\u00bb css=\u00a0\u00bb.vc_custom_1507016193627{margin-bottom: 15px !important;}\u00a0\u00bb]<\/p>\n<p style=\"text-align: center;\">Sous-verres pour piano<\/p>\n<p>[\/vc_column_text][vc_column_text 0=\u00a0\u00bb\u00a0\u00bb][\/vc_column_text][\/vc_column_inner][vc_column_inner width=\u00a0\u00bb1\/6&Prime;][\/vc_column_inner][\/vc_row_inner][vc_empty_space 0=\u00a0\u00bb\u00a0\u00bb][\/vc_column][\/vc_row][vc_row 0=\u00a0\u00bb\u00a0\u00bb][vc_column width=\u00a0\u00bb1\/3&Prime;][vc_single_image image=\u00a0\u00bb4395&Prime; img_size=\u00a0\u00bblarge\u00a0\u00bb alignment=\u00a0\u00bbcenter\u00a0\u00bb css=\u00a0\u00bb.vc_custom_1511724262122{margin-bottom: 10px !important;}\u00a0\u00bb][\/vc_column][vc_column width=\u00a0\u00bb1\/3&Prime;][vc_column_text el_class=\u00a0\u00bbproducts-title\u00a0\u00bb]Protection pour votre sol &#8230;[\/vc_column_text][vc_column_text 0=\u00a0\u00bb\u00a0\u00bb]Nos coupelles pour piano ont \u00e9t\u00e9 sp\u00e9cialement con\u00e7ues pour r\u00e9pondre aux besoins de nos clients &#8211; en plexiglas gr\u00e2ce \u00e0 leur transparence, leur r\u00e9sistance et leur durabilit\u00e9 &#8211; les coupelles FEURICH constituent une solution \u00e9l\u00e9gante et efficace.[\/vc_column_text][\/vc_column][vc_column width=\u00a0\u00bb1\/3&Prime;][vc_column_text el_class=\u00a0\u00bbproducts-title\u00a0\u00bb]&#8230; et vos voisins[\/vc_column_text][vc_column_text 0=\u00a0\u00bb\u00a0\u00bb]Les coupelles ne rendent pas n\u00e9cessairement un piano plus stable, mais ils prot\u00e8gent le sol et peuvent \u00e9galement r\u00e9duire la transmission du son \u00e0 travers le sol, lorsqu&rsquo;ils sont utilis\u00e9s en combinaison avec une mousse insonorisante d\u00e9di\u00e9e.<\/p>\n<p>Pour plus d&rsquo;informations, n&rsquo;h\u00e9sitez pas \u00e0 nous contacter.<br \/>\n<a href=\"https:\/\/www.feurich.com\/?page_id=448\">&gt;&gt; Contact<\/a>[\/vc_column_text][\/vc_column][\/vc_row]<\/p>\n<\/div>","protected":false},"excerpt":{"rendered":"<p>Une protection presque invisible pour votre sol et vos voisins<\/p>\n","protected":false},"author":7,"featured_media":4398,"parent":11952,"menu_order":4,"comment_status":"closed","ping_status":"closed","template":"template-fullwidth.php","meta":{"inline_featured_image":false,"footnotes":""},"class_list":["post-11927","page","type-page","status-publish","has-post-thumbnail","hentry"],"acf":[],"yoast_head":"<!-- This site is optimized with the Yoast SEO plugin v24.4 - https:\/\/yoast.com\/wordpress\/plugins\/seo\/ -->\n<title>Sous-verres pour piano - FEURICH<\/title>\n<meta name=\"description\" content=\"Pour un positionnement parfait de votre instrument FEURICH, nous avons d\u00e9velopp\u00e9 des sous-verres sp\u00e9ciaux en plexiglas pour sa transparence, sa r\u00e9sistance et sa durabilit\u00e9.\" \/>\n<meta name=\"robots\" content=\"index, follow, max-snippet:-1, max-image-preview:large, max-video-preview:-1\" \/>\n<link rel=\"canonical\" href=\"https:\/\/feurich.com\/fr\/produits\/accessoires\/sous-verres-pour-piano\/\" \/>\n<meta property=\"og:locale\" content=\"fr_FR\" \/>\n<meta property=\"og:type\" content=\"article\" \/>\n<meta property=\"og:title\" content=\"Sous-verres pour piano - FEURICH\" \/>\n<meta property=\"og:description\" content=\"Pour un positionnement parfait de votre instrument FEURICH, nous avons d\u00e9velopp\u00e9 des sous-verres sp\u00e9ciaux en plexiglas pour sa transparence, sa r\u00e9sistance et sa durabilit\u00e9.\" \/>\n<meta property=\"og:url\" content=\"https:\/\/feurich.com\/fr\/produits\/accessoires\/sous-verres-pour-piano\/\" \/>\n<meta property=\"og:site_name\" content=\"FEURICH\" \/>\n<meta property=\"article:publisher\" content=\"https:\/\/www.facebook.com\/feurichvienna\/\" \/>\n<meta property=\"article:modified_time\" content=\"2018-09-19T07:10:45+00:00\" \/>\n<meta property=\"og:image\" content=\"https:\/\/feurich.com\/wp-content\/uploads\/FEURICH-Piano-Coster.jpg\" \/>\n\t<meta property=\"og:image:width\" content=\"720\" \/>\n\t<meta property=\"og:image:height\" content=\"480\" \/>\n\t<meta property=\"og:image:type\" content=\"image\/jpeg\" \/>\n<meta name=\"twitter:card\" content=\"summary_large_image\" \/>\n<meta name=\"twitter:label1\" content=\"Dur\u00e9e de lecture estim\u00e9e\" \/>\n\t<meta name=\"twitter:data1\" content=\"1 minute\" \/>\n<script type=\"application\/ld+json\" class=\"yoast-schema-graph\">{\"@context\":\"https:\/\/schema.org\",\"@graph\":[{\"@type\":\"WebPage\",\"@id\":\"https:\/\/feurich.com\/fr\/produits\/accessoires\/sous-verres-pour-piano\/\",\"url\":\"https:\/\/feurich.com\/fr\/produits\/accessoires\/sous-verres-pour-piano\/\",\"name\":\"Sous-verres pour piano - FEURICH\",\"isPartOf\":{\"@id\":\"https:\/\/feurich.com\/en\/#website\"},\"primaryImageOfPage\":{\"@id\":\"https:\/\/feurich.com\/fr\/produits\/accessoires\/sous-verres-pour-piano\/#primaryimage\"},\"image\":{\"@id\":\"https:\/\/feurich.com\/fr\/produits\/accessoires\/sous-verres-pour-piano\/#primaryimage\"},\"thumbnailUrl\":\"https:\/\/feurich.com\/wp-content\/uploads\/FEURICH-Piano-Coster.jpg\",\"datePublished\":\"2018-02-20T00:30:20+00:00\",\"dateModified\":\"2018-09-19T07:10:45+00:00\",\"description\":\"Pour un positionnement parfait de votre instrument FEURICH, nous avons d\u00e9velopp\u00e9 des sous-verres sp\u00e9ciaux en plexiglas pour sa transparence, sa r\u00e9sistance et sa durabilit\u00e9.\",\"breadcrumb\":{\"@id\":\"https:\/\/feurich.com\/fr\/produits\/accessoires\/sous-verres-pour-piano\/#breadcrumb\"},\"inLanguage\":\"fr-FR\",\"potentialAction\":[{\"@type\":\"ReadAction\",\"target\":[\"https:\/\/feurich.com\/fr\/produits\/accessoires\/sous-verres-pour-piano\/\"]}]},{\"@type\":\"ImageObject\",\"inLanguage\":\"fr-FR\",\"@id\":\"https:\/\/feurich.com\/fr\/produits\/accessoires\/sous-verres-pour-piano\/#primaryimage\",\"url\":\"https:\/\/feurich.com\/wp-content\/uploads\/FEURICH-Piano-Coster.jpg\",\"contentUrl\":\"https:\/\/feurich.com\/wp-content\/uploads\/FEURICH-Piano-Coster.jpg\",\"width\":720,\"height\":480},{\"@type\":\"BreadcrumbList\",\"@id\":\"https:\/\/feurich.com\/fr\/produits\/accessoires\/sous-verres-pour-piano\/#breadcrumb\",\"itemListElement\":[{\"@type\":\"ListItem\",\"position\":1,\"name\":\"Home\",\"item\":\"https:\/\/feurich.com\/fr\/\"},{\"@type\":\"ListItem\",\"position\":2,\"name\":\"Produits\",\"item\":\"https:\/\/feurich.com\/fr\/produits\/\"},{\"@type\":\"ListItem\",\"position\":3,\"name\":\"Accessoires\",\"item\":\"https:\/\/feurich.com\/fr\/produits\/accessoires\/\"},{\"@type\":\"ListItem\",\"position\":4,\"name\":\"Sous-verres pour piano\"}]},{\"@type\":\"WebSite\",\"@id\":\"https:\/\/feurich.com\/en\/#website\",\"url\":\"https:\/\/feurich.com\/en\/\",\"name\":\"FEURICH\",\"description\":\"A sound that connects\",\"publisher\":{\"@id\":\"https:\/\/feurich.com\/en\/#organization\"},\"potentialAction\":[{\"@type\":\"SearchAction\",\"target\":{\"@type\":\"EntryPoint\",\"urlTemplate\":\"https:\/\/feurich.com\/en\/?s={search_term_string}\"},\"query-input\":{\"@type\":\"PropertyValueSpecification\",\"valueRequired\":true,\"valueName\":\"search_term_string\"}}],\"inLanguage\":\"fr-FR\"},{\"@type\":\"Organization\",\"@id\":\"https:\/\/feurich.com\/en\/#organization\",\"name\":\"FEURICH\",\"url\":\"https:\/\/feurich.com\/en\/\",\"logo\":{\"@type\":\"ImageObject\",\"inLanguage\":\"fr-FR\",\"@id\":\"https:\/\/feurich.com\/en\/#\/schema\/logo\/image\/\",\"url\":\"https:\/\/feurich.com\/wp-content\/uploads\/logo.png\",\"contentUrl\":\"https:\/\/feurich.com\/wp-content\/uploads\/logo.png\",\"width\":354,\"height\":151,\"caption\":\"FEURICH\"},\"image\":{\"@id\":\"https:\/\/feurich.com\/en\/#\/schema\/logo\/image\/\"},\"sameAs\":[\"https:\/\/www.facebook.com\/feurichvienna\/\"]}]}<\/script>\n<!-- \/ Yoast SEO plugin. -->","yoast_head_json":{"title":"Sous-verres pour piano - FEURICH","description":"Pour un positionnement parfait de votre instrument FEURICH, nous avons d\u00e9velopp\u00e9 des sous-verres sp\u00e9ciaux en plexiglas pour sa transparence, sa r\u00e9sistance et sa durabilit\u00e9.","robots":{"index":"index","follow":"follow","max-snippet":"max-snippet:-1","max-image-preview":"max-image-preview:large","max-video-preview":"max-video-preview:-1"},"canonical":"https:\/\/feurich.com\/fr\/produits\/accessoires\/sous-verres-pour-piano\/","og_locale":"fr_FR","og_type":"article","og_title":"Sous-verres pour piano - FEURICH","og_description":"Pour un positionnement parfait de votre instrument FEURICH, nous avons d\u00e9velopp\u00e9 des sous-verres sp\u00e9ciaux en plexiglas pour sa transparence, sa r\u00e9sistance et sa durabilit\u00e9.","og_url":"https:\/\/feurich.com\/fr\/produits\/accessoires\/sous-verres-pour-piano\/","og_site_name":"FEURICH","article_publisher":"https:\/\/www.facebook.com\/feurichvienna\/","article_modified_time":"2018-09-19T07:10:45+00:00","og_image":[{"width":720,"height":480,"url":"https:\/\/feurich.com\/wp-content\/uploads\/FEURICH-Piano-Coster.jpg","type":"image\/jpeg"}],"twitter_card":"summary_large_image","twitter_misc":{"Dur\u00e9e de lecture estim\u00e9e":"1 minute"},"schema":{"@context":"https:\/\/schema.org","@graph":[{"@type":"WebPage","@id":"https:\/\/feurich.com\/fr\/produits\/accessoires\/sous-verres-pour-piano\/","url":"https:\/\/feurich.com\/fr\/produits\/accessoires\/sous-verres-pour-piano\/","name":"Sous-verres pour piano - FEURICH","isPartOf":{"@id":"https:\/\/feurich.com\/en\/#website"},"primaryImageOfPage":{"@id":"https:\/\/feurich.com\/fr\/produits\/accessoires\/sous-verres-pour-piano\/#primaryimage"},"image":{"@id":"https:\/\/feurich.com\/fr\/produits\/accessoires\/sous-verres-pour-piano\/#primaryimage"},"thumbnailUrl":"https:\/\/feurich.com\/wp-content\/uploads\/FEURICH-Piano-Coster.jpg","datePublished":"2018-02-20T00:30:20+00:00","dateModified":"2018-09-19T07:10:45+00:00","description":"Pour un positionnement parfait de votre instrument FEURICH, nous avons d\u00e9velopp\u00e9 des sous-verres sp\u00e9ciaux en plexiglas pour sa transparence, sa r\u00e9sistance et sa durabilit\u00e9.","breadcrumb":{"@id":"https:\/\/feurich.com\/fr\/produits\/accessoires\/sous-verres-pour-piano\/#breadcrumb"},"inLanguage":"fr-FR","potentialAction":[{"@type":"ReadAction","target":["https:\/\/feurich.com\/fr\/produits\/accessoires\/sous-verres-pour-piano\/"]}]},{"@type":"ImageObject","inLanguage":"fr-FR","@id":"https:\/\/feurich.com\/fr\/produits\/accessoires\/sous-verres-pour-piano\/#primaryimage","url":"https:\/\/feurich.com\/wp-content\/uploads\/FEURICH-Piano-Coster.jpg","contentUrl":"https:\/\/feurich.com\/wp-content\/uploads\/FEURICH-Piano-Coster.jpg","width":720,"height":480},{"@type":"BreadcrumbList","@id":"https:\/\/feurich.com\/fr\/produits\/accessoires\/sous-verres-pour-piano\/#breadcrumb","itemListElement":[{"@type":"ListItem","position":1,"name":"Home","item":"https:\/\/feurich.com\/fr\/"},{"@type":"ListItem","position":2,"name":"Produits","item":"https:\/\/feurich.com\/fr\/produits\/"},{"@type":"ListItem","position":3,"name":"Accessoires","item":"https:\/\/feurich.com\/fr\/produits\/accessoires\/"},{"@type":"ListItem","position":4,"name":"Sous-verres pour piano"}]},{"@type":"WebSite","@id":"https:\/\/feurich.com\/en\/#website","url":"https:\/\/feurich.com\/en\/","name":"FEURICH","description":"A sound that connects","publisher":{"@id":"https:\/\/feurich.com\/en\/#organization"},"potentialAction":[{"@type":"SearchAction","target":{"@type":"EntryPoint","urlTemplate":"https:\/\/feurich.com\/en\/?s={search_term_string}"},"query-input":{"@type":"PropertyValueSpecification","valueRequired":true,"valueName":"search_term_string"}}],"inLanguage":"fr-FR"},{"@type":"Organization","@id":"https:\/\/feurich.com\/en\/#organization","name":"FEURICH","url":"https:\/\/feurich.com\/en\/","logo":{"@type":"ImageObject","inLanguage":"fr-FR","@id":"https:\/\/feurich.com\/en\/#\/schema\/logo\/image\/","url":"https:\/\/feurich.com\/wp-content\/uploads\/logo.png","contentUrl":"https:\/\/feurich.com\/wp-content\/uploads\/logo.png","width":354,"height":151,"caption":"FEURICH"},"image":{"@id":"https:\/\/feurich.com\/en\/#\/schema\/logo\/image\/"},"sameAs":["https:\/\/www.facebook.com\/feurichvienna\/"]}]}},"_links":{"self":[{"href":"https:\/\/feurich.com\/fr\/wp-json\/wp\/v2\/pages\/11927","targetHints":{"allow":["GET"]}}],"collection":[{"href":"https:\/\/feurich.com\/fr\/wp-json\/wp\/v2\/pages"}],"about":[{"href":"https:\/\/feurich.com\/fr\/wp-json\/wp\/v2\/types\/page"}],"author":[{"embeddable":true,"href":"https:\/\/feurich.com\/fr\/wp-json\/wp\/v2\/users\/7"}],"replies":[{"embeddable":true,"href":"https:\/\/feurich.com\/fr\/wp-json\/wp\/v2\/comments?post=11927"}],"version-history":[{"count":7,"href":"https:\/\/feurich.com\/fr\/wp-json\/wp\/v2\/pages\/11927\/revisions"}],"predecessor-version":[{"id":20286,"href":"https:\/\/feurich.com\/fr\/wp-json\/wp\/v2\/pages\/11927\/revisions\/20286"}],"up":[{"embeddable":true,"href":"https:\/\/feurich.com\/fr\/wp-json\/wp\/v2\/pages\/11952"}],"wp:featuredmedia":[{"embeddable":true,"href":"https:\/\/feurich.com\/fr\/wp-json\/wp\/v2\/media\/4398"}],"wp:attachment":[{"href":"https:\/\/feurich.com\/fr\/wp-json\/wp\/v2\/media?parent=11927"}],"curies":[{"name":"wp","href":"https:\/\/api.w.org\/{rel}","templated":true}]}}