{"id":11907,"date":"2018-02-20T00:20:50","date_gmt":"2018-02-20T00:20:50","guid":{"rendered":"https:\/\/www.feurich.com\/production\/"},"modified":"2019-06-21T06:47:14","modified_gmt":"2019-06-21T06:47:14","slug":"production","status":"publish","type":"page","link":"https:\/\/feurich.com\/fr\/production\/","title":{"rendered":"Production"},"content":{"rendered":"<div class=\"wpb-content-wrapper\"><p>[vc_row][vc_column][rev_slider_vc alias=\u00a0\u00bbproduction\u00a0\u00bb][\/vc_column][\/vc_row][vc_row][vc_column width=\u00a0\u00bb1\/6&Prime;][\/vc_column][vc_column width=\u00a0\u00bb2\/3&Prime;][vc_empty_space height=\u00a0\u00bb24px\u00a0\u00bb][vc_column_text el_class=\u00a0\u00bbbig-title\u00a0\u00bb]<\/p>\n<p style=\"text-align: center;\">PRODUCTION<\/p>\n<p>[\/vc_column_text][vc_empty_space height=\u00a0\u00bb24px\u00a0\u00bb][vc_column_text]<br \/>\nLes approches cr\u00e9atives et nouvelles de la construction de pianos r\u00e9sultent de la combinaison de m\u00e9thodes de construction traditionnelles et modernes \u00e0 chaque \u00e9tape de la production de pianos. L&rsquo;utilisation de machines de haute technologie en combinaison avec une expertise technique et un contr\u00f4le de qualit\u00e9 d\u00e9taill\u00e9 garantit l&rsquo;excellence des pianos de production en s\u00e9rie \u00e0 Vienne.<br \/>\n[\/vc_column_text][vc_empty_space][\/vc_column][vc_column width=\u00a0\u00bb1\/6&Prime;][\/vc_column][\/vc_row][vc_row][vc_column width=\u00a0\u00bb1\/2&Prime;][vc_single_image image=\u00a0\u00bb2168&Prime; img_size=\u00a0\u00bb540&#215;360&Prime; alignment=\u00a0\u00bbcenter\u00a0\u00bb onclick=\u00a0\u00bbcustom_link\u00a0\u00bb link=\u00a0\u00bb?page_id=11891&Prime;][vc_column_text el_class=\u00a0\u00bbproducts-title\u00a0\u00bb]<a href=\"?page_id=11891\">FEURICH Vienne<\/a>[\/vc_column_text][vc_column_text]Afin de fournir \u00e0 nos clients le meilleur piano possible, nous nous concentrons sur la recherche, l&rsquo;innovation et le d\u00e9veloppement continu dans notre usine \u00e0 Vienne. Nous aimerions \u00e9galement apporter notre contribution \u00e0 la ville de Vienne, en renfor\u00e7ant la tradition s\u00e9culaire de la fabrication de pianos dans la ville.[\/vc_column_text][\/vc_column][vc_column width=\u00a0\u00bb1\/2&Prime;][vc_single_image image=\u00a0\u00bb2170&Prime; img_size=\u00a0\u00bb540&#215;360&Prime; alignment=\u00a0\u00bbcenter\u00a0\u00bb onclick=\u00a0\u00bbcustom_link\u00a0\u00bb link=\u00a0\u00bb?page_id=11884&Prime;][vc_column_text el_class=\u00a0\u00bbproducts-title\u00a0\u00bb]<a href=\"?page_id=11884\">FEURICH Ningbo<\/a>[\/vc_column_text][vc_column_text]FEURICH a commenc\u00e9 \u00e0 produire des pianos \u00e0 Ningbo, en Chine, en 2003. Les machines CNC de haute pr\u00e9cision ont permis de produire la s\u00e9lection compl\u00e8te des composants n\u00e9cessaires \u00e0 la fabrication de pianos. La ligne de production FEURICH \u00e0 Ningbo est caract\u00e9ris\u00e9e par des proc\u00e9dures d&rsquo;assemblage utilisant des machines CNC de haute pr\u00e9cision et l&rsquo;utilisation de mati\u00e8res premi\u00e8res soigneusement choisies, ainsi qu&rsquo;une attention aux d\u00e9tails dans le contr\u00f4le de la qualit\u00e9.[\/vc_column_text][\/vc_column][\/vc_row][vc_row][vc_column][vc_empty_space height=\u00a0\u00bb52px\u00a0\u00bb][\/vc_column][\/vc_row]<\/p>\n<\/div>","protected":false},"excerpt":{"rendered":"<p>Les approches cr\u00e9atives et nouvelles de la construction de pianos r\u00e9sultent de la combinaison de m\u00e9thodes de construction traditionnelles et modernes \u00e0 chaque \u00e9tape de la production de pianos.<\/p>\n","protected":false},"author":4,"featured_media":0,"parent":0,"menu_order":0,"comment_status":"closed","ping_status":"closed","template":"template-fullwidth.php","meta":{"inline_featured_image":false,"footnotes":""},"class_list":["post-11907","page","type-page","status-publish","hentry"],"acf":[],"yoast_head":"<!-- This site is optimized with the Yoast SEO plugin v24.4 - https:\/\/yoast.com\/wordpress\/plugins\/seo\/ -->\n<title>Production - FEURICH<\/title>\n<meta name=\"robots\" content=\"index, follow, max-snippet:-1, max-image-preview:large, max-video-preview:-1\" \/>\n<link rel=\"canonical\" href=\"https:\/\/feurich.com\/fr\/production\/\" \/>\n<meta property=\"og:locale\" content=\"fr_FR\" \/>\n<meta property=\"og:type\" content=\"article\" \/>\n<meta property=\"og:title\" content=\"Production - FEURICH\" \/>\n<meta property=\"og:description\" content=\"Les approches cr\u00e9atives et nouvelles de la construction de pianos r\u00e9sultent de la combinaison de m\u00e9thodes de construction traditionnelles et modernes \u00e0 chaque \u00e9tape de la production de pianos.\" \/>\n<meta property=\"og:url\" content=\"https:\/\/feurich.com\/fr\/production\/\" \/>\n<meta property=\"og:site_name\" content=\"FEURICH\" \/>\n<meta property=\"article:publisher\" content=\"https:\/\/www.facebook.com\/feurichvienna\/\" \/>\n<meta property=\"article:modified_time\" content=\"2019-06-21T06:47:14+00:00\" \/>\n<meta name=\"twitter:card\" content=\"summary_large_image\" \/>\n<meta name=\"twitter:label1\" content=\"Dur\u00e9e de lecture estim\u00e9e\" \/>\n\t<meta name=\"twitter:data1\" content=\"2 minutes\" \/>\n<script type=\"application\/ld+json\" class=\"yoast-schema-graph\">{\"@context\":\"https:\/\/schema.org\",\"@graph\":[{\"@type\":\"WebPage\",\"@id\":\"https:\/\/feurich.com\/fr\/production\/\",\"url\":\"https:\/\/feurich.com\/fr\/production\/\",\"name\":\"Production - FEURICH\",\"isPartOf\":{\"@id\":\"https:\/\/feurich.com\/en\/#website\"},\"datePublished\":\"2018-02-20T00:20:50+00:00\",\"dateModified\":\"2019-06-21T06:47:14+00:00\",\"breadcrumb\":{\"@id\":\"https:\/\/feurich.com\/fr\/production\/#breadcrumb\"},\"inLanguage\":\"fr-FR\",\"potentialAction\":[{\"@type\":\"ReadAction\",\"target\":[\"https:\/\/feurich.com\/fr\/production\/\"]}]},{\"@type\":\"BreadcrumbList\",\"@id\":\"https:\/\/feurich.com\/fr\/production\/#breadcrumb\",\"itemListElement\":[{\"@type\":\"ListItem\",\"position\":1,\"name\":\"Home\",\"item\":\"https:\/\/feurich.com\/fr\/\"},{\"@type\":\"ListItem\",\"position\":2,\"name\":\"Production\"}]},{\"@type\":\"WebSite\",\"@id\":\"https:\/\/feurich.com\/en\/#website\",\"url\":\"https:\/\/feurich.com\/en\/\",\"name\":\"FEURICH\",\"description\":\"A sound that connects\",\"publisher\":{\"@id\":\"https:\/\/feurich.com\/en\/#organization\"},\"potentialAction\":[{\"@type\":\"SearchAction\",\"target\":{\"@type\":\"EntryPoint\",\"urlTemplate\":\"https:\/\/feurich.com\/en\/?s={search_term_string}\"},\"query-input\":{\"@type\":\"PropertyValueSpecification\",\"valueRequired\":true,\"valueName\":\"search_term_string\"}}],\"inLanguage\":\"fr-FR\"},{\"@type\":\"Organization\",\"@id\":\"https:\/\/feurich.com\/en\/#organization\",\"name\":\"FEURICH\",\"url\":\"https:\/\/feurich.com\/en\/\",\"logo\":{\"@type\":\"ImageObject\",\"inLanguage\":\"fr-FR\",\"@id\":\"https:\/\/feurich.com\/en\/#\/schema\/logo\/image\/\",\"url\":\"https:\/\/feurich.com\/wp-content\/uploads\/logo.png\",\"contentUrl\":\"https:\/\/feurich.com\/wp-content\/uploads\/logo.png\",\"width\":354,\"height\":151,\"caption\":\"FEURICH\"},\"image\":{\"@id\":\"https:\/\/feurich.com\/en\/#\/schema\/logo\/image\/\"},\"sameAs\":[\"https:\/\/www.facebook.com\/feurichvienna\/\"]}]}<\/script>\n<!-- \/ Yoast SEO plugin. -->","yoast_head_json":{"title":"Production - FEURICH","robots":{"index":"index","follow":"follow","max-snippet":"max-snippet:-1","max-image-preview":"max-image-preview:large","max-video-preview":"max-video-preview:-1"},"canonical":"https:\/\/feurich.com\/fr\/production\/","og_locale":"fr_FR","og_type":"article","og_title":"Production - FEURICH","og_description":"Les approches cr\u00e9atives et nouvelles de la construction de pianos r\u00e9sultent de la combinaison de m\u00e9thodes de construction traditionnelles et modernes \u00e0 chaque \u00e9tape de la production de pianos.","og_url":"https:\/\/feurich.com\/fr\/production\/","og_site_name":"FEURICH","article_publisher":"https:\/\/www.facebook.com\/feurichvienna\/","article_modified_time":"2019-06-21T06:47:14+00:00","twitter_card":"summary_large_image","twitter_misc":{"Dur\u00e9e de lecture estim\u00e9e":"2 minutes"},"schema":{"@context":"https:\/\/schema.org","@graph":[{"@type":"WebPage","@id":"https:\/\/feurich.com\/fr\/production\/","url":"https:\/\/feurich.com\/fr\/production\/","name":"Production - FEURICH","isPartOf":{"@id":"https:\/\/feurich.com\/en\/#website"},"datePublished":"2018-02-20T00:20:50+00:00","dateModified":"2019-06-21T06:47:14+00:00","breadcrumb":{"@id":"https:\/\/feurich.com\/fr\/production\/#breadcrumb"},"inLanguage":"fr-FR","potentialAction":[{"@type":"ReadAction","target":["https:\/\/feurich.com\/fr\/production\/"]}]},{"@type":"BreadcrumbList","@id":"https:\/\/feurich.com\/fr\/production\/#breadcrumb","itemListElement":[{"@type":"ListItem","position":1,"name":"Home","item":"https:\/\/feurich.com\/fr\/"},{"@type":"ListItem","position":2,"name":"Production"}]},{"@type":"WebSite","@id":"https:\/\/feurich.com\/en\/#website","url":"https:\/\/feurich.com\/en\/","name":"FEURICH","description":"A sound that connects","publisher":{"@id":"https:\/\/feurich.com\/en\/#organization"},"potentialAction":[{"@type":"SearchAction","target":{"@type":"EntryPoint","urlTemplate":"https:\/\/feurich.com\/en\/?s={search_term_string}"},"query-input":{"@type":"PropertyValueSpecification","valueRequired":true,"valueName":"search_term_string"}}],"inLanguage":"fr-FR"},{"@type":"Organization","@id":"https:\/\/feurich.com\/en\/#organization","name":"FEURICH","url":"https:\/\/feurich.com\/en\/","logo":{"@type":"ImageObject","inLanguage":"fr-FR","@id":"https:\/\/feurich.com\/en\/#\/schema\/logo\/image\/","url":"https:\/\/feurich.com\/wp-content\/uploads\/logo.png","contentUrl":"https:\/\/feurich.com\/wp-content\/uploads\/logo.png","width":354,"height":151,"caption":"FEURICH"},"image":{"@id":"https:\/\/feurich.com\/en\/#\/schema\/logo\/image\/"},"sameAs":["https:\/\/www.facebook.com\/feurichvienna\/"]}]}},"_links":{"self":[{"href":"https:\/\/feurich.com\/fr\/wp-json\/wp\/v2\/pages\/11907","targetHints":{"allow":["GET"]}}],"collection":[{"href":"https:\/\/feurich.com\/fr\/wp-json\/wp\/v2\/pages"}],"about":[{"href":"https:\/\/feurich.com\/fr\/wp-json\/wp\/v2\/types\/page"}],"author":[{"embeddable":true,"href":"https:\/\/feurich.com\/fr\/wp-json\/wp\/v2\/users\/4"}],"replies":[{"embeddable":true,"href":"https:\/\/feurich.com\/fr\/wp-json\/wp\/v2\/comments?post=11907"}],"version-history":[{"count":10,"href":"https:\/\/feurich.com\/fr\/wp-json\/wp\/v2\/pages\/11907\/revisions"}],"predecessor-version":[{"id":24711,"href":"https:\/\/feurich.com\/fr\/wp-json\/wp\/v2\/pages\/11907\/revisions\/24711"}],"wp:attachment":[{"href":"https:\/\/feurich.com\/fr\/wp-json\/wp\/v2\/media?parent=11907"}],"curies":[{"name":"wp","href":"https:\/\/api.w.org\/{rel}","templated":true}]}}