{"id":11891,"date":"2018-02-20T00:17:29","date_gmt":"2018-02-20T00:17:29","guid":{"rendered":"https:\/\/www.feurich.com\/feurich-vienne\/"},"modified":"2025-04-15T22:14:45","modified_gmt":"2025-04-15T22:14:45","slug":"feurich-vienne","status":"publish","type":"page","link":"https:\/\/feurich.com\/fr\/production\/feurich-vienne\/","title":{"rendered":"FEURICH Vienne"},"content":{"rendered":"<div class=\"wpb-content-wrapper\"><p>[vc_row][vc_column][vc_empty_space][\/vc_column][\/vc_row][vc_row][vc_column][vc_column_text el_class=\u00a0\u00bbbig-title\u00a0\u00bb]<\/p>\n<p style=\"text-align: center;\">FEURICH Vienne<\/p>\n<p>[\/vc_column_text][\/vc_column][\/vc_row][vc_row][vc_column width=\u00a0\u00bb1\/3&Prime;][vc_empty_space height=\u00a0\u00bb20px\u00a0\u00bb][vc_single_image image=\u00a0\u00bb7507&Prime; img_size=\u00a0\u00bb357&#215;238&Prime; add_caption=\u00a0\u00bbyes\u00a0\u00bb][\/vc_column][vc_column width=\u00a0\u00bb1\/3&Prime;][vc_empty_space height=\u00a0\u00bb20px\u00a0\u00bb][vc_single_image image=\u00a0\u00bb7462&Prime; img_size=\u00a0\u00bb357&#215;238&Prime; add_caption=\u00a0\u00bbyes\u00a0\u00bb][\/vc_column][vc_column width=\u00a0\u00bb1\/3&Prime;][vc_empty_space height=\u00a0\u00bb20px\u00a0\u00bb][vc_single_image image=\u00a0\u00bb7467&Prime; img_size=\u00a0\u00bb357&#215;238&Prime; add_caption=\u00a0\u00bbyes\u00a0\u00bb][\/vc_column][\/vc_row][vc_row][vc_column width=\u00a0\u00bb1\/3&Prime;][\/vc_column][vc_column width=\u00a0\u00bb2\/3&Prime;][vc_empty_space height=\u00a0\u00bb8px\u00a0\u00bb][vc_column_text]Afin de fournir \u00e0 nos clients le meilleur piano possible, nous nous concentrons sur la recherche, l&rsquo;innovation et le d\u00e9veloppement continu, dans notre usine de Vienne. Nous aimerions \u00e9galement apporter notre contribution \u00e0 la ville de Vienne, en renfor\u00e7ant la tradition s\u00e9culaire de la construction de pianos dans cette ville.[\/vc_column_text][\/vc_column][\/vc_row][vc_row][vc_column width=\u00a0\u00bb1\/3&Prime;][vc_empty_space height=\u00a0\u00bb20px\u00a0\u00bb][vc_single_image image=\u00a0\u00bb7472&Prime; img_size=\u00a0\u00bb357&#215;238&Prime; add_caption=\u00a0\u00bbyes\u00a0\u00bb][\/vc_column][vc_column width=\u00a0\u00bb1\/3&Prime;][vc_empty_space height=\u00a0\u00bb20px\u00a0\u00bb][vc_single_image image=\u00a0\u00bb7477&Prime; img_size=\u00a0\u00bb357&#215;238&Prime; add_caption=\u00a0\u00bbyes\u00a0\u00bb][\/vc_column][vc_column width=\u00a0\u00bb1\/3&Prime;][vc_empty_space height=\u00a0\u00bb20px\u00a0\u00bb][vc_single_image image=\u00a0\u00bb7482&Prime; img_size=\u00a0\u00bb357&#215;238&Prime; add_caption=\u00a0\u00bbyes\u00a0\u00bb][\/vc_column][\/vc_row][vc_row][vc_column width=\u00a0\u00bb1\/3&Prime;][\/vc_column][vc_column width=\u00a0\u00bb2\/3&Prime;][vc_empty_space height=\u00a0\u00bb8px\u00a0\u00bb][vc_column_text]<\/p>\n<h3>Les innovations sont ici&#8230;<\/h3>\n<p>La plupart des pianos vendus dans le monde sont des pianos droits; avec la plupart des fabricants se concentrant sur le d\u00e9veloppement des pianos \u00e0 queue de concert les plus prestigieux. La production de pianos en g\u00e9n\u00e9ral est un domaine tr\u00e8s conservateur, et le r\u00e9sultat est qu&rsquo;au cours des 100 derni\u00e8res ann\u00e9es, presque aucune innovation n&rsquo;a \u00e9t\u00e9 faite, et la plupart des pianos d&rsquo;aujourd&rsquo;hui sont bas\u00e9s sur la technologie du 19\u00e8me si\u00e8cle. Gr\u00e2ce \u00e0 une recherche cibl\u00e9e et un d\u00e9veloppement dans tous les d\u00e9tails techniques du piano, FEURICH a r\u00e9ussi \u00e0 produire des instruments qui apportent v\u00e9ritablement le piano droit dans le 21\u00e8me si\u00e8cle.[\/vc_column_text][\/vc_column][\/vc_row][vc_row][vc_column width=\u00a0\u00bb1\/3&Prime;][vc_empty_space height=\u00a0\u00bb20px\u00a0\u00bb][vc_single_image image=\u00a0\u00bb7913&Prime; img_size=\u00a0\u00bb357&#215;238&Prime; add_caption=\u00a0\u00bbyes\u00a0\u00bb][\/vc_column][vc_column width=\u00a0\u00bb1\/3&Prime;][vc_empty_space height=\u00a0\u00bb20px\u00a0\u00bb][vc_single_image image=\u00a0\u00bb7492&Prime; img_size=\u00a0\u00bb357&#215;238&Prime; add_caption=\u00a0\u00bbyes\u00a0\u00bb][\/vc_column][vc_column width=\u00a0\u00bb1\/3&Prime;][vc_empty_space height=\u00a0\u00bb20px\u00a0\u00bb][vc_single_image image=\u00a0\u00bb7497&Prime; img_size=\u00a0\u00bb357&#215;238&Prime; add_caption=\u00a0\u00bbyes\u00a0\u00bb][\/vc_column][\/vc_row][vc_row][vc_column width=\u00a0\u00bb1\/3&Prime;][\/vc_column][vc_column width=\u00a0\u00bb2\/3&Prime;][vc_empty_space height=\u00a0\u00bb8px\u00a0\u00bb][vc_column_text]<\/p>\n<h3>L&rsquo;artisanat traditionnel du coeur de l&rsquo;europe<\/h3>\n<p>Les pianos proviennent d&rsquo;Europe, o\u00f9 il existe\u00a0 une grande tradition et une base de connaissances derri\u00e8re la fabrication de ces instruments. Il \u00e9tait clair pour nous que pour r\u00e9ussir dans le monde entier, le FEURICH Piano Mod.123 &#8211; Vienne (LINK), devrait offrir des innovations frappantes et des avantages par rapport aux concurrents sur le march\u00e9. Ce piano atteint cet objectif en exposant des concepts compl\u00e8tement nouveaux, dans de nombreux aspects de la conception de piano &#8211; tous mis en \u0153uvre et finis avec l&rsquo;artisanat traditionnel viennois.<\/p>\n<p>En accord avec les m\u00e9thodes traditionnelles de construction de pianos, nous n&rsquo;utilisons que des bois de haute qualit\u00e9 et des mati\u00e8res premi\u00e8res. Toutes les pi\u00e8ces pour le bo\u00eetier du piano sont d\u00e9coup\u00e9es par des machines CNC afin d&rsquo;assurer une grande pr\u00e9cision et un ajustement parfait.[\/vc_column_text][\/vc_column][\/vc_row][vc_row][vc_column width=\u00a0\u00bb1\/3&Prime;][vc_empty_space height=\u00a0\u00bb20px\u00a0\u00bb][vc_single_image image=\u00a0\u00bb5503&Prime; img_size=\u00a0\u00bb357&#215;238&Prime; add_caption=\u00a0\u00bbyes\u00a0\u00bb][\/vc_column][vc_column width=\u00a0\u00bb1\/3&Prime;][vc_empty_space height=\u00a0\u00bb20px\u00a0\u00bb][vc_single_image image=\u00a0\u00bb5499&Prime; img_size=\u00a0\u00bb357&#215;238&Prime; add_caption=\u00a0\u00bbyes\u00a0\u00bb][\/vc_column][vc_column width=\u00a0\u00bb1\/3&Prime;][vc_empty_space height=\u00a0\u00bb20px\u00a0\u00bb][vc_single_image image=\u00a0\u00bb5495&Prime; img_size=\u00a0\u00bb357&#215;238&Prime; add_caption=\u00a0\u00bbyes\u00a0\u00bb][\/vc_column][\/vc_row][vc_row][vc_column width=\u00a0\u00bb1\/3&Prime;][vc_empty_space height=\u00a0\u00bb20px\u00a0\u00bb][vc_column_text]<\/p>\n\n<div data-mode=\"normal\" data-provider=\"html5\" id=\"arve-html5-\" style=\"max-width:1280px;\" class=\"arve\">\n\t<div class=\"arve-inner\">\n\t\t<div class=\"arve-embed\">\n\t\t\t<video class=\"arve-video fitvidsignore\" controls controlslist=\"\" data-arve=\"arve-html5-\" onloadstart=\"this.volume=1\" preload=\"metadata\"><source type=\"video\/mp4\" src=\"https:\/\/feurich.com\/wp-content\/uploads\/Key-weight.mp4\"><\/video>\n\t\t\t\n\t\t<\/div>\n\t\t\n\t<\/div>\n\t\n\t\n\t<script type=\"application\/ld+json\">{\"@context\":\"http:\\\/\\\/schema.org\\\/\",\"@id\":\"https:\\\/\\\/feurich.com\\\/fr\\\/production\\\/feurich-vienne\\\/#arve-html5-\",\"type\":\"VideoObject\",\"contentURL\":\"https:\\\/\\\/feurich.com\\\/wp-content\\\/uploads\\\/Key-weight.mp4\"}<\/script>\n<\/div>\n<p>[\/vc_column_text][\/vc_column][vc_column width=\u00a0\u00bb2\/3&Prime;][vc_empty_space height=\u00a0\u00bb8px\u00a0\u00bb][vc_empty_space height=\u00a0\u00bb8px\u00a0\u00bb][vc_column_text]En accord avec les m\u00e9thodes traditionnelles de construction de pianos, nous n&rsquo;utilisons que des bois de haute qualit\u00e9 et des mati\u00e8res premi\u00e8res. Toutes les pi\u00e8ces pour le bo\u00eetier du piano sont d\u00e9coup\u00e9es par des machines CNC afin d&rsquo;assurer une grande pr\u00e9cision et un ajustement parfait.[\/vc_column_text][vc_empty_space height=\u00a0\u00bb36px\u00a0\u00bb][\/vc_column][\/vc_row]<\/p>\n<\/div>","protected":false},"excerpt":{"rendered":"<p>Afin de fournir \u00e0 nos clients le meilleur piano possible, nous nous concentrons sur la recherche, l&rsquo;innovation et le d\u00e9veloppement continu dans notre usine \u00e0 Vienne.<\/p>\n","protected":false},"author":4,"featured_media":0,"parent":11907,"menu_order":0,"comment_status":"closed","ping_status":"closed","template":"template-fullwidth.php","meta":{"inline_featured_image":false,"footnotes":""},"class_list":["post-11891","page","type-page","status-publish","hentry"],"acf":[],"yoast_head":"<!-- This site is optimized with the Yoast SEO plugin v24.4 - https:\/\/yoast.com\/wordpress\/plugins\/seo\/ -->\n<title>FEURICH Vienne - FEURICH<\/title>\n<meta name=\"description\" content=\"Afin de fournir \u00e0 nos clients le meilleur piano possible, nous nous concentrons sur la recherche, l&#039;innovation et le d\u00e9veloppement continu dans notre usine \u00e0 Vienne.\" \/>\n<meta name=\"robots\" content=\"index, follow, max-snippet:-1, max-image-preview:large, max-video-preview:-1\" \/>\n<link rel=\"canonical\" href=\"https:\/\/feurich.com\/fr\/production\/feurich-vienne\/\" \/>\n<meta property=\"og:locale\" content=\"fr_FR\" \/>\n<meta property=\"og:type\" content=\"article\" \/>\n<meta property=\"og:title\" content=\"FEURICH Vienne - FEURICH\" \/>\n<meta property=\"og:description\" content=\"Afin de fournir \u00e0 nos clients le meilleur piano possible, nous nous concentrons sur la recherche, l&#039;innovation et le d\u00e9veloppement continu dans notre usine \u00e0 Vienne.\" \/>\n<meta property=\"og:url\" content=\"https:\/\/feurich.com\/fr\/production\/feurich-vienne\/\" \/>\n<meta property=\"og:site_name\" content=\"FEURICH\" \/>\n<meta property=\"article:publisher\" content=\"https:\/\/www.facebook.com\/feurichvienna\/\" \/>\n<meta property=\"article:modified_time\" content=\"2025-04-15T22:14:45+00:00\" \/>\n<meta name=\"twitter:card\" content=\"summary_large_image\" \/>\n<meta name=\"twitter:label1\" content=\"Dur\u00e9e de lecture estim\u00e9e\" \/>\n\t<meta name=\"twitter:data1\" content=\"2 minutes\" \/>\n<script type=\"application\/ld+json\" class=\"yoast-schema-graph\">{\"@context\":\"https:\/\/schema.org\",\"@graph\":[{\"@type\":\"WebPage\",\"@id\":\"https:\/\/feurich.com\/fr\/production\/feurich-vienne\/\",\"url\":\"https:\/\/feurich.com\/fr\/production\/feurich-vienne\/\",\"name\":\"FEURICH Vienne - FEURICH\",\"isPartOf\":{\"@id\":\"https:\/\/feurich.com\/en\/#website\"},\"datePublished\":\"2018-02-20T00:17:29+00:00\",\"dateModified\":\"2025-04-15T22:14:45+00:00\",\"description\":\"Afin de fournir \u00e0 nos clients le meilleur piano possible, nous nous concentrons sur la recherche, l'innovation et le d\u00e9veloppement continu dans notre usine \u00e0 Vienne.\",\"breadcrumb\":{\"@id\":\"https:\/\/feurich.com\/fr\/production\/feurich-vienne\/#breadcrumb\"},\"inLanguage\":\"fr-FR\",\"potentialAction\":[{\"@type\":\"ReadAction\",\"target\":[\"https:\/\/feurich.com\/fr\/production\/feurich-vienne\/\"]}]},{\"@type\":\"BreadcrumbList\",\"@id\":\"https:\/\/feurich.com\/fr\/production\/feurich-vienne\/#breadcrumb\",\"itemListElement\":[{\"@type\":\"ListItem\",\"position\":1,\"name\":\"Home\",\"item\":\"https:\/\/feurich.com\/fr\/\"},{\"@type\":\"ListItem\",\"position\":2,\"name\":\"Production\",\"item\":\"https:\/\/feurich.com\/fr\/production\/\"},{\"@type\":\"ListItem\",\"position\":3,\"name\":\"FEURICH Vienne\"}]},{\"@type\":\"WebSite\",\"@id\":\"https:\/\/feurich.com\/en\/#website\",\"url\":\"https:\/\/feurich.com\/en\/\",\"name\":\"FEURICH\",\"description\":\"A sound that connects\",\"publisher\":{\"@id\":\"https:\/\/feurich.com\/en\/#organization\"},\"potentialAction\":[{\"@type\":\"SearchAction\",\"target\":{\"@type\":\"EntryPoint\",\"urlTemplate\":\"https:\/\/feurich.com\/en\/?s={search_term_string}\"},\"query-input\":{\"@type\":\"PropertyValueSpecification\",\"valueRequired\":true,\"valueName\":\"search_term_string\"}}],\"inLanguage\":\"fr-FR\"},{\"@type\":\"Organization\",\"@id\":\"https:\/\/feurich.com\/en\/#organization\",\"name\":\"FEURICH\",\"url\":\"https:\/\/feurich.com\/en\/\",\"logo\":{\"@type\":\"ImageObject\",\"inLanguage\":\"fr-FR\",\"@id\":\"https:\/\/feurich.com\/en\/#\/schema\/logo\/image\/\",\"url\":\"https:\/\/feurich.com\/wp-content\/uploads\/logo.png\",\"contentUrl\":\"https:\/\/feurich.com\/wp-content\/uploads\/logo.png\",\"width\":354,\"height\":151,\"caption\":\"FEURICH\"},\"image\":{\"@id\":\"https:\/\/feurich.com\/en\/#\/schema\/logo\/image\/\"},\"sameAs\":[\"https:\/\/www.facebook.com\/feurichvienna\/\"]}]}<\/script>\n<!-- \/ Yoast SEO plugin. -->","yoast_head_json":{"title":"FEURICH Vienne - FEURICH","description":"Afin de fournir \u00e0 nos clients le meilleur piano possible, nous nous concentrons sur la recherche, l'innovation et le d\u00e9veloppement continu dans notre usine \u00e0 Vienne.","robots":{"index":"index","follow":"follow","max-snippet":"max-snippet:-1","max-image-preview":"max-image-preview:large","max-video-preview":"max-video-preview:-1"},"canonical":"https:\/\/feurich.com\/fr\/production\/feurich-vienne\/","og_locale":"fr_FR","og_type":"article","og_title":"FEURICH Vienne - FEURICH","og_description":"Afin de fournir \u00e0 nos clients le meilleur piano possible, nous nous concentrons sur la recherche, l'innovation et le d\u00e9veloppement continu dans notre usine \u00e0 Vienne.","og_url":"https:\/\/feurich.com\/fr\/production\/feurich-vienne\/","og_site_name":"FEURICH","article_publisher":"https:\/\/www.facebook.com\/feurichvienna\/","article_modified_time":"2025-04-15T22:14:45+00:00","twitter_card":"summary_large_image","twitter_misc":{"Dur\u00e9e de lecture estim\u00e9e":"2 minutes"},"schema":{"@context":"https:\/\/schema.org","@graph":[{"@type":"WebPage","@id":"https:\/\/feurich.com\/fr\/production\/feurich-vienne\/","url":"https:\/\/feurich.com\/fr\/production\/feurich-vienne\/","name":"FEURICH Vienne - FEURICH","isPartOf":{"@id":"https:\/\/feurich.com\/en\/#website"},"datePublished":"2018-02-20T00:17:29+00:00","dateModified":"2025-04-15T22:14:45+00:00","description":"Afin de fournir \u00e0 nos clients le meilleur piano possible, nous nous concentrons sur la recherche, l'innovation et le d\u00e9veloppement continu dans notre usine \u00e0 Vienne.","breadcrumb":{"@id":"https:\/\/feurich.com\/fr\/production\/feurich-vienne\/#breadcrumb"},"inLanguage":"fr-FR","potentialAction":[{"@type":"ReadAction","target":["https:\/\/feurich.com\/fr\/production\/feurich-vienne\/"]}]},{"@type":"BreadcrumbList","@id":"https:\/\/feurich.com\/fr\/production\/feurich-vienne\/#breadcrumb","itemListElement":[{"@type":"ListItem","position":1,"name":"Home","item":"https:\/\/feurich.com\/fr\/"},{"@type":"ListItem","position":2,"name":"Production","item":"https:\/\/feurich.com\/fr\/production\/"},{"@type":"ListItem","position":3,"name":"FEURICH Vienne"}]},{"@type":"WebSite","@id":"https:\/\/feurich.com\/en\/#website","url":"https:\/\/feurich.com\/en\/","name":"FEURICH","description":"A sound that connects","publisher":{"@id":"https:\/\/feurich.com\/en\/#organization"},"potentialAction":[{"@type":"SearchAction","target":{"@type":"EntryPoint","urlTemplate":"https:\/\/feurich.com\/en\/?s={search_term_string}"},"query-input":{"@type":"PropertyValueSpecification","valueRequired":true,"valueName":"search_term_string"}}],"inLanguage":"fr-FR"},{"@type":"Organization","@id":"https:\/\/feurich.com\/en\/#organization","name":"FEURICH","url":"https:\/\/feurich.com\/en\/","logo":{"@type":"ImageObject","inLanguage":"fr-FR","@id":"https:\/\/feurich.com\/en\/#\/schema\/logo\/image\/","url":"https:\/\/feurich.com\/wp-content\/uploads\/logo.png","contentUrl":"https:\/\/feurich.com\/wp-content\/uploads\/logo.png","width":354,"height":151,"caption":"FEURICH"},"image":{"@id":"https:\/\/feurich.com\/en\/#\/schema\/logo\/image\/"},"sameAs":["https:\/\/www.facebook.com\/feurichvienna\/"]}]}},"_links":{"self":[{"href":"https:\/\/feurich.com\/fr\/wp-json\/wp\/v2\/pages\/11891","targetHints":{"allow":["GET"]}}],"collection":[{"href":"https:\/\/feurich.com\/fr\/wp-json\/wp\/v2\/pages"}],"about":[{"href":"https:\/\/feurich.com\/fr\/wp-json\/wp\/v2\/types\/page"}],"author":[{"embeddable":true,"href":"https:\/\/feurich.com\/fr\/wp-json\/wp\/v2\/users\/4"}],"replies":[{"embeddable":true,"href":"https:\/\/feurich.com\/fr\/wp-json\/wp\/v2\/comments?post=11891"}],"version-history":[{"count":11,"href":"https:\/\/feurich.com\/fr\/wp-json\/wp\/v2\/pages\/11891\/revisions"}],"predecessor-version":[{"id":84040,"href":"https:\/\/feurich.com\/fr\/wp-json\/wp\/v2\/pages\/11891\/revisions\/84040"}],"up":[{"embeddable":true,"href":"https:\/\/feurich.com\/fr\/wp-json\/wp\/v2\/pages\/11907"}],"wp:attachment":[{"href":"https:\/\/feurich.com\/fr\/wp-json\/wp\/v2\/media?parent=11891"}],"curies":[{"name":"wp","href":"https:\/\/api.w.org\/{rel}","templated":true}]}}