{"id":11884,"date":"2018-02-20T00:06:08","date_gmt":"2018-02-20T00:06:08","guid":{"rendered":"https:\/\/www.feurich.com\/feurich-ningbo\/"},"modified":"2025-04-27T17:40:15","modified_gmt":"2025-04-27T17:40:15","slug":"feurich-ningbo","status":"publish","type":"page","link":"https:\/\/feurich.com\/fr\/production\/feurich-ningbo\/","title":{"rendered":"FEURICH Ningbo"},"content":{"rendered":"<div class=\"wpb-content-wrapper\"><p>[vc_row][vc_column][vc_empty_space][\/vc_column][\/vc_row][vc_row][vc_column width=\u00a0\u00bb1\/3&Prime;][vc_empty_space height=\u00a0\u00bb20px\u00a0\u00bb][vc_single_image image=\u00a0\u00bb5010&Prime; img_size=\u00a0\u00bblarge\u00a0\u00bb add_caption=\u00a0\u00bbyes\u00a0\u00bb][vc_column_text][\/vc_column_text][vc_empty_space height=\u00a0\u00bb24px\u00a0\u00bb][\/vc_column][vc_column width=\u00a0\u00bb2\/3&Prime;][vc_empty_space height=\u00a0\u00bb24px\u00a0\u00bb][vc_column_text el_class=\u00a0\u00bbbig-title\u00a0\u00bb]<\/p>\n<p style=\"text-align: center;\">FEURICH Ningbo<\/p>\n<p>[\/vc_column_text][vc_empty_space height=\u00a0\u00bb24px\u00a0\u00bb][vc_column_text]FEURICH a commenc\u00e9 en 2003 \u00e0 produire des pianos \u00e0 Ningbo, en Chine. La haute-pr\u00e9cision des machines-outil \u00e0 commande num\u00e9rique (CNC) pr\u00e9sentes l\u00e0-bas ont rendu possible la production d&rsquo;une s\u00e9lection compl\u00e8te de composants disponibles pour la construction de pianos. La cha\u00eene de production de FEURICH \u00e0 Ningbo est caract\u00e9ris\u00e9e par des proc\u00e9dures d&rsquo;assemblage utilisant la haute-pr\u00e9cision des machines CNC et par l&rsquo;utilisation judicieuse des mati\u00e8res premi\u00e8res, sans oublier l&rsquo;attention donn\u00e9e aux d\u00e9tails lors du contr\u00f4le de qualit\u00e9.[\/vc_column_text][\/vc_column][\/vc_row][vc_row][vc_column width=\u00a0\u00bb1\/3&Prime;][vc_single_image image=\u00a0\u00bb7437&Prime; img_size=\u00a0\u00bblarge\u00a0\u00bb add_caption=\u00a0\u00bbyes\u00a0\u00bb][\/vc_column][vc_column width=\u00a0\u00bb2\/3&Prime;][vc_empty_space height=\u00a0\u00bb18px\u00a0\u00bb][vc_column_text]<\/p>\n<h3>La qualit\u00e9 commence avec les mat\u00e9riaux<\/h3>\n<p>Des composants tels que la table d&rsquo;harmonie et les nervures sont fabriqu\u00e9s \u00e0 partir de bois d&rsquo;\u00e9pic\u00e9a \u00e0 croissance lente de haute qualit\u00e9 provenant d&rsquo;Autriche, de Mongolie et de Russie. Le pont, le contreventement multi-lamin\u00e9 et le contreventement de table d&rsquo;harmonie sont tous fabriqu\u00e9s en bois durs de qualit\u00e9 provenant d&rsquo;Europe et du Canada. Ces composants passent tous beaucoup de temps dans des salles de s\u00e9chage sp\u00e9cialement con\u00e7ues, afin de garantir leur conservation \u00e0 long terme.<\/p>\n<p>Les machines \u00e0 commande num\u00e9rique garantissent que tous les composants soient parfaitement frais\u00e9s avec le plus haut degr\u00e9 de pr\u00e9cision, et le collage ult\u00e9rieur assure que la construction soit robuste, r\u00e9sultant en un instrument avec un accord stable et un son fiable pour les ann\u00e9es \u00e0 venir. Le cadre du piano est \u00e9galement m\u00e9ticuleusement frais\u00e9 par une machine CNC \u00e0 un degr\u00e9 \u00e9lev\u00e9 de pr\u00e9cision.[\/vc_column_text][vc_empty_space height=\u00a0\u00bb24px\u00a0\u00bb][\/vc_column][\/vc_row][vc_row][vc_column width=\u00a0\u00bb1\/3&Prime;][vc_single_image image=\u00a0\u00bb5016&Prime; img_size=\u00a0\u00bblarge\u00a0\u00bb add_caption=\u00a0\u00bbyes\u00a0\u00bb][\/vc_column][vc_column width=\u00a0\u00bb1\/3&Prime;][vc_single_image image=\u00a0\u00bb84059&Prime; img_size=\u00a0\u00bblarge\u00a0\u00bb add_caption=\u00a0\u00bbyes\u00a0\u00bb css=\u00a0\u00bb\u00a0\u00bb][\/vc_column][vc_column width=\u00a0\u00bb1\/3&Prime;][vc_single_image image=\u00a0\u00bb84082&Prime; img_size=\u00a0\u00bblarge\u00a0\u00bb add_caption=\u00a0\u00bbyes\u00a0\u00bb css=\u00a0\u00bb\u00a0\u00bb][\/vc_column][\/vc_row][vc_row][vc_column width=\u00a0\u00bb1\/3&Prime;][vc_single_image image=\u00a0\u00bb84094&Prime; img_size=\u00a0\u00bblarge\u00a0\u00bb add_caption=\u00a0\u00bbyes\u00a0\u00bb css=\u00a0\u00bb\u00a0\u00bb][\/vc_column][vc_column width=\u00a0\u00bb1\/3&Prime;][vc_single_image image=\u00a0\u00bb84105&Prime; img_size=\u00a0\u00bblarge\u00a0\u00bb add_caption=\u00a0\u00bbyes\u00a0\u00bb css=\u00a0\u00bb\u00a0\u00bb][\/vc_column][vc_column width=\u00a0\u00bb1\/3&Prime;][vc_single_image image=\u00a0\u00bb84116&Prime; img_size=\u00a0\u00bblarge\u00a0\u00bb add_caption=\u00a0\u00bbyes\u00a0\u00bb css=\u00a0\u00bb\u00a0\u00bb][\/vc_column][\/vc_row][vc_row][vc_column width=\u00a0\u00bb1\/3&Prime;][\/vc_column][vc_column width=\u00a0\u00bb2\/3&Prime;][vc_empty_space height=\u00a0\u00bb18px\u00a0\u00bb][vc_column_text]Apr\u00e8s avoir coll\u00e9 le bloc d&rsquo;accord et le contreventement de la table d&rsquo;harmonie, les machines CNC travaillent \u00e0 former la courbure pr\u00e9cise d\u00e9sir\u00e9e et le positionnement des nervures. Ce processus assure le son souhait\u00e9 et un excellent degr\u00e9 de coh\u00e9rence dans la production en s\u00e9rie de FEURICH. Lors de l&rsquo;ajout des nervures, une presse thermique dirig\u00e9e par ordinateur est utilis\u00e9e pour assurer une courbure et une forme constantes dans la table d&rsquo;harmonie.<\/p>\n<p>Les machines \u00e0 commande num\u00e9rique d\u00e9di\u00e9es percent les trous dans le pont pour les broches de pont, puis ins\u00e8rent les broches dans une proc\u00e9dure enti\u00e8rement automatis\u00e9e. Les broches d&rsquo;ajustement sont ins\u00e9r\u00e9es dans le bloc \u00e0 une haute pression qui est uniforme et homog\u00e8ne tout au long du processus, garantissant ainsi une stabilit\u00e9 d&rsquo;accord durable.[\/vc_column_text][vc_empty_space height=\u00a0\u00bb24px\u00a0\u00bb][\/vc_column][\/vc_row][vc_row][vc_column width=\u00a0\u00bb1\/3&Prime;][vc_single_image image=\u00a0\u00bb84128&Prime; img_size=\u00a0\u00bblarge\u00a0\u00bb add_caption=\u00a0\u00bbyes\u00a0\u00bb css=\u00a0\u00bb\u00a0\u00bb][\/vc_column][vc_column width=\u00a0\u00bb1\/3&Prime;][vc_single_image image=\u00a0\u00bb84139&Prime; img_size=\u00a0\u00bblarge\u00a0\u00bb add_caption=\u00a0\u00bbyes\u00a0\u00bb css=\u00a0\u00bb\u00a0\u00bb][\/vc_column][vc_column width=\u00a0\u00bb1\/3&Prime;][vc_single_image image=\u00a0\u00bb84150&Prime; img_size=\u00a0\u00bblarge\u00a0\u00bb add_caption=\u00a0\u00bbyes\u00a0\u00bb css=\u00a0\u00bb\u00a0\u00bb][\/vc_column][\/vc_row][vc_row][vc_column width=\u00a0\u00bb1\/3&Prime;][vc_single_image image=\u00a0\u00bb84161&Prime; img_size=\u00a0\u00bblarge\u00a0\u00bb add_caption=\u00a0\u00bbyes\u00a0\u00bb css=\u00a0\u00bb\u00a0\u00bb][\/vc_column][vc_column width=\u00a0\u00bb1\/3&Prime;][vc_single_image image=\u00a0\u00bb84172&Prime; img_size=\u00a0\u00bblarge\u00a0\u00bb add_caption=\u00a0\u00bbyes\u00a0\u00bb css=\u00a0\u00bb\u00a0\u00bb][\/vc_column][vc_column width=\u00a0\u00bb1\/3&Prime;][vc_single_image image=\u00a0\u00bb84183&Prime; img_size=\u00a0\u00bblarge\u00a0\u00bb add_caption=\u00a0\u00bbyes\u00a0\u00bb css=\u00a0\u00bb\u00a0\u00bb][\/vc_column][\/vc_row][vc_row][vc_column width=\u00a0\u00bb1\/3&Prime;][\/vc_column][vc_column width=\u00a0\u00bb2\/3&Prime;][vc_empty_space height=\u00a0\u00bb18px\u00a0\u00bb][vc_column_text]<\/p>\n<h3>les origines du son parfait<\/h3>\n<p>Seules les cordes de haute qualit\u00e9 fabriqu\u00e9es par les marques Paulello et R\u00f6slau sont utilis\u00e9es, et une attention particuli\u00e8re est accord\u00e9e \u00e0 l&rsquo;uniformit\u00e9 lors de l&rsquo;encordage des instruments. Des machines sp\u00e9cialement con\u00e7ues font tourner les cordes avec une grande pr\u00e9cision. En regardant \u00e0 l&rsquo;int\u00e9rieur des instruments, il est facile de voir les nombreux composants qui ont \u00e9t\u00e9 sp\u00e9cialement d\u00e9velopp\u00e9s et sont uniques \u00e0 FEURICH &#8211; les robustes feutres FEURICH jaunes, les t\u00eates de marteaux soigneusement s\u00e9lectionn\u00e9es, les bois et les pi\u00e8ces m\u00e9talliques, etc.<\/p>\n<p>En guise de v\u00e9rification suppl\u00e9mentaire, chaque instrument est envoy\u00e9 dans une pi\u00e8ce \u00e0 temp\u00e9rature contr\u00f4l\u00e9e o\u00f9 il est retravaill\u00e9 et v\u00e9rifi\u00e9 trois fois au cours du processus de production.[\/vc_column_text][vc_empty_space height=\u00a0\u00bb24px\u00a0\u00bb][\/vc_column][\/vc_row][vc_row][vc_column width=\u00a0\u00bb1\/3&Prime;][vc_single_image image=\u00a0\u00bb84195&Prime; img_size=\u00a0\u00bblarge\u00a0\u00bb add_caption=\u00a0\u00bbyes\u00a0\u00bb css=\u00a0\u00bb\u00a0\u00bb][\/vc_column][vc_column width=\u00a0\u00bb1\/3&Prime;][vc_single_image image=\u00a0\u00bb84206&Prime; img_size=\u00a0\u00bblarge\u00a0\u00bb add_caption=\u00a0\u00bbyes\u00a0\u00bb css=\u00a0\u00bb\u00a0\u00bb][\/vc_column][vc_column width=\u00a0\u00bb1\/3&Prime;][vc_single_image image=\u00a0\u00bb84217&Prime; img_size=\u00a0\u00bblarge\u00a0\u00bb add_caption=\u00a0\u00bbyes\u00a0\u00bb css=\u00a0\u00bb\u00a0\u00bb][\/vc_column][\/vc_row][vc_row][vc_column width=\u00a0\u00bb1\/3&Prime;][\/vc_column][vc_column width=\u00a0\u00bb2\/3&Prime;][vc_empty_space height=\u00a0\u00bb18px\u00a0\u00bb][vc_column_text]<\/p>\n<h3>accord et r\u00e9glage<\/h3>\n<p>Gr\u00e2ce \u00e0 une planification pr\u00e9cise et \u00e0 une conception soign\u00e9e, les chevilles d&rsquo;accord des pianos FEURICH sont parfaitement r\u00e9parties, ce qui signifie que l&rsquo;accordage est facile et que la stabilit\u00e9 d&rsquo;accord dure longtemps. Le premier accord consiste \u00e0 amener rapidement la tension dans les cordes au point o\u00f9 le ton correct est entendu.<\/p>\n<p>Les touches finales sont donn\u00e9es au bo\u00eetier, et le piano est ensuite amen\u00e9 \u00e0 la machine qui \u00ab\u00a0joue\u00a0\u00bb dans le clavier et le toucher. La derni\u00e8re \u00e9tape consiste \u00e0 r\u00e9gler et accorder le piano une fois de plus, avant qu&rsquo;il ne soit emball\u00e9 sous vide dans une feuille d&rsquo;aluminium pour \u00e9viter toute entr\u00e9e d&rsquo;humidit\u00e9 dans le piano.<\/p>\n<p>La pr\u00e9paration finale des pianos, c&rsquo;est-\u00e0-dire le r\u00e9glage, la r\u00e9gulation, l&rsquo;harmonisation, est toujours effectu\u00e9e dans l&rsquo;un de nos centres logistiques, ou par l&rsquo;un de nos nombreux partenaires commerciaux qualifi\u00e9s et exp\u00e9riment\u00e9s dans le monde entier.[\/vc_column_text][vc_empty_space height=\u00a0\u00bb24px\u00a0\u00bb][\/vc_column][\/vc_row][vc_row][vc_column width=\u00a0\u00bb1\/3&Prime;][vc_single_image image=\u00a0\u00bb84228&Prime; img_size=\u00a0\u00bblarge\u00a0\u00bb add_caption=\u00a0\u00bbyes\u00a0\u00bb css=\u00a0\u00bb\u00a0\u00bb][\/vc_column][vc_column width=\u00a0\u00bb1\/3&Prime;][vc_single_image image=\u00a0\u00bb84239&Prime; img_size=\u00a0\u00bblarge\u00a0\u00bb add_caption=\u00a0\u00bbyes\u00a0\u00bb css=\u00a0\u00bb\u00a0\u00bb][\/vc_column][vc_column width=\u00a0\u00bb1\/3&Prime;][vc_single_image image=\u00a0\u00bb84250&Prime; img_size=\u00a0\u00bblarge\u00a0\u00bb add_caption=\u00a0\u00bbyes\u00a0\u00bb css=\u00a0\u00bb\u00a0\u00bb][\/vc_column][\/vc_row]<\/p>\n<\/div>","protected":false},"excerpt":{"rendered":"<p>Des mati\u00e8res premi\u00e8res choisies judicieusement, une coupure et un assemblement parfaits gr\u00e2ce \u00e0 la haute-pr\u00e9cision des machines-outil \u00e0 commande num\u00e9rique (CNC) et un processus de contr\u00f4le de qualit\u00e9 strict : La production de FEURICH \u00e0 Ningbo.<\/p>\n","protected":false},"author":4,"featured_media":0,"parent":11907,"menu_order":0,"comment_status":"closed","ping_status":"closed","template":"template-fullwidth.php","meta":{"inline_featured_image":false,"footnotes":""},"class_list":["post-11884","page","type-page","status-publish","hentry"],"acf":[],"yoast_head":"<!-- This site is optimized with the Yoast SEO plugin v24.4 - https:\/\/yoast.com\/wordpress\/plugins\/seo\/ -->\n<title>FEURICH Ningbo - FEURICH<\/title>\n<meta name=\"robots\" content=\"index, follow, max-snippet:-1, max-image-preview:large, max-video-preview:-1\" \/>\n<link rel=\"canonical\" href=\"https:\/\/feurich.com\/fr\/production\/feurich-ningbo\/\" \/>\n<meta property=\"og:locale\" content=\"fr_FR\" \/>\n<meta property=\"og:type\" content=\"article\" \/>\n<meta property=\"og:title\" content=\"FEURICH Ningbo - FEURICH\" \/>\n<meta property=\"og:description\" content=\"Des mati\u00e8res premi\u00e8res choisies judicieusement, une coupure et un assemblement parfaits gr\u00e2ce \u00e0 la haute-pr\u00e9cision des machines-outil \u00e0 commande num\u00e9rique (CNC) et un processus de contr\u00f4le de qualit\u00e9 strict : La production de FEURICH \u00e0 Ningbo.\" \/>\n<meta property=\"og:url\" content=\"https:\/\/feurich.com\/fr\/production\/feurich-ningbo\/\" \/>\n<meta property=\"og:site_name\" content=\"FEURICH\" \/>\n<meta property=\"article:publisher\" content=\"https:\/\/www.facebook.com\/feurichvienna\/\" \/>\n<meta property=\"article:modified_time\" content=\"2025-04-27T17:40:15+00:00\" \/>\n<meta name=\"twitter:card\" content=\"summary_large_image\" \/>\n<meta name=\"twitter:label1\" content=\"Dur\u00e9e de lecture estim\u00e9e\" \/>\n\t<meta name=\"twitter:data1\" content=\"6 minutes\" \/>\n<script type=\"application\/ld+json\" class=\"yoast-schema-graph\">{\"@context\":\"https:\/\/schema.org\",\"@graph\":[{\"@type\":\"WebPage\",\"@id\":\"https:\/\/feurich.com\/fr\/production\/feurich-ningbo\/\",\"url\":\"https:\/\/feurich.com\/fr\/production\/feurich-ningbo\/\",\"name\":\"FEURICH Ningbo - FEURICH\",\"isPartOf\":{\"@id\":\"https:\/\/feurich.com\/en\/#website\"},\"datePublished\":\"2018-02-20T00:06:08+00:00\",\"dateModified\":\"2025-04-27T17:40:15+00:00\",\"breadcrumb\":{\"@id\":\"https:\/\/feurich.com\/fr\/production\/feurich-ningbo\/#breadcrumb\"},\"inLanguage\":\"fr-FR\",\"potentialAction\":[{\"@type\":\"ReadAction\",\"target\":[\"https:\/\/feurich.com\/fr\/production\/feurich-ningbo\/\"]}]},{\"@type\":\"BreadcrumbList\",\"@id\":\"https:\/\/feurich.com\/fr\/production\/feurich-ningbo\/#breadcrumb\",\"itemListElement\":[{\"@type\":\"ListItem\",\"position\":1,\"name\":\"Home\",\"item\":\"https:\/\/feurich.com\/fr\/\"},{\"@type\":\"ListItem\",\"position\":2,\"name\":\"Production\",\"item\":\"https:\/\/feurich.com\/fr\/production\/\"},{\"@type\":\"ListItem\",\"position\":3,\"name\":\"FEURICH Ningbo\"}]},{\"@type\":\"WebSite\",\"@id\":\"https:\/\/feurich.com\/en\/#website\",\"url\":\"https:\/\/feurich.com\/en\/\",\"name\":\"FEURICH\",\"description\":\"A sound that connects\",\"publisher\":{\"@id\":\"https:\/\/feurich.com\/en\/#organization\"},\"potentialAction\":[{\"@type\":\"SearchAction\",\"target\":{\"@type\":\"EntryPoint\",\"urlTemplate\":\"https:\/\/feurich.com\/en\/?s={search_term_string}\"},\"query-input\":{\"@type\":\"PropertyValueSpecification\",\"valueRequired\":true,\"valueName\":\"search_term_string\"}}],\"inLanguage\":\"fr-FR\"},{\"@type\":\"Organization\",\"@id\":\"https:\/\/feurich.com\/en\/#organization\",\"name\":\"FEURICH\",\"url\":\"https:\/\/feurich.com\/en\/\",\"logo\":{\"@type\":\"ImageObject\",\"inLanguage\":\"fr-FR\",\"@id\":\"https:\/\/feurich.com\/en\/#\/schema\/logo\/image\/\",\"url\":\"https:\/\/feurich.com\/wp-content\/uploads\/logo.png\",\"contentUrl\":\"https:\/\/feurich.com\/wp-content\/uploads\/logo.png\",\"width\":354,\"height\":151,\"caption\":\"FEURICH\"},\"image\":{\"@id\":\"https:\/\/feurich.com\/en\/#\/schema\/logo\/image\/\"},\"sameAs\":[\"https:\/\/www.facebook.com\/feurichvienna\/\"]}]}<\/script>\n<!-- \/ Yoast SEO plugin. -->","yoast_head_json":{"title":"FEURICH Ningbo - FEURICH","robots":{"index":"index","follow":"follow","max-snippet":"max-snippet:-1","max-image-preview":"max-image-preview:large","max-video-preview":"max-video-preview:-1"},"canonical":"https:\/\/feurich.com\/fr\/production\/feurich-ningbo\/","og_locale":"fr_FR","og_type":"article","og_title":"FEURICH Ningbo - FEURICH","og_description":"Des mati\u00e8res premi\u00e8res choisies judicieusement, une coupure et un assemblement parfaits gr\u00e2ce \u00e0 la haute-pr\u00e9cision des machines-outil \u00e0 commande num\u00e9rique (CNC) et un processus de contr\u00f4le de qualit\u00e9 strict : La production de FEURICH \u00e0 Ningbo.","og_url":"https:\/\/feurich.com\/fr\/production\/feurich-ningbo\/","og_site_name":"FEURICH","article_publisher":"https:\/\/www.facebook.com\/feurichvienna\/","article_modified_time":"2025-04-27T17:40:15+00:00","twitter_card":"summary_large_image","twitter_misc":{"Dur\u00e9e de lecture estim\u00e9e":"6 minutes"},"schema":{"@context":"https:\/\/schema.org","@graph":[{"@type":"WebPage","@id":"https:\/\/feurich.com\/fr\/production\/feurich-ningbo\/","url":"https:\/\/feurich.com\/fr\/production\/feurich-ningbo\/","name":"FEURICH Ningbo - FEURICH","isPartOf":{"@id":"https:\/\/feurich.com\/en\/#website"},"datePublished":"2018-02-20T00:06:08+00:00","dateModified":"2025-04-27T17:40:15+00:00","breadcrumb":{"@id":"https:\/\/feurich.com\/fr\/production\/feurich-ningbo\/#breadcrumb"},"inLanguage":"fr-FR","potentialAction":[{"@type":"ReadAction","target":["https:\/\/feurich.com\/fr\/production\/feurich-ningbo\/"]}]},{"@type":"BreadcrumbList","@id":"https:\/\/feurich.com\/fr\/production\/feurich-ningbo\/#breadcrumb","itemListElement":[{"@type":"ListItem","position":1,"name":"Home","item":"https:\/\/feurich.com\/fr\/"},{"@type":"ListItem","position":2,"name":"Production","item":"https:\/\/feurich.com\/fr\/production\/"},{"@type":"ListItem","position":3,"name":"FEURICH Ningbo"}]},{"@type":"WebSite","@id":"https:\/\/feurich.com\/en\/#website","url":"https:\/\/feurich.com\/en\/","name":"FEURICH","description":"A sound that connects","publisher":{"@id":"https:\/\/feurich.com\/en\/#organization"},"potentialAction":[{"@type":"SearchAction","target":{"@type":"EntryPoint","urlTemplate":"https:\/\/feurich.com\/en\/?s={search_term_string}"},"query-input":{"@type":"PropertyValueSpecification","valueRequired":true,"valueName":"search_term_string"}}],"inLanguage":"fr-FR"},{"@type":"Organization","@id":"https:\/\/feurich.com\/en\/#organization","name":"FEURICH","url":"https:\/\/feurich.com\/en\/","logo":{"@type":"ImageObject","inLanguage":"fr-FR","@id":"https:\/\/feurich.com\/en\/#\/schema\/logo\/image\/","url":"https:\/\/feurich.com\/wp-content\/uploads\/logo.png","contentUrl":"https:\/\/feurich.com\/wp-content\/uploads\/logo.png","width":354,"height":151,"caption":"FEURICH"},"image":{"@id":"https:\/\/feurich.com\/en\/#\/schema\/logo\/image\/"},"sameAs":["https:\/\/www.facebook.com\/feurichvienna\/"]}]}},"_links":{"self":[{"href":"https:\/\/feurich.com\/fr\/wp-json\/wp\/v2\/pages\/11884","targetHints":{"allow":["GET"]}}],"collection":[{"href":"https:\/\/feurich.com\/fr\/wp-json\/wp\/v2\/pages"}],"about":[{"href":"https:\/\/feurich.com\/fr\/wp-json\/wp\/v2\/types\/page"}],"author":[{"embeddable":true,"href":"https:\/\/feurich.com\/fr\/wp-json\/wp\/v2\/users\/4"}],"replies":[{"embeddable":true,"href":"https:\/\/feurich.com\/fr\/wp-json\/wp\/v2\/comments?post=11884"}],"version-history":[{"count":9,"href":"https:\/\/feurich.com\/fr\/wp-json\/wp\/v2\/pages\/11884\/revisions"}],"predecessor-version":[{"id":84422,"href":"https:\/\/feurich.com\/fr\/wp-json\/wp\/v2\/pages\/11884\/revisions\/84422"}],"up":[{"embeddable":true,"href":"https:\/\/feurich.com\/fr\/wp-json\/wp\/v2\/pages\/11907"}],"wp:attachment":[{"href":"https:\/\/feurich.com\/fr\/wp-json\/wp\/v2\/media?parent=11884"}],"curies":[{"name":"wp","href":"https:\/\/api.w.org\/{rel}","templated":true}]}}