{"id":11860,"date":"2018-02-19T23:27:42","date_gmt":"2018-02-19T23:27:42","guid":{"rendered":"https:\/\/www.feurich.com\/a-propos-de-nous\/"},"modified":"2018-09-18T23:11:52","modified_gmt":"2018-09-18T23:11:52","slug":"a-propos-de-nous","status":"publish","type":"page","link":"https:\/\/feurich.com\/fr\/a-propos-de-nous\/","title":{"rendered":"Notre \u00e9quipe"},"content":{"rendered":"<div class=\"wpb-content-wrapper\"><p>[vc_row][vc_column][rev_slider_vc alias=\u00a0\u00bbteam-sl\u00a0\u00bb][\/vc_column][\/vc_row][vc_row][vc_column width=\u00a0\u00bb1\/6&Prime;][\/vc_column][vc_column width=\u00a0\u00bb2\/3&Prime;][vc_empty_space height=\u00a0\u00bb24px\u00a0\u00bb][vc_column_text el_class=\u00a0\u00bbbig-title\u00a0\u00bb]<\/p>\n<p style=\"text-align: center;\">\u00c0 PROPOS DE NOUS<\/p>\n<p>[\/vc_column_text][vc_empty_space height=\u00a0\u00bb24px\u00a0\u00bb][vc_column_text]Comment l&rsquo;ancienne marque FEURICH s&rsquo;est elle relocalis\u00e9e \u00e0 Vienne, la ville de la musique ? Qui est derri\u00e8re cette nouvelle organisation ? Et qui est l&rsquo;auteur des innovations qu&rsquo;on a pu voir au cours de ces derni\u00e8res ann\u00e9es ? Jetez un coup d\u2019\u0153il dans les coulisses et venez nous y rencontrer.[\/vc_column_text][vc_empty_space height=\u00a0\u00bb24px\u00a0\u00bb][\/vc_column][vc_column width=\u00a0\u00bb1\/6&Prime;][\/vc_column][\/vc_row][vc_row][vc_column width=\u00a0\u00bb1\/3&Prime;][vc_single_image image=\u00a0\u00bb2207&Prime; img_size=\u00a0\u00bb350&#215;240&Prime; alignment=\u00a0\u00bbcenter\u00a0\u00bb onclick=\u00a0\u00bbcustom_link\u00a0\u00bb link=\u00a0\u00bb?page_id=13705&Prime;][vc_column_text el_class=\u00a0\u00bbproducts-title\u00a0\u00bb]<a href=\"?page_id=13705\">L&rsquo;\u00e9quipe des Experts<\/a>[\/vc_column_text][vc_column_text]Nos experts proviennent de beaucoup de pays diff\u00e9rents. Nos meilleurs cerveaux travaillent avec un d\u00e9vouement sans pareil, et avec la passion pour la cr\u00e9ation des meilleurs pianos.[\/vc_column_text][\/vc_column][vc_column width=\u00a0\u00bb1\/3&Prime;][vc_single_image image=\u00a0\u00bb660&Prime; img_size=\u00a0\u00bb350&#215;240&Prime; alignment=\u00a0\u00bbcenter\u00a0\u00bb onclick=\u00a0\u00bbcustom_link\u00a0\u00bb link=\u00a0\u00bb?page_id=13272&Prime;][vc_column_text el_class=\u00a0\u00bbproducts-title\u00a0\u00bb]<a href=\"?page_id=13272\">Bailin et Ernest Bittner<\/a>[\/vc_column_text][vc_column_text]L&rsquo;amour de la musique et la volont\u00e9 de rendre le piano encore meilleur en am\u00e9liorant la qualit\u00e9 et en introduisant de nouvelle innovations, voil\u00e0 ce qui motive les associ\u00e9s derri\u00e8re la nouvelle organisation de FEURICH.[\/vc_column_text][\/vc_column][vc_column width=\u00a0\u00bb1\/3&Prime;][vc_single_image image=\u00a0\u00bb2063&Prime; img_size=\u00a0\u00bb350&#215;240&Prime; alignment=\u00a0\u00bbcenter\u00a0\u00bb onclick=\u00a0\u00bbcustom_link\u00a0\u00bb link=\u00a0\u00bb?page_id=15611&Prime;][vc_column_text el_class=\u00a0\u00bbproducts-title\u00a0\u00bb]<a href=\"?page_id=15611\">Histoire<\/a>[\/vc_column_text][vc_column_text]Depuis ses d\u00e9buts en 1851, en passant par la relocalisation \u00e0 Vienne, tout en ouvrant la voie \u00e0 de nouvelles innovations, vous d\u00e9couvrirez ici l&rsquo;histoire fascinante de FEURICH.[\/vc_column_text][\/vc_column][\/vc_row][vc_row][vc_column][vc_empty_space height=\u00a0\u00bb52px\u00a0\u00bb][\/vc_column][\/vc_row]<\/p>\n<\/div>","protected":false},"excerpt":{"rendered":"<p>Comment l&rsquo;ancienne marque FEURICH s&rsquo;est elle relocalis\u00e9e \u00e0 Vienne, la ville de la musique ? Et qui est l&rsquo;auteur des innovations qu&rsquo;on a pu voir au cours de ces derni\u00e8res ann\u00e9es ?<\/p>\n","protected":false},"author":4,"featured_media":0,"parent":0,"menu_order":0,"comment_status":"closed","ping_status":"closed","template":"template-fullwidth.php","meta":{"inline_featured_image":false,"footnotes":""},"class_list":["post-11860","page","type-page","status-publish","hentry"],"acf":[],"yoast_head":"<!-- This site is optimized with the Yoast SEO plugin v24.4 - https:\/\/yoast.com\/wordpress\/plugins\/seo\/ -->\n<title>Notre \u00e9quipe - FEURICH<\/title>\n<meta name=\"robots\" content=\"index, follow, max-snippet:-1, max-image-preview:large, max-video-preview:-1\" \/>\n<link rel=\"canonical\" href=\"https:\/\/feurich.com\/fr\/a-propos-de-nous\/\" \/>\n<meta property=\"og:locale\" content=\"fr_FR\" \/>\n<meta property=\"og:type\" content=\"article\" \/>\n<meta property=\"og:title\" content=\"Notre \u00e9quipe - FEURICH\" \/>\n<meta property=\"og:description\" content=\"Comment l&#039;ancienne marque FEURICH s&#039;est elle relocalis\u00e9e \u00e0 Vienne, la ville de la musique ? Et qui est l&#039;auteur des innovations qu&#039;on a pu voir au cours de ces derni\u00e8res ann\u00e9es ?\" \/>\n<meta property=\"og:url\" content=\"https:\/\/feurich.com\/fr\/a-propos-de-nous\/\" \/>\n<meta property=\"og:site_name\" content=\"FEURICH\" \/>\n<meta property=\"article:publisher\" content=\"https:\/\/www.facebook.com\/feurichvienna\/\" \/>\n<meta property=\"article:modified_time\" content=\"2018-09-18T23:11:52+00:00\" \/>\n<meta name=\"twitter:card\" content=\"summary_large_image\" \/>\n<meta name=\"twitter:label1\" content=\"Dur\u00e9e de lecture estim\u00e9e\" \/>\n\t<meta name=\"twitter:data1\" content=\"2 minutes\" \/>\n<script type=\"application\/ld+json\" class=\"yoast-schema-graph\">{\"@context\":\"https:\/\/schema.org\",\"@graph\":[{\"@type\":\"WebPage\",\"@id\":\"https:\/\/feurich.com\/fr\/a-propos-de-nous\/\",\"url\":\"https:\/\/feurich.com\/fr\/a-propos-de-nous\/\",\"name\":\"Notre \u00e9quipe - FEURICH\",\"isPartOf\":{\"@id\":\"https:\/\/feurich.com\/en\/#website\"},\"datePublished\":\"2018-02-19T23:27:42+00:00\",\"dateModified\":\"2018-09-18T23:11:52+00:00\",\"breadcrumb\":{\"@id\":\"https:\/\/feurich.com\/fr\/a-propos-de-nous\/#breadcrumb\"},\"inLanguage\":\"fr-FR\",\"potentialAction\":[{\"@type\":\"ReadAction\",\"target\":[\"https:\/\/feurich.com\/fr\/a-propos-de-nous\/\"]}]},{\"@type\":\"BreadcrumbList\",\"@id\":\"https:\/\/feurich.com\/fr\/a-propos-de-nous\/#breadcrumb\",\"itemListElement\":[{\"@type\":\"ListItem\",\"position\":1,\"name\":\"Home\",\"item\":\"https:\/\/feurich.com\/fr\/\"},{\"@type\":\"ListItem\",\"position\":2,\"name\":\"Notre \u00e9quipe\"}]},{\"@type\":\"WebSite\",\"@id\":\"https:\/\/feurich.com\/en\/#website\",\"url\":\"https:\/\/feurich.com\/en\/\",\"name\":\"FEURICH\",\"description\":\"A sound that connects\",\"publisher\":{\"@id\":\"https:\/\/feurich.com\/en\/#organization\"},\"potentialAction\":[{\"@type\":\"SearchAction\",\"target\":{\"@type\":\"EntryPoint\",\"urlTemplate\":\"https:\/\/feurich.com\/en\/?s={search_term_string}\"},\"query-input\":{\"@type\":\"PropertyValueSpecification\",\"valueRequired\":true,\"valueName\":\"search_term_string\"}}],\"inLanguage\":\"fr-FR\"},{\"@type\":\"Organization\",\"@id\":\"https:\/\/feurich.com\/en\/#organization\",\"name\":\"FEURICH\",\"url\":\"https:\/\/feurich.com\/en\/\",\"logo\":{\"@type\":\"ImageObject\",\"inLanguage\":\"fr-FR\",\"@id\":\"https:\/\/feurich.com\/en\/#\/schema\/logo\/image\/\",\"url\":\"https:\/\/feurich.com\/wp-content\/uploads\/logo.png\",\"contentUrl\":\"https:\/\/feurich.com\/wp-content\/uploads\/logo.png\",\"width\":354,\"height\":151,\"caption\":\"FEURICH\"},\"image\":{\"@id\":\"https:\/\/feurich.com\/en\/#\/schema\/logo\/image\/\"},\"sameAs\":[\"https:\/\/www.facebook.com\/feurichvienna\/\"]}]}<\/script>\n<!-- \/ Yoast SEO plugin. -->","yoast_head_json":{"title":"Notre \u00e9quipe - FEURICH","robots":{"index":"index","follow":"follow","max-snippet":"max-snippet:-1","max-image-preview":"max-image-preview:large","max-video-preview":"max-video-preview:-1"},"canonical":"https:\/\/feurich.com\/fr\/a-propos-de-nous\/","og_locale":"fr_FR","og_type":"article","og_title":"Notre \u00e9quipe - FEURICH","og_description":"Comment l'ancienne marque FEURICH s'est elle relocalis\u00e9e \u00e0 Vienne, la ville de la musique ? Et qui est l'auteur des innovations qu'on a pu voir au cours de ces derni\u00e8res ann\u00e9es ?","og_url":"https:\/\/feurich.com\/fr\/a-propos-de-nous\/","og_site_name":"FEURICH","article_publisher":"https:\/\/www.facebook.com\/feurichvienna\/","article_modified_time":"2018-09-18T23:11:52+00:00","twitter_card":"summary_large_image","twitter_misc":{"Dur\u00e9e de lecture estim\u00e9e":"2 minutes"},"schema":{"@context":"https:\/\/schema.org","@graph":[{"@type":"WebPage","@id":"https:\/\/feurich.com\/fr\/a-propos-de-nous\/","url":"https:\/\/feurich.com\/fr\/a-propos-de-nous\/","name":"Notre \u00e9quipe - FEURICH","isPartOf":{"@id":"https:\/\/feurich.com\/en\/#website"},"datePublished":"2018-02-19T23:27:42+00:00","dateModified":"2018-09-18T23:11:52+00:00","breadcrumb":{"@id":"https:\/\/feurich.com\/fr\/a-propos-de-nous\/#breadcrumb"},"inLanguage":"fr-FR","potentialAction":[{"@type":"ReadAction","target":["https:\/\/feurich.com\/fr\/a-propos-de-nous\/"]}]},{"@type":"BreadcrumbList","@id":"https:\/\/feurich.com\/fr\/a-propos-de-nous\/#breadcrumb","itemListElement":[{"@type":"ListItem","position":1,"name":"Home","item":"https:\/\/feurich.com\/fr\/"},{"@type":"ListItem","position":2,"name":"Notre \u00e9quipe"}]},{"@type":"WebSite","@id":"https:\/\/feurich.com\/en\/#website","url":"https:\/\/feurich.com\/en\/","name":"FEURICH","description":"A sound that connects","publisher":{"@id":"https:\/\/feurich.com\/en\/#organization"},"potentialAction":[{"@type":"SearchAction","target":{"@type":"EntryPoint","urlTemplate":"https:\/\/feurich.com\/en\/?s={search_term_string}"},"query-input":{"@type":"PropertyValueSpecification","valueRequired":true,"valueName":"search_term_string"}}],"inLanguage":"fr-FR"},{"@type":"Organization","@id":"https:\/\/feurich.com\/en\/#organization","name":"FEURICH","url":"https:\/\/feurich.com\/en\/","logo":{"@type":"ImageObject","inLanguage":"fr-FR","@id":"https:\/\/feurich.com\/en\/#\/schema\/logo\/image\/","url":"https:\/\/feurich.com\/wp-content\/uploads\/logo.png","contentUrl":"https:\/\/feurich.com\/wp-content\/uploads\/logo.png","width":354,"height":151,"caption":"FEURICH"},"image":{"@id":"https:\/\/feurich.com\/en\/#\/schema\/logo\/image\/"},"sameAs":["https:\/\/www.facebook.com\/feurichvienna\/"]}]}},"_links":{"self":[{"href":"https:\/\/feurich.com\/fr\/wp-json\/wp\/v2\/pages\/11860","targetHints":{"allow":["GET"]}}],"collection":[{"href":"https:\/\/feurich.com\/fr\/wp-json\/wp\/v2\/pages"}],"about":[{"href":"https:\/\/feurich.com\/fr\/wp-json\/wp\/v2\/types\/page"}],"author":[{"embeddable":true,"href":"https:\/\/feurich.com\/fr\/wp-json\/wp\/v2\/users\/4"}],"replies":[{"embeddable":true,"href":"https:\/\/feurich.com\/fr\/wp-json\/wp\/v2\/comments?post=11860"}],"version-history":[{"count":17,"href":"https:\/\/feurich.com\/fr\/wp-json\/wp\/v2\/pages\/11860\/revisions"}],"predecessor-version":[{"id":20265,"href":"https:\/\/feurich.com\/fr\/wp-json\/wp\/v2\/pages\/11860\/revisions\/20265"}],"wp:attachment":[{"href":"https:\/\/feurich.com\/fr\/wp-json\/wp\/v2\/media?parent=11860"}],"curies":[{"name":"wp","href":"https:\/\/api.w.org\/{rel}","templated":true}]}}