{"id":11805,"date":"2018-02-18T23:42:22","date_gmt":"2018-02-18T23:42:22","guid":{"rendered":"https:\/\/www.feurich.com\/references\/"},"modified":"2025-04-08T12:42:20","modified_gmt":"2025-04-08T12:42:20","slug":"references","status":"publish","type":"page","link":"https:\/\/feurich.com\/fr\/references\/","title":{"rendered":"R\u00e9f\u00e9rences"},"content":{"rendered":"<div class=\"wpb-content-wrapper\"><p>[vc_row][vc_column][rev_slider_vc alias=\u00a0\u00bbreferences\u00a0\u00bb][\/vc_column][\/vc_row][vc_row][vc_column width=\u00a0\u00bb1\/6&Prime;][\/vc_column][vc_column width=\u00a0\u00bb2\/3&Prime;][vc_empty_space height=\u00a0\u00bb16px\u00a0\u00bb][vc_column_text el_class=\u00a0\u00bbbig-title\u00a0\u00bb]<\/p>\n<p style=\"text-align: center;\">R\u00e9f\u00e9rences<\/p>\n<p>[\/vc_column_text][vc_empty_space height=\u00a0\u00bb16px\u00a0\u00bb][vc_column_text]Chez FEURICH, nous investissons toute notre \u00e9nergie dans le d\u00e9veloppement constant et l&rsquo;am\u00e9lioration de nos instruments. Nous sommes toujours heureux d&rsquo;apprendre que de plus en plus de pianistes d\u00e9couvrent la marque d&rsquo;eux-m\u00eames. Nous avons rassembl\u00e9 en une compilation ces r\u00e9f\u00e9rences pour que vous puissiez avoir un aper\u00e7u de ce dont nos pianos sont capables.[\/vc_column_text][vc_empty_space height=\u00a0\u00bb16px\u00a0\u00bb][\/vc_column][vc_column width=\u00a0\u00bb1\/6&Prime;][\/vc_column][\/vc_row][vc_row][vc_column width=\u00a0\u00bb1\/3&Prime;][vc_single_image image=\u00a0\u00bb3260&Prime; img_size=\u00a0\u00bb240&#215;240&Prime; alignment=\u00a0\u00bbcenter\u00a0\u00bb onclick=\u00a0\u00bbcustom_link\u00a0\u00bb link=\u00a0\u00bb?page_id=11790&Prime;][vc_column_text el_class=\u00a0\u00bbproducts-title\u00a0\u00bb]<a href=\"?page_id=11790\">R\u00e9compenses<\/a>[\/vc_column_text][vc_column_text]Les r\u00e9compenses ne sont pas vraiment notre sp\u00e9cialit\u00e9, mais il y a cependant quelques unes dont nous sommes tr\u00e8s fiers &#8211; le Diapason d&rsquo;or est un des prix les plus prestigieux dans le monde de la musique classique, et nous en avons \u00e9t\u00e9 honor\u00e9 par trois reprises. Notre tout nouveau piano, le FEURICH Mod. 123 &#8211; Vienna, a re\u00e7u le prix de\u00a0<em>Pianiste Maestro.<\/em>[\/vc_column_text][vc_empty_space height=\u00a0\u00bb20px\u00a0\u00bb][\/vc_column][vc_column width=\u00a0\u00bb1\/3&Prime;][vc_empty_space height=\u00a0\u00bb24px\u00a0\u00bb][vc_single_image image=\u00a0\u00bb3705&Prime; alignment=\u00a0\u00bbcenter\u00a0\u00bb onclick=\u00a0\u00bbcustom_link\u00a0\u00bb link=\u00a0\u00bb?page_id=11801&Prime;][vc_empty_space height=\u00a0\u00bb24px\u00a0\u00bb][vc_column_text el_class=\u00a0\u00bbproducts-title\u00a0\u00bb]<a href=\"?page_id=11801\">Institutions<\/a>[\/vc_column_text][vc_column_text]Des \u00e9coles et universit\u00e9s jusqu&rsquo;aux sc\u00e8nes et clubs de jazz de renomm\u00e9e mondiale, nous vous pr\u00e9sentons ici quelques unes des nombreux endroits au monde qui d\u00e9pendent du son et de la fiabilit\u00e9 des pianos FEURICH.[\/vc_column_text][vc_empty_space height=\u00a0\u00bb20px\u00a0\u00bb][\/vc_column][vc_column width=\u00a0\u00bb1\/3&Prime;][vc_single_image image=\u00a0\u00bb2865&Prime; img_size=\u00a0\u00bb350&#215;240&Prime; alignment=\u00a0\u00bbcenter\u00a0\u00bb onclick=\u00a0\u00bbcustom_link\u00a0\u00bb link=\u00a0\u00bb?page_id=11796&Prime;][vc_column_text el_class=\u00a0\u00bbproducts-title\u00a0\u00bb]<a href=\"?page_id=11796\">\u00c9v\u00e9nements<\/a>[\/vc_column_text][vc_column_text]FEURICH est disponible partout dans le monde, et peut agir de beaucoup de mani\u00e8res diff\u00e9rentes. Nos pianos ont contribu\u00e9 au succ\u00e8s de nombreux \u00e9v\u00e9nements mondiaux, et nous aimerions vous en montrer quelques-uns.[\/vc_column_text][vc_empty_space height=\u00a0\u00bb20px\u00a0\u00bb][\/vc_column][\/vc_row][vc_row][vc_column width=\u00a0\u00bb1\/3&Prime;][\/vc_column][vc_column width=\u00a0\u00bb1\/3&Prime;][vc_single_image image=\u00a0\u00bb7584&Prime; img_size=\u00a0\u00bb350&#215;240&Prime; alignment=\u00a0\u00bbcenter\u00a0\u00bb onclick=\u00a0\u00bbcustom_link\u00a0\u00bb link=\u00a0\u00bb?page_id=11786&Prime;][vc_column_text el_class=\u00a0\u00bbproducts-title\u00a0\u00bb]<a href=\"https:\/\/www.feurich.com\/wp-admin\/testimonials\">T\u00e9moignages<\/a>[\/vc_column_text][vc_column_text]Nous pourrions parler pendant des heures de nos pianos. Mais seuls les professionnels, les clients et les partenaires qui utilisent FEURICH sauraient vous expliquer ce que je ressens en jouant sur un de ces pianos.[\/vc_column_text][vc_empty_space height=\u00a0\u00bb20px\u00a0\u00bb][\/vc_column][vc_column width=\u00a0\u00bb1\/3&Prime;][\/vc_column][\/vc_row][vc_row][vc_column][vc_empty_space][\/vc_column][\/vc_row]<\/p>\n<\/div>","protected":false},"excerpt":{"rendered":"<p>Nous avons rassembl\u00e9 en une compilation ces r\u00e9f\u00e9rences pour que vous puissiez avoir un aper\u00e7u de ce dont nos pianos sont capables.<\/p>\n","protected":false},"author":4,"featured_media":0,"parent":0,"menu_order":0,"comment_status":"closed","ping_status":"closed","template":"template-fullwidth.php","meta":{"inline_featured_image":false,"footnotes":""},"class_list":["post-11805","page","type-page","status-publish","hentry"],"acf":[],"yoast_head":"<!-- This site is optimized with the Yoast SEO plugin v24.4 - https:\/\/yoast.com\/wordpress\/plugins\/seo\/ -->\n<title>R\u00e9f\u00e9rences - FEURICH<\/title>\n<meta name=\"robots\" content=\"index, follow, max-snippet:-1, max-image-preview:large, max-video-preview:-1\" \/>\n<link rel=\"canonical\" href=\"https:\/\/feurich.com\/fr\/references\/\" \/>\n<meta property=\"og:locale\" content=\"fr_FR\" \/>\n<meta property=\"og:type\" content=\"article\" \/>\n<meta property=\"og:title\" content=\"R\u00e9f\u00e9rences - FEURICH\" \/>\n<meta property=\"og:description\" content=\"Nous avons rassembl\u00e9 en une compilation ces r\u00e9f\u00e9rences pour que vous puissiez avoir un aper\u00e7u de ce dont nos pianos sont capables.\" \/>\n<meta property=\"og:url\" content=\"https:\/\/feurich.com\/fr\/references\/\" \/>\n<meta property=\"og:site_name\" content=\"FEURICH\" \/>\n<meta property=\"article:publisher\" content=\"https:\/\/www.facebook.com\/feurichvienna\/\" \/>\n<meta property=\"article:modified_time\" content=\"2025-04-08T12:42:20+00:00\" \/>\n<meta name=\"twitter:card\" content=\"summary_large_image\" \/>\n<meta name=\"twitter:label1\" content=\"Dur\u00e9e de lecture estim\u00e9e\" \/>\n\t<meta name=\"twitter:data1\" content=\"2 minutes\" \/>\n<script type=\"application\/ld+json\" class=\"yoast-schema-graph\">{\"@context\":\"https:\/\/schema.org\",\"@graph\":[{\"@type\":\"WebPage\",\"@id\":\"https:\/\/feurich.com\/fr\/references\/\",\"url\":\"https:\/\/feurich.com\/fr\/references\/\",\"name\":\"R\u00e9f\u00e9rences - FEURICH\",\"isPartOf\":{\"@id\":\"https:\/\/feurich.com\/en\/#website\"},\"datePublished\":\"2018-02-18T23:42:22+00:00\",\"dateModified\":\"2025-04-08T12:42:20+00:00\",\"breadcrumb\":{\"@id\":\"https:\/\/feurich.com\/fr\/references\/#breadcrumb\"},\"inLanguage\":\"fr-FR\",\"potentialAction\":[{\"@type\":\"ReadAction\",\"target\":[\"https:\/\/feurich.com\/fr\/references\/\"]}]},{\"@type\":\"BreadcrumbList\",\"@id\":\"https:\/\/feurich.com\/fr\/references\/#breadcrumb\",\"itemListElement\":[{\"@type\":\"ListItem\",\"position\":1,\"name\":\"Home\",\"item\":\"https:\/\/feurich.com\/fr\/\"},{\"@type\":\"ListItem\",\"position\":2,\"name\":\"R\u00e9f\u00e9rences\"}]},{\"@type\":\"WebSite\",\"@id\":\"https:\/\/feurich.com\/en\/#website\",\"url\":\"https:\/\/feurich.com\/en\/\",\"name\":\"FEURICH\",\"description\":\"A sound that connects\",\"publisher\":{\"@id\":\"https:\/\/feurich.com\/en\/#organization\"},\"potentialAction\":[{\"@type\":\"SearchAction\",\"target\":{\"@type\":\"EntryPoint\",\"urlTemplate\":\"https:\/\/feurich.com\/en\/?s={search_term_string}\"},\"query-input\":{\"@type\":\"PropertyValueSpecification\",\"valueRequired\":true,\"valueName\":\"search_term_string\"}}],\"inLanguage\":\"fr-FR\"},{\"@type\":\"Organization\",\"@id\":\"https:\/\/feurich.com\/en\/#organization\",\"name\":\"FEURICH\",\"url\":\"https:\/\/feurich.com\/en\/\",\"logo\":{\"@type\":\"ImageObject\",\"inLanguage\":\"fr-FR\",\"@id\":\"https:\/\/feurich.com\/en\/#\/schema\/logo\/image\/\",\"url\":\"https:\/\/feurich.com\/wp-content\/uploads\/logo.png\",\"contentUrl\":\"https:\/\/feurich.com\/wp-content\/uploads\/logo.png\",\"width\":354,\"height\":151,\"caption\":\"FEURICH\"},\"image\":{\"@id\":\"https:\/\/feurich.com\/en\/#\/schema\/logo\/image\/\"},\"sameAs\":[\"https:\/\/www.facebook.com\/feurichvienna\/\"]}]}<\/script>\n<!-- \/ Yoast SEO plugin. -->","yoast_head_json":{"title":"R\u00e9f\u00e9rences - FEURICH","robots":{"index":"index","follow":"follow","max-snippet":"max-snippet:-1","max-image-preview":"max-image-preview:large","max-video-preview":"max-video-preview:-1"},"canonical":"https:\/\/feurich.com\/fr\/references\/","og_locale":"fr_FR","og_type":"article","og_title":"R\u00e9f\u00e9rences - FEURICH","og_description":"Nous avons rassembl\u00e9 en une compilation ces r\u00e9f\u00e9rences pour que vous puissiez avoir un aper\u00e7u de ce dont nos pianos sont capables.","og_url":"https:\/\/feurich.com\/fr\/references\/","og_site_name":"FEURICH","article_publisher":"https:\/\/www.facebook.com\/feurichvienna\/","article_modified_time":"2025-04-08T12:42:20+00:00","twitter_card":"summary_large_image","twitter_misc":{"Dur\u00e9e de lecture estim\u00e9e":"2 minutes"},"schema":{"@context":"https:\/\/schema.org","@graph":[{"@type":"WebPage","@id":"https:\/\/feurich.com\/fr\/references\/","url":"https:\/\/feurich.com\/fr\/references\/","name":"R\u00e9f\u00e9rences - FEURICH","isPartOf":{"@id":"https:\/\/feurich.com\/en\/#website"},"datePublished":"2018-02-18T23:42:22+00:00","dateModified":"2025-04-08T12:42:20+00:00","breadcrumb":{"@id":"https:\/\/feurich.com\/fr\/references\/#breadcrumb"},"inLanguage":"fr-FR","potentialAction":[{"@type":"ReadAction","target":["https:\/\/feurich.com\/fr\/references\/"]}]},{"@type":"BreadcrumbList","@id":"https:\/\/feurich.com\/fr\/references\/#breadcrumb","itemListElement":[{"@type":"ListItem","position":1,"name":"Home","item":"https:\/\/feurich.com\/fr\/"},{"@type":"ListItem","position":2,"name":"R\u00e9f\u00e9rences"}]},{"@type":"WebSite","@id":"https:\/\/feurich.com\/en\/#website","url":"https:\/\/feurich.com\/en\/","name":"FEURICH","description":"A sound that connects","publisher":{"@id":"https:\/\/feurich.com\/en\/#organization"},"potentialAction":[{"@type":"SearchAction","target":{"@type":"EntryPoint","urlTemplate":"https:\/\/feurich.com\/en\/?s={search_term_string}"},"query-input":{"@type":"PropertyValueSpecification","valueRequired":true,"valueName":"search_term_string"}}],"inLanguage":"fr-FR"},{"@type":"Organization","@id":"https:\/\/feurich.com\/en\/#organization","name":"FEURICH","url":"https:\/\/feurich.com\/en\/","logo":{"@type":"ImageObject","inLanguage":"fr-FR","@id":"https:\/\/feurich.com\/en\/#\/schema\/logo\/image\/","url":"https:\/\/feurich.com\/wp-content\/uploads\/logo.png","contentUrl":"https:\/\/feurich.com\/wp-content\/uploads\/logo.png","width":354,"height":151,"caption":"FEURICH"},"image":{"@id":"https:\/\/feurich.com\/en\/#\/schema\/logo\/image\/"},"sameAs":["https:\/\/www.facebook.com\/feurichvienna\/"]}]}},"_links":{"self":[{"href":"https:\/\/feurich.com\/fr\/wp-json\/wp\/v2\/pages\/11805","targetHints":{"allow":["GET"]}}],"collection":[{"href":"https:\/\/feurich.com\/fr\/wp-json\/wp\/v2\/pages"}],"about":[{"href":"https:\/\/feurich.com\/fr\/wp-json\/wp\/v2\/types\/page"}],"author":[{"embeddable":true,"href":"https:\/\/feurich.com\/fr\/wp-json\/wp\/v2\/users\/4"}],"replies":[{"embeddable":true,"href":"https:\/\/feurich.com\/fr\/wp-json\/wp\/v2\/comments?post=11805"}],"version-history":[{"count":18,"href":"https:\/\/feurich.com\/fr\/wp-json\/wp\/v2\/pages\/11805\/revisions"}],"predecessor-version":[{"id":83926,"href":"https:\/\/feurich.com\/fr\/wp-json\/wp\/v2\/pages\/11805\/revisions\/83926"}],"wp:attachment":[{"href":"https:\/\/feurich.com\/fr\/wp-json\/wp\/v2\/media?parent=11805"}],"curies":[{"name":"wp","href":"https:\/\/api.w.org\/{rel}","templated":true}]}}