{"id":11790,"date":"2018-02-18T22:50:48","date_gmt":"2018-02-18T22:50:48","guid":{"rendered":"https:\/\/www.feurich.com\/recompenses\/"},"modified":"2019-08-05T12:44:43","modified_gmt":"2019-08-05T12:44:43","slug":"recompenses","status":"publish","type":"page","link":"https:\/\/feurich.com\/fr\/references\/recompenses\/","title":{"rendered":"R\u00e9compenses"},"content":{"rendered":"<div class=\"wpb-content-wrapper\"><p>[vc_row 0=\u00a0\u00bb\u00a0\u00bb][vc_column 0=\u00a0\u00bb\u00a0\u00bb][vc_empty_space 0=\u00a0\u00bb\u00a0\u00bb height=\u00a0\u00bb52px\u00a0\u00bb][\/vc_column][\/vc_row][vc_row 0=\u00a0\u00bb\u00a0\u00bb][vc_column width=\u00a0\u00bb1\/3&Prime;][vc_empty_space 0=\u00a0\u00bb\u00a0\u00bb height=\u00a0\u00bb10px\u00a0\u00bb][vc_single_image image=\u00a0\u00bb1385&Prime; img_size=\u00a0\u00bb220&#215;220&Prime; alignment=\u00a0\u00bbcenter\u00a0\u00bb][\/vc_column][vc_column width=\u00a0\u00bb2\/3&Prime;][vc_column_text el_class=\u00a0\u00bbbig-title\u00a0\u00bb]DIAPASON d&rsquo;OR[\/vc_column_text][vc_column_text 0=\u00a0\u00bb\u00a0\u00bb]Le renomm\u00e9 magazine de piano <a href=\"https:\/\/www.diapasonmag.fr\/\">Diapason<\/a>\u00a0attribue des prix mensuels pour les enregistrements de musique classique, et des prix annuels pour les pianos droits et pianos \u00e0 queue. Apr\u00e8s le\u00a0<em>Preis der deutschen Schallplattenkritik <\/em>allemand et le<em>\u00a0Gramophone Award Anglais<\/em>,<em>\u00a0<\/em>le\u00a0<em>Diapason d&rsquo;Or <\/em>est un des prix les plus prestigieux des enregistrements de musique classique au monde aujourd&rsquo;hui.<\/p>\n<p>Pour d\u00e9livrer les prix, des conditions sp\u00e9ciales sont mises en place lors du test des pianos : les pianistes ont les yeux band\u00e9s et chaque piano est essay\u00e9 dans les m\u00eames conditions acoustiques.<\/p>\n<h3>Les pianos feurich ont d\u00e9j\u00e0 re\u00e7u 3 prix :<\/h3>\n<p><strong>2007 &amp; 2011: FEURICH 122\u00a0\u2013<\/strong><strong> Universel<br \/>\n<\/strong>Vous trouverez un PDF avec les r\u00e9sultats originaux de 2011 <a href=\"https:\/\/www.feurich.com\/wp-content\/uploads\/DIAPASON-2011-for-FEURICH-122-English.pdf\">ICI<\/a>.<\/p>\n<p><strong>2008: FEURICH 178\u00a0<\/strong>(pr\u00e9d\u00e9cesseur du nouveau FEURICH 179 &#8211; Dynamic II)<\/p>\n<p>Le mod\u00e8le FEURICH 178 &#8211; Professional II a re\u00e7u le prestigieux prix du DIAPASON d&rsquo;or. Pour nous, chez FEURICH, ce n&rsquo;\u00e9tait pas seulement une affirmation de la qualit\u00e9 de notre travail, mais c&rsquo;\u00e9tait aussi une source d&rsquo;inspiration pour encore perfectionner cet incroyable instrument. Le successeur de ce piano, le FEURICH 179 &#8211; Dynamic II a int\u00e9gr\u00e9 de nombreuses am\u00e9liorations et innovations.<br \/>\nVous trouverez un PDF avec les r\u00e9sultats originaux <a href=\"https:\/\/www.feurich.com\/wp-content\/uploads\/DIAPASON-2008-fu%CC%88r-FEURICH-178-English.pdf\">ICI<\/a>.[\/vc_column_text][\/vc_column][\/vc_row][vc_row 0=\u00a0\u00bb\u00a0\u00bb][vc_column 0=\u00a0\u00bb\u00a0\u00bb width=\u00a0\u00bb1\/3&Prime;][vc_empty_space 0=\u00a0\u00bb\u00a0\u00bb height=\u00a0\u00bb42px\u00a0\u00bb][vc_single_image image=\u00a0\u00bb1636&Prime; img_size=\u00a0\u00bbmedium\u00a0\u00bb alignment=\u00a0\u00bbcenter\u00a0\u00bb][\/vc_column][vc_column width=\u00a0\u00bb2\/3&Prime;][vc_empty_space 0=\u00a0\u00bb\u00a0\u00bb][vc_column_text el_class=\u00a0\u00bbbig-title\u00a0\u00bb]PIANISTE MAESTRO[\/vc_column_text][vc_column_text]Le magazine de piano fran\u00e7ais\u00a0<a href=\"https:\/\/www.facebook.com\/pianistemag\/\">Pianiste<\/a>, internationalement reconnu, teste et commente r\u00e9guli\u00e8rement les nouveaux pianos sur le march\u00e9. Chaque piano est \u00e9valu\u00e9 et m\u00eame les d\u00e9fauts et lacunes que peuvent pr\u00e9senter les marques de haut de gamme sont relev\u00e9s.<\/p>\n<p><strong>Notre nouveau et innovant piano de Vienne, le FEURICH 123 &#8211; Vienna, a impressionn\u00e9 sur tous les aspects, et a \u00e9t\u00e9 r\u00e9compens\u00e9 du prix\u00a0<em>PIANISTE MAESTRO<\/em>.<\/strong>[\/vc_column_text][\/vc_column][\/vc_row][vc_row 0=\u00a0\u00bb\u00a0\u00bb][vc_column 0=\u00a0\u00bb\u00a0\u00bb][vc_empty_space 0=\u00a0\u00bb\u00a0\u00bb height=\u00a0\u00bb26px\u00a0\u00bb][\/vc_column][\/vc_row]<\/p>\n<\/div>","protected":false},"excerpt":{"rendered":"<p>[vc_row 0=\u00a0\u00bb\u00a0\u00bb][vc_column 0=\u00a0\u00bb\u00a0\u00bb][vc_empty_space 0=\u00a0\u00bb\u00a0\u00bb height=\u00a0\u00bb52px\u00a0\u00bb][\/vc_column][\/vc_row][vc_row 0=\u00a0\u00bb\u00a0\u00bb][vc_column width=\u00a0\u00bb1\/3&Prime;][vc_empty_space 0=\u00a0\u00bb\u00a0\u00bb height=\u00a0\u00bb10px\u00a0\u00bb][vc_single_image image=\u00a0\u00bb1385&Prime; img_size=\u00a0\u00bb220&#215;220&Prime; alignment=\u00a0\u00bbcenter\u00a0\u00bb][\/vc_column][vc_column width=\u00a0\u00bb2\/3&Prime;][vc_column_text el_class=\u00a0\u00bbbig-title\u00a0\u00bb]DIAPASON d&rsquo;OR[\/vc_column_text][vc_column_text 0=\u00a0\u00bb\u00a0\u00bb]Le renomm\u00e9 magazine de piano Diapason\u00a0attribue des prix mensuels pour les enregistrements de musique classique, &#8230;<\/p>\n","protected":false},"author":4,"featured_media":0,"parent":11805,"menu_order":0,"comment_status":"closed","ping_status":"closed","template":"template-fullwidth.php","meta":{"inline_featured_image":false,"footnotes":""},"class_list":["post-11790","page","type-page","status-publish","hentry"],"acf":[],"yoast_head":"<!-- This site is optimized with the Yoast SEO plugin v24.4 - https:\/\/yoast.com\/wordpress\/plugins\/seo\/ -->\n<title>R\u00e9compenses - FEURICH<\/title>\n<meta name=\"robots\" content=\"index, follow, max-snippet:-1, max-image-preview:large, max-video-preview:-1\" \/>\n<link rel=\"canonical\" href=\"https:\/\/feurich.com\/fr\/references\/recompenses\/\" \/>\n<meta property=\"og:locale\" content=\"fr_FR\" \/>\n<meta property=\"og:type\" content=\"article\" \/>\n<meta property=\"og:title\" content=\"R\u00e9compenses - FEURICH\" \/>\n<meta property=\"og:description\" content=\"[vc_row 0=\u00a0\u00bb\u00a0\u00bb][vc_column 0=\u00a0\u00bb\u00a0\u00bb][vc_empty_space 0=\u00a0\u00bb\u00a0\u00bb height=\u00a0\u00bb52px\u00a0\u00bb][\/vc_column][\/vc_row][vc_row 0=\u00a0\u00bb\u00a0\u00bb][vc_column width=\u00a0\u00bb1\/3&Prime;][vc_empty_space 0=\u00a0\u00bb\u00a0\u00bb height=\u00a0\u00bb10px\u00a0\u00bb][vc_single_image image=\u00a0\u00bb1385&Prime; img_size=\u00a0\u00bb220&#215;220&Prime; alignment=\u00a0\u00bbcenter\u00a0\u00bb][\/vc_column][vc_column width=\u00a0\u00bb2\/3&Prime;][vc_column_text el_class=\u00a0\u00bbbig-title\u00a0\u00bb]DIAPASON d&rsquo;OR[\/vc_column_text][vc_column_text 0=\u00a0\u00bb\u00a0\u00bb]Le renomm\u00e9 magazine de piano Diapason\u00a0attribue des prix mensuels pour les enregistrements de musique classique, ...\" \/>\n<meta property=\"og:url\" content=\"https:\/\/feurich.com\/fr\/references\/recompenses\/\" \/>\n<meta property=\"og:site_name\" content=\"FEURICH\" \/>\n<meta property=\"article:publisher\" content=\"https:\/\/www.facebook.com\/feurichvienna\/\" \/>\n<meta property=\"article:modified_time\" content=\"2019-08-05T12:44:43+00:00\" \/>\n<meta name=\"twitter:card\" content=\"summary_large_image\" \/>\n<meta name=\"twitter:label1\" content=\"Dur\u00e9e de lecture estim\u00e9e\" \/>\n\t<meta name=\"twitter:data1\" content=\"2 minutes\" \/>\n<script type=\"application\/ld+json\" class=\"yoast-schema-graph\">{\"@context\":\"https:\/\/schema.org\",\"@graph\":[{\"@type\":\"WebPage\",\"@id\":\"https:\/\/feurich.com\/fr\/references\/recompenses\/\",\"url\":\"https:\/\/feurich.com\/fr\/references\/recompenses\/\",\"name\":\"R\u00e9compenses - FEURICH\",\"isPartOf\":{\"@id\":\"https:\/\/feurich.com\/en\/#website\"},\"datePublished\":\"2018-02-18T22:50:48+00:00\",\"dateModified\":\"2019-08-05T12:44:43+00:00\",\"breadcrumb\":{\"@id\":\"https:\/\/feurich.com\/fr\/references\/recompenses\/#breadcrumb\"},\"inLanguage\":\"fr-FR\",\"potentialAction\":[{\"@type\":\"ReadAction\",\"target\":[\"https:\/\/feurich.com\/fr\/references\/recompenses\/\"]}]},{\"@type\":\"BreadcrumbList\",\"@id\":\"https:\/\/feurich.com\/fr\/references\/recompenses\/#breadcrumb\",\"itemListElement\":[{\"@type\":\"ListItem\",\"position\":1,\"name\":\"Home\",\"item\":\"https:\/\/feurich.com\/fr\/\"},{\"@type\":\"ListItem\",\"position\":2,\"name\":\"R\u00e9f\u00e9rences\",\"item\":\"https:\/\/feurich.com\/fr\/references\/\"},{\"@type\":\"ListItem\",\"position\":3,\"name\":\"R\u00e9compenses\"}]},{\"@type\":\"WebSite\",\"@id\":\"https:\/\/feurich.com\/en\/#website\",\"url\":\"https:\/\/feurich.com\/en\/\",\"name\":\"FEURICH\",\"description\":\"A sound that connects\",\"publisher\":{\"@id\":\"https:\/\/feurich.com\/en\/#organization\"},\"potentialAction\":[{\"@type\":\"SearchAction\",\"target\":{\"@type\":\"EntryPoint\",\"urlTemplate\":\"https:\/\/feurich.com\/en\/?s={search_term_string}\"},\"query-input\":{\"@type\":\"PropertyValueSpecification\",\"valueRequired\":true,\"valueName\":\"search_term_string\"}}],\"inLanguage\":\"fr-FR\"},{\"@type\":\"Organization\",\"@id\":\"https:\/\/feurich.com\/en\/#organization\",\"name\":\"FEURICH\",\"url\":\"https:\/\/feurich.com\/en\/\",\"logo\":{\"@type\":\"ImageObject\",\"inLanguage\":\"fr-FR\",\"@id\":\"https:\/\/feurich.com\/en\/#\/schema\/logo\/image\/\",\"url\":\"https:\/\/feurich.com\/wp-content\/uploads\/logo.png\",\"contentUrl\":\"https:\/\/feurich.com\/wp-content\/uploads\/logo.png\",\"width\":354,\"height\":151,\"caption\":\"FEURICH\"},\"image\":{\"@id\":\"https:\/\/feurich.com\/en\/#\/schema\/logo\/image\/\"},\"sameAs\":[\"https:\/\/www.facebook.com\/feurichvienna\/\"]}]}<\/script>\n<!-- \/ Yoast SEO plugin. -->","yoast_head_json":{"title":"R\u00e9compenses - FEURICH","robots":{"index":"index","follow":"follow","max-snippet":"max-snippet:-1","max-image-preview":"max-image-preview:large","max-video-preview":"max-video-preview:-1"},"canonical":"https:\/\/feurich.com\/fr\/references\/recompenses\/","og_locale":"fr_FR","og_type":"article","og_title":"R\u00e9compenses - FEURICH","og_description":"[vc_row 0=\u00a0\u00bb\u00a0\u00bb][vc_column 0=\u00a0\u00bb\u00a0\u00bb][vc_empty_space 0=\u00a0\u00bb\u00a0\u00bb height=\u00a0\u00bb52px\u00a0\u00bb][\/vc_column][\/vc_row][vc_row 0=\u00a0\u00bb\u00a0\u00bb][vc_column width=\u00a0\u00bb1\/3&Prime;][vc_empty_space 0=\u00a0\u00bb\u00a0\u00bb height=\u00a0\u00bb10px\u00a0\u00bb][vc_single_image image=\u00a0\u00bb1385&Prime; img_size=\u00a0\u00bb220&#215;220&Prime; alignment=\u00a0\u00bbcenter\u00a0\u00bb][\/vc_column][vc_column width=\u00a0\u00bb2\/3&Prime;][vc_column_text el_class=\u00a0\u00bbbig-title\u00a0\u00bb]DIAPASON d&rsquo;OR[\/vc_column_text][vc_column_text 0=\u00a0\u00bb\u00a0\u00bb]Le renomm\u00e9 magazine de piano Diapason\u00a0attribue des prix mensuels pour les enregistrements de musique classique, ...","og_url":"https:\/\/feurich.com\/fr\/references\/recompenses\/","og_site_name":"FEURICH","article_publisher":"https:\/\/www.facebook.com\/feurichvienna\/","article_modified_time":"2019-08-05T12:44:43+00:00","twitter_card":"summary_large_image","twitter_misc":{"Dur\u00e9e de lecture estim\u00e9e":"2 minutes"},"schema":{"@context":"https:\/\/schema.org","@graph":[{"@type":"WebPage","@id":"https:\/\/feurich.com\/fr\/references\/recompenses\/","url":"https:\/\/feurich.com\/fr\/references\/recompenses\/","name":"R\u00e9compenses - FEURICH","isPartOf":{"@id":"https:\/\/feurich.com\/en\/#website"},"datePublished":"2018-02-18T22:50:48+00:00","dateModified":"2019-08-05T12:44:43+00:00","breadcrumb":{"@id":"https:\/\/feurich.com\/fr\/references\/recompenses\/#breadcrumb"},"inLanguage":"fr-FR","potentialAction":[{"@type":"ReadAction","target":["https:\/\/feurich.com\/fr\/references\/recompenses\/"]}]},{"@type":"BreadcrumbList","@id":"https:\/\/feurich.com\/fr\/references\/recompenses\/#breadcrumb","itemListElement":[{"@type":"ListItem","position":1,"name":"Home","item":"https:\/\/feurich.com\/fr\/"},{"@type":"ListItem","position":2,"name":"R\u00e9f\u00e9rences","item":"https:\/\/feurich.com\/fr\/references\/"},{"@type":"ListItem","position":3,"name":"R\u00e9compenses"}]},{"@type":"WebSite","@id":"https:\/\/feurich.com\/en\/#website","url":"https:\/\/feurich.com\/en\/","name":"FEURICH","description":"A sound that connects","publisher":{"@id":"https:\/\/feurich.com\/en\/#organization"},"potentialAction":[{"@type":"SearchAction","target":{"@type":"EntryPoint","urlTemplate":"https:\/\/feurich.com\/en\/?s={search_term_string}"},"query-input":{"@type":"PropertyValueSpecification","valueRequired":true,"valueName":"search_term_string"}}],"inLanguage":"fr-FR"},{"@type":"Organization","@id":"https:\/\/feurich.com\/en\/#organization","name":"FEURICH","url":"https:\/\/feurich.com\/en\/","logo":{"@type":"ImageObject","inLanguage":"fr-FR","@id":"https:\/\/feurich.com\/en\/#\/schema\/logo\/image\/","url":"https:\/\/feurich.com\/wp-content\/uploads\/logo.png","contentUrl":"https:\/\/feurich.com\/wp-content\/uploads\/logo.png","width":354,"height":151,"caption":"FEURICH"},"image":{"@id":"https:\/\/feurich.com\/en\/#\/schema\/logo\/image\/"},"sameAs":["https:\/\/www.facebook.com\/feurichvienna\/"]}]}},"_links":{"self":[{"href":"https:\/\/feurich.com\/fr\/wp-json\/wp\/v2\/pages\/11790","targetHints":{"allow":["GET"]}}],"collection":[{"href":"https:\/\/feurich.com\/fr\/wp-json\/wp\/v2\/pages"}],"about":[{"href":"https:\/\/feurich.com\/fr\/wp-json\/wp\/v2\/types\/page"}],"author":[{"embeddable":true,"href":"https:\/\/feurich.com\/fr\/wp-json\/wp\/v2\/users\/4"}],"replies":[{"embeddable":true,"href":"https:\/\/feurich.com\/fr\/wp-json\/wp\/v2\/comments?post=11790"}],"version-history":[{"count":9,"href":"https:\/\/feurich.com\/fr\/wp-json\/wp\/v2\/pages\/11790\/revisions"}],"predecessor-version":[{"id":25749,"href":"https:\/\/feurich.com\/fr\/wp-json\/wp\/v2\/pages\/11790\/revisions\/25749"}],"up":[{"embeddable":true,"href":"https:\/\/feurich.com\/fr\/wp-json\/wp\/v2\/pages\/11805"}],"wp:attachment":[{"href":"https:\/\/feurich.com\/fr\/wp-json\/wp\/v2\/media?parent=11790"}],"curies":[{"name":"wp","href":"https:\/\/api.w.org\/{rel}","templated":true}]}}