{"id":11395,"date":"2018-02-12T23:47:24","date_gmt":"2018-02-12T23:47:24","guid":{"rendered":"https:\/\/www.feurich.com\/modele-218-concert-i-details\/"},"modified":"2023-07-28T06:42:18","modified_gmt":"2023-07-28T06:42:18","slug":"modele-218-concert-i-details","status":"publish","type":"page","link":"https:\/\/feurich.com\/fr\/produits\/pianos-classiques\/piano-a-queue-modele-218-concert-i\/modele-218-concert-i-details\/","title":{"rendered":"Mod\u00e8le 218 &#8211; Concert I : D\u00e9tails"},"content":{"rendered":"<div class=\"wpb-content-wrapper\"><p>[vc_row][vc_column][vc_column_text]<ul class=\"piano-menu\" page-id=\"11854\"><li class=\"piano-menu-item\"><a class=\"piano-menu-link \" href=\"https:\/\/feurich.com\/fr\/produits\/pianos-classiques\/piano-mod-115-premiere\/\">115 \u2013 Premiere<\/a><\/li><li class=\"piano-menu-item\"><a class=\"piano-menu-link \" href=\"https:\/\/feurich.com\/fr\/produits\/pianos-classiques\/piano-mod-122-universal\/\">122 \u2013 Universal<\/a><\/li><li class=\"piano-menu-item\"><a class=\"piano-menu-link \" href=\"https:\/\/feurich.com\/fr\/produits\/pianos-classiques\/piano-modele-125-design\/\">125 - Design<\/a><\/li><li class=\"piano-menu-item\"><a class=\"piano-menu-link \" href=\"https:\/\/feurich.com\/fr\/produits\/pianos-classiques\/piano-133-concert\/\">133 \u2013 Concert<\/a><\/li><li class=\"piano-menu-item\"><a class=\"piano-menu-link \" href=\"https:\/\/feurich.com\/fr\/produits\/pianos-classiques\/piano-a-queue-modele-162-dynamic-i\/\">162 \u2013 Dynamic I<\/a><\/li><li class=\"piano-menu-item\"><a class=\"piano-menu-link \" href=\"https:\/\/feurich.com\/fr\/produits\/pianos-classiques\/piano-a-queue-modele-179-dynamic-ii\/\">179 \u2013 Dynamic II<\/a><\/li><li class=\"piano-menu-item\"><a class=\"piano-menu-link piano-menu-link-active\" href=\"https:\/\/feurich.com\/fr\/produits\/pianos-classiques\/piano-a-queue-modele-218-concert-i\/\">218 - Concert I<\/a><\/li><\/ul>[\/vc_column_text][vc_column_text el_class=\u00a0\u00bbbig-title\u00a0\u00bb]FEURICH Mod\u00e8le 218 &#8211; Concert I[\/vc_column_text][\/vc_column][\/vc_row][vc_row][vc_column width=\u00a0\u00bb1\/2&Prime;][vc_column_text]<div class=\"wonderplugingallery-container\" id=\"wonderplugingallery-container-6\" style=\"max-width:550px;margin:0 auto;\"><div class=\"wonderplugingallery\" id=\"wonderplugingallery-6\" data-galleryid=\"6\" data-width=\"550\" data-height=\"400\" data-skin=\"gallerywithtext\" data-random=\"false\" data-autoslide=\"false\" data-autoplayvideo=\"false\" data-schemamarkup=\"false\" data-stopallplaying=\"false\" data-hidetitlewhenvideoisplaying=\"false\" data-disablehovereventontouch=\"false\" data-autoslideandplayafterfirstplayed=\"false\" data-html5player=\"true\" data-responsive=\"true\" data-fullwidth=\"false\" data-showtitle=\"true\" data-showdescription=\"true\" data-showplaybutton=\"false\" data-showfullscreenbutton=\"true\" data-showtimer=\"false\" data-showcarousel=\"true\" data-galleryshadow=\"false\" data-slideshadow=\"false\" data-thumbshowtitle=\"false\" data-thumbshadow=\"false\" data-lightboxshowtitle=\"true\" data-lightboxshowdescription=\"true\" data-specifyid=\"true\" data-donotinit=\"false\" data-addinitscript=\"true\" data-triggerresize=\"false\" data-thumbcolumnsresponsive=\"false\" data-showimgtitle=\"false\" data-titlesmallscreen=\"false\" data-initsocial=\"true\" data-showsocial=\"false\" data-showemail=\"false\" data-showfacebook=\"true\" data-showtwitter=\"true\" data-showpinterest=\"true\" data-socialrotateeffect=\"true\" data-doshortcodeontext=\"false\" data-duration=\"1500\" data-slideduration=\"1000\" data-slideshowinterval=\"6000\" data-googleanalyticsaccount=\"\" data-resizemode=\"fill\" data-imagetoolboxmode=\"hide\" data-effect=\"fadeinout\" data-padding=\"12\" data-bgcolor=\"\" data-bgimage=\"\" data-thumbwidth=\"54\" data-thumbheight=\"42\" data-thumbgap=\"8\" data-thumbrowgap=\"16\" data-lightboxtextheight=\"72\" data-lightboxtitlecss=\"{color:#333333; font:bold 12px Arial,Helvetica,sans-serif; overflow:hidden; white-space:normal; line-height:18px;}\" data-lightboxdescriptioncss=\"{color:#333333; font:normal 12px Arial,Helvetica,sans-serif; overflow:hidden; white-space:normal; line-height:14px;}\" data-titlecss=\"{color:#333;font-size:14px;font-family:Armata,sans-serif,Arial;overflow:hidden;text-align:center;padding:16px 8px 4px 8px;display:none}\" data-descriptioncss=\"{color:#333;font-size:14px;font-family:Arial,Helvetica,sans-serif;overflow:hidden;text-align:center;padding:4px 8px; padding-top: 15px;}\" data-titleheight=\"35\" data-titlesmallscreenwidth=\"640\" data-titleheightsmallscreen=\"148\" data-socialmode=\"mouseover\" data-socialposition=\"position:absolute;top:8px;right:8px;\" data-socialpositionlightbox=\"position:absolute;top:8px;right:8px;\" data-socialdirection=\"horizontal\" data-socialbuttonsize=\"32\" data-socialbuttonfontsize=\"18\" data-triggerresizedelay=\"100\" data-thumbmediumsize=\"800\" data-thumbsmallsize=\"480\" data-thumbmediumwidth=\"64\" data-thumbmediumheight=\"64\" data-thumbsmallwidth=\"48\" data-thumbsmallheight=\"48\" data-imgtitle=\"title\" data-jsfolder=\"https:\/\/feurich.com\/wp-content\/plugins\/wonderplugin-gallery\/engine\/\" style=\"display:none;\" ><a href=\"https:\/\/www.feurich.com\/wp-content\/uploads\/Mod._218_-_Concert_I_10black_brass_LOGO-1.png\" data-mediatype=1><img decoding=\"async\" class=\"html5galleryimg\" src=\"https:\/\/www.feurich.com\/wp-content\/uploads\/Mod._218_-_Concert_I_10black_brass_LOGO-1-1024x768.png\" alt=\"Mod._218_-_Concert_I_#10black_brass_LOGO\" data-description=\"Noir verni - Laiton\"><\/a><a href=\"https:\/\/www.feurich.com\/wp-content\/uploads\/Mod.-218-Concert-I-black-polished-chrome-1.png\" data-mediatype=1><img decoding=\"async\" class=\"html5galleryimg\" src=\"https:\/\/www.feurich.com\/wp-content\/uploads\/Mod.-218-Concert-I-black-polished-chrome-1-1024x768.png\" alt=\"Mod. 218 - Concert I, black polished - chrome 1\" data-description=\"Noir verni - Chrom\"><\/a><div class=\"wonderplugin-engine\"><a href=\"http:\/\/www.wonderplugin.com\/wordpress-gallery\/\" title=\"WordPress YouTube Gallery Plugin\">WordPress YouTube Gallery Plugin<\/a><\/div><\/div><\/div><script>jQuery(document).ready(function(){jQuery(\".wonderplugin-engine\").css({display:\"none\"});jQuery(\".wonderplugingallery\").wonderplugingallery({forceinit:true});});<\/script>[\/vc_column_text][\/vc_column][vc_column width=\u00a0\u00bb1\/2&Prime;][vc_column_text]<\/p>\n<p style=\"text-align: justify;\">Le premier mod\u00e8le de s\u00e9rie innovante de pianos \u00e0 queue de concert FEURICH a \u00e9t\u00e9 cr\u00e9\u00e9 en \u00e9troite collaboration avec le designer de pianos Stephen Paulello, de renomm\u00e9e internationale. Le design unique de ce mod\u00e8le\u00a0 demi-queue d\u00e9finit des standards de qualit\u00e9 mat\u00e9rielle et sonore r\u00e9ellement nouveaux. Seuls les meilleurs mat\u00e9riaux et composants sont utilis\u00e9s dans ce mod\u00e8le 218 &#8211; Concert I. Les plus hautes t\u00eates de marteau de qualit\u00e9 avec un feutre naturel \u00ab Weickert sp\u00e9cial \u00bb par Renner, la table d&rsquo;harmonie en \u00e9pic\u00e9a constituent la base de cet instrument exclusif.<\/p>\n<p style=\"text-align: justify;\">Le mod\u00e8le 218 &#8211; Concert I allie un son riche, chaleureux et expressif, caract\u00e9ristiques de la marque Feurich, avec une clart\u00e9 impressionnante, une pr\u00e9cision et une vari\u00e9t\u00e9 dans les dynamiques. La m\u00e9canique optimis\u00e9e ainsi que la fabrication m\u00e9ticuleuse assurent une attaque s\u00fbre et contr\u00f4l\u00e9e du pianissimo le plus fin au fortissimo le plus\u00a0 expressif. Le mod\u00e8le 218 &#8211; Concert I est utilis\u00e9 dans de nombreux studios d&rsquo;enregistrement ainsi que dans des salles de concert de petite et moyenne taille \u00e0 travers le monde.<\/p>\n<p>\u2022 performance sonore exceptionnelle<br \/>\n\u2022 excellente coh\u00e9rence sur l&rsquo;ensemble du spectre sonore<br \/>\n\u2022 facture globale unique par Stephen Paulello<br \/>\n\u2022 Jeu FEURICH innovant pour une attaque rapide et pr\u00e9cise<br \/>\n\u2022 Cordes en acier inoxydable Paulello<br \/>\n\u2022 Marteaux Renner au feutre naturel \u00ab\u00a0Weickert-Spezial\u00a0\u00bb<br \/>\n\u2022 Clavier en bois noir pour une sensation particuli\u00e8rement authentique<br \/>\n\u2022 Support de pupitre FEURICH avec lampe LED anti-\u00e9blouissement int\u00e9gr\u00e9e<\/p>\n<p style=\"text-align: justify;\">Le Mod\u00e8le 218 Concert I est disponible en noir avec le cadre en fonte rouge famboyant, les charni\u00e8res en laiton et les feutres de couleur bordeaux, ou avec cadre en fonte grise, les charni\u00e8res en chrome et les feutres noirs. Il peut aussi \u00eatre \u00e9quip\u00e9 d&rsquo;un syst\u00e8me silencieux. Vous aimeriez en savoir plus? Faites-nous signe!<\/p>\n<p>[\/vc_column_text][\/vc_column][\/vc_row][vc_row][vc_column][vc_masonry_media_grid element_width=\u00a0\u00bb2&Prime; item=\u00a0\u00bbmediaGrid_Default\u00a0\u00bb grid_id=\u00a0\u00bbvc_gid:1690526211037-680d57f22e180c6e4424e9f72a7f9839-7&Prime; include=\u00a0\u00bb6873,6893,6898,6888,6878,6883&Prime;][\/vc_column][\/vc_row][vc_row][vc_column width=\u00a0\u00bb1\/3&Prime;][vc_column_text]<span style=\"font-size: 14pt;\"><strong>FICHE D&rsquo;INFORMATION<\/strong><\/span>[\/vc_column_text][vc_single_image image=\u00a0\u00bb7224&Prime; onclick=\u00a0\u00bbcustom_link\u00a0\u00bb img_link_target=\u00a0\u00bb_blank\u00a0\u00bb link=\u00a0\u00bb\/wp-content\/uploads\/Page_dinformation_218_web.pdf\u00a0\u00bb][\/vc_column][vc_column width=\u00a0\u00bb1\/3&Prime;][vc_column_text]<span style=\"font-size: 14pt;\"><strong>VIDEO DU PRODUIT<\/strong><\/span>[\/vc_column_text][vc_column_text]<div class=\"wpb_video_widget wpb_content_element  vc_clearfix vc_video-aspect-ratio-43 vc_video-el-width-100 vc_video-align-left\"><div class=\"wpb_wrapper\"><div class=\"wpb_video_wrapper\"><div class=\"fluid-width-video-wrapper\"><iframe src=\"https:\/\/www.youtube.com\/embed\/FvDuO2dPAqE?feature=oembed\" frameborder=\"0\" gesture=\"media\" allow=\"encrypted-media\" allowfullscreen=\"\" class=\"vid-youtube\"><\/iframe><\/div><\/div><\/div><\/div>[\/vc_column_text][\/vc_column][vc_column width=\u00a0\u00bb1\/3&Prime;][vc_column_text]<span style=\"font-size: 14pt;\"><strong>DIMENSIONS<\/strong><\/span>[\/vc_column_text][vc_single_image image=\u00a0\u00bb3255&Prime; img_size=\u00a0\u00bb360&#215;260&Prime;][\/vc_column][\/vc_row]<\/p>\n<\/div>","protected":false},"excerpt":{"rendered":"<p>La facture unique du piano demi-queue d\u00e9finit des normes de qualit\u00e9 mat\u00e9rielle et sonore enti\u00e8rement nouvelles; un mod\u00e8le d\u00e9velopp\u00e9 conjointement avec Stephen Paulello.<\/p>\n","protected":false},"author":7,"featured_media":0,"parent":11876,"menu_order":0,"comment_status":"closed","ping_status":"closed","template":"","meta":{"inline_featured_image":false,"footnotes":""},"class_list":["post-11395","page","type-page","status-publish","hentry"],"acf":[],"yoast_head":"<!-- This site is optimized with the Yoast SEO plugin v24.4 - https:\/\/yoast.com\/wordpress\/plugins\/seo\/ -->\n<title>Mod\u00e8le 218 - Concert I : D\u00e9tails - FEURICH<\/title>\n<meta name=\"robots\" content=\"index, follow, max-snippet:-1, max-image-preview:large, max-video-preview:-1\" \/>\n<link rel=\"canonical\" href=\"https:\/\/feurich.com\/fr\/produits\/pianos-classiques\/piano-a-queue-modele-218-concert-i\/modele-218-concert-i-details\/\" \/>\n<meta property=\"og:locale\" content=\"fr_FR\" \/>\n<meta property=\"og:type\" content=\"article\" \/>\n<meta property=\"og:title\" content=\"Mod\u00e8le 218 - Concert I : D\u00e9tails - FEURICH\" \/>\n<meta property=\"og:description\" content=\"La facture unique du piano demi-queue d\u00e9finit des normes de qualit\u00e9 mat\u00e9rielle et sonore enti\u00e8rement nouvelles; un mod\u00e8le d\u00e9velopp\u00e9 conjointement avec Stephen Paulello.\" \/>\n<meta property=\"og:url\" content=\"https:\/\/feurich.com\/fr\/produits\/pianos-classiques\/piano-a-queue-modele-218-concert-i\/modele-218-concert-i-details\/\" \/>\n<meta property=\"og:site_name\" content=\"FEURICH\" \/>\n<meta property=\"article:publisher\" content=\"https:\/\/www.facebook.com\/feurichvienna\/\" \/>\n<meta property=\"article:modified_time\" content=\"2023-07-28T06:42:18+00:00\" \/>\n<meta name=\"twitter:card\" content=\"summary_large_image\" \/>\n<meta name=\"twitter:label1\" content=\"Dur\u00e9e de lecture estim\u00e9e\" \/>\n\t<meta name=\"twitter:data1\" content=\"2 minutes\" \/>\n<script type=\"application\/ld+json\" class=\"yoast-schema-graph\">{\"@context\":\"https:\/\/schema.org\",\"@graph\":[{\"@type\":\"WebPage\",\"@id\":\"https:\/\/feurich.com\/fr\/produits\/pianos-classiques\/piano-a-queue-modele-218-concert-i\/modele-218-concert-i-details\/\",\"url\":\"https:\/\/feurich.com\/fr\/produits\/pianos-classiques\/piano-a-queue-modele-218-concert-i\/modele-218-concert-i-details\/\",\"name\":\"Mod\u00e8le 218 - Concert I : D\u00e9tails - FEURICH\",\"isPartOf\":{\"@id\":\"https:\/\/feurich.com\/en\/#website\"},\"datePublished\":\"2018-02-12T23:47:24+00:00\",\"dateModified\":\"2023-07-28T06:42:18+00:00\",\"breadcrumb\":{\"@id\":\"https:\/\/feurich.com\/fr\/produits\/pianos-classiques\/piano-a-queue-modele-218-concert-i\/modele-218-concert-i-details\/#breadcrumb\"},\"inLanguage\":\"fr-FR\",\"potentialAction\":[{\"@type\":\"ReadAction\",\"target\":[\"https:\/\/feurich.com\/fr\/produits\/pianos-classiques\/piano-a-queue-modele-218-concert-i\/modele-218-concert-i-details\/\"]}]},{\"@type\":\"BreadcrumbList\",\"@id\":\"https:\/\/feurich.com\/fr\/produits\/pianos-classiques\/piano-a-queue-modele-218-concert-i\/modele-218-concert-i-details\/#breadcrumb\",\"itemListElement\":[{\"@type\":\"ListItem\",\"position\":1,\"name\":\"Home\",\"item\":\"https:\/\/feurich.com\/fr\/\"},{\"@type\":\"ListItem\",\"position\":2,\"name\":\"Produits\",\"item\":\"https:\/\/feurich.com\/fr\/produits\/\"},{\"@type\":\"ListItem\",\"position\":3,\"name\":\"Pianos classiques\",\"item\":\"https:\/\/feurich.com\/fr\/produits\/pianos-classiques\/\"},{\"@type\":\"ListItem\",\"position\":4,\"name\":\"Piano \u00e0 queue Mod\u00e8le 218 &#8211; Concert I\",\"item\":\"https:\/\/feurich.com\/fr\/produits\/pianos-classiques\/piano-a-queue-modele-218-concert-i\/\"},{\"@type\":\"ListItem\",\"position\":5,\"name\":\"Mod\u00e8le 218 &#8211; Concert I : D\u00e9tails\"}]},{\"@type\":\"WebSite\",\"@id\":\"https:\/\/feurich.com\/en\/#website\",\"url\":\"https:\/\/feurich.com\/en\/\",\"name\":\"FEURICH\",\"description\":\"A sound that connects\",\"publisher\":{\"@id\":\"https:\/\/feurich.com\/en\/#organization\"},\"potentialAction\":[{\"@type\":\"SearchAction\",\"target\":{\"@type\":\"EntryPoint\",\"urlTemplate\":\"https:\/\/feurich.com\/en\/?s={search_term_string}\"},\"query-input\":{\"@type\":\"PropertyValueSpecification\",\"valueRequired\":true,\"valueName\":\"search_term_string\"}}],\"inLanguage\":\"fr-FR\"},{\"@type\":\"Organization\",\"@id\":\"https:\/\/feurich.com\/en\/#organization\",\"name\":\"FEURICH\",\"url\":\"https:\/\/feurich.com\/en\/\",\"logo\":{\"@type\":\"ImageObject\",\"inLanguage\":\"fr-FR\",\"@id\":\"https:\/\/feurich.com\/en\/#\/schema\/logo\/image\/\",\"url\":\"https:\/\/feurich.com\/wp-content\/uploads\/logo.png\",\"contentUrl\":\"https:\/\/feurich.com\/wp-content\/uploads\/logo.png\",\"width\":354,\"height\":151,\"caption\":\"FEURICH\"},\"image\":{\"@id\":\"https:\/\/feurich.com\/en\/#\/schema\/logo\/image\/\"},\"sameAs\":[\"https:\/\/www.facebook.com\/feurichvienna\/\"]}]}<\/script>\n<!-- \/ Yoast SEO plugin. -->","yoast_head_json":{"title":"Mod\u00e8le 218 - Concert I : D\u00e9tails - FEURICH","robots":{"index":"index","follow":"follow","max-snippet":"max-snippet:-1","max-image-preview":"max-image-preview:large","max-video-preview":"max-video-preview:-1"},"canonical":"https:\/\/feurich.com\/fr\/produits\/pianos-classiques\/piano-a-queue-modele-218-concert-i\/modele-218-concert-i-details\/","og_locale":"fr_FR","og_type":"article","og_title":"Mod\u00e8le 218 - Concert I : D\u00e9tails - FEURICH","og_description":"La facture unique du piano demi-queue d\u00e9finit des normes de qualit\u00e9 mat\u00e9rielle et sonore enti\u00e8rement nouvelles; un mod\u00e8le d\u00e9velopp\u00e9 conjointement avec Stephen Paulello.","og_url":"https:\/\/feurich.com\/fr\/produits\/pianos-classiques\/piano-a-queue-modele-218-concert-i\/modele-218-concert-i-details\/","og_site_name":"FEURICH","article_publisher":"https:\/\/www.facebook.com\/feurichvienna\/","article_modified_time":"2023-07-28T06:42:18+00:00","twitter_card":"summary_large_image","twitter_misc":{"Dur\u00e9e de lecture estim\u00e9e":"2 minutes"},"schema":{"@context":"https:\/\/schema.org","@graph":[{"@type":"WebPage","@id":"https:\/\/feurich.com\/fr\/produits\/pianos-classiques\/piano-a-queue-modele-218-concert-i\/modele-218-concert-i-details\/","url":"https:\/\/feurich.com\/fr\/produits\/pianos-classiques\/piano-a-queue-modele-218-concert-i\/modele-218-concert-i-details\/","name":"Mod\u00e8le 218 - Concert I : D\u00e9tails - FEURICH","isPartOf":{"@id":"https:\/\/feurich.com\/en\/#website"},"datePublished":"2018-02-12T23:47:24+00:00","dateModified":"2023-07-28T06:42:18+00:00","breadcrumb":{"@id":"https:\/\/feurich.com\/fr\/produits\/pianos-classiques\/piano-a-queue-modele-218-concert-i\/modele-218-concert-i-details\/#breadcrumb"},"inLanguage":"fr-FR","potentialAction":[{"@type":"ReadAction","target":["https:\/\/feurich.com\/fr\/produits\/pianos-classiques\/piano-a-queue-modele-218-concert-i\/modele-218-concert-i-details\/"]}]},{"@type":"BreadcrumbList","@id":"https:\/\/feurich.com\/fr\/produits\/pianos-classiques\/piano-a-queue-modele-218-concert-i\/modele-218-concert-i-details\/#breadcrumb","itemListElement":[{"@type":"ListItem","position":1,"name":"Home","item":"https:\/\/feurich.com\/fr\/"},{"@type":"ListItem","position":2,"name":"Produits","item":"https:\/\/feurich.com\/fr\/produits\/"},{"@type":"ListItem","position":3,"name":"Pianos classiques","item":"https:\/\/feurich.com\/fr\/produits\/pianos-classiques\/"},{"@type":"ListItem","position":4,"name":"Piano \u00e0 queue Mod\u00e8le 218 &#8211; Concert I","item":"https:\/\/feurich.com\/fr\/produits\/pianos-classiques\/piano-a-queue-modele-218-concert-i\/"},{"@type":"ListItem","position":5,"name":"Mod\u00e8le 218 &#8211; Concert I : D\u00e9tails"}]},{"@type":"WebSite","@id":"https:\/\/feurich.com\/en\/#website","url":"https:\/\/feurich.com\/en\/","name":"FEURICH","description":"A sound that connects","publisher":{"@id":"https:\/\/feurich.com\/en\/#organization"},"potentialAction":[{"@type":"SearchAction","target":{"@type":"EntryPoint","urlTemplate":"https:\/\/feurich.com\/en\/?s={search_term_string}"},"query-input":{"@type":"PropertyValueSpecification","valueRequired":true,"valueName":"search_term_string"}}],"inLanguage":"fr-FR"},{"@type":"Organization","@id":"https:\/\/feurich.com\/en\/#organization","name":"FEURICH","url":"https:\/\/feurich.com\/en\/","logo":{"@type":"ImageObject","inLanguage":"fr-FR","@id":"https:\/\/feurich.com\/en\/#\/schema\/logo\/image\/","url":"https:\/\/feurich.com\/wp-content\/uploads\/logo.png","contentUrl":"https:\/\/feurich.com\/wp-content\/uploads\/logo.png","width":354,"height":151,"caption":"FEURICH"},"image":{"@id":"https:\/\/feurich.com\/en\/#\/schema\/logo\/image\/"},"sameAs":["https:\/\/www.facebook.com\/feurichvienna\/"]}]}},"_links":{"self":[{"href":"https:\/\/feurich.com\/fr\/wp-json\/wp\/v2\/pages\/11395","targetHints":{"allow":["GET"]}}],"collection":[{"href":"https:\/\/feurich.com\/fr\/wp-json\/wp\/v2\/pages"}],"about":[{"href":"https:\/\/feurich.com\/fr\/wp-json\/wp\/v2\/types\/page"}],"author":[{"embeddable":true,"href":"https:\/\/feurich.com\/fr\/wp-json\/wp\/v2\/users\/7"}],"replies":[{"embeddable":true,"href":"https:\/\/feurich.com\/fr\/wp-json\/wp\/v2\/comments?post=11395"}],"version-history":[{"count":13,"href":"https:\/\/feurich.com\/fr\/wp-json\/wp\/v2\/pages\/11395\/revisions"}],"predecessor-version":[{"id":71545,"href":"https:\/\/feurich.com\/fr\/wp-json\/wp\/v2\/pages\/11395\/revisions\/71545"}],"up":[{"embeddable":true,"href":"https:\/\/feurich.com\/fr\/wp-json\/wp\/v2\/pages\/11876"}],"wp:attachment":[{"href":"https:\/\/feurich.com\/fr\/wp-json\/wp\/v2\/media?parent=11395"}],"curies":[{"name":"wp","href":"https:\/\/api.w.org\/{rel}","templated":true}]}}