{"id":11392,"date":"2018-02-12T23:43:38","date_gmt":"2018-02-12T23:43:38","guid":{"rendered":"https:\/\/www.feurich.com\/imprimer\/"},"modified":"2021-02-26T12:48:11","modified_gmt":"2021-02-26T12:48:11","slug":"imprimer","status":"publish","type":"page","link":"https:\/\/feurich.com\/fr\/imprimer\/","title":{"rendered":"Imprimer"},"content":{"rendered":"<div class=\"wpb-content-wrapper\"><p>[vc_row][vc_column][vc_column_text]<br \/>\n<span style=\"font-size: 18pt;\"><strong>IMPRIMER<\/strong><\/span><br \/>\n[\/vc_column_text][vc_empty_space][vc_column_text]FEURICH PIANOFORTE Ltd,<br \/>\nKaiserstrasse 10, Vienne 1070, Autriche.<\/p>\n<p>T\u00e9l .: +43 1 5233788<br \/>\nE-mail : office\u00a0 \u00a0[ a t ] feurich .\u00a0 c o m<\/p>\n<p>Num\u00e9ro de TVA: ATU45133902<br \/>\nRegistre du commerce: FN171688h<\/p>\n<p>Juridiction comp\u00e9tente: Tribunal de commerce de Vienne (Handelsgericht Wien), Vienne, Autriche<br \/>\nLieu de juridiction: Vienne, Autriche<\/p>\n<p>Membre de la Chambre de Commerce, Autriche (WKO).<br \/>\nNum\u00e9ro de membre WKO 0648132 (groupe: \u00ab\u00a0producteurs d&rsquo;instruments de musique\u00a0\u00bb)<br \/>\nDroit professionnel: R\u00e8glement sur les op\u00e9rations: www.ris.bka.gv.at<br \/>\nAutorit\u00e9 de r\u00e9gulation: MA36, Vienne.<\/p>\n<p>Informations sur le r\u00e8glement des litiges en ligne:<br \/>\nLes consommateurs peuvent formuler des r\u00e9clamations sur la plate-forme de r\u00e8glement des litiges en ligne de l&rsquo;UE: http:\/\/ec.europa.eu\/odr. Vous pouvez \u00e9galement enregistrer toute r\u00e9clamation \u00e0 l&rsquo;adresse e-mail indiqu\u00e9e ci-dessus.<\/p>\n<p>&nbsp;<\/p>\n<p>Informations pour les visiteurs de notre site Web<\/p>\n<p>Responsabilit\u00e9 pour le contenu et les liens:<\/p>\n<p>Nous n&rsquo;assumons aucune responsabilit\u00e9 pour le contenu, la fonctionnalit\u00e9 ou la disponibilit\u00e9 des liens vers www.feurich.com. Ceci s&rsquo;applique \u00e9galement \u00e0 toutes les autres r\u00e9f\u00e9rences directes ou indirectes ou aux liens vers des offres ext\u00e9rieures sur le World Wide Web.<\/p>\n<p>&nbsp;<\/p>\n<p>Lien vers www.feurich.com:<br \/>\nL&rsquo;\u00e9tablissement de liens vers le site www.feurich.com et vers ses sous-pages est autoris\u00e9 jusqu&rsquo;\u00e0 nouvel ordre, \u00e0 condition que le contenu de la page de liens ne contienne aucun contenu ill\u00e9gal ou immoral.<\/p>\n<p>&nbsp;<\/p>\n<p>Conditions d&rsquo;utilisation pour www.feurich.com<br \/>\nL&rsquo;utilisation du site Web et les informations qui y sont r\u00e9v\u00e9l\u00e9es le sont aux responsabilit\u00e9s de l&rsquo;utilisateur. Nous n&rsquo;assumons aucune responsabilit\u00e9 pour tout dommage r\u00e9sultant directement ou indirectement de l&rsquo;utilisation des informations ou des parties contenues dans ce site, y compris les commentaires, offres, messages et services. Nous d\u00e9clinons toute responsabilit\u00e9 quant \u00e0 l&rsquo;exactitude, l&rsquo;exhaustivit\u00e9 et la fonctionnalit\u00e9 du site, et nous ne garantissons pas sa disponibilit\u00e9 continue. Le site Web sert uniquement \u00e0 fournir des informations sur les activit\u00e9s commerciales de la soci\u00e9t\u00e9 FEURICH.[\/vc_column_text][\/vc_column][\/vc_row]<\/p>\n<\/div>","protected":false},"excerpt":{"rendered":"<p>[vc_row][vc_column][vc_column_text] IMPRIMER [\/vc_column_text][vc_empty_space][vc_column_text]FEURICH PIANOFORTE Ltd, Kaiserstrasse 10, Vienne 1070, Autriche. T\u00e9l .: +43 1 5233788 E-mail : office\u00a0 \u00a0[ a t ] feurich .\u00a0 c o m Num\u00e9ro de TVA: &#8230;<\/p>\n","protected":false},"author":4,"featured_media":0,"parent":0,"menu_order":0,"comment_status":"closed","ping_status":"closed","template":"","meta":{"inline_featured_image":false,"footnotes":""},"class_list":["post-11392","page","type-page","status-publish","hentry"],"acf":[],"yoast_head":"<!-- This site is optimized with the Yoast SEO plugin v24.4 - https:\/\/yoast.com\/wordpress\/plugins\/seo\/ -->\n<title>Imprimer - FEURICH<\/title>\n<meta name=\"robots\" content=\"index, follow, max-snippet:-1, max-image-preview:large, max-video-preview:-1\" \/>\n<link rel=\"canonical\" href=\"https:\/\/feurich.com\/fr\/imprimer\/\" \/>\n<meta property=\"og:locale\" content=\"fr_FR\" \/>\n<meta property=\"og:type\" content=\"article\" \/>\n<meta property=\"og:title\" content=\"Imprimer - FEURICH\" \/>\n<meta property=\"og:description\" content=\"[vc_row][vc_column][vc_column_text] IMPRIMER [\/vc_column_text][vc_empty_space][vc_column_text]FEURICH PIANOFORTE Ltd, Kaiserstrasse 10, Vienne 1070, Autriche. T\u00e9l .: +43 1 5233788 E-mail : office\u00a0 \u00a0[ a t ] feurich .\u00a0 c o m Num\u00e9ro de TVA: ...\" \/>\n<meta property=\"og:url\" content=\"https:\/\/feurich.com\/fr\/imprimer\/\" \/>\n<meta property=\"og:site_name\" content=\"FEURICH\" \/>\n<meta property=\"article:publisher\" content=\"https:\/\/www.facebook.com\/feurichvienna\/\" \/>\n<meta property=\"article:modified_time\" content=\"2021-02-26T12:48:11+00:00\" \/>\n<meta name=\"twitter:card\" content=\"summary_large_image\" \/>\n<meta name=\"twitter:label1\" content=\"Dur\u00e9e de lecture estim\u00e9e\" \/>\n\t<meta name=\"twitter:data1\" content=\"2 minutes\" \/>\n<script type=\"application\/ld+json\" class=\"yoast-schema-graph\">{\"@context\":\"https:\/\/schema.org\",\"@graph\":[{\"@type\":\"WebPage\",\"@id\":\"https:\/\/feurich.com\/fr\/imprimer\/\",\"url\":\"https:\/\/feurich.com\/fr\/imprimer\/\",\"name\":\"Imprimer - FEURICH\",\"isPartOf\":{\"@id\":\"https:\/\/feurich.com\/en\/#website\"},\"datePublished\":\"2018-02-12T23:43:38+00:00\",\"dateModified\":\"2021-02-26T12:48:11+00:00\",\"breadcrumb\":{\"@id\":\"https:\/\/feurich.com\/fr\/imprimer\/#breadcrumb\"},\"inLanguage\":\"fr-FR\",\"potentialAction\":[{\"@type\":\"ReadAction\",\"target\":[\"https:\/\/feurich.com\/fr\/imprimer\/\"]}]},{\"@type\":\"BreadcrumbList\",\"@id\":\"https:\/\/feurich.com\/fr\/imprimer\/#breadcrumb\",\"itemListElement\":[{\"@type\":\"ListItem\",\"position\":1,\"name\":\"Home\",\"item\":\"https:\/\/feurich.com\/fr\/\"},{\"@type\":\"ListItem\",\"position\":2,\"name\":\"Imprimer\"}]},{\"@type\":\"WebSite\",\"@id\":\"https:\/\/feurich.com\/en\/#website\",\"url\":\"https:\/\/feurich.com\/en\/\",\"name\":\"FEURICH\",\"description\":\"A sound that connects\",\"publisher\":{\"@id\":\"https:\/\/feurich.com\/en\/#organization\"},\"potentialAction\":[{\"@type\":\"SearchAction\",\"target\":{\"@type\":\"EntryPoint\",\"urlTemplate\":\"https:\/\/feurich.com\/en\/?s={search_term_string}\"},\"query-input\":{\"@type\":\"PropertyValueSpecification\",\"valueRequired\":true,\"valueName\":\"search_term_string\"}}],\"inLanguage\":\"fr-FR\"},{\"@type\":\"Organization\",\"@id\":\"https:\/\/feurich.com\/en\/#organization\",\"name\":\"FEURICH\",\"url\":\"https:\/\/feurich.com\/en\/\",\"logo\":{\"@type\":\"ImageObject\",\"inLanguage\":\"fr-FR\",\"@id\":\"https:\/\/feurich.com\/en\/#\/schema\/logo\/image\/\",\"url\":\"https:\/\/feurich.com\/wp-content\/uploads\/logo.png\",\"contentUrl\":\"https:\/\/feurich.com\/wp-content\/uploads\/logo.png\",\"width\":354,\"height\":151,\"caption\":\"FEURICH\"},\"image\":{\"@id\":\"https:\/\/feurich.com\/en\/#\/schema\/logo\/image\/\"},\"sameAs\":[\"https:\/\/www.facebook.com\/feurichvienna\/\"]}]}<\/script>\n<!-- \/ Yoast SEO plugin. -->","yoast_head_json":{"title":"Imprimer - FEURICH","robots":{"index":"index","follow":"follow","max-snippet":"max-snippet:-1","max-image-preview":"max-image-preview:large","max-video-preview":"max-video-preview:-1"},"canonical":"https:\/\/feurich.com\/fr\/imprimer\/","og_locale":"fr_FR","og_type":"article","og_title":"Imprimer - FEURICH","og_description":"[vc_row][vc_column][vc_column_text] IMPRIMER [\/vc_column_text][vc_empty_space][vc_column_text]FEURICH PIANOFORTE Ltd, Kaiserstrasse 10, Vienne 1070, Autriche. T\u00e9l .: +43 1 5233788 E-mail : office\u00a0 \u00a0[ a t ] feurich .\u00a0 c o m Num\u00e9ro de TVA: ...","og_url":"https:\/\/feurich.com\/fr\/imprimer\/","og_site_name":"FEURICH","article_publisher":"https:\/\/www.facebook.com\/feurichvienna\/","article_modified_time":"2021-02-26T12:48:11+00:00","twitter_card":"summary_large_image","twitter_misc":{"Dur\u00e9e de lecture estim\u00e9e":"2 minutes"},"schema":{"@context":"https:\/\/schema.org","@graph":[{"@type":"WebPage","@id":"https:\/\/feurich.com\/fr\/imprimer\/","url":"https:\/\/feurich.com\/fr\/imprimer\/","name":"Imprimer - FEURICH","isPartOf":{"@id":"https:\/\/feurich.com\/en\/#website"},"datePublished":"2018-02-12T23:43:38+00:00","dateModified":"2021-02-26T12:48:11+00:00","breadcrumb":{"@id":"https:\/\/feurich.com\/fr\/imprimer\/#breadcrumb"},"inLanguage":"fr-FR","potentialAction":[{"@type":"ReadAction","target":["https:\/\/feurich.com\/fr\/imprimer\/"]}]},{"@type":"BreadcrumbList","@id":"https:\/\/feurich.com\/fr\/imprimer\/#breadcrumb","itemListElement":[{"@type":"ListItem","position":1,"name":"Home","item":"https:\/\/feurich.com\/fr\/"},{"@type":"ListItem","position":2,"name":"Imprimer"}]},{"@type":"WebSite","@id":"https:\/\/feurich.com\/en\/#website","url":"https:\/\/feurich.com\/en\/","name":"FEURICH","description":"A sound that connects","publisher":{"@id":"https:\/\/feurich.com\/en\/#organization"},"potentialAction":[{"@type":"SearchAction","target":{"@type":"EntryPoint","urlTemplate":"https:\/\/feurich.com\/en\/?s={search_term_string}"},"query-input":{"@type":"PropertyValueSpecification","valueRequired":true,"valueName":"search_term_string"}}],"inLanguage":"fr-FR"},{"@type":"Organization","@id":"https:\/\/feurich.com\/en\/#organization","name":"FEURICH","url":"https:\/\/feurich.com\/en\/","logo":{"@type":"ImageObject","inLanguage":"fr-FR","@id":"https:\/\/feurich.com\/en\/#\/schema\/logo\/image\/","url":"https:\/\/feurich.com\/wp-content\/uploads\/logo.png","contentUrl":"https:\/\/feurich.com\/wp-content\/uploads\/logo.png","width":354,"height":151,"caption":"FEURICH"},"image":{"@id":"https:\/\/feurich.com\/en\/#\/schema\/logo\/image\/"},"sameAs":["https:\/\/www.facebook.com\/feurichvienna\/"]}]}},"_links":{"self":[{"href":"https:\/\/feurich.com\/fr\/wp-json\/wp\/v2\/pages\/11392","targetHints":{"allow":["GET"]}}],"collection":[{"href":"https:\/\/feurich.com\/fr\/wp-json\/wp\/v2\/pages"}],"about":[{"href":"https:\/\/feurich.com\/fr\/wp-json\/wp\/v2\/types\/page"}],"author":[{"embeddable":true,"href":"https:\/\/feurich.com\/fr\/wp-json\/wp\/v2\/users\/4"}],"replies":[{"embeddable":true,"href":"https:\/\/feurich.com\/fr\/wp-json\/wp\/v2\/comments?post=11392"}],"version-history":[{"count":6,"href":"https:\/\/feurich.com\/fr\/wp-json\/wp\/v2\/pages\/11392\/revisions"}],"predecessor-version":[{"id":49791,"href":"https:\/\/feurich.com\/fr\/wp-json\/wp\/v2\/pages\/11392\/revisions\/49791"}],"wp:attachment":[{"href":"https:\/\/feurich.com\/fr\/wp-json\/wp\/v2\/media?parent=11392"}],"curies":[{"name":"wp","href":"https:\/\/api.w.org\/{rel}","templated":true}]}}