{"id":73838,"date":"2024-01-08T19:15:21","date_gmt":"2024-01-08T19:15:21","guid":{"rendered":"https:\/\/feurich.com\/?page_id=73838"},"modified":"2025-03-25T16:26:51","modified_gmt":"2025-03-25T16:26:51","slug":"ayuda","status":"publish","type":"page","link":"https:\/\/feurich.com\/es\/productos\/olya-evo-e-piano\/ayuda\/","title":{"rendered":"Ayuda"},"content":{"rendered":"<div class=\"wpb-content-wrapper\"><p>[vc_row css=\u00bb.vc_custom_1698844716201{padding-right: 15px !important;padding-left: 15px !important;}\u00bb][vc_column css=\u00bb.vc_custom_1701283895494{margin-top: 50px !important;background-image: url(https:\/\/feurich.com\/wp-content\/uploads\/5_Olya_Startseite_support.jpg?id=72892) !important;background-position: center !important;background-repeat: no-repeat !important;background-size: cover !important;}\u00bb][vc_row_inner][vc_column_inner css=\u00bb.vc_custom_1699527897862{background-position: center !important;background-repeat: no-repeat !important;background-size: cover !important;}\u00bb][vc_empty_space height=\u00bb600px\u00bb css=\u00bb.vc_custom_1701283900588{margin-right: 15px !important;margin-left: 15px !important;}\u00bb][\/vc_column_inner][\/vc_row_inner][\/vc_column][\/vc_row][vc_row][vc_column width=\u00bb1\/4&#8243;][\/vc_column][vc_column width=\u00bb1\/2&#8243; css=\u00bb.vc_custom_1699540657063{margin-top: 50px !important;margin-bottom: 100px !important;}\u00bb][vc_column_text]PREGUNTAS FRECUENTES:<\/p>\n<p><strong>\u00bfQu\u00e9 es el c\u00f3digo Bluetooth?<\/strong> Utilice el c\u00f3digo 8888 para conectar un dispositivo externo a los altavoces del piano.<br \/>\n<strong>El piano ya no se enciende:<\/strong> Compruebe que la luz azul de la fuente de alimentaci\u00f3n externa est\u00e1 encendida.<br \/>\n<strong>El piano est\u00e1 encendido, pero los altavoces no emiten ning\u00fan sonido:<\/strong> Compruebe que no ha dejado un adaptador de jack 6,35\/3,5 en una de las tres tomas de auriculares (1 detr\u00e1s y 2 debajo del teclado a la izquierda).<br \/>\n<strong>\u00bfCu\u00e1l es el periodo de garant\u00eda del piano?<\/strong> La garant\u00eda es v\u00e1lida durante dos a\u00f1os a partir de la fecha de compra.<br \/>\n<strong>\u00bfD\u00f3nde puedo encontrar el n\u00famero de serie necesario para inscribirme en los cursos de piano?<\/strong> El n\u00famero de serie se encuentra en la placa de caracter\u00edsticas situada en la parte posterior del piano.<br \/>\n<strong>\u00bfC\u00f3mo puedo acceder a los cursos de piano si he comprado un piano de segunda mano?<\/strong> Env\u00ede un correo electr\u00f3nico con el n\u00famero de serie a &#111;&#x6c;&#x79;a&#64;&#x66;e&#117;&#x72;&#x69;&#99;&#x68;&#x2e;c&#111;&#x6d; para recibir sus datos de acceso.<br \/>\n<strong>\u00bfC\u00f3mo puedo ajustar el volumen de la reproducci\u00f3n de MP3 si estoy tocando el piano al mismo tiempo?<\/strong> Mant\u00e9n pulsado \u00abPREVIOUS\u00bb para bajar el volumen o \u00abNEXT\u00bb para subirlo.<\/p>\n<p>&nbsp;<\/p>\n<p class=\"p1\" style=\"text-align: left;\">SERVICIO POSTVENTA:<br \/>\nEl <a href=\"https:\/\/feurich.com\/en\/products\/olya\/olya-e-piano-pdf-download\/\">v\u00eddeo de montaje<\/a> muestra lo f\u00e1cil que es montar el piano digital FEURICH OLYA. Si a\u00fan as\u00ed tiene alguna pregunta, p\u00f3ngase en contacto con nosotros por correo electr\u00f3nico o a trav\u00e9s del formulario de contacto: \u00a1estaremos encantados de llamarle!<\/p>\n<p style=\"text-align: center;\"><a href=\"https:\/\/feurich.com\/en\/information-contact\/contact\/\"><strong>FORMULARIO DE CONTACTO <\/strong><\/a><\/p>\n<p style=\"text-align: center;\"><strong>L\u00cdNEA DIRECTA<\/strong><br \/>\n<strong>+43 1 523 37 88 99<\/strong><\/p>\n<p>[\/vc_column_text][\/vc_column][vc_column width=\u00bb1\/4&#8243;][\/vc_column][\/vc_row]<\/p>\n<\/div>","protected":false},"excerpt":{"rendered":"<p>[vc_row css=\u00bb.vc_custom_1698844716201{padding-right: 15px !important;padding-left: 15px !important;}\u00bb][vc_column css=\u00bb.vc_custom_1701283895494{margin-top: 50px !important;background-image: url(https:\/\/feurich.com\/wp-content\/uploads\/5_Olya_Startseite_support.jpg?id=72892) !important;background-position: center !important;background-repeat: no-repeat !important;background-size: cover !important;}\u00bb][vc_row_inner][vc_column_inner css=\u00bb.vc_custom_1699527897862{background-position: center !important;background-repeat: no-repeat !important;background-size: cover !important;}\u00bb][vc_empty_space height=\u00bb600px\u00bb css=\u00bb.vc_custom_1701283900588{margin-right: 15px !important;margin-left: 15px !important;}\u00bb][\/vc_column_inner][\/vc_row_inner][\/vc_column][\/vc_row][vc_row][vc_column &#8230;<\/p>\n","protected":false},"author":39,"featured_media":0,"parent":73810,"menu_order":0,"comment_status":"closed","ping_status":"closed","template":"","meta":{"inline_featured_image":false,"footnotes":""},"class_list":["post-73838","page","type-page","status-publish","hentry"],"acf":[],"yoast_head":"<!-- This site is optimized with the Yoast SEO plugin v24.4 - https:\/\/yoast.com\/wordpress\/plugins\/seo\/ -->\n<title>Ayuda - FEURICH<\/title>\n<meta name=\"robots\" content=\"index, follow, max-snippet:-1, max-image-preview:large, max-video-preview:-1\" \/>\n<link rel=\"canonical\" href=\"https:\/\/feurich.com\/es\/productos\/olya-evo-e-piano\/ayuda\/\" \/>\n<meta property=\"og:locale\" content=\"es_ES\" \/>\n<meta property=\"og:type\" content=\"article\" \/>\n<meta property=\"og:title\" content=\"Ayuda - FEURICH\" \/>\n<meta property=\"og:description\" content=\"[vc_row css=\u00bb.vc_custom_1698844716201{padding-right: 15px !important;padding-left: 15px !important;}\u00bb][vc_column css=\u00bb.vc_custom_1701283895494{margin-top: 50px !important;background-image: url(https:\/\/feurich.com\/wp-content\/uploads\/5_Olya_Startseite_support.jpg?id=72892) !important;background-position: center !important;background-repeat: no-repeat !important;background-size: cover !important;}\u00bb][vc_row_inner][vc_column_inner css=\u00bb.vc_custom_1699527897862{background-position: center !important;background-repeat: no-repeat !important;background-size: cover !important;}\u00bb][vc_empty_space height=\u00bb600px\u00bb css=\u00bb.vc_custom_1701283900588{margin-right: 15px !important;margin-left: 15px !important;}\u00bb][\/vc_column_inner][\/vc_row_inner][\/vc_column][\/vc_row][vc_row][vc_column ...\" \/>\n<meta property=\"og:url\" content=\"https:\/\/feurich.com\/es\/productos\/olya-evo-e-piano\/ayuda\/\" \/>\n<meta property=\"og:site_name\" content=\"FEURICH\" \/>\n<meta property=\"article:publisher\" content=\"https:\/\/www.facebook.com\/feurichvienna\/\" \/>\n<meta property=\"article:modified_time\" content=\"2025-03-25T16:26:51+00:00\" \/>\n<meta name=\"twitter:card\" content=\"summary_large_image\" \/>\n<meta name=\"twitter:label1\" content=\"Tiempo de lectura\" \/>\n\t<meta name=\"twitter:data1\" content=\"2 minutos\" \/>\n<script type=\"application\/ld+json\" class=\"yoast-schema-graph\">{\"@context\":\"https:\/\/schema.org\",\"@graph\":[{\"@type\":\"WebPage\",\"@id\":\"https:\/\/feurich.com\/es\/productos\/olya-evo-e-piano\/ayuda\/\",\"url\":\"https:\/\/feurich.com\/es\/productos\/olya-evo-e-piano\/ayuda\/\",\"name\":\"Ayuda - FEURICH\",\"isPartOf\":{\"@id\":\"https:\/\/feurich.com\/en\/#website\"},\"datePublished\":\"2024-01-08T19:15:21+00:00\",\"dateModified\":\"2025-03-25T16:26:51+00:00\",\"breadcrumb\":{\"@id\":\"https:\/\/feurich.com\/es\/productos\/olya-evo-e-piano\/ayuda\/#breadcrumb\"},\"inLanguage\":\"es\",\"potentialAction\":[{\"@type\":\"ReadAction\",\"target\":[\"https:\/\/feurich.com\/es\/productos\/olya-evo-e-piano\/ayuda\/\"]}]},{\"@type\":\"BreadcrumbList\",\"@id\":\"https:\/\/feurich.com\/es\/productos\/olya-evo-e-piano\/ayuda\/#breadcrumb\",\"itemListElement\":[{\"@type\":\"ListItem\",\"position\":1,\"name\":\"Home\",\"item\":\"https:\/\/feurich.com\/es\/\"},{\"@type\":\"ListItem\",\"position\":2,\"name\":\"Productos\",\"item\":\"https:\/\/feurich.com\/es\/productos\/\"},{\"@type\":\"ListItem\",\"position\":3,\"name\":\"OLYA EVO E-PIANO\",\"item\":\"https:\/\/feurich.com\/es\/productos\/olya-evo-e-piano\/\"},{\"@type\":\"ListItem\",\"position\":4,\"name\":\"Ayuda\"}]},{\"@type\":\"WebSite\",\"@id\":\"https:\/\/feurich.com\/en\/#website\",\"url\":\"https:\/\/feurich.com\/en\/\",\"name\":\"FEURICH\",\"description\":\"A sound that connects\",\"publisher\":{\"@id\":\"https:\/\/feurich.com\/en\/#organization\"},\"potentialAction\":[{\"@type\":\"SearchAction\",\"target\":{\"@type\":\"EntryPoint\",\"urlTemplate\":\"https:\/\/feurich.com\/en\/?s={search_term_string}\"},\"query-input\":{\"@type\":\"PropertyValueSpecification\",\"valueRequired\":true,\"valueName\":\"search_term_string\"}}],\"inLanguage\":\"es\"},{\"@type\":\"Organization\",\"@id\":\"https:\/\/feurich.com\/en\/#organization\",\"name\":\"FEURICH\",\"url\":\"https:\/\/feurich.com\/en\/\",\"logo\":{\"@type\":\"ImageObject\",\"inLanguage\":\"es\",\"@id\":\"https:\/\/feurich.com\/en\/#\/schema\/logo\/image\/\",\"url\":\"https:\/\/feurich.com\/wp-content\/uploads\/logo.png\",\"contentUrl\":\"https:\/\/feurich.com\/wp-content\/uploads\/logo.png\",\"width\":354,\"height\":151,\"caption\":\"FEURICH\"},\"image\":{\"@id\":\"https:\/\/feurich.com\/en\/#\/schema\/logo\/image\/\"},\"sameAs\":[\"https:\/\/www.facebook.com\/feurichvienna\/\"]}]}<\/script>\n<!-- \/ Yoast SEO plugin. -->","yoast_head_json":{"title":"Ayuda - FEURICH","robots":{"index":"index","follow":"follow","max-snippet":"max-snippet:-1","max-image-preview":"max-image-preview:large","max-video-preview":"max-video-preview:-1"},"canonical":"https:\/\/feurich.com\/es\/productos\/olya-evo-e-piano\/ayuda\/","og_locale":"es_ES","og_type":"article","og_title":"Ayuda - FEURICH","og_description":"[vc_row css=\u00bb.vc_custom_1698844716201{padding-right: 15px !important;padding-left: 15px !important;}\u00bb][vc_column css=\u00bb.vc_custom_1701283895494{margin-top: 50px !important;background-image: url(https:\/\/feurich.com\/wp-content\/uploads\/5_Olya_Startseite_support.jpg?id=72892) !important;background-position: center !important;background-repeat: no-repeat !important;background-size: cover !important;}\u00bb][vc_row_inner][vc_column_inner css=\u00bb.vc_custom_1699527897862{background-position: center !important;background-repeat: no-repeat !important;background-size: cover !important;}\u00bb][vc_empty_space height=\u00bb600px\u00bb css=\u00bb.vc_custom_1701283900588{margin-right: 15px !important;margin-left: 15px !important;}\u00bb][\/vc_column_inner][\/vc_row_inner][\/vc_column][\/vc_row][vc_row][vc_column ...","og_url":"https:\/\/feurich.com\/es\/productos\/olya-evo-e-piano\/ayuda\/","og_site_name":"FEURICH","article_publisher":"https:\/\/www.facebook.com\/feurichvienna\/","article_modified_time":"2025-03-25T16:26:51+00:00","twitter_card":"summary_large_image","twitter_misc":{"Tiempo de lectura":"2 minutos"},"schema":{"@context":"https:\/\/schema.org","@graph":[{"@type":"WebPage","@id":"https:\/\/feurich.com\/es\/productos\/olya-evo-e-piano\/ayuda\/","url":"https:\/\/feurich.com\/es\/productos\/olya-evo-e-piano\/ayuda\/","name":"Ayuda - FEURICH","isPartOf":{"@id":"https:\/\/feurich.com\/en\/#website"},"datePublished":"2024-01-08T19:15:21+00:00","dateModified":"2025-03-25T16:26:51+00:00","breadcrumb":{"@id":"https:\/\/feurich.com\/es\/productos\/olya-evo-e-piano\/ayuda\/#breadcrumb"},"inLanguage":"es","potentialAction":[{"@type":"ReadAction","target":["https:\/\/feurich.com\/es\/productos\/olya-evo-e-piano\/ayuda\/"]}]},{"@type":"BreadcrumbList","@id":"https:\/\/feurich.com\/es\/productos\/olya-evo-e-piano\/ayuda\/#breadcrumb","itemListElement":[{"@type":"ListItem","position":1,"name":"Home","item":"https:\/\/feurich.com\/es\/"},{"@type":"ListItem","position":2,"name":"Productos","item":"https:\/\/feurich.com\/es\/productos\/"},{"@type":"ListItem","position":3,"name":"OLYA EVO E-PIANO","item":"https:\/\/feurich.com\/es\/productos\/olya-evo-e-piano\/"},{"@type":"ListItem","position":4,"name":"Ayuda"}]},{"@type":"WebSite","@id":"https:\/\/feurich.com\/en\/#website","url":"https:\/\/feurich.com\/en\/","name":"FEURICH","description":"A sound that connects","publisher":{"@id":"https:\/\/feurich.com\/en\/#organization"},"potentialAction":[{"@type":"SearchAction","target":{"@type":"EntryPoint","urlTemplate":"https:\/\/feurich.com\/en\/?s={search_term_string}"},"query-input":{"@type":"PropertyValueSpecification","valueRequired":true,"valueName":"search_term_string"}}],"inLanguage":"es"},{"@type":"Organization","@id":"https:\/\/feurich.com\/en\/#organization","name":"FEURICH","url":"https:\/\/feurich.com\/en\/","logo":{"@type":"ImageObject","inLanguage":"es","@id":"https:\/\/feurich.com\/en\/#\/schema\/logo\/image\/","url":"https:\/\/feurich.com\/wp-content\/uploads\/logo.png","contentUrl":"https:\/\/feurich.com\/wp-content\/uploads\/logo.png","width":354,"height":151,"caption":"FEURICH"},"image":{"@id":"https:\/\/feurich.com\/en\/#\/schema\/logo\/image\/"},"sameAs":["https:\/\/www.facebook.com\/feurichvienna\/"]}]}},"_links":{"self":[{"href":"https:\/\/feurich.com\/es\/wp-json\/wp\/v2\/pages\/73838","targetHints":{"allow":["GET"]}}],"collection":[{"href":"https:\/\/feurich.com\/es\/wp-json\/wp\/v2\/pages"}],"about":[{"href":"https:\/\/feurich.com\/es\/wp-json\/wp\/v2\/types\/page"}],"author":[{"embeddable":true,"href":"https:\/\/feurich.com\/es\/wp-json\/wp\/v2\/users\/39"}],"replies":[{"embeddable":true,"href":"https:\/\/feurich.com\/es\/wp-json\/wp\/v2\/comments?post=73838"}],"version-history":[{"count":7,"href":"https:\/\/feurich.com\/es\/wp-json\/wp\/v2\/pages\/73838\/revisions"}],"predecessor-version":[{"id":83637,"href":"https:\/\/feurich.com\/es\/wp-json\/wp\/v2\/pages\/73838\/revisions\/83637"}],"up":[{"embeddable":true,"href":"https:\/\/feurich.com\/es\/wp-json\/wp\/v2\/pages\/73810"}],"wp:attachment":[{"href":"https:\/\/feurich.com\/es\/wp-json\/wp\/v2\/media?parent=73838"}],"curies":[{"name":"wp","href":"https:\/\/api.w.org\/{rel}","templated":true}]}}