{"id":73826,"date":"2023-11-21T22:49:51","date_gmt":"2023-11-21T22:49:51","guid":{"rendered":"https:\/\/feurich.com\/productos\/olya-evo-e-piano\/upgrade\/"},"modified":"2024-01-08T19:00:48","modified_gmt":"2024-01-08T19:00:48","slug":"upgrade","status":"publish","type":"page","link":"https:\/\/feurich.com\/es\/productos\/olya-evo-e-piano\/upgrade\/","title":{"rendered":"Upgrade Guarantee"},"content":{"rendered":"<div class=\"wpb-content-wrapper\"><p>[vc_row css=\u00bb.vc_custom_1698844716201{padding-right: 15px !important;padding-left: 15px !important;}\u00bb][vc_column css=\u00bb.vc_custom_1700821476781{margin-top: 50px !important;background-image: url(https:\/\/feurich.com\/wp-content\/uploads\/6_Olya-Webpage-Header-Unterseiten-1200x400px-3.jpg?id=72521) !important;background-position: center !important;background-repeat: no-repeat !important;background-size: cover !important;}\u00bb][vc_row_inner][vc_column_inner css=\u00bb.vc_custom_1699527897862{background-position: center !important;background-repeat: no-repeat !important;background-size: cover !important;}\u00bb][vc_empty_space height=\u00bb160px\u00bb css=\u00bb.vc_custom_1700821646777{margin-right: 15px !important;margin-left: 15px !important;}\u00bb][vc_column_text]<\/p>\n<h2 style=\"text-align: center;\"><span style=\"color: #ffffff;\">GUARANTEED UPGRADE<\/span><\/h2>\n<p>[\/vc_column_text][vc_empty_space height=\u00bb80px\u00bb css=\u00bb.vc_custom_1700821652746{margin-right: 15px !important;margin-left: 15px !important;}\u00bb][\/vc_column_inner][\/vc_row_inner][\/vc_column][\/vc_row][vc_row][vc_column width=\u00bb1\/4&#8243;][\/vc_column][vc_column width=\u00bb1\/2&#8243; css=\u00bb.vc_custom_1699536182853{margin-top: 50px !important;}\u00bb][vc_column_text]<\/p>\n<p style=\"text-align: center;\"><strong>\u00bfQU\u00c9 ES LA GARANT\u00cdA DE ACTUALIZACI\u00d3N Y C\u00d3MO PUEDO RECLAMARLA?<\/strong><\/p>\n<p style=\"text-align: center;\">Como propietario de un piano digital FEURICH OLYA, puede beneficiarse de la garant\u00eda de actualizaci\u00f3n a un <strong>piano ac\u00fastico FEURICH<\/strong> en un plazo de 2 a\u00f1os desde la compra. En cooperaci\u00f3n con nuestro <strong>socio FEURICH<\/strong> en su regi\u00f3n, le abonaremos el <strong>100% DEL PRECIO DE COMPRA<\/strong> del FEURICH OLYA.<\/p>\n<p style=\"text-align: center;\">Para recibir un <strong>presupuesto<\/strong> para el piano ac\u00fastico FEURICH de su elecci\u00f3n incluyendo la <strong>ENTREGA<\/strong> y la <strong>AFINACI\u00d3N<\/strong> despu\u00e9s de la entrega, por favor rellene el siguiente formulario.<\/p>\n<p>[\/vc_column_text][\/vc_column][vc_column width=\u00bb1\/4&#8243;][\/vc_column][\/vc_row][vc_row][vc_column css=\u00bb.vc_custom_1701788272143{margin-bottom: 50px !important;}\u00bb][vc_column_text]<\/p>\n<div>\n<div><h3 class=\"text-center\">You must be <a class=\"orange-link\" href=\"https:\/\/feurich.com\/es\/customer-login\/\">logged in<\/a> to submit an upgrade request.<\/h3><\/div>\n<\/div>\n<p>[\/vc_column_text][\/vc_column][\/vc_row]<\/p>\n<\/div>","protected":false},"excerpt":{"rendered":"<p>[vc_row css=\u00bb.vc_custom_1698844716201{padding-right: 15px !important;padding-left: 15px !important;}\u00bb][vc_column css=\u00bb.vc_custom_1700821476781{margin-top: 50px !important;background-image: url(https:\/\/feurich.com\/wp-content\/uploads\/6_Olya-Webpage-Header-Unterseiten-1200x400px-3.jpg?id=72521) !important;background-position: center !important;background-repeat: no-repeat !important;background-size: cover !important;}\u00bb][vc_row_inner][vc_column_inner css=\u00bb.vc_custom_1699527897862{background-position: center !important;background-repeat: no-repeat !important;background-size: cover !important;}\u00bb][vc_empty_space height=\u00bb160px\u00bb css=\u00bb.vc_custom_1700821646777{margin-right: 15px !important;margin-left: 15px !important;}\u00bb][vc_column_text] &#8230;<\/p>\n","protected":false},"author":41,"featured_media":0,"parent":73810,"menu_order":0,"comment_status":"closed","ping_status":"closed","template":"","meta":{"inline_featured_image":false,"footnotes":""},"class_list":["post-73826","page","type-page","status-publish","hentry"],"acf":[],"yoast_head":"<!-- This site is optimized with the Yoast SEO plugin v24.4 - https:\/\/yoast.com\/wordpress\/plugins\/seo\/ -->\n<title>Upgrade Guarantee - FEURICH<\/title>\n<meta name=\"robots\" content=\"index, follow, max-snippet:-1, max-image-preview:large, max-video-preview:-1\" \/>\n<link rel=\"canonical\" href=\"https:\/\/feurich.com\/en\/products\/olya\/upgrade\/\" \/>\n<meta property=\"og:locale\" content=\"es_ES\" \/>\n<meta property=\"og:type\" content=\"article\" \/>\n<meta property=\"og:title\" content=\"Upgrade Guarantee - FEURICH\" \/>\n<meta property=\"og:description\" content=\"[vc_row css=\u00bb.vc_custom_1698844716201{padding-right: 15px !important;padding-left: 15px !important;}\u00bb][vc_column css=\u00bb.vc_custom_1700821476781{margin-top: 50px !important;background-image: url(https:\/\/feurich.com\/wp-content\/uploads\/6_Olya-Webpage-Header-Unterseiten-1200x400px-3.jpg?id=72521) !important;background-position: center !important;background-repeat: no-repeat !important;background-size: cover !important;}\u00bb][vc_row_inner][vc_column_inner css=\u00bb.vc_custom_1699527897862{background-position: center !important;background-repeat: no-repeat !important;background-size: cover !important;}\u00bb][vc_empty_space height=\u00bb160px\u00bb css=\u00bb.vc_custom_1700821646777{margin-right: 15px !important;margin-left: 15px !important;}\u00bb][vc_column_text] ...\" \/>\n<meta property=\"og:url\" content=\"https:\/\/feurich.com\/en\/products\/olya\/upgrade\/\" \/>\n<meta property=\"og:site_name\" content=\"FEURICH\" \/>\n<meta property=\"article:publisher\" content=\"https:\/\/www.facebook.com\/feurichvienna\/\" \/>\n<meta property=\"article:modified_time\" content=\"2024-01-08T19:00:48+00:00\" \/>\n<meta name=\"twitter:card\" content=\"summary_large_image\" \/>\n<script type=\"application\/ld+json\" class=\"yoast-schema-graph\">{\"@context\":\"https:\/\/schema.org\",\"@graph\":[{\"@type\":\"WebPage\",\"@id\":\"https:\/\/feurich.com\/en\/products\/olya\/upgrade\/\",\"url\":\"https:\/\/feurich.com\/en\/products\/olya\/upgrade\/\",\"name\":\"Upgrade Guarantee - FEURICH\",\"isPartOf\":{\"@id\":\"https:\/\/feurich.com\/en\/#website\"},\"datePublished\":\"2023-11-21T22:49:51+00:00\",\"dateModified\":\"2024-01-08T19:00:48+00:00\",\"breadcrumb\":{\"@id\":\"https:\/\/feurich.com\/en\/products\/olya\/upgrade\/#breadcrumb\"},\"inLanguage\":\"es\",\"potentialAction\":[{\"@type\":\"ReadAction\",\"target\":[\"https:\/\/feurich.com\/en\/products\/olya\/upgrade\/\"]}]},{\"@type\":\"BreadcrumbList\",\"@id\":\"https:\/\/feurich.com\/en\/products\/olya\/upgrade\/#breadcrumb\",\"itemListElement\":[{\"@type\":\"ListItem\",\"position\":1,\"name\":\"Home\",\"item\":\"https:\/\/feurich.com\/es\/\"},{\"@type\":\"ListItem\",\"position\":2,\"name\":\"Productos\",\"item\":\"https:\/\/feurich.com\/es\/productos\/\"},{\"@type\":\"ListItem\",\"position\":3,\"name\":\"OLYA EVO E-PIANO\",\"item\":\"https:\/\/feurich.com\/es\/productos\/olya-evo-e-piano\/\"},{\"@type\":\"ListItem\",\"position\":4,\"name\":\"Upgrade Guarantee\"}]},{\"@type\":\"WebSite\",\"@id\":\"https:\/\/feurich.com\/en\/#website\",\"url\":\"https:\/\/feurich.com\/en\/\",\"name\":\"FEURICH\",\"description\":\"A sound that connects\",\"publisher\":{\"@id\":\"https:\/\/feurich.com\/en\/#organization\"},\"potentialAction\":[{\"@type\":\"SearchAction\",\"target\":{\"@type\":\"EntryPoint\",\"urlTemplate\":\"https:\/\/feurich.com\/en\/?s={search_term_string}\"},\"query-input\":{\"@type\":\"PropertyValueSpecification\",\"valueRequired\":true,\"valueName\":\"search_term_string\"}}],\"inLanguage\":\"es\"},{\"@type\":\"Organization\",\"@id\":\"https:\/\/feurich.com\/en\/#organization\",\"name\":\"FEURICH\",\"url\":\"https:\/\/feurich.com\/en\/\",\"logo\":{\"@type\":\"ImageObject\",\"inLanguage\":\"es\",\"@id\":\"https:\/\/feurich.com\/en\/#\/schema\/logo\/image\/\",\"url\":\"https:\/\/feurich.com\/wp-content\/uploads\/logo.png\",\"contentUrl\":\"https:\/\/feurich.com\/wp-content\/uploads\/logo.png\",\"width\":354,\"height\":151,\"caption\":\"FEURICH\"},\"image\":{\"@id\":\"https:\/\/feurich.com\/en\/#\/schema\/logo\/image\/\"},\"sameAs\":[\"https:\/\/www.facebook.com\/feurichvienna\/\"]}]}<\/script>\n<!-- \/ Yoast SEO plugin. -->","yoast_head_json":{"title":"Upgrade Guarantee - FEURICH","robots":{"index":"index","follow":"follow","max-snippet":"max-snippet:-1","max-image-preview":"max-image-preview:large","max-video-preview":"max-video-preview:-1"},"canonical":"https:\/\/feurich.com\/en\/products\/olya\/upgrade\/","og_locale":"es_ES","og_type":"article","og_title":"Upgrade Guarantee - FEURICH","og_description":"[vc_row css=\u00bb.vc_custom_1698844716201{padding-right: 15px !important;padding-left: 15px !important;}\u00bb][vc_column css=\u00bb.vc_custom_1700821476781{margin-top: 50px !important;background-image: url(https:\/\/feurich.com\/wp-content\/uploads\/6_Olya-Webpage-Header-Unterseiten-1200x400px-3.jpg?id=72521) !important;background-position: center !important;background-repeat: no-repeat !important;background-size: cover !important;}\u00bb][vc_row_inner][vc_column_inner css=\u00bb.vc_custom_1699527897862{background-position: center !important;background-repeat: no-repeat !important;background-size: cover !important;}\u00bb][vc_empty_space height=\u00bb160px\u00bb css=\u00bb.vc_custom_1700821646777{margin-right: 15px !important;margin-left: 15px !important;}\u00bb][vc_column_text] ...","og_url":"https:\/\/feurich.com\/en\/products\/olya\/upgrade\/","og_site_name":"FEURICH","article_publisher":"https:\/\/www.facebook.com\/feurichvienna\/","article_modified_time":"2024-01-08T19:00:48+00:00","twitter_card":"summary_large_image","schema":{"@context":"https:\/\/schema.org","@graph":[{"@type":"WebPage","@id":"https:\/\/feurich.com\/en\/products\/olya\/upgrade\/","url":"https:\/\/feurich.com\/en\/products\/olya\/upgrade\/","name":"Upgrade Guarantee - FEURICH","isPartOf":{"@id":"https:\/\/feurich.com\/en\/#website"},"datePublished":"2023-11-21T22:49:51+00:00","dateModified":"2024-01-08T19:00:48+00:00","breadcrumb":{"@id":"https:\/\/feurich.com\/en\/products\/olya\/upgrade\/#breadcrumb"},"inLanguage":"es","potentialAction":[{"@type":"ReadAction","target":["https:\/\/feurich.com\/en\/products\/olya\/upgrade\/"]}]},{"@type":"BreadcrumbList","@id":"https:\/\/feurich.com\/en\/products\/olya\/upgrade\/#breadcrumb","itemListElement":[{"@type":"ListItem","position":1,"name":"Home","item":"https:\/\/feurich.com\/es\/"},{"@type":"ListItem","position":2,"name":"Productos","item":"https:\/\/feurich.com\/es\/productos\/"},{"@type":"ListItem","position":3,"name":"OLYA EVO E-PIANO","item":"https:\/\/feurich.com\/es\/productos\/olya-evo-e-piano\/"},{"@type":"ListItem","position":4,"name":"Upgrade Guarantee"}]},{"@type":"WebSite","@id":"https:\/\/feurich.com\/en\/#website","url":"https:\/\/feurich.com\/en\/","name":"FEURICH","description":"A sound that connects","publisher":{"@id":"https:\/\/feurich.com\/en\/#organization"},"potentialAction":[{"@type":"SearchAction","target":{"@type":"EntryPoint","urlTemplate":"https:\/\/feurich.com\/en\/?s={search_term_string}"},"query-input":{"@type":"PropertyValueSpecification","valueRequired":true,"valueName":"search_term_string"}}],"inLanguage":"es"},{"@type":"Organization","@id":"https:\/\/feurich.com\/en\/#organization","name":"FEURICH","url":"https:\/\/feurich.com\/en\/","logo":{"@type":"ImageObject","inLanguage":"es","@id":"https:\/\/feurich.com\/en\/#\/schema\/logo\/image\/","url":"https:\/\/feurich.com\/wp-content\/uploads\/logo.png","contentUrl":"https:\/\/feurich.com\/wp-content\/uploads\/logo.png","width":354,"height":151,"caption":"FEURICH"},"image":{"@id":"https:\/\/feurich.com\/en\/#\/schema\/logo\/image\/"},"sameAs":["https:\/\/www.facebook.com\/feurichvienna\/"]}]}},"_links":{"self":[{"href":"https:\/\/feurich.com\/es\/wp-json\/wp\/v2\/pages\/73826","targetHints":{"allow":["GET"]}}],"collection":[{"href":"https:\/\/feurich.com\/es\/wp-json\/wp\/v2\/pages"}],"about":[{"href":"https:\/\/feurich.com\/es\/wp-json\/wp\/v2\/types\/page"}],"author":[{"embeddable":true,"href":"https:\/\/feurich.com\/es\/wp-json\/wp\/v2\/users\/41"}],"replies":[{"embeddable":true,"href":"https:\/\/feurich.com\/es\/wp-json\/wp\/v2\/comments?post=73826"}],"version-history":[{"count":1,"href":"https:\/\/feurich.com\/es\/wp-json\/wp\/v2\/pages\/73826\/revisions"}],"predecessor-version":[{"id":73827,"href":"https:\/\/feurich.com\/es\/wp-json\/wp\/v2\/pages\/73826\/revisions\/73827"}],"up":[{"embeddable":true,"href":"https:\/\/feurich.com\/es\/wp-json\/wp\/v2\/pages\/73810"}],"wp:attachment":[{"href":"https:\/\/feurich.com\/es\/wp-json\/wp\/v2\/media?parent=73826"}],"curies":[{"name":"wp","href":"https:\/\/api.w.org\/{rel}","templated":true}]}}