{"id":12805,"date":"2018-03-03T14:42:10","date_gmt":"2018-03-03T14:42:10","guid":{"rendered":"https:\/\/www.feurich.com\/informacion-contacto\/faq\/"},"modified":"2023-11-26T18:21:46","modified_gmt":"2023-11-26T18:21:46","slug":"faq","status":"publish","type":"page","link":"https:\/\/feurich.com\/es\/informacion-contacto\/faq\/","title":{"rendered":"FAQ"},"content":{"rendered":"<div class=\"wpb-content-wrapper\"><p>[vc_row el_class=\u00bbcont-acardion\u00bb css=\u00bb.vc_custom_1510822707727{margin-bottom: 20px !important;}\u00bb][vc_column 0=\u00bb\u00bb][vc_empty_space 0=\u00bb\u00bb][vc_column_text el_class=\u00bbbig-title\u00bb]<\/p>\n<p style=\"text-align: center;\">Preguntas frecuentes<\/p>\n<p>[\/vc_column_text][vc_empty_space 0=\u00bb\u00bb height=\u00bb24px\u00bb][vc_column_text]<\/p>\n<p style=\"text-align: center;\"><span style=\"font-size: 14pt;\">Aqu\u00ed encontrar\u00e1 respuestas a las preguntas m\u00e1s frecuentes.Si desea saber m\u00e1s, solo cont\u00e1ctenos directamente. <a href=\"https:\/\/feurich.com\/es\/informacion-contacto\/\">&gt;&gt; Contacto<\/a><\/span><\/p>\n<p>[\/vc_column_text][\/vc_column][\/vc_row][vc_row full_width=\u00bbstretch_row\u00bb bg_type=\u00bbimage\u00bb parallax_style=\u00bbvcpb-vz-jquery\u00bb bg_image_new=\u00bbid^2174|url^\/wp-content\/uploads\/Details.jpg|caption^FEURICH Details|alt^FEURICH Details|title^FEURICH Details|description^FEURICH Details\u00bb bg_image_repeat=\u00bbno-repeat\u00bb fadeout_row=\u00bbfadeout_row_value\u00bb][vc_column][vc_tta_accordion style=\u00bbflat\u00bb shape=\u00bbsquare\u00bb color=\u00bbwhite\u00bb spacing=\u00bb1&#8243; gap=\u00bb1&#8243; c_icon=\u00bbchevron\u00bb active_section=\u00bb999&#8243;][vc_tta_section title=\u00bb\u00bfQu\u00e9 debo tener en cuenta al comprar un piano?\u00bb tab_id=\u00bb1505677504022-94aab332-908c\u00bb][vc_column_text 0=\u00bb\u00bb]Un servicio de calidad y mantenimiento son esenciales para su piano. Incluso el mejor instrumento puede sonar terrible si no est\u00e1 configurado correctamente (regulado, afinado y entonado). Por esta raz\u00f3n, recomendamos probar pianos solo en concesionarios reconocidos, donde t\u00e9cnicos calificados preparan y sacan el mejor provecho de los instrumentos. All\u00ed tambi\u00e9n podr\u00e1 solicitar asesoramiento personalizado sobre el modelo y tama\u00f1o correctos para su habitaci\u00f3n y cual de ellos se adapta m\u00e1s a su gusto y estilo musical.[\/vc_column_text][\/vc_tta_section][vc_tta_section title=\u00bb\u00bfC\u00f3mo cuido mi piano para disfrutarlo por largo tiempo?\u00bb tab_id=\u00bb1505677504024-a9537222-1098&#8243;][vc_column_text 0=\u00bb\u00bb]Los puntos cruciales son la humedad del medio ambiente, la afinaci\u00f3n peri\u00f3dica y, paralelamente, la regulaci\u00f3n del instrumento.<\/p>\n<p>Recomendamos el uso de un humidificador en regiones donde se usan calefacciones que secan el ambiente.<\/p>\n<p>\u00a1Un humidificador y limpiador permite que el aire de la habitaci\u00f3n se estabilice en un m\u00e1ximo de 50% de humedad, protegiendo el instrumento contra da\u00f1os por resequedad como fisuras en la caja de resonancia o contracci\u00f3n de las piezas de la mec\u00e1nica. Igualmente puede tener efectos en la afinaci\u00f3n, haci\u00e9ndola m\u00e1s estable y disminuyendo la frecuencia del servicio t\u00e9cnico \u00a1y as\u00ed, Ud. se protege contra sorpresas desagradables!<\/p>\n<p>Evite colocar el instrumento cerca de cualquier calefacci\u00f3n o chimenea. Evite as\u00ed mismo la luz solar directa, paredes y ventanas exteriores h\u00famedas o fr\u00edas y puertas de balc\u00f3n (debido a las corrientes de aire).<\/p>\n<p>Tenga cuidado con los l\u00edquidos, como bebidas fr\u00edas o calientes, etc., objetos peque\u00f1os como bol\u00edgrafos, l\u00e1pices, clips de papel etc. No utilice productos de limpieza grasosos o agresivos ni pa\u00f1os abrasivos para limpiar la superficie. Use solo pa\u00f1os suaves ligeramente humedecidos (bajo ninguna circunstancia debe usarse alcohol et\u00edlico o disolventes).<\/p>\n<p>Si el instrumento se entrega durante el invierno, sugerimos colocarlo en una habitaci\u00f3n bien ventilada y aumentar gradualmente la temperatura ambiente.[\/vc_column_text][\/vc_tta_section][vc_tta_section title=\u00bb\u00bfCon qu\u00e9 frecuencia debe ser afinado mi piano?\u00bb tab_id=\u00bb1505677504026-1a8277b2-fb9d\u00bb][vc_column_text 0=\u00bb\u00bb]Para uso privado, un piano debe ser afinado una o dos veces al a\u00f1o.<\/p>\n<p>En todo piano la afinaci\u00f3n baja lentamente con el paso del tiempo. Como las cuerdas reaccionan de manera diferente, el resultado es desagradable y es persibido incluso por personas sin educaci\u00f3n musical u o\u00eddo absoluto.<\/p>\n<p>En conservatorios y academias de m\u00fasica, los instrumentos deben afinarse cada mes. Estudios de grabaci\u00f3n y las salas de concierto deben afinar sus instrumentos antes de cada concierto importante.[\/vc_column_text][\/vc_tta_section][vc_tta_section title=\u00bb\u00bfPor qu\u00e9 debo escoger un piano FEURICH?\u00bb tab_id=\u00bb1505677504028-9c8e3873-fa93&#8243;][vc_column_text 0=\u00bb\u00bb]FEURICH cuenta con m\u00e1s de 400 puntos de venta en todo el mundo y sigue alcanzando \u00e9xitos. Vea solo algunas referencias de clientes satisfechos:<br \/>\n<a href=\"https:\/\/feurich.com\/es\/referencias\/\">Referencias<\/a>[\/vc_column_text][\/vc_tta_section][vc_tta_section title=\u00bb\u00bfPor qu\u00e9 los instrumentos FEURICH tambi\u00e9n se fabrican en China \/ Ningbo, que ventajas tiene?\u00bb tab_id=\u00bb1505677504035-a7205398-84d1&#8243;][vc_column_text 0=\u00bb\u00bb]Estamos muy orgullosos de haber seleccionado los mejores sitios de producci\u00f3n para nuestros instrumentos. La planta de producci\u00f3n en Ningbo no es solo una de las m\u00e1s modernas en China, sino en todo el mundo.[\/vc_column_text][\/vc_tta_section][vc_tta_section title=\u00bb\u00bfLa excelente relaci\u00f3n calidad-precio tiene efectos negativos en las condiciones sociales de trabajadores en China \/ Ningbo?\u00bb tab_id=\u00bb1505677504036-b4fa1ba9-1416&#8243;][vc_column_text 0=\u00bb\u00bb]<strong>Definitivamente: \u00a1no! <\/strong><\/p>\n<p>Para nosotros es de gran importancia que los trabajadores que participan en la producci\u00f3n de pianos en Ningbo sean altamente calificados y se beneficien de la capacitaci\u00f3n continua de maestros constructores de pianos de Europa y de todo el mundo.<\/p>\n<p>La planta de producci\u00f3n en Ningbo reconoce la importancia de los trabajadores expertos y paga salarios mucho m\u00e1s altos de lo habitual all\u00ed. Ningbo Hailun tambi\u00e9n ofrece a los trabajadores de regiones remotas opciones de alojamiento, alimentaci\u00f3n y atenci\u00f3n m\u00e9dica.<\/p>\n<p>Este know-how y la estabilidad laboral garantizan la mejor calidad, condici\u00f3nes esenciales para FEURICH.<\/p>\n<p>El valor excepcional de nuestros productos proviene principalmente de procesos altamente automatizados que dependen en gran medida de la calidad de las m\u00e1quinas CNC. Una gran parte del piano es producido por m\u00e1quinas, lo que contribuye a la calidad constante de nuestra producci\u00f3n.<\/p>\n<p>Nuestros expertos en los centros log\u00edsticos de FEURICH en todo el mundo llevan a cabo la regulaci\u00f3n y entonaci\u00f3n final. Estamos convencidos de que esta es la \u00fanica manera de garantizar el alto nivel de calidad en pianos de este rango de precios.[\/vc_column_text][\/vc_tta_section][vc_tta_section title=\u00bb\u00bfEs verdad que son utilizados materiales de inferior calidad, incluso perjudiciales?\u00bb tab_id=\u00bb1506086423430-102e62ef-493f\u00bb][vc_column_text]\u00a1De ninguna manera! Nunca se usaron ni se usar\u00e1n materiales que produzcan emisiones o consecuencias negativas para la salud de nuestros clientes.<\/p>\n<p>Nuestros productos cumplen con todas las regulaciones europeas. No se utilizan lacas, pegamentos o sustancias t\u00f3xicas en el proceso de producci\u00f3n.<\/p>\n<p>Uno de los principios b\u00e1sicos de FEURICH es la utilizaci\u00f3n de materiales tradicionales, robustos pero igualmente innovadores.<\/p>\n<p>Preferimos definir un precio de producci\u00f3n algo m\u00e1s alto que reducir costos en detrimento de la calidad de nuestras materias primas.<\/p>\n<p>Sin materiales de alta calidad, no podriamos garantizar su larga vida, el maravilloso sonido, el toque fino de la acci\u00f3n o la estabilidad de la afinaci\u00f3n etc. de nuestros pianos.[\/vc_column_text][\/vc_tta_section][vc_tta_section title=\u00bb\u00bfDebo comprar mi piano por internet o en una compa\u00f1\u00eda especializada en pianos?\u00bb tab_id=\u00bb1506086586523-d6f73213-b1d7&#8243;][vc_column_text 0=\u00bb\u00bb]Recomendamos no comprar por Internet, especialmente un piano ac\u00fastico, ya que el riesgo de tener una gran decepci\u00f3n es bastante grande.<\/p>\n<p>Elegir un piano es un asunto muy individual, donde se toman decisiones en base a diversos factores como el sonido, el toque, el mueble externo y el servicio posventa.<\/p>\n<p>No hay dos pianos ac\u00fasticos, incluso del mismo modelo y marca, que suenen id\u00e9nticos. Por esta raz\u00f3n hay que probar antes de comprar. Solo entonces encontrar\u00e1 el instrumento adecuado, que le proporcionar\u00e1 gran disfrute tode una vida.<\/p>\n<p>Si tiene preguntas, cont\u00e1ctenos para poder aconsejarlo personalmente! <a href=\"https:\/\/feurich.com\/es\/informacion-contacto\/contacto\/\">Contacto <\/a>[\/vc_column_text][\/vc_tta_section][\/vc_tta_accordion][\/vc_column][\/vc_row]<\/p>\n<\/div>","protected":false},"excerpt":{"rendered":"<p>Preguntas frecuentes (FAQ): Aqu\u00ed encontrar\u00e1 respuestas a las preguntas m\u00e1s frecuentes.<\/p>\n","protected":false},"author":4,"featured_media":0,"parent":12684,"menu_order":0,"comment_status":"closed","ping_status":"closed","template":"template-fullwidth.php","meta":{"inline_featured_image":false,"footnotes":""},"class_list":["post-12805","page","type-page","status-publish","hentry"],"acf":[],"yoast_head":"<!-- This site is optimized with the Yoast SEO plugin v24.4 - https:\/\/yoast.com\/wordpress\/plugins\/seo\/ -->\n<title>FAQ - FEURICH<\/title>\n<meta name=\"robots\" content=\"index, follow, max-snippet:-1, max-image-preview:large, max-video-preview:-1\" \/>\n<link rel=\"canonical\" href=\"https:\/\/feurich.com\/es\/informacion-contacto\/faq\/\" \/>\n<meta property=\"og:locale\" content=\"es_ES\" \/>\n<meta property=\"og:type\" content=\"article\" \/>\n<meta property=\"og:title\" content=\"FAQ - FEURICH\" \/>\n<meta property=\"og:description\" content=\"Preguntas frecuentes (FAQ): Aqu\u00ed encontrar\u00e1 respuestas a las preguntas m\u00e1s frecuentes.\" \/>\n<meta property=\"og:url\" content=\"https:\/\/feurich.com\/es\/informacion-contacto\/faq\/\" \/>\n<meta property=\"og:site_name\" content=\"FEURICH\" \/>\n<meta property=\"article:publisher\" content=\"https:\/\/www.facebook.com\/feurichvienna\/\" \/>\n<meta property=\"article:modified_time\" content=\"2023-11-26T18:21:46+00:00\" \/>\n<meta name=\"twitter:card\" content=\"summary_large_image\" \/>\n<meta name=\"twitter:label1\" content=\"Tiempo de lectura\" \/>\n\t<meta name=\"twitter:data1\" content=\"6 minutos\" \/>\n<script type=\"application\/ld+json\" class=\"yoast-schema-graph\">{\"@context\":\"https:\/\/schema.org\",\"@graph\":[{\"@type\":\"WebPage\",\"@id\":\"https:\/\/feurich.com\/es\/informacion-contacto\/faq\/\",\"url\":\"https:\/\/feurich.com\/es\/informacion-contacto\/faq\/\",\"name\":\"FAQ - FEURICH\",\"isPartOf\":{\"@id\":\"https:\/\/feurich.com\/en\/#website\"},\"datePublished\":\"2018-03-03T14:42:10+00:00\",\"dateModified\":\"2023-11-26T18:21:46+00:00\",\"breadcrumb\":{\"@id\":\"https:\/\/feurich.com\/es\/informacion-contacto\/faq\/#breadcrumb\"},\"inLanguage\":\"es\",\"potentialAction\":[{\"@type\":\"ReadAction\",\"target\":[\"https:\/\/feurich.com\/es\/informacion-contacto\/faq\/\"]}]},{\"@type\":\"BreadcrumbList\",\"@id\":\"https:\/\/feurich.com\/es\/informacion-contacto\/faq\/#breadcrumb\",\"itemListElement\":[{\"@type\":\"ListItem\",\"position\":1,\"name\":\"Home\",\"item\":\"https:\/\/feurich.com\/es\/\"},{\"@type\":\"ListItem\",\"position\":2,\"name\":\"Informaci\u00f3n &amp; Contacto\",\"item\":\"https:\/\/feurich.com\/es\/informacion-contacto\/\"},{\"@type\":\"ListItem\",\"position\":3,\"name\":\"FAQ\"}]},{\"@type\":\"WebSite\",\"@id\":\"https:\/\/feurich.com\/en\/#website\",\"url\":\"https:\/\/feurich.com\/en\/\",\"name\":\"FEURICH\",\"description\":\"A sound that connects\",\"publisher\":{\"@id\":\"https:\/\/feurich.com\/en\/#organization\"},\"potentialAction\":[{\"@type\":\"SearchAction\",\"target\":{\"@type\":\"EntryPoint\",\"urlTemplate\":\"https:\/\/feurich.com\/en\/?s={search_term_string}\"},\"query-input\":{\"@type\":\"PropertyValueSpecification\",\"valueRequired\":true,\"valueName\":\"search_term_string\"}}],\"inLanguage\":\"es\"},{\"@type\":\"Organization\",\"@id\":\"https:\/\/feurich.com\/en\/#organization\",\"name\":\"FEURICH\",\"url\":\"https:\/\/feurich.com\/en\/\",\"logo\":{\"@type\":\"ImageObject\",\"inLanguage\":\"es\",\"@id\":\"https:\/\/feurich.com\/en\/#\/schema\/logo\/image\/\",\"url\":\"https:\/\/feurich.com\/wp-content\/uploads\/logo.png\",\"contentUrl\":\"https:\/\/feurich.com\/wp-content\/uploads\/logo.png\",\"width\":354,\"height\":151,\"caption\":\"FEURICH\"},\"image\":{\"@id\":\"https:\/\/feurich.com\/en\/#\/schema\/logo\/image\/\"},\"sameAs\":[\"https:\/\/www.facebook.com\/feurichvienna\/\"]}]}<\/script>\n<!-- \/ Yoast SEO plugin. -->","yoast_head_json":{"title":"FAQ - FEURICH","robots":{"index":"index","follow":"follow","max-snippet":"max-snippet:-1","max-image-preview":"max-image-preview:large","max-video-preview":"max-video-preview:-1"},"canonical":"https:\/\/feurich.com\/es\/informacion-contacto\/faq\/","og_locale":"es_ES","og_type":"article","og_title":"FAQ - FEURICH","og_description":"Preguntas frecuentes (FAQ): Aqu\u00ed encontrar\u00e1 respuestas a las preguntas m\u00e1s frecuentes.","og_url":"https:\/\/feurich.com\/es\/informacion-contacto\/faq\/","og_site_name":"FEURICH","article_publisher":"https:\/\/www.facebook.com\/feurichvienna\/","article_modified_time":"2023-11-26T18:21:46+00:00","twitter_card":"summary_large_image","twitter_misc":{"Tiempo de lectura":"6 minutos"},"schema":{"@context":"https:\/\/schema.org","@graph":[{"@type":"WebPage","@id":"https:\/\/feurich.com\/es\/informacion-contacto\/faq\/","url":"https:\/\/feurich.com\/es\/informacion-contacto\/faq\/","name":"FAQ - FEURICH","isPartOf":{"@id":"https:\/\/feurich.com\/en\/#website"},"datePublished":"2018-03-03T14:42:10+00:00","dateModified":"2023-11-26T18:21:46+00:00","breadcrumb":{"@id":"https:\/\/feurich.com\/es\/informacion-contacto\/faq\/#breadcrumb"},"inLanguage":"es","potentialAction":[{"@type":"ReadAction","target":["https:\/\/feurich.com\/es\/informacion-contacto\/faq\/"]}]},{"@type":"BreadcrumbList","@id":"https:\/\/feurich.com\/es\/informacion-contacto\/faq\/#breadcrumb","itemListElement":[{"@type":"ListItem","position":1,"name":"Home","item":"https:\/\/feurich.com\/es\/"},{"@type":"ListItem","position":2,"name":"Informaci\u00f3n &amp; Contacto","item":"https:\/\/feurich.com\/es\/informacion-contacto\/"},{"@type":"ListItem","position":3,"name":"FAQ"}]},{"@type":"WebSite","@id":"https:\/\/feurich.com\/en\/#website","url":"https:\/\/feurich.com\/en\/","name":"FEURICH","description":"A sound that connects","publisher":{"@id":"https:\/\/feurich.com\/en\/#organization"},"potentialAction":[{"@type":"SearchAction","target":{"@type":"EntryPoint","urlTemplate":"https:\/\/feurich.com\/en\/?s={search_term_string}"},"query-input":{"@type":"PropertyValueSpecification","valueRequired":true,"valueName":"search_term_string"}}],"inLanguage":"es"},{"@type":"Organization","@id":"https:\/\/feurich.com\/en\/#organization","name":"FEURICH","url":"https:\/\/feurich.com\/en\/","logo":{"@type":"ImageObject","inLanguage":"es","@id":"https:\/\/feurich.com\/en\/#\/schema\/logo\/image\/","url":"https:\/\/feurich.com\/wp-content\/uploads\/logo.png","contentUrl":"https:\/\/feurich.com\/wp-content\/uploads\/logo.png","width":354,"height":151,"caption":"FEURICH"},"image":{"@id":"https:\/\/feurich.com\/en\/#\/schema\/logo\/image\/"},"sameAs":["https:\/\/www.facebook.com\/feurichvienna\/"]}]}},"_links":{"self":[{"href":"https:\/\/feurich.com\/es\/wp-json\/wp\/v2\/pages\/12805","targetHints":{"allow":["GET"]}}],"collection":[{"href":"https:\/\/feurich.com\/es\/wp-json\/wp\/v2\/pages"}],"about":[{"href":"https:\/\/feurich.com\/es\/wp-json\/wp\/v2\/types\/page"}],"author":[{"embeddable":true,"href":"https:\/\/feurich.com\/es\/wp-json\/wp\/v2\/users\/4"}],"replies":[{"embeddable":true,"href":"https:\/\/feurich.com\/es\/wp-json\/wp\/v2\/comments?post=12805"}],"version-history":[{"count":71,"href":"https:\/\/feurich.com\/es\/wp-json\/wp\/v2\/pages\/12805\/revisions"}],"predecessor-version":[{"id":72810,"href":"https:\/\/feurich.com\/es\/wp-json\/wp\/v2\/pages\/12805\/revisions\/72810"}],"up":[{"embeddable":true,"href":"https:\/\/feurich.com\/es\/wp-json\/wp\/v2\/pages\/12684"}],"wp:attachment":[{"href":"https:\/\/feurich.com\/es\/wp-json\/wp\/v2\/media?parent=12805"}],"curies":[{"name":"wp","href":"https:\/\/api.w.org\/{rel}","templated":true}]}}