{"id":12679,"date":"2018-03-02T13:56:38","date_gmt":"2018-03-02T13:56:38","guid":{"rendered":"https:\/\/www.feurich.com\/innovaciones\/silencer\/"},"modified":"2021-11-23T11:30:46","modified_gmt":"2021-11-23T11:30:46","slug":"silencer","status":"publish","type":"page","link":"https:\/\/feurich.com\/es\/innovaciones\/silencer\/","title":{"rendered":"Silencer"},"content":{"rendered":"<div class=\"wpb-content-wrapper\"><p>[vc_row][vc_column width=\u00bb1\/3&#8243;][vc_empty_space][\/vc_column][vc_column width=\u00bb2\/3&#8243;][vc_empty_space][vc_column_text el_class=\u00bbbig-title\u00bb]<\/p>\n<p style=\"text-align: left;\">Silencer<\/p>\n<p>[\/vc_column_text][vc_empty_space height=\u00bb20px\u00bb][\/vc_column][\/vc_row][vc_row][vc_column width=\u00bb1\/3&#8243;][vc_single_image image=\u00bb11533&#8243; img_size=\u00bblarge\u00bb][\/vc_column][vc_column width=\u00bb2\/3&#8243;][vc_column_text]\u00a1Nunca m\u00e1s vecinos molestos debido al sonido fuerte durante la pr\u00e1ctica pian\u00edstica! Con nuestro \u00abSistema Real Touch Silencer\u00bb especialmente desarrollado, los pianistas pueden entrenar durante la noche sin problema. El modo \u00absilencioso\u00bb impide el sonido exterior del instrumento escuchando a trav\u00e9s de auriculares. El piano se puede desactivar f\u00e1cilmente sin tener que bloquearlo. As\u00ed los peque\u00f1os no tienen la tentaci\u00f3n de golpear fuerte en el piano.<\/p>\n<h5>Para Pianos verticales<\/h5>\n<p>El sistema Silencer se puede instalar en todos nuestros modelos de piano vertical. Tambi\u00e9n se puede adaptar a modelos de otros fabricantes. Solo con pianinos extremadamente peque\u00f1os son necesarias soluciones individuales a veces por razones de espacio.<\/p>\n<h5>Para pianos de cola<\/h5>\n<p><strong>Sistema est\u00e1ndar<\/strong> con barra de parada para casi todos los pianos de cola de todos fabricantes. El let off se establece a 6-8 mm de las cuerdas.<\/p>\n<p>Estaremos encantados de asesorarlo personalmente sobre nuestra variada oferta. \u00a0<a href=\"https:\/\/feurich.com\/es\/informacion-contacto\/contacto\/\">&gt;&gt; Contacto<\/a>[\/vc_column_text][\/vc_column][\/vc_row]<\/p>\n<\/div>","protected":false},"excerpt":{"rendered":"<p>\u00a1Nunca m\u00e1s vecinos molestos! Con nuestro \u00abSistema Real Touch Silencer\u00bb especialmente desarrollado por FEURICH, los pianistas pueden practicar durante la noche sin sonido externo.<\/p>\n","protected":false},"author":4,"featured_media":11533,"parent":12318,"menu_order":0,"comment_status":"closed","ping_status":"closed","template":"template-fullwidth.php","meta":{"inline_featured_image":false,"footnotes":""},"class_list":["post-12679","page","type-page","status-publish","has-post-thumbnail","hentry"],"acf":[],"yoast_head":"<!-- This site is optimized with the Yoast SEO plugin v24.4 - https:\/\/yoast.com\/wordpress\/plugins\/seo\/ -->\n<title>Silencer - FEURICH<\/title>\n<meta name=\"robots\" content=\"index, follow, max-snippet:-1, max-image-preview:large, max-video-preview:-1\" \/>\n<link rel=\"canonical\" href=\"https:\/\/feurich.com\/es\/innovaciones\/silencer\/\" \/>\n<meta property=\"og:locale\" content=\"es_ES\" \/>\n<meta property=\"og:type\" content=\"article\" \/>\n<meta property=\"og:title\" content=\"Silencer - FEURICH\" \/>\n<meta property=\"og:description\" content=\"\u00a1Nunca m\u00e1s vecinos molestos! Con nuestro &quot;Sistema Real Touch Silencer&quot; especialmente desarrollado por FEURICH, los pianistas pueden practicar durante la noche sin sonido externo.\" \/>\n<meta property=\"og:url\" content=\"https:\/\/feurich.com\/es\/innovaciones\/silencer\/\" \/>\n<meta property=\"og:site_name\" content=\"FEURICH\" \/>\n<meta property=\"article:publisher\" content=\"https:\/\/www.facebook.com\/feurichvienna\/\" \/>\n<meta property=\"article:modified_time\" content=\"2021-11-23T11:30:46+00:00\" \/>\n<meta property=\"og:image\" content=\"https:\/\/feurich.com\/wp-content\/uploads\/FEURICH_Silencer_on_1_web.jpg\" \/>\n\t<meta property=\"og:image:width\" content=\"1024\" \/>\n\t<meta property=\"og:image:height\" content=\"683\" \/>\n\t<meta property=\"og:image:type\" content=\"image\/jpeg\" \/>\n<meta name=\"twitter:card\" content=\"summary_large_image\" \/>\n<meta name=\"twitter:label1\" content=\"Tiempo de lectura\" \/>\n\t<meta name=\"twitter:data1\" content=\"1 minuto\" \/>\n<script type=\"application\/ld+json\" class=\"yoast-schema-graph\">{\"@context\":\"https:\/\/schema.org\",\"@graph\":[{\"@type\":\"WebPage\",\"@id\":\"https:\/\/feurich.com\/es\/innovaciones\/silencer\/\",\"url\":\"https:\/\/feurich.com\/es\/innovaciones\/silencer\/\",\"name\":\"Silencer - FEURICH\",\"isPartOf\":{\"@id\":\"https:\/\/feurich.com\/en\/#website\"},\"primaryImageOfPage\":{\"@id\":\"https:\/\/feurich.com\/es\/innovaciones\/silencer\/#primaryimage\"},\"image\":{\"@id\":\"https:\/\/feurich.com\/es\/innovaciones\/silencer\/#primaryimage\"},\"thumbnailUrl\":\"https:\/\/feurich.com\/wp-content\/uploads\/FEURICH_Silencer_on_1_web.jpg\",\"datePublished\":\"2018-03-02T13:56:38+00:00\",\"dateModified\":\"2021-11-23T11:30:46+00:00\",\"breadcrumb\":{\"@id\":\"https:\/\/feurich.com\/es\/innovaciones\/silencer\/#breadcrumb\"},\"inLanguage\":\"es\",\"potentialAction\":[{\"@type\":\"ReadAction\",\"target\":[\"https:\/\/feurich.com\/es\/innovaciones\/silencer\/\"]}]},{\"@type\":\"ImageObject\",\"inLanguage\":\"es\",\"@id\":\"https:\/\/feurich.com\/es\/innovaciones\/silencer\/#primaryimage\",\"url\":\"https:\/\/feurich.com\/wp-content\/uploads\/FEURICH_Silencer_on_1_web.jpg\",\"contentUrl\":\"https:\/\/feurich.com\/wp-content\/uploads\/FEURICH_Silencer_on_1_web.jpg\",\"width\":1024,\"height\":683,\"caption\":\"FEURICH_Silencer\"},{\"@type\":\"BreadcrumbList\",\"@id\":\"https:\/\/feurich.com\/es\/innovaciones\/silencer\/#breadcrumb\",\"itemListElement\":[{\"@type\":\"ListItem\",\"position\":1,\"name\":\"Home\",\"item\":\"https:\/\/feurich.com\/es\/\"},{\"@type\":\"ListItem\",\"position\":2,\"name\":\"Innovaciones\",\"item\":\"https:\/\/feurich.com\/es\/innovaciones\/\"},{\"@type\":\"ListItem\",\"position\":3,\"name\":\"Silencer\"}]},{\"@type\":\"WebSite\",\"@id\":\"https:\/\/feurich.com\/en\/#website\",\"url\":\"https:\/\/feurich.com\/en\/\",\"name\":\"FEURICH\",\"description\":\"A sound that connects\",\"publisher\":{\"@id\":\"https:\/\/feurich.com\/en\/#organization\"},\"potentialAction\":[{\"@type\":\"SearchAction\",\"target\":{\"@type\":\"EntryPoint\",\"urlTemplate\":\"https:\/\/feurich.com\/en\/?s={search_term_string}\"},\"query-input\":{\"@type\":\"PropertyValueSpecification\",\"valueRequired\":true,\"valueName\":\"search_term_string\"}}],\"inLanguage\":\"es\"},{\"@type\":\"Organization\",\"@id\":\"https:\/\/feurich.com\/en\/#organization\",\"name\":\"FEURICH\",\"url\":\"https:\/\/feurich.com\/en\/\",\"logo\":{\"@type\":\"ImageObject\",\"inLanguage\":\"es\",\"@id\":\"https:\/\/feurich.com\/en\/#\/schema\/logo\/image\/\",\"url\":\"https:\/\/feurich.com\/wp-content\/uploads\/logo.png\",\"contentUrl\":\"https:\/\/feurich.com\/wp-content\/uploads\/logo.png\",\"width\":354,\"height\":151,\"caption\":\"FEURICH\"},\"image\":{\"@id\":\"https:\/\/feurich.com\/en\/#\/schema\/logo\/image\/\"},\"sameAs\":[\"https:\/\/www.facebook.com\/feurichvienna\/\"]}]}<\/script>\n<!-- \/ Yoast SEO plugin. -->","yoast_head_json":{"title":"Silencer - FEURICH","robots":{"index":"index","follow":"follow","max-snippet":"max-snippet:-1","max-image-preview":"max-image-preview:large","max-video-preview":"max-video-preview:-1"},"canonical":"https:\/\/feurich.com\/es\/innovaciones\/silencer\/","og_locale":"es_ES","og_type":"article","og_title":"Silencer - FEURICH","og_description":"\u00a1Nunca m\u00e1s vecinos molestos! Con nuestro \"Sistema Real Touch Silencer\" especialmente desarrollado por FEURICH, los pianistas pueden practicar durante la noche sin sonido externo.","og_url":"https:\/\/feurich.com\/es\/innovaciones\/silencer\/","og_site_name":"FEURICH","article_publisher":"https:\/\/www.facebook.com\/feurichvienna\/","article_modified_time":"2021-11-23T11:30:46+00:00","og_image":[{"width":1024,"height":683,"url":"https:\/\/feurich.com\/wp-content\/uploads\/FEURICH_Silencer_on_1_web.jpg","type":"image\/jpeg"}],"twitter_card":"summary_large_image","twitter_misc":{"Tiempo de lectura":"1 minuto"},"schema":{"@context":"https:\/\/schema.org","@graph":[{"@type":"WebPage","@id":"https:\/\/feurich.com\/es\/innovaciones\/silencer\/","url":"https:\/\/feurich.com\/es\/innovaciones\/silencer\/","name":"Silencer - FEURICH","isPartOf":{"@id":"https:\/\/feurich.com\/en\/#website"},"primaryImageOfPage":{"@id":"https:\/\/feurich.com\/es\/innovaciones\/silencer\/#primaryimage"},"image":{"@id":"https:\/\/feurich.com\/es\/innovaciones\/silencer\/#primaryimage"},"thumbnailUrl":"https:\/\/feurich.com\/wp-content\/uploads\/FEURICH_Silencer_on_1_web.jpg","datePublished":"2018-03-02T13:56:38+00:00","dateModified":"2021-11-23T11:30:46+00:00","breadcrumb":{"@id":"https:\/\/feurich.com\/es\/innovaciones\/silencer\/#breadcrumb"},"inLanguage":"es","potentialAction":[{"@type":"ReadAction","target":["https:\/\/feurich.com\/es\/innovaciones\/silencer\/"]}]},{"@type":"ImageObject","inLanguage":"es","@id":"https:\/\/feurich.com\/es\/innovaciones\/silencer\/#primaryimage","url":"https:\/\/feurich.com\/wp-content\/uploads\/FEURICH_Silencer_on_1_web.jpg","contentUrl":"https:\/\/feurich.com\/wp-content\/uploads\/FEURICH_Silencer_on_1_web.jpg","width":1024,"height":683,"caption":"FEURICH_Silencer"},{"@type":"BreadcrumbList","@id":"https:\/\/feurich.com\/es\/innovaciones\/silencer\/#breadcrumb","itemListElement":[{"@type":"ListItem","position":1,"name":"Home","item":"https:\/\/feurich.com\/es\/"},{"@type":"ListItem","position":2,"name":"Innovaciones","item":"https:\/\/feurich.com\/es\/innovaciones\/"},{"@type":"ListItem","position":3,"name":"Silencer"}]},{"@type":"WebSite","@id":"https:\/\/feurich.com\/en\/#website","url":"https:\/\/feurich.com\/en\/","name":"FEURICH","description":"A sound that connects","publisher":{"@id":"https:\/\/feurich.com\/en\/#organization"},"potentialAction":[{"@type":"SearchAction","target":{"@type":"EntryPoint","urlTemplate":"https:\/\/feurich.com\/en\/?s={search_term_string}"},"query-input":{"@type":"PropertyValueSpecification","valueRequired":true,"valueName":"search_term_string"}}],"inLanguage":"es"},{"@type":"Organization","@id":"https:\/\/feurich.com\/en\/#organization","name":"FEURICH","url":"https:\/\/feurich.com\/en\/","logo":{"@type":"ImageObject","inLanguage":"es","@id":"https:\/\/feurich.com\/en\/#\/schema\/logo\/image\/","url":"https:\/\/feurich.com\/wp-content\/uploads\/logo.png","contentUrl":"https:\/\/feurich.com\/wp-content\/uploads\/logo.png","width":354,"height":151,"caption":"FEURICH"},"image":{"@id":"https:\/\/feurich.com\/en\/#\/schema\/logo\/image\/"},"sameAs":["https:\/\/www.facebook.com\/feurichvienna\/"]}]}},"_links":{"self":[{"href":"https:\/\/feurich.com\/es\/wp-json\/wp\/v2\/pages\/12679","targetHints":{"allow":["GET"]}}],"collection":[{"href":"https:\/\/feurich.com\/es\/wp-json\/wp\/v2\/pages"}],"about":[{"href":"https:\/\/feurich.com\/es\/wp-json\/wp\/v2\/types\/page"}],"author":[{"embeddable":true,"href":"https:\/\/feurich.com\/es\/wp-json\/wp\/v2\/users\/4"}],"replies":[{"embeddable":true,"href":"https:\/\/feurich.com\/es\/wp-json\/wp\/v2\/comments?post=12679"}],"version-history":[{"count":7,"href":"https:\/\/feurich.com\/es\/wp-json\/wp\/v2\/pages\/12679\/revisions"}],"predecessor-version":[{"id":55720,"href":"https:\/\/feurich.com\/es\/wp-json\/wp\/v2\/pages\/12679\/revisions\/55720"}],"up":[{"embeddable":true,"href":"https:\/\/feurich.com\/es\/wp-json\/wp\/v2\/pages\/12318"}],"wp:featuredmedia":[{"embeddable":true,"href":"https:\/\/feurich.com\/es\/wp-json\/wp\/v2\/media\/11533"}],"wp:attachment":[{"href":"https:\/\/feurich.com\/es\/wp-json\/wp\/v2\/media?parent=12679"}],"curies":[{"name":"wp","href":"https:\/\/api.w.org\/{rel}","templated":true}]}}