{"id":12674,"date":"2018-03-02T13:43:49","date_gmt":"2018-03-02T13:43:49","guid":{"rendered":"https:\/\/www.feurich.com\/referencias\/testimonios\/"},"modified":"2018-04-16T09:07:34","modified_gmt":"2018-04-16T09:07:34","slug":"testimonios","status":"publish","type":"page","link":"https:\/\/feurich.com\/es\/referencias\/testimonios\/","title":{"rendered":"Testimonios"},"content":{"rendered":"<div class=\"wpb-content-wrapper\"><p>[vc_row][vc_column][vc_empty_space][vc_column_text el_class=\u00bbbig-title\u00bb]<\/p>\n<p style=\"text-align: center;\">Testimonios y voces de nuestros clientes<\/p>\n<p>[\/vc_column_text][vc_empty_space height=\u00bb24px\u00bb][vc_column_text]<span style=\"font-size: 14pt;\">Podr\u00edamos contarles infinitamente sobre nuestros pianos. Pero, c\u00f3mo se siente al tocar un piano FEURICH lo describen mejor m\u00fasicos profesionales, clientes y colaboradores nuestros. Y podemos revelarles: para nosotros estos mensajes significan inspiraci\u00f3n, motivaci\u00f3n y deleite al mismo tiempo.<\/span>[\/vc_column_text][vc_empty_space height=\u00bb24px\u00bb][vc_basic_grid post_type=\u00bbpost\u00bb max_items=\u00bb999&#8243; item=\u00bb893&#8243; initial_loading_animation=\u00bbfadeIn\u00bb grid_id=\u00bbvc_gid:1510913022911-29035f3b-d45e-2&#8243; taxonomies=\u00bb42&#8243;][\/vc_column][\/vc_row][vc_row][vc_column][\/vc_column][\/vc_row]<\/p>\n<\/div>","protected":false},"excerpt":{"rendered":"<p>C\u00f3mo se siente al tocar un piano FEURICH lo describen mejor m\u00fasicos profesionales, clientes y colaboradores nuestros.<\/p>\n","protected":false},"author":4,"featured_media":0,"parent":12287,"menu_order":0,"comment_status":"closed","ping_status":"closed","template":"template-fullwidth.php","meta":{"inline_featured_image":false,"footnotes":""},"class_list":["post-12674","page","type-page","status-publish","hentry"],"acf":[],"yoast_head":"<!-- This site is optimized with the Yoast SEO plugin v24.4 - https:\/\/yoast.com\/wordpress\/plugins\/seo\/ -->\n<title>Testimonios - FEURICH<\/title>\n<meta name=\"robots\" content=\"index, follow, max-snippet:-1, max-image-preview:large, max-video-preview:-1\" \/>\n<link rel=\"canonical\" href=\"https:\/\/feurich.com\/es\/referencias\/testimonios\/\" \/>\n<meta property=\"og:locale\" content=\"es_ES\" \/>\n<meta property=\"og:type\" content=\"article\" \/>\n<meta property=\"og:title\" content=\"Testimonios - FEURICH\" \/>\n<meta property=\"og:description\" content=\"C\u00f3mo se siente al tocar un piano FEURICH lo describen mejor m\u00fasicos profesionales, clientes y colaboradores nuestros.\" \/>\n<meta property=\"og:url\" content=\"https:\/\/feurich.com\/es\/referencias\/testimonios\/\" \/>\n<meta property=\"og:site_name\" content=\"FEURICH\" \/>\n<meta property=\"article:publisher\" content=\"https:\/\/www.facebook.com\/feurichvienna\/\" \/>\n<meta property=\"article:modified_time\" content=\"2018-04-16T09:07:34+00:00\" \/>\n<meta name=\"twitter:card\" content=\"summary_large_image\" \/>\n<meta name=\"twitter:label1\" content=\"Tiempo de lectura\" \/>\n\t<meta name=\"twitter:data1\" content=\"1 minuto\" \/>\n<script type=\"application\/ld+json\" class=\"yoast-schema-graph\">{\"@context\":\"https:\/\/schema.org\",\"@graph\":[{\"@type\":\"WebPage\",\"@id\":\"https:\/\/feurich.com\/es\/referencias\/testimonios\/\",\"url\":\"https:\/\/feurich.com\/es\/referencias\/testimonios\/\",\"name\":\"Testimonios - FEURICH\",\"isPartOf\":{\"@id\":\"https:\/\/feurich.com\/en\/#website\"},\"datePublished\":\"2018-03-02T13:43:49+00:00\",\"dateModified\":\"2018-04-16T09:07:34+00:00\",\"breadcrumb\":{\"@id\":\"https:\/\/feurich.com\/es\/referencias\/testimonios\/#breadcrumb\"},\"inLanguage\":\"es\",\"potentialAction\":[{\"@type\":\"ReadAction\",\"target\":[\"https:\/\/feurich.com\/es\/referencias\/testimonios\/\"]}]},{\"@type\":\"BreadcrumbList\",\"@id\":\"https:\/\/feurich.com\/es\/referencias\/testimonios\/#breadcrumb\",\"itemListElement\":[{\"@type\":\"ListItem\",\"position\":1,\"name\":\"Home\",\"item\":\"https:\/\/feurich.com\/es\/\"},{\"@type\":\"ListItem\",\"position\":2,\"name\":\"Referencias\",\"item\":\"https:\/\/feurich.com\/es\/referencias\/\"},{\"@type\":\"ListItem\",\"position\":3,\"name\":\"Testimonios\"}]},{\"@type\":\"WebSite\",\"@id\":\"https:\/\/feurich.com\/en\/#website\",\"url\":\"https:\/\/feurich.com\/en\/\",\"name\":\"FEURICH\",\"description\":\"A sound that connects\",\"publisher\":{\"@id\":\"https:\/\/feurich.com\/en\/#organization\"},\"potentialAction\":[{\"@type\":\"SearchAction\",\"target\":{\"@type\":\"EntryPoint\",\"urlTemplate\":\"https:\/\/feurich.com\/en\/?s={search_term_string}\"},\"query-input\":{\"@type\":\"PropertyValueSpecification\",\"valueRequired\":true,\"valueName\":\"search_term_string\"}}],\"inLanguage\":\"es\"},{\"@type\":\"Organization\",\"@id\":\"https:\/\/feurich.com\/en\/#organization\",\"name\":\"FEURICH\",\"url\":\"https:\/\/feurich.com\/en\/\",\"logo\":{\"@type\":\"ImageObject\",\"inLanguage\":\"es\",\"@id\":\"https:\/\/feurich.com\/en\/#\/schema\/logo\/image\/\",\"url\":\"https:\/\/feurich.com\/wp-content\/uploads\/logo.png\",\"contentUrl\":\"https:\/\/feurich.com\/wp-content\/uploads\/logo.png\",\"width\":354,\"height\":151,\"caption\":\"FEURICH\"},\"image\":{\"@id\":\"https:\/\/feurich.com\/en\/#\/schema\/logo\/image\/\"},\"sameAs\":[\"https:\/\/www.facebook.com\/feurichvienna\/\"]}]}<\/script>\n<!-- \/ Yoast SEO plugin. -->","yoast_head_json":{"title":"Testimonios - FEURICH","robots":{"index":"index","follow":"follow","max-snippet":"max-snippet:-1","max-image-preview":"max-image-preview:large","max-video-preview":"max-video-preview:-1"},"canonical":"https:\/\/feurich.com\/es\/referencias\/testimonios\/","og_locale":"es_ES","og_type":"article","og_title":"Testimonios - FEURICH","og_description":"C\u00f3mo se siente al tocar un piano FEURICH lo describen mejor m\u00fasicos profesionales, clientes y colaboradores nuestros.","og_url":"https:\/\/feurich.com\/es\/referencias\/testimonios\/","og_site_name":"FEURICH","article_publisher":"https:\/\/www.facebook.com\/feurichvienna\/","article_modified_time":"2018-04-16T09:07:34+00:00","twitter_card":"summary_large_image","twitter_misc":{"Tiempo de lectura":"1 minuto"},"schema":{"@context":"https:\/\/schema.org","@graph":[{"@type":"WebPage","@id":"https:\/\/feurich.com\/es\/referencias\/testimonios\/","url":"https:\/\/feurich.com\/es\/referencias\/testimonios\/","name":"Testimonios - FEURICH","isPartOf":{"@id":"https:\/\/feurich.com\/en\/#website"},"datePublished":"2018-03-02T13:43:49+00:00","dateModified":"2018-04-16T09:07:34+00:00","breadcrumb":{"@id":"https:\/\/feurich.com\/es\/referencias\/testimonios\/#breadcrumb"},"inLanguage":"es","potentialAction":[{"@type":"ReadAction","target":["https:\/\/feurich.com\/es\/referencias\/testimonios\/"]}]},{"@type":"BreadcrumbList","@id":"https:\/\/feurich.com\/es\/referencias\/testimonios\/#breadcrumb","itemListElement":[{"@type":"ListItem","position":1,"name":"Home","item":"https:\/\/feurich.com\/es\/"},{"@type":"ListItem","position":2,"name":"Referencias","item":"https:\/\/feurich.com\/es\/referencias\/"},{"@type":"ListItem","position":3,"name":"Testimonios"}]},{"@type":"WebSite","@id":"https:\/\/feurich.com\/en\/#website","url":"https:\/\/feurich.com\/en\/","name":"FEURICH","description":"A sound that connects","publisher":{"@id":"https:\/\/feurich.com\/en\/#organization"},"potentialAction":[{"@type":"SearchAction","target":{"@type":"EntryPoint","urlTemplate":"https:\/\/feurich.com\/en\/?s={search_term_string}"},"query-input":{"@type":"PropertyValueSpecification","valueRequired":true,"valueName":"search_term_string"}}],"inLanguage":"es"},{"@type":"Organization","@id":"https:\/\/feurich.com\/en\/#organization","name":"FEURICH","url":"https:\/\/feurich.com\/en\/","logo":{"@type":"ImageObject","inLanguage":"es","@id":"https:\/\/feurich.com\/en\/#\/schema\/logo\/image\/","url":"https:\/\/feurich.com\/wp-content\/uploads\/logo.png","contentUrl":"https:\/\/feurich.com\/wp-content\/uploads\/logo.png","width":354,"height":151,"caption":"FEURICH"},"image":{"@id":"https:\/\/feurich.com\/en\/#\/schema\/logo\/image\/"},"sameAs":["https:\/\/www.facebook.com\/feurichvienna\/"]}]}},"_links":{"self":[{"href":"https:\/\/feurich.com\/es\/wp-json\/wp\/v2\/pages\/12674","targetHints":{"allow":["GET"]}}],"collection":[{"href":"https:\/\/feurich.com\/es\/wp-json\/wp\/v2\/pages"}],"about":[{"href":"https:\/\/feurich.com\/es\/wp-json\/wp\/v2\/types\/page"}],"author":[{"embeddable":true,"href":"https:\/\/feurich.com\/es\/wp-json\/wp\/v2\/users\/4"}],"replies":[{"embeddable":true,"href":"https:\/\/feurich.com\/es\/wp-json\/wp\/v2\/comments?post=12674"}],"version-history":[{"count":10,"href":"https:\/\/feurich.com\/es\/wp-json\/wp\/v2\/pages\/12674\/revisions"}],"predecessor-version":[{"id":14274,"href":"https:\/\/feurich.com\/es\/wp-json\/wp\/v2\/pages\/12674\/revisions\/14274"}],"up":[{"embeddable":true,"href":"https:\/\/feurich.com\/es\/wp-json\/wp\/v2\/pages\/12287"}],"wp:attachment":[{"href":"https:\/\/feurich.com\/es\/wp-json\/wp\/v2\/media?parent=12674"}],"curies":[{"name":"wp","href":"https:\/\/api.w.org\/{rel}","templated":true}]}}