{"id":12613,"date":"2018-03-01T22:14:22","date_gmt":"2018-03-01T22:14:22","guid":{"rendered":"https:\/\/www.feurich.com\/produccion\/feurich-viena\/"},"modified":"2025-04-15T22:16:56","modified_gmt":"2025-04-15T22:16:56","slug":"feurich-viena","status":"publish","type":"page","link":"https:\/\/feurich.com\/es\/produccion\/feurich-viena\/","title":{"rendered":"FEURICH Viena"},"content":{"rendered":"<div class=\"wpb-content-wrapper\"><p>[vc_row][vc_column][vc_empty_space][\/vc_column][\/vc_row][vc_row][vc_column][vc_column_text el_class=\u00bbbig-title\u00bb]<\/p>\n<p style=\"text-align: center;\">FEURICH Viena<\/p>\n<p>[\/vc_column_text][\/vc_column][\/vc_row][vc_row][vc_column width=\u00bb1\/3&#8243;][vc_empty_space height=\u00bb20px\u00bb][vc_single_image image=\u00bb17380&#8243; img_size=\u00bb357&#215;238&#8243; add_caption=\u00bbyes\u00bb][\/vc_column][vc_column width=\u00bb1\/3&#8243;][vc_empty_space height=\u00bb20px\u00bb][vc_single_image image=\u00bb13200&#8243; img_size=\u00bb357&#215;238&#8243; add_caption=\u00bbyes\u00bb][\/vc_column][vc_column width=\u00bb1\/3&#8243;][vc_empty_space height=\u00bb20px\u00bb][vc_single_image image=\u00bb17356&#8243; img_size=\u00bb357&#215;238&#8243; add_caption=\u00bbyes\u00bb][\/vc_column][\/vc_row][vc_row][vc_column width=\u00bb1\/3&#8243;][\/vc_column][vc_column width=\u00bb2\/3&#8243;][vc_empty_space height=\u00bb8px\u00bb][vc_column_text]En f\u00e1brica de Viena nuestra atenci\u00f3n se centra en la investigaci\u00f3n, el desarrollo y la producci\u00f3n de pianos innovadores, para la mejor experiencia pian\u00edstica posible. Queremos contribuir de esta forma a incentivar la gran tradici\u00f3n centenaria en la construcci\u00f3n de pianos de la ciudad de Viena.[\/vc_column_text][\/vc_column][\/vc_row][vc_row][vc_column width=\u00bb1\/3&#8243;][vc_empty_space height=\u00bb20px\u00bb][vc_single_image image=\u00bb17359&#8243; img_size=\u00bb357&#215;238&#8243; add_caption=\u00bbyes\u00bb][\/vc_column][vc_column width=\u00bb1\/3&#8243;][vc_empty_space height=\u00bb20px\u00bb][vc_single_image image=\u00bb17362&#8243; img_size=\u00bb357&#215;238&#8243; add_caption=\u00bbyes\u00bb][\/vc_column][vc_column width=\u00bb1\/3&#8243;][vc_empty_space height=\u00bb20px\u00bb][vc_single_image image=\u00bb17365&#8243; img_size=\u00bb357&#215;238&#8243; add_caption=\u00bbyes\u00bb][\/vc_column][\/vc_row][vc_row][vc_column width=\u00bb1\/3&#8243;][\/vc_column][vc_column width=\u00bb2\/3&#8243;][vc_empty_space height=\u00bb8px\u00bb][vc_column_text]<\/p>\n<h3>Aqu\u00ed nacen innovaciones<\/h3>\n<p>Aunque los pianos m\u00e1s vendidos del mundo son los pianos verticales, se ha invertido poco en su desarrollo posterior. La fabricaci\u00f3n cl\u00e1sica de pianos es una industria conservadora que ha producido poca innovaci\u00f3n en los \u00faltimos 100 a\u00f1os. El foco de los fabricantes est\u00e1 sobre todo en los prestigiosos piano de cola de concierto. Por lo tanto, la t\u00e9cnica esencial de los pianos actuales todav\u00eda se basa en tecnolog\u00edas del siglo XIX. FEURICH contrarresta esta circunstancia mediante el desarrollo espec\u00edfico de todos los detalles t\u00e9cnicos del piano, creando as\u00ed instrumentos ac\u00fasticos adecuados a las posibilidades del siglo XXI.[\/vc_column_text][\/vc_column][\/vc_row][vc_row][vc_column width=\u00bb1\/3&#8243;][vc_empty_space height=\u00bb20px\u00bb][vc_single_image image=\u00bb17909&#8243; img_size=\u00bb357&#215;238&#8243; add_caption=\u00bbyes\u00bb][\/vc_column][vc_column width=\u00bb1\/3&#8243;][vc_empty_space height=\u00bb20px\u00bb][vc_single_image image=\u00bb17371&#8243; img_size=\u00bb357&#215;238&#8243; add_caption=\u00bbyes\u00bb][\/vc_column][vc_column width=\u00bb1\/3&#8243;][vc_empty_space height=\u00bb20px\u00bb][vc_single_image image=\u00bb17374&#8243; img_size=\u00bb357&#215;238&#8243; add_caption=\u00bbyes\u00bb][\/vc_column][\/vc_row][vc_row][vc_column width=\u00bb1\/3&#8243;][\/vc_column][vc_column width=\u00bb2\/3&#8243;][vc_empty_space height=\u00bb8px\u00bb][vc_column_text]<\/p>\n<h3>Artesan\u00eda Tradicional en el Coraz\u00f3n de Europa<\/h3>\n<p>Los pianos tienen sus or\u00edgenes en Europa, as\u00ed que aqu\u00ed est\u00e1n los siglos de experiencia agrupados. Sin embargo, una producci\u00f3n en Viena solo podr\u00eda destacarse en el mercado mundial con innovaciones y ventajas para sus clientes que claramente marquen la diferencia con sus competidores. Esto lo logra nuestro modelo FEURICH<a href=\"https:\/\/www.feurich.com\/es\/productos\/vienna-pianos\/\"> 123 \u2013 Vienna<\/a> con conceptos t\u00e9cnicos completamente nuevos en diversas \u00e1reas del piano y hecho a la usanza tradicional vienesa.[\/vc_column_text][\/vc_column][\/vc_row][vc_row][vc_column width=\u00bb1\/3&#8243;][vc_empty_space height=\u00bb20px\u00bb][vc_single_image image=\u00bb9179&#8243; img_size=\u00bb357&#215;238&#8243; add_caption=\u00bbyes\u00bb][\/vc_column][vc_column width=\u00bb1\/3&#8243;][vc_empty_space height=\u00bb20px\u00bb][vc_single_image image=\u00bb9177&#8243; img_size=\u00bb357&#215;238&#8243; add_caption=\u00bbyes\u00bb][\/vc_column][vc_column width=\u00bb1\/3&#8243;][vc_empty_space height=\u00bb20px\u00bb][vc_single_image image=\u00bb9175&#8243; img_size=\u00bb357&#215;238&#8243; add_caption=\u00bbyes\u00bb][\/vc_column][\/vc_row][vc_row][vc_column width=\u00bb1\/3&#8243;][vc_empty_space height=\u00bb20px\u00bb][vc_column_text]<\/p>\n\n<div data-mode=\"normal\" data-provider=\"html5\" id=\"arve-html5-\" style=\"max-width:1280px;\" class=\"arve\">\n\t<div class=\"arve-inner\">\n\t\t<div class=\"arve-embed\">\n\t\t\t<video class=\"arve-video fitvidsignore\" controls controlslist=\"\" data-arve=\"arve-html5-\" onloadstart=\"this.volume=1\" preload=\"metadata\"><source type=\"video\/mp4\" src=\"https:\/\/feurich.com\/wp-content\/uploads\/Key-weight.mp4\"><\/video>\n\t\t\t\n\t\t<\/div>\n\t\t\n\t<\/div>\n\t\n\t\n\t<script type=\"application\/ld+json\">{\"@context\":\"http:\\\/\\\/schema.org\\\/\",\"@id\":\"https:\\\/\\\/feurich.com\\\/es\\\/produccion\\\/feurich-viena\\\/#arve-html5-\",\"type\":\"VideoObject\",\"contentURL\":\"https:\\\/\\\/feurich.com\\\/wp-content\\\/uploads\\\/Key-weight.mp4\"}<\/script>\n<\/div>\n<p>[\/vc_column_text][\/vc_column][vc_column width=\u00bb2\/3&#8243;][vc_empty_space height=\u00bb8px\u00bb][vc_empty_space height=\u00bb8px\u00bb][vc_column_text]En el esp\u00edritu de la fabricaci\u00f3n tradicional de pianos, solo usamos maderas y materias primas de alta calidad. Todas las partes del mueble est\u00e1n cortadas a medida con m\u00e1quinas CNC, para gran precisi\u00f3n y ajuste m\u00e1ximos.[\/vc_column_text][vc_empty_space height=\u00bb36px\u00bb][\/vc_column][\/vc_row]<\/p>\n<\/div>","protected":false},"excerpt":{"rendered":"<p>En la f\u00e1brica de Viena nuestra atenci\u00f3n se centra en la investigaci\u00f3n, el desarrollo y la producci\u00f3n de pianos innovadores, para la mejor experiencia pian\u00edstica posible.<\/p>\n","protected":false},"author":4,"featured_media":0,"parent":12241,"menu_order":0,"comment_status":"closed","ping_status":"closed","template":"template-fullwidth.php","meta":{"inline_featured_image":false,"footnotes":""},"class_list":["post-12613","page","type-page","status-publish","hentry"],"acf":[],"yoast_head":"<!-- This site is optimized with the Yoast SEO plugin v24.4 - https:\/\/yoast.com\/wordpress\/plugins\/seo\/ -->\n<title>FEURICH Viena - FEURICH<\/title>\n<meta name=\"description\" content=\"En la f\u00e1brica de Viena nuestra atenci\u00f3n se centra en la investigaci\u00f3n, el desarrollo y la producci\u00f3n de pianos innovadores, para la mejor experiencia pian\u00edstica posible.\" \/>\n<meta name=\"robots\" content=\"index, follow, max-snippet:-1, max-image-preview:large, max-video-preview:-1\" \/>\n<link rel=\"canonical\" href=\"https:\/\/feurich.com\/es\/produccion\/feurich-viena\/\" \/>\n<meta property=\"og:locale\" content=\"es_ES\" \/>\n<meta property=\"og:type\" content=\"article\" \/>\n<meta property=\"og:title\" content=\"FEURICH Viena - FEURICH\" \/>\n<meta property=\"og:description\" content=\"En la f\u00e1brica de Viena nuestra atenci\u00f3n se centra en la investigaci\u00f3n, el desarrollo y la producci\u00f3n de pianos innovadores, para la mejor experiencia pian\u00edstica posible.\" \/>\n<meta property=\"og:url\" content=\"https:\/\/feurich.com\/es\/produccion\/feurich-viena\/\" \/>\n<meta property=\"og:site_name\" content=\"FEURICH\" \/>\n<meta property=\"article:publisher\" content=\"https:\/\/www.facebook.com\/feurichvienna\/\" \/>\n<meta property=\"article:modified_time\" content=\"2025-04-15T22:16:56+00:00\" \/>\n<meta name=\"twitter:card\" content=\"summary_large_image\" \/>\n<meta name=\"twitter:label1\" content=\"Tiempo de lectura\" \/>\n\t<meta name=\"twitter:data1\" content=\"2 minutos\" \/>\n<script type=\"application\/ld+json\" class=\"yoast-schema-graph\">{\"@context\":\"https:\/\/schema.org\",\"@graph\":[{\"@type\":\"WebPage\",\"@id\":\"https:\/\/feurich.com\/es\/produccion\/feurich-viena\/\",\"url\":\"https:\/\/feurich.com\/es\/produccion\/feurich-viena\/\",\"name\":\"FEURICH Viena - FEURICH\",\"isPartOf\":{\"@id\":\"https:\/\/feurich.com\/en\/#website\"},\"datePublished\":\"2018-03-01T22:14:22+00:00\",\"dateModified\":\"2025-04-15T22:16:56+00:00\",\"description\":\"En la f\u00e1brica de Viena nuestra atenci\u00f3n se centra en la investigaci\u00f3n, el desarrollo y la producci\u00f3n de pianos innovadores, para la mejor experiencia pian\u00edstica posible.\",\"breadcrumb\":{\"@id\":\"https:\/\/feurich.com\/es\/produccion\/feurich-viena\/#breadcrumb\"},\"inLanguage\":\"es\",\"potentialAction\":[{\"@type\":\"ReadAction\",\"target\":[\"https:\/\/feurich.com\/es\/produccion\/feurich-viena\/\"]}]},{\"@type\":\"BreadcrumbList\",\"@id\":\"https:\/\/feurich.com\/es\/produccion\/feurich-viena\/#breadcrumb\",\"itemListElement\":[{\"@type\":\"ListItem\",\"position\":1,\"name\":\"Home\",\"item\":\"https:\/\/feurich.com\/es\/\"},{\"@type\":\"ListItem\",\"position\":2,\"name\":\"Producci\u00f3n\",\"item\":\"https:\/\/feurich.com\/es\/produccion\/\"},{\"@type\":\"ListItem\",\"position\":3,\"name\":\"FEURICH Viena\"}]},{\"@type\":\"WebSite\",\"@id\":\"https:\/\/feurich.com\/en\/#website\",\"url\":\"https:\/\/feurich.com\/en\/\",\"name\":\"FEURICH\",\"description\":\"A sound that connects\",\"publisher\":{\"@id\":\"https:\/\/feurich.com\/en\/#organization\"},\"potentialAction\":[{\"@type\":\"SearchAction\",\"target\":{\"@type\":\"EntryPoint\",\"urlTemplate\":\"https:\/\/feurich.com\/en\/?s={search_term_string}\"},\"query-input\":{\"@type\":\"PropertyValueSpecification\",\"valueRequired\":true,\"valueName\":\"search_term_string\"}}],\"inLanguage\":\"es\"},{\"@type\":\"Organization\",\"@id\":\"https:\/\/feurich.com\/en\/#organization\",\"name\":\"FEURICH\",\"url\":\"https:\/\/feurich.com\/en\/\",\"logo\":{\"@type\":\"ImageObject\",\"inLanguage\":\"es\",\"@id\":\"https:\/\/feurich.com\/en\/#\/schema\/logo\/image\/\",\"url\":\"https:\/\/feurich.com\/wp-content\/uploads\/logo.png\",\"contentUrl\":\"https:\/\/feurich.com\/wp-content\/uploads\/logo.png\",\"width\":354,\"height\":151,\"caption\":\"FEURICH\"},\"image\":{\"@id\":\"https:\/\/feurich.com\/en\/#\/schema\/logo\/image\/\"},\"sameAs\":[\"https:\/\/www.facebook.com\/feurichvienna\/\"]}]}<\/script>\n<!-- \/ Yoast SEO plugin. -->","yoast_head_json":{"title":"FEURICH Viena - FEURICH","description":"En la f\u00e1brica de Viena nuestra atenci\u00f3n se centra en la investigaci\u00f3n, el desarrollo y la producci\u00f3n de pianos innovadores, para la mejor experiencia pian\u00edstica posible.","robots":{"index":"index","follow":"follow","max-snippet":"max-snippet:-1","max-image-preview":"max-image-preview:large","max-video-preview":"max-video-preview:-1"},"canonical":"https:\/\/feurich.com\/es\/produccion\/feurich-viena\/","og_locale":"es_ES","og_type":"article","og_title":"FEURICH Viena - FEURICH","og_description":"En la f\u00e1brica de Viena nuestra atenci\u00f3n se centra en la investigaci\u00f3n, el desarrollo y la producci\u00f3n de pianos innovadores, para la mejor experiencia pian\u00edstica posible.","og_url":"https:\/\/feurich.com\/es\/produccion\/feurich-viena\/","og_site_name":"FEURICH","article_publisher":"https:\/\/www.facebook.com\/feurichvienna\/","article_modified_time":"2025-04-15T22:16:56+00:00","twitter_card":"summary_large_image","twitter_misc":{"Tiempo de lectura":"2 minutos"},"schema":{"@context":"https:\/\/schema.org","@graph":[{"@type":"WebPage","@id":"https:\/\/feurich.com\/es\/produccion\/feurich-viena\/","url":"https:\/\/feurich.com\/es\/produccion\/feurich-viena\/","name":"FEURICH Viena - FEURICH","isPartOf":{"@id":"https:\/\/feurich.com\/en\/#website"},"datePublished":"2018-03-01T22:14:22+00:00","dateModified":"2025-04-15T22:16:56+00:00","description":"En la f\u00e1brica de Viena nuestra atenci\u00f3n se centra en la investigaci\u00f3n, el desarrollo y la producci\u00f3n de pianos innovadores, para la mejor experiencia pian\u00edstica posible.","breadcrumb":{"@id":"https:\/\/feurich.com\/es\/produccion\/feurich-viena\/#breadcrumb"},"inLanguage":"es","potentialAction":[{"@type":"ReadAction","target":["https:\/\/feurich.com\/es\/produccion\/feurich-viena\/"]}]},{"@type":"BreadcrumbList","@id":"https:\/\/feurich.com\/es\/produccion\/feurich-viena\/#breadcrumb","itemListElement":[{"@type":"ListItem","position":1,"name":"Home","item":"https:\/\/feurich.com\/es\/"},{"@type":"ListItem","position":2,"name":"Producci\u00f3n","item":"https:\/\/feurich.com\/es\/produccion\/"},{"@type":"ListItem","position":3,"name":"FEURICH Viena"}]},{"@type":"WebSite","@id":"https:\/\/feurich.com\/en\/#website","url":"https:\/\/feurich.com\/en\/","name":"FEURICH","description":"A sound that connects","publisher":{"@id":"https:\/\/feurich.com\/en\/#organization"},"potentialAction":[{"@type":"SearchAction","target":{"@type":"EntryPoint","urlTemplate":"https:\/\/feurich.com\/en\/?s={search_term_string}"},"query-input":{"@type":"PropertyValueSpecification","valueRequired":true,"valueName":"search_term_string"}}],"inLanguage":"es"},{"@type":"Organization","@id":"https:\/\/feurich.com\/en\/#organization","name":"FEURICH","url":"https:\/\/feurich.com\/en\/","logo":{"@type":"ImageObject","inLanguage":"es","@id":"https:\/\/feurich.com\/en\/#\/schema\/logo\/image\/","url":"https:\/\/feurich.com\/wp-content\/uploads\/logo.png","contentUrl":"https:\/\/feurich.com\/wp-content\/uploads\/logo.png","width":354,"height":151,"caption":"FEURICH"},"image":{"@id":"https:\/\/feurich.com\/en\/#\/schema\/logo\/image\/"},"sameAs":["https:\/\/www.facebook.com\/feurichvienna\/"]}]}},"_links":{"self":[{"href":"https:\/\/feurich.com\/es\/wp-json\/wp\/v2\/pages\/12613","targetHints":{"allow":["GET"]}}],"collection":[{"href":"https:\/\/feurich.com\/es\/wp-json\/wp\/v2\/pages"}],"about":[{"href":"https:\/\/feurich.com\/es\/wp-json\/wp\/v2\/types\/page"}],"author":[{"embeddable":true,"href":"https:\/\/feurich.com\/es\/wp-json\/wp\/v2\/users\/4"}],"replies":[{"embeddable":true,"href":"https:\/\/feurich.com\/es\/wp-json\/wp\/v2\/comments?post=12613"}],"version-history":[{"count":22,"href":"https:\/\/feurich.com\/es\/wp-json\/wp\/v2\/pages\/12613\/revisions"}],"predecessor-version":[{"id":84043,"href":"https:\/\/feurich.com\/es\/wp-json\/wp\/v2\/pages\/12613\/revisions\/84043"}],"up":[{"embeddable":true,"href":"https:\/\/feurich.com\/es\/wp-json\/wp\/v2\/pages\/12241"}],"wp:attachment":[{"href":"https:\/\/feurich.com\/es\/wp-json\/wp\/v2\/media?parent=12613"}],"curies":[{"name":"wp","href":"https:\/\/api.w.org\/{rel}","templated":true}]}}