{"id":12537,"date":"2018-03-01T18:32:27","date_gmt":"2018-03-01T18:32:27","guid":{"rendered":"https:\/\/www.feurich.com\/produccion\/feurich-ningbo\/"},"modified":"2025-04-27T17:42:30","modified_gmt":"2025-04-27T17:42:30","slug":"feurich-ningbo","status":"publish","type":"page","link":"https:\/\/feurich.com\/es\/produccion\/feurich-ningbo\/","title":{"rendered":"FEURICH Ningbo"},"content":{"rendered":"<div class=\"wpb-content-wrapper\"><p>[vc_row][vc_column][vc_empty_space][\/vc_column][\/vc_row][vc_row][vc_column width=\u00bb1\/3&#8243;][vc_empty_space height=\u00bb20px\u00bb][vc_single_image image=\u00bb17125&#8243; img_size=\u00bblarge\u00bb add_caption=\u00bbyes\u00bb][vc_column_text][\/vc_column_text][vc_empty_space height=\u00bb24px\u00bb][\/vc_column][vc_column width=\u00bb2\/3&#8243;][vc_empty_space height=\u00bb24px\u00bb][vc_column_text el_class=\u00bbbig-title\u00bb]<\/p>\n<p style=\"text-align: center\">FEURICH Ningbo<\/p>\n<p>[\/vc_column_text][vc_empty_space height=\u00bb24px\u00bb][vc_column_text]<span style=\"font-size: 14pt\">FEURICH comenz\u00f3 a producir pianos en Ningbo, China, en el 2003. Las m\u00e1quinas CNC de alta precisi\u00f3n permitieron producir todas las partes necesarias para la construcci\u00f3n de pianos. La l\u00ednea de producci\u00f3n FEURICH en Ningbo se caracteriza por procedimientos de ensamblaje utilizando m\u00e1quinas CNC, el uso de materias primas escogidas cuidadosamente y un detallado control de calidad.<\/span>[\/vc_column_text][\/vc_column][\/vc_row][vc_row][vc_column width=\u00bb1\/3&#8243;][vc_single_image image=\u00bb17341&#8243; img_size=\u00bblarge\u00bb add_caption=\u00bbyes\u00bb][\/vc_column][vc_column width=\u00bb2\/3&#8243;][vc_empty_space height=\u00bb18px\u00bb][vc_column_text]<\/p>\n<h3>La calidad comienza con los materiales<\/h3>\n<p>Pino abeto de alta calidad y de lento crecimiento de Austria, Mongolia y Rusia se utilizan en la tapa arm\u00f3nica y el costillar. El puente, el clavijero multilaminado y el asiento de la tapa arm\u00f3nica est\u00e1n hechos de maderas duras de alta calidad de Europa y Canad\u00e1. Todos estos componentes pasan un tiempo considerable en cuartos dise\u00f1ados especialmente para el secado, a fin de garantizar su forma y evitar contracciones a largo plazo.<\/p>\n<p>Las m\u00e1quinas CNC aseguran el encaje perfecto de todos los componentes cuyo encolado posterior garantiza una construcci\u00f3n robusta teniendo como resultado un instrumento con una afinaci\u00f3n estable y un sonido confiable por muchos a\u00f1os. <\/p>\n<p>La placa de hiero es fresada meticulosamente por m\u00e1quinas CNC con un alto grado de precisi\u00f3n.[\/vc_column_text][vc_empty_space height=\u00bb24px\u00bb][\/vc_column][\/vc_row][vc_row][vc_column width=\u00bb1\/3&#8243;][vc_single_image image=\u00bb17146&#8243; img_size=\u00bblarge\u00bb add_caption=\u00bbyes\u00bb][\/vc_column][vc_column width=\u00bb1\/3&#8243;][vc_single_image image=\u00bb84065&#8243; img_size=\u00bblarge\u00bb add_caption=\u00bbyes\u00bb css=\u00bb\u00bb][\/vc_column][vc_column width=\u00bb1\/3&#8243;][vc_single_image image=\u00bb84088&#8243; img_size=\u00bblarge\u00bb add_caption=\u00bbyes\u00bb css=\u00bb\u00bb][\/vc_column][\/vc_row][vc_row][vc_column width=\u00bb1\/3&#8243;][vc_single_image image=\u00bb84100&#8243; img_size=\u00bblarge\u00bb add_caption=\u00bbyes\u00bb css=\u00bb\u00bb][\/vc_column][vc_column width=\u00bb1\/3&#8243;][vc_single_image image=\u00bb84111&#8243; img_size=\u00bblarge\u00bb add_caption=\u00bbyes\u00bb css=\u00bb\u00bb][\/vc_column][vc_column width=\u00bb1\/3&#8243;][vc_single_image image=\u00bb84122&#8243; img_size=\u00bblarge\u00bb add_caption=\u00bbyes\u00bb css=\u00bb\u00bb][\/vc_column][\/vc_row][vc_row][vc_column width=\u00bb1\/3&#8243;][\/vc_column][vc_column width=\u00bb2\/3&#8243;][vc_empty_space height=\u00bb18px\u00bb][vc_column_text]<\/p>\n<h3>Precisi\u00f3n es la clave<\/h3>\n<p>Una vez barraje, clavijero y asiento de la tapa arm\u00f3nica han sido encolados, las m\u00e1quinas CNC se encargan de difinir la curvatura deseada y el posicionamiento de las costillas. Este proceso garantiza consistencia en la producci\u00f3n en serie y el sonido deseado de nuestros instrumentos. En la colocaci\u00f3n del costillar se usa una prensa t\u00e9rmica computarizada que asegura una curvatura y forma consistentes de la tapa arm\u00f3nica. <\/p>\n<p>Las m\u00e1quinas CNC especialmente dise\u00f1adas perforan los agujeros en el puente e insertan las clavijas en un proceso totalmente automatizado. La alta presi\u00f3n uniforme y constante durante todo el proceso de inserci\u00f3n del clavijero son la garant\u00eda de afinaciones estables y duraderas.[\/vc_column_text][vc_empty_space height=\u00bb24px\u00bb][\/vc_column][\/vc_row][vc_row][vc_column width=\u00bb1\/3&#8243;][vc_single_image image=\u00bb84134&#8243; img_size=\u00bblarge\u00bb add_caption=\u00bbyes\u00bb css=\u00bb\u00bb][\/vc_column][vc_column width=\u00bb1\/3&#8243;][vc_single_image image=\u00bb84145&#8243; img_size=\u00bblarge\u00bb add_caption=\u00bbyes\u00bb css=\u00bb\u00bb][\/vc_column][vc_column width=\u00bb1\/3&#8243;][vc_single_image image=\u00bb84156&#8243; img_size=\u00bblarge\u00bb add_caption=\u00bbyes\u00bb css=\u00bb\u00bb][\/vc_column][\/vc_row][vc_row][vc_column width=\u00bb1\/3&#8243;][vc_single_image image=\u00bb84167&#8243; img_size=\u00bblarge\u00bb add_caption=\u00bbyes\u00bb css=\u00bb\u00bb][\/vc_column][vc_column width=\u00bb1\/3&#8243;][vc_single_image image=\u00bb84178&#8243; img_size=\u00bblarge\u00bb add_caption=\u00bbyes\u00bb css=\u00bb\u00bb][\/vc_column][vc_column width=\u00bb1\/3&#8243;][vc_single_image image=\u00bb84189&#8243; img_size=\u00bblarge\u00bb add_caption=\u00bbyes\u00bb css=\u00bb\u00bb][\/vc_column][\/vc_row][vc_row][vc_column width=\u00bb1\/3&#8243;][\/vc_column][vc_column width=\u00bb2\/3&#8243;][vc_empty_space height=\u00bb18px\u00bb][vc_column_text]<\/p>\n<h3>El origen del sonido perfecto<\/h3>\n<p>Solo se utilizan cuerdas de alta calidad fabricadas por las marcas Paulello y R\u00f6slau, prestando especial atenci\u00f3n al encordar los instrumentos de manera uniforme.<\/p>\n<p>Para los bajos se usa el mejor cobre. Maquinas construidas especialmente entorchan las cuerdas con un alto grado de precisi\u00f3n. <\/p>\n<p>Echando un vistazo dentro de los instrumentos, es f\u00e1cil ver los numerosos componentes que se han desarrollado especialmente y que son exclusivos de FEURICH: los robustos fieltros amarillos FEURICH, las cabezas de los martillos cuidadosamente seleccionadas, las maderas, las partes met\u00e1licas, etc. <\/p>\n<p>Adicionalmente, cada instrumento se ubica en un cuarto con ambiente temperado y se somete a tres controles de repaso y chequeo minuncioso, durante le proceso de producci\u00f3n.[\/vc_column_text][vc_empty_space height=\u00bb24px\u00bb][\/vc_column][\/vc_row][vc_row][vc_column width=\u00bb1\/3&#8243;][vc_single_image image=\u00bb84201&#8243; img_size=\u00bblarge\u00bb add_caption=\u00bbyes\u00bb css=\u00bb\u00bb][\/vc_column][vc_column width=\u00bb1\/3&#8243;][vc_single_image image=\u00bb84212&#8243; img_size=\u00bblarge\u00bb add_caption=\u00bbyes\u00bb css=\u00bb\u00bb][\/vc_column][vc_column width=\u00bb1\/3&#8243;][vc_single_image image=\u00bb84223&#8243; img_size=\u00bblarge\u00bb add_caption=\u00bbyes\u00bb css=\u00bb\u00bb][\/vc_column][\/vc_row][vc_row][vc_column width=\u00bb1\/3&#8243;][\/vc_column][vc_column width=\u00bb2\/3&#8243;][vc_empty_space height=\u00bb18px\u00bb][vc_column_text]<\/p>\n<h3>Afinaci\u00f3n y regulaci\u00f3n<\/h3>\n<p>Clavijas perfectamente distribuidas como resultado de una planificaci\u00f3n exacta y un dise\u00f1o cuidadoso, posibilitan una afinaci\u00f3n f\u00e1cil y de larga duraci\u00f3n. La primera de ellas lleva las cuerdas r\u00e1pidamente al tono deseado, colocando el intrumento bajo tensi\u00f3n.<\/p>\n<p>Seguidamente se da el toque final al mueble. Mac\u00e1nica y teclado se ponen a prueba en la m\u00e1quina de \u00abtoque autom\u00e1tico\u00bb y como acci\u00f3n final, el piano es regulado a afinado una vez m\u00e1s antes de ser empacado al vac\u00edo, en papel con superficie de aluminio, evitando el ingreso de la humedad al interior del instrumento. <\/p>\n<p>La preparaci\u00f3n final, afinaci\u00f3n, regulaci\u00f3n y entonaci\u00f3n de cada piano, se lleva a cabo en nuestros numerosos centros log\u00edsticos o por uno de nuestros representantes FEURICH, \u00e1ltamente calificados.[\/vc_column_text][vc_empty_space height=\u00bb24px\u00bb][\/vc_column][\/vc_row][vc_row][vc_column width=\u00bb1\/3&#8243;][vc_single_image image=\u00bb84234&#8243; img_size=\u00bblarge\u00bb add_caption=\u00bbyes\u00bb css=\u00bb\u00bb][\/vc_column][vc_column width=\u00bb1\/3&#8243;][vc_single_image image=\u00bb84245&#8243; img_size=\u00bblarge\u00bb add_caption=\u00bbyes\u00bb css=\u00bb\u00bb][\/vc_column][vc_column width=\u00bb1\/3&#8243;][vc_single_image image=\u00bb84256&#8243; img_size=\u00bblarge\u00bb add_caption=\u00bbyes\u00bb css=\u00bb\u00bb][\/vc_column][\/vc_row]<\/p>\n<\/div>","protected":false},"excerpt":{"rendered":"<p>Valiosas materias primas, corte y ensamblaje perfectos gracias a las mejores m\u00e1quinas CNC y un estricto control de calidad: la producci\u00f3n de FEURICH en Ningbo.<\/p>\n","protected":false},"author":4,"featured_media":0,"parent":12241,"menu_order":0,"comment_status":"closed","ping_status":"closed","template":"template-fullwidth.php","meta":{"inline_featured_image":false,"footnotes":""},"class_list":["post-12537","page","type-page","status-publish","hentry"],"acf":[],"yoast_head":"<!-- This site is optimized with the Yoast SEO plugin v24.4 - https:\/\/yoast.com\/wordpress\/plugins\/seo\/ -->\n<title>FEURICH Ningbo - FEURICH<\/title>\n<meta name=\"robots\" content=\"index, follow, max-snippet:-1, max-image-preview:large, max-video-preview:-1\" \/>\n<link rel=\"canonical\" href=\"https:\/\/feurich.com\/es\/produccion\/feurich-ningbo\/\" \/>\n<meta property=\"og:locale\" content=\"es_ES\" \/>\n<meta property=\"og:type\" content=\"article\" \/>\n<meta property=\"og:title\" content=\"FEURICH Ningbo - FEURICH\" \/>\n<meta property=\"og:description\" content=\"Valiosas materias primas, corte y ensamblaje perfectos gracias a las mejores m\u00e1quinas CNC y un estricto control de calidad: la producci\u00f3n de FEURICH en Ningbo.\" \/>\n<meta property=\"og:url\" content=\"https:\/\/feurich.com\/es\/produccion\/feurich-ningbo\/\" \/>\n<meta property=\"og:site_name\" content=\"FEURICH\" \/>\n<meta property=\"article:publisher\" content=\"https:\/\/www.facebook.com\/feurichvienna\/\" \/>\n<meta property=\"article:modified_time\" content=\"2025-04-27T17:42:30+00:00\" \/>\n<meta name=\"twitter:card\" content=\"summary_large_image\" \/>\n<meta name=\"twitter:label1\" content=\"Tiempo de lectura\" \/>\n\t<meta name=\"twitter:data1\" content=\"6 minutos\" \/>\n<script type=\"application\/ld+json\" class=\"yoast-schema-graph\">{\"@context\":\"https:\/\/schema.org\",\"@graph\":[{\"@type\":\"WebPage\",\"@id\":\"https:\/\/feurich.com\/es\/produccion\/feurich-ningbo\/\",\"url\":\"https:\/\/feurich.com\/es\/produccion\/feurich-ningbo\/\",\"name\":\"FEURICH Ningbo - FEURICH\",\"isPartOf\":{\"@id\":\"https:\/\/feurich.com\/en\/#website\"},\"datePublished\":\"2018-03-01T18:32:27+00:00\",\"dateModified\":\"2025-04-27T17:42:30+00:00\",\"breadcrumb\":{\"@id\":\"https:\/\/feurich.com\/es\/produccion\/feurich-ningbo\/#breadcrumb\"},\"inLanguage\":\"es\",\"potentialAction\":[{\"@type\":\"ReadAction\",\"target\":[\"https:\/\/feurich.com\/es\/produccion\/feurich-ningbo\/\"]}]},{\"@type\":\"BreadcrumbList\",\"@id\":\"https:\/\/feurich.com\/es\/produccion\/feurich-ningbo\/#breadcrumb\",\"itemListElement\":[{\"@type\":\"ListItem\",\"position\":1,\"name\":\"Home\",\"item\":\"https:\/\/feurich.com\/es\/\"},{\"@type\":\"ListItem\",\"position\":2,\"name\":\"Producci\u00f3n\",\"item\":\"https:\/\/feurich.com\/es\/produccion\/\"},{\"@type\":\"ListItem\",\"position\":3,\"name\":\"FEURICH Ningbo\"}]},{\"@type\":\"WebSite\",\"@id\":\"https:\/\/feurich.com\/en\/#website\",\"url\":\"https:\/\/feurich.com\/en\/\",\"name\":\"FEURICH\",\"description\":\"A sound that connects\",\"publisher\":{\"@id\":\"https:\/\/feurich.com\/en\/#organization\"},\"potentialAction\":[{\"@type\":\"SearchAction\",\"target\":{\"@type\":\"EntryPoint\",\"urlTemplate\":\"https:\/\/feurich.com\/en\/?s={search_term_string}\"},\"query-input\":{\"@type\":\"PropertyValueSpecification\",\"valueRequired\":true,\"valueName\":\"search_term_string\"}}],\"inLanguage\":\"es\"},{\"@type\":\"Organization\",\"@id\":\"https:\/\/feurich.com\/en\/#organization\",\"name\":\"FEURICH\",\"url\":\"https:\/\/feurich.com\/en\/\",\"logo\":{\"@type\":\"ImageObject\",\"inLanguage\":\"es\",\"@id\":\"https:\/\/feurich.com\/en\/#\/schema\/logo\/image\/\",\"url\":\"https:\/\/feurich.com\/wp-content\/uploads\/logo.png\",\"contentUrl\":\"https:\/\/feurich.com\/wp-content\/uploads\/logo.png\",\"width\":354,\"height\":151,\"caption\":\"FEURICH\"},\"image\":{\"@id\":\"https:\/\/feurich.com\/en\/#\/schema\/logo\/image\/\"},\"sameAs\":[\"https:\/\/www.facebook.com\/feurichvienna\/\"]}]}<\/script>\n<!-- \/ Yoast SEO plugin. -->","yoast_head_json":{"title":"FEURICH Ningbo - FEURICH","robots":{"index":"index","follow":"follow","max-snippet":"max-snippet:-1","max-image-preview":"max-image-preview:large","max-video-preview":"max-video-preview:-1"},"canonical":"https:\/\/feurich.com\/es\/produccion\/feurich-ningbo\/","og_locale":"es_ES","og_type":"article","og_title":"FEURICH Ningbo - FEURICH","og_description":"Valiosas materias primas, corte y ensamblaje perfectos gracias a las mejores m\u00e1quinas CNC y un estricto control de calidad: la producci\u00f3n de FEURICH en Ningbo.","og_url":"https:\/\/feurich.com\/es\/produccion\/feurich-ningbo\/","og_site_name":"FEURICH","article_publisher":"https:\/\/www.facebook.com\/feurichvienna\/","article_modified_time":"2025-04-27T17:42:30+00:00","twitter_card":"summary_large_image","twitter_misc":{"Tiempo de lectura":"6 minutos"},"schema":{"@context":"https:\/\/schema.org","@graph":[{"@type":"WebPage","@id":"https:\/\/feurich.com\/es\/produccion\/feurich-ningbo\/","url":"https:\/\/feurich.com\/es\/produccion\/feurich-ningbo\/","name":"FEURICH Ningbo - FEURICH","isPartOf":{"@id":"https:\/\/feurich.com\/en\/#website"},"datePublished":"2018-03-01T18:32:27+00:00","dateModified":"2025-04-27T17:42:30+00:00","breadcrumb":{"@id":"https:\/\/feurich.com\/es\/produccion\/feurich-ningbo\/#breadcrumb"},"inLanguage":"es","potentialAction":[{"@type":"ReadAction","target":["https:\/\/feurich.com\/es\/produccion\/feurich-ningbo\/"]}]},{"@type":"BreadcrumbList","@id":"https:\/\/feurich.com\/es\/produccion\/feurich-ningbo\/#breadcrumb","itemListElement":[{"@type":"ListItem","position":1,"name":"Home","item":"https:\/\/feurich.com\/es\/"},{"@type":"ListItem","position":2,"name":"Producci\u00f3n","item":"https:\/\/feurich.com\/es\/produccion\/"},{"@type":"ListItem","position":3,"name":"FEURICH Ningbo"}]},{"@type":"WebSite","@id":"https:\/\/feurich.com\/en\/#website","url":"https:\/\/feurich.com\/en\/","name":"FEURICH","description":"A sound that connects","publisher":{"@id":"https:\/\/feurich.com\/en\/#organization"},"potentialAction":[{"@type":"SearchAction","target":{"@type":"EntryPoint","urlTemplate":"https:\/\/feurich.com\/en\/?s={search_term_string}"},"query-input":{"@type":"PropertyValueSpecification","valueRequired":true,"valueName":"search_term_string"}}],"inLanguage":"es"},{"@type":"Organization","@id":"https:\/\/feurich.com\/en\/#organization","name":"FEURICH","url":"https:\/\/feurich.com\/en\/","logo":{"@type":"ImageObject","inLanguage":"es","@id":"https:\/\/feurich.com\/en\/#\/schema\/logo\/image\/","url":"https:\/\/feurich.com\/wp-content\/uploads\/logo.png","contentUrl":"https:\/\/feurich.com\/wp-content\/uploads\/logo.png","width":354,"height":151,"caption":"FEURICH"},"image":{"@id":"https:\/\/feurich.com\/en\/#\/schema\/logo\/image\/"},"sameAs":["https:\/\/www.facebook.com\/feurichvienna\/"]}]}},"_links":{"self":[{"href":"https:\/\/feurich.com\/es\/wp-json\/wp\/v2\/pages\/12537","targetHints":{"allow":["GET"]}}],"collection":[{"href":"https:\/\/feurich.com\/es\/wp-json\/wp\/v2\/pages"}],"about":[{"href":"https:\/\/feurich.com\/es\/wp-json\/wp\/v2\/types\/page"}],"author":[{"embeddable":true,"href":"https:\/\/feurich.com\/es\/wp-json\/wp\/v2\/users\/4"}],"replies":[{"embeddable":true,"href":"https:\/\/feurich.com\/es\/wp-json\/wp\/v2\/comments?post=12537"}],"version-history":[{"count":53,"href":"https:\/\/feurich.com\/es\/wp-json\/wp\/v2\/pages\/12537\/revisions"}],"predecessor-version":[{"id":84424,"href":"https:\/\/feurich.com\/es\/wp-json\/wp\/v2\/pages\/12537\/revisions\/84424"}],"up":[{"embeddable":true,"href":"https:\/\/feurich.com\/es\/wp-json\/wp\/v2\/pages\/12241"}],"wp:attachment":[{"href":"https:\/\/feurich.com\/es\/wp-json\/wp\/v2\/media?parent=12537"}],"curies":[{"name":"wp","href":"https:\/\/api.w.org\/{rel}","templated":true}]}}