{"id":12526,"date":"2018-03-01T18:17:54","date_gmt":"2018-03-01T18:17:54","guid":{"rendered":"https:\/\/www.feurich.com\/innovaciones\/high-speed-kamm-action\/"},"modified":"2025-02-25T08:06:54","modified_gmt":"2025-02-25T08:06:54","slug":"high-speed-kamm-action","status":"publish","type":"page","link":"https:\/\/feurich.com\/es\/innovaciones\/high-speed-kamm-action\/","title":{"rendered":"Acci\u00f3n KAMM de alta velocidad"},"content":{"rendered":"<div class=\"wpb-content-wrapper\"><p>[vc_row 0=\u00bb\u00bb][vc_column 0=\u00bb\u00bb][vc_empty_space 0=\u00bb\u00bb][vc_column_text el_class=\u00bbbig-title\u00bb]<\/p>\n<p style=\"text-align: center;\">Acci\u00f3n KAMM de alta velocidad<\/p>\n<p>[\/vc_column_text][vc_empty_space 0=\u00bb\u00bb height=\u00bb20px\u00bb][vc_column_text]<\/p>\n<p style=\"text-align: center;\">Bienvenido al futuro de la interpretaci\u00f3n al piano: \u00a1con el KAMM Action de alta velocidad de FEURICH!<br \/>\nTu piano FEURICH est\u00e1 equipado con nuestra innovadora acci\u00f3n KAMM de alta velocidad, para una ejecuci\u00f3n a\u00fan m\u00e1s precisa y una repetici\u00f3n inigualable.<\/p>\n<p style=\"text-align: left;\"><strong>Para pianistas<\/strong><strong>:<\/strong> Disfruta de la excepcional sensaci\u00f3n al tocar y de la perfecci\u00f3n t\u00e9cnica de esta nueva acci\u00f3n.<\/p>\n<p style=\"text-align: left;\"><strong>Para afinadores y fabricantes de pianos:<\/strong> Aqu\u00ed encontrar\u00e1s las <a href=\"https:\/\/feurich.com\/wp-content\/uploads\/High-Speed-KAMM-Action-Installation-Manual.pdf\"><strong>instrucciones detalladas de regulaci\u00f3n en PDF<\/strong><\/a> para optimizar la acci\u00f3n y obtener lo mejor de cada instrumento.<\/p>\n<p style=\"text-align: center;\">Gracias por elegir FEURICH: \u00a1la innovaci\u00f3n se une a la tradici\u00f3n!<\/p>\n<p>[\/vc_column_text][vc_empty_space 0=\u00bb\u00bb height=\u00bb20px\u00bb][\/vc_column][\/vc_row][vc_row][vc_column width=\u00bb1\/2&#8243;][vc_column_text]<div class=\"wpb_video_widget wpb_content_element  vc_clearfix vc_video-aspect-ratio-43 vc_video-el-width-100 vc_video-align-left\"><div class=\"wpb_wrapper\"><div class=\"wpb_video_wrapper\"><div class=\"fluid-width-video-wrapper\"><iframe src=\"https:\/\/www.youtube.com\/embed\/roAPxagOb-4?feature=oembed\" frameborder=\"0\" gesture=\"media\" allow=\"encrypted-media\" allowfullscreen=\"\" class=\"vid-youtube\"><\/iframe><\/div><\/div><\/div><\/div>[\/vc_column_text][\/vc_column][vc_column width=\u00bb1\/2&#8243;][vc_column_text 0=\u00bb\u00bb]Los pianistas profesionales siempre han preferido los pianos de cola a los verticales. Las repeticiones sensibles son demasiado dif\u00edciles de reproducir en un piano vertical, al menos hasta ahora. En colaboraci\u00f3n con FEURICH, el fabricante de pianos alem\u00e1n Udo Kamm ha desarrollado una pieza integrada en el mecanismo del piano que mejora notablemente las caracter\u00edsticas de ejecuci\u00f3n del piano.<\/p>\n<p>Estudios cient\u00edficos realizados en el Instituto de Ac\u00fastica Musical de la Universidad de M\u00fasica y Artes Esc\u00e9nicas de Viena confirmaron la eficacia de la Acci\u00f3n KAMM de Alta Velocidad: la patente conduce a unas caracter\u00edsticas de repetici\u00f3n mensurablemente mejores, incluso si la tecla no se suelta del todo. El resultado: las repeticiones r\u00e1pidas son m\u00e1s f\u00e1ciles de tocar en todos los niveles din\u00e1micos.[\/vc_column_text][vc_column_text 0=\u00bb\u00bb]<strong>Lo mejor de todo<\/strong>: puedes hacer que tu t\u00e9cnico de pianos instale la \u00a9 FEURICH &#8211; Acci\u00f3n KAMM de alta velocidad en<strong> cualquier piano de cualquier fabricante<\/strong>, \u00a1por s\u00f3lo 599 euros! Para m\u00e1s informaci\u00f3n y para hacer un pedido, utiliza nuestro formulario de contacto:[\/vc_column_text][vc_btn title=\u00bbEncargar acci\u00f3n KAMM de alta velocidad\u00bb style=\u00bbclassic\u00bb link=\u00bburl:https%3A%2F%2Fwww.feurich.com%2Fde%2Finformation-kontakt%2Fkontakt%2F|\u00bb][\/vc_column][\/vc_row][vc_row 0=\u00bb\u00bb][vc_column 0=\u00bb\u00bb][vc_empty_space 0=\u00bb\u00bb][vc_media_grid grid_id=\u00bbvc_gid:1740470743236-19006174-afdd-5&#8243; include=\u00bb50270,83084,50280&#8243;][vc_empty_space 0=\u00bb\u00bb][\/vc_column][\/vc_row]<\/p>\n<\/div>","protected":false},"excerpt":{"rendered":"<p>Los pianos de cola son maravillosos, pero si no tienes uno en casa, ahora hay una forma de mejorar significativamente tu piano: la Acci\u00f3n KAMM de Alta Velocidad.<\/p>\n","protected":false},"author":4,"featured_media":0,"parent":12318,"menu_order":0,"comment_status":"closed","ping_status":"closed","template":"template-fullwidth.php","meta":{"inline_featured_image":false,"footnotes":""},"class_list":["post-12526","page","type-page","status-publish","hentry"],"acf":[],"yoast_head":"<!-- This site is optimized with the Yoast SEO plugin v24.4 - https:\/\/yoast.com\/wordpress\/plugins\/seo\/ -->\n<title>Acci\u00f3n KAMM de alta velocidad - FEURICH<\/title>\n<meta name=\"description\" content=\"Los pianos de cola son maravillosos, pero si no tienes uno en casa, ahora hay una forma de mejorar significativamente tu ...\" \/>\n<meta name=\"robots\" content=\"index, follow, max-snippet:-1, max-image-preview:large, max-video-preview:-1\" \/>\n<link rel=\"canonical\" href=\"https:\/\/feurich.com\/es\/innovaciones\/high-speed-kamm-action\/\" \/>\n<meta property=\"og:locale\" content=\"es_ES\" \/>\n<meta property=\"og:type\" content=\"article\" \/>\n<meta property=\"og:title\" content=\"Acci\u00f3n KAMM de alta velocidad - FEURICH\" \/>\n<meta property=\"og:description\" content=\"Los pianos de cola son maravillosos, pero si no tienes uno en casa, ahora hay una forma de mejorar significativamente tu ...\" \/>\n<meta property=\"og:url\" content=\"https:\/\/feurich.com\/es\/innovaciones\/high-speed-kamm-action\/\" \/>\n<meta property=\"og:site_name\" content=\"FEURICH\" \/>\n<meta property=\"article:publisher\" content=\"https:\/\/www.facebook.com\/feurichvienna\/\" \/>\n<meta property=\"article:modified_time\" content=\"2025-02-25T08:06:54+00:00\" \/>\n<meta name=\"twitter:card\" content=\"summary_large_image\" \/>\n<meta name=\"twitter:label1\" content=\"Tiempo de lectura\" \/>\n\t<meta name=\"twitter:data1\" content=\"2 minutos\" \/>\n<script type=\"application\/ld+json\" class=\"yoast-schema-graph\">{\"@context\":\"https:\/\/schema.org\",\"@graph\":[{\"@type\":\"WebPage\",\"@id\":\"https:\/\/feurich.com\/es\/innovaciones\/high-speed-kamm-action\/\",\"url\":\"https:\/\/feurich.com\/es\/innovaciones\/high-speed-kamm-action\/\",\"name\":\"Acci\u00f3n KAMM de alta velocidad - FEURICH\",\"isPartOf\":{\"@id\":\"https:\/\/feurich.com\/en\/#website\"},\"datePublished\":\"2018-03-01T18:17:54+00:00\",\"dateModified\":\"2025-02-25T08:06:54+00:00\",\"description\":\"Los pianos de cola son maravillosos, pero si no tienes uno en casa, ahora hay una forma de mejorar significativamente tu ...\",\"breadcrumb\":{\"@id\":\"https:\/\/feurich.com\/es\/innovaciones\/high-speed-kamm-action\/#breadcrumb\"},\"inLanguage\":\"es\",\"potentialAction\":[{\"@type\":\"ReadAction\",\"target\":[\"https:\/\/feurich.com\/es\/innovaciones\/high-speed-kamm-action\/\"]}]},{\"@type\":\"BreadcrumbList\",\"@id\":\"https:\/\/feurich.com\/es\/innovaciones\/high-speed-kamm-action\/#breadcrumb\",\"itemListElement\":[{\"@type\":\"ListItem\",\"position\":1,\"name\":\"Home\",\"item\":\"https:\/\/feurich.com\/es\/\"},{\"@type\":\"ListItem\",\"position\":2,\"name\":\"Innovaciones\",\"item\":\"https:\/\/feurich.com\/es\/innovaciones\/\"},{\"@type\":\"ListItem\",\"position\":3,\"name\":\"Acci\u00f3n KAMM de alta velocidad\"}]},{\"@type\":\"WebSite\",\"@id\":\"https:\/\/feurich.com\/en\/#website\",\"url\":\"https:\/\/feurich.com\/en\/\",\"name\":\"FEURICH\",\"description\":\"A sound that connects\",\"publisher\":{\"@id\":\"https:\/\/feurich.com\/en\/#organization\"},\"potentialAction\":[{\"@type\":\"SearchAction\",\"target\":{\"@type\":\"EntryPoint\",\"urlTemplate\":\"https:\/\/feurich.com\/en\/?s={search_term_string}\"},\"query-input\":{\"@type\":\"PropertyValueSpecification\",\"valueRequired\":true,\"valueName\":\"search_term_string\"}}],\"inLanguage\":\"es\"},{\"@type\":\"Organization\",\"@id\":\"https:\/\/feurich.com\/en\/#organization\",\"name\":\"FEURICH\",\"url\":\"https:\/\/feurich.com\/en\/\",\"logo\":{\"@type\":\"ImageObject\",\"inLanguage\":\"es\",\"@id\":\"https:\/\/feurich.com\/en\/#\/schema\/logo\/image\/\",\"url\":\"https:\/\/feurich.com\/wp-content\/uploads\/logo.png\",\"contentUrl\":\"https:\/\/feurich.com\/wp-content\/uploads\/logo.png\",\"width\":354,\"height\":151,\"caption\":\"FEURICH\"},\"image\":{\"@id\":\"https:\/\/feurich.com\/en\/#\/schema\/logo\/image\/\"},\"sameAs\":[\"https:\/\/www.facebook.com\/feurichvienna\/\"]}]}<\/script>\n<!-- \/ Yoast SEO plugin. -->","yoast_head_json":{"title":"Acci\u00f3n KAMM de alta velocidad - FEURICH","description":"Los pianos de cola son maravillosos, pero si no tienes uno en casa, ahora hay una forma de mejorar significativamente tu ...","robots":{"index":"index","follow":"follow","max-snippet":"max-snippet:-1","max-image-preview":"max-image-preview:large","max-video-preview":"max-video-preview:-1"},"canonical":"https:\/\/feurich.com\/es\/innovaciones\/high-speed-kamm-action\/","og_locale":"es_ES","og_type":"article","og_title":"Acci\u00f3n KAMM de alta velocidad - FEURICH","og_description":"Los pianos de cola son maravillosos, pero si no tienes uno en casa, ahora hay una forma de mejorar significativamente tu ...","og_url":"https:\/\/feurich.com\/es\/innovaciones\/high-speed-kamm-action\/","og_site_name":"FEURICH","article_publisher":"https:\/\/www.facebook.com\/feurichvienna\/","article_modified_time":"2025-02-25T08:06:54+00:00","twitter_card":"summary_large_image","twitter_misc":{"Tiempo de lectura":"2 minutos"},"schema":{"@context":"https:\/\/schema.org","@graph":[{"@type":"WebPage","@id":"https:\/\/feurich.com\/es\/innovaciones\/high-speed-kamm-action\/","url":"https:\/\/feurich.com\/es\/innovaciones\/high-speed-kamm-action\/","name":"Acci\u00f3n KAMM de alta velocidad - FEURICH","isPartOf":{"@id":"https:\/\/feurich.com\/en\/#website"},"datePublished":"2018-03-01T18:17:54+00:00","dateModified":"2025-02-25T08:06:54+00:00","description":"Los pianos de cola son maravillosos, pero si no tienes uno en casa, ahora hay una forma de mejorar significativamente tu ...","breadcrumb":{"@id":"https:\/\/feurich.com\/es\/innovaciones\/high-speed-kamm-action\/#breadcrumb"},"inLanguage":"es","potentialAction":[{"@type":"ReadAction","target":["https:\/\/feurich.com\/es\/innovaciones\/high-speed-kamm-action\/"]}]},{"@type":"BreadcrumbList","@id":"https:\/\/feurich.com\/es\/innovaciones\/high-speed-kamm-action\/#breadcrumb","itemListElement":[{"@type":"ListItem","position":1,"name":"Home","item":"https:\/\/feurich.com\/es\/"},{"@type":"ListItem","position":2,"name":"Innovaciones","item":"https:\/\/feurich.com\/es\/innovaciones\/"},{"@type":"ListItem","position":3,"name":"Acci\u00f3n KAMM de alta velocidad"}]},{"@type":"WebSite","@id":"https:\/\/feurich.com\/en\/#website","url":"https:\/\/feurich.com\/en\/","name":"FEURICH","description":"A sound that connects","publisher":{"@id":"https:\/\/feurich.com\/en\/#organization"},"potentialAction":[{"@type":"SearchAction","target":{"@type":"EntryPoint","urlTemplate":"https:\/\/feurich.com\/en\/?s={search_term_string}"},"query-input":{"@type":"PropertyValueSpecification","valueRequired":true,"valueName":"search_term_string"}}],"inLanguage":"es"},{"@type":"Organization","@id":"https:\/\/feurich.com\/en\/#organization","name":"FEURICH","url":"https:\/\/feurich.com\/en\/","logo":{"@type":"ImageObject","inLanguage":"es","@id":"https:\/\/feurich.com\/en\/#\/schema\/logo\/image\/","url":"https:\/\/feurich.com\/wp-content\/uploads\/logo.png","contentUrl":"https:\/\/feurich.com\/wp-content\/uploads\/logo.png","width":354,"height":151,"caption":"FEURICH"},"image":{"@id":"https:\/\/feurich.com\/en\/#\/schema\/logo\/image\/"},"sameAs":["https:\/\/www.facebook.com\/feurichvienna\/"]}]}},"_links":{"self":[{"href":"https:\/\/feurich.com\/es\/wp-json\/wp\/v2\/pages\/12526","targetHints":{"allow":["GET"]}}],"collection":[{"href":"https:\/\/feurich.com\/es\/wp-json\/wp\/v2\/pages"}],"about":[{"href":"https:\/\/feurich.com\/es\/wp-json\/wp\/v2\/types\/page"}],"author":[{"embeddable":true,"href":"https:\/\/feurich.com\/es\/wp-json\/wp\/v2\/users\/4"}],"replies":[{"embeddable":true,"href":"https:\/\/feurich.com\/es\/wp-json\/wp\/v2\/comments?post=12526"}],"version-history":[{"count":15,"href":"https:\/\/feurich.com\/es\/wp-json\/wp\/v2\/pages\/12526\/revisions"}],"predecessor-version":[{"id":83212,"href":"https:\/\/feurich.com\/es\/wp-json\/wp\/v2\/pages\/12526\/revisions\/83212"}],"up":[{"embeddable":true,"href":"https:\/\/feurich.com\/es\/wp-json\/wp\/v2\/pages\/12318"}],"wp:attachment":[{"href":"https:\/\/feurich.com\/es\/wp-json\/wp\/v2\/media?parent=12526"}],"curies":[{"name":"wp","href":"https:\/\/api.w.org\/{rel}","templated":true}]}}