{"id":12519,"date":"2018-03-01T17:42:11","date_gmt":"2018-03-01T17:42:11","guid":{"rendered":"https:\/\/www.feurich.com\/innovaciones\/modelo-123-vienna\/"},"modified":"2018-03-17T13:00:50","modified_gmt":"2018-03-17T13:00:50","slug":"modelo-123-vienna","status":"publish","type":"page","link":"https:\/\/feurich.com\/es\/innovaciones\/modelo-123-vienna\/","title":{"rendered":"Modelo 123 \u2013 Vienna"},"content":{"rendered":"<div class=\"wpb-content-wrapper\"><p>[vc_row][vc_column][vc_empty_space][vc_column_text el_class=\u00bbbig-title\u00bb]<\/p>\n<p style=\"text-align: center\">Modelo 123 \u2013 Vienna \u201eMade in Austria\u201c<\/p>\n<p>[\/vc_column_text][vc_empty_space height=\u00bb20px\u00bb][\/vc_column][\/vc_row][vc_row][vc_column width=\u00bb1\/3&#8243;][vc_single_image image=\u00bb964&#8243; img_size=\u00bblarge\u00bb][\/vc_column][vc_column width=\u00bb2\/3&#8243;][vc_column_text]La \u00faltima innovaci\u00f3n de FEURICH es el modelo vertical 123 &#8211; Vienna. Un enfoque totalmente nuevo y \u00fanico se puede ver en sus componentes centrales como la acci\u00f3n, el mueble y el sistema de pedales. El \u201eWien-Klavier\u201c (como tambi\u00e9n se le llama coloquialmente en Viena) posee un \u00abteclado sin plomo\u00bb y es el primer piano de una producci\u00f3n en serie que puede se utilizado <strong>sin mueble<\/strong> que lo hace perfecto para grabaciones, conciertos y transportes complicados.<a href=\"https:\/\/www.feurich.com\/es\/productos\/vienna-pianos\/\">&gt;&gt; Detalles<\/a><\/p>\n<p>El Modelo 123 tiene la <a href=\"https:\/\/feurich.com\/es\/feurich-high-speed-kamm-action\/\"> High Speed KAMM Action <\/a>, mec\u00e1nica de <strong>repetici\u00f3n extremadamente r\u00e1pida<\/strong>  que el pianista normalmente solo puede experimentar en los mejores pianos de cola de concierto. Gracias a esta nueva acci\u00f3n, el 123 &#8211; Vienna permite un toque m\u00e1s ligero y una respuesta m\u00e1s precisa que cualquier otro piano vertical en el mercado.[\/vc_column_text][\/vc_column][\/vc_row]<\/p>\n<\/div>","protected":false},"excerpt":{"rendered":"<p>La \u00faltima innovaci\u00f3n de FEURICH es el modelo vertical 123 &#8211; Vienna. Un enfoque totalmente nuevo y \u00fanico se puede ver en sus componentes centrales como la acci\u00f3n, el mueble y el sistema de pedales.<\/p>\n","protected":false},"author":4,"featured_media":0,"parent":12318,"menu_order":1,"comment_status":"closed","ping_status":"closed","template":"template-fullwidth.php","meta":{"inline_featured_image":false,"footnotes":""},"class_list":["post-12519","page","type-page","status-publish","hentry"],"acf":[],"yoast_head":"<!-- This site is optimized with the Yoast SEO plugin v24.4 - https:\/\/yoast.com\/wordpress\/plugins\/seo\/ -->\n<title>Modelo 123 \u2013 Vienna - FEURICH<\/title>\n<meta name=\"robots\" content=\"index, follow, max-snippet:-1, max-image-preview:large, max-video-preview:-1\" \/>\n<link rel=\"canonical\" href=\"https:\/\/feurich.com\/es\/innovaciones\/modelo-123-vienna\/\" \/>\n<meta property=\"og:locale\" content=\"es_ES\" \/>\n<meta property=\"og:type\" content=\"article\" \/>\n<meta property=\"og:title\" content=\"Modelo 123 \u2013 Vienna - FEURICH\" \/>\n<meta property=\"og:description\" content=\"La \u00faltima innovaci\u00f3n de FEURICH es el modelo vertical 123 - Vienna. Un enfoque totalmente nuevo y \u00fanico se puede ver en sus componentes centrales como la acci\u00f3n, el mueble y el sistema de pedales.\" \/>\n<meta property=\"og:url\" content=\"https:\/\/feurich.com\/es\/innovaciones\/modelo-123-vienna\/\" \/>\n<meta property=\"og:site_name\" content=\"FEURICH\" \/>\n<meta property=\"article:publisher\" content=\"https:\/\/www.facebook.com\/feurichvienna\/\" \/>\n<meta property=\"article:modified_time\" content=\"2018-03-17T13:00:50+00:00\" \/>\n<meta name=\"twitter:card\" content=\"summary_large_image\" \/>\n<meta name=\"twitter:label1\" content=\"Tiempo de lectura\" \/>\n\t<meta name=\"twitter:data1\" content=\"1 minuto\" \/>\n<script type=\"application\/ld+json\" class=\"yoast-schema-graph\">{\"@context\":\"https:\/\/schema.org\",\"@graph\":[{\"@type\":\"WebPage\",\"@id\":\"https:\/\/feurich.com\/es\/innovaciones\/modelo-123-vienna\/\",\"url\":\"https:\/\/feurich.com\/es\/innovaciones\/modelo-123-vienna\/\",\"name\":\"Modelo 123 \u2013 Vienna - FEURICH\",\"isPartOf\":{\"@id\":\"https:\/\/feurich.com\/en\/#website\"},\"datePublished\":\"2018-03-01T17:42:11+00:00\",\"dateModified\":\"2018-03-17T13:00:50+00:00\",\"breadcrumb\":{\"@id\":\"https:\/\/feurich.com\/es\/innovaciones\/modelo-123-vienna\/#breadcrumb\"},\"inLanguage\":\"es\",\"potentialAction\":[{\"@type\":\"ReadAction\",\"target\":[\"https:\/\/feurich.com\/es\/innovaciones\/modelo-123-vienna\/\"]}]},{\"@type\":\"BreadcrumbList\",\"@id\":\"https:\/\/feurich.com\/es\/innovaciones\/modelo-123-vienna\/#breadcrumb\",\"itemListElement\":[{\"@type\":\"ListItem\",\"position\":1,\"name\":\"Home\",\"item\":\"https:\/\/feurich.com\/es\/\"},{\"@type\":\"ListItem\",\"position\":2,\"name\":\"Innovaciones\",\"item\":\"https:\/\/feurich.com\/es\/innovaciones\/\"},{\"@type\":\"ListItem\",\"position\":3,\"name\":\"Modelo 123 \u2013 Vienna\"}]},{\"@type\":\"WebSite\",\"@id\":\"https:\/\/feurich.com\/en\/#website\",\"url\":\"https:\/\/feurich.com\/en\/\",\"name\":\"FEURICH\",\"description\":\"A sound that connects\",\"publisher\":{\"@id\":\"https:\/\/feurich.com\/en\/#organization\"},\"potentialAction\":[{\"@type\":\"SearchAction\",\"target\":{\"@type\":\"EntryPoint\",\"urlTemplate\":\"https:\/\/feurich.com\/en\/?s={search_term_string}\"},\"query-input\":{\"@type\":\"PropertyValueSpecification\",\"valueRequired\":true,\"valueName\":\"search_term_string\"}}],\"inLanguage\":\"es\"},{\"@type\":\"Organization\",\"@id\":\"https:\/\/feurich.com\/en\/#organization\",\"name\":\"FEURICH\",\"url\":\"https:\/\/feurich.com\/en\/\",\"logo\":{\"@type\":\"ImageObject\",\"inLanguage\":\"es\",\"@id\":\"https:\/\/feurich.com\/en\/#\/schema\/logo\/image\/\",\"url\":\"https:\/\/feurich.com\/wp-content\/uploads\/logo.png\",\"contentUrl\":\"https:\/\/feurich.com\/wp-content\/uploads\/logo.png\",\"width\":354,\"height\":151,\"caption\":\"FEURICH\"},\"image\":{\"@id\":\"https:\/\/feurich.com\/en\/#\/schema\/logo\/image\/\"},\"sameAs\":[\"https:\/\/www.facebook.com\/feurichvienna\/\"]}]}<\/script>\n<!-- \/ Yoast SEO plugin. -->","yoast_head_json":{"title":"Modelo 123 \u2013 Vienna - FEURICH","robots":{"index":"index","follow":"follow","max-snippet":"max-snippet:-1","max-image-preview":"max-image-preview:large","max-video-preview":"max-video-preview:-1"},"canonical":"https:\/\/feurich.com\/es\/innovaciones\/modelo-123-vienna\/","og_locale":"es_ES","og_type":"article","og_title":"Modelo 123 \u2013 Vienna - FEURICH","og_description":"La \u00faltima innovaci\u00f3n de FEURICH es el modelo vertical 123 - Vienna. Un enfoque totalmente nuevo y \u00fanico se puede ver en sus componentes centrales como la acci\u00f3n, el mueble y el sistema de pedales.","og_url":"https:\/\/feurich.com\/es\/innovaciones\/modelo-123-vienna\/","og_site_name":"FEURICH","article_publisher":"https:\/\/www.facebook.com\/feurichvienna\/","article_modified_time":"2018-03-17T13:00:50+00:00","twitter_card":"summary_large_image","twitter_misc":{"Tiempo de lectura":"1 minuto"},"schema":{"@context":"https:\/\/schema.org","@graph":[{"@type":"WebPage","@id":"https:\/\/feurich.com\/es\/innovaciones\/modelo-123-vienna\/","url":"https:\/\/feurich.com\/es\/innovaciones\/modelo-123-vienna\/","name":"Modelo 123 \u2013 Vienna - FEURICH","isPartOf":{"@id":"https:\/\/feurich.com\/en\/#website"},"datePublished":"2018-03-01T17:42:11+00:00","dateModified":"2018-03-17T13:00:50+00:00","breadcrumb":{"@id":"https:\/\/feurich.com\/es\/innovaciones\/modelo-123-vienna\/#breadcrumb"},"inLanguage":"es","potentialAction":[{"@type":"ReadAction","target":["https:\/\/feurich.com\/es\/innovaciones\/modelo-123-vienna\/"]}]},{"@type":"BreadcrumbList","@id":"https:\/\/feurich.com\/es\/innovaciones\/modelo-123-vienna\/#breadcrumb","itemListElement":[{"@type":"ListItem","position":1,"name":"Home","item":"https:\/\/feurich.com\/es\/"},{"@type":"ListItem","position":2,"name":"Innovaciones","item":"https:\/\/feurich.com\/es\/innovaciones\/"},{"@type":"ListItem","position":3,"name":"Modelo 123 \u2013 Vienna"}]},{"@type":"WebSite","@id":"https:\/\/feurich.com\/en\/#website","url":"https:\/\/feurich.com\/en\/","name":"FEURICH","description":"A sound that connects","publisher":{"@id":"https:\/\/feurich.com\/en\/#organization"},"potentialAction":[{"@type":"SearchAction","target":{"@type":"EntryPoint","urlTemplate":"https:\/\/feurich.com\/en\/?s={search_term_string}"},"query-input":{"@type":"PropertyValueSpecification","valueRequired":true,"valueName":"search_term_string"}}],"inLanguage":"es"},{"@type":"Organization","@id":"https:\/\/feurich.com\/en\/#organization","name":"FEURICH","url":"https:\/\/feurich.com\/en\/","logo":{"@type":"ImageObject","inLanguage":"es","@id":"https:\/\/feurich.com\/en\/#\/schema\/logo\/image\/","url":"https:\/\/feurich.com\/wp-content\/uploads\/logo.png","contentUrl":"https:\/\/feurich.com\/wp-content\/uploads\/logo.png","width":354,"height":151,"caption":"FEURICH"},"image":{"@id":"https:\/\/feurich.com\/en\/#\/schema\/logo\/image\/"},"sameAs":["https:\/\/www.facebook.com\/feurichvienna\/"]}]}},"_links":{"self":[{"href":"https:\/\/feurich.com\/es\/wp-json\/wp\/v2\/pages\/12519","targetHints":{"allow":["GET"]}}],"collection":[{"href":"https:\/\/feurich.com\/es\/wp-json\/wp\/v2\/pages"}],"about":[{"href":"https:\/\/feurich.com\/es\/wp-json\/wp\/v2\/types\/page"}],"author":[{"embeddable":true,"href":"https:\/\/feurich.com\/es\/wp-json\/wp\/v2\/users\/4"}],"replies":[{"embeddable":true,"href":"https:\/\/feurich.com\/es\/wp-json\/wp\/v2\/comments?post=12519"}],"version-history":[{"count":12,"href":"https:\/\/feurich.com\/es\/wp-json\/wp\/v2\/pages\/12519\/revisions"}],"predecessor-version":[{"id":13362,"href":"https:\/\/feurich.com\/es\/wp-json\/wp\/v2\/pages\/12519\/revisions\/13362"}],"up":[{"embeddable":true,"href":"https:\/\/feurich.com\/es\/wp-json\/wp\/v2\/pages\/12318"}],"wp:attachment":[{"href":"https:\/\/feurich.com\/es\/wp-json\/wp\/v2\/media?parent=12519"}],"curies":[{"name":"wp","href":"https:\/\/api.w.org\/{rel}","templated":true}]}}