{"id":12511,"date":"2018-03-01T17:17:02","date_gmt":"2018-03-01T17:17:02","guid":{"rendered":"https:\/\/www.feurich.com\/productos\/classic-pianos\/piano-de-cola-218-concert-i\/"},"modified":"2020-12-23T11:36:21","modified_gmt":"2020-12-23T11:36:21","slug":"piano-de-cola-218-concert-i","status":"publish","type":"page","link":"https:\/\/feurich.com\/es\/productos\/classic-pianos\/piano-de-cola-218-concert-i\/","title":{"rendered":"Piano de cola 218 Concert I"},"content":{"rendered":"<div class=\"wpb-content-wrapper\"><p>[vc_row full_width=\u00bbstretch_row_content_no_spaces\u00bb][vc_column][vc_column_text el_class=\u00bbno-bottom-margin\u00bb]<ul class=\"piano-menu\" page-id=\"12129\"><li class=\"piano-menu-item\"><a class=\"piano-menu-link \" href=\"https:\/\/feurich.com\/es\/productos\/classic-pianos\/piano-mod-115-premiere\/\">115 \u2013 Premiere<\/a><\/li><li class=\"piano-menu-item\"><a class=\"piano-menu-link \" href=\"https:\/\/feurich.com\/es\/productos\/classic-pianos\/piano-mod-122-universal\/\">122 \u2013 Universal<\/a><\/li><li class=\"piano-menu-item\"><a class=\"piano-menu-link \" href=\"https:\/\/feurich.com\/es\/productos\/classic-pianos\/piano-mod-125-design\/\">125 \u2013 Design<\/a><\/li><li class=\"piano-menu-item\"><a class=\"piano-menu-link \" href=\"https:\/\/feurich.com\/es\/productos\/classic-pianos\/piano-mod-133-concert\/\">133 \u2013 Concert<\/a><\/li><li class=\"piano-menu-item\"><a class=\"piano-menu-link \" href=\"https:\/\/feurich.com\/es\/productos\/classic-pianos\/piano-de-cola-mod-162-dynamic-i\/\">162 \u2013 Dynamic I<\/a><\/li><li class=\"piano-menu-item\"><a class=\"piano-menu-link \" href=\"https:\/\/feurich.com\/es\/productos\/classic-pianos\/179-dynamic-ii\/\">179 \u2013 Dynamic II<\/a><\/li><li class=\"piano-menu-item\"><a class=\"piano-menu-link piano-menu-link-active\" href=\"https:\/\/feurich.com\/es\/productos\/classic-pianos\/piano-de-cola-218-concert-i\/\">218 \u2013 Concert I<\/a><\/li><\/ul>[\/vc_column_text][vc_column_text]<div class=\"as-styles-warning\" style=\"width: 450px; background-color: #FFF; color: #F00; border: 1px solid #F00; padding: 10px; font-size: 14px;\">\n\t\t\t<span style=\"font-weight: bold;\">Warning: The stylesheets were not loaded!<\/span> \n\t\t\tYou will need to change the <i>Load stylesheets<\/i> setting from <i>Automatically<\/i> to <i>On homepage<\/i> or <i>On all pages<\/i>. \n\t\t\tYou can set that <a style=\"text-decoration: underline; color: #F00;\" href=\"https:\/\/feurich.com\/wp-admin\/admin.php?page=accordion-slider-lite-settings\">here<\/a>.\n\t\t\t<\/div>\r\n<div id=\"accordion-slider-15\" class=\"accordion-slider as-no-js\" style=\"width: 100%px; height: 440px;\">\r\n\t<div class=\"as-panels\">\r\n\t\t\r\n\t\t<div class=\"as-panel\">\r\n\t\t\t<img loading=\"lazy\" decoding=\"async\" class=\"as-background\" src=\"\/wp-content\/uploads\/FEURICH-Mod.-218-Concert-I-with-p\u00e9dale-harmonique-Christopher-Devine.jpg\" alt=\"FEURICH Mod. 218 - Concert I with p\u00e9dale harmonique, Christopher Devine\" title=\"FEURICH Mod. 218 - Concert I with p\u00e9dale harmonique, Christopher Devine\" width=\"660\" height=\"440\" \/>\r\n\t\t<\/div>\r\n\t\t<div class=\"as-panel\">\r\n\t\t\t<img loading=\"lazy\" decoding=\"async\" class=\"as-background\" src=\"\/wp-content\/uploads\/FEURICH-Mod.-218-Concert-I-with-p\u00e9dale-harmonique-Joanna-Maja-Jasnowska-2-1.jpg\" alt=\"FEURICH Mod. 218 - Concert I with p\u00e9dale harmonique, Joanna Maja Jasnowska\" title=\"FEURICH Mod. 218 - Concert I with p\u00e9dale harmonique, Joanna Maja Jasnowska\" width=\"666\" height=\"440\" \/>\r\n\t\t<\/div>\r\n\t\t<div class=\"as-panel\">\r\n\t\t\t<img loading=\"lazy\" decoding=\"async\" class=\"as-background\" src=\"\/wp-content\/uploads\/FEURICH-Mod.-218-Concert-I-with-p\u00e9dale-harmonique-Julia-Meyerding.jpg\" alt=\"FEURICH Mod. 218 - Concert I with p\u00e9dale harmonique, Julia Meyerding\" title=\"FEURICH Mod. 218 - Concert I with p\u00e9dale harmonique, Julia Meyerding\" width=\"661\" height=\"440\" \/>\r\n\t\t<\/div>\r\n\t\t<div class=\"as-panel\">\r\n\t\t\t<img loading=\"lazy\" decoding=\"async\" class=\"as-background\" src=\"\/wp-content\/uploads\/FEURICH-Mod.-218-Concert-I-MAK.jpg\" alt=\"FEURICH Mod. 218 - Concert I, MAK\" title=\"FEURICH Mod. 218 - Concert I, MAK\" width=\"660\" height=\"440\" \/>\r\n\t\t<\/div>\r\n\t\t<div class=\"as-panel\">\r\n\t\t\t<img loading=\"lazy\" decoding=\"async\" class=\"as-background\" src=\"\/wp-content\/uploads\/FEURICH-Mod.-218-Concert-I-with-p\u00e9dale-harmonique-Hagia-Pastor.jpg\" alt=\"FEURICH Mod. 218 - Concert I with p\u00e9dale harmonique, Hagia Pastor\" title=\"FEURICH Mod. 218 - Concert I with p\u00e9dale harmonique, Hagia Pastor\" width=\"660\" height=\"440\" \/>\r\n\t\t<\/div>\r\n\t<\/div>\r\n<\/div>[\/vc_column_text][\/vc_column][\/vc_row][vc_row][vc_column width=\u00bb1\/3&#8243;][vc_column_text el_class=\u00bbpiano-title\u00bb]Mod. 218 \u2013 Concert I[\/vc_column_text][vc_single_image image=\u00bb17203&#8243; img_size=\u00bb357&#215;258&#8243; alignment=\u00bbcenter\u00bb onclick=\u00bbcustom_link\u00bb css=\u00bb.vc_custom_1536072896681{margin-bottom: 10px !important;}\u00bb link=\u00bb?page_id=11824&#8243;][vc_column_text]El primer modelo de la nueva e innovadora serie de piano de cola de concierto de FEURICH fue creado en estrecha colaboraci\u00f3n con el reconocido dise\u00f1ador de pianos Stephen Paulello. <a href=\"https:\/\/feurich.com\/es\/productos\/classic-pianos\/piano-de-cola-218-concert-i\/mod-218-concert-i\/\">&gt;&gt; Detalles<\/a>[\/vc_column_text][\/vc_column][vc_column width=\u00bb1\/3&#8243;][vc_column_text el_class=\u00bbpiano-title\u00bb]Detalles t\u00e9cnicos[\/vc_column_text][vc_single_image image=\u00bb16506&#8243; img_size=\u00bb360&#215;260&#8243; alignment=\u00bbcenter\u00bb onclick=\u00bbcustom_link\u00bb css=\u00bb.vc_custom_1536072906973{margin-bottom: 10px !important;}\u00bb link=\u00bb?page_id=11824&#8243;][vc_column_text]El dise\u00f1o \u00fanico del piano de semi-concierto establece est\u00e1ndares de sonido y calidad completamente nuevos. Solo los mejores materiales y componentes se usan en el modelo 218 &#8211; Concierto I. <a href=\"https:\/\/feurich.com\/es\/productos\/classic-pianos\/piano-de-cola-218-concert-i\/mod-218-concert-i\/\">&gt;&gt; Detalles<\/a>[\/vc_column_text][\/vc_column][vc_column width=\u00bb1\/3&#8243;][vc_column_text el_class=\u00bbpiano-title\u00bb]Video[\/vc_column_text][vc_column_text]<div class=\"wpb_video_widget wpb_content_element  vc_clearfix vc_video-aspect-ratio-43 vc_video-el-width-100 vc_video-align-left\"><div class=\"wpb_wrapper\"><div class=\"wpb_video_wrapper\"><div class=\"fluid-width-video-wrapper\"><iframe src=\"https:\/\/www.youtube.com\/embed\/FvDuO2dPAqE?feature=oembed\" frameborder=\"0\" gesture=\"media\" allow=\"encrypted-media\" allowfullscreen=\"\" class=\"vid-youtube\"><\/iframe><\/div><\/div><\/div><\/div>[\/vc_column_text][vc_column_text]Subir volumen e iniciar video: Les presentamos el sonido, detalles y caracter\u00edsticas especiales del modelo <a href=\"https:\/\/www.youtube.com\/watch?v=hiQurVgdKlg\" target=\"_blank\" rel=\"noopener\">FEURICH 218 \u2013 Concert I<\/a>[\/vc_column_text][\/vc_column][\/vc_row][vc_row][vc_column][vc_column_text]<\/p>\n<p>[\/vc_column_text][\/vc_column][\/vc_row][vc_row 0=\u00bb\u00bb][vc_column width=\u00bb1\/3&#8243;][vc_empty_space][vc_column_text]<div class=\"wpb_video_widget wpb_content_element product-video vc_clearfix vc_video-aspect-ratio-43 vc_video-el-width-100 vc_video-align-left\"><div class=\"wpb_wrapper\"><div class=\"wpb_video_wrapper\"><div class=\"fluid-width-video-wrapper\"><iframe src=\"https:\/\/www.youtube.com\/embed\/SB1W4il3eH8?feature=oembed\" frameborder=\"0\" gesture=\"media\" allow=\"encrypted-media\" allowfullscreen=\"\" class=\"vid-youtube\"><\/iframe><\/div><\/div><\/div><\/div>[\/vc_column_text][\/vc_column][vc_column width=\u00bb1\/3&#8243;][vc_empty_space][vc_column_text]<div class=\"wpb_video_widget wpb_content_element product-video vc_clearfix vc_video-aspect-ratio-43 vc_video-el-width-100 vc_video-align-left\"><div class=\"wpb_wrapper\"><div class=\"wpb_video_wrapper\"><div class=\"fluid-width-video-wrapper\"><iframe src=\"https:\/\/www.youtube.com\/embed\/4fvo_iOuSck?feature=oembed\" frameborder=\"0\" gesture=\"media\" allow=\"encrypted-media\" allowfullscreen=\"\" class=\"vid-youtube\"><\/iframe><\/div><\/div><\/div><\/div>[\/vc_column_text][\/vc_column][vc_column width=\u00bb1\/3&#8243;][vc_empty_space][vc_column_text]<div class=\"wpb_video_widget wpb_content_element product-video vc_clearfix vc_video-aspect-ratio-43 vc_video-el-width-100 vc_video-align-left\"><div class=\"wpb_wrapper\"><div class=\"wpb_video_wrapper\"><div class=\"fluid-width-video-wrapper\"><iframe src=\"https:\/\/www.youtube.com\/embed\/h6Q1znnHolI?feature=oembed\" frameborder=\"0\" gesture=\"media\" allow=\"encrypted-media\" allowfullscreen=\"\" class=\"vid-youtube\"><\/iframe><\/div><\/div><\/div><\/div>[\/vc_column_text][\/vc_column][\/vc_row]<\/p>\n<\/div>","protected":false},"excerpt":{"rendered":"<p>La construcci\u00f3n \u00fanica del piano de cola de semi-concierto establece est\u00e1ndares de sonido y calidad completamente nuevos; desarrollado en colaboraci\u00f3n con Stephen Paulello.<\/p>\n","protected":false},"author":8,"featured_media":8735,"parent":12129,"menu_order":6,"comment_status":"closed","ping_status":"closed","template":"template-fullwidth.php","meta":{"inline_featured_image":false,"footnotes":""},"class_list":["post-12511","page","type-page","status-publish","has-post-thumbnail","hentry"],"acf":[],"yoast_head":"<!-- This site is optimized with the Yoast SEO plugin v24.4 - https:\/\/yoast.com\/wordpress\/plugins\/seo\/ -->\n<title>Piano de cola 218 Concert I - FEURICH<\/title>\n<meta name=\"robots\" content=\"index, follow, max-snippet:-1, max-image-preview:large, max-video-preview:-1\" \/>\n<link rel=\"canonical\" href=\"https:\/\/feurich.com\/es\/productos\/classic-pianos\/piano-de-cola-218-concert-i\/\" \/>\n<meta property=\"og:locale\" content=\"es_ES\" \/>\n<meta property=\"og:type\" content=\"article\" \/>\n<meta property=\"og:title\" content=\"Piano de cola 218 Concert I - FEURICH\" \/>\n<meta property=\"og:description\" content=\"La construcci\u00f3n \u00fanica del piano de cola de semi-concierto establece est\u00e1ndares de sonido y calidad completamente nuevos; desarrollado en colaboraci\u00f3n con Stephen Paulello.\" \/>\n<meta property=\"og:url\" content=\"https:\/\/feurich.com\/es\/productos\/classic-pianos\/piano-de-cola-218-concert-i\/\" \/>\n<meta property=\"og:site_name\" content=\"FEURICH\" \/>\n<meta property=\"article:publisher\" content=\"https:\/\/www.facebook.com\/feurichvienna\/\" \/>\n<meta property=\"article:modified_time\" content=\"2020-12-23T11:36:21+00:00\" \/>\n<meta property=\"og:image\" content=\"https:\/\/feurich.com\/wp-content\/uploads\/Mod.-218-Concert-I-10black_brass-LOGO.png\" \/>\n\t<meta property=\"og:image:width\" content=\"345\" \/>\n\t<meta property=\"og:image:height\" content=\"335\" \/>\n\t<meta property=\"og:image:type\" content=\"image\/png\" \/>\n<meta name=\"twitter:card\" content=\"summary_large_image\" \/>\n<meta name=\"twitter:label1\" content=\"Tiempo de lectura\" \/>\n\t<meta name=\"twitter:data1\" content=\"2 minutos\" \/>\n<script type=\"application\/ld+json\" class=\"yoast-schema-graph\">{\"@context\":\"https:\/\/schema.org\",\"@graph\":[{\"@type\":\"WebPage\",\"@id\":\"https:\/\/feurich.com\/es\/productos\/classic-pianos\/piano-de-cola-218-concert-i\/\",\"url\":\"https:\/\/feurich.com\/es\/productos\/classic-pianos\/piano-de-cola-218-concert-i\/\",\"name\":\"Piano de cola 218 Concert I - FEURICH\",\"isPartOf\":{\"@id\":\"https:\/\/feurich.com\/en\/#website\"},\"primaryImageOfPage\":{\"@id\":\"https:\/\/feurich.com\/es\/productos\/classic-pianos\/piano-de-cola-218-concert-i\/#primaryimage\"},\"image\":{\"@id\":\"https:\/\/feurich.com\/es\/productos\/classic-pianos\/piano-de-cola-218-concert-i\/#primaryimage\"},\"thumbnailUrl\":\"https:\/\/feurich.com\/wp-content\/uploads\/Mod.-218-Concert-I-10black_brass-LOGO.png\",\"datePublished\":\"2018-03-01T17:17:02+00:00\",\"dateModified\":\"2020-12-23T11:36:21+00:00\",\"breadcrumb\":{\"@id\":\"https:\/\/feurich.com\/es\/productos\/classic-pianos\/piano-de-cola-218-concert-i\/#breadcrumb\"},\"inLanguage\":\"es\",\"potentialAction\":[{\"@type\":\"ReadAction\",\"target\":[\"https:\/\/feurich.com\/es\/productos\/classic-pianos\/piano-de-cola-218-concert-i\/\"]}]},{\"@type\":\"ImageObject\",\"inLanguage\":\"es\",\"@id\":\"https:\/\/feurich.com\/es\/productos\/classic-pianos\/piano-de-cola-218-concert-i\/#primaryimage\",\"url\":\"https:\/\/feurich.com\/wp-content\/uploads\/Mod.-218-Concert-I-10black_brass-LOGO.png\",\"contentUrl\":\"https:\/\/feurich.com\/wp-content\/uploads\/Mod.-218-Concert-I-10black_brass-LOGO.png\",\"width\":345,\"height\":335},{\"@type\":\"BreadcrumbList\",\"@id\":\"https:\/\/feurich.com\/es\/productos\/classic-pianos\/piano-de-cola-218-concert-i\/#breadcrumb\",\"itemListElement\":[{\"@type\":\"ListItem\",\"position\":1,\"name\":\"Home\",\"item\":\"https:\/\/feurich.com\/es\/\"},{\"@type\":\"ListItem\",\"position\":2,\"name\":\"Productos\",\"item\":\"https:\/\/feurich.com\/es\/productos\/\"},{\"@type\":\"ListItem\",\"position\":3,\"name\":\"Classic Pianos\",\"item\":\"https:\/\/feurich.com\/es\/productos\/classic-pianos\/\"},{\"@type\":\"ListItem\",\"position\":4,\"name\":\"Piano de cola 218 Concert I\"}]},{\"@type\":\"WebSite\",\"@id\":\"https:\/\/feurich.com\/en\/#website\",\"url\":\"https:\/\/feurich.com\/en\/\",\"name\":\"FEURICH\",\"description\":\"A sound that connects\",\"publisher\":{\"@id\":\"https:\/\/feurich.com\/en\/#organization\"},\"potentialAction\":[{\"@type\":\"SearchAction\",\"target\":{\"@type\":\"EntryPoint\",\"urlTemplate\":\"https:\/\/feurich.com\/en\/?s={search_term_string}\"},\"query-input\":{\"@type\":\"PropertyValueSpecification\",\"valueRequired\":true,\"valueName\":\"search_term_string\"}}],\"inLanguage\":\"es\"},{\"@type\":\"Organization\",\"@id\":\"https:\/\/feurich.com\/en\/#organization\",\"name\":\"FEURICH\",\"url\":\"https:\/\/feurich.com\/en\/\",\"logo\":{\"@type\":\"ImageObject\",\"inLanguage\":\"es\",\"@id\":\"https:\/\/feurich.com\/en\/#\/schema\/logo\/image\/\",\"url\":\"https:\/\/feurich.com\/wp-content\/uploads\/logo.png\",\"contentUrl\":\"https:\/\/feurich.com\/wp-content\/uploads\/logo.png\",\"width\":354,\"height\":151,\"caption\":\"FEURICH\"},\"image\":{\"@id\":\"https:\/\/feurich.com\/en\/#\/schema\/logo\/image\/\"},\"sameAs\":[\"https:\/\/www.facebook.com\/feurichvienna\/\"]}]}<\/script>\n<!-- \/ Yoast SEO plugin. -->","yoast_head_json":{"title":"Piano de cola 218 Concert I - FEURICH","robots":{"index":"index","follow":"follow","max-snippet":"max-snippet:-1","max-image-preview":"max-image-preview:large","max-video-preview":"max-video-preview:-1"},"canonical":"https:\/\/feurich.com\/es\/productos\/classic-pianos\/piano-de-cola-218-concert-i\/","og_locale":"es_ES","og_type":"article","og_title":"Piano de cola 218 Concert I - FEURICH","og_description":"La construcci\u00f3n \u00fanica del piano de cola de semi-concierto establece est\u00e1ndares de sonido y calidad completamente nuevos; desarrollado en colaboraci\u00f3n con Stephen Paulello.","og_url":"https:\/\/feurich.com\/es\/productos\/classic-pianos\/piano-de-cola-218-concert-i\/","og_site_name":"FEURICH","article_publisher":"https:\/\/www.facebook.com\/feurichvienna\/","article_modified_time":"2020-12-23T11:36:21+00:00","og_image":[{"width":345,"height":335,"url":"https:\/\/feurich.com\/wp-content\/uploads\/Mod.-218-Concert-I-10black_brass-LOGO.png","type":"image\/png"}],"twitter_card":"summary_large_image","twitter_misc":{"Tiempo de lectura":"2 minutos"},"schema":{"@context":"https:\/\/schema.org","@graph":[{"@type":"WebPage","@id":"https:\/\/feurich.com\/es\/productos\/classic-pianos\/piano-de-cola-218-concert-i\/","url":"https:\/\/feurich.com\/es\/productos\/classic-pianos\/piano-de-cola-218-concert-i\/","name":"Piano de cola 218 Concert I - FEURICH","isPartOf":{"@id":"https:\/\/feurich.com\/en\/#website"},"primaryImageOfPage":{"@id":"https:\/\/feurich.com\/es\/productos\/classic-pianos\/piano-de-cola-218-concert-i\/#primaryimage"},"image":{"@id":"https:\/\/feurich.com\/es\/productos\/classic-pianos\/piano-de-cola-218-concert-i\/#primaryimage"},"thumbnailUrl":"https:\/\/feurich.com\/wp-content\/uploads\/Mod.-218-Concert-I-10black_brass-LOGO.png","datePublished":"2018-03-01T17:17:02+00:00","dateModified":"2020-12-23T11:36:21+00:00","breadcrumb":{"@id":"https:\/\/feurich.com\/es\/productos\/classic-pianos\/piano-de-cola-218-concert-i\/#breadcrumb"},"inLanguage":"es","potentialAction":[{"@type":"ReadAction","target":["https:\/\/feurich.com\/es\/productos\/classic-pianos\/piano-de-cola-218-concert-i\/"]}]},{"@type":"ImageObject","inLanguage":"es","@id":"https:\/\/feurich.com\/es\/productos\/classic-pianos\/piano-de-cola-218-concert-i\/#primaryimage","url":"https:\/\/feurich.com\/wp-content\/uploads\/Mod.-218-Concert-I-10black_brass-LOGO.png","contentUrl":"https:\/\/feurich.com\/wp-content\/uploads\/Mod.-218-Concert-I-10black_brass-LOGO.png","width":345,"height":335},{"@type":"BreadcrumbList","@id":"https:\/\/feurich.com\/es\/productos\/classic-pianos\/piano-de-cola-218-concert-i\/#breadcrumb","itemListElement":[{"@type":"ListItem","position":1,"name":"Home","item":"https:\/\/feurich.com\/es\/"},{"@type":"ListItem","position":2,"name":"Productos","item":"https:\/\/feurich.com\/es\/productos\/"},{"@type":"ListItem","position":3,"name":"Classic Pianos","item":"https:\/\/feurich.com\/es\/productos\/classic-pianos\/"},{"@type":"ListItem","position":4,"name":"Piano de cola 218 Concert I"}]},{"@type":"WebSite","@id":"https:\/\/feurich.com\/en\/#website","url":"https:\/\/feurich.com\/en\/","name":"FEURICH","description":"A sound that connects","publisher":{"@id":"https:\/\/feurich.com\/en\/#organization"},"potentialAction":[{"@type":"SearchAction","target":{"@type":"EntryPoint","urlTemplate":"https:\/\/feurich.com\/en\/?s={search_term_string}"},"query-input":{"@type":"PropertyValueSpecification","valueRequired":true,"valueName":"search_term_string"}}],"inLanguage":"es"},{"@type":"Organization","@id":"https:\/\/feurich.com\/en\/#organization","name":"FEURICH","url":"https:\/\/feurich.com\/en\/","logo":{"@type":"ImageObject","inLanguage":"es","@id":"https:\/\/feurich.com\/en\/#\/schema\/logo\/image\/","url":"https:\/\/feurich.com\/wp-content\/uploads\/logo.png","contentUrl":"https:\/\/feurich.com\/wp-content\/uploads\/logo.png","width":354,"height":151,"caption":"FEURICH"},"image":{"@id":"https:\/\/feurich.com\/en\/#\/schema\/logo\/image\/"},"sameAs":["https:\/\/www.facebook.com\/feurichvienna\/"]}]}},"_links":{"self":[{"href":"https:\/\/feurich.com\/es\/wp-json\/wp\/v2\/pages\/12511","targetHints":{"allow":["GET"]}}],"collection":[{"href":"https:\/\/feurich.com\/es\/wp-json\/wp\/v2\/pages"}],"about":[{"href":"https:\/\/feurich.com\/es\/wp-json\/wp\/v2\/types\/page"}],"author":[{"embeddable":true,"href":"https:\/\/feurich.com\/es\/wp-json\/wp\/v2\/users\/8"}],"replies":[{"embeddable":true,"href":"https:\/\/feurich.com\/es\/wp-json\/wp\/v2\/comments?post=12511"}],"version-history":[{"count":3,"href":"https:\/\/feurich.com\/es\/wp-json\/wp\/v2\/pages\/12511\/revisions"}],"predecessor-version":[{"id":48615,"href":"https:\/\/feurich.com\/es\/wp-json\/wp\/v2\/pages\/12511\/revisions\/48615"}],"up":[{"embeddable":true,"href":"https:\/\/feurich.com\/es\/wp-json\/wp\/v2\/pages\/12129"}],"wp:featuredmedia":[{"embeddable":true,"href":"https:\/\/feurich.com\/es\/wp-json\/wp\/v2\/media\/8735"}],"wp:attachment":[{"href":"https:\/\/feurich.com\/es\/wp-json\/wp\/v2\/media?parent=12511"}],"curies":[{"name":"wp","href":"https:\/\/api.w.org\/{rel}","templated":true}]}}