{"id":12405,"date":"2018-03-01T13:49:08","date_gmt":"2018-03-01T13:49:08","guid":{"rendered":"https:\/\/www.feurich.com\/numero-de-serie-busqueda\/"},"modified":"2023-12-25T17:01:43","modified_gmt":"2023-12-25T17:01:43","slug":"numero-de-serie-busqueda","status":"publish","type":"page","link":"https:\/\/feurich.com\/es\/informacion-contacto\/numero-de-serie-busqueda\/","title":{"rendered":"N\u00famero de serie &#8211; B\u00fasqueda"},"content":{"rendered":"<div class=\"wpb-content-wrapper\"><p>[vc_row][vc_column width=\u00bb1\/4&#8243;][\/vc_column][vc_column width=\u00bb1\/2&#8243;][vc_empty_space][vc_column_text el_class=\u00bbbig-title\u00bb]<\/p>\n<p style=\"text-align: center;\">N\u00famero de serie &#8211; B\u00fasqueda<\/p>\n<p>[\/vc_column_text][vc_column_text]<strong>\u00bfCu\u00e1ntos a\u00f1os tiene mi piano?<\/strong><\/p>\n<p>Puede averiguar f\u00e1cilmente el a\u00f1o de fabricaci\u00f3n de su piano utilizando el n\u00famero de serie. Seleccione la marca e introduzca el n\u00famero de serie.<\/p>\n<p>(El seguimiento del n\u00famero de serie s\u00f3lo funciona para pianos ac\u00fasticos)[\/vc_column_text][\/vc_column][vc_column width=\u00bb1\/4&#8243;][\/vc_column][\/vc_row][vc_row 0=\u00bb\u00bb][vc_column width=\u00bb1\/4&#8243;][vc_column_text]<\/p>\n<div id=\"brand-details\"><\/div>\n<p>[\/vc_column_text][\/vc_column][vc_column 0=\u00bb\u00bb width=\u00bb1\/2&#8243;][vc_empty_space][vc_column_text]<label for=\"brands-list\">Brands\n<\/label><br\/>\n\n<select id=\"brands-list\" name=\"brands-list\" style=\"width:100%;\">\n<option title=\"loading brands...\" value=\"-1\">loading brands...<\/option>\n<\/select><br\/><br\/>\n\n<label for=\"serial-number\">N\u00famero de serie<\/label><br\/>\n<input id=\"serial-number\" name=\"serial-niumber\" type=\"text\" placeholder=\"Incertar Nr. de serie\" style=\"width:100%;\"\/><br\/><br\/>\n\n<input id=\"submit-button\" type=\"submit\" value=\"B\u00fasqueda\"\/>\n<div id=\"sn-details\"\/><script>\n\nfunction scrollToDetails() {\n  var target = jQuery(\"#sn-details\");\n  \/\/ Does a scroll target exist?\n  if (target.length) {\n    \/\/ Only prevent default if animation is actually gonna happen\n    event.preventDefault();\n    jQuery(\"html, body\").animate({\n      scrollTop: target.offset().top\n    }, 1000, function() {\n      \/\/ Callback after animation\n      \/\/ Must change focus!\n      var $target = jQuery(target);\n      $target.focus();\n      if ($target.is(\":focus\")) { \/\/ Checking if the target was focused\n        return false;\n      } else {\n        $target.attr(\"tabindex\", \"-1\"); \/\/ Adding tabindex for elements not focusable\n        $target.focus(); \/\/ Set focus again\n      };\n    });\n  }\n}\n\njQuery(\"#submit-button\").click(function () {\njQuery(\"#sn-details\").html(\"\");\nvar xhr = jQuery.ajax({\n\turl: \"https:\/\/api.feurich.com\/index.php\/brands\/\" + jQuery(\"#brands-list\").val() + \"\/\" + jQuery(\"#serial-number\").val(),\n\t}).done(function( data, textStatus, jqXHR ) {\n                var info = JSON.parse(data);\n                var infostr = \"<strong>A\u00f1o de producci\u00f3n: <\/strong>\" + info.yearofproduction;\n                if (info.details)\n                {\n                   if (info.details.productname)\n                      infostr += \"<br\/><strong>Producto: <\/strong>\" + info.details.productname;\n                   if (info.details.color)\n                      infostr += \"<br\/><strong>Color: <\/strong>\" + info.details.color;\n                   if (info.details.description)\n                      infostr += \"<br\/><strong>Descripci\u00f3n: <\/strong>\" + info.details.description;\n                }\n                jQuery(\"#sn-details\").html(infostr);\n                 scrollToDetails();\n\n\t})\n\t.fail(function( jqXHR, textStatus, errorThrown ) {\nif (jqXHR.status == \"404\")\n   jQuery(\"#sn-details\").html(\"Keine Daten gefunden\");\nelse\n\t\tjQuery(\"#sn-details\").html(\"Error: \" + jqXHR.responseText);\n                scrollToDetails();\n\t});\n});\n\nvar xhr = jQuery.ajax({\n\turl: \"https:\/\/api.feurich.com\/index.php\/brands\",\n\t}).done(function( data, textStatus, jqXHR ) {\njQuery(\"#brands-list option[value='-1']\").remove();\n                var brands = JSON.parse(data);\n\n                for (var i = 0; i < brands.length; i++)\n\t\t     jQuery(\"#brands-list\")\n                        .append(jQuery(\"<option><\/option>\")\n                          .attr(\"value\",brands[i].id)\n                          .text(brands[i].brandname));\n\njQuery(\"#brands-list option\").each(function() {\n  if(jQuery(this).text() == \"FEURICH\") {\n    jQuery(this).attr(\"selected\", \"selected\");            \n  }                        \n});\n\n\t})\n\t.fail(function( jqXHR, textStatus, errorThrown ) {\njQuery(\"#brands-list option[value='-1']\").remove();\n jQuery(\"#brands-list\")\n                        .append(jQuery(\"<option><\/option>\")\n                          .attr(\"value\", \"\")\n                          .text(\"--- fehlgeschlagen ---\"));\n\t\tjQuery(\"#sn-details\").html(\"Error: \" + errorThrown);\n                scrollToDetails();\n\t});\n\n<\/script>[\/vc_column_text][vc_empty_space][\/vc_column][vc_column width=\u00bb1\/4&#8243;][\/vc_column][\/vc_row]<\/p>\n<\/div>","protected":false},"excerpt":{"rendered":"<p>[vc_row][vc_column width=\u00bb1\/4&#8243;][\/vc_column][vc_column width=\u00bb1\/2&#8243;][vc_empty_space][vc_column_text el_class=\u00bbbig-title\u00bb] N\u00famero de serie &#8211; B\u00fasqueda [\/vc_column_text][vc_column_text]\u00bfCu\u00e1ntos a\u00f1os tiene mi piano? Puede averiguar f\u00e1cilmente el a\u00f1o de fabricaci\u00f3n de su piano utilizando el n\u00famero de serie. Seleccione &#8230;<\/p>\n","protected":false},"author":4,"featured_media":0,"parent":12684,"menu_order":0,"comment_status":"closed","ping_status":"closed","template":"template-fullwidth.php","meta":{"inline_featured_image":false,"footnotes":""},"class_list":["post-12405","page","type-page","status-publish","hentry"],"acf":[],"yoast_head":"<!-- This site is optimized with the Yoast SEO plugin v24.4 - https:\/\/yoast.com\/wordpress\/plugins\/seo\/ -->\n<title>N\u00famero de serie - B\u00fasqueda - FEURICH<\/title>\n<meta name=\"robots\" content=\"index, follow, max-snippet:-1, max-image-preview:large, max-video-preview:-1\" \/>\n<link rel=\"canonical\" href=\"https:\/\/feurich.com\/es\/informacion-contacto\/numero-de-serie-busqueda\/\" \/>\n<meta property=\"og:locale\" content=\"es_ES\" \/>\n<meta property=\"og:type\" content=\"article\" \/>\n<meta property=\"og:title\" content=\"N\u00famero de serie - B\u00fasqueda - FEURICH\" \/>\n<meta property=\"og:description\" content=\"[vc_row][vc_column width=\u00bb1\/4&#8243;][\/vc_column][vc_column width=\u00bb1\/2&#8243;][vc_empty_space][vc_column_text el_class=\u00bbbig-title\u00bb] N\u00famero de serie &#8211; B\u00fasqueda [\/vc_column_text][vc_column_text]\u00bfCu\u00e1ntos a\u00f1os tiene mi piano? Puede averiguar f\u00e1cilmente el a\u00f1o de fabricaci\u00f3n de su piano utilizando el n\u00famero de serie. Seleccione ...\" \/>\n<meta property=\"og:url\" content=\"https:\/\/feurich.com\/es\/informacion-contacto\/numero-de-serie-busqueda\/\" \/>\n<meta property=\"og:site_name\" content=\"FEURICH\" \/>\n<meta property=\"article:publisher\" content=\"https:\/\/www.facebook.com\/feurichvienna\/\" \/>\n<meta property=\"article:modified_time\" content=\"2023-12-25T17:01:43+00:00\" \/>\n<meta name=\"twitter:card\" content=\"summary_large_image\" \/>\n<meta name=\"twitter:label1\" content=\"Tiempo de lectura\" \/>\n\t<meta name=\"twitter:data1\" content=\"1 minuto\" \/>\n<script type=\"application\/ld+json\" class=\"yoast-schema-graph\">{\"@context\":\"https:\/\/schema.org\",\"@graph\":[{\"@type\":\"WebPage\",\"@id\":\"https:\/\/feurich.com\/es\/informacion-contacto\/numero-de-serie-busqueda\/\",\"url\":\"https:\/\/feurich.com\/es\/informacion-contacto\/numero-de-serie-busqueda\/\",\"name\":\"N\u00famero de serie - B\u00fasqueda - FEURICH\",\"isPartOf\":{\"@id\":\"https:\/\/feurich.com\/en\/#website\"},\"datePublished\":\"2018-03-01T13:49:08+00:00\",\"dateModified\":\"2023-12-25T17:01:43+00:00\",\"breadcrumb\":{\"@id\":\"https:\/\/feurich.com\/es\/informacion-contacto\/numero-de-serie-busqueda\/#breadcrumb\"},\"inLanguage\":\"es\",\"potentialAction\":[{\"@type\":\"ReadAction\",\"target\":[\"https:\/\/feurich.com\/es\/informacion-contacto\/numero-de-serie-busqueda\/\"]}]},{\"@type\":\"BreadcrumbList\",\"@id\":\"https:\/\/feurich.com\/es\/informacion-contacto\/numero-de-serie-busqueda\/#breadcrumb\",\"itemListElement\":[{\"@type\":\"ListItem\",\"position\":1,\"name\":\"Home\",\"item\":\"https:\/\/feurich.com\/es\/\"},{\"@type\":\"ListItem\",\"position\":2,\"name\":\"Informaci\u00f3n &amp; Contacto\",\"item\":\"https:\/\/feurich.com\/es\/informacion-contacto\/\"},{\"@type\":\"ListItem\",\"position\":3,\"name\":\"N\u00famero de serie &#8211; B\u00fasqueda\"}]},{\"@type\":\"WebSite\",\"@id\":\"https:\/\/feurich.com\/en\/#website\",\"url\":\"https:\/\/feurich.com\/en\/\",\"name\":\"FEURICH\",\"description\":\"A sound that connects\",\"publisher\":{\"@id\":\"https:\/\/feurich.com\/en\/#organization\"},\"potentialAction\":[{\"@type\":\"SearchAction\",\"target\":{\"@type\":\"EntryPoint\",\"urlTemplate\":\"https:\/\/feurich.com\/en\/?s={search_term_string}\"},\"query-input\":{\"@type\":\"PropertyValueSpecification\",\"valueRequired\":true,\"valueName\":\"search_term_string\"}}],\"inLanguage\":\"es\"},{\"@type\":\"Organization\",\"@id\":\"https:\/\/feurich.com\/en\/#organization\",\"name\":\"FEURICH\",\"url\":\"https:\/\/feurich.com\/en\/\",\"logo\":{\"@type\":\"ImageObject\",\"inLanguage\":\"es\",\"@id\":\"https:\/\/feurich.com\/en\/#\/schema\/logo\/image\/\",\"url\":\"https:\/\/feurich.com\/wp-content\/uploads\/logo.png\",\"contentUrl\":\"https:\/\/feurich.com\/wp-content\/uploads\/logo.png\",\"width\":354,\"height\":151,\"caption\":\"FEURICH\"},\"image\":{\"@id\":\"https:\/\/feurich.com\/en\/#\/schema\/logo\/image\/\"},\"sameAs\":[\"https:\/\/www.facebook.com\/feurichvienna\/\"]}]}<\/script>\n<!-- \/ Yoast SEO plugin. -->","yoast_head_json":{"title":"N\u00famero de serie - B\u00fasqueda - FEURICH","robots":{"index":"index","follow":"follow","max-snippet":"max-snippet:-1","max-image-preview":"max-image-preview:large","max-video-preview":"max-video-preview:-1"},"canonical":"https:\/\/feurich.com\/es\/informacion-contacto\/numero-de-serie-busqueda\/","og_locale":"es_ES","og_type":"article","og_title":"N\u00famero de serie - B\u00fasqueda - FEURICH","og_description":"[vc_row][vc_column width=\u00bb1\/4&#8243;][\/vc_column][vc_column width=\u00bb1\/2&#8243;][vc_empty_space][vc_column_text el_class=\u00bbbig-title\u00bb] N\u00famero de serie &#8211; B\u00fasqueda [\/vc_column_text][vc_column_text]\u00bfCu\u00e1ntos a\u00f1os tiene mi piano? Puede averiguar f\u00e1cilmente el a\u00f1o de fabricaci\u00f3n de su piano utilizando el n\u00famero de serie. Seleccione ...","og_url":"https:\/\/feurich.com\/es\/informacion-contacto\/numero-de-serie-busqueda\/","og_site_name":"FEURICH","article_publisher":"https:\/\/www.facebook.com\/feurichvienna\/","article_modified_time":"2023-12-25T17:01:43+00:00","twitter_card":"summary_large_image","twitter_misc":{"Tiempo de lectura":"1 minuto"},"schema":{"@context":"https:\/\/schema.org","@graph":[{"@type":"WebPage","@id":"https:\/\/feurich.com\/es\/informacion-contacto\/numero-de-serie-busqueda\/","url":"https:\/\/feurich.com\/es\/informacion-contacto\/numero-de-serie-busqueda\/","name":"N\u00famero de serie - B\u00fasqueda - FEURICH","isPartOf":{"@id":"https:\/\/feurich.com\/en\/#website"},"datePublished":"2018-03-01T13:49:08+00:00","dateModified":"2023-12-25T17:01:43+00:00","breadcrumb":{"@id":"https:\/\/feurich.com\/es\/informacion-contacto\/numero-de-serie-busqueda\/#breadcrumb"},"inLanguage":"es","potentialAction":[{"@type":"ReadAction","target":["https:\/\/feurich.com\/es\/informacion-contacto\/numero-de-serie-busqueda\/"]}]},{"@type":"BreadcrumbList","@id":"https:\/\/feurich.com\/es\/informacion-contacto\/numero-de-serie-busqueda\/#breadcrumb","itemListElement":[{"@type":"ListItem","position":1,"name":"Home","item":"https:\/\/feurich.com\/es\/"},{"@type":"ListItem","position":2,"name":"Informaci\u00f3n &amp; Contacto","item":"https:\/\/feurich.com\/es\/informacion-contacto\/"},{"@type":"ListItem","position":3,"name":"N\u00famero de serie &#8211; B\u00fasqueda"}]},{"@type":"WebSite","@id":"https:\/\/feurich.com\/en\/#website","url":"https:\/\/feurich.com\/en\/","name":"FEURICH","description":"A sound that connects","publisher":{"@id":"https:\/\/feurich.com\/en\/#organization"},"potentialAction":[{"@type":"SearchAction","target":{"@type":"EntryPoint","urlTemplate":"https:\/\/feurich.com\/en\/?s={search_term_string}"},"query-input":{"@type":"PropertyValueSpecification","valueRequired":true,"valueName":"search_term_string"}}],"inLanguage":"es"},{"@type":"Organization","@id":"https:\/\/feurich.com\/en\/#organization","name":"FEURICH","url":"https:\/\/feurich.com\/en\/","logo":{"@type":"ImageObject","inLanguage":"es","@id":"https:\/\/feurich.com\/en\/#\/schema\/logo\/image\/","url":"https:\/\/feurich.com\/wp-content\/uploads\/logo.png","contentUrl":"https:\/\/feurich.com\/wp-content\/uploads\/logo.png","width":354,"height":151,"caption":"FEURICH"},"image":{"@id":"https:\/\/feurich.com\/en\/#\/schema\/logo\/image\/"},"sameAs":["https:\/\/www.facebook.com\/feurichvienna\/"]}]}},"_links":{"self":[{"href":"https:\/\/feurich.com\/es\/wp-json\/wp\/v2\/pages\/12405","targetHints":{"allow":["GET"]}}],"collection":[{"href":"https:\/\/feurich.com\/es\/wp-json\/wp\/v2\/pages"}],"about":[{"href":"https:\/\/feurich.com\/es\/wp-json\/wp\/v2\/types\/page"}],"author":[{"embeddable":true,"href":"https:\/\/feurich.com\/es\/wp-json\/wp\/v2\/users\/4"}],"replies":[{"embeddable":true,"href":"https:\/\/feurich.com\/es\/wp-json\/wp\/v2\/comments?post=12405"}],"version-history":[{"count":6,"href":"https:\/\/feurich.com\/es\/wp-json\/wp\/v2\/pages\/12405\/revisions"}],"predecessor-version":[{"id":73608,"href":"https:\/\/feurich.com\/es\/wp-json\/wp\/v2\/pages\/12405\/revisions\/73608"}],"up":[{"embeddable":true,"href":"https:\/\/feurich.com\/es\/wp-json\/wp\/v2\/pages\/12684"}],"wp:attachment":[{"href":"https:\/\/feurich.com\/es\/wp-json\/wp\/v2\/media?parent=12405"}],"curies":[{"name":"wp","href":"https:\/\/api.w.org\/{rel}","templated":true}]}}